{"id":10,"date":"2023-12-20T08:21:02","date_gmt":"2023-12-20T08:21:02","guid":{"rendered":"http:\/\/sw-themes.com\/porto_dummy\/?page_id=10"},"modified":"2025-12-01T20:23:52","modified_gmt":"2025-12-01T20:23:52","slug":"allgemeine-geschaftsbedingungen","status":"publish","type":"page","link":"https:\/\/litrax.ch\/de\/allgemeine-geschaftsbedingungen\/","title":{"rendered":"Allgemeine Gesch\u00e4ftsbedingungen (AGB)"},"content":{"rendered":"\n<p>Stand: 12\/2023<\/p>\n\n\n\n<p>Allgemeine Gesch\u00e4ftsbedingungen und Verbraucherinformationen im Rahmen von Kaufvertr\u00e4gen, die \u00fcber den Onlineshop zwischen resyx GmbH &#8211; im Folgenden \u201eVerk\u00e4ufer\u201c &#8211; und dem Kunden &#8211; im Folgenden \u201eKunde\u201c &#8211; geschlossen werden.<\/p>\n\n\n\n<h2 class=\"wp-block-heading\" id=\"h-1-geltungsbereich-und-allgemeine-hinweise\">\u00a7 1 Geltungsbereich und allgemeine Hinweise<\/h2>\n\n\n\n<p>(1) Vorbehaltlich individueller Absprachen und Vereinbarungen, die Vorrang vor diesen AGB haben, gelten f\u00fcr die Gesch\u00e4ftsbeziehung zwischen dem Verk\u00e4ufer und dem Kunden ausschliesslich die nachfolgenden Allgemeinen Gesch\u00e4ftsbedingungen. Soweit nichts anderes vereinbart wurde, wird der Einbeziehung von eigenen Bedingungen des Kunden widersprochen.<br><br>(2) Der Kunde ist Verbraucher. Dies gilt, soweit er den Vertrag zu Zwecken abschliesst, die \u00fcberwiegend weder seiner gewerblichen noch seiner selbst\u00e4ndigen beruflichen T\u00e4tigkeit zugerechnet werden k\u00f6nnen. Dagegen ist Unternehmer jede nat\u00fcrliche oder juristische Person oder eine rechtsf\u00e4hige Personengesellschaft, die bei Abschluss eines Rechtsgesch\u00e4fts in Aus\u00fcbung ihrer gewerblichen oder selbst\u00e4ndigen beruflichen T\u00e4tigkeit handelt.<\/p>\n\n\n\n<h2 class=\"wp-block-heading\" id=\"h-2-vertragsschluss\">\u00a7 2 Vertragsschluss<\/h2>\n\n\n\n<p>(1) Der Vertrag kommt zustande mit:<\/p>\n\n\n\n<p>Resyx GmbH<\/p>\n\n\n\n<p>(2) Die wesentlichen Merkmale der Ware ergeben sich aus der jeweiligen vom Verk\u00e4ufer eingestellten Produktbeschreibung.<\/p>\n\n\n\n<p>(3) S\u00e4mtliche Angebote in dem Onlineshop des Verk\u00e4ufers stellen lediglich eine unverbindliche Einladung an den Kunden dar, dem Verk\u00e4ufer ein entsprechendes Kaufangebot zu unterbreiten. Sobald der Verk\u00e4ufer die Bestellung des Kunden erhalten hat, wird dem Kunde zun\u00e4chst eine Best\u00e4tigung \u00fcber den Eingang seiner Bestellung beim Verk\u00e4ufer zugesandt. Dies erfolgt in der Regel per E-Mail (Bestellbest\u00e4tigung). Die Bestellbest\u00e4tigung stellt noch nicht die Annahme der Bestellung dar. Nach Eingang der Bestellung des Kunden wird der Verk\u00e4ufer diese kurzfristig pr\u00fcfen. Der Verk\u00e4ufer wird dem Kunden dann innerhalb von 2 Werktagen mitteilen, ob er die Bestellung annimmt (Auftragsbest\u00e4tigung). <br><\/p>\n\n\n\n<p>(4) Der Kunde kann aus dem Sortiment des Verk\u00e4ufers Produkte ausw\u00e4hlen und diese \u00fcber den Button \u201eIn den Korb\u201c in einem so genannten Warenkorb sammeln. Durch Klick auf den Button \u201eWarenkorb\u201c erh\u00e4lt der Kunde einen \u00dcberblick \u00fcber die ausgew\u00e4hlten Produkte. \u00dcber den Button \u201eJetzt kaufen\u201c gibt er einen verbindlichen Antrag zum Kauf der im Warenkorb befindlichen Waren ab. Vor Absenden der Bestellung kann der Kunde die Daten jederzeit durch die als Pfeiltasten dargestellten Browserfunktionen \u201eZur\u00fcck\u201c und \u201eWeiter\u201c die eingegebene Bestellung sowie die eingetragenen Daten \u00e4ndern und einsehen. Der Antrag kann nur abgegeben und \u00fcbermittelt werden, wenn der Kunde durch Klicken auf den Button \u201eAGB akzeptieren\u201c diese Vertragsbedingungen akzeptiert und dadurch in seinen Antrag aufgenommen hat. Der Verk\u00e4ufer schickt daraufhin dem Kunden eine automatische Empfangsbest\u00e4tigung per E-Mail zu, in welcher die Bestellung des Kunden nochmals aufgef\u00fchrt wird und die der Kunde \u00fcber die Funktion \u201eDrucken\u201c ausdrucken kann. Die automatische Empfangsbest\u00e4tigung dokumentiert lediglich, dass die Bestellung des Kunden beim Verk\u00e4ufer eingegangen ist. Sie stellt keine Annahme des Antrags dar. Der Vertrag kommt erst durch die Abgabe der Annahmeerkl\u00e4rung durch den Verk\u00e4ufer zustande. Diese wird mit einer gesonderten E-Mail versandt.<\/p>\n\n\n\n<h2 class=\"wp-block-heading\" id=\"h-3-vertragsgegenstand-beschaffenheit-lieferung-warenverfugbarkeit\">\u00a7 3 Vertragsgegenstand, Beschaffenheit, Lieferung, Warenverf\u00fcgbarkeit<\/h2>\n\n\n\n<p>(1) Vertragsgegenstand sind die im Rahmen der Bestellung vom Kunden spezifizierten und der Bestell-<br>und\/oder Auftragsbest\u00e4tigung genannten Waren und Dienstleistungen zu den im Onlineshop genannten<br>Endpreisen. Fehler und Irrt\u00fcmer dort sind vorbehalten, insbesondere was die Warenverf\u00fcgbarkeit<br>betrifft.<\/p>\n\n\n\n<p>(2) Die Beschaffenheit der bestellten Waren ergibt sich aus den Produktbeschreibungen im Onlineshop.<br>Abbildungen auf der Internetseite geben die Produkte unter Umst\u00e4nden nur ungenau wieder; insbesondere Farben k\u00f6nnen aus technischen Gr\u00fcnden erheblich abweichen. Bilder dienen lediglich als Anschauungsmaterial und k\u00f6nnen vom Produkt abweichen. Technische Daten, Gewichts-, Mass und Leistungsbeschreibung sind so pr\u00e4zise wie m\u00f6glich angegeben, k\u00f6nnen aber die \u00fcblichen Abweichungen aufweisen. Die hier beschriebenen Eigenschaften stellen keine M\u00e4ngel der vom Verk\u00e4ufer gelieferten Produkte dar.<\/p>\n\n\n\n<p>(3) Sind zum Zeitpunkt der Bestellung des Kunden keine Exemplare des von ihm ausgew\u00e4hlten Produkts verf\u00fcgbar, so teilt der Verk\u00e4ufer dem Kunden dies in der Auftragsbest\u00e4tigung mit. Ist das Produkt dauerhaft nicht lieferbar, sieht der Verk\u00e4ufer von einer Annahmeerkl\u00e4rung ab. Ein Vertrag kommt in diesem Fall nicht zustande.<\/p>\n\n\n\n<p>(4) Ist das vom Kunden in der Bestellung bezeichnete Produkt nur vor\u00fcbergehend nicht verf\u00fcgbar, teilt der Verk\u00e4ufer dem Kunden dies ebenfalls unverz\u00fcglich in der Auftragsbest\u00e4tigung mit. Bei einer Lieferungsverz\u00f6gerung von mehr als zwei Wochen hat der Kunde das Recht, vom Vertrag zur\u00fcckzutreten. Im \u00dcbrigen ist in diesem Fall auch der Verk\u00e4ufer berechtigt, sich vom Vertrag zu l\u00f6sen.<br>Hierbei wird er eventuell bereits geleistete Zahlungen des Kunden unverz\u00fcglich erstatten.<\/p>\n\n\n\n<h2 class=\"wp-block-heading\" id=\"h-4-lieferung-preise-versandkosten\">\u00a7 4 Lieferung, Preise, Versandkosten<\/h2>\n\n\n\n<p>(1) Die Auslieferung an das Versandunternehmen erfolgt sp\u00e4testens zwei Tage nach Geldeingang. Bei Zahlung per Nachnahme erfolgt dies sp\u00e4testens zwei Tage nach der Auftragsbest\u00e4tigung. Die Lieferzeit betr\u00e4gt bis<br>zu f\u00fcnf Tage. Auf eventuell abweichende Lieferzeiten weist der Verk\u00e4ufer auf der jeweiligen Produktseite hin.<\/p>\n\n\n\n<p>(2) Die Lieferung erfolgt nur innerhalb der Schweiz.<\/p>\n\n\n\n<p>(3) Alle Artikelpreise enthalten die gesetzliche Mehrwertsteuer. Die angegebenen Preise sind Endverkaufspreise zuz\u00fcglich Versandkosten. Der Kunde erh\u00e4lt eine Rechnung mit ausgewiesener<br>Mehrwertsteuer.<\/p>\n\n\n\n<h2 class=\"wp-block-heading\" id=\"h-5-zahlung\">\u00a7 5 Zahlung<\/h2>\n\n\n\n<p>Die Zahlung erfolgt per Vorkasse (Kreditkarten, Twint, Bank\u00fcberweisung) oder per Rechnung (Powerpay).<\/p>\n\n\n\n<h2 class=\"wp-block-heading\" id=\"h-6-transportschaden\">\u00a7 6 Transportsch\u00e4den<\/h2>\n\n\n\n<p>(1) Werden Waren mit offensichtlichen Transportsch\u00e4den angeliefert, wird der Kunden gebeten, diese Fehler sofort bei dem Zusteller zu reklamieren und schnellstm\u00f6glich Kontakt zu dem Verk\u00e4ufer aufzunehmen.<\/p>\n\n\n\n<p>(2) Die Vers\u00e4umung einer Reklamation oder der Kontaktaufnahme hat f\u00fcr die gesetzlichen Gew\u00e4hrleistungsrechte des Kunden keinerlei Konsequenzen. Es hilft dem Verk\u00e4ufer, eigene Anspr\u00fcche gegen\u00fcber dem Frachtf\u00fchrer bzw. der Transportversicherung geltend machen zu k\u00f6nnen.<\/p>\n\n\n\n<h2 class=\"wp-block-heading\" id=\"h-7-sachmangelgewahrleistung\">\u00a7 7 Sachm\u00e4ngelgew\u00e4hrleistung<\/h2>\n\n\n\n<p>(1) Der Anbieter haftet f\u00fcr Sachm\u00e4ngel nach den hierf\u00fcr geltenden gesetzlichen Vorschriften, insbesondere \u00a7\u00a7 434 ff BGB.<\/p>\n\n\n\n<p>(2) Eine Garantie besteht bei den vom Anbieter gelieferten Waren nur, wenn diese ausdr\u00fccklich in der Auftragsbest\u00e4tigung zu dem jeweiligen Artikel abgegeben wurde.<\/p>\n\n\n\n<p>(3) Beanstandungen und M\u00e4ngelhaftungsanspr\u00fcche k\u00f6nnen Sie unter der in der Anbieterkennzeichnung angegebenen Adresse vorbringen.<\/p>\n\n\n\n<h2 class=\"wp-block-heading\" id=\"h-8-eigentumsvorbehalt\">\u00a7 8 Eigentumsvorbehalt<\/h2>\n\n\n\n<p>Bis zur vollst\u00e4ndigen Bezahlung verbleiben die gelieferten Waren im Eigentum des Verk\u00e4ufers.<\/p>\n\n\n\n<h2 class=\"wp-block-heading\" id=\"h-10-ruckgaberecht\">\u00a7 10 R\u00fcckgaberecht<\/h2>\n\n\n\n<p>Die R\u00fcckgabe von vertragsgem\u00e4ss gelieferten Waren ist ausgeschlossen, es sei denn, dass schriftlich etwas anderes vereinbart worden ist.<\/p>\n\n\n\n<h2 class=\"wp-block-heading\" id=\"h-10-haftung\">\u00a7 10 Haftung<\/h2>\n\n\n\n<p>Es gelten die gesetzlichen Vorschriften.<\/p>\n\n\n\n<h2 class=\"wp-block-heading\" id=\"h-11-vertragstext\">\u00a7 11 Vertragstext<\/h2>\n\n\n\n<p>Der Vertragstext wird auf den internen Systemen des Verk\u00e4ufers gespeichert. Die Allgemeinen Gesch\u00e4ftsbedingungen kann der Kunde jederzeit in seinem Kundenkonto einsehen. Die Bestelldaten und die AGB werden dem Kunden per E-Mail zugesendet. Nach Abschluss der Bestellung sind die Bestelldaten aus Sicherheitsgr\u00fcnden nicht mehr \u00fcber das Internet zug\u00e4nglich.<\/p>\n\n\n\n<h2 class=\"wp-block-heading\" id=\"h-11-schlussbestimmungen\">\u00a7 11 Schlussbestimmungen<\/h2>\n\n\n\n<p>(1) Die Vertragssprache ist deutsch.<\/p>\n\n\n\n<p>(2) Auf Vertr\u00e4ge zwischen dem Verk\u00e4ufer und den Kunden findet das Recht der Schweiz unter Ausschluss der Gesetze \u00fcber den internationalen Kauf beweglicher Waren Anwendung. Diese Rechtswahl gilt bei Verbrauchern nur, soweit der durch zwingende Bestimmungen des Rechts des Staates des gew\u00f6hnlichen Aufenthaltes des Verbrauchers gew\u00e4hrte Schutz dem Kunden nicht entzogen wird.<\/p>\n\n\n\n<p>(3) Sofern es sich beim Kunden um einen Kaufmann, eine juristische Person des \u00f6ffentlichen Rechts oder um ein \u00f6ffentlich-rechtliches Sonderverm\u00f6gen handelt, ist Gerichtsstand f\u00fcr alle Streitigkeiten aus Vertragsverh\u00e4ltnissen zwischen dem Kunden und dem Verk\u00e4ufer der Sitz des Verk\u00e4ufers. Dies gilt auch, sofern der Kunde keinen allgemeinen Gerichtsstand in der Schweiz hat. Oder wenn sein Wohnsitz oder sein gew\u00f6hnlicher Aufenthalt im Zeitpunkt der Klageerhebung nicht bekannt ist.<\/p>\n\n\n\n<p>Quelle: <a href=\"http:\/\/www.rechtsanwalt-metzler.de\">Rechtsanwalt Metzler &#8211; Rechtsanwalt f\u00fcr Wettbewerbsrecht, Markenrecht und Urheberrecht<\/a><\/p>\n","protected":false},"excerpt":{"rendered":"<p>Stand: 12\/2023 Allgemeine Gesch\u00e4ftsbedingungen und Verbraucherinformationen im Rahmen von Kaufvertr\u00e4gen, die \u00fcber den Onlineshop zwischen resyx GmbH &#8211; im Folgenden \u201eVerk\u00e4ufer\u201c &#8211; und dem Kunden &#8211; im Folgenden \u201eKunde\u201c &#8211; geschlossen werden. \u00a7 1 Geltungsbereich und allgemeine Hinweise (1) Vorbehaltlich individueller Absprachen und Vereinbarungen, die Vorrang vor diesen AGB haben, gelten f\u00fcr die Gesch\u00e4ftsbeziehung zwischen [&hellip;]<\/p>\n","protected":false},"author":1,"featured_media":0,"parent":0,"menu_order":0,"comment_status":"closed","ping_status":"closed","template":"","meta":{"footnotes":""},"class_list":["post-10","page","type-page","status-publish","hentry"],"yoast_head":"<!-- This site is optimized with the Yoast SEO Premium plugin v26.7 (Yoast SEO v27.4) - https:\/\/yoast.com\/product\/yoast-seo-premium-wordpress\/ -->\n<title>Allgemeine Gesch\u00e4ftsbedingungen Resyx GmbH erkl\u00e4rt<\/title>\n<meta name=\"description\" content=\"Die Allgemeinen Gesch\u00e4ftsbedingungen Resyx GmbH gelten f\u00fcr alle Kundenk\u00e4ufe im Onlineshop. Informationen hier.\" \/>\n<meta name=\"robots\" content=\"index, follow, max-snippet:-1, max-image-preview:large, max-video-preview:-1\" \/>\n<link rel=\"canonical\" href=\"https:\/\/litrax.ch\/de\/allgemeine-geschaftsbedingungen\/\" \/>\n<meta property=\"og:locale\" content=\"de_DE\" \/>\n<meta property=\"og:type\" content=\"article\" \/>\n<meta property=\"og:title\" content=\"Allgemeine Gesch\u00e4ftsbedingungen (AGB)\" \/>\n<meta property=\"og:description\" content=\"Die Allgemeinen Gesch\u00e4ftsbedingungen Resyx GmbH gelten f\u00fcr alle Kundenk\u00e4ufe im Onlineshop. Informationen hier.\" \/>\n<meta property=\"og:url\" content=\"https:\/\/litrax.ch\/de\/allgemeine-geschaftsbedingungen\/\" \/>\n<meta property=\"og:site_name\" content=\"Litrax - Hydroponische Systeme\" \/>\n<meta property=\"article:publisher\" content=\"https:\/\/www.facebook.com\/Litrax.ch\" \/>\n<meta property=\"article:modified_time\" content=\"2025-12-01T20:23:52+00:00\" \/>\n<meta property=\"og:image\" content=\"https:\/\/litrax.ch\/wp-content\/uploads\/2023\/12\/LX223.small_.png\" \/>\n\t<meta property=\"og:image:width\" content=\"537\" \/>\n\t<meta property=\"og:image:height\" content=\"480\" \/>\n\t<meta property=\"og:image:type\" content=\"image\/png\" \/>\n<meta name=\"twitter:card\" content=\"summary_large_image\" \/>\n<meta name=\"twitter:label1\" content=\"Gesch\u00e4tzte Lesezeit\" \/>\n\t<meta name=\"twitter:data1\" content=\"7\u00a0Minuten\" \/>\n<script type=\"application\/ld+json\" class=\"yoast-schema-graph\">{\"@context\":\"https:\\\/\\\/schema.org\",\"@graph\":[{\"@type\":\"WebPage\",\"@id\":\"https:\\\/\\\/litrax.ch\\\/de\\\/allgemeine-geschaftsbedingungen\\\/\",\"url\":\"https:\\\/\\\/litrax.ch\\\/de\\\/allgemeine-geschaftsbedingungen\\\/\",\"name\":\"Allgemeine Gesch\u00e4ftsbedingungen Resyx GmbH erkl\u00e4rt\",\"isPartOf\":{\"@id\":\"https:\\\/\\\/litrax.ch\\\/de\\\/#website\"},\"datePublished\":\"2023-12-20T08:21:02+00:00\",\"dateModified\":\"2025-12-01T20:23:52+00:00\",\"description\":\"Die Allgemeinen Gesch\u00e4ftsbedingungen Resyx GmbH gelten f\u00fcr alle Kundenk\u00e4ufe im Onlineshop. Informationen hier.\",\"breadcrumb\":{\"@id\":\"https:\\\/\\\/litrax.ch\\\/de\\\/allgemeine-geschaftsbedingungen\\\/#breadcrumb\"},\"inLanguage\":\"de\",\"potentialAction\":[{\"@type\":\"ReadAction\",\"target\":[\"https:\\\/\\\/litrax.ch\\\/de\\\/allgemeine-geschaftsbedingungen\\\/\"]}]},{\"@type\":\"BreadcrumbList\",\"@id\":\"https:\\\/\\\/litrax.ch\\\/de\\\/allgemeine-geschaftsbedingungen\\\/#breadcrumb\",\"itemListElement\":[{\"@type\":\"ListItem\",\"position\":1,\"name\":\"Startseite\",\"item\":\"https:\\\/\\\/litrax.ch\\\/de\\\/\"},{\"@type\":\"ListItem\",\"position\":2,\"name\":\"Allgemeine Gesch\u00e4ftsbedingungen (AGB)\"}]},{\"@type\":\"WebSite\",\"@id\":\"https:\\\/\\\/litrax.ch\\\/de\\\/#website\",\"url\":\"https:\\\/\\\/litrax.ch\\\/de\\\/\",\"name\":\"Litrax - Hydroponische Systeme\",\"description\":\"Erlebe Hydroponik - der erdlose Gartengenuss.\",\"publisher\":{\"@id\":\"https:\\\/\\\/litrax.ch\\\/de\\\/#organization\"},\"alternateName\":\"Litrax\",\"potentialAction\":[{\"@type\":\"SearchAction\",\"target\":{\"@type\":\"EntryPoint\",\"urlTemplate\":\"https:\\\/\\\/litrax.ch\\\/de\\\/?s={search_term_string}\"},\"query-input\":{\"@type\":\"PropertyValueSpecification\",\"valueRequired\":true,\"valueName\":\"search_term_string\"}}],\"inLanguage\":\"de\"},{\"@type\":\"Organization\",\"@id\":\"https:\\\/\\\/litrax.ch\\\/de\\\/#organization\",\"name\":\"Litrax - Hydroponische Systeme\",\"alternateName\":\"Litrax\",\"url\":\"https:\\\/\\\/litrax.ch\\\/de\\\/\",\"logo\":{\"@type\":\"ImageObject\",\"inLanguage\":\"de\",\"@id\":\"https:\\\/\\\/litrax.ch\\\/de\\\/#\\\/schema\\\/logo\\\/image\\\/\",\"url\":\"https:\\\/\\\/litrax.ch\\\/wp-content\\\/uploads\\\/2024\\\/03\\\/facivon.png\",\"contentUrl\":\"https:\\\/\\\/litrax.ch\\\/wp-content\\\/uploads\\\/2024\\\/03\\\/facivon.png\",\"width\":150,\"height\":150,\"caption\":\"Litrax - Hydroponische Systeme\"},\"image\":{\"@id\":\"https:\\\/\\\/litrax.ch\\\/de\\\/#\\\/schema\\\/logo\\\/image\\\/\"},\"sameAs\":[\"https:\\\/\\\/www.facebook.com\\\/Litrax.ch\",\"https:\\\/\\\/www.instagram.com\\\/litrax.ch\\\/\",\"https:\\\/\\\/www.tiktok.com\\\/@litrax.ch\"],\"description\":\"Willkommen bei Litrax \u2013 Ihrem f\u00fchrenden Online-Shop f\u00fcr hochwertige hydroponische Gartensysteme! Wir bieten eine breite Palette an L\u00f6sungen f\u00fcr Privatpersonen, Restaurants und industrielle Gro\u00dfsysteme, um Ihnen zu helfen, Ihre eigene gr\u00fcne Oase zu schaffen, unabh\u00e4ngig von Ihrem Bedarf oder Ihrer Gr\u00f6\u00dfe. F\u00fcr Haushalte\\\/B\u00fcros: Entdecken Sie die Freude am G\u00e4rtnern in Ihrem eigenen Zuhause mit unseren einfach zu bedienenden hydroponischen Gartensystemen. Egal, ob Sie auf einem Balkon, einer Terrasse oder in Ihrem Wohnzimmer g\u00e4rtnern m\u00f6chten \u2013 wir haben das passende System f\u00fcr Sie. Genie\u00dfen Sie frisches Gem\u00fcse, aromatische Kr\u00e4uter und farbenfrohe Blumen das ganze Jahr \u00fcber, direkt aus Ihrem hydroponischen Garten. F\u00fcr Restaurants: Steigern Sie die Qualit\u00e4t Ihrer Gerichte und beeindrucken Sie Ihre G\u00e4ste mit frischen, geschmacksintensiven Zutaten aus unserem Sortiment an hydroponischen Gartensystemen f\u00fcr den gastronomischen Bereich. Unsere Systeme sind platzsparend, effizient und einfach zu bedienen, so dass Sie Ihre eigenen Zutaten direkt in Ihrer K\u00fcche anbauen k\u00f6nnen. Erleben Sie die Freude an nachhaltigem G\u00e4rtnern und lassen Sie Ihre kulinarischen Kreationen erstrahlen. Industrielle Gro\u00dfsysteme: Optimieren Sie Ihre landwirtschaftliche Produktion mit unseren ma\u00dfgeschneiderten hydroponischen Gro\u00dfsystemen. Von vertikalen Farmen bis hin zu automatisierten Anlagen bieten wir skalierbare L\u00f6sungen f\u00fcr maximale Effizienz und Produktivit\u00e4t. Nutzen Sie die Vorteile der hydroponischen Landwirtschaft, um Ihre Ernteertr\u00e4ge zu steigern, Platz zu sparen und Ressourcen zu optimieren. Erfahren Sie, wie unsere Systeme die Zukunft der industriellen Landwirtschaft gestalten k\u00f6nnen. Bei Litrax legen wir Wert auf Qualit\u00e4t und Kundenzufriedenheit. Unsere Produkte sind sorgf\u00e4ltig ausgew\u00e4hlt, um Ihnen die besten Ergebnisse zu garantieren, und wir bieten sie zu g\u00fcnstigen Preisen an. Dank unseres eigenen Lagers in der Schweiz k\u00f6nnen wir Ihnen eine schnelle Lieferung am n\u00e4chsten Tag garantieren.\",\"legalName\":\"Resyx GmbH\",\"foundingDate\":\"2022-12-22\",\"numberOfEmployees\":{\"@type\":\"QuantitativeValue\",\"minValue\":\"1\",\"maxValue\":\"10\"}}]}<\/script>\n<!-- \/ Yoast SEO Premium plugin. -->","yoast_head_json":{"title":"Allgemeine Gesch\u00e4ftsbedingungen Resyx GmbH erkl\u00e4rt","description":"Die Allgemeinen Gesch\u00e4ftsbedingungen Resyx GmbH gelten f\u00fcr alle Kundenk\u00e4ufe im Onlineshop. Informationen hier.","robots":{"index":"index","follow":"follow","max-snippet":"max-snippet:-1","max-image-preview":"max-image-preview:large","max-video-preview":"max-video-preview:-1"},"canonical":"https:\/\/litrax.ch\/de\/allgemeine-geschaftsbedingungen\/","og_locale":"de_DE","og_type":"article","og_title":"Allgemeine Gesch\u00e4ftsbedingungen (AGB)","og_description":"Die Allgemeinen Gesch\u00e4ftsbedingungen Resyx GmbH gelten f\u00fcr alle Kundenk\u00e4ufe im Onlineshop. Informationen hier.","og_url":"https:\/\/litrax.ch\/de\/allgemeine-geschaftsbedingungen\/","og_site_name":"Litrax - Hydroponische Systeme","article_publisher":"https:\/\/www.facebook.com\/Litrax.ch","article_modified_time":"2025-12-01T20:23:52+00:00","og_image":[{"width":537,"height":480,"url":"https:\/\/litrax.ch\/wp-content\/uploads\/2023\/12\/LX223.small_.png","type":"image\/png"}],"twitter_card":"summary_large_image","twitter_misc":{"Gesch\u00e4tzte Lesezeit":"7\u00a0Minuten"},"schema":{"@context":"https:\/\/schema.org","@graph":[{"@type":"WebPage","@id":"https:\/\/litrax.ch\/de\/allgemeine-geschaftsbedingungen\/","url":"https:\/\/litrax.ch\/de\/allgemeine-geschaftsbedingungen\/","name":"Allgemeine Gesch\u00e4ftsbedingungen Resyx GmbH erkl\u00e4rt","isPartOf":{"@id":"https:\/\/litrax.ch\/de\/#website"},"datePublished":"2023-12-20T08:21:02+00:00","dateModified":"2025-12-01T20:23:52+00:00","description":"Die Allgemeinen Gesch\u00e4ftsbedingungen Resyx GmbH gelten f\u00fcr alle Kundenk\u00e4ufe im Onlineshop. Informationen hier.","breadcrumb":{"@id":"https:\/\/litrax.ch\/de\/allgemeine-geschaftsbedingungen\/#breadcrumb"},"inLanguage":"de","potentialAction":[{"@type":"ReadAction","target":["https:\/\/litrax.ch\/de\/allgemeine-geschaftsbedingungen\/"]}]},{"@type":"BreadcrumbList","@id":"https:\/\/litrax.ch\/de\/allgemeine-geschaftsbedingungen\/#breadcrumb","itemListElement":[{"@type":"ListItem","position":1,"name":"Startseite","item":"https:\/\/litrax.ch\/de\/"},{"@type":"ListItem","position":2,"name":"Allgemeine Gesch\u00e4ftsbedingungen (AGB)"}]},{"@type":"WebSite","@id":"https:\/\/litrax.ch\/de\/#website","url":"https:\/\/litrax.ch\/de\/","name":"Litrax - Hydroponische Systeme","description":"Erlebe Hydroponik - der erdlose Gartengenuss.","publisher":{"@id":"https:\/\/litrax.ch\/de\/#organization"},"alternateName":"Litrax","potentialAction":[{"@type":"SearchAction","target":{"@type":"EntryPoint","urlTemplate":"https:\/\/litrax.ch\/de\/?s={search_term_string}"},"query-input":{"@type":"PropertyValueSpecification","valueRequired":true,"valueName":"search_term_string"}}],"inLanguage":"de"},{"@type":"Organization","@id":"https:\/\/litrax.ch\/de\/#organization","name":"Litrax - Hydroponische Systeme","alternateName":"Litrax","url":"https:\/\/litrax.ch\/de\/","logo":{"@type":"ImageObject","inLanguage":"de","@id":"https:\/\/litrax.ch\/de\/#\/schema\/logo\/image\/","url":"https:\/\/litrax.ch\/wp-content\/uploads\/2024\/03\/facivon.png","contentUrl":"https:\/\/litrax.ch\/wp-content\/uploads\/2024\/03\/facivon.png","width":150,"height":150,"caption":"Litrax - Hydroponische Systeme"},"image":{"@id":"https:\/\/litrax.ch\/de\/#\/schema\/logo\/image\/"},"sameAs":["https:\/\/www.facebook.com\/Litrax.ch","https:\/\/www.instagram.com\/litrax.ch\/","https:\/\/www.tiktok.com\/@litrax.ch"],"description":"Willkommen bei Litrax \u2013 Ihrem f\u00fchrenden Online-Shop f\u00fcr hochwertige hydroponische Gartensysteme! Wir bieten eine breite Palette an L\u00f6sungen f\u00fcr Privatpersonen, Restaurants und industrielle Gro\u00dfsysteme, um Ihnen zu helfen, Ihre eigene gr\u00fcne Oase zu schaffen, unabh\u00e4ngig von Ihrem Bedarf oder Ihrer Gr\u00f6\u00dfe. F\u00fcr Haushalte\/B\u00fcros: Entdecken Sie die Freude am G\u00e4rtnern in Ihrem eigenen Zuhause mit unseren einfach zu bedienenden hydroponischen Gartensystemen. Egal, ob Sie auf einem Balkon, einer Terrasse oder in Ihrem Wohnzimmer g\u00e4rtnern m\u00f6chten \u2013 wir haben das passende System f\u00fcr Sie. Genie\u00dfen Sie frisches Gem\u00fcse, aromatische Kr\u00e4uter und farbenfrohe Blumen das ganze Jahr \u00fcber, direkt aus Ihrem hydroponischen Garten. F\u00fcr Restaurants: Steigern Sie die Qualit\u00e4t Ihrer Gerichte und beeindrucken Sie Ihre G\u00e4ste mit frischen, geschmacksintensiven Zutaten aus unserem Sortiment an hydroponischen Gartensystemen f\u00fcr den gastronomischen Bereich. Unsere Systeme sind platzsparend, effizient und einfach zu bedienen, so dass Sie Ihre eigenen Zutaten direkt in Ihrer K\u00fcche anbauen k\u00f6nnen. Erleben Sie die Freude an nachhaltigem G\u00e4rtnern und lassen Sie Ihre kulinarischen Kreationen erstrahlen. Industrielle Gro\u00dfsysteme: Optimieren Sie Ihre landwirtschaftliche Produktion mit unseren ma\u00dfgeschneiderten hydroponischen Gro\u00dfsystemen. Von vertikalen Farmen bis hin zu automatisierten Anlagen bieten wir skalierbare L\u00f6sungen f\u00fcr maximale Effizienz und Produktivit\u00e4t. Nutzen Sie die Vorteile der hydroponischen Landwirtschaft, um Ihre Ernteertr\u00e4ge zu steigern, Platz zu sparen und Ressourcen zu optimieren. Erfahren Sie, wie unsere Systeme die Zukunft der industriellen Landwirtschaft gestalten k\u00f6nnen. Bei Litrax legen wir Wert auf Qualit\u00e4t und Kundenzufriedenheit. Unsere Produkte sind sorgf\u00e4ltig ausgew\u00e4hlt, um Ihnen die besten Ergebnisse zu garantieren, und wir bieten sie zu g\u00fcnstigen Preisen an. Dank unseres eigenen Lagers in der Schweiz k\u00f6nnen wir Ihnen eine schnelle Lieferung am n\u00e4chsten Tag garantieren.","legalName":"Resyx GmbH","foundingDate":"2022-12-22","numberOfEmployees":{"@type":"QuantitativeValue","minValue":"1","maxValue":"10"}}]}},"_links":{"self":[{"href":"https:\/\/litrax.ch\/de\/wp-json\/wp\/v2\/pages\/10","targetHints":{"allow":["GET"]}}],"collection":[{"href":"https:\/\/litrax.ch\/de\/wp-json\/wp\/v2\/pages"}],"about":[{"href":"https:\/\/litrax.ch\/de\/wp-json\/wp\/v2\/types\/page"}],"author":[{"embeddable":true,"href":"https:\/\/litrax.ch\/de\/wp-json\/wp\/v2\/users\/1"}],"replies":[{"embeddable":true,"href":"https:\/\/litrax.ch\/de\/wp-json\/wp\/v2\/comments?post=10"}],"version-history":[{"count":0,"href":"https:\/\/litrax.ch\/de\/wp-json\/wp\/v2\/pages\/10\/revisions"}],"wp:attachment":[{"href":"https:\/\/litrax.ch\/de\/wp-json\/wp\/v2\/media?parent=10"}],"curies":[{"name":"wp","href":"https:\/\/api.w.org\/{rel}","templated":true}]}}