{"id":2241,"date":"2023-06-28T16:45:45","date_gmt":"2023-06-28T16:45:45","guid":{"rendered":"https:\/\/shopkeeper-demo.getbowtied.com\/garden-store-template-kit\/?page_id=2241"},"modified":"2025-12-01T20:41:46","modified_gmt":"2025-12-01T20:41:46","slug":"blog","status":"publish","type":"page","link":"https:\/\/litrax.ch\/de\/blog\/","title":{"rendered":"Stories"},"content":{"rendered":"\t\t<div data-elementor-type=\"wp-page\" data-elementor-id=\"2241\" class=\"elementor elementor-2241\" data-elementor-post-type=\"page\">\n\t\t\t\t<div class=\"elementor-element elementor-element-60532da e-flex e-con-boxed e-con e-parent\" data-id=\"60532da\" data-element_type=\"container\" data-e-type=\"container\">\n\t\t\t\t\t<div class=\"e-con-inner\">\n\t\t\t\t<div class=\"elementor-element elementor-element-624d0dc elementor-grid-3 elementor-grid-tablet-2 elementor-grid-mobile-1 elementor-posts--thumbnail-top elementor-card-shadow-yes elementor-posts__hover-gradient elementor-widget elementor-widget-posts\" data-id=\"624d0dc\" data-element_type=\"widget\" data-e-type=\"widget\" data-settings=\"{&quot;cards_columns&quot;:&quot;3&quot;,&quot;cards_columns_tablet&quot;:&quot;2&quot;,&quot;cards_columns_mobile&quot;:&quot;1&quot;,&quot;cards_row_gap&quot;:{&quot;unit&quot;:&quot;px&quot;,&quot;size&quot;:35,&quot;sizes&quot;:[]},&quot;cards_row_gap_tablet&quot;:{&quot;unit&quot;:&quot;px&quot;,&quot;size&quot;:&quot;&quot;,&quot;sizes&quot;:[]},&quot;cards_row_gap_mobile&quot;:{&quot;unit&quot;:&quot;px&quot;,&quot;size&quot;:&quot;&quot;,&quot;sizes&quot;:[]}}\" data-widget_type=\"posts.cards\">\n\t\t\t\t<div class=\"elementor-widget-container\">\n\t\t\t\t\t\t\t<div class=\"elementor-posts-container elementor-posts elementor-posts--skin-cards elementor-grid\" role=\"list\">\n\t\t\t\t<article class=\"elementor-post elementor-grid-item post-19846 post type-post status-publish format-standard has-post-thumbnail hentry category-stories\" role=\"listitem\">\n\t\t\t<div class=\"elementor-post__card\">\n\t\t\t\t<a class=\"elementor-post__thumbnail__link\" href=\"https:\/\/litrax.ch\/de\/indoor-smart-garden\/\" tabindex=\"-1\" ><div class=\"elementor-post__thumbnail\"><img fetchpriority=\"high\" decoding=\"async\" width=\"500\" height=\"281\" src=\"https:\/\/litrax.ch\/wp-content\/uploads\/2024\/02\/Litrax-LX001-2-500x281.jpg\" class=\"attachment-medium size-medium wp-image-18220\" alt=\"\" srcset=\"https:\/\/litrax.ch\/wp-content\/uploads\/2024\/02\/Litrax-LX001-2-500x281.jpg 500w, https:\/\/litrax.ch\/wp-content\/uploads\/2024\/02\/Litrax-LX001-2-920x518.jpg 920w, https:\/\/litrax.ch\/wp-content\/uploads\/2024\/02\/Litrax-LX001-2-768x432.jpg 768w, https:\/\/litrax.ch\/wp-content\/uploads\/2024\/02\/Litrax-LX001-2-1024x576.jpg 1024w, https:\/\/litrax.ch\/wp-content\/uploads\/2024\/02\/Litrax-LX001-2-1536x864.jpg 1536w, https:\/\/litrax.ch\/wp-content\/uploads\/2024\/02\/Litrax-LX001-2-300x169.jpg 300w, https:\/\/litrax.ch\/wp-content\/uploads\/2024\/02\/Litrax-LX001-2.jpg 2000w\" sizes=\"(max-width: 500px) 100vw, 500px\" \/><\/div><\/a>\n\t\t\t\t<div class=\"elementor-post__text\">\n\t\t\t\t<h1 class=\"elementor-post__title\">\n\t\t\t<a href=\"https:\/\/litrax.ch\/de\/indoor-smart-garden\/\" >\n\t\t\t\tIndoor Smart Garden\t\t\t<\/a>\n\t\t<\/h1>\n\t\t\t\t\t<div class=\"elementor-post__read-more-wrapper\">\n\t\t\n\t\t<a class=\"elementor-post__read-more\" href=\"https:\/\/litrax.ch\/de\/indoor-smart-garden\/\" aria-label=\"Read more about Indoor Smart Garden\" tabindex=\"-1\" >\n\t\t\tWeiterlesen \u00bb\t\t<\/a>\n\n\t\t\t\t\t<\/div>\n\t\t\t\t<\/div>\n\t\t\t\t\t<\/div>\n\t\t<\/article>\n\t\t\t\t<article class=\"elementor-post elementor-grid-item post-19646 post type-post status-publish format-standard has-post-thumbnail hentry category-stories\" role=\"listitem\">\n\t\t\t<div class=\"elementor-post__card\">\n\t\t\t\t<a class=\"elementor-post__thumbnail__link\" href=\"https:\/\/litrax.ch\/de\/selbstversorgung-zuhause-fuer-mehr-nachhaltigkeit-und-genuss\/\" tabindex=\"-1\" ><div class=\"elementor-post__thumbnail\"><img decoding=\"async\" width=\"500\" height=\"500\" src=\"https:\/\/litrax.ch\/wp-content\/uploads\/2024\/01\/LX210-15-500x500.jpg\" class=\"attachment-medium size-medium wp-image-17365\" alt=\"\" srcset=\"https:\/\/litrax.ch\/wp-content\/uploads\/2024\/01\/LX210-15-500x500.jpg 500w, https:\/\/litrax.ch\/wp-content\/uploads\/2024\/01\/LX210-15-100x100.jpg 100w, https:\/\/litrax.ch\/wp-content\/uploads\/2024\/01\/LX210-15-920x920.jpg 920w, https:\/\/litrax.ch\/wp-content\/uploads\/2024\/01\/LX210-15-150x150.jpg 150w, https:\/\/litrax.ch\/wp-content\/uploads\/2024\/01\/LX210-15-768x768.jpg 768w, https:\/\/litrax.ch\/wp-content\/uploads\/2024\/01\/LX210-15-1024x1024.jpg 1024w, https:\/\/litrax.ch\/wp-content\/uploads\/2024\/01\/LX210-15-300x300.jpg 300w, https:\/\/litrax.ch\/wp-content\/uploads\/2024\/01\/LX210-15.jpg 1500w\" sizes=\"(max-width: 500px) 100vw, 500px\" \/><\/div><\/a>\n\t\t\t\t<div class=\"elementor-post__text\">\n\t\t\t\t<h1 class=\"elementor-post__title\">\n\t\t\t<a href=\"https:\/\/litrax.ch\/de\/selbstversorgung-zuhause-fuer-mehr-nachhaltigkeit-und-genuss\/\" >\n\t\t\t\tSelbstversorgung zuhause \u2013 f\u00fcr mehr Nachhaltigkeit und Genuss!\t\t\t<\/a>\n\t\t<\/h1>\n\t\t\t\t\t<div class=\"elementor-post__read-more-wrapper\">\n\t\t\n\t\t<a class=\"elementor-post__read-more\" href=\"https:\/\/litrax.ch\/de\/selbstversorgung-zuhause-fuer-mehr-nachhaltigkeit-und-genuss\/\" aria-label=\"Read more about Selbstversorgung zuhause \u2013 f\u00fcr mehr Nachhaltigkeit und Genuss!\" tabindex=\"-1\" >\n\t\t\tWeiterlesen \u00bb\t\t<\/a>\n\n\t\t\t\t\t<\/div>\n\t\t\t\t<\/div>\n\t\t\t\t\t<\/div>\n\t\t<\/article>\n\t\t\t\t<article class=\"elementor-post elementor-grid-item post-19384 post type-post status-publish format-standard has-post-thumbnail hentry category-stories\" role=\"listitem\">\n\t\t\t<div class=\"elementor-post__card\">\n\t\t\t\t<a class=\"elementor-post__thumbnail__link\" href=\"https:\/\/litrax.ch\/de\/hydroponische-videos\/\" tabindex=\"-1\" ><div class=\"elementor-post__thumbnail\"><img decoding=\"async\" width=\"500\" height=\"334\" src=\"https:\/\/litrax.ch\/wp-content\/uploads\/2024\/02\/Litrax-LX001-flower-500x334.jpg\" class=\"attachment-medium size-medium wp-image-18292\" alt=\"\" srcset=\"https:\/\/litrax.ch\/wp-content\/uploads\/2024\/02\/Litrax-LX001-flower-500x334.jpg 500w, https:\/\/litrax.ch\/wp-content\/uploads\/2024\/02\/Litrax-LX001-flower-550x367.jpg 550w, https:\/\/litrax.ch\/wp-content\/uploads\/2024\/02\/Litrax-LX001-flower-920x614.jpg 920w, https:\/\/litrax.ch\/wp-content\/uploads\/2024\/02\/Litrax-LX001-flower-768x513.jpg 768w, https:\/\/litrax.ch\/wp-content\/uploads\/2024\/02\/Litrax-LX001-flower-1024x684.jpg 1024w, https:\/\/litrax.ch\/wp-content\/uploads\/2024\/02\/Litrax-LX001-flower-1536x1025.jpg 1536w, https:\/\/litrax.ch\/wp-content\/uploads\/2024\/02\/Litrax-LX001-flower-300x200.jpg 300w, https:\/\/litrax.ch\/wp-content\/uploads\/2024\/02\/Litrax-LX001-flower.jpg 2000w\" sizes=\"(max-width: 500px) 100vw, 500px\" \/><\/div><\/a>\n\t\t\t\t<div class=\"elementor-post__text\">\n\t\t\t\t<h1 class=\"elementor-post__title\">\n\t\t\t<a href=\"https:\/\/litrax.ch\/de\/hydroponische-videos\/\" >\n\t\t\t\tHydroponische Videos\t\t\t<\/a>\n\t\t<\/h1>\n\t\t\t\t\t<div class=\"elementor-post__read-more-wrapper\">\n\t\t\n\t\t<a class=\"elementor-post__read-more\" href=\"https:\/\/litrax.ch\/de\/hydroponische-videos\/\" aria-label=\"Read more about Hydroponische Videos\" tabindex=\"-1\" >\n\t\t\tWeiterlesen \u00bb\t\t<\/a>\n\n\t\t\t\t\t<\/div>\n\t\t\t\t<\/div>\n\t\t\t\t\t<\/div>\n\t\t<\/article>\n\t\t\t\t<article class=\"elementor-post elementor-grid-item post-18630 post type-post status-publish format-standard has-post-thumbnail hentry category-stories\" role=\"listitem\">\n\t\t\t<div class=\"elementor-post__card\">\n\t\t\t\t<a class=\"elementor-post__thumbnail__link\" href=\"https:\/\/litrax.ch\/de\/sind-sie-der-erste-schweizer-gault-millau-gewinner-mitvertikaler-inhouse-farm-cuisine\/\" tabindex=\"-1\" ><div class=\"elementor-post__thumbnail\"><img loading=\"lazy\" decoding=\"async\" width=\"500\" height=\"333\" src=\"https:\/\/litrax.ch\/wp-content\/uploads\/2024\/02\/SceneStartseiteGastro-500x333.jpg\" class=\"attachment-medium size-medium wp-image-17158\" alt=\"\" srcset=\"https:\/\/litrax.ch\/wp-content\/uploads\/2024\/02\/SceneStartseiteGastro-500x333.jpg 500w, https:\/\/litrax.ch\/wp-content\/uploads\/2024\/02\/SceneStartseiteGastro-550x367.jpg 550w, https:\/\/litrax.ch\/wp-content\/uploads\/2024\/02\/SceneStartseiteGastro-920x613.jpg 920w, https:\/\/litrax.ch\/wp-content\/uploads\/2024\/02\/SceneStartseiteGastro-768x512.jpg 768w, https:\/\/litrax.ch\/wp-content\/uploads\/2024\/02\/SceneStartseiteGastro-1024x683.jpg 1024w, https:\/\/litrax.ch\/wp-content\/uploads\/2024\/02\/SceneStartseiteGastro-1536x1024.jpg 1536w, https:\/\/litrax.ch\/wp-content\/uploads\/2024\/02\/SceneStartseiteGastro-300x200.jpg 300w, https:\/\/litrax.ch\/wp-content\/uploads\/2024\/02\/SceneStartseiteGastro.jpg 1920w\" sizes=\"(max-width: 500px) 100vw, 500px\" \/><\/div><\/a>\n\t\t\t\t<div class=\"elementor-post__text\">\n\t\t\t\t<h1 class=\"elementor-post__title\">\n\t\t\t<a href=\"https:\/\/litrax.ch\/de\/sind-sie-der-erste-schweizer-gault-millau-gewinner-mitvertikaler-inhouse-farm-cuisine\/\" >\n\t\t\t\tSind Sie der Erste Schweizer Gault-Millau Gewinner mit Vertikaler Inhouse Farm Cuisine?\t\t\t<\/a>\n\t\t<\/h1>\n\t\t\t\t\t<div class=\"elementor-post__read-more-wrapper\">\n\t\t\n\t\t<a class=\"elementor-post__read-more\" href=\"https:\/\/litrax.ch\/de\/sind-sie-der-erste-schweizer-gault-millau-gewinner-mitvertikaler-inhouse-farm-cuisine\/\" aria-label=\"Read more about Sind Sie der Erste Schweizer Gault-Millau Gewinner mit Vertikaler Inhouse Farm Cuisine?\" tabindex=\"-1\" >\n\t\t\tWeiterlesen \u00bb\t\t<\/a>\n\n\t\t\t\t\t<\/div>\n\t\t\t\t<\/div>\n\t\t\t\t\t<\/div>\n\t\t<\/article>\n\t\t\t\t<article class=\"elementor-post elementor-grid-item post-17215 post type-post status-publish format-standard has-post-thumbnail hentry category-stories\" role=\"listitem\">\n\t\t\t<div class=\"elementor-post__card\">\n\t\t\t\t<a class=\"elementor-post__thumbnail__link\" href=\"https:\/\/litrax.ch\/de\/hydroponischer-leitfaden-die-kraftder-bodenlosenpflanzenkultivierung-entfesseln\/\" tabindex=\"-1\" ><div class=\"elementor-post__thumbnail\"><img loading=\"lazy\" decoding=\"async\" width=\"500\" height=\"375\" src=\"https:\/\/litrax.ch\/wp-content\/uploads\/2024\/02\/Litrax-LX001-7-500x375.jpg\" class=\"attachment-medium size-medium wp-image-18228\" alt=\"\" srcset=\"https:\/\/litrax.ch\/wp-content\/uploads\/2024\/02\/Litrax-LX001-7-500x375.jpg 500w, https:\/\/litrax.ch\/wp-content\/uploads\/2024\/02\/Litrax-LX001-7-920x690.jpg 920w, https:\/\/litrax.ch\/wp-content\/uploads\/2024\/02\/Litrax-LX001-7-768x576.jpg 768w, https:\/\/litrax.ch\/wp-content\/uploads\/2024\/02\/Litrax-LX001-7-1024x768.jpg 1024w, https:\/\/litrax.ch\/wp-content\/uploads\/2024\/02\/Litrax-LX001-7-1536x1152.jpg 1536w, https:\/\/litrax.ch\/wp-content\/uploads\/2024\/02\/Litrax-LX001-7-300x225.jpg 300w, https:\/\/litrax.ch\/wp-content\/uploads\/2024\/02\/Litrax-LX001-7.jpg 2000w\" sizes=\"(max-width: 500px) 100vw, 500px\" \/><\/div><\/a>\n\t\t\t\t<div class=\"elementor-post__text\">\n\t\t\t\t<h1 class=\"elementor-post__title\">\n\t\t\t<a href=\"https:\/\/litrax.ch\/de\/hydroponischer-leitfaden-die-kraftder-bodenlosenpflanzenkultivierung-entfesseln\/\" >\n\t\t\t\tHydroponischer Leitfaden: Die Kraft der bodenlosen Pflanzenkultivierung entfesseln!\t\t\t<\/a>\n\t\t<\/h1>\n\t\t\t\t\t<div class=\"elementor-post__read-more-wrapper\">\n\t\t\n\t\t<a class=\"elementor-post__read-more\" href=\"https:\/\/litrax.ch\/de\/hydroponischer-leitfaden-die-kraftder-bodenlosenpflanzenkultivierung-entfesseln\/\" aria-label=\"Read more about Hydroponischer Leitfaden: Die Kraft der bodenlosen Pflanzenkultivierung entfesseln!\" tabindex=\"-1\" >\n\t\t\tWeiterlesen \u00bb\t\t<\/a>\n\n\t\t\t\t\t<\/div>\n\t\t\t\t<\/div>\n\t\t\t\t\t<\/div>\n\t\t<\/article>\n\t\t\t\t<article class=\"elementor-post elementor-grid-item post-2065 post type-post status-publish format-standard has-post-thumbnail hentry category-stories\" role=\"listitem\">\n\t\t\t<div class=\"elementor-post__card\">\n\t\t\t\t<a class=\"elementor-post__thumbnail__link\" href=\"https:\/\/litrax.ch\/de\/hydroponische-zimmergarten\/\" tabindex=\"-1\" ><div class=\"elementor-post__thumbnail\"><img loading=\"lazy\" decoding=\"async\" width=\"500\" height=\"500\" src=\"https:\/\/litrax.ch\/wp-content\/uploads\/2023\/12\/LX202B-1-500x500.jpg\" class=\"attachment-medium size-medium wp-image-17344\" alt=\"\" srcset=\"https:\/\/litrax.ch\/wp-content\/uploads\/2023\/12\/LX202B-1-500x500.jpg 500w, https:\/\/litrax.ch\/wp-content\/uploads\/2023\/12\/LX202B-1-100x100.jpg 100w, https:\/\/litrax.ch\/wp-content\/uploads\/2023\/12\/LX202B-1-920x920.jpg 920w, https:\/\/litrax.ch\/wp-content\/uploads\/2023\/12\/LX202B-1-150x150.jpg 150w, https:\/\/litrax.ch\/wp-content\/uploads\/2023\/12\/LX202B-1-768x768.jpg 768w, https:\/\/litrax.ch\/wp-content\/uploads\/2023\/12\/LX202B-1-1024x1024.jpg 1024w, https:\/\/litrax.ch\/wp-content\/uploads\/2023\/12\/LX202B-1-300x300.jpg 300w, https:\/\/litrax.ch\/wp-content\/uploads\/2023\/12\/LX202B-1.jpg 1500w\" sizes=\"(max-width: 500px) 100vw, 500px\" \/><\/div><\/a>\n\t\t\t\t<div class=\"elementor-post__text\">\n\t\t\t\t<h1 class=\"elementor-post__title\">\n\t\t\t<a href=\"https:\/\/litrax.ch\/de\/hydroponische-zimmergarten\/\" >\n\t\t\t\tHydroponische Zimmerg\u00e4rten: Wie Sie m\u00fchelos frisches Gem\u00fcse in Ihren eigenen vier W\u00e4nden anbauen k\u00f6nnen!\t\t\t<\/a>\n\t\t<\/h1>\n\t\t\t\t\t<div class=\"elementor-post__read-more-wrapper\">\n\t\t\n\t\t<a class=\"elementor-post__read-more\" href=\"https:\/\/litrax.ch\/de\/hydroponische-zimmergarten\/\" aria-label=\"Read more about Hydroponische Zimmerg\u00e4rten: Wie Sie m\u00fchelos frisches Gem\u00fcse in Ihren eigenen vier W\u00e4nden anbauen k\u00f6nnen!\" tabindex=\"-1\" >\n\t\t\tWeiterlesen \u00bb\t\t<\/a>\n\n\t\t\t\t\t<\/div>\n\t\t\t\t<\/div>\n\t\t\t\t\t<\/div>\n\t\t<\/article>\n\t\t\t\t<\/div>\n\t\t\n\t\t\t\t\t\t<\/div>\n\t\t\t\t<\/div>\n\t\t\t\t\t<\/div>\n\t\t\t\t<\/div>\n\t\t\t\t<\/div>\n\t\t","protected":false},"excerpt":{"rendered":"","protected":false},"author":1,"featured_media":0,"parent":0,"menu_order":0,"comment_status":"closed","ping_status":"closed","template":"","meta":{"footnotes":""},"class_list":["post-2241","page","type-page","status-publish","hentry"],"yoast_head":"<!-- This site is optimized with the Yoast SEO Premium plugin v26.7 (Yoast SEO v27.4) - https:\/\/yoast.com\/product\/yoast-seo-premium-wordpress\/ -->\n<title>Stories, die Sie inspirieren und in die Hydroponik Welt begleiten - Litrax - Hydroponische Systeme<\/title>\n<meta name=\"description\" content=\"Lassen Sie sich von unseren Hydroponik Geschichten verzaubern, die den praktischen Nutzen erkl\u00e4ren und rasche Erfolgserlebnisse garantieren.\" \/>\n<meta name=\"robots\" content=\"index, follow, max-snippet:-1, max-image-preview:large, max-video-preview:-1\" \/>\n<link rel=\"canonical\" href=\"https:\/\/litrax.ch\/de\/blog\/\" \/>\n<meta property=\"og:locale\" content=\"de_DE\" \/>\n<meta property=\"og:type\" content=\"article\" \/>\n<meta property=\"og:title\" content=\"Stories\" \/>\n<meta property=\"og:description\" content=\"Lassen Sie sich von unseren Hydroponik Geschichten verzaubern, die den praktischen Nutzen erkl\u00e4ren und rasche Erfolgserlebnisse garantieren.\" \/>\n<meta property=\"og:url\" content=\"https:\/\/litrax.ch\/de\/blog\/\" \/>\n<meta property=\"og:site_name\" content=\"Litrax - Hydroponische Systeme\" \/>\n<meta property=\"article:publisher\" content=\"https:\/\/www.facebook.com\/Litrax.ch\" \/>\n<meta property=\"article:modified_time\" content=\"2025-12-01T20:41:46+00:00\" \/>\n<meta property=\"og:image\" content=\"https:\/\/litrax.ch\/wp-content\/uploads\/2023\/12\/LX223.small_.png\" \/>\n\t<meta property=\"og:image:width\" content=\"537\" \/>\n\t<meta property=\"og:image:height\" content=\"480\" \/>\n\t<meta property=\"og:image:type\" content=\"image\/png\" \/>\n<meta name=\"twitter:card\" content=\"summary_large_image\" \/>\n<script type=\"application\/ld+json\" class=\"yoast-schema-graph\">{\"@context\":\"https:\\\/\\\/schema.org\",\"@graph\":[{\"@type\":\"WebPage\",\"@id\":\"https:\\\/\\\/litrax.ch\\\/de\\\/blog\\\/\",\"url\":\"https:\\\/\\\/litrax.ch\\\/de\\\/blog\\\/\",\"name\":\"Stories, die Sie inspirieren und in die Hydroponik Welt begleiten - Litrax - Hydroponische Systeme\",\"isPartOf\":{\"@id\":\"https:\\\/\\\/litrax.ch\\\/de\\\/#website\"},\"datePublished\":\"2023-06-28T16:45:45+00:00\",\"dateModified\":\"2025-12-01T20:41:46+00:00\",\"description\":\"Lassen Sie sich von unseren Hydroponik Geschichten verzaubern, die den praktischen Nutzen erkl\u00e4ren und rasche Erfolgserlebnisse garantieren.\",\"breadcrumb\":{\"@id\":\"https:\\\/\\\/litrax.ch\\\/de\\\/blog\\\/#breadcrumb\"},\"inLanguage\":\"de\",\"potentialAction\":[{\"@type\":\"ReadAction\",\"target\":[\"https:\\\/\\\/litrax.ch\\\/de\\\/blog\\\/\"]}]},{\"@type\":\"BreadcrumbList\",\"@id\":\"https:\\\/\\\/litrax.ch\\\/de\\\/blog\\\/#breadcrumb\",\"itemListElement\":[{\"@type\":\"ListItem\",\"position\":1,\"name\":\"Startseite\",\"item\":\"https:\\\/\\\/litrax.ch\\\/de\\\/\"},{\"@type\":\"ListItem\",\"position\":2,\"name\":\"Stories\"}]},{\"@type\":\"WebSite\",\"@id\":\"https:\\\/\\\/litrax.ch\\\/de\\\/#website\",\"url\":\"https:\\\/\\\/litrax.ch\\\/de\\\/\",\"name\":\"Litrax - Hydroponische Systeme\",\"description\":\"Erlebe Hydroponik - der erdlose Gartengenuss.\",\"publisher\":{\"@id\":\"https:\\\/\\\/litrax.ch\\\/de\\\/#organization\"},\"alternateName\":\"Litrax\",\"potentialAction\":[{\"@type\":\"SearchAction\",\"target\":{\"@type\":\"EntryPoint\",\"urlTemplate\":\"https:\\\/\\\/litrax.ch\\\/de\\\/?s={search_term_string}\"},\"query-input\":{\"@type\":\"PropertyValueSpecification\",\"valueRequired\":true,\"valueName\":\"search_term_string\"}}],\"inLanguage\":\"de\"},{\"@type\":\"Organization\",\"@id\":\"https:\\\/\\\/litrax.ch\\\/de\\\/#organization\",\"name\":\"Litrax - Hydroponische Systeme\",\"alternateName\":\"Litrax\",\"url\":\"https:\\\/\\\/litrax.ch\\\/de\\\/\",\"logo\":{\"@type\":\"ImageObject\",\"inLanguage\":\"de\",\"@id\":\"https:\\\/\\\/litrax.ch\\\/de\\\/#\\\/schema\\\/logo\\\/image\\\/\",\"url\":\"https:\\\/\\\/litrax.ch\\\/wp-content\\\/uploads\\\/2024\\\/03\\\/facivon.png\",\"contentUrl\":\"https:\\\/\\\/litrax.ch\\\/wp-content\\\/uploads\\\/2024\\\/03\\\/facivon.png\",\"width\":150,\"height\":150,\"caption\":\"Litrax - Hydroponische Systeme\"},\"image\":{\"@id\":\"https:\\\/\\\/litrax.ch\\\/de\\\/#\\\/schema\\\/logo\\\/image\\\/\"},\"sameAs\":[\"https:\\\/\\\/www.facebook.com\\\/Litrax.ch\",\"https:\\\/\\\/www.instagram.com\\\/litrax.ch\\\/\",\"https:\\\/\\\/www.tiktok.com\\\/@litrax.ch\"],\"description\":\"Willkommen bei Litrax \u2013 Ihrem f\u00fchrenden Online-Shop f\u00fcr hochwertige hydroponische Gartensysteme! Wir bieten eine breite Palette an L\u00f6sungen f\u00fcr Privatpersonen, Restaurants und industrielle Gro\u00dfsysteme, um Ihnen zu helfen, Ihre eigene gr\u00fcne Oase zu schaffen, unabh\u00e4ngig von Ihrem Bedarf oder Ihrer Gr\u00f6\u00dfe. F\u00fcr Haushalte\\\/B\u00fcros: Entdecken Sie die Freude am G\u00e4rtnern in Ihrem eigenen Zuhause mit unseren einfach zu bedienenden hydroponischen Gartensystemen. Egal, ob Sie auf einem Balkon, einer Terrasse oder in Ihrem Wohnzimmer g\u00e4rtnern m\u00f6chten \u2013 wir haben das passende System f\u00fcr Sie. Genie\u00dfen Sie frisches Gem\u00fcse, aromatische Kr\u00e4uter und farbenfrohe Blumen das ganze Jahr \u00fcber, direkt aus Ihrem hydroponischen Garten. F\u00fcr Restaurants: Steigern Sie die Qualit\u00e4t Ihrer Gerichte und beeindrucken Sie Ihre G\u00e4ste mit frischen, geschmacksintensiven Zutaten aus unserem Sortiment an hydroponischen Gartensystemen f\u00fcr den gastronomischen Bereich. Unsere Systeme sind platzsparend, effizient und einfach zu bedienen, so dass Sie Ihre eigenen Zutaten direkt in Ihrer K\u00fcche anbauen k\u00f6nnen. Erleben Sie die Freude an nachhaltigem G\u00e4rtnern und lassen Sie Ihre kulinarischen Kreationen erstrahlen. Industrielle Gro\u00dfsysteme: Optimieren Sie Ihre landwirtschaftliche Produktion mit unseren ma\u00dfgeschneiderten hydroponischen Gro\u00dfsystemen. Von vertikalen Farmen bis hin zu automatisierten Anlagen bieten wir skalierbare L\u00f6sungen f\u00fcr maximale Effizienz und Produktivit\u00e4t. Nutzen Sie die Vorteile der hydroponischen Landwirtschaft, um Ihre Ernteertr\u00e4ge zu steigern, Platz zu sparen und Ressourcen zu optimieren. Erfahren Sie, wie unsere Systeme die Zukunft der industriellen Landwirtschaft gestalten k\u00f6nnen. Bei Litrax legen wir Wert auf Qualit\u00e4t und Kundenzufriedenheit. Unsere Produkte sind sorgf\u00e4ltig ausgew\u00e4hlt, um Ihnen die besten Ergebnisse zu garantieren, und wir bieten sie zu g\u00fcnstigen Preisen an. Dank unseres eigenen Lagers in der Schweiz k\u00f6nnen wir Ihnen eine schnelle Lieferung am n\u00e4chsten Tag garantieren.\",\"legalName\":\"Resyx GmbH\",\"foundingDate\":\"2022-12-22\",\"numberOfEmployees\":{\"@type\":\"QuantitativeValue\",\"minValue\":\"1\",\"maxValue\":\"10\"}}]}<\/script>\n<!-- \/ Yoast SEO Premium plugin. -->","yoast_head_json":{"title":"Stories, die Sie inspirieren und in die Hydroponik Welt begleiten - Litrax - Hydroponische Systeme","description":"Lassen Sie sich von unseren Hydroponik Geschichten verzaubern, die den praktischen Nutzen erkl\u00e4ren und rasche Erfolgserlebnisse garantieren.","robots":{"index":"index","follow":"follow","max-snippet":"max-snippet:-1","max-image-preview":"max-image-preview:large","max-video-preview":"max-video-preview:-1"},"canonical":"https:\/\/litrax.ch\/de\/blog\/","og_locale":"de_DE","og_type":"article","og_title":"Stories","og_description":"Lassen Sie sich von unseren Hydroponik Geschichten verzaubern, die den praktischen Nutzen erkl\u00e4ren und rasche Erfolgserlebnisse garantieren.","og_url":"https:\/\/litrax.ch\/de\/blog\/","og_site_name":"Litrax - Hydroponische Systeme","article_publisher":"https:\/\/www.facebook.com\/Litrax.ch","article_modified_time":"2025-12-01T20:41:46+00:00","og_image":[{"width":537,"height":480,"url":"https:\/\/litrax.ch\/wp-content\/uploads\/2023\/12\/LX223.small_.png","type":"image\/png"}],"twitter_card":"summary_large_image","schema":{"@context":"https:\/\/schema.org","@graph":[{"@type":"WebPage","@id":"https:\/\/litrax.ch\/de\/blog\/","url":"https:\/\/litrax.ch\/de\/blog\/","name":"Stories, die Sie inspirieren und in die Hydroponik Welt begleiten - Litrax - Hydroponische Systeme","isPartOf":{"@id":"https:\/\/litrax.ch\/de\/#website"},"datePublished":"2023-06-28T16:45:45+00:00","dateModified":"2025-12-01T20:41:46+00:00","description":"Lassen Sie sich von unseren Hydroponik Geschichten verzaubern, die den praktischen Nutzen erkl\u00e4ren und rasche Erfolgserlebnisse garantieren.","breadcrumb":{"@id":"https:\/\/litrax.ch\/de\/blog\/#breadcrumb"},"inLanguage":"de","potentialAction":[{"@type":"ReadAction","target":["https:\/\/litrax.ch\/de\/blog\/"]}]},{"@type":"BreadcrumbList","@id":"https:\/\/litrax.ch\/de\/blog\/#breadcrumb","itemListElement":[{"@type":"ListItem","position":1,"name":"Startseite","item":"https:\/\/litrax.ch\/de\/"},{"@type":"ListItem","position":2,"name":"Stories"}]},{"@type":"WebSite","@id":"https:\/\/litrax.ch\/de\/#website","url":"https:\/\/litrax.ch\/de\/","name":"Litrax - Hydroponische Systeme","description":"Erlebe Hydroponik - der erdlose Gartengenuss.","publisher":{"@id":"https:\/\/litrax.ch\/de\/#organization"},"alternateName":"Litrax","potentialAction":[{"@type":"SearchAction","target":{"@type":"EntryPoint","urlTemplate":"https:\/\/litrax.ch\/de\/?s={search_term_string}"},"query-input":{"@type":"PropertyValueSpecification","valueRequired":true,"valueName":"search_term_string"}}],"inLanguage":"de"},{"@type":"Organization","@id":"https:\/\/litrax.ch\/de\/#organization","name":"Litrax - Hydroponische Systeme","alternateName":"Litrax","url":"https:\/\/litrax.ch\/de\/","logo":{"@type":"ImageObject","inLanguage":"de","@id":"https:\/\/litrax.ch\/de\/#\/schema\/logo\/image\/","url":"https:\/\/litrax.ch\/wp-content\/uploads\/2024\/03\/facivon.png","contentUrl":"https:\/\/litrax.ch\/wp-content\/uploads\/2024\/03\/facivon.png","width":150,"height":150,"caption":"Litrax - Hydroponische Systeme"},"image":{"@id":"https:\/\/litrax.ch\/de\/#\/schema\/logo\/image\/"},"sameAs":["https:\/\/www.facebook.com\/Litrax.ch","https:\/\/www.instagram.com\/litrax.ch\/","https:\/\/www.tiktok.com\/@litrax.ch"],"description":"Willkommen bei Litrax \u2013 Ihrem f\u00fchrenden Online-Shop f\u00fcr hochwertige hydroponische Gartensysteme! Wir bieten eine breite Palette an L\u00f6sungen f\u00fcr Privatpersonen, Restaurants und industrielle Gro\u00dfsysteme, um Ihnen zu helfen, Ihre eigene gr\u00fcne Oase zu schaffen, unabh\u00e4ngig von Ihrem Bedarf oder Ihrer Gr\u00f6\u00dfe. F\u00fcr Haushalte\/B\u00fcros: Entdecken Sie die Freude am G\u00e4rtnern in Ihrem eigenen Zuhause mit unseren einfach zu bedienenden hydroponischen Gartensystemen. Egal, ob Sie auf einem Balkon, einer Terrasse oder in Ihrem Wohnzimmer g\u00e4rtnern m\u00f6chten \u2013 wir haben das passende System f\u00fcr Sie. Genie\u00dfen Sie frisches Gem\u00fcse, aromatische Kr\u00e4uter und farbenfrohe Blumen das ganze Jahr \u00fcber, direkt aus Ihrem hydroponischen Garten. F\u00fcr Restaurants: Steigern Sie die Qualit\u00e4t Ihrer Gerichte und beeindrucken Sie Ihre G\u00e4ste mit frischen, geschmacksintensiven Zutaten aus unserem Sortiment an hydroponischen Gartensystemen f\u00fcr den gastronomischen Bereich. Unsere Systeme sind platzsparend, effizient und einfach zu bedienen, so dass Sie Ihre eigenen Zutaten direkt in Ihrer K\u00fcche anbauen k\u00f6nnen. Erleben Sie die Freude an nachhaltigem G\u00e4rtnern und lassen Sie Ihre kulinarischen Kreationen erstrahlen. Industrielle Gro\u00dfsysteme: Optimieren Sie Ihre landwirtschaftliche Produktion mit unseren ma\u00dfgeschneiderten hydroponischen Gro\u00dfsystemen. Von vertikalen Farmen bis hin zu automatisierten Anlagen bieten wir skalierbare L\u00f6sungen f\u00fcr maximale Effizienz und Produktivit\u00e4t. Nutzen Sie die Vorteile der hydroponischen Landwirtschaft, um Ihre Ernteertr\u00e4ge zu steigern, Platz zu sparen und Ressourcen zu optimieren. Erfahren Sie, wie unsere Systeme die Zukunft der industriellen Landwirtschaft gestalten k\u00f6nnen. Bei Litrax legen wir Wert auf Qualit\u00e4t und Kundenzufriedenheit. Unsere Produkte sind sorgf\u00e4ltig ausgew\u00e4hlt, um Ihnen die besten Ergebnisse zu garantieren, und wir bieten sie zu g\u00fcnstigen Preisen an. Dank unseres eigenen Lagers in der Schweiz k\u00f6nnen wir Ihnen eine schnelle Lieferung am n\u00e4chsten Tag garantieren.","legalName":"Resyx GmbH","foundingDate":"2022-12-22","numberOfEmployees":{"@type":"QuantitativeValue","minValue":"1","maxValue":"10"}}]}},"_links":{"self":[{"href":"https:\/\/litrax.ch\/de\/wp-json\/wp\/v2\/pages\/2241","targetHints":{"allow":["GET"]}}],"collection":[{"href":"https:\/\/litrax.ch\/de\/wp-json\/wp\/v2\/pages"}],"about":[{"href":"https:\/\/litrax.ch\/de\/wp-json\/wp\/v2\/types\/page"}],"author":[{"embeddable":true,"href":"https:\/\/litrax.ch\/de\/wp-json\/wp\/v2\/users\/1"}],"replies":[{"embeddable":true,"href":"https:\/\/litrax.ch\/de\/wp-json\/wp\/v2\/comments?post=2241"}],"version-history":[{"count":0,"href":"https:\/\/litrax.ch\/de\/wp-json\/wp\/v2\/pages\/2241\/revisions"}],"wp:attachment":[{"href":"https:\/\/litrax.ch\/de\/wp-json\/wp\/v2\/media?parent=2241"}],"curies":[{"name":"wp","href":"https:\/\/api.w.org\/{rel}","templated":true}]}}