{"id":16891,"date":"2023-12-20T07:58:44","date_gmt":"2023-12-20T07:58:44","guid":{"rendered":"https:\/\/litrax.com\/?post_type=product&#038;p=16891"},"modified":"2026-04-17T05:05:04","modified_gmt":"2026-04-17T05:05:04","slug":"alice-smart-garden-8","status":"publish","type":"product","link":"https:\/\/litrax.ch\/de\/shop\/alice-smart-garden-8\/","title":{"rendered":"ALICE Smart Garden 8"},"content":{"rendered":"<h2>Besondere Merkmale:<\/h2>\n<ul>\n<li>Hydroponischer Anbau f\u00fcr optimales Pflanzenwachstum<\/li>\n<li>Wasserpumpe f\u00fcr effiziente Wasserkreisl\u00e4ufe im System<\/li>\n<li>LED Pflanzenwachstumslichter mit Vollspektrum- Technologie f\u00fcr ganzj\u00e4hriges Wachstum<\/li>\n<li>Verstellbare Lampenposition zur Ber\u00fccksichtigung der spezifischen Bed\u00fcrfnisse verschiedener Pflanzen<\/li>\n<li>Automatische LED Ein\/Aus-Funktion f\u00fcr effiziente Energieverwendung<\/li>\n<li>Wassertank mit selbstverteilender Funktion f\u00fcr m\u00fcheloses Gie\u00dfen<\/li>\n<li>Wasserstandsanzeige zur einfachen \u00dcberwachung und Wartung<\/li>\n<li>Einfacher Wasserzulauf f\u00fcr bequemes Nachf\u00fcllen und Warten<\/li>\n<li>Pflanzenschoten f\u00fcr organisierte und effiziente Platzierung der Pflanzen<\/li>\n<li>Gesunde Wurzelentwicklung der Pflanzen wird durch optimale Sauerstoffzirkulation unterst\u00fctzt<\/li>\n<\/ul>\n<p>Verwandeln Sie Ihr Zuhause mit unserem hochmodernen Hydroponik-Indoorgartensystem in eine bl\u00fchende Oase. Dieses intelligente 2-in-1-System ist perfekt f\u00fcr herk\u00f6mmlichen Boden und hydroponische Anwendungen ohne Erde geeignet. Ausgestattet mit modernster LEDWachstumslichttechnologie sorgt es daf\u00fcr, dass Ihre Lieblingspflanzen das ganze Jahr \u00fcber gedeihen.<\/p>\n<p>Tauchen Sie ein in eine Welt intelligenten G\u00e4rtnerns mit unserem Smart-Touch-Panel.<br \/>\nW\u00e4hlen Sie zwischen zwei Wachstumsmodi, die speziell f\u00fcr Gem\u00fcse und Obst entwickelt wurden, und schaffen Sie optimale Bedingungen f\u00fcr Kr\u00e4uter und Blumen. Unser innovatives System verf\u00fcgt \u00fcber einen automatischen Ein\/Aus-Timer, der sicherstellt, dass Ihre Pflanzen t\u00e4glich das perfekte Licht erhalten.<\/p>\n<p>Sagen Sie den l\u00e4stigen Gie\u00dfproblemen Lebewohl, dank unserer integrierten Wasserpumpe und dem selbstverteilenden Tank. Genie\u00dfen Sie die Bequemlichkeit einer optimalen Sauerstoffzirkulation und sagen Sie stagnierendem Wasser und Wurzelf\u00e4ule ade. Das Hydroponik- Indoorgartensystem verf\u00fcgt au\u00dferdem \u00fcber einen eingebauten Ventilator f\u00fcr eine sanfte Brise, die die nat\u00fcrliche Best\u00e4ubung f\u00f6rdert und das Wachstum Ihrer Pflanzen verbessert.<\/p>\n<p>Verwandeln Sie Ihren Wohnraum in eine bl\u00fchende Oase, wo Innovation auf die Natur trifft. Verbessern Sie Ihr Zuhause mit dieser eleganten und effizienten Gartendesignl\u00f6sung, die nicht nur gut aussieht, sondern auch au\u00dfergew\u00f6hnliche Ergebnisse liefert. Entfesseln Sie eine Welt voller M\u00f6glichkeiten mit der Zukunft des Indoor-G\u00e4rtnerns \u2013 wachsen Sie intelligenter, wachsen Sie m\u00fchelos und erleben Sie die gr\u00fcne Revolution mit unserem Hydroponik- Indoorgartensystem.<\/p>\n<div class=\"video-container responsive-embed widescreen\"><iframe title=\"LITRAX LX223 Instruction\" width=\"900\" height=\"506\" src=\"https:\/\/www.youtube.com\/embed\/hfNWny81xlI?feature=oembed&#038;enablejsapi=1&#038;origin=https:\/\/litrax.ch\" frameborder=\"0\" allow=\"accelerometer; autoplay; clipboard-write; encrypted-media; gyroscope; picture-in-picture; web-share\" referrerpolicy=\"strict-origin-when-cross-origin\" allowfullscreen><\/iframe><\/div>\n<p>&nbsp;<\/p>\n","protected":false},"excerpt":{"rendered":"<p>Besondere Merkmale: Hydroponischer Anbau f\u00fcr optimales Pflanzenwachstum Wasserpumpe f\u00fcr effiziente Wasserkreisl\u00e4ufe im System LED Pflanzenwachstumslichter mit Vollspektrum- Technologie f\u00fcr ganzj\u00e4hriges Wachstum Verstellbare Lampenposition zur Ber\u00fccksichtigung der spezifischen Bed\u00fcrfnisse verschiedener Pflanzen Automatische LED Ein\/Aus-Funktion f\u00fcr effiziente Energieverwendung Wassertank mit selbstverteilender Funktion f\u00fcr m\u00fcheloses Gie\u00dfen Wasserstandsanzeige zur einfachen \u00dcberwachung und Wartung Einfacher Wasserzulauf f\u00fcr bequemes Nachf\u00fcllen und [&hellip;]<\/p>\n","protected":false},"featured_media":17084,"comment_status":"open","ping_status":"closed","template":"","meta":[],"product_brand":[],"product_cat":[21],"product_tag":[748],"class_list":{"0":"post-16891","1":"product","2":"type-product","3":"status-publish","4":"has-post-thumbnail","6":"product_cat-hydroponik","7":"product_tag-indoor","9":"first","10":"instock","11":"sale","12":"taxable","13":"shipping-taxable","14":"purchasable","15":"product-type-variable","16":"has-default-attributes"},"yoast_head":"<!-- This site is optimized with the Yoast SEO Premium plugin v26.7 (Yoast SEO v27.4) - https:\/\/yoast.com\/product\/yoast-seo-premium-wordpress\/ -->\n<title>ALICE Smart Garden 8 - Litrax - Hydroponische Systeme<\/title>\n<meta name=\"description\" content=\"ALICE Smart Garden 8 - LED Pflanzenwachstumslichter mit Vollspektrum- Technologie f\u00fcr ganzj\u00e4hrige Frische und optimales Pflanzenwachstum.\" \/>\n<meta name=\"robots\" content=\"index, follow, max-snippet:-1, max-image-preview:large, max-video-preview:-1\" \/>\n<link rel=\"canonical\" href=\"https:\/\/litrax.ch\/de\/shop\/alice-smart-garden-8\/\" \/>\n<meta property=\"og:locale\" content=\"de_DE\" \/>\n<meta property=\"og:type\" content=\"article\" \/>\n<meta property=\"og:title\" content=\"ALICE Smart Garden 8\" \/>\n<meta property=\"og:description\" content=\"ALICE Smart Garden 8 - LED Pflanzenwachstumslichter mit Vollspektrum- Technologie f\u00fcr ganzj\u00e4hrige Frische und optimales Pflanzenwachstum.\" \/>\n<meta property=\"og:url\" content=\"https:\/\/litrax.ch\/de\/shop\/alice-smart-garden-8\/\" \/>\n<meta property=\"og:site_name\" content=\"Litrax - Hydroponische Systeme\" \/>\n<meta property=\"article:publisher\" content=\"https:\/\/www.facebook.com\/Litrax.ch\" \/>\n<meta property=\"article:modified_time\" content=\"2026-04-17T05:05:04+00:00\" \/>\n<meta property=\"og:image\" content=\"https:\/\/litrax.ch\/wp-content\/uploads\/2023\/12\/LX223_Trans.png\" \/>\n\t<meta property=\"og:image:width\" content=\"1000\" \/>\n\t<meta property=\"og:image:height\" content=\"667\" \/>\n\t<meta property=\"og:image:type\" content=\"image\/png\" \/>\n<meta name=\"twitter:card\" content=\"summary_large_image\" \/>\n<meta name=\"twitter:label1\" content=\"Verf\u00fcgbarkeit\" \/>\n\t<meta name=\"twitter:data1\" content=\"Auf Lager\" \/>\n<script type=\"application\/ld+json\" class=\"yoast-schema-graph\">{\"@context\":\"https:\\\/\\\/schema.org\",\"@graph\":[{\"@type\":\"WebPage\",\"@id\":\"https:\\\/\\\/litrax.ch\\\/de\\\/shop\\\/alice-smart-garden-8\\\/\",\"url\":\"https:\\\/\\\/litrax.ch\\\/de\\\/shop\\\/alice-smart-garden-8\\\/\",\"name\":\"ALICE Smart Garden 8 - Litrax - Hydroponische Systeme\",\"isPartOf\":{\"@id\":\"https:\\\/\\\/litrax.ch\\\/de\\\/#website\"},\"primaryImageOfPage\":{\"@id\":\"https:\\\/\\\/litrax.ch\\\/de\\\/shop\\\/alice-smart-garden-8\\\/#primaryimage\"},\"image\":{\"@id\":\"https:\\\/\\\/litrax.ch\\\/de\\\/shop\\\/alice-smart-garden-8\\\/#primaryimage\"},\"thumbnailUrl\":\"https:\\\/\\\/litrax.ch\\\/wp-content\\\/uploads\\\/2023\\\/12\\\/LX223_Trans.png\",\"datePublished\":\"2023-12-20T07:58:44+00:00\",\"dateModified\":\"2026-04-17T05:05:04+00:00\",\"description\":\"ALICE Smart Garden 8 - LED Pflanzenwachstumslichter mit Vollspektrum- Technologie f\u00fcr ganzj\u00e4hrige Frische und optimales Pflanzenwachstum.\",\"breadcrumb\":{\"@id\":\"https:\\\/\\\/litrax.ch\\\/de\\\/shop\\\/alice-smart-garden-8\\\/#breadcrumb\"},\"inLanguage\":\"de\",\"potentialAction\":[{\"@type\":\"ReadAction\",\"target\":[\"https:\\\/\\\/litrax.ch\\\/de\\\/shop\\\/alice-smart-garden-8\\\/\"]}]},{\"@type\":\"ImageObject\",\"inLanguage\":\"de\",\"@id\":\"https:\\\/\\\/litrax.ch\\\/de\\\/shop\\\/alice-smart-garden-8\\\/#primaryimage\",\"url\":\"https:\\\/\\\/litrax.ch\\\/wp-content\\\/uploads\\\/2023\\\/12\\\/LX223_Trans.png\",\"contentUrl\":\"https:\\\/\\\/litrax.ch\\\/wp-content\\\/uploads\\\/2023\\\/12\\\/LX223_Trans.png\",\"width\":1000,\"height\":667},{\"@type\":\"BreadcrumbList\",\"@id\":\"https:\\\/\\\/litrax.ch\\\/de\\\/shop\\\/alice-smart-garden-8\\\/#breadcrumb\",\"itemListElement\":[{\"@type\":\"ListItem\",\"position\":1,\"name\":\"Startseite\",\"item\":\"https:\\\/\\\/litrax.ch\\\/de\\\/\"},{\"@type\":\"ListItem\",\"position\":2,\"name\":\"Shop\",\"item\":\"https:\\\/\\\/litrax.ch\\\/de\\\/shop\\\/\"},{\"@type\":\"ListItem\",\"position\":3,\"name\":\"ALICE Smart Garden 8\"}]},{\"@type\":\"WebSite\",\"@id\":\"https:\\\/\\\/litrax.ch\\\/de\\\/#website\",\"url\":\"https:\\\/\\\/litrax.ch\\\/de\\\/\",\"name\":\"Litrax - Hydroponische Systeme\",\"description\":\"Erlebe Hydroponik - der erdlose Gartengenuss.\",\"publisher\":{\"@id\":\"https:\\\/\\\/litrax.ch\\\/de\\\/#organization\"},\"alternateName\":\"Litrax\",\"potentialAction\":[{\"@type\":\"SearchAction\",\"target\":{\"@type\":\"EntryPoint\",\"urlTemplate\":\"https:\\\/\\\/litrax.ch\\\/de\\\/?s={search_term_string}\"},\"query-input\":{\"@type\":\"PropertyValueSpecification\",\"valueRequired\":true,\"valueName\":\"search_term_string\"}}],\"inLanguage\":\"de\"},{\"@type\":\"Organization\",\"@id\":\"https:\\\/\\\/litrax.ch\\\/de\\\/#organization\",\"name\":\"Litrax - Hydroponische Systeme\",\"alternateName\":\"Litrax\",\"url\":\"https:\\\/\\\/litrax.ch\\\/de\\\/\",\"logo\":{\"@type\":\"ImageObject\",\"inLanguage\":\"de\",\"@id\":\"https:\\\/\\\/litrax.ch\\\/de\\\/#\\\/schema\\\/logo\\\/image\\\/\",\"url\":\"https:\\\/\\\/litrax.ch\\\/wp-content\\\/uploads\\\/2024\\\/03\\\/facivon.png\",\"contentUrl\":\"https:\\\/\\\/litrax.ch\\\/wp-content\\\/uploads\\\/2024\\\/03\\\/facivon.png\",\"width\":150,\"height\":150,\"caption\":\"Litrax - Hydroponische Systeme\"},\"image\":{\"@id\":\"https:\\\/\\\/litrax.ch\\\/de\\\/#\\\/schema\\\/logo\\\/image\\\/\"},\"sameAs\":[\"https:\\\/\\\/www.facebook.com\\\/Litrax.ch\",\"https:\\\/\\\/www.instagram.com\\\/litrax.ch\\\/\",\"https:\\\/\\\/www.tiktok.com\\\/@litrax.ch\"],\"description\":\"Willkommen bei Litrax \u2013 Ihrem f\u00fchrenden Online-Shop f\u00fcr hochwertige hydroponische Gartensysteme! Wir bieten eine breite Palette an L\u00f6sungen f\u00fcr Privatpersonen, Restaurants und industrielle Gro\u00dfsysteme, um Ihnen zu helfen, Ihre eigene gr\u00fcne Oase zu schaffen, unabh\u00e4ngig von Ihrem Bedarf oder Ihrer Gr\u00f6\u00dfe. F\u00fcr Haushalte\\\/B\u00fcros: Entdecken Sie die Freude am G\u00e4rtnern in Ihrem eigenen Zuhause mit unseren einfach zu bedienenden hydroponischen Gartensystemen. Egal, ob Sie auf einem Balkon, einer Terrasse oder in Ihrem Wohnzimmer g\u00e4rtnern m\u00f6chten \u2013 wir haben das passende System f\u00fcr Sie. Genie\u00dfen Sie frisches Gem\u00fcse, aromatische Kr\u00e4uter und farbenfrohe Blumen das ganze Jahr \u00fcber, direkt aus Ihrem hydroponischen Garten. F\u00fcr Restaurants: Steigern Sie die Qualit\u00e4t Ihrer Gerichte und beeindrucken Sie Ihre G\u00e4ste mit frischen, geschmacksintensiven Zutaten aus unserem Sortiment an hydroponischen Gartensystemen f\u00fcr den gastronomischen Bereich. Unsere Systeme sind platzsparend, effizient und einfach zu bedienen, so dass Sie Ihre eigenen Zutaten direkt in Ihrer K\u00fcche anbauen k\u00f6nnen. Erleben Sie die Freude an nachhaltigem G\u00e4rtnern und lassen Sie Ihre kulinarischen Kreationen erstrahlen. Industrielle Gro\u00dfsysteme: Optimieren Sie Ihre landwirtschaftliche Produktion mit unseren ma\u00dfgeschneiderten hydroponischen Gro\u00dfsystemen. Von vertikalen Farmen bis hin zu automatisierten Anlagen bieten wir skalierbare L\u00f6sungen f\u00fcr maximale Effizienz und Produktivit\u00e4t. Nutzen Sie die Vorteile der hydroponischen Landwirtschaft, um Ihre Ernteertr\u00e4ge zu steigern, Platz zu sparen und Ressourcen zu optimieren. Erfahren Sie, wie unsere Systeme die Zukunft der industriellen Landwirtschaft gestalten k\u00f6nnen. Bei Litrax legen wir Wert auf Qualit\u00e4t und Kundenzufriedenheit. Unsere Produkte sind sorgf\u00e4ltig ausgew\u00e4hlt, um Ihnen die besten Ergebnisse zu garantieren, und wir bieten sie zu g\u00fcnstigen Preisen an. Dank unseres eigenen Lagers in der Schweiz k\u00f6nnen wir Ihnen eine schnelle Lieferung am n\u00e4chsten Tag garantieren.\",\"legalName\":\"Resyx GmbH\",\"foundingDate\":\"2022-12-22\",\"numberOfEmployees\":{\"@type\":\"QuantitativeValue\",\"minValue\":\"1\",\"maxValue\":\"10\"}}]}<\/script>\n<meta property=\"og:video\" content=\"https:\/\/www.youtube.com\/embed\/hfNWny81xlI\" \/>\n<meta property=\"og:video:type\" content=\"text\/html\" \/>\n<meta property=\"og:video:duration\" content=\"87\" \/>\n<meta property=\"og:video:width\" content=\"480\" \/>\n<meta property=\"og:video:height\" content=\"270\" \/>\n<meta property=\"ya:ovs:adult\" content=\"false\" \/>\n<meta property=\"ya:ovs:upload_date\" content=\"2023-12-20T07:58:44+00:00\" \/>\n<meta property=\"ya:ovs:allow_embed\" content=\"true\" \/>\n<meta property=\"og:availability\" content=\"instock\" \/>\n<meta property=\"product:availability\" content=\"instock\" \/>\n<meta property=\"product:retailer_item_id\" content=\"LX223\" \/>\n<meta property=\"product:condition\" content=\"new\" \/>\n<!-- \/ Yoast SEO Premium plugin. -->","yoast_head_json":{"title":"ALICE Smart Garden 8 - Litrax - Hydroponische Systeme","description":"ALICE Smart Garden 8 - LED Pflanzenwachstumslichter mit Vollspektrum- Technologie f\u00fcr ganzj\u00e4hrige Frische und optimales Pflanzenwachstum.","robots":{"index":"index","follow":"follow","max-snippet":"max-snippet:-1","max-image-preview":"max-image-preview:large","max-video-preview":"max-video-preview:-1"},"canonical":"https:\/\/litrax.ch\/de\/shop\/alice-smart-garden-8\/","og_locale":"de_DE","og_type":"article","og_title":"ALICE Smart Garden 8","og_description":"ALICE Smart Garden 8 - LED Pflanzenwachstumslichter mit Vollspektrum- Technologie f\u00fcr ganzj\u00e4hrige Frische und optimales Pflanzenwachstum.","og_url":"https:\/\/litrax.ch\/de\/shop\/alice-smart-garden-8\/","og_site_name":"Litrax - Hydroponische Systeme","article_publisher":"https:\/\/www.facebook.com\/Litrax.ch","article_modified_time":"2026-04-17T05:05:04+00:00","og_image":[{"width":1000,"height":667,"url":"https:\/\/litrax.ch\/wp-content\/uploads\/2023\/12\/LX223_Trans.png","type":"image\/png"}],"twitter_card":"summary_large_image","twitter_misc":{"Verf\u00fcgbarkeit":"Auf Lager"},"schema":{"@context":"https:\/\/schema.org","@graph":[{"@type":"WebPage","@id":"https:\/\/litrax.ch\/de\/shop\/alice-smart-garden-8\/","url":"https:\/\/litrax.ch\/de\/shop\/alice-smart-garden-8\/","name":"ALICE Smart Garden 8 - Litrax - Hydroponische Systeme","isPartOf":{"@id":"https:\/\/litrax.ch\/de\/#website"},"primaryImageOfPage":{"@id":"https:\/\/litrax.ch\/de\/shop\/alice-smart-garden-8\/#primaryimage"},"image":{"@id":"https:\/\/litrax.ch\/de\/shop\/alice-smart-garden-8\/#primaryimage"},"thumbnailUrl":"https:\/\/litrax.ch\/wp-content\/uploads\/2023\/12\/LX223_Trans.png","datePublished":"2023-12-20T07:58:44+00:00","dateModified":"2026-04-17T05:05:04+00:00","description":"ALICE Smart Garden 8 - LED Pflanzenwachstumslichter mit Vollspektrum- Technologie f\u00fcr ganzj\u00e4hrige Frische und optimales Pflanzenwachstum.","breadcrumb":{"@id":"https:\/\/litrax.ch\/de\/shop\/alice-smart-garden-8\/#breadcrumb"},"inLanguage":"de","potentialAction":[{"@type":"ReadAction","target":["https:\/\/litrax.ch\/de\/shop\/alice-smart-garden-8\/"]}]},{"@type":"ImageObject","inLanguage":"de","@id":"https:\/\/litrax.ch\/de\/shop\/alice-smart-garden-8\/#primaryimage","url":"https:\/\/litrax.ch\/wp-content\/uploads\/2023\/12\/LX223_Trans.png","contentUrl":"https:\/\/litrax.ch\/wp-content\/uploads\/2023\/12\/LX223_Trans.png","width":1000,"height":667},{"@type":"BreadcrumbList","@id":"https:\/\/litrax.ch\/de\/shop\/alice-smart-garden-8\/#breadcrumb","itemListElement":[{"@type":"ListItem","position":1,"name":"Startseite","item":"https:\/\/litrax.ch\/de\/"},{"@type":"ListItem","position":2,"name":"Shop","item":"https:\/\/litrax.ch\/de\/shop\/"},{"@type":"ListItem","position":3,"name":"ALICE Smart Garden 8"}]},{"@type":"WebSite","@id":"https:\/\/litrax.ch\/de\/#website","url":"https:\/\/litrax.ch\/de\/","name":"Litrax - Hydroponische Systeme","description":"Erlebe Hydroponik - der erdlose Gartengenuss.","publisher":{"@id":"https:\/\/litrax.ch\/de\/#organization"},"alternateName":"Litrax","potentialAction":[{"@type":"SearchAction","target":{"@type":"EntryPoint","urlTemplate":"https:\/\/litrax.ch\/de\/?s={search_term_string}"},"query-input":{"@type":"PropertyValueSpecification","valueRequired":true,"valueName":"search_term_string"}}],"inLanguage":"de"},{"@type":"Organization","@id":"https:\/\/litrax.ch\/de\/#organization","name":"Litrax - Hydroponische Systeme","alternateName":"Litrax","url":"https:\/\/litrax.ch\/de\/","logo":{"@type":"ImageObject","inLanguage":"de","@id":"https:\/\/litrax.ch\/de\/#\/schema\/logo\/image\/","url":"https:\/\/litrax.ch\/wp-content\/uploads\/2024\/03\/facivon.png","contentUrl":"https:\/\/litrax.ch\/wp-content\/uploads\/2024\/03\/facivon.png","width":150,"height":150,"caption":"Litrax - Hydroponische Systeme"},"image":{"@id":"https:\/\/litrax.ch\/de\/#\/schema\/logo\/image\/"},"sameAs":["https:\/\/www.facebook.com\/Litrax.ch","https:\/\/www.instagram.com\/litrax.ch\/","https:\/\/www.tiktok.com\/@litrax.ch"],"description":"Willkommen bei Litrax \u2013 Ihrem f\u00fchrenden Online-Shop f\u00fcr hochwertige hydroponische Gartensysteme! Wir bieten eine breite Palette an L\u00f6sungen f\u00fcr Privatpersonen, Restaurants und industrielle Gro\u00dfsysteme, um Ihnen zu helfen, Ihre eigene gr\u00fcne Oase zu schaffen, unabh\u00e4ngig von Ihrem Bedarf oder Ihrer Gr\u00f6\u00dfe. F\u00fcr Haushalte\/B\u00fcros: Entdecken Sie die Freude am G\u00e4rtnern in Ihrem eigenen Zuhause mit unseren einfach zu bedienenden hydroponischen Gartensystemen. Egal, ob Sie auf einem Balkon, einer Terrasse oder in Ihrem Wohnzimmer g\u00e4rtnern m\u00f6chten \u2013 wir haben das passende System f\u00fcr Sie. Genie\u00dfen Sie frisches Gem\u00fcse, aromatische Kr\u00e4uter und farbenfrohe Blumen das ganze Jahr \u00fcber, direkt aus Ihrem hydroponischen Garten. F\u00fcr Restaurants: Steigern Sie die Qualit\u00e4t Ihrer Gerichte und beeindrucken Sie Ihre G\u00e4ste mit frischen, geschmacksintensiven Zutaten aus unserem Sortiment an hydroponischen Gartensystemen f\u00fcr den gastronomischen Bereich. Unsere Systeme sind platzsparend, effizient und einfach zu bedienen, so dass Sie Ihre eigenen Zutaten direkt in Ihrer K\u00fcche anbauen k\u00f6nnen. Erleben Sie die Freude an nachhaltigem G\u00e4rtnern und lassen Sie Ihre kulinarischen Kreationen erstrahlen. Industrielle Gro\u00dfsysteme: Optimieren Sie Ihre landwirtschaftliche Produktion mit unseren ma\u00dfgeschneiderten hydroponischen Gro\u00dfsystemen. Von vertikalen Farmen bis hin zu automatisierten Anlagen bieten wir skalierbare L\u00f6sungen f\u00fcr maximale Effizienz und Produktivit\u00e4t. Nutzen Sie die Vorteile der hydroponischen Landwirtschaft, um Ihre Ernteertr\u00e4ge zu steigern, Platz zu sparen und Ressourcen zu optimieren. Erfahren Sie, wie unsere Systeme die Zukunft der industriellen Landwirtschaft gestalten k\u00f6nnen. Bei Litrax legen wir Wert auf Qualit\u00e4t und Kundenzufriedenheit. Unsere Produkte sind sorgf\u00e4ltig ausgew\u00e4hlt, um Ihnen die besten Ergebnisse zu garantieren, und wir bieten sie zu g\u00fcnstigen Preisen an. Dank unseres eigenen Lagers in der Schweiz k\u00f6nnen wir Ihnen eine schnelle Lieferung am n\u00e4chsten Tag garantieren.","legalName":"Resyx GmbH","foundingDate":"2022-12-22","numberOfEmployees":{"@type":"QuantitativeValue","minValue":"1","maxValue":"10"}}]},"og_video":"https:\/\/www.youtube.com\/embed\/hfNWny81xlI","og_video_type":"text\/html","og_video_duration":"87","og_video_width":"480","og_video_height":"270","ya_ovs_adult":"false","ya_ovs_upload_date":"2023-12-20T07:58:44+00:00","ya_ovs_allow_embed":"true","og_availability":"instock","product_availability":"instock","product_retailer_item_id":"LX223","product_condition":"new"},"_links":{"self":[{"href":"https:\/\/litrax.ch\/de\/wp-json\/wp\/v2\/product\/16891","targetHints":{"allow":["GET"]}}],"collection":[{"href":"https:\/\/litrax.ch\/de\/wp-json\/wp\/v2\/product"}],"about":[{"href":"https:\/\/litrax.ch\/de\/wp-json\/wp\/v2\/types\/product"}],"replies":[{"embeddable":true,"href":"https:\/\/litrax.ch\/de\/wp-json\/wp\/v2\/comments?post=16891"}],"wp:featuredmedia":[{"embeddable":true,"href":"https:\/\/litrax.ch\/de\/wp-json\/wp\/v2\/media\/17084"}],"wp:attachment":[{"href":"https:\/\/litrax.ch\/de\/wp-json\/wp\/v2\/media?parent=16891"}],"wp:term":[{"taxonomy":"product_brand","embeddable":true,"href":"https:\/\/litrax.ch\/de\/wp-json\/wp\/v2\/product_brand?post=16891"},{"taxonomy":"product_cat","embeddable":true,"href":"https:\/\/litrax.ch\/de\/wp-json\/wp\/v2\/product_cat?post=16891"},{"taxonomy":"product_tag","embeddable":true,"href":"https:\/\/litrax.ch\/de\/wp-json\/wp\/v2\/product_tag?post=16891"}],"curies":[{"name":"wp","href":"https:\/\/api.w.org\/{rel}","templated":true}]}}