{"id":16986,"date":"2023-12-22T08:36:05","date_gmt":"2023-12-22T08:36:05","guid":{"rendered":"https:\/\/litrax.ch\/?post_type=product&#038;p=16986"},"modified":"2026-04-29T05:04:23","modified_gmt":"2026-04-29T05:04:23","slug":"lx202","status":"publish","type":"product","link":"https:\/\/litrax.ch\/de\/shop\/lx202\/","title":{"rendered":"ROBIN Smart Garden 12"},"content":{"rendered":"<p><strong>LITRAX Intelligentes Hydroponik-Innengartensystem \u2013 Frische, Innovation und Stil in einem kompakten Design<\/strong><\/p>\n<p>Verwandeln Sie Ihr Zuhause, B\u00fcro oder Restaurant in eine gr\u00fcne Oase mit dem LITRAX Hydroponik-System, das smarte Technologie und \u00e4sthetisches Design perfekt vereint. Dieses System ist speziell f\u00fcr alle entwickelt, die Pflanzenpflege einfach und effizient gestalten m\u00f6chten \u2013 ohne auf Stil und Funktionalit\u00e4t zu verzichten.<\/p>\n<h3><strong>Entwickelt f\u00fcr moderne G\u00e4rtner: Die wichtigsten Features auf einen Blick<\/strong><\/h3>\n<ul>\n<li><strong>Platz f\u00fcr bis zu 12 Pflanzen auf kleinstem Raum<\/strong><br \/>\nMit einer kompakten Bauweise (39 \u00d7 30 \u00d7 16 cm) und justierbaren LED-Lichtern w\u00e4chst Ihr Kr\u00e4utergarten auf bis zu 50 cm H\u00f6he. Ideal f\u00fcr kleine R\u00e4ume, K\u00fcchen und andere Indoor-Bereiche \u2013 so haben Sie frisches Gr\u00fcn stets griffbereit.<\/li>\n<li><strong>H\u00f6henverstellbare, energiesparende LED-Technologie<\/strong><br \/>\nDas leistungsstarke LED-Wachstumslicht im oberen Bereich des Systems ist h\u00f6henverstellbar und passt sich an das Wachstum Ihrer Pflanzen an. Dank Timerfunktion sorgt das LED-Licht automatisch f\u00fcr die perfekte Beleuchtung \u2013 unabh\u00e4ngig von der Tageszeit.<\/li>\n<li><strong>Smart-Touch-Bedienung f\u00fcr m\u00fchelosen Anbau<\/strong><br \/>\nW\u00e4hlen Sie mit einem einfachen Fingertipp zwischen den vorprogrammierten Wachstumsmodi f\u00fcr Gem\u00fcse und Fr\u00fcchte, um optimale Bedingungen f\u00fcr Ihre Pflanzen zu schaffen.<\/li>\n<li><strong>Leistungsstarke Wasserpumpe und integrierter Ventilator<\/strong><br \/>\nDie integrierte Wasserpumpe h\u00e4lt das Wasser in Bewegung, vermeidet stehendes Wasser und f\u00f6rdert eine gesunde Sauerstoffzufuhr zu den Wurzeln. Ein sanfter Ventilator im Geh\u00e4use verbessert die Luftzirkulation und unterst\u00fctzt die Best\u00e4ubung f\u00fcr ein gleichm\u00e4\u00dfiges, kr\u00e4ftiges Wachstum.<\/li>\n<li><strong>Modernes und vielseitiges Design in Schwarz oder Wei\u00df<\/strong><br \/>\nIn den edlen Farben Schwarz und Wei\u00df f\u00fcgt sich das System nahtlos in jede Umgebung ein \u2013 ob Zuhause, im B\u00fcro oder Restaurant. Ein zeitloses Design, das Stil mit Nutzen vereint.<\/li>\n<li><strong>Praktische und nachhaltige Materialwahl<\/strong><br \/>\nDas robuste Geh\u00e4use aus hochwertigem Kunststoff gew\u00e4hrleistet Langlebigkeit und Stabilit\u00e4t, w\u00e4hrend die pflegeleichte Konstruktion m\u00fchelose Wartung erm\u00f6glicht.<\/li>\n<\/ul>\n<h3><strong>F\u00fcr jeden Raum eine gr\u00fcne L\u00f6sung: K\u00fcche, B\u00fcro, Zuhause und mehr<\/strong><\/h3>\n<p>Erleben Sie das ganze Jahr \u00fcber das frische Gr\u00fcn Ihrer Lieblingspflanzen. Der LITRAX Innengarten l\u00e4sst Sie Indoor-G\u00e4rtnern auf einem neuen Niveau genie\u00dfen und bringt das Beste aus modernster Technik und nat\u00fcrlichem Wachstum zusammen. Lassen Sie Ihre Pflanzen in einer konstant optimalen Umgebung gedeihen \u2013 einfach, effizient und elegant.<\/p>\n<p><strong>LITRAX \u2013 Ihr Partner f\u00fcr smarte, m\u00fchelose Pflanzenpflege im Innenbereich. G\u00e4rtnern Sie wie ein Profi \u2013 mit dem LITRAX Hydroponik-System.<\/strong><\/p>\n","protected":false},"excerpt":{"rendered":"<p>LITRAX Intelligentes Hydroponik-Innengartensystem \u2013 Frische, Innovation und Stil in einem kompakten Design Verwandeln Sie Ihr Zuhause, B\u00fcro oder Restaurant in eine gr\u00fcne Oase mit dem LITRAX Hydroponik-System, das smarte Technologie und \u00e4sthetisches Design perfekt vereint. Dieses System ist speziell f\u00fcr alle entwickelt, die Pflanzenpflege einfach und effizient gestalten m\u00f6chten \u2013 ohne auf Stil und Funktionalit\u00e4t [&hellip;]<\/p>\n","protected":false},"featured_media":17061,"comment_status":"open","ping_status":"closed","template":"","meta":[],"product_brand":[],"product_cat":[21],"product_tag":[748],"class_list":{"0":"post-16986","1":"product","2":"type-product","3":"status-publish","4":"has-post-thumbnail","6":"product_cat-hydroponik","7":"product_tag-indoor","9":"first","10":"instock","11":"taxable","12":"shipping-taxable","13":"purchasable","14":"product-type-variable","15":"has-default-attributes"},"yoast_head":"<!-- This site is optimized with the Yoast SEO Premium plugin v26.7 (Yoast SEO v27.4) - https:\/\/yoast.com\/product\/yoast-seo-premium-wordpress\/ -->\n<title>ROBIN Smart Garden 12 - Litrax - Hydroponische Systeme<\/title>\n<meta name=\"robots\" content=\"index, follow, max-snippet:-1, max-image-preview:large, max-video-preview:-1\" \/>\n<link rel=\"canonical\" href=\"https:\/\/litrax.ch\/de\/shop\/lx202\/\" \/>\n<meta property=\"og:locale\" content=\"de_DE\" \/>\n<meta property=\"og:type\" content=\"article\" \/>\n<meta property=\"og:title\" content=\"ROBIN Smart Garden 12\" \/>\n<meta property=\"og:description\" content=\"LITRAX Intelligentes Hydroponik-Innengartensystem \u2013 Frische, Innovation und Stil in einem kompakten Design Verwandeln Sie Ihr Zuhause, B\u00fcro oder Restaurant in eine gr\u00fcne Oase mit dem LITRAX Hydroponik-System, das smarte Technologie und \u00e4sthetisches Design perfekt vereint. Dieses System ist speziell f\u00fcr alle entwickelt, die Pflanzenpflege einfach und effizient gestalten m\u00f6chten \u2013 ohne auf Stil und Funktionalit\u00e4t [&hellip;]\" \/>\n<meta property=\"og:url\" content=\"https:\/\/litrax.ch\/de\/shop\/lx202\/\" \/>\n<meta property=\"og:site_name\" content=\"Litrax - Hydroponische Systeme\" \/>\n<meta property=\"article:publisher\" content=\"https:\/\/www.facebook.com\/Litrax.ch\" \/>\n<meta property=\"article:modified_time\" content=\"2026-04-29T05:04:23+00:00\" \/>\n<meta property=\"og:image\" content=\"https:\/\/litrax.ch\/wp-content\/uploads\/2023\/12\/LX202_Trans.png\" \/>\n\t<meta property=\"og:image:width\" content=\"1000\" \/>\n\t<meta property=\"og:image:height\" content=\"667\" \/>\n\t<meta property=\"og:image:type\" content=\"image\/png\" \/>\n<meta name=\"twitter:card\" content=\"summary_large_image\" \/>\n<meta name=\"twitter:label1\" content=\"Verf\u00fcgbarkeit\" \/>\n\t<meta name=\"twitter:data1\" content=\"Auf Lager\" \/>\n<script type=\"application\/ld+json\" class=\"yoast-schema-graph\">{\"@context\":\"https:\\\/\\\/schema.org\",\"@graph\":[{\"@type\":\"WebPage\",\"@id\":\"https:\\\/\\\/litrax.ch\\\/de\\\/shop\\\/lx202\\\/\",\"url\":\"https:\\\/\\\/litrax.ch\\\/de\\\/shop\\\/lx202\\\/\",\"name\":\"ROBIN Smart Garden 12 - Litrax - Hydroponische Systeme\",\"isPartOf\":{\"@id\":\"https:\\\/\\\/litrax.ch\\\/de\\\/#website\"},\"primaryImageOfPage\":{\"@id\":\"https:\\\/\\\/litrax.ch\\\/de\\\/shop\\\/lx202\\\/#primaryimage\"},\"image\":{\"@id\":\"https:\\\/\\\/litrax.ch\\\/de\\\/shop\\\/lx202\\\/#primaryimage\"},\"thumbnailUrl\":\"https:\\\/\\\/litrax.ch\\\/wp-content\\\/uploads\\\/2023\\\/12\\\/LX202_Trans.png\",\"datePublished\":\"2023-12-22T08:36:05+00:00\",\"dateModified\":\"2026-04-29T05:04:23+00:00\",\"breadcrumb\":{\"@id\":\"https:\\\/\\\/litrax.ch\\\/de\\\/shop\\\/lx202\\\/#breadcrumb\"},\"inLanguage\":\"de\",\"potentialAction\":[{\"@type\":\"ReadAction\",\"target\":[\"https:\\\/\\\/litrax.ch\\\/de\\\/shop\\\/lx202\\\/\"]}]},{\"@type\":\"ImageObject\",\"inLanguage\":\"de\",\"@id\":\"https:\\\/\\\/litrax.ch\\\/de\\\/shop\\\/lx202\\\/#primaryimage\",\"url\":\"https:\\\/\\\/litrax.ch\\\/wp-content\\\/uploads\\\/2023\\\/12\\\/LX202_Trans.png\",\"contentUrl\":\"https:\\\/\\\/litrax.ch\\\/wp-content\\\/uploads\\\/2023\\\/12\\\/LX202_Trans.png\",\"width\":1000,\"height\":667,\"caption\":\"Robin Smart Garden 12\"},{\"@type\":\"BreadcrumbList\",\"@id\":\"https:\\\/\\\/litrax.ch\\\/de\\\/shop\\\/lx202\\\/#breadcrumb\",\"itemListElement\":[{\"@type\":\"ListItem\",\"position\":1,\"name\":\"Startseite\",\"item\":\"https:\\\/\\\/litrax.ch\\\/de\\\/\"},{\"@type\":\"ListItem\",\"position\":2,\"name\":\"Shop\",\"item\":\"https:\\\/\\\/litrax.ch\\\/de\\\/shop\\\/\"},{\"@type\":\"ListItem\",\"position\":3,\"name\":\"ROBIN Smart Garden 12\"}]},{\"@type\":\"WebSite\",\"@id\":\"https:\\\/\\\/litrax.ch\\\/de\\\/#website\",\"url\":\"https:\\\/\\\/litrax.ch\\\/de\\\/\",\"name\":\"Litrax - Hydroponische Systeme\",\"description\":\"Erlebe Hydroponik - der erdlose Gartengenuss.\",\"publisher\":{\"@id\":\"https:\\\/\\\/litrax.ch\\\/de\\\/#organization\"},\"alternateName\":\"Litrax\",\"potentialAction\":[{\"@type\":\"SearchAction\",\"target\":{\"@type\":\"EntryPoint\",\"urlTemplate\":\"https:\\\/\\\/litrax.ch\\\/de\\\/?s={search_term_string}\"},\"query-input\":{\"@type\":\"PropertyValueSpecification\",\"valueRequired\":true,\"valueName\":\"search_term_string\"}}],\"inLanguage\":\"de\"},{\"@type\":\"Organization\",\"@id\":\"https:\\\/\\\/litrax.ch\\\/de\\\/#organization\",\"name\":\"Litrax - Hydroponische Systeme\",\"alternateName\":\"Litrax\",\"url\":\"https:\\\/\\\/litrax.ch\\\/de\\\/\",\"logo\":{\"@type\":\"ImageObject\",\"inLanguage\":\"de\",\"@id\":\"https:\\\/\\\/litrax.ch\\\/de\\\/#\\\/schema\\\/logo\\\/image\\\/\",\"url\":\"https:\\\/\\\/litrax.ch\\\/wp-content\\\/uploads\\\/2024\\\/03\\\/facivon.png\",\"contentUrl\":\"https:\\\/\\\/litrax.ch\\\/wp-content\\\/uploads\\\/2024\\\/03\\\/facivon.png\",\"width\":150,\"height\":150,\"caption\":\"Litrax - Hydroponische Systeme\"},\"image\":{\"@id\":\"https:\\\/\\\/litrax.ch\\\/de\\\/#\\\/schema\\\/logo\\\/image\\\/\"},\"sameAs\":[\"https:\\\/\\\/www.facebook.com\\\/Litrax.ch\",\"https:\\\/\\\/www.instagram.com\\\/litrax.ch\\\/\",\"https:\\\/\\\/www.tiktok.com\\\/@litrax.ch\"],\"description\":\"Willkommen bei Litrax \u2013 Ihrem f\u00fchrenden Online-Shop f\u00fcr hochwertige hydroponische Gartensysteme! Wir bieten eine breite Palette an L\u00f6sungen f\u00fcr Privatpersonen, Restaurants und industrielle Gro\u00dfsysteme, um Ihnen zu helfen, Ihre eigene gr\u00fcne Oase zu schaffen, unabh\u00e4ngig von Ihrem Bedarf oder Ihrer Gr\u00f6\u00dfe. F\u00fcr Haushalte\\\/B\u00fcros: Entdecken Sie die Freude am G\u00e4rtnern in Ihrem eigenen Zuhause mit unseren einfach zu bedienenden hydroponischen Gartensystemen. Egal, ob Sie auf einem Balkon, einer Terrasse oder in Ihrem Wohnzimmer g\u00e4rtnern m\u00f6chten \u2013 wir haben das passende System f\u00fcr Sie. Genie\u00dfen Sie frisches Gem\u00fcse, aromatische Kr\u00e4uter und farbenfrohe Blumen das ganze Jahr \u00fcber, direkt aus Ihrem hydroponischen Garten. F\u00fcr Restaurants: Steigern Sie die Qualit\u00e4t Ihrer Gerichte und beeindrucken Sie Ihre G\u00e4ste mit frischen, geschmacksintensiven Zutaten aus unserem Sortiment an hydroponischen Gartensystemen f\u00fcr den gastronomischen Bereich. Unsere Systeme sind platzsparend, effizient und einfach zu bedienen, so dass Sie Ihre eigenen Zutaten direkt in Ihrer K\u00fcche anbauen k\u00f6nnen. Erleben Sie die Freude an nachhaltigem G\u00e4rtnern und lassen Sie Ihre kulinarischen Kreationen erstrahlen. Industrielle Gro\u00dfsysteme: Optimieren Sie Ihre landwirtschaftliche Produktion mit unseren ma\u00dfgeschneiderten hydroponischen Gro\u00dfsystemen. Von vertikalen Farmen bis hin zu automatisierten Anlagen bieten wir skalierbare L\u00f6sungen f\u00fcr maximale Effizienz und Produktivit\u00e4t. Nutzen Sie die Vorteile der hydroponischen Landwirtschaft, um Ihre Ernteertr\u00e4ge zu steigern, Platz zu sparen und Ressourcen zu optimieren. Erfahren Sie, wie unsere Systeme die Zukunft der industriellen Landwirtschaft gestalten k\u00f6nnen. Bei Litrax legen wir Wert auf Qualit\u00e4t und Kundenzufriedenheit. Unsere Produkte sind sorgf\u00e4ltig ausgew\u00e4hlt, um Ihnen die besten Ergebnisse zu garantieren, und wir bieten sie zu g\u00fcnstigen Preisen an. Dank unseres eigenen Lagers in der Schweiz k\u00f6nnen wir Ihnen eine schnelle Lieferung am n\u00e4chsten Tag garantieren.\",\"legalName\":\"Resyx GmbH\",\"foundingDate\":\"2022-12-22\",\"numberOfEmployees\":{\"@type\":\"QuantitativeValue\",\"minValue\":\"1\",\"maxValue\":\"10\"}}]}<\/script>\n<meta property=\"og:availability\" content=\"instock\" \/>\n<meta property=\"product:availability\" content=\"instock\" \/>\n<meta property=\"product:retailer_item_id\" content=\"LX202\" \/>\n<meta property=\"product:condition\" content=\"new\" \/>\n<!-- \/ Yoast SEO Premium plugin. -->","yoast_head_json":{"title":"ROBIN Smart Garden 12 - Litrax - Hydroponische Systeme","robots":{"index":"index","follow":"follow","max-snippet":"max-snippet:-1","max-image-preview":"max-image-preview:large","max-video-preview":"max-video-preview:-1"},"canonical":"https:\/\/litrax.ch\/de\/shop\/lx202\/","og_locale":"de_DE","og_type":"article","og_title":"ROBIN Smart Garden 12","og_description":"LITRAX Intelligentes Hydroponik-Innengartensystem \u2013 Frische, Innovation und Stil in einem kompakten Design Verwandeln Sie Ihr Zuhause, B\u00fcro oder Restaurant in eine gr\u00fcne Oase mit dem LITRAX Hydroponik-System, das smarte Technologie und \u00e4sthetisches Design perfekt vereint. Dieses System ist speziell f\u00fcr alle entwickelt, die Pflanzenpflege einfach und effizient gestalten m\u00f6chten \u2013 ohne auf Stil und Funktionalit\u00e4t [&hellip;]","og_url":"https:\/\/litrax.ch\/de\/shop\/lx202\/","og_site_name":"Litrax - Hydroponische Systeme","article_publisher":"https:\/\/www.facebook.com\/Litrax.ch","article_modified_time":"2026-04-29T05:04:23+00:00","og_image":[{"width":1000,"height":667,"url":"https:\/\/litrax.ch\/wp-content\/uploads\/2023\/12\/LX202_Trans.png","type":"image\/png"}],"twitter_card":"summary_large_image","twitter_misc":{"Verf\u00fcgbarkeit":"Auf Lager"},"schema":{"@context":"https:\/\/schema.org","@graph":[{"@type":"WebPage","@id":"https:\/\/litrax.ch\/de\/shop\/lx202\/","url":"https:\/\/litrax.ch\/de\/shop\/lx202\/","name":"ROBIN Smart Garden 12 - Litrax - Hydroponische Systeme","isPartOf":{"@id":"https:\/\/litrax.ch\/de\/#website"},"primaryImageOfPage":{"@id":"https:\/\/litrax.ch\/de\/shop\/lx202\/#primaryimage"},"image":{"@id":"https:\/\/litrax.ch\/de\/shop\/lx202\/#primaryimage"},"thumbnailUrl":"https:\/\/litrax.ch\/wp-content\/uploads\/2023\/12\/LX202_Trans.png","datePublished":"2023-12-22T08:36:05+00:00","dateModified":"2026-04-29T05:04:23+00:00","breadcrumb":{"@id":"https:\/\/litrax.ch\/de\/shop\/lx202\/#breadcrumb"},"inLanguage":"de","potentialAction":[{"@type":"ReadAction","target":["https:\/\/litrax.ch\/de\/shop\/lx202\/"]}]},{"@type":"ImageObject","inLanguage":"de","@id":"https:\/\/litrax.ch\/de\/shop\/lx202\/#primaryimage","url":"https:\/\/litrax.ch\/wp-content\/uploads\/2023\/12\/LX202_Trans.png","contentUrl":"https:\/\/litrax.ch\/wp-content\/uploads\/2023\/12\/LX202_Trans.png","width":1000,"height":667,"caption":"Robin Smart Garden 12"},{"@type":"BreadcrumbList","@id":"https:\/\/litrax.ch\/de\/shop\/lx202\/#breadcrumb","itemListElement":[{"@type":"ListItem","position":1,"name":"Startseite","item":"https:\/\/litrax.ch\/de\/"},{"@type":"ListItem","position":2,"name":"Shop","item":"https:\/\/litrax.ch\/de\/shop\/"},{"@type":"ListItem","position":3,"name":"ROBIN Smart Garden 12"}]},{"@type":"WebSite","@id":"https:\/\/litrax.ch\/de\/#website","url":"https:\/\/litrax.ch\/de\/","name":"Litrax - Hydroponische Systeme","description":"Erlebe Hydroponik - der erdlose Gartengenuss.","publisher":{"@id":"https:\/\/litrax.ch\/de\/#organization"},"alternateName":"Litrax","potentialAction":[{"@type":"SearchAction","target":{"@type":"EntryPoint","urlTemplate":"https:\/\/litrax.ch\/de\/?s={search_term_string}"},"query-input":{"@type":"PropertyValueSpecification","valueRequired":true,"valueName":"search_term_string"}}],"inLanguage":"de"},{"@type":"Organization","@id":"https:\/\/litrax.ch\/de\/#organization","name":"Litrax - Hydroponische Systeme","alternateName":"Litrax","url":"https:\/\/litrax.ch\/de\/","logo":{"@type":"ImageObject","inLanguage":"de","@id":"https:\/\/litrax.ch\/de\/#\/schema\/logo\/image\/","url":"https:\/\/litrax.ch\/wp-content\/uploads\/2024\/03\/facivon.png","contentUrl":"https:\/\/litrax.ch\/wp-content\/uploads\/2024\/03\/facivon.png","width":150,"height":150,"caption":"Litrax - Hydroponische Systeme"},"image":{"@id":"https:\/\/litrax.ch\/de\/#\/schema\/logo\/image\/"},"sameAs":["https:\/\/www.facebook.com\/Litrax.ch","https:\/\/www.instagram.com\/litrax.ch\/","https:\/\/www.tiktok.com\/@litrax.ch"],"description":"Willkommen bei Litrax \u2013 Ihrem f\u00fchrenden Online-Shop f\u00fcr hochwertige hydroponische Gartensysteme! Wir bieten eine breite Palette an L\u00f6sungen f\u00fcr Privatpersonen, Restaurants und industrielle Gro\u00dfsysteme, um Ihnen zu helfen, Ihre eigene gr\u00fcne Oase zu schaffen, unabh\u00e4ngig von Ihrem Bedarf oder Ihrer Gr\u00f6\u00dfe. F\u00fcr Haushalte\/B\u00fcros: Entdecken Sie die Freude am G\u00e4rtnern in Ihrem eigenen Zuhause mit unseren einfach zu bedienenden hydroponischen Gartensystemen. Egal, ob Sie auf einem Balkon, einer Terrasse oder in Ihrem Wohnzimmer g\u00e4rtnern m\u00f6chten \u2013 wir haben das passende System f\u00fcr Sie. Genie\u00dfen Sie frisches Gem\u00fcse, aromatische Kr\u00e4uter und farbenfrohe Blumen das ganze Jahr \u00fcber, direkt aus Ihrem hydroponischen Garten. F\u00fcr Restaurants: Steigern Sie die Qualit\u00e4t Ihrer Gerichte und beeindrucken Sie Ihre G\u00e4ste mit frischen, geschmacksintensiven Zutaten aus unserem Sortiment an hydroponischen Gartensystemen f\u00fcr den gastronomischen Bereich. Unsere Systeme sind platzsparend, effizient und einfach zu bedienen, so dass Sie Ihre eigenen Zutaten direkt in Ihrer K\u00fcche anbauen k\u00f6nnen. Erleben Sie die Freude an nachhaltigem G\u00e4rtnern und lassen Sie Ihre kulinarischen Kreationen erstrahlen. Industrielle Gro\u00dfsysteme: Optimieren Sie Ihre landwirtschaftliche Produktion mit unseren ma\u00dfgeschneiderten hydroponischen Gro\u00dfsystemen. Von vertikalen Farmen bis hin zu automatisierten Anlagen bieten wir skalierbare L\u00f6sungen f\u00fcr maximale Effizienz und Produktivit\u00e4t. Nutzen Sie die Vorteile der hydroponischen Landwirtschaft, um Ihre Ernteertr\u00e4ge zu steigern, Platz zu sparen und Ressourcen zu optimieren. Erfahren Sie, wie unsere Systeme die Zukunft der industriellen Landwirtschaft gestalten k\u00f6nnen. Bei Litrax legen wir Wert auf Qualit\u00e4t und Kundenzufriedenheit. Unsere Produkte sind sorgf\u00e4ltig ausgew\u00e4hlt, um Ihnen die besten Ergebnisse zu garantieren, und wir bieten sie zu g\u00fcnstigen Preisen an. Dank unseres eigenen Lagers in der Schweiz k\u00f6nnen wir Ihnen eine schnelle Lieferung am n\u00e4chsten Tag garantieren.","legalName":"Resyx GmbH","foundingDate":"2022-12-22","numberOfEmployees":{"@type":"QuantitativeValue","minValue":"1","maxValue":"10"}}]},"og_availability":"instock","product_availability":"instock","product_retailer_item_id":"LX202","product_condition":"new"},"_links":{"self":[{"href":"https:\/\/litrax.ch\/de\/wp-json\/wp\/v2\/product\/16986","targetHints":{"allow":["GET"]}}],"collection":[{"href":"https:\/\/litrax.ch\/de\/wp-json\/wp\/v2\/product"}],"about":[{"href":"https:\/\/litrax.ch\/de\/wp-json\/wp\/v2\/types\/product"}],"replies":[{"embeddable":true,"href":"https:\/\/litrax.ch\/de\/wp-json\/wp\/v2\/comments?post=16986"}],"wp:featuredmedia":[{"embeddable":true,"href":"https:\/\/litrax.ch\/de\/wp-json\/wp\/v2\/media\/17061"}],"wp:attachment":[{"href":"https:\/\/litrax.ch\/de\/wp-json\/wp\/v2\/media?parent=16986"}],"wp:term":[{"taxonomy":"product_brand","embeddable":true,"href":"https:\/\/litrax.ch\/de\/wp-json\/wp\/v2\/product_brand?post=16986"},{"taxonomy":"product_cat","embeddable":true,"href":"https:\/\/litrax.ch\/de\/wp-json\/wp\/v2\/product_cat?post=16986"},{"taxonomy":"product_tag","embeddable":true,"href":"https:\/\/litrax.ch\/de\/wp-json\/wp\/v2\/product_tag?post=16986"}],"curies":[{"name":"wp","href":"https:\/\/api.w.org\/{rel}","templated":true}]}}