{"id":17025,"date":"2024-01-11T08:41:50","date_gmt":"2024-01-11T08:41:50","guid":{"rendered":"https:\/\/litrax.ch\/?post_type=product&#038;p=17025"},"modified":"2026-04-18T05:04:37","modified_gmt":"2026-04-18T05:04:37","slug":"lx235","status":"publish","type":"product","link":"https:\/\/litrax.ch\/de\/shop\/lx235\/","title":{"rendered":"PETER Smart Garden 12"},"content":{"rendered":"<p>Verwandeln Sie Ihren Innenraum in eine bl\u00fchende Oase mit dem LX235 &#8211; PETER Blumengarten. Diese intelligente Gartenl\u00f6sung verf\u00fcgt \u00fcber 12 Anbaukapseln, die es Ihnen erm\u00f6glichen, gleichzeitig 12 Pflanzen zu pflegen. Die 22-Watt LED-Pflanzenleuchte, die das nat\u00fcrliche Sonnenspektrum nachahmt, sorgt f\u00fcr optimale Bedingungen f\u00fcr das Pflanzenwachstum das ganze Jahr \u00fcber. Das Hydroponiksystem bietet zwei intelligente Anbaumodi, die auf die speziellen Bed\u00fcrfnisse von Gem\u00fcse, Obst, Kr\u00e4utern und Blumen eingehen.<\/p>\n<h2>Hauptmerkmale:<\/h2>\n<h3>1. Zwei Intelligente Anbaumodi:<\/h3>\n<p>Der LX235 PETER Blumengarten bietet zwei intelligente Anbaumodi, wobei die 22-Watt LED-Pflanzenleuchte automatisch das Sonnenspektrum nachahmt, um die Photosynthese in jeder Jahreszeit zu verbessern. Passen Sie Ihre Gartenerfahrung an die spezifischen Bed\u00fcrfnisse von Gem\u00fcse, Obst, Kr\u00e4utern und Blumen an.<\/p>\n<h3>2. 12 Pflanzen auf einmal:<\/h3>\n<p>Kultivieren Sie einen vielf\u00e4ltigen Garten mit LX235, das 12 Anbaukapseln f\u00fcr das gleichzeitige Wachstum von 12 Pflanzen bietet. Die verstellbare H\u00f6he des Lichtpanels des Indoor-Gartens passt sich verschiedenen Wachstumsstadien an und bietet Vielseitigkeit mit zwei H\u00f6henoptionen.<\/p>\n<h3>3. Vollautomatischer Smart Garden:<\/h3>\n<p>Erleben Sie die einfachste Form des G\u00e4rtnerns. LX235 ist vollautomatisch und m\u00fchelos zusammenzubauen. Die LED-Pflanzenleuchte und die Wasserpumpe arbeiten automatisch, und der 3-Liter-Wassertank unterst\u00fctzt das Pflanzenwachstum f\u00fcr 1-2 Wochen. Richten Sie Ihren Indoor Smart Garden in nur drei Schritten ein, f\u00fcr ein stressfreies Gartenerlebnis.<\/p>\n<h3>4. Gesunder und Frischer Hydroponikgarten:<\/h3>\n<p>Tauchen Sie ein in die Hydroponikzucht mit LX235, reduzieren Sie Ihren CO2-Fu\u00dfabdruck und die Transportwege von Lebensmitteln um 100%. Genie\u00dfen Sie ein 30%-50% schnelleres Pflanzenwachstum mit mehr N\u00e4hrstoffen und Vitaminen. Freuen Sie sich das ganze Jahr \u00fcber an frischem Gr\u00fcn ohne Pestizide, Herbizide oder GVOs. Verwandeln Sie Ihre Pflanzen m\u00fchelos in k\u00f6stliche Gerichte mit dieser mini Indoor-Mobile-Farm.<\/p>\n<h3>5. Transparenter Wassertank:<\/h3>\n<p>Verfolgen Sie das Wunder mit dem transparenten Wassertank, der es Ihnen erm\u00f6glicht, sowohl den Wasserstand als auch das Wachstum der wei\u00dfen Wurzeln zu beobachten. Ein fesselndes und lehrreiches Erlebnis f\u00fcr alle, besonders faszinierend f\u00fcr Kinder.<\/p>\n","protected":false},"excerpt":{"rendered":"<p>12 Pods Indoor Smart Garden mit LED-Pflanzenleuchten Weiss<\/p>\n","protected":false},"featured_media":17087,"comment_status":"open","ping_status":"closed","template":"","meta":[],"product_brand":[],"product_cat":[21],"product_tag":[748],"class_list":{"0":"post-17025","1":"product","2":"type-product","3":"status-publish","4":"has-post-thumbnail","6":"product_cat-hydroponik","7":"product_tag-indoor","9":"first","10":"outofstock","11":"taxable","12":"shipping-taxable","13":"purchasable","14":"product-type-simple"},"yoast_head":"<!-- This site is optimized with the Yoast SEO Premium plugin v26.7 (Yoast SEO v27.4) - https:\/\/yoast.com\/product\/yoast-seo-premium-wordpress\/ -->\n<title>PETER Smart Garden 12 - Litrax - Hydroponische Systeme Innovativer Indoor Garten<\/title>\n<meta name=\"description\" content=\"Entdecken Sie ein unser Innengarten System mit LED-Wachstumslicht, automatischem Timer und Wasserumw\u00e4lzung. Perfekt f\u00fcr Blattgem\u00fcse, Kr\u00e4uter und Blumen\" \/>\n<meta name=\"robots\" content=\"index, follow, max-snippet:-1, max-image-preview:large, max-video-preview:-1\" \/>\n<link rel=\"canonical\" href=\"https:\/\/litrax.ch\/de\/shop\/lx235\/\" \/>\n<meta property=\"og:locale\" content=\"de_DE\" \/>\n<meta property=\"og:type\" content=\"article\" \/>\n<meta property=\"og:title\" content=\"PETER Smart Garden 12\" \/>\n<meta property=\"og:description\" content=\"Entdecken Sie ein unser Innengarten System mit LED-Wachstumslicht, automatischem Timer und Wasserumw\u00e4lzung. Perfekt f\u00fcr Blattgem\u00fcse, Kr\u00e4uter und Blumen\" \/>\n<meta property=\"og:url\" content=\"https:\/\/litrax.ch\/de\/shop\/lx235\/\" \/>\n<meta property=\"og:site_name\" content=\"Litrax - Hydroponische Systeme\" \/>\n<meta property=\"article:publisher\" content=\"https:\/\/www.facebook.com\/Litrax.ch\" \/>\n<meta property=\"article:modified_time\" content=\"2026-04-18T05:04:37+00:00\" \/>\n<meta property=\"og:image\" content=\"https:\/\/litrax.ch\/wp-content\/uploads\/2023\/12\/LX235_Trans.png\" \/>\n\t<meta property=\"og:image:width\" content=\"1000\" \/>\n\t<meta property=\"og:image:height\" content=\"667\" \/>\n\t<meta property=\"og:image:type\" content=\"image\/png\" \/>\n<meta name=\"twitter:card\" content=\"summary_large_image\" \/>\n<meta name=\"twitter:label1\" content=\"Preis\" \/>\n\t<meta name=\"twitter:data1\" content=\"&#067;&#072;&#070;&nbsp;130.00\" \/>\n\t<meta name=\"twitter:label2\" content=\"Verf\u00fcgbarkeit\" \/>\n\t<meta name=\"twitter:data2\" content=\"ausverkauft\" \/>\n<script type=\"application\/ld+json\" class=\"yoast-schema-graph\">{\"@context\":\"https:\\\/\\\/schema.org\",\"@graph\":[{\"@type\":\"WebPage\",\"@id\":\"https:\\\/\\\/litrax.ch\\\/de\\\/shop\\\/lx235\\\/\",\"url\":\"https:\\\/\\\/litrax.ch\\\/de\\\/shop\\\/lx235\\\/\",\"name\":\"PETER Smart Garden 12 - Litrax - Hydroponische Systeme Innovativer Indoor Garten\",\"isPartOf\":{\"@id\":\"https:\\\/\\\/litrax.ch\\\/de\\\/#website\"},\"primaryImageOfPage\":{\"@id\":\"https:\\\/\\\/litrax.ch\\\/de\\\/shop\\\/lx235\\\/#primaryimage\"},\"image\":{\"@id\":\"https:\\\/\\\/litrax.ch\\\/de\\\/shop\\\/lx235\\\/#primaryimage\"},\"thumbnailUrl\":\"https:\\\/\\\/litrax.ch\\\/wp-content\\\/uploads\\\/2023\\\/12\\\/LX235_Trans.png\",\"datePublished\":\"2024-01-11T08:41:50+00:00\",\"dateModified\":\"2026-04-18T05:04:37+00:00\",\"description\":\"Entdecken Sie ein unser Innengarten System mit LED-Wachstumslicht, automatischem Timer und Wasserumw\u00e4lzung. Perfekt f\u00fcr Blattgem\u00fcse, Kr\u00e4uter und Blumen\",\"breadcrumb\":{\"@id\":\"https:\\\/\\\/litrax.ch\\\/de\\\/shop\\\/lx235\\\/#breadcrumb\"},\"inLanguage\":\"de\",\"potentialAction\":[{\"@type\":\"ReadAction\",\"target\":[\"https:\\\/\\\/litrax.ch\\\/de\\\/shop\\\/lx235\\\/\"]}]},{\"@type\":\"ImageObject\",\"inLanguage\":\"de\",\"@id\":\"https:\\\/\\\/litrax.ch\\\/de\\\/shop\\\/lx235\\\/#primaryimage\",\"url\":\"https:\\\/\\\/litrax.ch\\\/wp-content\\\/uploads\\\/2023\\\/12\\\/LX235_Trans.png\",\"contentUrl\":\"https:\\\/\\\/litrax.ch\\\/wp-content\\\/uploads\\\/2023\\\/12\\\/LX235_Trans.png\",\"width\":1000,\"height\":667},{\"@type\":\"BreadcrumbList\",\"@id\":\"https:\\\/\\\/litrax.ch\\\/de\\\/shop\\\/lx235\\\/#breadcrumb\",\"itemListElement\":[{\"@type\":\"ListItem\",\"position\":1,\"name\":\"Startseite\",\"item\":\"https:\\\/\\\/litrax.ch\\\/de\\\/\"},{\"@type\":\"ListItem\",\"position\":2,\"name\":\"Shop\",\"item\":\"https:\\\/\\\/litrax.ch\\\/de\\\/shop\\\/\"},{\"@type\":\"ListItem\",\"position\":3,\"name\":\"PETER Smart Garden 12\"}]},{\"@type\":\"WebSite\",\"@id\":\"https:\\\/\\\/litrax.ch\\\/de\\\/#website\",\"url\":\"https:\\\/\\\/litrax.ch\\\/de\\\/\",\"name\":\"Litrax - Hydroponische Systeme\",\"description\":\"Erlebe Hydroponik - der erdlose Gartengenuss.\",\"publisher\":{\"@id\":\"https:\\\/\\\/litrax.ch\\\/de\\\/#organization\"},\"alternateName\":\"Litrax\",\"potentialAction\":[{\"@type\":\"SearchAction\",\"target\":{\"@type\":\"EntryPoint\",\"urlTemplate\":\"https:\\\/\\\/litrax.ch\\\/de\\\/?s={search_term_string}\"},\"query-input\":{\"@type\":\"PropertyValueSpecification\",\"valueRequired\":true,\"valueName\":\"search_term_string\"}}],\"inLanguage\":\"de\"},{\"@type\":\"Organization\",\"@id\":\"https:\\\/\\\/litrax.ch\\\/de\\\/#organization\",\"name\":\"Litrax - Hydroponische Systeme\",\"alternateName\":\"Litrax\",\"url\":\"https:\\\/\\\/litrax.ch\\\/de\\\/\",\"logo\":{\"@type\":\"ImageObject\",\"inLanguage\":\"de\",\"@id\":\"https:\\\/\\\/litrax.ch\\\/de\\\/#\\\/schema\\\/logo\\\/image\\\/\",\"url\":\"https:\\\/\\\/litrax.ch\\\/wp-content\\\/uploads\\\/2024\\\/03\\\/facivon.png\",\"contentUrl\":\"https:\\\/\\\/litrax.ch\\\/wp-content\\\/uploads\\\/2024\\\/03\\\/facivon.png\",\"width\":150,\"height\":150,\"caption\":\"Litrax - Hydroponische Systeme\"},\"image\":{\"@id\":\"https:\\\/\\\/litrax.ch\\\/de\\\/#\\\/schema\\\/logo\\\/image\\\/\"},\"sameAs\":[\"https:\\\/\\\/www.facebook.com\\\/Litrax.ch\",\"https:\\\/\\\/www.instagram.com\\\/litrax.ch\\\/\",\"https:\\\/\\\/www.tiktok.com\\\/@litrax.ch\"],\"description\":\"Willkommen bei Litrax \u2013 Ihrem f\u00fchrenden Online-Shop f\u00fcr hochwertige hydroponische Gartensysteme! Wir bieten eine breite Palette an L\u00f6sungen f\u00fcr Privatpersonen, Restaurants und industrielle Gro\u00dfsysteme, um Ihnen zu helfen, Ihre eigene gr\u00fcne Oase zu schaffen, unabh\u00e4ngig von Ihrem Bedarf oder Ihrer Gr\u00f6\u00dfe. F\u00fcr Haushalte\\\/B\u00fcros: Entdecken Sie die Freude am G\u00e4rtnern in Ihrem eigenen Zuhause mit unseren einfach zu bedienenden hydroponischen Gartensystemen. Egal, ob Sie auf einem Balkon, einer Terrasse oder in Ihrem Wohnzimmer g\u00e4rtnern m\u00f6chten \u2013 wir haben das passende System f\u00fcr Sie. Genie\u00dfen Sie frisches Gem\u00fcse, aromatische Kr\u00e4uter und farbenfrohe Blumen das ganze Jahr \u00fcber, direkt aus Ihrem hydroponischen Garten. F\u00fcr Restaurants: Steigern Sie die Qualit\u00e4t Ihrer Gerichte und beeindrucken Sie Ihre G\u00e4ste mit frischen, geschmacksintensiven Zutaten aus unserem Sortiment an hydroponischen Gartensystemen f\u00fcr den gastronomischen Bereich. Unsere Systeme sind platzsparend, effizient und einfach zu bedienen, so dass Sie Ihre eigenen Zutaten direkt in Ihrer K\u00fcche anbauen k\u00f6nnen. Erleben Sie die Freude an nachhaltigem G\u00e4rtnern und lassen Sie Ihre kulinarischen Kreationen erstrahlen. Industrielle Gro\u00dfsysteme: Optimieren Sie Ihre landwirtschaftliche Produktion mit unseren ma\u00dfgeschneiderten hydroponischen Gro\u00dfsystemen. Von vertikalen Farmen bis hin zu automatisierten Anlagen bieten wir skalierbare L\u00f6sungen f\u00fcr maximale Effizienz und Produktivit\u00e4t. Nutzen Sie die Vorteile der hydroponischen Landwirtschaft, um Ihre Ernteertr\u00e4ge zu steigern, Platz zu sparen und Ressourcen zu optimieren. Erfahren Sie, wie unsere Systeme die Zukunft der industriellen Landwirtschaft gestalten k\u00f6nnen. Bei Litrax legen wir Wert auf Qualit\u00e4t und Kundenzufriedenheit. Unsere Produkte sind sorgf\u00e4ltig ausgew\u00e4hlt, um Ihnen die besten Ergebnisse zu garantieren, und wir bieten sie zu g\u00fcnstigen Preisen an. Dank unseres eigenen Lagers in der Schweiz k\u00f6nnen wir Ihnen eine schnelle Lieferung am n\u00e4chsten Tag garantieren.\",\"legalName\":\"Resyx GmbH\",\"foundingDate\":\"2022-12-22\",\"numberOfEmployees\":{\"@type\":\"QuantitativeValue\",\"minValue\":\"1\",\"maxValue\":\"10\"}}]}<\/script>\n<meta property=\"product:price:amount\" content=\"130.00\" \/>\n<meta property=\"product:price:currency\" content=\"CHF\" \/>\n<meta property=\"og:availability\" content=\"out of stock\" \/>\n<meta property=\"product:availability\" content=\"out of stock\" \/>\n<meta property=\"product:retailer_item_id\" content=\"LX235\" \/>\n<meta property=\"product:condition\" content=\"new\" \/>\n<!-- \/ Yoast SEO Premium plugin. -->","yoast_head_json":{"title":"PETER Smart Garden 12 - Litrax - Hydroponische Systeme Innovativer Indoor Garten","description":"Entdecken Sie ein unser Innengarten System mit LED-Wachstumslicht, automatischem Timer und Wasserumw\u00e4lzung. Perfekt f\u00fcr Blattgem\u00fcse, Kr\u00e4uter und Blumen","robots":{"index":"index","follow":"follow","max-snippet":"max-snippet:-1","max-image-preview":"max-image-preview:large","max-video-preview":"max-video-preview:-1"},"canonical":"https:\/\/litrax.ch\/de\/shop\/lx235\/","og_locale":"de_DE","og_type":"article","og_title":"PETER Smart Garden 12","og_description":"Entdecken Sie ein unser Innengarten System mit LED-Wachstumslicht, automatischem Timer und Wasserumw\u00e4lzung. Perfekt f\u00fcr Blattgem\u00fcse, Kr\u00e4uter und Blumen","og_url":"https:\/\/litrax.ch\/de\/shop\/lx235\/","og_site_name":"Litrax - Hydroponische Systeme","article_publisher":"https:\/\/www.facebook.com\/Litrax.ch","article_modified_time":"2026-04-18T05:04:37+00:00","og_image":[{"width":1000,"height":667,"url":"https:\/\/litrax.ch\/wp-content\/uploads\/2023\/12\/LX235_Trans.png","type":"image\/png"}],"twitter_card":"summary_large_image","twitter_misc":{"Preis":"&#67;&#72;&#70;&nbsp;130.00","Verf\u00fcgbarkeit":"ausverkauft"},"schema":{"@context":"https:\/\/schema.org","@graph":[{"@type":"WebPage","@id":"https:\/\/litrax.ch\/de\/shop\/lx235\/","url":"https:\/\/litrax.ch\/de\/shop\/lx235\/","name":"PETER Smart Garden 12 - Litrax - Hydroponische Systeme Innovativer Indoor Garten","isPartOf":{"@id":"https:\/\/litrax.ch\/de\/#website"},"primaryImageOfPage":{"@id":"https:\/\/litrax.ch\/de\/shop\/lx235\/#primaryimage"},"image":{"@id":"https:\/\/litrax.ch\/de\/shop\/lx235\/#primaryimage"},"thumbnailUrl":"https:\/\/litrax.ch\/wp-content\/uploads\/2023\/12\/LX235_Trans.png","datePublished":"2024-01-11T08:41:50+00:00","dateModified":"2026-04-18T05:04:37+00:00","description":"Entdecken Sie ein unser Innengarten System mit LED-Wachstumslicht, automatischem Timer und Wasserumw\u00e4lzung. Perfekt f\u00fcr Blattgem\u00fcse, Kr\u00e4uter und Blumen","breadcrumb":{"@id":"https:\/\/litrax.ch\/de\/shop\/lx235\/#breadcrumb"},"inLanguage":"de","potentialAction":[{"@type":"ReadAction","target":["https:\/\/litrax.ch\/de\/shop\/lx235\/"]}]},{"@type":"ImageObject","inLanguage":"de","@id":"https:\/\/litrax.ch\/de\/shop\/lx235\/#primaryimage","url":"https:\/\/litrax.ch\/wp-content\/uploads\/2023\/12\/LX235_Trans.png","contentUrl":"https:\/\/litrax.ch\/wp-content\/uploads\/2023\/12\/LX235_Trans.png","width":1000,"height":667},{"@type":"BreadcrumbList","@id":"https:\/\/litrax.ch\/de\/shop\/lx235\/#breadcrumb","itemListElement":[{"@type":"ListItem","position":1,"name":"Startseite","item":"https:\/\/litrax.ch\/de\/"},{"@type":"ListItem","position":2,"name":"Shop","item":"https:\/\/litrax.ch\/de\/shop\/"},{"@type":"ListItem","position":3,"name":"PETER Smart Garden 12"}]},{"@type":"WebSite","@id":"https:\/\/litrax.ch\/de\/#website","url":"https:\/\/litrax.ch\/de\/","name":"Litrax - Hydroponische Systeme","description":"Erlebe Hydroponik - der erdlose Gartengenuss.","publisher":{"@id":"https:\/\/litrax.ch\/de\/#organization"},"alternateName":"Litrax","potentialAction":[{"@type":"SearchAction","target":{"@type":"EntryPoint","urlTemplate":"https:\/\/litrax.ch\/de\/?s={search_term_string}"},"query-input":{"@type":"PropertyValueSpecification","valueRequired":true,"valueName":"search_term_string"}}],"inLanguage":"de"},{"@type":"Organization","@id":"https:\/\/litrax.ch\/de\/#organization","name":"Litrax - Hydroponische Systeme","alternateName":"Litrax","url":"https:\/\/litrax.ch\/de\/","logo":{"@type":"ImageObject","inLanguage":"de","@id":"https:\/\/litrax.ch\/de\/#\/schema\/logo\/image\/","url":"https:\/\/litrax.ch\/wp-content\/uploads\/2024\/03\/facivon.png","contentUrl":"https:\/\/litrax.ch\/wp-content\/uploads\/2024\/03\/facivon.png","width":150,"height":150,"caption":"Litrax - Hydroponische Systeme"},"image":{"@id":"https:\/\/litrax.ch\/de\/#\/schema\/logo\/image\/"},"sameAs":["https:\/\/www.facebook.com\/Litrax.ch","https:\/\/www.instagram.com\/litrax.ch\/","https:\/\/www.tiktok.com\/@litrax.ch"],"description":"Willkommen bei Litrax \u2013 Ihrem f\u00fchrenden Online-Shop f\u00fcr hochwertige hydroponische Gartensysteme! Wir bieten eine breite Palette an L\u00f6sungen f\u00fcr Privatpersonen, Restaurants und industrielle Gro\u00dfsysteme, um Ihnen zu helfen, Ihre eigene gr\u00fcne Oase zu schaffen, unabh\u00e4ngig von Ihrem Bedarf oder Ihrer Gr\u00f6\u00dfe. F\u00fcr Haushalte\/B\u00fcros: Entdecken Sie die Freude am G\u00e4rtnern in Ihrem eigenen Zuhause mit unseren einfach zu bedienenden hydroponischen Gartensystemen. Egal, ob Sie auf einem Balkon, einer Terrasse oder in Ihrem Wohnzimmer g\u00e4rtnern m\u00f6chten \u2013 wir haben das passende System f\u00fcr Sie. Genie\u00dfen Sie frisches Gem\u00fcse, aromatische Kr\u00e4uter und farbenfrohe Blumen das ganze Jahr \u00fcber, direkt aus Ihrem hydroponischen Garten. F\u00fcr Restaurants: Steigern Sie die Qualit\u00e4t Ihrer Gerichte und beeindrucken Sie Ihre G\u00e4ste mit frischen, geschmacksintensiven Zutaten aus unserem Sortiment an hydroponischen Gartensystemen f\u00fcr den gastronomischen Bereich. Unsere Systeme sind platzsparend, effizient und einfach zu bedienen, so dass Sie Ihre eigenen Zutaten direkt in Ihrer K\u00fcche anbauen k\u00f6nnen. Erleben Sie die Freude an nachhaltigem G\u00e4rtnern und lassen Sie Ihre kulinarischen Kreationen erstrahlen. Industrielle Gro\u00dfsysteme: Optimieren Sie Ihre landwirtschaftliche Produktion mit unseren ma\u00dfgeschneiderten hydroponischen Gro\u00dfsystemen. Von vertikalen Farmen bis hin zu automatisierten Anlagen bieten wir skalierbare L\u00f6sungen f\u00fcr maximale Effizienz und Produktivit\u00e4t. Nutzen Sie die Vorteile der hydroponischen Landwirtschaft, um Ihre Ernteertr\u00e4ge zu steigern, Platz zu sparen und Ressourcen zu optimieren. Erfahren Sie, wie unsere Systeme die Zukunft der industriellen Landwirtschaft gestalten k\u00f6nnen. Bei Litrax legen wir Wert auf Qualit\u00e4t und Kundenzufriedenheit. Unsere Produkte sind sorgf\u00e4ltig ausgew\u00e4hlt, um Ihnen die besten Ergebnisse zu garantieren, und wir bieten sie zu g\u00fcnstigen Preisen an. Dank unseres eigenen Lagers in der Schweiz k\u00f6nnen wir Ihnen eine schnelle Lieferung am n\u00e4chsten Tag garantieren.","legalName":"Resyx GmbH","foundingDate":"2022-12-22","numberOfEmployees":{"@type":"QuantitativeValue","minValue":"1","maxValue":"10"}}]},"product_price_amount":"130.00","product_price_currency":"CHF","og_availability":"out of stock","product_availability":"out of stock","product_retailer_item_id":"LX235","product_condition":"new"},"_links":{"self":[{"href":"https:\/\/litrax.ch\/de\/wp-json\/wp\/v2\/product\/17025","targetHints":{"allow":["GET"]}}],"collection":[{"href":"https:\/\/litrax.ch\/de\/wp-json\/wp\/v2\/product"}],"about":[{"href":"https:\/\/litrax.ch\/de\/wp-json\/wp\/v2\/types\/product"}],"replies":[{"embeddable":true,"href":"https:\/\/litrax.ch\/de\/wp-json\/wp\/v2\/comments?post=17025"}],"wp:featuredmedia":[{"embeddable":true,"href":"https:\/\/litrax.ch\/de\/wp-json\/wp\/v2\/media\/17087"}],"wp:attachment":[{"href":"https:\/\/litrax.ch\/de\/wp-json\/wp\/v2\/media?parent=17025"}],"wp:term":[{"taxonomy":"product_brand","embeddable":true,"href":"https:\/\/litrax.ch\/de\/wp-json\/wp\/v2\/product_brand?post=17025"},{"taxonomy":"product_cat","embeddable":true,"href":"https:\/\/litrax.ch\/de\/wp-json\/wp\/v2\/product_cat?post=17025"},{"taxonomy":"product_tag","embeddable":true,"href":"https:\/\/litrax.ch\/de\/wp-json\/wp\/v2\/product_tag?post=17025"}],"curies":[{"name":"wp","href":"https:\/\/api.w.org\/{rel}","templated":true}]}}