{"id":17034,"date":"2024-01-11T08:45:06","date_gmt":"2024-01-11T08:45:06","guid":{"rendered":"https:\/\/litrax.ch\/?post_type=product&#038;p=17034"},"modified":"2026-04-18T05:04:35","modified_gmt":"2026-04-18T05:04:35","slug":"sabrina-vertikale-farm","status":"publish","type":"product","link":"https:\/\/litrax.ch\/de\/shop\/sabrina-vertikale-farm\/","title":{"rendered":"SABRINA Vertikale Farm"},"content":{"rendered":"<h2>Die vertikale Farm f\u00fcr K\u00fcche und Balkon<\/h2>\n<p>Die SABRINA Indoor Farm, ein vertikaler Gem\u00fcsegarten mit 3 Ebenen und Platz f\u00fcr 48 Pflanzen mit Bl\u00e4hton (oder f\u00fcr bis zu 64 Pflanzen mit Wachstumsschw\u00e4mmen) zur Aufzucht von Gem\u00fcse, Salaten, Kr\u00e4utern, Blumen und Beeren. Die Farm verf\u00fcgt \u00fcber LED-Wachstumslichter, eine Pumpe f\u00fcr den Wasserkreislauf sowie grossz\u00fcgige Wassertanks. Erleben Sie die Zukunft des Hausg\u00e4rtnerns mit dem vollautomatischen Indoor-Vertikal-Anbausystem.<\/p>\n<h2>Hauptmerkmale<\/h2>\n<ol>\n<li><strong>N\u00e4hrfilmtechnik<\/strong>: SABRINA basiert auf dem N\u00e4hrfilm-Hydroponiksystem, das konstante Bew\u00e4sserung und F\u00fctterung der Wurzeln gew\u00e4hrleistet. Hydroponische Kultivierung reduziert Ihren CO2-Fu\u00dfabdruck um 100%, mit 30%-50% schnellerem Wachstum und erh\u00f6htem N\u00e4hrstoffgehalt. Genie\u00dfen Sie frisches, pestizidfreies Gr\u00fcn das ganze Jahr \u00fcber.<\/li>\n<li><strong>Vollautomatisches System<\/strong>: Nach initialer Einstellung l\u00e4uft das System praktisch automatisch. Die LED-Wachstumslichter, die Pumpe und die Wasserreservoirs unterst\u00fctzen den gesamten Wachstumszyklus. Das Wassermangel-Alarmsystem erinnert Sie daran, Wasser &amp; N\u00e4hrstoff nachzuf\u00fcllen, wenn n\u00f6tig.<\/li>\n<li><strong>Modulares Systemdesign<\/strong>: Das praktische modulare Design erm\u00f6glicht eine Anpassung an die Familiengr\u00f6\u00dfe und den verf\u00fcgbaren Platz. Beginnen Sie klein mit einer oder zwei Ebenen oder setzen Sie auf drei Ebenen. Die LED Lichter simulieren das Sonnenspektrum und f\u00f6rdern die Photosynthese in jeder Jahreszeit.<\/li>\n<li><strong>Anbaumedien-Optionen<\/strong>: Standard mit Platz f\u00fcr Bl\u00e4hton geliefert, k\u00f6nnen Sie auch Steinwolle oder unsere Wachstumsschw\u00e4mme verwenden. Bl\u00e4hton eignet sich perfekt f\u00fcr gr\u00f6ssere Pflanzen, w\u00e4hrend Anbauschw\u00e4mme ideal f\u00fcr Blattgem\u00fcse sind. Beide Optionen bieten eine angenehme Wachstumserfahrung.<\/li>\n<li><strong>Gro\u00dfe Wasserbeh\u00e4lterkapazit\u00e4t<\/strong>: Mit einer Gesamtkapazit\u00e4t von 23,8L + 8L + 8L , einstellbarer Beleuchtungszeit, sowie dem Wassermangel- Alarmsystem, was sicher stellt, dass Ihre Pflanzen gut versorgt sind. Die gesamte SABRINA Heimfarm verbraucht unter 100W bei voller Leistung. Die einzelnen LED Leisten sind sehr sparsam bei unter 12W.<\/li>\n<\/ol>\n<p>&nbsp;<\/p>\n<p>Die SABRINA Vertical Farm produziert Ihr Gem\u00fcse und Kr\u00e4uter \u00fcber&#8217;s ganze Jahr. Im Sommer k\u00f6nnen Sie das System als Hochbeet ohne LED Wachstumslichter draussen (Balkon, Garten) laufen lassen. Im Winter erfreuen Sie sich mit k\u00f6stlicher Frische aus der K\u00fcche &#8211; daf\u00fcr sorgt das vollautomatische System mit Wasserpumpe und Wachstumslichter, auch in Ihrer Abwesenheit w\u00e4hrend der Ferienzeit.<\/p>\n<div class=\"video-container responsive-embed widescreen\"><iframe title=\"LITRAX LX210 Instruction\" width=\"900\" height=\"506\" src=\"https:\/\/www.youtube.com\/embed\/PUbtjTM3zKI?feature=oembed&#038;enablejsapi=1&#038;origin=https:\/\/litrax.ch\" frameborder=\"0\" allow=\"accelerometer; autoplay; clipboard-write; encrypted-media; gyroscope; picture-in-picture; web-share\" referrerpolicy=\"strict-origin-when-cross-origin\" allowfullscreen><\/iframe><\/div>\n","protected":false},"excerpt":{"rendered":"<p>Die vertikale Farm f\u00fcr K\u00fcche und Balkon Die SABRINA Indoor Farm, ein vertikaler Gem\u00fcsegarten mit 3 Ebenen und Platz f\u00fcr 48 Pflanzen mit Bl\u00e4hton (oder f\u00fcr bis zu 64 Pflanzen mit Wachstumsschw\u00e4mmen) zur Aufzucht von Gem\u00fcse, Salaten, Kr\u00e4utern, Blumen und Beeren. Die Farm verf\u00fcgt \u00fcber LED-Wachstumslichter, eine Pumpe f\u00fcr den Wasserkreislauf sowie grossz\u00fcgige Wassertanks. Erleben [&hellip;]<\/p>\n","protected":false},"featured_media":20414,"comment_status":"open","ping_status":"closed","template":"","meta":[],"product_brand":[],"product_cat":[21],"product_tag":[748,782,493],"class_list":{"0":"post-17034","1":"product","2":"type-product","3":"status-publish","4":"has-post-thumbnail","6":"product_cat-hydroponik","7":"product_tag-indoor","8":"product_tag-selbstbewaessernd","9":"product_tag-vertikale-farm","11":"first","12":"outofstock","13":"sale","14":"taxable","15":"shipping-taxable","16":"purchasable","17":"product-type-simple"},"yoast_head":"<!-- This site is optimized with the Yoast SEO Premium plugin v26.7 (Yoast SEO v27.4) - https:\/\/yoast.com\/product\/yoast-seo-premium-wordpress\/ -->\n<title>SABRINA Vertikale Farm: die Zukunft des Hausg\u00e4rtnerns erleben<\/title>\n<meta name=\"description\" content=\"Mit der SABRINA Vertikale Farm bringen Sie Natur in Ihr Zuhause. Erleben Sie den vollautomatischen Anbau von Gem\u00fcse und Kr\u00e4utern. Kaufen Sie jetzt!\" \/>\n<meta name=\"robots\" content=\"index, follow, max-snippet:-1, max-image-preview:large, max-video-preview:-1\" \/>\n<link rel=\"canonical\" href=\"https:\/\/litrax.ch\/de\/shop\/sabrina-vertikale-farm\/\" \/>\n<meta property=\"og:locale\" content=\"de_DE\" \/>\n<meta property=\"og:type\" content=\"article\" \/>\n<meta property=\"og:title\" content=\"SABRINA Vertikale Farm\" \/>\n<meta property=\"og:description\" content=\"Mit der SABRINA Vertikale Farm bringen Sie Natur in Ihr Zuhause. Erleben Sie den vollautomatischen Anbau von Gem\u00fcse und Kr\u00e4utern. Kaufen Sie jetzt!\" \/>\n<meta property=\"og:url\" content=\"https:\/\/litrax.ch\/de\/shop\/sabrina-vertikale-farm\/\" \/>\n<meta property=\"og:site_name\" content=\"Litrax - Hydroponische Systeme\" \/>\n<meta property=\"article:publisher\" content=\"https:\/\/www.facebook.com\/Litrax.ch\" \/>\n<meta property=\"article:modified_time\" content=\"2026-04-18T05:04:35+00:00\" \/>\n<meta property=\"og:image\" content=\"https:\/\/litrax.ch\/wp-content\/uploads\/2024\/01\/LX210-03-SABRINA-wide-e1731355472560-1024x772.png\" \/>\n\t<meta property=\"og:image:width\" content=\"1024\" \/>\n\t<meta property=\"og:image:height\" content=\"772\" \/>\n\t<meta property=\"og:image:type\" content=\"image\/png\" \/>\n<meta name=\"twitter:card\" content=\"summary_large_image\" \/>\n<meta name=\"twitter:label1\" content=\"Preis\" \/>\n\t<meta name=\"twitter:data1\" content=\"&#067;&#072;&#070;&nbsp;591.63\" \/>\n\t<meta name=\"twitter:label2\" content=\"Verf\u00fcgbarkeit\" \/>\n\t<meta name=\"twitter:data2\" content=\"ausverkauft\" \/>\n<script type=\"application\/ld+json\" class=\"yoast-schema-graph\">{\"@context\":\"https:\\\/\\\/schema.org\",\"@graph\":[{\"@type\":\"WebPage\",\"@id\":\"https:\\\/\\\/litrax.ch\\\/de\\\/shop\\\/sabrina-vertikale-farm\\\/\",\"url\":\"https:\\\/\\\/litrax.ch\\\/de\\\/shop\\\/sabrina-vertikale-farm\\\/\",\"name\":\"SABRINA Vertikale Farm: die Zukunft des Hausg\u00e4rtnerns erleben\",\"isPartOf\":{\"@id\":\"https:\\\/\\\/litrax.ch\\\/de\\\/#website\"},\"primaryImageOfPage\":{\"@id\":\"https:\\\/\\\/litrax.ch\\\/de\\\/shop\\\/sabrina-vertikale-farm\\\/#primaryimage\"},\"image\":{\"@id\":\"https:\\\/\\\/litrax.ch\\\/de\\\/shop\\\/sabrina-vertikale-farm\\\/#primaryimage\"},\"thumbnailUrl\":\"https:\\\/\\\/litrax.ch\\\/wp-content\\\/uploads\\\/2024\\\/01\\\/LX210-03-SABRINA-wide-e1731355472560.png\",\"datePublished\":\"2024-01-11T08:45:06+00:00\",\"dateModified\":\"2026-04-18T05:04:35+00:00\",\"description\":\"Mit der SABRINA Vertikale Farm bringen Sie Natur in Ihr Zuhause. Erleben Sie den vollautomatischen Anbau von Gem\u00fcse und Kr\u00e4utern. Kaufen Sie jetzt!\",\"breadcrumb\":{\"@id\":\"https:\\\/\\\/litrax.ch\\\/de\\\/shop\\\/sabrina-vertikale-farm\\\/#breadcrumb\"},\"inLanguage\":\"de\",\"potentialAction\":[{\"@type\":\"ReadAction\",\"target\":[\"https:\\\/\\\/litrax.ch\\\/de\\\/shop\\\/sabrina-vertikale-farm\\\/\"]}]},{\"@type\":\"ImageObject\",\"inLanguage\":\"de\",\"@id\":\"https:\\\/\\\/litrax.ch\\\/de\\\/shop\\\/sabrina-vertikale-farm\\\/#primaryimage\",\"url\":\"https:\\\/\\\/litrax.ch\\\/wp-content\\\/uploads\\\/2024\\\/01\\\/LX210-03-SABRINA-wide-e1731355472560.png\",\"contentUrl\":\"https:\\\/\\\/litrax.ch\\\/wp-content\\\/uploads\\\/2024\\\/01\\\/LX210-03-SABRINA-wide-e1731355472560.png\",\"width\":2383,\"height\":1797,\"caption\":\"Vertikale Heim Farm f\u00fcr die K\u00fcche\"},{\"@type\":\"BreadcrumbList\",\"@id\":\"https:\\\/\\\/litrax.ch\\\/de\\\/shop\\\/sabrina-vertikale-farm\\\/#breadcrumb\",\"itemListElement\":[{\"@type\":\"ListItem\",\"position\":1,\"name\":\"Startseite\",\"item\":\"https:\\\/\\\/litrax.ch\\\/de\\\/\"},{\"@type\":\"ListItem\",\"position\":2,\"name\":\"Shop\",\"item\":\"https:\\\/\\\/litrax.ch\\\/de\\\/shop\\\/\"},{\"@type\":\"ListItem\",\"position\":3,\"name\":\"SABRINA Vertikale Farm\"}]},{\"@type\":\"WebSite\",\"@id\":\"https:\\\/\\\/litrax.ch\\\/de\\\/#website\",\"url\":\"https:\\\/\\\/litrax.ch\\\/de\\\/\",\"name\":\"Litrax - Hydroponische Systeme\",\"description\":\"Erlebe Hydroponik - der erdlose Gartengenuss.\",\"publisher\":{\"@id\":\"https:\\\/\\\/litrax.ch\\\/de\\\/#organization\"},\"alternateName\":\"Litrax\",\"potentialAction\":[{\"@type\":\"SearchAction\",\"target\":{\"@type\":\"EntryPoint\",\"urlTemplate\":\"https:\\\/\\\/litrax.ch\\\/de\\\/?s={search_term_string}\"},\"query-input\":{\"@type\":\"PropertyValueSpecification\",\"valueRequired\":true,\"valueName\":\"search_term_string\"}}],\"inLanguage\":\"de\"},{\"@type\":\"Organization\",\"@id\":\"https:\\\/\\\/litrax.ch\\\/de\\\/#organization\",\"name\":\"Litrax - Hydroponische Systeme\",\"alternateName\":\"Litrax\",\"url\":\"https:\\\/\\\/litrax.ch\\\/de\\\/\",\"logo\":{\"@type\":\"ImageObject\",\"inLanguage\":\"de\",\"@id\":\"https:\\\/\\\/litrax.ch\\\/de\\\/#\\\/schema\\\/logo\\\/image\\\/\",\"url\":\"https:\\\/\\\/litrax.ch\\\/wp-content\\\/uploads\\\/2024\\\/03\\\/facivon.png\",\"contentUrl\":\"https:\\\/\\\/litrax.ch\\\/wp-content\\\/uploads\\\/2024\\\/03\\\/facivon.png\",\"width\":150,\"height\":150,\"caption\":\"Litrax - Hydroponische Systeme\"},\"image\":{\"@id\":\"https:\\\/\\\/litrax.ch\\\/de\\\/#\\\/schema\\\/logo\\\/image\\\/\"},\"sameAs\":[\"https:\\\/\\\/www.facebook.com\\\/Litrax.ch\",\"https:\\\/\\\/www.instagram.com\\\/litrax.ch\\\/\",\"https:\\\/\\\/www.tiktok.com\\\/@litrax.ch\"],\"description\":\"Willkommen bei Litrax \u2013 Ihrem f\u00fchrenden Online-Shop f\u00fcr hochwertige hydroponische Gartensysteme! Wir bieten eine breite Palette an L\u00f6sungen f\u00fcr Privatpersonen, Restaurants und industrielle Gro\u00dfsysteme, um Ihnen zu helfen, Ihre eigene gr\u00fcne Oase zu schaffen, unabh\u00e4ngig von Ihrem Bedarf oder Ihrer Gr\u00f6\u00dfe. F\u00fcr Haushalte\\\/B\u00fcros: Entdecken Sie die Freude am G\u00e4rtnern in Ihrem eigenen Zuhause mit unseren einfach zu bedienenden hydroponischen Gartensystemen. Egal, ob Sie auf einem Balkon, einer Terrasse oder in Ihrem Wohnzimmer g\u00e4rtnern m\u00f6chten \u2013 wir haben das passende System f\u00fcr Sie. Genie\u00dfen Sie frisches Gem\u00fcse, aromatische Kr\u00e4uter und farbenfrohe Blumen das ganze Jahr \u00fcber, direkt aus Ihrem hydroponischen Garten. F\u00fcr Restaurants: Steigern Sie die Qualit\u00e4t Ihrer Gerichte und beeindrucken Sie Ihre G\u00e4ste mit frischen, geschmacksintensiven Zutaten aus unserem Sortiment an hydroponischen Gartensystemen f\u00fcr den gastronomischen Bereich. Unsere Systeme sind platzsparend, effizient und einfach zu bedienen, so dass Sie Ihre eigenen Zutaten direkt in Ihrer K\u00fcche anbauen k\u00f6nnen. Erleben Sie die Freude an nachhaltigem G\u00e4rtnern und lassen Sie Ihre kulinarischen Kreationen erstrahlen. Industrielle Gro\u00dfsysteme: Optimieren Sie Ihre landwirtschaftliche Produktion mit unseren ma\u00dfgeschneiderten hydroponischen Gro\u00dfsystemen. Von vertikalen Farmen bis hin zu automatisierten Anlagen bieten wir skalierbare L\u00f6sungen f\u00fcr maximale Effizienz und Produktivit\u00e4t. Nutzen Sie die Vorteile der hydroponischen Landwirtschaft, um Ihre Ernteertr\u00e4ge zu steigern, Platz zu sparen und Ressourcen zu optimieren. Erfahren Sie, wie unsere Systeme die Zukunft der industriellen Landwirtschaft gestalten k\u00f6nnen. Bei Litrax legen wir Wert auf Qualit\u00e4t und Kundenzufriedenheit. Unsere Produkte sind sorgf\u00e4ltig ausgew\u00e4hlt, um Ihnen die besten Ergebnisse zu garantieren, und wir bieten sie zu g\u00fcnstigen Preisen an. Dank unseres eigenen Lagers in der Schweiz k\u00f6nnen wir Ihnen eine schnelle Lieferung am n\u00e4chsten Tag garantieren.\",\"legalName\":\"Resyx GmbH\",\"foundingDate\":\"2022-12-22\",\"numberOfEmployees\":{\"@type\":\"QuantitativeValue\",\"minValue\":\"1\",\"maxValue\":\"10\"}}]}<\/script>\n<meta property=\"og:video\" content=\"https:\/\/www.youtube.com\/embed\/PUbtjTM3zKI\" \/>\n<meta property=\"og:video:type\" content=\"text\/html\" \/>\n<meta property=\"og:video:duration\" content=\"56\" \/>\n<meta property=\"og:video:width\" content=\"480\" \/>\n<meta property=\"og:video:height\" content=\"270\" \/>\n<meta property=\"ya:ovs:adult\" content=\"false\" \/>\n<meta property=\"ya:ovs:upload_date\" content=\"2024-01-11T08:45:06+00:00\" \/>\n<meta property=\"ya:ovs:allow_embed\" content=\"true\" \/>\n<meta property=\"product:price:amount\" content=\"591.63\" \/>\n<meta property=\"product:price:currency\" content=\"CHF\" \/>\n<meta property=\"og:availability\" content=\"out of stock\" \/>\n<meta property=\"product:availability\" content=\"out of stock\" \/>\n<meta property=\"product:retailer_item_id\" content=\"LX210-03 LED\" \/>\n<meta property=\"product:condition\" content=\"new\" \/>\n<!-- \/ Yoast SEO Premium plugin. -->","yoast_head_json":{"title":"SABRINA Vertikale Farm: die Zukunft des Hausg\u00e4rtnerns erleben","description":"Mit der SABRINA Vertikale Farm bringen Sie Natur in Ihr Zuhause. Erleben Sie den vollautomatischen Anbau von Gem\u00fcse und Kr\u00e4utern. Kaufen Sie jetzt!","robots":{"index":"index","follow":"follow","max-snippet":"max-snippet:-1","max-image-preview":"max-image-preview:large","max-video-preview":"max-video-preview:-1"},"canonical":"https:\/\/litrax.ch\/de\/shop\/sabrina-vertikale-farm\/","og_locale":"de_DE","og_type":"article","og_title":"SABRINA Vertikale Farm","og_description":"Mit der SABRINA Vertikale Farm bringen Sie Natur in Ihr Zuhause. Erleben Sie den vollautomatischen Anbau von Gem\u00fcse und Kr\u00e4utern. Kaufen Sie jetzt!","og_url":"https:\/\/litrax.ch\/de\/shop\/sabrina-vertikale-farm\/","og_site_name":"Litrax - Hydroponische Systeme","article_publisher":"https:\/\/www.facebook.com\/Litrax.ch","article_modified_time":"2026-04-18T05:04:35+00:00","og_image":[{"width":1024,"height":772,"url":"https:\/\/litrax.ch\/wp-content\/uploads\/2024\/01\/LX210-03-SABRINA-wide-e1731355472560-1024x772.png","type":"image\/png"}],"twitter_card":"summary_large_image","twitter_misc":{"Preis":"&#67;&#72;&#70;&nbsp;591.63","Verf\u00fcgbarkeit":"ausverkauft"},"schema":{"@context":"https:\/\/schema.org","@graph":[{"@type":"WebPage","@id":"https:\/\/litrax.ch\/de\/shop\/sabrina-vertikale-farm\/","url":"https:\/\/litrax.ch\/de\/shop\/sabrina-vertikale-farm\/","name":"SABRINA Vertikale Farm: die Zukunft des Hausg\u00e4rtnerns erleben","isPartOf":{"@id":"https:\/\/litrax.ch\/de\/#website"},"primaryImageOfPage":{"@id":"https:\/\/litrax.ch\/de\/shop\/sabrina-vertikale-farm\/#primaryimage"},"image":{"@id":"https:\/\/litrax.ch\/de\/shop\/sabrina-vertikale-farm\/#primaryimage"},"thumbnailUrl":"https:\/\/litrax.ch\/wp-content\/uploads\/2024\/01\/LX210-03-SABRINA-wide-e1731355472560.png","datePublished":"2024-01-11T08:45:06+00:00","dateModified":"2026-04-18T05:04:35+00:00","description":"Mit der SABRINA Vertikale Farm bringen Sie Natur in Ihr Zuhause. Erleben Sie den vollautomatischen Anbau von Gem\u00fcse und Kr\u00e4utern. Kaufen Sie jetzt!","breadcrumb":{"@id":"https:\/\/litrax.ch\/de\/shop\/sabrina-vertikale-farm\/#breadcrumb"},"inLanguage":"de","potentialAction":[{"@type":"ReadAction","target":["https:\/\/litrax.ch\/de\/shop\/sabrina-vertikale-farm\/"]}]},{"@type":"ImageObject","inLanguage":"de","@id":"https:\/\/litrax.ch\/de\/shop\/sabrina-vertikale-farm\/#primaryimage","url":"https:\/\/litrax.ch\/wp-content\/uploads\/2024\/01\/LX210-03-SABRINA-wide-e1731355472560.png","contentUrl":"https:\/\/litrax.ch\/wp-content\/uploads\/2024\/01\/LX210-03-SABRINA-wide-e1731355472560.png","width":2383,"height":1797,"caption":"Vertikale Heim Farm f\u00fcr die K\u00fcche"},{"@type":"BreadcrumbList","@id":"https:\/\/litrax.ch\/de\/shop\/sabrina-vertikale-farm\/#breadcrumb","itemListElement":[{"@type":"ListItem","position":1,"name":"Startseite","item":"https:\/\/litrax.ch\/de\/"},{"@type":"ListItem","position":2,"name":"Shop","item":"https:\/\/litrax.ch\/de\/shop\/"},{"@type":"ListItem","position":3,"name":"SABRINA Vertikale Farm"}]},{"@type":"WebSite","@id":"https:\/\/litrax.ch\/de\/#website","url":"https:\/\/litrax.ch\/de\/","name":"Litrax - Hydroponische Systeme","description":"Erlebe Hydroponik - der erdlose Gartengenuss.","publisher":{"@id":"https:\/\/litrax.ch\/de\/#organization"},"alternateName":"Litrax","potentialAction":[{"@type":"SearchAction","target":{"@type":"EntryPoint","urlTemplate":"https:\/\/litrax.ch\/de\/?s={search_term_string}"},"query-input":{"@type":"PropertyValueSpecification","valueRequired":true,"valueName":"search_term_string"}}],"inLanguage":"de"},{"@type":"Organization","@id":"https:\/\/litrax.ch\/de\/#organization","name":"Litrax - Hydroponische Systeme","alternateName":"Litrax","url":"https:\/\/litrax.ch\/de\/","logo":{"@type":"ImageObject","inLanguage":"de","@id":"https:\/\/litrax.ch\/de\/#\/schema\/logo\/image\/","url":"https:\/\/litrax.ch\/wp-content\/uploads\/2024\/03\/facivon.png","contentUrl":"https:\/\/litrax.ch\/wp-content\/uploads\/2024\/03\/facivon.png","width":150,"height":150,"caption":"Litrax - Hydroponische Systeme"},"image":{"@id":"https:\/\/litrax.ch\/de\/#\/schema\/logo\/image\/"},"sameAs":["https:\/\/www.facebook.com\/Litrax.ch","https:\/\/www.instagram.com\/litrax.ch\/","https:\/\/www.tiktok.com\/@litrax.ch"],"description":"Willkommen bei Litrax \u2013 Ihrem f\u00fchrenden Online-Shop f\u00fcr hochwertige hydroponische Gartensysteme! Wir bieten eine breite Palette an L\u00f6sungen f\u00fcr Privatpersonen, Restaurants und industrielle Gro\u00dfsysteme, um Ihnen zu helfen, Ihre eigene gr\u00fcne Oase zu schaffen, unabh\u00e4ngig von Ihrem Bedarf oder Ihrer Gr\u00f6\u00dfe. F\u00fcr Haushalte\/B\u00fcros: Entdecken Sie die Freude am G\u00e4rtnern in Ihrem eigenen Zuhause mit unseren einfach zu bedienenden hydroponischen Gartensystemen. Egal, ob Sie auf einem Balkon, einer Terrasse oder in Ihrem Wohnzimmer g\u00e4rtnern m\u00f6chten \u2013 wir haben das passende System f\u00fcr Sie. Genie\u00dfen Sie frisches Gem\u00fcse, aromatische Kr\u00e4uter und farbenfrohe Blumen das ganze Jahr \u00fcber, direkt aus Ihrem hydroponischen Garten. F\u00fcr Restaurants: Steigern Sie die Qualit\u00e4t Ihrer Gerichte und beeindrucken Sie Ihre G\u00e4ste mit frischen, geschmacksintensiven Zutaten aus unserem Sortiment an hydroponischen Gartensystemen f\u00fcr den gastronomischen Bereich. Unsere Systeme sind platzsparend, effizient und einfach zu bedienen, so dass Sie Ihre eigenen Zutaten direkt in Ihrer K\u00fcche anbauen k\u00f6nnen. Erleben Sie die Freude an nachhaltigem G\u00e4rtnern und lassen Sie Ihre kulinarischen Kreationen erstrahlen. Industrielle Gro\u00dfsysteme: Optimieren Sie Ihre landwirtschaftliche Produktion mit unseren ma\u00dfgeschneiderten hydroponischen Gro\u00dfsystemen. Von vertikalen Farmen bis hin zu automatisierten Anlagen bieten wir skalierbare L\u00f6sungen f\u00fcr maximale Effizienz und Produktivit\u00e4t. Nutzen Sie die Vorteile der hydroponischen Landwirtschaft, um Ihre Ernteertr\u00e4ge zu steigern, Platz zu sparen und Ressourcen zu optimieren. Erfahren Sie, wie unsere Systeme die Zukunft der industriellen Landwirtschaft gestalten k\u00f6nnen. Bei Litrax legen wir Wert auf Qualit\u00e4t und Kundenzufriedenheit. Unsere Produkte sind sorgf\u00e4ltig ausgew\u00e4hlt, um Ihnen die besten Ergebnisse zu garantieren, und wir bieten sie zu g\u00fcnstigen Preisen an. Dank unseres eigenen Lagers in der Schweiz k\u00f6nnen wir Ihnen eine schnelle Lieferung am n\u00e4chsten Tag garantieren.","legalName":"Resyx GmbH","foundingDate":"2022-12-22","numberOfEmployees":{"@type":"QuantitativeValue","minValue":"1","maxValue":"10"}}]},"og_video":"https:\/\/www.youtube.com\/embed\/PUbtjTM3zKI","og_video_type":"text\/html","og_video_duration":"56","og_video_width":"480","og_video_height":"270","ya_ovs_adult":"false","ya_ovs_upload_date":"2024-01-11T08:45:06+00:00","ya_ovs_allow_embed":"true","product_price_amount":"591.63","product_price_currency":"CHF","og_availability":"out of stock","product_availability":"out of stock","product_retailer_item_id":"LX210-03 LED","product_condition":"new"},"_links":{"self":[{"href":"https:\/\/litrax.ch\/de\/wp-json\/wp\/v2\/product\/17034","targetHints":{"allow":["GET"]}}],"collection":[{"href":"https:\/\/litrax.ch\/de\/wp-json\/wp\/v2\/product"}],"about":[{"href":"https:\/\/litrax.ch\/de\/wp-json\/wp\/v2\/types\/product"}],"replies":[{"embeddable":true,"href":"https:\/\/litrax.ch\/de\/wp-json\/wp\/v2\/comments?post=17034"}],"wp:featuredmedia":[{"embeddable":true,"href":"https:\/\/litrax.ch\/de\/wp-json\/wp\/v2\/media\/20414"}],"wp:attachment":[{"href":"https:\/\/litrax.ch\/de\/wp-json\/wp\/v2\/media?parent=17034"}],"wp:term":[{"taxonomy":"product_brand","embeddable":true,"href":"https:\/\/litrax.ch\/de\/wp-json\/wp\/v2\/product_brand?post=17034"},{"taxonomy":"product_cat","embeddable":true,"href":"https:\/\/litrax.ch\/de\/wp-json\/wp\/v2\/product_cat?post=17034"},{"taxonomy":"product_tag","embeddable":true,"href":"https:\/\/litrax.ch\/de\/wp-json\/wp\/v2\/product_tag?post=17034"}],"curies":[{"name":"wp","href":"https:\/\/api.w.org\/{rel}","templated":true}]}}