{"id":17035,"date":"2024-01-11T08:45:19","date_gmt":"2024-01-11T08:45:19","guid":{"rendered":"https:\/\/litrax.ch\/?post_type=product&#038;p=17035"},"modified":"2026-05-12T05:04:51","modified_gmt":"2026-05-12T05:04:51","slug":"louis-hydro-farm-20","status":"publish","type":"product","link":"https:\/\/litrax.ch\/de\/shop\/louis-hydro-farm-20\/","title":{"rendered":"LOUIS Hydro Farm 20"},"content":{"rendered":"<h2>Microgreen Booster &amp; Hydroponik f\u00fcr Kr\u00e4uter &amp; Snacks<\/h2>\n<p>Verwandeln Sie Ihre K\u00fcche in eine gr\u00fcne Oase von Frische und Geschmack mit dem LOUIS K\u00fcchengarten &#8211; Ihr schicker Begleiter f\u00fcr kulinarische Gen\u00fcsse. Dieser elegante K\u00fcchengarten verf\u00fcgt \u00fcber 20 stilvoll gestaltete Pflanzenkapseln in schicken Beige- und Schwarzt\u00f6nen. Diese passen nahtlos in jede moderne K\u00fcchendekoration. Erleben Sie die Freude, Ihre eigenen Kr\u00e4uter, Salate und essbaren Blumen direkt in Ihrer K\u00fcche anzubauen.<\/p>\n<p>Mit seinem schlanken und kompakten Design passt der LOUIS K\u00fcchengarten perfekt auf jede Arbeitsplatte. Er verleiht Ihrem kulinarischen Raum eine Note von Raffinesse. Seine verstellbaren LED-Pflanzenlampen gew\u00e4hrleisten, dass Ihre Pflanzen das perfekte Licht f\u00fcr ein gesundes Wachstum erhalten.<\/p>\n<h3>Hauptmerkmale<\/h3>\n<ol>\n<li><strong>N\u00e4hrfilmtechnik<\/strong>: LOUIS basiert auf dem N\u00e4hrfilm-Hydroponiksystem, das konstante Bew\u00e4sserung und F\u00fctterung der Wurzeln gew\u00e4hrleistet. Hydroponische Kultivierung reduziert Ihren CO2-Fu\u00dfabdruck um 100%, mit 30%-50% schnellerem Wachstum und erh\u00f6htem N\u00e4hrstoffgehalt. Genie\u00dfen Sie frisches, pestizidfreies Gr\u00fcn das ganze Jahr \u00fcber.<\/li>\n<li><strong>Allrounder System<\/strong>: Die h\u00f6henverstellbaren LED-Wachstumslichter und die Wasserreservoirs unterst\u00fctzen den gesamten Wachstumszyklus. Sie k\u00f6nnen sowohl Microgreens (Spr\u00f6sslinge) z\u00fcchten, Blattgem\u00fcse zur Reife bringen oder Ihre eigenen Blument\u00f6pfe dank dem LED Licht einen gesunden Wachsstumsschub geben. Die LED Lichter simulieren das Sonnenspektrum und f\u00f6rdern die Photosynthese in jeder Jahreszeit.<\/li>\n<li><strong>Anbaumedien-Optionen<\/strong>: Standard mit Platz f\u00fcr Bl\u00e4hton geliefert, k\u00f6nnen Sie auch Steinwolle oder unsere Wachstumsschw\u00e4mme verwenden. Bl\u00e4hton eignet sich perfekt f\u00fcr gr\u00f6ssere Pflanzen, w\u00e4hrend Anbauschw\u00e4mme ideal f\u00fcr Blattgem\u00fcse sind. Beide Optionen bieten eine angenehme Wachstumserfahrung.<\/li>\n<\/ol>\n<p>Genie\u00dfen Sie das Vergn\u00fcgen des Kochens mit frisch geernteten Kr\u00e4utern und Gr\u00fcnpflanzen, in dem Wissen, dass sie mit Sorgfalt in Ihrem eigenen K\u00fcchengarten gepflegt wurden. Heben Sie Ihre kulinarischen Kreationen mit dem LOUIS K\u00fcchengarten auf ein neues Niveau \u2013 ein Muss f\u00fcr jede moderne K\u00fcche.<\/p>\n","protected":false},"excerpt":{"rendered":"<p>Microgreen Booster &amp; Hydroponik f\u00fcr Kr\u00e4uter &amp; Snacks Verwandeln Sie Ihre K\u00fcche in eine gr\u00fcne Oase von Frische und Geschmack mit dem LOUIS K\u00fcchengarten &#8211; Ihr schicker Begleiter f\u00fcr kulinarische Gen\u00fcsse. Dieser elegante K\u00fcchengarten verf\u00fcgt \u00fcber 20 stilvoll gestaltete Pflanzenkapseln in schicken Beige- und Schwarzt\u00f6nen. Diese passen nahtlos in jede moderne K\u00fcchendekoration. Erleben Sie die [&hellip;]<\/p>\n","protected":false},"featured_media":20516,"comment_status":"open","ping_status":"closed","template":"","meta":[],"product_brand":[],"product_cat":[84,65,469],"product_tag":[748],"class_list":{"0":"post-17035","1":"product","2":"type-product","3":"status-publish","4":"has-post-thumbnail","6":"product_cat-gastronomie","7":"product_cat-heim-hydrokultur","8":"product_cat-wachstumslicht","9":"product_tag-indoor","11":"first","12":"instock","13":"taxable","14":"shipping-taxable","15":"purchasable","16":"product-type-simple"},"yoast_head":"<!-- This site is optimized with the Yoast SEO Premium plugin v26.7 (Yoast SEO v27.4) - https:\/\/yoast.com\/product\/yoast-seo-premium-wordpress\/ -->\n<title>LOUIS Hydro Farm 20 - Litrax - Hydroponische Systeme<\/title>\n<meta name=\"description\" content=\"LOUIS Hydro Farm 20 - T\u00e4glich frisch geerntete Kr\u00e4uter und Salate. Die verstellbaren LED-Pflanzenlampen erlauben sowohl Microgreen wie Blattgem\u00fcse Wachstum.\" \/>\n<meta name=\"robots\" content=\"index, follow, max-snippet:-1, max-image-preview:large, max-video-preview:-1\" \/>\n<link rel=\"canonical\" href=\"https:\/\/litrax.ch\/de\/shop\/louis-hydro-farm-20\/\" \/>\n<meta property=\"og:locale\" content=\"de_DE\" \/>\n<meta property=\"og:type\" content=\"article\" \/>\n<meta property=\"og:title\" content=\"LOUIS Hydro Farm 20\" \/>\n<meta property=\"og:description\" content=\"LOUIS Hydro Farm 20 - T\u00e4glich frisch geerntete Kr\u00e4uter und Salate. Die verstellbaren LED-Pflanzenlampen erlauben sowohl Microgreen wie Blattgem\u00fcse Wachstum.\" \/>\n<meta property=\"og:url\" content=\"https:\/\/litrax.ch\/de\/shop\/louis-hydro-farm-20\/\" \/>\n<meta property=\"og:site_name\" content=\"Litrax - Hydroponische Systeme\" \/>\n<meta property=\"article:publisher\" content=\"https:\/\/www.facebook.com\/Litrax.ch\" \/>\n<meta property=\"article:modified_time\" content=\"2026-05-12T05:04:51+00:00\" \/>\n<meta property=\"og:image\" content=\"https:\/\/litrax.ch\/wp-content\/uploads\/2024\/01\/LX306-\u7c73\u8272-scaled.jpg\" \/>\n\t<meta property=\"og:image:width\" content=\"2560\" \/>\n\t<meta property=\"og:image:height\" content=\"1810\" \/>\n\t<meta property=\"og:image:type\" content=\"image\/jpeg\" \/>\n<meta name=\"twitter:card\" content=\"summary_large_image\" \/>\n<meta name=\"twitter:label1\" content=\"Preis\" \/>\n\t<meta name=\"twitter:data1\" content=\"&#067;&#072;&#070;&nbsp;149.00\" \/>\n\t<meta name=\"twitter:label2\" content=\"Verf\u00fcgbarkeit\" \/>\n\t<meta name=\"twitter:data2\" content=\"Auf Lager\" \/>\n<script type=\"application\/ld+json\" class=\"yoast-schema-graph\">{\"@context\":\"https:\\\/\\\/schema.org\",\"@graph\":[{\"@type\":\"WebPage\",\"@id\":\"https:\\\/\\\/litrax.ch\\\/de\\\/shop\\\/louis-hydro-farm-20\\\/\",\"url\":\"https:\\\/\\\/litrax.ch\\\/de\\\/shop\\\/louis-hydro-farm-20\\\/\",\"name\":\"LOUIS Hydro Farm 20 - Litrax - Hydroponische Systeme\",\"isPartOf\":{\"@id\":\"https:\\\/\\\/litrax.ch\\\/de\\\/#website\"},\"primaryImageOfPage\":{\"@id\":\"https:\\\/\\\/litrax.ch\\\/de\\\/shop\\\/louis-hydro-farm-20\\\/#primaryimage\"},\"image\":{\"@id\":\"https:\\\/\\\/litrax.ch\\\/de\\\/shop\\\/louis-hydro-farm-20\\\/#primaryimage\"},\"thumbnailUrl\":\"https:\\\/\\\/litrax.ch\\\/wp-content\\\/uploads\\\/2024\\\/01\\\/LX306-\u7c73\u8272-scaled.jpg\",\"datePublished\":\"2024-01-11T08:45:19+00:00\",\"dateModified\":\"2026-05-12T05:04:51+00:00\",\"description\":\"LOUIS Hydro Farm 20 - T\u00e4glich frisch geerntete Kr\u00e4uter und Salate. Die verstellbaren LED-Pflanzenlampen erlauben sowohl Microgreen wie Blattgem\u00fcse Wachstum.\",\"breadcrumb\":{\"@id\":\"https:\\\/\\\/litrax.ch\\\/de\\\/shop\\\/louis-hydro-farm-20\\\/#breadcrumb\"},\"inLanguage\":\"de\",\"potentialAction\":[{\"@type\":\"ReadAction\",\"target\":[\"https:\\\/\\\/litrax.ch\\\/de\\\/shop\\\/louis-hydro-farm-20\\\/\"]}]},{\"@type\":\"ImageObject\",\"inLanguage\":\"de\",\"@id\":\"https:\\\/\\\/litrax.ch\\\/de\\\/shop\\\/louis-hydro-farm-20\\\/#primaryimage\",\"url\":\"https:\\\/\\\/litrax.ch\\\/wp-content\\\/uploads\\\/2024\\\/01\\\/LX306-\u7c73\u8272-scaled.jpg\",\"contentUrl\":\"https:\\\/\\\/litrax.ch\\\/wp-content\\\/uploads\\\/2024\\\/01\\\/LX306-\u7c73\u8272-scaled.jpg\",\"width\":2560,\"height\":1810,\"caption\":\"LX306-20\"},{\"@type\":\"BreadcrumbList\",\"@id\":\"https:\\\/\\\/litrax.ch\\\/de\\\/shop\\\/louis-hydro-farm-20\\\/#breadcrumb\",\"itemListElement\":[{\"@type\":\"ListItem\",\"position\":1,\"name\":\"Startseite\",\"item\":\"https:\\\/\\\/litrax.ch\\\/de\\\/\"},{\"@type\":\"ListItem\",\"position\":2,\"name\":\"Shop\",\"item\":\"https:\\\/\\\/litrax.ch\\\/de\\\/shop\\\/\"},{\"@type\":\"ListItem\",\"position\":3,\"name\":\"LOUIS Hydro Farm 20\"}]},{\"@type\":\"WebSite\",\"@id\":\"https:\\\/\\\/litrax.ch\\\/de\\\/#website\",\"url\":\"https:\\\/\\\/litrax.ch\\\/de\\\/\",\"name\":\"Litrax - Hydroponische Systeme\",\"description\":\"Erlebe Hydroponik - der erdlose Gartengenuss.\",\"publisher\":{\"@id\":\"https:\\\/\\\/litrax.ch\\\/de\\\/#organization\"},\"alternateName\":\"Litrax\",\"potentialAction\":[{\"@type\":\"SearchAction\",\"target\":{\"@type\":\"EntryPoint\",\"urlTemplate\":\"https:\\\/\\\/litrax.ch\\\/de\\\/?s={search_term_string}\"},\"query-input\":{\"@type\":\"PropertyValueSpecification\",\"valueRequired\":true,\"valueName\":\"search_term_string\"}}],\"inLanguage\":\"de\"},{\"@type\":\"Organization\",\"@id\":\"https:\\\/\\\/litrax.ch\\\/de\\\/#organization\",\"name\":\"Litrax - Hydroponische Systeme\",\"alternateName\":\"Litrax\",\"url\":\"https:\\\/\\\/litrax.ch\\\/de\\\/\",\"logo\":{\"@type\":\"ImageObject\",\"inLanguage\":\"de\",\"@id\":\"https:\\\/\\\/litrax.ch\\\/de\\\/#\\\/schema\\\/logo\\\/image\\\/\",\"url\":\"https:\\\/\\\/litrax.ch\\\/wp-content\\\/uploads\\\/2024\\\/03\\\/facivon.png\",\"contentUrl\":\"https:\\\/\\\/litrax.ch\\\/wp-content\\\/uploads\\\/2024\\\/03\\\/facivon.png\",\"width\":150,\"height\":150,\"caption\":\"Litrax - Hydroponische Systeme\"},\"image\":{\"@id\":\"https:\\\/\\\/litrax.ch\\\/de\\\/#\\\/schema\\\/logo\\\/image\\\/\"},\"sameAs\":[\"https:\\\/\\\/www.facebook.com\\\/Litrax.ch\",\"https:\\\/\\\/www.instagram.com\\\/litrax.ch\\\/\",\"https:\\\/\\\/www.tiktok.com\\\/@litrax.ch\"],\"description\":\"Willkommen bei Litrax \u2013 Ihrem f\u00fchrenden Online-Shop f\u00fcr hochwertige hydroponische Gartensysteme! Wir bieten eine breite Palette an L\u00f6sungen f\u00fcr Privatpersonen, Restaurants und industrielle Gro\u00dfsysteme, um Ihnen zu helfen, Ihre eigene gr\u00fcne Oase zu schaffen, unabh\u00e4ngig von Ihrem Bedarf oder Ihrer Gr\u00f6\u00dfe. F\u00fcr Haushalte\\\/B\u00fcros: Entdecken Sie die Freude am G\u00e4rtnern in Ihrem eigenen Zuhause mit unseren einfach zu bedienenden hydroponischen Gartensystemen. Egal, ob Sie auf einem Balkon, einer Terrasse oder in Ihrem Wohnzimmer g\u00e4rtnern m\u00f6chten \u2013 wir haben das passende System f\u00fcr Sie. Genie\u00dfen Sie frisches Gem\u00fcse, aromatische Kr\u00e4uter und farbenfrohe Blumen das ganze Jahr \u00fcber, direkt aus Ihrem hydroponischen Garten. F\u00fcr Restaurants: Steigern Sie die Qualit\u00e4t Ihrer Gerichte und beeindrucken Sie Ihre G\u00e4ste mit frischen, geschmacksintensiven Zutaten aus unserem Sortiment an hydroponischen Gartensystemen f\u00fcr den gastronomischen Bereich. Unsere Systeme sind platzsparend, effizient und einfach zu bedienen, so dass Sie Ihre eigenen Zutaten direkt in Ihrer K\u00fcche anbauen k\u00f6nnen. Erleben Sie die Freude an nachhaltigem G\u00e4rtnern und lassen Sie Ihre kulinarischen Kreationen erstrahlen. Industrielle Gro\u00dfsysteme: Optimieren Sie Ihre landwirtschaftliche Produktion mit unseren ma\u00dfgeschneiderten hydroponischen Gro\u00dfsystemen. Von vertikalen Farmen bis hin zu automatisierten Anlagen bieten wir skalierbare L\u00f6sungen f\u00fcr maximale Effizienz und Produktivit\u00e4t. Nutzen Sie die Vorteile der hydroponischen Landwirtschaft, um Ihre Ernteertr\u00e4ge zu steigern, Platz zu sparen und Ressourcen zu optimieren. Erfahren Sie, wie unsere Systeme die Zukunft der industriellen Landwirtschaft gestalten k\u00f6nnen. Bei Litrax legen wir Wert auf Qualit\u00e4t und Kundenzufriedenheit. Unsere Produkte sind sorgf\u00e4ltig ausgew\u00e4hlt, um Ihnen die besten Ergebnisse zu garantieren, und wir bieten sie zu g\u00fcnstigen Preisen an. Dank unseres eigenen Lagers in der Schweiz k\u00f6nnen wir Ihnen eine schnelle Lieferung am n\u00e4chsten Tag garantieren.\",\"legalName\":\"Resyx GmbH\",\"foundingDate\":\"2022-12-22\",\"numberOfEmployees\":{\"@type\":\"QuantitativeValue\",\"minValue\":\"1\",\"maxValue\":\"10\"}}]}<\/script>\n<meta property=\"product:price:amount\" content=\"149.00\" \/>\n<meta property=\"product:price:currency\" content=\"CHF\" \/>\n<meta property=\"og:availability\" content=\"instock\" \/>\n<meta property=\"product:availability\" content=\"instock\" \/>\n<meta property=\"product:retailer_item_id\" content=\"LX306-20\" \/>\n<meta property=\"product:condition\" content=\"new\" \/>\n<!-- \/ Yoast SEO Premium plugin. -->","yoast_head_json":{"title":"LOUIS Hydro Farm 20 - Litrax - Hydroponische Systeme","description":"LOUIS Hydro Farm 20 - T\u00e4glich frisch geerntete Kr\u00e4uter und Salate. Die verstellbaren LED-Pflanzenlampen erlauben sowohl Microgreen wie Blattgem\u00fcse Wachstum.","robots":{"index":"index","follow":"follow","max-snippet":"max-snippet:-1","max-image-preview":"max-image-preview:large","max-video-preview":"max-video-preview:-1"},"canonical":"https:\/\/litrax.ch\/de\/shop\/louis-hydro-farm-20\/","og_locale":"de_DE","og_type":"article","og_title":"LOUIS Hydro Farm 20","og_description":"LOUIS Hydro Farm 20 - T\u00e4glich frisch geerntete Kr\u00e4uter und Salate. Die verstellbaren LED-Pflanzenlampen erlauben sowohl Microgreen wie Blattgem\u00fcse Wachstum.","og_url":"https:\/\/litrax.ch\/de\/shop\/louis-hydro-farm-20\/","og_site_name":"Litrax - Hydroponische Systeme","article_publisher":"https:\/\/www.facebook.com\/Litrax.ch","article_modified_time":"2026-05-12T05:04:51+00:00","og_image":[{"width":2560,"height":1810,"url":"https:\/\/litrax.ch\/wp-content\/uploads\/2024\/01\/LX306-\u7c73\u8272-scaled.jpg","type":"image\/jpeg"}],"twitter_card":"summary_large_image","twitter_misc":{"Preis":"&#67;&#72;&#70;&nbsp;149.00","Verf\u00fcgbarkeit":"Auf Lager"},"schema":{"@context":"https:\/\/schema.org","@graph":[{"@type":"WebPage","@id":"https:\/\/litrax.ch\/de\/shop\/louis-hydro-farm-20\/","url":"https:\/\/litrax.ch\/de\/shop\/louis-hydro-farm-20\/","name":"LOUIS Hydro Farm 20 - Litrax - Hydroponische Systeme","isPartOf":{"@id":"https:\/\/litrax.ch\/de\/#website"},"primaryImageOfPage":{"@id":"https:\/\/litrax.ch\/de\/shop\/louis-hydro-farm-20\/#primaryimage"},"image":{"@id":"https:\/\/litrax.ch\/de\/shop\/louis-hydro-farm-20\/#primaryimage"},"thumbnailUrl":"https:\/\/litrax.ch\/wp-content\/uploads\/2024\/01\/LX306-\u7c73\u8272-scaled.jpg","datePublished":"2024-01-11T08:45:19+00:00","dateModified":"2026-05-12T05:04:51+00:00","description":"LOUIS Hydro Farm 20 - T\u00e4glich frisch geerntete Kr\u00e4uter und Salate. Die verstellbaren LED-Pflanzenlampen erlauben sowohl Microgreen wie Blattgem\u00fcse Wachstum.","breadcrumb":{"@id":"https:\/\/litrax.ch\/de\/shop\/louis-hydro-farm-20\/#breadcrumb"},"inLanguage":"de","potentialAction":[{"@type":"ReadAction","target":["https:\/\/litrax.ch\/de\/shop\/louis-hydro-farm-20\/"]}]},{"@type":"ImageObject","inLanguage":"de","@id":"https:\/\/litrax.ch\/de\/shop\/louis-hydro-farm-20\/#primaryimage","url":"https:\/\/litrax.ch\/wp-content\/uploads\/2024\/01\/LX306-\u7c73\u8272-scaled.jpg","contentUrl":"https:\/\/litrax.ch\/wp-content\/uploads\/2024\/01\/LX306-\u7c73\u8272-scaled.jpg","width":2560,"height":1810,"caption":"LX306-20"},{"@type":"BreadcrumbList","@id":"https:\/\/litrax.ch\/de\/shop\/louis-hydro-farm-20\/#breadcrumb","itemListElement":[{"@type":"ListItem","position":1,"name":"Startseite","item":"https:\/\/litrax.ch\/de\/"},{"@type":"ListItem","position":2,"name":"Shop","item":"https:\/\/litrax.ch\/de\/shop\/"},{"@type":"ListItem","position":3,"name":"LOUIS Hydro Farm 20"}]},{"@type":"WebSite","@id":"https:\/\/litrax.ch\/de\/#website","url":"https:\/\/litrax.ch\/de\/","name":"Litrax - Hydroponische Systeme","description":"Erlebe Hydroponik - der erdlose Gartengenuss.","publisher":{"@id":"https:\/\/litrax.ch\/de\/#organization"},"alternateName":"Litrax","potentialAction":[{"@type":"SearchAction","target":{"@type":"EntryPoint","urlTemplate":"https:\/\/litrax.ch\/de\/?s={search_term_string}"},"query-input":{"@type":"PropertyValueSpecification","valueRequired":true,"valueName":"search_term_string"}}],"inLanguage":"de"},{"@type":"Organization","@id":"https:\/\/litrax.ch\/de\/#organization","name":"Litrax - Hydroponische Systeme","alternateName":"Litrax","url":"https:\/\/litrax.ch\/de\/","logo":{"@type":"ImageObject","inLanguage":"de","@id":"https:\/\/litrax.ch\/de\/#\/schema\/logo\/image\/","url":"https:\/\/litrax.ch\/wp-content\/uploads\/2024\/03\/facivon.png","contentUrl":"https:\/\/litrax.ch\/wp-content\/uploads\/2024\/03\/facivon.png","width":150,"height":150,"caption":"Litrax - Hydroponische Systeme"},"image":{"@id":"https:\/\/litrax.ch\/de\/#\/schema\/logo\/image\/"},"sameAs":["https:\/\/www.facebook.com\/Litrax.ch","https:\/\/www.instagram.com\/litrax.ch\/","https:\/\/www.tiktok.com\/@litrax.ch"],"description":"Willkommen bei Litrax \u2013 Ihrem f\u00fchrenden Online-Shop f\u00fcr hochwertige hydroponische Gartensysteme! Wir bieten eine breite Palette an L\u00f6sungen f\u00fcr Privatpersonen, Restaurants und industrielle Gro\u00dfsysteme, um Ihnen zu helfen, Ihre eigene gr\u00fcne Oase zu schaffen, unabh\u00e4ngig von Ihrem Bedarf oder Ihrer Gr\u00f6\u00dfe. F\u00fcr Haushalte\/B\u00fcros: Entdecken Sie die Freude am G\u00e4rtnern in Ihrem eigenen Zuhause mit unseren einfach zu bedienenden hydroponischen Gartensystemen. Egal, ob Sie auf einem Balkon, einer Terrasse oder in Ihrem Wohnzimmer g\u00e4rtnern m\u00f6chten \u2013 wir haben das passende System f\u00fcr Sie. Genie\u00dfen Sie frisches Gem\u00fcse, aromatische Kr\u00e4uter und farbenfrohe Blumen das ganze Jahr \u00fcber, direkt aus Ihrem hydroponischen Garten. F\u00fcr Restaurants: Steigern Sie die Qualit\u00e4t Ihrer Gerichte und beeindrucken Sie Ihre G\u00e4ste mit frischen, geschmacksintensiven Zutaten aus unserem Sortiment an hydroponischen Gartensystemen f\u00fcr den gastronomischen Bereich. Unsere Systeme sind platzsparend, effizient und einfach zu bedienen, so dass Sie Ihre eigenen Zutaten direkt in Ihrer K\u00fcche anbauen k\u00f6nnen. Erleben Sie die Freude an nachhaltigem G\u00e4rtnern und lassen Sie Ihre kulinarischen Kreationen erstrahlen. Industrielle Gro\u00dfsysteme: Optimieren Sie Ihre landwirtschaftliche Produktion mit unseren ma\u00dfgeschneiderten hydroponischen Gro\u00dfsystemen. Von vertikalen Farmen bis hin zu automatisierten Anlagen bieten wir skalierbare L\u00f6sungen f\u00fcr maximale Effizienz und Produktivit\u00e4t. Nutzen Sie die Vorteile der hydroponischen Landwirtschaft, um Ihre Ernteertr\u00e4ge zu steigern, Platz zu sparen und Ressourcen zu optimieren. Erfahren Sie, wie unsere Systeme die Zukunft der industriellen Landwirtschaft gestalten k\u00f6nnen. Bei Litrax legen wir Wert auf Qualit\u00e4t und Kundenzufriedenheit. Unsere Produkte sind sorgf\u00e4ltig ausgew\u00e4hlt, um Ihnen die besten Ergebnisse zu garantieren, und wir bieten sie zu g\u00fcnstigen Preisen an. Dank unseres eigenen Lagers in der Schweiz k\u00f6nnen wir Ihnen eine schnelle Lieferung am n\u00e4chsten Tag garantieren.","legalName":"Resyx GmbH","foundingDate":"2022-12-22","numberOfEmployees":{"@type":"QuantitativeValue","minValue":"1","maxValue":"10"}}]},"product_price_amount":"149.00","product_price_currency":"CHF","og_availability":"instock","product_availability":"instock","product_retailer_item_id":"LX306-20","product_condition":"new"},"_links":{"self":[{"href":"https:\/\/litrax.ch\/de\/wp-json\/wp\/v2\/product\/17035","targetHints":{"allow":["GET"]}}],"collection":[{"href":"https:\/\/litrax.ch\/de\/wp-json\/wp\/v2\/product"}],"about":[{"href":"https:\/\/litrax.ch\/de\/wp-json\/wp\/v2\/types\/product"}],"replies":[{"embeddable":true,"href":"https:\/\/litrax.ch\/de\/wp-json\/wp\/v2\/comments?post=17035"}],"wp:featuredmedia":[{"embeddable":true,"href":"https:\/\/litrax.ch\/de\/wp-json\/wp\/v2\/media\/20516"}],"wp:attachment":[{"href":"https:\/\/litrax.ch\/de\/wp-json\/wp\/v2\/media?parent=17035"}],"wp:term":[{"taxonomy":"product_brand","embeddable":true,"href":"https:\/\/litrax.ch\/de\/wp-json\/wp\/v2\/product_brand?post=17035"},{"taxonomy":"product_cat","embeddable":true,"href":"https:\/\/litrax.ch\/de\/wp-json\/wp\/v2\/product_cat?post=17035"},{"taxonomy":"product_tag","embeddable":true,"href":"https:\/\/litrax.ch\/de\/wp-json\/wp\/v2\/product_tag?post=17035"}],"curies":[{"name":"wp","href":"https:\/\/api.w.org\/{rel}","templated":true}]}}