{"id":17040,"date":"2024-01-11T09:53:32","date_gmt":"2024-01-11T09:53:32","guid":{"rendered":"https:\/\/litrax.ch\/?post_type=product&#038;p=17040"},"modified":"2026-04-18T05:04:32","modified_gmt":"2026-04-18T05:04:32","slug":"flurin-hydro-topf-4","status":"publish","type":"product","link":"https:\/\/litrax.ch\/de\/shop\/flurin-hydro-topf-4\/","title":{"rendered":"FLURIN Hydro Topf 4"},"content":{"rendered":"<p dir=\"auto\"><strong>FLURIN Hydro Topf 4<\/strong> <strong>Der selbstbew\u00e4ssernde Hydrogarten f\u00fcr 4 Pflanzen \u2013 sch\u00f6n und pflegeleicht<\/strong><\/p>\n<p dir=\"auto\">Sch\u00f6ne Blumen oder frische Kr\u00e4uter \u2013 und das ganz ohne t\u00e4gliches Gie\u00dfen.<\/p>\n<p dir=\"auto\">Der <strong>FLURIN Hydro Topf 4<\/strong> ist das smarte Topf-in-Topf-System, das Ihre Pflanzen automatisch mit Wasser versorgt. Denn der innere Pflanztopf sitzt auf einem transparenten Wasserbeh\u00e4lter. So saugen spezielle Dochte das Wasser genau dann hoch, wenn die Pflanzen es brauchen. Sie sehen den Wasserstand immer klar und f\u00fcllen einfach nach \u2013 fertig.<\/p>\n<p dir=\"auto\">Mit den Ma\u00dfen 30 x 11,7 x 13 cm passt der Topf perfekt auf Fensterb\u00e4nke, Regale, Tische oder Balkone. Und weil er in schlichtem Wei\u00df gehalten ist, sieht er in jedem Raum richtig edel aus. Ideal f\u00fcr eine kleine Kr\u00e4utersammlung oder vier sch\u00f6ne Blumen.<\/p>\n<h3 dir=\"auto\">Hauptmerkmale<\/h3>\n<ul dir=\"auto\">\n<li><strong>Selbstbew\u00e4sserndes Docht-System<\/strong> Die Dochte ziehen Wasser automatisch nach oben. Deshalb bekommen die Wurzeln immer die richtige Menge Feuchtigkeit \u2013 ohne Staun\u00e4sse.<\/li>\n<li><strong>Transparenter Wasserbeh\u00e4lter<\/strong> Der \u00e4u\u00dfere Topf ist durchsichtig. So sehen Sie sofort, wann Sie Wasser nachf\u00fcllen m\u00fcssen.<\/li>\n<li><strong>Praktischer Wasserzulauf<\/strong> Das Nachf\u00fcllen geht schnell und sauber. Einfach Wasser einf\u00fcllen \u2013 fertig.<\/li>\n<li><strong>Gute Luft f\u00fcr die Wurzeln<\/strong> Der innere Topf hat Entw\u00e4sserungsl\u00f6cher. Dadurch atmen die Wurzeln gut und die Pflanzen bleiben gesund.<\/li>\n<\/ul>\n<p dir=\"auto\"><strong>Einfach &amp; robust<\/strong><\/p>\n<ul dir=\"auto\">\n<li>Kompakte Gr\u00f6\u00dfe f\u00fcr \u00fcberall<\/li>\n<li>Leichtes Gewicht von nur 0,4 kg<\/li>\n<li>Stabile Kunststoff-Qualit\u00e4t in Wei\u00df<\/li>\n<li>Schnell einsatzbereit \u2013 Erde und Pflanzen einsetzen und los geht\u2019s<\/li>\n<\/ul>\n<p dir=\"auto\"><strong>F\u00fcr wen ist der FLURIN Hydro Topf 4 perfekt?<\/strong><\/p>\n<ul dir=\"auto\">\n<li>F\u00fcr alle, die sch\u00f6ne Pflanzen wollen, aber wenig Zeit zum Gie\u00dfen haben<\/li>\n<li>F\u00fcr Einsteiger, die eine einfache und zuverl\u00e4ssige Hydrokultur suchen<\/li>\n<li>F\u00fcr Haushalte, die K\u00fcche, Balkon oder Wohnzimmer gr\u00fcner machen m\u00f6chten<\/li>\n<li>F\u00fcr alle, die eine pflegeleichte und stylische L\u00f6sung f\u00fcr Zuhause brauchen<\/li>\n<\/ul>\n<p dir=\"auto\"><strong>Ihre Pflanzen versorgen sich fast von allein.<\/strong><\/p>\n<p dir=\"auto\"><strong>Jetzt erleben<\/strong> Machen Sie Ihr Zuhause gr\u00fcner und entspannter. Mit dem FLURIN Hydro Topf 4 genie\u00dfen Sie gesunde Pflanzen \u2013 ohne Stress und mit minimalem Aufwand.<\/p>\n<p dir=\"auto\"><strong>Sichern Sie sich Ihren FLURIN Hydro Topf 4<\/strong> <strong>Einfach. Praktisch. Immer gr\u00fcn.<\/strong><\/p>\n","protected":false},"excerpt":{"rendered":"<p>FLURIN Hydro Topf 4 Der selbstbew\u00e4ssernde Hydrogarten f\u00fcr 4 Pflanzen \u2013 sch\u00f6n und pflegeleicht Sch\u00f6ne Blumen oder frische Kr\u00e4uter \u2013 und das ganz ohne t\u00e4gliches Gie\u00dfen. Der FLURIN Hydro Topf 4 ist das smarte Topf-in-Topf-System, das Ihre Pflanzen automatisch mit Wasser versorgt. Denn der innere Pflanztopf sitzt auf einem transparenten Wasserbeh\u00e4lter. So saugen spezielle Dochte [&hellip;]<\/p>\n","protected":false},"featured_media":17059,"comment_status":"open","ping_status":"closed","template":"","meta":[],"product_brand":[],"product_cat":[65],"product_tag":[783,782],"class_list":{"0":"post-17040","1":"product","2":"type-product","3":"status-publish","4":"has-post-thumbnail","6":"product_cat-heim-hydrokultur","7":"product_tag-hydrokultur-hochbeete","8":"product_tag-selbstbewaessernd","10":"first","11":"instock","12":"taxable","13":"shipping-taxable","14":"purchasable","15":"product-type-simple"},"yoast_head":"<!-- This site is optimized with the Yoast SEO Premium plugin v26.7 (Yoast SEO v27.4) - https:\/\/yoast.com\/product\/yoast-seo-premium-wordpress\/ -->\n<title>FLURIN Hydro Topf 4 - Selbstbew\u00e4ssernd. jetzt bestellen!<\/title>\n<meta name=\"description\" content=\"Selbstbew\u00e4ssernder Hydrogarten f\u00fcr 4 Pflanzen mit Docht-System und transparentem Reservoir. Perfekt f\u00fcr Kr\u00e4uter und Blumen. Ohne t\u00e4gliches Gie\u00dfen.\" \/>\n<meta name=\"robots\" content=\"index, follow, max-snippet:-1, max-image-preview:large, max-video-preview:-1\" \/>\n<link rel=\"canonical\" href=\"https:\/\/litrax.ch\/de\/shop\/flurin-hydro-topf-4\/\" \/>\n<meta property=\"og:locale\" content=\"de_DE\" \/>\n<meta property=\"og:type\" content=\"article\" \/>\n<meta property=\"og:title\" content=\"FLURIN Hydro Topf 4\" \/>\n<meta property=\"og:description\" content=\"Selbstbew\u00e4ssernder Hydrogarten f\u00fcr 4 Pflanzen mit Docht-System und transparentem Reservoir. Perfekt f\u00fcr Kr\u00e4uter und Blumen. Ohne t\u00e4gliches Gie\u00dfen.\" \/>\n<meta property=\"og:url\" content=\"https:\/\/litrax.ch\/de\/shop\/flurin-hydro-topf-4\/\" \/>\n<meta property=\"og:site_name\" content=\"Litrax - Hydroponische Systeme\" \/>\n<meta property=\"article:publisher\" content=\"https:\/\/www.facebook.com\/Litrax.ch\" \/>\n<meta property=\"article:modified_time\" content=\"2026-04-18T05:04:32+00:00\" \/>\n<meta property=\"og:image\" content=\"https:\/\/litrax.ch\/wp-content\/uploads\/2024\/01\/LG211_Trans.png\" \/>\n\t<meta property=\"og:image:width\" content=\"1000\" \/>\n\t<meta property=\"og:image:height\" content=\"667\" \/>\n\t<meta property=\"og:image:type\" content=\"image\/png\" \/>\n<meta name=\"twitter:card\" content=\"summary_large_image\" \/>\n<meta name=\"twitter:label1\" content=\"Preis\" \/>\n\t<meta name=\"twitter:data1\" content=\"&#067;&#072;&#070;&nbsp;19.90\" \/>\n\t<meta name=\"twitter:label2\" content=\"Verf\u00fcgbarkeit\" \/>\n\t<meta name=\"twitter:data2\" content=\"Auf Lager\" \/>\n<script type=\"application\/ld+json\" class=\"yoast-schema-graph\">{\"@context\":\"https:\\\/\\\/schema.org\",\"@graph\":[{\"@type\":\"WebPage\",\"@id\":\"https:\\\/\\\/litrax.ch\\\/de\\\/shop\\\/flurin-hydro-topf-4\\\/\",\"url\":\"https:\\\/\\\/litrax.ch\\\/de\\\/shop\\\/flurin-hydro-topf-4\\\/\",\"name\":\"FLURIN Hydro Topf 4 - Selbstbew\u00e4ssernd. jetzt bestellen!\",\"isPartOf\":{\"@id\":\"https:\\\/\\\/litrax.ch\\\/de\\\/#website\"},\"primaryImageOfPage\":{\"@id\":\"https:\\\/\\\/litrax.ch\\\/de\\\/shop\\\/flurin-hydro-topf-4\\\/#primaryimage\"},\"image\":{\"@id\":\"https:\\\/\\\/litrax.ch\\\/de\\\/shop\\\/flurin-hydro-topf-4\\\/#primaryimage\"},\"thumbnailUrl\":\"https:\\\/\\\/litrax.ch\\\/wp-content\\\/uploads\\\/2024\\\/01\\\/LG211_Trans.png\",\"datePublished\":\"2024-01-11T09:53:32+00:00\",\"dateModified\":\"2026-04-18T05:04:32+00:00\",\"description\":\"Selbstbew\u00e4ssernder Hydrogarten f\u00fcr 4 Pflanzen mit Docht-System und transparentem Reservoir. Perfekt f\u00fcr Kr\u00e4uter und Blumen. Ohne t\u00e4gliches Gie\u00dfen.\",\"breadcrumb\":{\"@id\":\"https:\\\/\\\/litrax.ch\\\/de\\\/shop\\\/flurin-hydro-topf-4\\\/#breadcrumb\"},\"inLanguage\":\"de\",\"potentialAction\":[{\"@type\":\"ReadAction\",\"target\":[\"https:\\\/\\\/litrax.ch\\\/de\\\/shop\\\/flurin-hydro-topf-4\\\/\"]}]},{\"@type\":\"ImageObject\",\"inLanguage\":\"de\",\"@id\":\"https:\\\/\\\/litrax.ch\\\/de\\\/shop\\\/flurin-hydro-topf-4\\\/#primaryimage\",\"url\":\"https:\\\/\\\/litrax.ch\\\/wp-content\\\/uploads\\\/2024\\\/01\\\/LG211_Trans.png\",\"contentUrl\":\"https:\\\/\\\/litrax.ch\\\/wp-content\\\/uploads\\\/2024\\\/01\\\/LG211_Trans.png\",\"width\":1000,\"height\":667},{\"@type\":\"BreadcrumbList\",\"@id\":\"https:\\\/\\\/litrax.ch\\\/de\\\/shop\\\/flurin-hydro-topf-4\\\/#breadcrumb\",\"itemListElement\":[{\"@type\":\"ListItem\",\"position\":1,\"name\":\"Startseite\",\"item\":\"https:\\\/\\\/litrax.ch\\\/de\\\/\"},{\"@type\":\"ListItem\",\"position\":2,\"name\":\"Shop\",\"item\":\"https:\\\/\\\/litrax.ch\\\/de\\\/shop\\\/\"},{\"@type\":\"ListItem\",\"position\":3,\"name\":\"FLURIN Hydro Topf 4\"}]},{\"@type\":\"WebSite\",\"@id\":\"https:\\\/\\\/litrax.ch\\\/de\\\/#website\",\"url\":\"https:\\\/\\\/litrax.ch\\\/de\\\/\",\"name\":\"Litrax - Hydroponische Systeme\",\"description\":\"Erlebe Hydroponik - der erdlose Gartengenuss.\",\"publisher\":{\"@id\":\"https:\\\/\\\/litrax.ch\\\/de\\\/#organization\"},\"alternateName\":\"Litrax\",\"potentialAction\":[{\"@type\":\"SearchAction\",\"target\":{\"@type\":\"EntryPoint\",\"urlTemplate\":\"https:\\\/\\\/litrax.ch\\\/de\\\/?s={search_term_string}\"},\"query-input\":{\"@type\":\"PropertyValueSpecification\",\"valueRequired\":true,\"valueName\":\"search_term_string\"}}],\"inLanguage\":\"de\"},{\"@type\":\"Organization\",\"@id\":\"https:\\\/\\\/litrax.ch\\\/de\\\/#organization\",\"name\":\"Litrax - Hydroponische Systeme\",\"alternateName\":\"Litrax\",\"url\":\"https:\\\/\\\/litrax.ch\\\/de\\\/\",\"logo\":{\"@type\":\"ImageObject\",\"inLanguage\":\"de\",\"@id\":\"https:\\\/\\\/litrax.ch\\\/de\\\/#\\\/schema\\\/logo\\\/image\\\/\",\"url\":\"https:\\\/\\\/litrax.ch\\\/wp-content\\\/uploads\\\/2024\\\/03\\\/facivon.png\",\"contentUrl\":\"https:\\\/\\\/litrax.ch\\\/wp-content\\\/uploads\\\/2024\\\/03\\\/facivon.png\",\"width\":150,\"height\":150,\"caption\":\"Litrax - Hydroponische Systeme\"},\"image\":{\"@id\":\"https:\\\/\\\/litrax.ch\\\/de\\\/#\\\/schema\\\/logo\\\/image\\\/\"},\"sameAs\":[\"https:\\\/\\\/www.facebook.com\\\/Litrax.ch\",\"https:\\\/\\\/www.instagram.com\\\/litrax.ch\\\/\",\"https:\\\/\\\/www.tiktok.com\\\/@litrax.ch\"],\"description\":\"Willkommen bei Litrax \u2013 Ihrem f\u00fchrenden Online-Shop f\u00fcr hochwertige hydroponische Gartensysteme! Wir bieten eine breite Palette an L\u00f6sungen f\u00fcr Privatpersonen, Restaurants und industrielle Gro\u00dfsysteme, um Ihnen zu helfen, Ihre eigene gr\u00fcne Oase zu schaffen, unabh\u00e4ngig von Ihrem Bedarf oder Ihrer Gr\u00f6\u00dfe. F\u00fcr Haushalte\\\/B\u00fcros: Entdecken Sie die Freude am G\u00e4rtnern in Ihrem eigenen Zuhause mit unseren einfach zu bedienenden hydroponischen Gartensystemen. Egal, ob Sie auf einem Balkon, einer Terrasse oder in Ihrem Wohnzimmer g\u00e4rtnern m\u00f6chten \u2013 wir haben das passende System f\u00fcr Sie. Genie\u00dfen Sie frisches Gem\u00fcse, aromatische Kr\u00e4uter und farbenfrohe Blumen das ganze Jahr \u00fcber, direkt aus Ihrem hydroponischen Garten. F\u00fcr Restaurants: Steigern Sie die Qualit\u00e4t Ihrer Gerichte und beeindrucken Sie Ihre G\u00e4ste mit frischen, geschmacksintensiven Zutaten aus unserem Sortiment an hydroponischen Gartensystemen f\u00fcr den gastronomischen Bereich. Unsere Systeme sind platzsparend, effizient und einfach zu bedienen, so dass Sie Ihre eigenen Zutaten direkt in Ihrer K\u00fcche anbauen k\u00f6nnen. Erleben Sie die Freude an nachhaltigem G\u00e4rtnern und lassen Sie Ihre kulinarischen Kreationen erstrahlen. Industrielle Gro\u00dfsysteme: Optimieren Sie Ihre landwirtschaftliche Produktion mit unseren ma\u00dfgeschneiderten hydroponischen Gro\u00dfsystemen. Von vertikalen Farmen bis hin zu automatisierten Anlagen bieten wir skalierbare L\u00f6sungen f\u00fcr maximale Effizienz und Produktivit\u00e4t. Nutzen Sie die Vorteile der hydroponischen Landwirtschaft, um Ihre Ernteertr\u00e4ge zu steigern, Platz zu sparen und Ressourcen zu optimieren. Erfahren Sie, wie unsere Systeme die Zukunft der industriellen Landwirtschaft gestalten k\u00f6nnen. Bei Litrax legen wir Wert auf Qualit\u00e4t und Kundenzufriedenheit. Unsere Produkte sind sorgf\u00e4ltig ausgew\u00e4hlt, um Ihnen die besten Ergebnisse zu garantieren, und wir bieten sie zu g\u00fcnstigen Preisen an. Dank unseres eigenen Lagers in der Schweiz k\u00f6nnen wir Ihnen eine schnelle Lieferung am n\u00e4chsten Tag garantieren.\",\"legalName\":\"Resyx GmbH\",\"foundingDate\":\"2022-12-22\",\"numberOfEmployees\":{\"@type\":\"QuantitativeValue\",\"minValue\":\"1\",\"maxValue\":\"10\"}}]}<\/script>\n<meta property=\"product:price:amount\" content=\"19.90\" \/>\n<meta property=\"product:price:currency\" content=\"CHF\" \/>\n<meta property=\"og:availability\" content=\"instock\" \/>\n<meta property=\"product:availability\" content=\"instock\" \/>\n<meta property=\"product:retailer_item_id\" content=\"LG211\" \/>\n<meta property=\"product:condition\" content=\"new\" \/>\n<!-- \/ Yoast SEO Premium plugin. -->","yoast_head_json":{"title":"FLURIN Hydro Topf 4 - Selbstbew\u00e4ssernd. jetzt bestellen!","description":"Selbstbew\u00e4ssernder Hydrogarten f\u00fcr 4 Pflanzen mit Docht-System und transparentem Reservoir. Perfekt f\u00fcr Kr\u00e4uter und Blumen. Ohne t\u00e4gliches Gie\u00dfen.","robots":{"index":"index","follow":"follow","max-snippet":"max-snippet:-1","max-image-preview":"max-image-preview:large","max-video-preview":"max-video-preview:-1"},"canonical":"https:\/\/litrax.ch\/de\/shop\/flurin-hydro-topf-4\/","og_locale":"de_DE","og_type":"article","og_title":"FLURIN Hydro Topf 4","og_description":"Selbstbew\u00e4ssernder Hydrogarten f\u00fcr 4 Pflanzen mit Docht-System und transparentem Reservoir. Perfekt f\u00fcr Kr\u00e4uter und Blumen. Ohne t\u00e4gliches Gie\u00dfen.","og_url":"https:\/\/litrax.ch\/de\/shop\/flurin-hydro-topf-4\/","og_site_name":"Litrax - Hydroponische Systeme","article_publisher":"https:\/\/www.facebook.com\/Litrax.ch","article_modified_time":"2026-04-18T05:04:32+00:00","og_image":[{"width":1000,"height":667,"url":"https:\/\/litrax.ch\/wp-content\/uploads\/2024\/01\/LG211_Trans.png","type":"image\/png"}],"twitter_card":"summary_large_image","twitter_misc":{"Preis":"&#67;&#72;&#70;&nbsp;19.90","Verf\u00fcgbarkeit":"Auf Lager"},"schema":{"@context":"https:\/\/schema.org","@graph":[{"@type":"WebPage","@id":"https:\/\/litrax.ch\/de\/shop\/flurin-hydro-topf-4\/","url":"https:\/\/litrax.ch\/de\/shop\/flurin-hydro-topf-4\/","name":"FLURIN Hydro Topf 4 - Selbstbew\u00e4ssernd. jetzt bestellen!","isPartOf":{"@id":"https:\/\/litrax.ch\/de\/#website"},"primaryImageOfPage":{"@id":"https:\/\/litrax.ch\/de\/shop\/flurin-hydro-topf-4\/#primaryimage"},"image":{"@id":"https:\/\/litrax.ch\/de\/shop\/flurin-hydro-topf-4\/#primaryimage"},"thumbnailUrl":"https:\/\/litrax.ch\/wp-content\/uploads\/2024\/01\/LG211_Trans.png","datePublished":"2024-01-11T09:53:32+00:00","dateModified":"2026-04-18T05:04:32+00:00","description":"Selbstbew\u00e4ssernder Hydrogarten f\u00fcr 4 Pflanzen mit Docht-System und transparentem Reservoir. Perfekt f\u00fcr Kr\u00e4uter und Blumen. Ohne t\u00e4gliches Gie\u00dfen.","breadcrumb":{"@id":"https:\/\/litrax.ch\/de\/shop\/flurin-hydro-topf-4\/#breadcrumb"},"inLanguage":"de","potentialAction":[{"@type":"ReadAction","target":["https:\/\/litrax.ch\/de\/shop\/flurin-hydro-topf-4\/"]}]},{"@type":"ImageObject","inLanguage":"de","@id":"https:\/\/litrax.ch\/de\/shop\/flurin-hydro-topf-4\/#primaryimage","url":"https:\/\/litrax.ch\/wp-content\/uploads\/2024\/01\/LG211_Trans.png","contentUrl":"https:\/\/litrax.ch\/wp-content\/uploads\/2024\/01\/LG211_Trans.png","width":1000,"height":667},{"@type":"BreadcrumbList","@id":"https:\/\/litrax.ch\/de\/shop\/flurin-hydro-topf-4\/#breadcrumb","itemListElement":[{"@type":"ListItem","position":1,"name":"Startseite","item":"https:\/\/litrax.ch\/de\/"},{"@type":"ListItem","position":2,"name":"Shop","item":"https:\/\/litrax.ch\/de\/shop\/"},{"@type":"ListItem","position":3,"name":"FLURIN Hydro Topf 4"}]},{"@type":"WebSite","@id":"https:\/\/litrax.ch\/de\/#website","url":"https:\/\/litrax.ch\/de\/","name":"Litrax - Hydroponische Systeme","description":"Erlebe Hydroponik - der erdlose Gartengenuss.","publisher":{"@id":"https:\/\/litrax.ch\/de\/#organization"},"alternateName":"Litrax","potentialAction":[{"@type":"SearchAction","target":{"@type":"EntryPoint","urlTemplate":"https:\/\/litrax.ch\/de\/?s={search_term_string}"},"query-input":{"@type":"PropertyValueSpecification","valueRequired":true,"valueName":"search_term_string"}}],"inLanguage":"de"},{"@type":"Organization","@id":"https:\/\/litrax.ch\/de\/#organization","name":"Litrax - Hydroponische Systeme","alternateName":"Litrax","url":"https:\/\/litrax.ch\/de\/","logo":{"@type":"ImageObject","inLanguage":"de","@id":"https:\/\/litrax.ch\/de\/#\/schema\/logo\/image\/","url":"https:\/\/litrax.ch\/wp-content\/uploads\/2024\/03\/facivon.png","contentUrl":"https:\/\/litrax.ch\/wp-content\/uploads\/2024\/03\/facivon.png","width":150,"height":150,"caption":"Litrax - Hydroponische Systeme"},"image":{"@id":"https:\/\/litrax.ch\/de\/#\/schema\/logo\/image\/"},"sameAs":["https:\/\/www.facebook.com\/Litrax.ch","https:\/\/www.instagram.com\/litrax.ch\/","https:\/\/www.tiktok.com\/@litrax.ch"],"description":"Willkommen bei Litrax \u2013 Ihrem f\u00fchrenden Online-Shop f\u00fcr hochwertige hydroponische Gartensysteme! Wir bieten eine breite Palette an L\u00f6sungen f\u00fcr Privatpersonen, Restaurants und industrielle Gro\u00dfsysteme, um Ihnen zu helfen, Ihre eigene gr\u00fcne Oase zu schaffen, unabh\u00e4ngig von Ihrem Bedarf oder Ihrer Gr\u00f6\u00dfe. F\u00fcr Haushalte\/B\u00fcros: Entdecken Sie die Freude am G\u00e4rtnern in Ihrem eigenen Zuhause mit unseren einfach zu bedienenden hydroponischen Gartensystemen. Egal, ob Sie auf einem Balkon, einer Terrasse oder in Ihrem Wohnzimmer g\u00e4rtnern m\u00f6chten \u2013 wir haben das passende System f\u00fcr Sie. Genie\u00dfen Sie frisches Gem\u00fcse, aromatische Kr\u00e4uter und farbenfrohe Blumen das ganze Jahr \u00fcber, direkt aus Ihrem hydroponischen Garten. F\u00fcr Restaurants: Steigern Sie die Qualit\u00e4t Ihrer Gerichte und beeindrucken Sie Ihre G\u00e4ste mit frischen, geschmacksintensiven Zutaten aus unserem Sortiment an hydroponischen Gartensystemen f\u00fcr den gastronomischen Bereich. Unsere Systeme sind platzsparend, effizient und einfach zu bedienen, so dass Sie Ihre eigenen Zutaten direkt in Ihrer K\u00fcche anbauen k\u00f6nnen. Erleben Sie die Freude an nachhaltigem G\u00e4rtnern und lassen Sie Ihre kulinarischen Kreationen erstrahlen. Industrielle Gro\u00dfsysteme: Optimieren Sie Ihre landwirtschaftliche Produktion mit unseren ma\u00dfgeschneiderten hydroponischen Gro\u00dfsystemen. Von vertikalen Farmen bis hin zu automatisierten Anlagen bieten wir skalierbare L\u00f6sungen f\u00fcr maximale Effizienz und Produktivit\u00e4t. Nutzen Sie die Vorteile der hydroponischen Landwirtschaft, um Ihre Ernteertr\u00e4ge zu steigern, Platz zu sparen und Ressourcen zu optimieren. Erfahren Sie, wie unsere Systeme die Zukunft der industriellen Landwirtschaft gestalten k\u00f6nnen. Bei Litrax legen wir Wert auf Qualit\u00e4t und Kundenzufriedenheit. Unsere Produkte sind sorgf\u00e4ltig ausgew\u00e4hlt, um Ihnen die besten Ergebnisse zu garantieren, und wir bieten sie zu g\u00fcnstigen Preisen an. Dank unseres eigenen Lagers in der Schweiz k\u00f6nnen wir Ihnen eine schnelle Lieferung am n\u00e4chsten Tag garantieren.","legalName":"Resyx GmbH","foundingDate":"2022-12-22","numberOfEmployees":{"@type":"QuantitativeValue","minValue":"1","maxValue":"10"}}]},"product_price_amount":"19.90","product_price_currency":"CHF","og_availability":"instock","product_availability":"instock","product_retailer_item_id":"LG211","product_condition":"new"},"_links":{"self":[{"href":"https:\/\/litrax.ch\/de\/wp-json\/wp\/v2\/product\/17040","targetHints":{"allow":["GET"]}}],"collection":[{"href":"https:\/\/litrax.ch\/de\/wp-json\/wp\/v2\/product"}],"about":[{"href":"https:\/\/litrax.ch\/de\/wp-json\/wp\/v2\/types\/product"}],"replies":[{"embeddable":true,"href":"https:\/\/litrax.ch\/de\/wp-json\/wp\/v2\/comments?post=17040"}],"wp:featuredmedia":[{"embeddable":true,"href":"https:\/\/litrax.ch\/de\/wp-json\/wp\/v2\/media\/17059"}],"wp:attachment":[{"href":"https:\/\/litrax.ch\/de\/wp-json\/wp\/v2\/media?parent=17040"}],"wp:term":[{"taxonomy":"product_brand","embeddable":true,"href":"https:\/\/litrax.ch\/de\/wp-json\/wp\/v2\/product_brand?post=17040"},{"taxonomy":"product_cat","embeddable":true,"href":"https:\/\/litrax.ch\/de\/wp-json\/wp\/v2\/product_cat?post=17040"},{"taxonomy":"product_tag","embeddable":true,"href":"https:\/\/litrax.ch\/de\/wp-json\/wp\/v2\/product_tag?post=17040"}],"curies":[{"name":"wp","href":"https:\/\/api.w.org\/{rel}","templated":true}]}}