{"id":20040,"date":"2024-08-20T16:19:00","date_gmt":"2024-08-20T16:19:00","guid":{"rendered":"https:\/\/litrax.ch\/?post_type=product&#038;p=20040"},"modified":"2026-04-17T05:05:16","modified_gmt":"2026-04-17T05:05:16","slug":"quattro-turm-4-rotierend-240","status":"publish","type":"product","link":"https:\/\/litrax.ch\/de\/shop\/quattro-turm-4-rotierend-240\/","title":{"rendered":"QUATTRO Turm 4 rotierend &#8211; 240"},"content":{"rendered":"<div>\n<h3>4 rotierende Wachstumst\u00fcrme f\u00fcr 240 Pflanzen (Set)<\/h3>\n<p>Die nachhaltige und professionelle Landwirtschaft mit Hydroponik erm\u00f6glicht bei diesem modular ausbaubaren Turm System, sowohl innen, wie auch draussen oder im \u00a0Gew\u00e4chshaus grosse Mengen an Blattgem\u00fcse in Rekordzeit wachsen zu lassen, bei nat\u00fcrlichem Sonnenlicht oder auch indoor mit LED Wachstumslichter. Die konstante Rotation des Turms garantiert ein gleichm\u00e4ssiges Wachstum.<\/p>\n<h4>Produktmerkmale<\/h4>\n<ul>\n<li>Geeignet f\u00fcr Blattgem\u00fcse, gewisse Kohlarten und Gem\u00fcse, Salate, Kr\u00e4uter, Blumen und Erdbeeren<\/li>\n<li>Rotierendes Turm Hochbeet mit 4 T\u00fcrmen mit je 10 vertikalen Ebenen. Modular beliebig in der Fl\u00e4che und H\u00f6he ausbaubar. Optimale Ausnutzung des Gew\u00e4chshaus Volumens bis \u00fcber 240 Pflanzen vertikal pro m2.<\/li>\n<li>6 Pflanzent\u00f6pfe pro Ebene, total 240 Pflanzen \u00fcber 4 T\u00fcrme verteilt<\/li>\n<li>4 LED Wachstumslichter Leisten (1.5m pro Leiste)<\/li>\n<li>Erm\u00f6glicht eine sehr hohe Ertragsdichte pro Fl\u00e4cheneinheit.<\/li>\n<li>Professionelle Landwirtschaft mit hoher Pflanzendichte. Auch geeignet f\u00fcr sonnige Pl\u00e4tze wie Balkon, Terrasse, Gew\u00e4chshaus oder auch im Lagerhaus oder Garage.<\/li>\n<li>Errm\u00f6glicht ganzj\u00e4hrige Produktion (innen \/ aussen)<\/li>\n<li>5x schnelleres Wachstum als herk\u00f6mmliche Landwirtschaft.<\/li>\n<li>Wassereinsparung bis zu 80% dank nachhaltiger Zirkulation mit Pumpe.<\/li>\n<li>Grosser Wassertank f\u00fcr Langzeitbew\u00e4sserung<\/li>\n<li>Wachstum mit Schw\u00e4mmen<\/li>\n<\/ul>\n<p>&nbsp;<\/p>\n<h4>Produkte Parameter<\/h4>\n<p>Ebenen: 10 Levels, modular in der H\u00f6he ausbaubar<br \/>\nT\u00f6pfe: 6 Pflanzent\u00f6pfe pro Ebene, die Ebene kann individuell angepasst werden<br \/>\nAnzahl Pflanzen: 240 (4 T\u00fcrme)<br \/>\nAnbautyp: Hydroponisch mit N\u00e4hrfl\u00fcssigkeit, ohne Erde<br \/>\nMaterial: PP in Lebensmittelqualit\u00e4t<br \/>\nZubeh\u00f6r: Turmkomponenten, Ger\u00fcst, Wassertank, LED Wachstumslichter, Timer, Wasserpumpe, Pflanzenk\u00f6rbe, Wachstumsschw\u00e4mme, etc.<br \/>\nVerpackung: Karton, Holzrahmen<br \/>\nPflanzenarten: f\u00fcr Blattgem\u00fcse, Erdbeeren, Kr\u00e4uter, Blumen, etc.<br \/>\nVerwendung: indoor\/outdoor, Garten, Landwirtschaft, Vertikaler Anbau<\/p>\n<\/div>\n","protected":false},"excerpt":{"rendered":"<p>4 rotierende Wachstumst\u00fcrme f\u00fcr 240 Pflanzen (Set) Die nachhaltige und professionelle Landwirtschaft mit Hydroponik erm\u00f6glicht bei diesem modular ausbaubaren Turm System, sowohl innen, wie auch draussen oder im \u00a0Gew\u00e4chshaus grosse Mengen an Blattgem\u00fcse in Rekordzeit wachsen zu lassen, bei nat\u00fcrlichem Sonnenlicht oder auch indoor mit LED Wachstumslichter. Die konstante Rotation des Turms garantiert ein gleichm\u00e4ssiges [&hellip;]<\/p>\n","protected":false},"featured_media":20490,"comment_status":"open","ping_status":"closed","template":"","meta":[],"product_brand":[],"product_cat":[84,21,83],"product_tag":[1286,493],"class_list":{"0":"post-20040","1":"product","2":"type-product","3":"status-publish","4":"has-post-thumbnail","6":"product_cat-gastronomie","7":"product_cat-hydroponik","8":"product_cat-landwirtschaft","9":"product_tag-hydroponik-turm","10":"product_tag-vertikale-farm","12":"first","13":"instock","14":"taxable","15":"shipping-taxable","16":"purchasable","17":"product-type-simple"},"yoast_head":"<!-- This site is optimized with the Yoast SEO Premium plugin v26.7 (Yoast SEO v27.4) - https:\/\/yoast.com\/product\/yoast-seo-premium-wordpress\/ -->\n<title>QUATTRO Turm 4 rotierend - 240 f\u00fcr perfektes Wachstum<\/title>\n<meta name=\"description\" content=\"Mit dem QUATTRO Turm 4 rotierend - 240 erzielen Sie schnellstes Wachstum. Die Rotation der T\u00fcrme versorgt alle Pflanzen stets perfekt mit Sonnenlicht.\" \/>\n<meta name=\"robots\" content=\"index, follow, max-snippet:-1, max-image-preview:large, max-video-preview:-1\" \/>\n<link rel=\"canonical\" href=\"https:\/\/litrax.ch\/de\/shop\/quattro-turm-4-rotierend-240\/\" \/>\n<meta property=\"og:locale\" content=\"de_DE\" \/>\n<meta property=\"og:type\" content=\"article\" \/>\n<meta property=\"og:title\" content=\"QUATTRO Turm 4 rotierend - 240\" \/>\n<meta property=\"og:description\" content=\"Mit dem QUATTRO Turm 4 rotierend - 240 erzielen Sie schnellstes Wachstum. Die Rotation der T\u00fcrme versorgt alle Pflanzen stets perfekt mit Sonnenlicht.\" \/>\n<meta property=\"og:url\" content=\"https:\/\/litrax.ch\/de\/shop\/quattro-turm-4-rotierend-240\/\" \/>\n<meta property=\"og:site_name\" content=\"Litrax - Hydroponische Systeme\" \/>\n<meta property=\"article:publisher\" content=\"https:\/\/www.facebook.com\/Litrax.ch\" \/>\n<meta property=\"article:modified_time\" content=\"2026-04-17T05:05:16+00:00\" \/>\n<meta property=\"og:image\" content=\"https:\/\/litrax.ch\/wp-content\/uploads\/2024\/08\/4-rotating-hydroponic-towers-e1727437525318.png\" \/>\n\t<meta property=\"og:image:width\" content=\"1679\" \/>\n\t<meta property=\"og:image:height\" content=\"1198\" \/>\n\t<meta property=\"og:image:type\" content=\"image\/png\" \/>\n<meta name=\"twitter:card\" content=\"summary_large_image\" \/>\n<meta name=\"twitter:label1\" content=\"Preis\" \/>\n\t<meta name=\"twitter:data1\" content=\"&#067;&#072;&#070;&nbsp;3&#039;150.00\" \/>\n\t<meta name=\"twitter:label2\" content=\"Verf\u00fcgbarkeit\" \/>\n\t<meta name=\"twitter:data2\" content=\"Auf Lager\" \/>\n<script type=\"application\/ld+json\" class=\"yoast-schema-graph\">{\"@context\":\"https:\\\/\\\/schema.org\",\"@graph\":[{\"@type\":\"WebPage\",\"@id\":\"https:\\\/\\\/litrax.ch\\\/de\\\/shop\\\/quattro-turm-4-rotierend-240\\\/\",\"url\":\"https:\\\/\\\/litrax.ch\\\/de\\\/shop\\\/quattro-turm-4-rotierend-240\\\/\",\"name\":\"QUATTRO Turm 4 rotierend - 240 f\u00fcr perfektes Wachstum\",\"isPartOf\":{\"@id\":\"https:\\\/\\\/litrax.ch\\\/de\\\/#website\"},\"primaryImageOfPage\":{\"@id\":\"https:\\\/\\\/litrax.ch\\\/de\\\/shop\\\/quattro-turm-4-rotierend-240\\\/#primaryimage\"},\"image\":{\"@id\":\"https:\\\/\\\/litrax.ch\\\/de\\\/shop\\\/quattro-turm-4-rotierend-240\\\/#primaryimage\"},\"thumbnailUrl\":\"https:\\\/\\\/litrax.ch\\\/wp-content\\\/uploads\\\/2024\\\/08\\\/4-rotating-hydroponic-towers-e1727437525318.png\",\"datePublished\":\"2024-08-20T16:19:00+00:00\",\"dateModified\":\"2026-04-17T05:05:16+00:00\",\"description\":\"Mit dem QUATTRO Turm 4 rotierend - 240 erzielen Sie schnellstes Wachstum. Die Rotation der T\u00fcrme versorgt alle Pflanzen stets perfekt mit Sonnenlicht.\",\"breadcrumb\":{\"@id\":\"https:\\\/\\\/litrax.ch\\\/de\\\/shop\\\/quattro-turm-4-rotierend-240\\\/#breadcrumb\"},\"inLanguage\":\"de\",\"potentialAction\":[{\"@type\":\"ReadAction\",\"target\":[\"https:\\\/\\\/litrax.ch\\\/de\\\/shop\\\/quattro-turm-4-rotierend-240\\\/\"]}]},{\"@type\":\"ImageObject\",\"inLanguage\":\"de\",\"@id\":\"https:\\\/\\\/litrax.ch\\\/de\\\/shop\\\/quattro-turm-4-rotierend-240\\\/#primaryimage\",\"url\":\"https:\\\/\\\/litrax.ch\\\/wp-content\\\/uploads\\\/2024\\\/08\\\/4-rotating-hydroponic-towers-e1727437525318.png\",\"contentUrl\":\"https:\\\/\\\/litrax.ch\\\/wp-content\\\/uploads\\\/2024\\\/08\\\/4-rotating-hydroponic-towers-e1727437525318.png\",\"width\":1679,\"height\":1198},{\"@type\":\"BreadcrumbList\",\"@id\":\"https:\\\/\\\/litrax.ch\\\/de\\\/shop\\\/quattro-turm-4-rotierend-240\\\/#breadcrumb\",\"itemListElement\":[{\"@type\":\"ListItem\",\"position\":1,\"name\":\"Startseite\",\"item\":\"https:\\\/\\\/litrax.ch\\\/de\\\/\"},{\"@type\":\"ListItem\",\"position\":2,\"name\":\"Shop\",\"item\":\"https:\\\/\\\/litrax.ch\\\/de\\\/shop\\\/\"},{\"@type\":\"ListItem\",\"position\":3,\"name\":\"QUATTRO Turm 4 rotierend &#8211; 240\"}]},{\"@type\":\"WebSite\",\"@id\":\"https:\\\/\\\/litrax.ch\\\/de\\\/#website\",\"url\":\"https:\\\/\\\/litrax.ch\\\/de\\\/\",\"name\":\"Litrax - Hydroponische Systeme\",\"description\":\"Erlebe Hydroponik - der erdlose Gartengenuss.\",\"publisher\":{\"@id\":\"https:\\\/\\\/litrax.ch\\\/de\\\/#organization\"},\"alternateName\":\"Litrax\",\"potentialAction\":[{\"@type\":\"SearchAction\",\"target\":{\"@type\":\"EntryPoint\",\"urlTemplate\":\"https:\\\/\\\/litrax.ch\\\/de\\\/?s={search_term_string}\"},\"query-input\":{\"@type\":\"PropertyValueSpecification\",\"valueRequired\":true,\"valueName\":\"search_term_string\"}}],\"inLanguage\":\"de\"},{\"@type\":\"Organization\",\"@id\":\"https:\\\/\\\/litrax.ch\\\/de\\\/#organization\",\"name\":\"Litrax - Hydroponische Systeme\",\"alternateName\":\"Litrax\",\"url\":\"https:\\\/\\\/litrax.ch\\\/de\\\/\",\"logo\":{\"@type\":\"ImageObject\",\"inLanguage\":\"de\",\"@id\":\"https:\\\/\\\/litrax.ch\\\/de\\\/#\\\/schema\\\/logo\\\/image\\\/\",\"url\":\"https:\\\/\\\/litrax.ch\\\/wp-content\\\/uploads\\\/2024\\\/03\\\/facivon.png\",\"contentUrl\":\"https:\\\/\\\/litrax.ch\\\/wp-content\\\/uploads\\\/2024\\\/03\\\/facivon.png\",\"width\":150,\"height\":150,\"caption\":\"Litrax - Hydroponische Systeme\"},\"image\":{\"@id\":\"https:\\\/\\\/litrax.ch\\\/de\\\/#\\\/schema\\\/logo\\\/image\\\/\"},\"sameAs\":[\"https:\\\/\\\/www.facebook.com\\\/Litrax.ch\",\"https:\\\/\\\/www.instagram.com\\\/litrax.ch\\\/\",\"https:\\\/\\\/www.tiktok.com\\\/@litrax.ch\"],\"description\":\"Willkommen bei Litrax \u2013 Ihrem f\u00fchrenden Online-Shop f\u00fcr hochwertige hydroponische Gartensysteme! Wir bieten eine breite Palette an L\u00f6sungen f\u00fcr Privatpersonen, Restaurants und industrielle Gro\u00dfsysteme, um Ihnen zu helfen, Ihre eigene gr\u00fcne Oase zu schaffen, unabh\u00e4ngig von Ihrem Bedarf oder Ihrer Gr\u00f6\u00dfe. F\u00fcr Haushalte\\\/B\u00fcros: Entdecken Sie die Freude am G\u00e4rtnern in Ihrem eigenen Zuhause mit unseren einfach zu bedienenden hydroponischen Gartensystemen. Egal, ob Sie auf einem Balkon, einer Terrasse oder in Ihrem Wohnzimmer g\u00e4rtnern m\u00f6chten \u2013 wir haben das passende System f\u00fcr Sie. Genie\u00dfen Sie frisches Gem\u00fcse, aromatische Kr\u00e4uter und farbenfrohe Blumen das ganze Jahr \u00fcber, direkt aus Ihrem hydroponischen Garten. F\u00fcr Restaurants: Steigern Sie die Qualit\u00e4t Ihrer Gerichte und beeindrucken Sie Ihre G\u00e4ste mit frischen, geschmacksintensiven Zutaten aus unserem Sortiment an hydroponischen Gartensystemen f\u00fcr den gastronomischen Bereich. Unsere Systeme sind platzsparend, effizient und einfach zu bedienen, so dass Sie Ihre eigenen Zutaten direkt in Ihrer K\u00fcche anbauen k\u00f6nnen. Erleben Sie die Freude an nachhaltigem G\u00e4rtnern und lassen Sie Ihre kulinarischen Kreationen erstrahlen. Industrielle Gro\u00dfsysteme: Optimieren Sie Ihre landwirtschaftliche Produktion mit unseren ma\u00dfgeschneiderten hydroponischen Gro\u00dfsystemen. Von vertikalen Farmen bis hin zu automatisierten Anlagen bieten wir skalierbare L\u00f6sungen f\u00fcr maximale Effizienz und Produktivit\u00e4t. Nutzen Sie die Vorteile der hydroponischen Landwirtschaft, um Ihre Ernteertr\u00e4ge zu steigern, Platz zu sparen und Ressourcen zu optimieren. Erfahren Sie, wie unsere Systeme die Zukunft der industriellen Landwirtschaft gestalten k\u00f6nnen. Bei Litrax legen wir Wert auf Qualit\u00e4t und Kundenzufriedenheit. Unsere Produkte sind sorgf\u00e4ltig ausgew\u00e4hlt, um Ihnen die besten Ergebnisse zu garantieren, und wir bieten sie zu g\u00fcnstigen Preisen an. Dank unseres eigenen Lagers in der Schweiz k\u00f6nnen wir Ihnen eine schnelle Lieferung am n\u00e4chsten Tag garantieren.\",\"legalName\":\"Resyx GmbH\",\"foundingDate\":\"2022-12-22\",\"numberOfEmployees\":{\"@type\":\"QuantitativeValue\",\"minValue\":\"1\",\"maxValue\":\"10\"}}]}<\/script>\n<meta property=\"product:price:amount\" content=\"3150.00\" \/>\n<meta property=\"product:price:currency\" content=\"CHF\" \/>\n<meta property=\"og:availability\" content=\"instock\" \/>\n<meta property=\"product:availability\" content=\"instock\" \/>\n<meta property=\"product:retailer_item_id\" content=\"LX6P10-4T-250\" \/>\n<meta property=\"product:condition\" content=\"new\" \/>\n<!-- \/ Yoast SEO Premium plugin. -->","yoast_head_json":{"title":"QUATTRO Turm 4 rotierend - 240 f\u00fcr perfektes Wachstum","description":"Mit dem QUATTRO Turm 4 rotierend - 240 erzielen Sie schnellstes Wachstum. Die Rotation der T\u00fcrme versorgt alle Pflanzen stets perfekt mit Sonnenlicht.","robots":{"index":"index","follow":"follow","max-snippet":"max-snippet:-1","max-image-preview":"max-image-preview:large","max-video-preview":"max-video-preview:-1"},"canonical":"https:\/\/litrax.ch\/de\/shop\/quattro-turm-4-rotierend-240\/","og_locale":"de_DE","og_type":"article","og_title":"QUATTRO Turm 4 rotierend - 240","og_description":"Mit dem QUATTRO Turm 4 rotierend - 240 erzielen Sie schnellstes Wachstum. Die Rotation der T\u00fcrme versorgt alle Pflanzen stets perfekt mit Sonnenlicht.","og_url":"https:\/\/litrax.ch\/de\/shop\/quattro-turm-4-rotierend-240\/","og_site_name":"Litrax - Hydroponische Systeme","article_publisher":"https:\/\/www.facebook.com\/Litrax.ch","article_modified_time":"2026-04-17T05:05:16+00:00","og_image":[{"width":1679,"height":1198,"url":"https:\/\/litrax.ch\/wp-content\/uploads\/2024\/08\/4-rotating-hydroponic-towers-e1727437525318.png","type":"image\/png"}],"twitter_card":"summary_large_image","twitter_misc":{"Preis":"&#67;&#72;&#70;&nbsp;3'150.00","Verf\u00fcgbarkeit":"Auf Lager"},"schema":{"@context":"https:\/\/schema.org","@graph":[{"@type":"WebPage","@id":"https:\/\/litrax.ch\/de\/shop\/quattro-turm-4-rotierend-240\/","url":"https:\/\/litrax.ch\/de\/shop\/quattro-turm-4-rotierend-240\/","name":"QUATTRO Turm 4 rotierend - 240 f\u00fcr perfektes Wachstum","isPartOf":{"@id":"https:\/\/litrax.ch\/de\/#website"},"primaryImageOfPage":{"@id":"https:\/\/litrax.ch\/de\/shop\/quattro-turm-4-rotierend-240\/#primaryimage"},"image":{"@id":"https:\/\/litrax.ch\/de\/shop\/quattro-turm-4-rotierend-240\/#primaryimage"},"thumbnailUrl":"https:\/\/litrax.ch\/wp-content\/uploads\/2024\/08\/4-rotating-hydroponic-towers-e1727437525318.png","datePublished":"2024-08-20T16:19:00+00:00","dateModified":"2026-04-17T05:05:16+00:00","description":"Mit dem QUATTRO Turm 4 rotierend - 240 erzielen Sie schnellstes Wachstum. Die Rotation der T\u00fcrme versorgt alle Pflanzen stets perfekt mit Sonnenlicht.","breadcrumb":{"@id":"https:\/\/litrax.ch\/de\/shop\/quattro-turm-4-rotierend-240\/#breadcrumb"},"inLanguage":"de","potentialAction":[{"@type":"ReadAction","target":["https:\/\/litrax.ch\/de\/shop\/quattro-turm-4-rotierend-240\/"]}]},{"@type":"ImageObject","inLanguage":"de","@id":"https:\/\/litrax.ch\/de\/shop\/quattro-turm-4-rotierend-240\/#primaryimage","url":"https:\/\/litrax.ch\/wp-content\/uploads\/2024\/08\/4-rotating-hydroponic-towers-e1727437525318.png","contentUrl":"https:\/\/litrax.ch\/wp-content\/uploads\/2024\/08\/4-rotating-hydroponic-towers-e1727437525318.png","width":1679,"height":1198},{"@type":"BreadcrumbList","@id":"https:\/\/litrax.ch\/de\/shop\/quattro-turm-4-rotierend-240\/#breadcrumb","itemListElement":[{"@type":"ListItem","position":1,"name":"Startseite","item":"https:\/\/litrax.ch\/de\/"},{"@type":"ListItem","position":2,"name":"Shop","item":"https:\/\/litrax.ch\/de\/shop\/"},{"@type":"ListItem","position":3,"name":"QUATTRO Turm 4 rotierend &#8211; 240"}]},{"@type":"WebSite","@id":"https:\/\/litrax.ch\/de\/#website","url":"https:\/\/litrax.ch\/de\/","name":"Litrax - Hydroponische Systeme","description":"Erlebe Hydroponik - der erdlose Gartengenuss.","publisher":{"@id":"https:\/\/litrax.ch\/de\/#organization"},"alternateName":"Litrax","potentialAction":[{"@type":"SearchAction","target":{"@type":"EntryPoint","urlTemplate":"https:\/\/litrax.ch\/de\/?s={search_term_string}"},"query-input":{"@type":"PropertyValueSpecification","valueRequired":true,"valueName":"search_term_string"}}],"inLanguage":"de"},{"@type":"Organization","@id":"https:\/\/litrax.ch\/de\/#organization","name":"Litrax - Hydroponische Systeme","alternateName":"Litrax","url":"https:\/\/litrax.ch\/de\/","logo":{"@type":"ImageObject","inLanguage":"de","@id":"https:\/\/litrax.ch\/de\/#\/schema\/logo\/image\/","url":"https:\/\/litrax.ch\/wp-content\/uploads\/2024\/03\/facivon.png","contentUrl":"https:\/\/litrax.ch\/wp-content\/uploads\/2024\/03\/facivon.png","width":150,"height":150,"caption":"Litrax - Hydroponische Systeme"},"image":{"@id":"https:\/\/litrax.ch\/de\/#\/schema\/logo\/image\/"},"sameAs":["https:\/\/www.facebook.com\/Litrax.ch","https:\/\/www.instagram.com\/litrax.ch\/","https:\/\/www.tiktok.com\/@litrax.ch"],"description":"Willkommen bei Litrax \u2013 Ihrem f\u00fchrenden Online-Shop f\u00fcr hochwertige hydroponische Gartensysteme! Wir bieten eine breite Palette an L\u00f6sungen f\u00fcr Privatpersonen, Restaurants und industrielle Gro\u00dfsysteme, um Ihnen zu helfen, Ihre eigene gr\u00fcne Oase zu schaffen, unabh\u00e4ngig von Ihrem Bedarf oder Ihrer Gr\u00f6\u00dfe. F\u00fcr Haushalte\/B\u00fcros: Entdecken Sie die Freude am G\u00e4rtnern in Ihrem eigenen Zuhause mit unseren einfach zu bedienenden hydroponischen Gartensystemen. Egal, ob Sie auf einem Balkon, einer Terrasse oder in Ihrem Wohnzimmer g\u00e4rtnern m\u00f6chten \u2013 wir haben das passende System f\u00fcr Sie. Genie\u00dfen Sie frisches Gem\u00fcse, aromatische Kr\u00e4uter und farbenfrohe Blumen das ganze Jahr \u00fcber, direkt aus Ihrem hydroponischen Garten. F\u00fcr Restaurants: Steigern Sie die Qualit\u00e4t Ihrer Gerichte und beeindrucken Sie Ihre G\u00e4ste mit frischen, geschmacksintensiven Zutaten aus unserem Sortiment an hydroponischen Gartensystemen f\u00fcr den gastronomischen Bereich. Unsere Systeme sind platzsparend, effizient und einfach zu bedienen, so dass Sie Ihre eigenen Zutaten direkt in Ihrer K\u00fcche anbauen k\u00f6nnen. Erleben Sie die Freude an nachhaltigem G\u00e4rtnern und lassen Sie Ihre kulinarischen Kreationen erstrahlen. Industrielle Gro\u00dfsysteme: Optimieren Sie Ihre landwirtschaftliche Produktion mit unseren ma\u00dfgeschneiderten hydroponischen Gro\u00dfsystemen. Von vertikalen Farmen bis hin zu automatisierten Anlagen bieten wir skalierbare L\u00f6sungen f\u00fcr maximale Effizienz und Produktivit\u00e4t. Nutzen Sie die Vorteile der hydroponischen Landwirtschaft, um Ihre Ernteertr\u00e4ge zu steigern, Platz zu sparen und Ressourcen zu optimieren. Erfahren Sie, wie unsere Systeme die Zukunft der industriellen Landwirtschaft gestalten k\u00f6nnen. Bei Litrax legen wir Wert auf Qualit\u00e4t und Kundenzufriedenheit. Unsere Produkte sind sorgf\u00e4ltig ausgew\u00e4hlt, um Ihnen die besten Ergebnisse zu garantieren, und wir bieten sie zu g\u00fcnstigen Preisen an. Dank unseres eigenen Lagers in der Schweiz k\u00f6nnen wir Ihnen eine schnelle Lieferung am n\u00e4chsten Tag garantieren.","legalName":"Resyx GmbH","foundingDate":"2022-12-22","numberOfEmployees":{"@type":"QuantitativeValue","minValue":"1","maxValue":"10"}}]},"product_price_amount":"3150.00","product_price_currency":"CHF","og_availability":"instock","product_availability":"instock","product_retailer_item_id":"LX6P10-4T-250","product_condition":"new"},"_links":{"self":[{"href":"https:\/\/litrax.ch\/de\/wp-json\/wp\/v2\/product\/20040","targetHints":{"allow":["GET"]}}],"collection":[{"href":"https:\/\/litrax.ch\/de\/wp-json\/wp\/v2\/product"}],"about":[{"href":"https:\/\/litrax.ch\/de\/wp-json\/wp\/v2\/types\/product"}],"replies":[{"embeddable":true,"href":"https:\/\/litrax.ch\/de\/wp-json\/wp\/v2\/comments?post=20040"}],"wp:featuredmedia":[{"embeddable":true,"href":"https:\/\/litrax.ch\/de\/wp-json\/wp\/v2\/media\/20490"}],"wp:attachment":[{"href":"https:\/\/litrax.ch\/de\/wp-json\/wp\/v2\/media?parent=20040"}],"wp:term":[{"taxonomy":"product_brand","embeddable":true,"href":"https:\/\/litrax.ch\/de\/wp-json\/wp\/v2\/product_brand?post=20040"},{"taxonomy":"product_cat","embeddable":true,"href":"https:\/\/litrax.ch\/de\/wp-json\/wp\/v2\/product_cat?post=20040"},{"taxonomy":"product_tag","embeddable":true,"href":"https:\/\/litrax.ch\/de\/wp-json\/wp\/v2\/product_tag?post=20040"}],"curies":[{"name":"wp","href":"https:\/\/api.w.org\/{rel}","templated":true}]}}