{"id":20264,"date":"2024-09-16T14:58:16","date_gmt":"2024-09-16T14:58:16","guid":{"rendered":"https:\/\/litrax.ch\/?post_type=product&#038;p=20264"},"modified":"2026-04-18T05:04:39","modified_gmt":"2026-04-18T05:04:39","slug":"futtermittel-und-microgreen-wachstumssystem","status":"publish","type":"product","link":"https:\/\/litrax.ch\/de\/shop\/futtermittel-und-microgreen-wachstumssystem\/","title":{"rendered":"Futtermittel und Microgreen Wachstumssystem"},"content":{"rendered":"<h1 dir=\"auto\">Futtermittel Herstellung mit LXMG-3L<\/h1>\n<p dir=\"auto\">Sorgen Sie sich um Futterkosten und saisonale Schwankungen? Das LXMG-3L Hydroponik Futtermittel-System produziert ganzj\u00e4hrig hochwertige Futtermittel f\u00fcr Ihr Rindvieh \u2013 unabh\u00e4ngig von Jahreszeiten und Wetter.<\/p>\n<h2 dir=\"auto\">Verst\u00e4ndnis der Grundfutter Leistung mit Hydroponik<\/h2>\n<p dir=\"auto\">Die F\u00fctterung von Rindern ist entscheidend f\u00fcr den Betriebserfolg. Etwa 4000 kg Milch \u2013 oder 50% der Gesamtproduktion \u2013 sollten aus dem Grundfutter stammen.<\/p>\n<p dir=\"auto\">Nachhaltige Gr\u00fcnlandpflege durch Nachsaat, D\u00fcngung und passende Schnitth\u00f6hen sichert gute Qualit\u00e4t. Pflanzenzusammensetzung, Trockensubstanz, Faseranteil und H\u00e4cksell\u00e4nge beeinflussen Struktur und Verdaulichkeit. Energiegehalt und Proteinqualit\u00e4t bestimmen die Gesamtqualit\u00e4t \u2013 erreichbar auch mit Litrax Hydroponik.<\/p>\n<p dir=\"auto\">Grundfutterqualit\u00e4t h\u00e4ngt von Schmackhaftigkeit und Inhaltsstoffen ab. K\u00fche bevorzugen energiehaltiges Futter. F\u00fcr Grassilagen \u00fcber 6,0 MJ NEL\/kg TS brauchen Sie 60-70% zuckerhaltige Gr\u00e4ser. Der Schnitt beim \u00c4hren\/Rispenschieben maximiert Energie. Mit Litrax Hydroponik ernten Sie saisonunabh\u00e4ngig.<\/p>\n<p dir=\"auto\">Litrax Hydroponik erm\u00f6glicht 365 Tage konstantes, hochwertiges Futtermittel \u2013 unabh\u00e4ngig vom Klima, mit z.B. 5-10% mehr Milch pro Kuh.<\/p>\n<h2 dir=\"auto\">Hydroponik als L\u00f6sung<\/h2>\n<p dir=\"auto\">bei Grundfutter Qualit\u00e4tsm\u00e4ngel, Ernteausf\u00e4lle oder Ertragsminderungen gleicht Hydroponik Qualit\u00e4tsm\u00e4ngel und Ernteausf\u00e4lle aus. Das Litrax System LXMG-3L-125 passt Licht und N\u00e4hrstoffe genau an Bed\u00fcrfnisse an.<\/p>\n<p dir=\"auto\">Experimentieren Sie mit modularen Komponenten, um die beste Passung f\u00fcr Ihren Betrieb zu finden.<\/p>\n<p dir=\"auto\">Hydroponik vermeidet Feldverluste (z. B. n\u00e4hrstoffreiches Feinblatt) und Silierverluste an Energie und Trockensubstanz. Im Winter erhalten Tiere frisches, erstklassiges Futter \u2013 eine Gourmetl\u00f6sung f\u00fcr Ihr Vieh, mit substantieller Qualit\u00e4tsverbesserung!<\/p>\n<h2 dir=\"auto\">Futtermittel \/ Microgreen Modul<\/h2>\n<p dir=\"auto\">Das Litrax LXMG-System braucht keine Pestizide, nur sauberes Wasser und N\u00e4hrstoffe (z. B. von Hauert). Es produziert gr\u00fcne, nachhaltige Produkte. Mit Solarstrom und Wassergewinnung erreichen Sie 100% Nachhaltigkeit und Witterungsunabh\u00e4ngigkeit. Sprossen wachsen in 5-7 Tagen auf 20 cm H\u00f6he und sind erntereif.<\/p>\n<p dir=\"auto\">Je nach Anlage produzieren Sie 10-100 kg Sprossen pro Tag (modular erweiterbar). Als Innenanbau ist es klimastabil und gleicht Winter-Gr\u00fcnfutter-Mangel aus.<\/p>\n<h2 dir=\"auto\">Unser LXMG System hat folgende Vorteile:<\/h2>\n<ul dir=\"auto\">\n<li>Hoher Ertrag<\/li>\n<li>Schnelles Wachstum des Futters<\/li>\n<li>Geringer Energieverbrauch<\/li>\n<li>Einfache Bedienung<\/li>\n<li>70% reduzierter Wasserverbrauch<\/li>\n<li>Geringer Wartungsaufwand<\/li>\n<li>Niedrige Betriebskosten<\/li>\n<li>Unabh\u00e4ngigkeit von Witterungsbedingungen<\/li>\n<li>Nachhaltige L\u00f6sung zur Vermeidung von Bodendegradation<\/li>\n<li>Modular erweiterbar mit einzelnen Modulen oder als Herstellung im Hydroponik Container (20 Fuss \/ 40 Fuss) mit 500 bis 1500 kg Futtermittel pro Tag<\/li>\n<\/ul>\n<h2 dir=\"auto\">Wesentliche Merkmale<\/h2>\n<ul dir=\"auto\">\n<li>Lichtspektrum zur Maximierung der Pflanzengr\u00f6\u00dfe und -qualit\u00e4t<\/li>\n<li>Individuelle N\u00e4hrstoffzufuhr f\u00fcr schmackhaftes Grundfutter<\/li>\n<li>Anbaubett f\u00fcr Pflanzen, Gr\u00e4ser oder Kr\u00e4uter<\/li>\n<li>Flacher Durchflussmodus von 15L\/4 Gal pro Anbaubett<\/li>\n<li>Lichtzyklus von 14-15 Stunden, einstellbar bis 24 Stunden<\/li>\n<li>Bis zu 5-10 kg Futtermittel pro Tag (abh\u00e4ngig von Licht und N\u00e4hrl\u00f6sungen)<\/li>\n<\/ul>\n<h3 dir=\"auto\">Enth\u00e4lt<\/h3>\n<ul dir=\"auto\">\n<li>3 LED Lichtleisten pro Schicht (24 Watt)<\/li>\n<li>3 Schichten (Levels)<\/li>\n<li>Lichtspektrum f\u00fcr schnelles Wachstum<\/li>\n<li>Optimaler Abstand zwischen Licht und Bett f\u00fcr n\u00e4hrstoffreiches Futtermittel<\/li>\n<li>Wasserpumpe f\u00fcr konstanten Fluss<\/li>\n<li>Rollen f\u00fcr Mobilit\u00e4t<\/li>\n<li>1,25 m H\u00f6he<\/li>\n<\/ul>\n<h2 dir=\"auto\">Futtermittelproduktion<\/h2>\n<p dir=\"auto\">Effiziente und Nachhaltige Viehf\u00fctterung mit dem LXMG-3 Moderne Landwirtschaft braucht Innovationen zur Kostensenkung und Produktivit\u00e4tssteigerung. Das modulare Litrax LXMG-3L-System erm\u00f6glicht ganzj\u00e4hrige, wetterunabh\u00e4ngige Produktion hochwertiger Futtermittel. Es kann auch zur Erg\u00e4nzung nur in Wintermonaten eingesetzt werden. In einer Container-Konfiguration erzeugen Sie damit 500-1500 kg pro Tag!<\/p>\n<h2 dir=\"auto\">Kann Hydroponik frisches Heu ersetzen?<\/h2>\n<p dir=\"auto\">Definitiv ja. Die Qualit\u00e4t von Hydroponik Futtermittel wird vorallem in den Wintermonaten von Farmern sehr gesch\u00e4tzt. Es kann also als komplement\u00e4res System sehr gute Dienste erweisen. Hier ein Video, welches die praktischen Ans\u00e4tze und Kosten am Beispiel eines amerikanischen Farmers aufzeigt:<\/p>\n<p><iframe title=\"YouTube video player\" src=\"https:\/\/www.youtube.com\/embed\/7yvHyqClRuQ?si=mHPBkoLW6eqQ3eV3\" width=\"560\" height=\"315\" frameborder=\"0\" allowfullscreen=\"allowfullscreen\"><\/iframe><\/p>\n<h2 dir=\"auto\">Microgreen System Anwendung des LXMG<\/h2>\n<p dir=\"auto\">Das LXMG-System eignet sich f\u00fcr Futteranbau und Keimung von Nutzpflanzen. Nutzen Sie es f\u00fcr profitables Microgreen-Gesch\u00e4ft mit Sojabohnen, Erbsen, Salat oder Koriander. H\u00f6here Ertr\u00e4ge bei geringeren Kosten. Mehr Infos zum LX001 und Microgreen-Vorteilen.<\/p>\n<h2 dir=\"auto\">Produktion von Microgreens (Keimlinge) und Baby Leaves<\/h2>\n<p dir=\"auto\">Das LXMG-System ist ideal f\u00fcr Microgreens und Baby Leaves wie Rettich, Sonnenblumen, Erbsen, Mais oder Rucola. Es bietet nachhaltige Alternativen zur konventionellen Landwirtschaft. Optimierte Kontrolle maximiert ganzj\u00e4hrige Produktion.<\/p>\n<p dir=\"auto\">Sichern Sie Ertr\u00e4ge unabh\u00e4ngig von Boden und Wetter. Resilient gegen Katastrophen und Schwankungen \u2013 investieren Sie in Stabilit\u00e4t!<\/p>\n<p dir=\"auto\"><strong>Innerhalb von 7 Tagen erntereif:<\/strong> Rettich, Sonnenblumen, Erbsensprossen, Maissprossen, Buchweizen.<\/p>\n<p dir=\"auto\">Baby Leaves eignen sich f\u00fcr Mischungen. Das LXMG-System erm\u00f6glicht einfache Produktion und Vermarktung in Flie\u00df-, Schalen- oder vielseitigem Anbau.<\/p>\n<h2 dir=\"auto\">Fazit<\/h2>\n<p dir=\"auto\">Das Litrax LXMG-3L-System bietet Landwirten eine nachhaltige, effiziente L\u00f6sung f\u00fcr ganzj\u00e4hrige Futtermittelproduktion.<\/p>\n<p dir=\"auto\">Es erweitert Optionen zu Microgreens und Baby Leaves, f\u00f6rdert Wirtschaftlichkeit und Nachhaltigkeit.<\/p>\n<p dir=\"auto\">Es repr\u00e4sentiert die Zukunft der Landwirtschaft<\/p>\n","protected":false},"excerpt":{"rendered":"<p>Futtermittel Herstellsystem<\/p>\n","protected":false},"featured_media":20494,"comment_status":"open","ping_status":"closed","template":"","meta":[],"product_brand":[],"product_cat":[84,1363,21,83],"product_tag":[631],"class_list":{"0":"post-20264","1":"product","2":"type-product","3":"status-publish","4":"has-post-thumbnail","6":"product_cat-gastronomie","7":"product_cat-gebraucht","8":"product_cat-hydroponik","9":"product_cat-landwirtschaft","10":"product_tag-landwirtschaft","12":"first","13":"instock","14":"sale","15":"sold-individually","16":"taxable","17":"shipping-taxable","18":"purchasable","19":"product-type-simple"},"yoast_head":"<!-- This site is optimized with the Yoast SEO Premium plugin v26.7 (Yoast SEO v27.4) - https:\/\/yoast.com\/product\/yoast-seo-premium-wordpress\/ -->\n<title>Herstellsystem Futtermittel und Microgreen in der Landwirtschaft - Litrax - Hydroponische Systeme<\/title>\n<meta name=\"description\" content=\"Reduzieren Sie Ihre Futterkosten mit dem Herstellsystem Futtermittel und Microgreen! Erzeugen Sie ganzj\u00e4hrig hochwertige Futtermittel f\u00fcr Ihr Vieh.\" \/>\n<meta name=\"robots\" content=\"index, follow, max-snippet:-1, max-image-preview:large, max-video-preview:-1\" \/>\n<link rel=\"canonical\" href=\"https:\/\/litrax.ch\/de\/shop\/futtermittel-und-microgreen-wachstumssystem\/\" \/>\n<meta property=\"og:locale\" content=\"de_DE\" \/>\n<meta property=\"og:type\" content=\"article\" \/>\n<meta property=\"og:title\" content=\"Futtermittel und Microgreen Wachstumssystem\" \/>\n<meta property=\"og:description\" content=\"Reduzieren Sie Ihre Futterkosten mit dem Herstellsystem Futtermittel und Microgreen! Erzeugen Sie ganzj\u00e4hrig hochwertige Futtermittel f\u00fcr Ihr Vieh.\" \/>\n<meta property=\"og:url\" content=\"https:\/\/litrax.ch\/de\/shop\/futtermittel-und-microgreen-wachstumssystem\/\" \/>\n<meta property=\"og:site_name\" content=\"Litrax - Hydroponische Systeme\" \/>\n<meta property=\"article:publisher\" content=\"https:\/\/www.facebook.com\/Litrax.ch\" \/>\n<meta property=\"article:modified_time\" content=\"2026-04-18T05:04:39+00:00\" \/>\n<meta property=\"og:image\" content=\"https:\/\/litrax.ch\/wp-content\/uploads\/2024\/09\/LXMG-3L-125-Microgreen-Fodder-Hydroponics.png\" \/>\n\t<meta property=\"og:image:width\" content=\"2418\" \/>\n\t<meta property=\"og:image:height\" content=\"1472\" \/>\n\t<meta property=\"og:image:type\" content=\"image\/png\" \/>\n<meta name=\"twitter:card\" content=\"summary_large_image\" \/>\n<meta name=\"twitter:label1\" content=\"Preis\" \/>\n\t<meta name=\"twitter:data1\" content=\"&#067;&#072;&#070;&nbsp;850.00\" \/>\n\t<meta name=\"twitter:label2\" content=\"Verf\u00fcgbarkeit\" \/>\n\t<meta name=\"twitter:data2\" content=\"Auf Lager\" \/>\n<script type=\"application\/ld+json\" class=\"yoast-schema-graph\">{\"@context\":\"https:\\\/\\\/schema.org\",\"@graph\":[{\"@type\":\"WebPage\",\"@id\":\"https:\\\/\\\/litrax.ch\\\/de\\\/shop\\\/futtermittel-und-microgreen-wachstumssystem\\\/\",\"url\":\"https:\\\/\\\/litrax.ch\\\/de\\\/shop\\\/futtermittel-und-microgreen-wachstumssystem\\\/\",\"name\":\"Herstellsystem Futtermittel und Microgreen in der Landwirtschaft - Litrax - Hydroponische Systeme\",\"isPartOf\":{\"@id\":\"https:\\\/\\\/litrax.ch\\\/de\\\/#website\"},\"primaryImageOfPage\":{\"@id\":\"https:\\\/\\\/litrax.ch\\\/de\\\/shop\\\/futtermittel-und-microgreen-wachstumssystem\\\/#primaryimage\"},\"image\":{\"@id\":\"https:\\\/\\\/litrax.ch\\\/de\\\/shop\\\/futtermittel-und-microgreen-wachstumssystem\\\/#primaryimage\"},\"thumbnailUrl\":\"https:\\\/\\\/litrax.ch\\\/wp-content\\\/uploads\\\/2024\\\/09\\\/LXMG-3L-125-Microgreen-Fodder-Hydroponics.png\",\"datePublished\":\"2024-09-16T14:58:16+00:00\",\"dateModified\":\"2026-04-18T05:04:39+00:00\",\"description\":\"Reduzieren Sie Ihre Futterkosten mit dem Herstellsystem Futtermittel und Microgreen! Erzeugen Sie ganzj\u00e4hrig hochwertige Futtermittel f\u00fcr Ihr Vieh.\",\"breadcrumb\":{\"@id\":\"https:\\\/\\\/litrax.ch\\\/de\\\/shop\\\/futtermittel-und-microgreen-wachstumssystem\\\/#breadcrumb\"},\"inLanguage\":\"de\",\"potentialAction\":[{\"@type\":\"ReadAction\",\"target\":[\"https:\\\/\\\/litrax.ch\\\/de\\\/shop\\\/futtermittel-und-microgreen-wachstumssystem\\\/\"]}]},{\"@type\":\"ImageObject\",\"inLanguage\":\"de\",\"@id\":\"https:\\\/\\\/litrax.ch\\\/de\\\/shop\\\/futtermittel-und-microgreen-wachstumssystem\\\/#primaryimage\",\"url\":\"https:\\\/\\\/litrax.ch\\\/wp-content\\\/uploads\\\/2024\\\/09\\\/LXMG-3L-125-Microgreen-Fodder-Hydroponics.png\",\"contentUrl\":\"https:\\\/\\\/litrax.ch\\\/wp-content\\\/uploads\\\/2024\\\/09\\\/LXMG-3L-125-Microgreen-Fodder-Hydroponics.png\",\"width\":2418,\"height\":1472},{\"@type\":\"BreadcrumbList\",\"@id\":\"https:\\\/\\\/litrax.ch\\\/de\\\/shop\\\/futtermittel-und-microgreen-wachstumssystem\\\/#breadcrumb\",\"itemListElement\":[{\"@type\":\"ListItem\",\"position\":1,\"name\":\"Startseite\",\"item\":\"https:\\\/\\\/litrax.ch\\\/de\\\/\"},{\"@type\":\"ListItem\",\"position\":2,\"name\":\"Shop\",\"item\":\"https:\\\/\\\/litrax.ch\\\/de\\\/shop\\\/\"},{\"@type\":\"ListItem\",\"position\":3,\"name\":\"Futtermittel und Microgreen Wachstumssystem\"}]},{\"@type\":\"WebSite\",\"@id\":\"https:\\\/\\\/litrax.ch\\\/de\\\/#website\",\"url\":\"https:\\\/\\\/litrax.ch\\\/de\\\/\",\"name\":\"Litrax - Hydroponische Systeme\",\"description\":\"Erlebe Hydroponik - der erdlose Gartengenuss.\",\"publisher\":{\"@id\":\"https:\\\/\\\/litrax.ch\\\/de\\\/#organization\"},\"alternateName\":\"Litrax\",\"potentialAction\":[{\"@type\":\"SearchAction\",\"target\":{\"@type\":\"EntryPoint\",\"urlTemplate\":\"https:\\\/\\\/litrax.ch\\\/de\\\/?s={search_term_string}\"},\"query-input\":{\"@type\":\"PropertyValueSpecification\",\"valueRequired\":true,\"valueName\":\"search_term_string\"}}],\"inLanguage\":\"de\"},{\"@type\":\"Organization\",\"@id\":\"https:\\\/\\\/litrax.ch\\\/de\\\/#organization\",\"name\":\"Litrax - Hydroponische Systeme\",\"alternateName\":\"Litrax\",\"url\":\"https:\\\/\\\/litrax.ch\\\/de\\\/\",\"logo\":{\"@type\":\"ImageObject\",\"inLanguage\":\"de\",\"@id\":\"https:\\\/\\\/litrax.ch\\\/de\\\/#\\\/schema\\\/logo\\\/image\\\/\",\"url\":\"https:\\\/\\\/litrax.ch\\\/wp-content\\\/uploads\\\/2024\\\/03\\\/facivon.png\",\"contentUrl\":\"https:\\\/\\\/litrax.ch\\\/wp-content\\\/uploads\\\/2024\\\/03\\\/facivon.png\",\"width\":150,\"height\":150,\"caption\":\"Litrax - Hydroponische Systeme\"},\"image\":{\"@id\":\"https:\\\/\\\/litrax.ch\\\/de\\\/#\\\/schema\\\/logo\\\/image\\\/\"},\"sameAs\":[\"https:\\\/\\\/www.facebook.com\\\/Litrax.ch\",\"https:\\\/\\\/www.instagram.com\\\/litrax.ch\\\/\",\"https:\\\/\\\/www.tiktok.com\\\/@litrax.ch\"],\"description\":\"Willkommen bei Litrax \u2013 Ihrem f\u00fchrenden Online-Shop f\u00fcr hochwertige hydroponische Gartensysteme! Wir bieten eine breite Palette an L\u00f6sungen f\u00fcr Privatpersonen, Restaurants und industrielle Gro\u00dfsysteme, um Ihnen zu helfen, Ihre eigene gr\u00fcne Oase zu schaffen, unabh\u00e4ngig von Ihrem Bedarf oder Ihrer Gr\u00f6\u00dfe. F\u00fcr Haushalte\\\/B\u00fcros: Entdecken Sie die Freude am G\u00e4rtnern in Ihrem eigenen Zuhause mit unseren einfach zu bedienenden hydroponischen Gartensystemen. Egal, ob Sie auf einem Balkon, einer Terrasse oder in Ihrem Wohnzimmer g\u00e4rtnern m\u00f6chten \u2013 wir haben das passende System f\u00fcr Sie. Genie\u00dfen Sie frisches Gem\u00fcse, aromatische Kr\u00e4uter und farbenfrohe Blumen das ganze Jahr \u00fcber, direkt aus Ihrem hydroponischen Garten. F\u00fcr Restaurants: Steigern Sie die Qualit\u00e4t Ihrer Gerichte und beeindrucken Sie Ihre G\u00e4ste mit frischen, geschmacksintensiven Zutaten aus unserem Sortiment an hydroponischen Gartensystemen f\u00fcr den gastronomischen Bereich. Unsere Systeme sind platzsparend, effizient und einfach zu bedienen, so dass Sie Ihre eigenen Zutaten direkt in Ihrer K\u00fcche anbauen k\u00f6nnen. Erleben Sie die Freude an nachhaltigem G\u00e4rtnern und lassen Sie Ihre kulinarischen Kreationen erstrahlen. Industrielle Gro\u00dfsysteme: Optimieren Sie Ihre landwirtschaftliche Produktion mit unseren ma\u00dfgeschneiderten hydroponischen Gro\u00dfsystemen. Von vertikalen Farmen bis hin zu automatisierten Anlagen bieten wir skalierbare L\u00f6sungen f\u00fcr maximale Effizienz und Produktivit\u00e4t. Nutzen Sie die Vorteile der hydroponischen Landwirtschaft, um Ihre Ernteertr\u00e4ge zu steigern, Platz zu sparen und Ressourcen zu optimieren. Erfahren Sie, wie unsere Systeme die Zukunft der industriellen Landwirtschaft gestalten k\u00f6nnen. Bei Litrax legen wir Wert auf Qualit\u00e4t und Kundenzufriedenheit. Unsere Produkte sind sorgf\u00e4ltig ausgew\u00e4hlt, um Ihnen die besten Ergebnisse zu garantieren, und wir bieten sie zu g\u00fcnstigen Preisen an. Dank unseres eigenen Lagers in der Schweiz k\u00f6nnen wir Ihnen eine schnelle Lieferung am n\u00e4chsten Tag garantieren.\",\"legalName\":\"Resyx GmbH\",\"foundingDate\":\"2022-12-22\",\"numberOfEmployees\":{\"@type\":\"QuantitativeValue\",\"minValue\":\"1\",\"maxValue\":\"10\"}}]}<\/script>\n<meta property=\"og:video\" content=\"https:\/\/www.youtube.com\/embed\/7yvHyqClRuQ\" \/>\n<meta property=\"og:video:type\" content=\"text\/html\" \/>\n<meta property=\"og:video:duration\" content=\"638\" \/>\n<meta property=\"og:video:width\" content=\"480\" \/>\n<meta property=\"og:video:height\" content=\"270\" \/>\n<meta property=\"ya:ovs:adult\" content=\"false\" \/>\n<meta property=\"ya:ovs:upload_date\" content=\"2024-09-16T14:58:16+00:00\" \/>\n<meta property=\"ya:ovs:allow_embed\" content=\"true\" \/>\n<meta property=\"product:price:amount\" content=\"850.00\" \/>\n<meta property=\"product:price:currency\" content=\"CHF\" \/>\n<meta property=\"og:availability\" content=\"instock\" \/>\n<meta property=\"product:availability\" content=\"instock\" \/>\n<meta property=\"product:retailer_item_id\" content=\"LXMG-3L-125\" \/>\n<meta property=\"product:condition\" content=\"new\" \/>\n<!-- \/ Yoast SEO Premium plugin. -->","yoast_head_json":{"title":"Herstellsystem Futtermittel und Microgreen in der Landwirtschaft - Litrax - Hydroponische Systeme","description":"Reduzieren Sie Ihre Futterkosten mit dem Herstellsystem Futtermittel und Microgreen! Erzeugen Sie ganzj\u00e4hrig hochwertige Futtermittel f\u00fcr Ihr Vieh.","robots":{"index":"index","follow":"follow","max-snippet":"max-snippet:-1","max-image-preview":"max-image-preview:large","max-video-preview":"max-video-preview:-1"},"canonical":"https:\/\/litrax.ch\/de\/shop\/futtermittel-und-microgreen-wachstumssystem\/","og_locale":"de_DE","og_type":"article","og_title":"Futtermittel und Microgreen Wachstumssystem","og_description":"Reduzieren Sie Ihre Futterkosten mit dem Herstellsystem Futtermittel und Microgreen! Erzeugen Sie ganzj\u00e4hrig hochwertige Futtermittel f\u00fcr Ihr Vieh.","og_url":"https:\/\/litrax.ch\/de\/shop\/futtermittel-und-microgreen-wachstumssystem\/","og_site_name":"Litrax - Hydroponische Systeme","article_publisher":"https:\/\/www.facebook.com\/Litrax.ch","article_modified_time":"2026-04-18T05:04:39+00:00","og_image":[{"width":2418,"height":1472,"url":"https:\/\/litrax.ch\/wp-content\/uploads\/2024\/09\/LXMG-3L-125-Microgreen-Fodder-Hydroponics.png","type":"image\/png"}],"twitter_card":"summary_large_image","twitter_misc":{"Preis":"&#67;&#72;&#70;&nbsp;850.00","Verf\u00fcgbarkeit":"Auf Lager"},"schema":{"@context":"https:\/\/schema.org","@graph":[{"@type":"WebPage","@id":"https:\/\/litrax.ch\/de\/shop\/futtermittel-und-microgreen-wachstumssystem\/","url":"https:\/\/litrax.ch\/de\/shop\/futtermittel-und-microgreen-wachstumssystem\/","name":"Herstellsystem Futtermittel und Microgreen in der Landwirtschaft - Litrax - Hydroponische Systeme","isPartOf":{"@id":"https:\/\/litrax.ch\/de\/#website"},"primaryImageOfPage":{"@id":"https:\/\/litrax.ch\/de\/shop\/futtermittel-und-microgreen-wachstumssystem\/#primaryimage"},"image":{"@id":"https:\/\/litrax.ch\/de\/shop\/futtermittel-und-microgreen-wachstumssystem\/#primaryimage"},"thumbnailUrl":"https:\/\/litrax.ch\/wp-content\/uploads\/2024\/09\/LXMG-3L-125-Microgreen-Fodder-Hydroponics.png","datePublished":"2024-09-16T14:58:16+00:00","dateModified":"2026-04-18T05:04:39+00:00","description":"Reduzieren Sie Ihre Futterkosten mit dem Herstellsystem Futtermittel und Microgreen! Erzeugen Sie ganzj\u00e4hrig hochwertige Futtermittel f\u00fcr Ihr Vieh.","breadcrumb":{"@id":"https:\/\/litrax.ch\/de\/shop\/futtermittel-und-microgreen-wachstumssystem\/#breadcrumb"},"inLanguage":"de","potentialAction":[{"@type":"ReadAction","target":["https:\/\/litrax.ch\/de\/shop\/futtermittel-und-microgreen-wachstumssystem\/"]}]},{"@type":"ImageObject","inLanguage":"de","@id":"https:\/\/litrax.ch\/de\/shop\/futtermittel-und-microgreen-wachstumssystem\/#primaryimage","url":"https:\/\/litrax.ch\/wp-content\/uploads\/2024\/09\/LXMG-3L-125-Microgreen-Fodder-Hydroponics.png","contentUrl":"https:\/\/litrax.ch\/wp-content\/uploads\/2024\/09\/LXMG-3L-125-Microgreen-Fodder-Hydroponics.png","width":2418,"height":1472},{"@type":"BreadcrumbList","@id":"https:\/\/litrax.ch\/de\/shop\/futtermittel-und-microgreen-wachstumssystem\/#breadcrumb","itemListElement":[{"@type":"ListItem","position":1,"name":"Startseite","item":"https:\/\/litrax.ch\/de\/"},{"@type":"ListItem","position":2,"name":"Shop","item":"https:\/\/litrax.ch\/de\/shop\/"},{"@type":"ListItem","position":3,"name":"Futtermittel und Microgreen Wachstumssystem"}]},{"@type":"WebSite","@id":"https:\/\/litrax.ch\/de\/#website","url":"https:\/\/litrax.ch\/de\/","name":"Litrax - Hydroponische Systeme","description":"Erlebe Hydroponik - der erdlose Gartengenuss.","publisher":{"@id":"https:\/\/litrax.ch\/de\/#organization"},"alternateName":"Litrax","potentialAction":[{"@type":"SearchAction","target":{"@type":"EntryPoint","urlTemplate":"https:\/\/litrax.ch\/de\/?s={search_term_string}"},"query-input":{"@type":"PropertyValueSpecification","valueRequired":true,"valueName":"search_term_string"}}],"inLanguage":"de"},{"@type":"Organization","@id":"https:\/\/litrax.ch\/de\/#organization","name":"Litrax - Hydroponische Systeme","alternateName":"Litrax","url":"https:\/\/litrax.ch\/de\/","logo":{"@type":"ImageObject","inLanguage":"de","@id":"https:\/\/litrax.ch\/de\/#\/schema\/logo\/image\/","url":"https:\/\/litrax.ch\/wp-content\/uploads\/2024\/03\/facivon.png","contentUrl":"https:\/\/litrax.ch\/wp-content\/uploads\/2024\/03\/facivon.png","width":150,"height":150,"caption":"Litrax - Hydroponische Systeme"},"image":{"@id":"https:\/\/litrax.ch\/de\/#\/schema\/logo\/image\/"},"sameAs":["https:\/\/www.facebook.com\/Litrax.ch","https:\/\/www.instagram.com\/litrax.ch\/","https:\/\/www.tiktok.com\/@litrax.ch"],"description":"Willkommen bei Litrax \u2013 Ihrem f\u00fchrenden Online-Shop f\u00fcr hochwertige hydroponische Gartensysteme! Wir bieten eine breite Palette an L\u00f6sungen f\u00fcr Privatpersonen, Restaurants und industrielle Gro\u00dfsysteme, um Ihnen zu helfen, Ihre eigene gr\u00fcne Oase zu schaffen, unabh\u00e4ngig von Ihrem Bedarf oder Ihrer Gr\u00f6\u00dfe. F\u00fcr Haushalte\/B\u00fcros: Entdecken Sie die Freude am G\u00e4rtnern in Ihrem eigenen Zuhause mit unseren einfach zu bedienenden hydroponischen Gartensystemen. Egal, ob Sie auf einem Balkon, einer Terrasse oder in Ihrem Wohnzimmer g\u00e4rtnern m\u00f6chten \u2013 wir haben das passende System f\u00fcr Sie. Genie\u00dfen Sie frisches Gem\u00fcse, aromatische Kr\u00e4uter und farbenfrohe Blumen das ganze Jahr \u00fcber, direkt aus Ihrem hydroponischen Garten. F\u00fcr Restaurants: Steigern Sie die Qualit\u00e4t Ihrer Gerichte und beeindrucken Sie Ihre G\u00e4ste mit frischen, geschmacksintensiven Zutaten aus unserem Sortiment an hydroponischen Gartensystemen f\u00fcr den gastronomischen Bereich. Unsere Systeme sind platzsparend, effizient und einfach zu bedienen, so dass Sie Ihre eigenen Zutaten direkt in Ihrer K\u00fcche anbauen k\u00f6nnen. Erleben Sie die Freude an nachhaltigem G\u00e4rtnern und lassen Sie Ihre kulinarischen Kreationen erstrahlen. Industrielle Gro\u00dfsysteme: Optimieren Sie Ihre landwirtschaftliche Produktion mit unseren ma\u00dfgeschneiderten hydroponischen Gro\u00dfsystemen. Von vertikalen Farmen bis hin zu automatisierten Anlagen bieten wir skalierbare L\u00f6sungen f\u00fcr maximale Effizienz und Produktivit\u00e4t. Nutzen Sie die Vorteile der hydroponischen Landwirtschaft, um Ihre Ernteertr\u00e4ge zu steigern, Platz zu sparen und Ressourcen zu optimieren. Erfahren Sie, wie unsere Systeme die Zukunft der industriellen Landwirtschaft gestalten k\u00f6nnen. Bei Litrax legen wir Wert auf Qualit\u00e4t und Kundenzufriedenheit. Unsere Produkte sind sorgf\u00e4ltig ausgew\u00e4hlt, um Ihnen die besten Ergebnisse zu garantieren, und wir bieten sie zu g\u00fcnstigen Preisen an. Dank unseres eigenen Lagers in der Schweiz k\u00f6nnen wir Ihnen eine schnelle Lieferung am n\u00e4chsten Tag garantieren.","legalName":"Resyx GmbH","foundingDate":"2022-12-22","numberOfEmployees":{"@type":"QuantitativeValue","minValue":"1","maxValue":"10"}}]},"og_video":"https:\/\/www.youtube.com\/embed\/7yvHyqClRuQ","og_video_type":"text\/html","og_video_duration":"638","og_video_width":"480","og_video_height":"270","ya_ovs_adult":"false","ya_ovs_upload_date":"2024-09-16T14:58:16+00:00","ya_ovs_allow_embed":"true","product_price_amount":"850.00","product_price_currency":"CHF","og_availability":"instock","product_availability":"instock","product_retailer_item_id":"LXMG-3L-125","product_condition":"new"},"_links":{"self":[{"href":"https:\/\/litrax.ch\/de\/wp-json\/wp\/v2\/product\/20264","targetHints":{"allow":["GET"]}}],"collection":[{"href":"https:\/\/litrax.ch\/de\/wp-json\/wp\/v2\/product"}],"about":[{"href":"https:\/\/litrax.ch\/de\/wp-json\/wp\/v2\/types\/product"}],"replies":[{"embeddable":true,"href":"https:\/\/litrax.ch\/de\/wp-json\/wp\/v2\/comments?post=20264"}],"wp:featuredmedia":[{"embeddable":true,"href":"https:\/\/litrax.ch\/de\/wp-json\/wp\/v2\/media\/20494"}],"wp:attachment":[{"href":"https:\/\/litrax.ch\/de\/wp-json\/wp\/v2\/media?parent=20264"}],"wp:term":[{"taxonomy":"product_brand","embeddable":true,"href":"https:\/\/litrax.ch\/de\/wp-json\/wp\/v2\/product_brand?post=20264"},{"taxonomy":"product_cat","embeddable":true,"href":"https:\/\/litrax.ch\/de\/wp-json\/wp\/v2\/product_cat?post=20264"},{"taxonomy":"product_tag","embeddable":true,"href":"https:\/\/litrax.ch\/de\/wp-json\/wp\/v2\/product_tag?post=20264"}],"curies":[{"name":"wp","href":"https:\/\/api.w.org\/{rel}","templated":true}]}}