{"id":25559,"date":"2026-03-23T13:12:13","date_gmt":"2026-03-23T13:12:13","guid":{"rendered":"https:\/\/litrax.ch\/?post_type=product&#038;p=25559"},"modified":"2026-04-17T05:05:15","modified_gmt":"2026-04-17T05:05:15","slug":"phoenix-smart-garden-16","status":"publish","type":"product","link":"https:\/\/litrax.ch\/de\/shop\/phoenix-smart-garden-16\/","title":{"rendered":"PHOENIX Smart Garden 16"},"content":{"rendered":"<p dir=\"auto\">PHOENIX Smart Garden 16 \u2013 Hydroponik Indoor Garten mit 16 Pods, LED Grow Light, Sprout Mode &amp; 3 Modi<\/p>\n<h2 dir=\"auto\"><strong>Frische Kr\u00e4uter, Salat &amp; Blumen das ganze Jahr \u2013 direkt in deiner K\u00fcche!<\/strong><\/h2>\n<p dir=\"auto\">Der <strong>PHOENIX Smart Garden 16<\/strong> (Artikel LX244) ist das smarte 16-Pod-Hydroponik-System f\u00fcr alle, die ohne Erde, ohne Stress und <strong>6\u00d7 schneller<\/strong> ernten wollen.<\/p>\n<p dir=\"auto\"><strong>Doppelte Ernte durch cleveres 2-Schichten-Design<\/strong><br \/>\nOben wachsen deine Lieblingspflanzen \u2013 unten startest du gleichzeitig Keimlinge im Sprout-Modus. So verdoppelst du deine Anbaufl\u00e4che und kannst sogar Sukkulenten oder kleine Aquarien beleuchten.<\/p>\n<h2 dir=\"auto\"><strong>3 intelligente Wachstums-Modi + 34,7 W Voll-Spektrum-LED<\/strong><\/h2>\n<ul>\n<li dir=\"auto\">Vegetables Mode \u2192 \u00fcppiges Gr\u00fcn<\/li>\n<li dir=\"auto\">Flowers &amp; Fruits Mode \u2192 mehr Bl\u00fcten &amp; Ertrag<\/li>\n<li dir=\"auto\">Sprout Mode \u2192 vorgezogene Setzlinge<\/li>\n<li dir=\"auto\">Die h\u00f6henverstellbare LED (bis 66,7 cm) l\u00e4sst sich 180\u00b0 drehen und erreicht jede Pflanze perfekt.<\/li>\n<\/ul>\n<p dir=\"auto\"><strong>Ultra-leise Wasserzirkulation (&lt; 20 dB)<\/strong><br \/>\nAutomatische Pumpe alle 30 Minuten, extra Sauerstoff f\u00fcr starke Wurzeln, gro\u00dfer Wassertank mit Sichtfenster \u2013 du siehst immer Wasserstand und Wurzelwachstum.<\/p>\n<p dir=\"auto\"><strong>Smart &amp; sorgenfrei<\/strong><br \/>\nSmart-Touch-Bedienung, intelligenter Chip, Power-Failure-Protection und hochwertiges ABS-Material. Stromausfall? Deine Pflanzen wachsen trotzdem weiter.<\/p>\n<p dir=\"auto\"><strong>Perfektes Geschenk &amp; ideal f\u00fcr<\/strong><br \/>\nM\u00fctter, V\u00e4ter, Wohnungsg\u00e4rtner, K\u00f6che, Studenten und Kinder. Keine Samen im Lieferumfang \u2013 pflanze einfach deine Lieblingssorten.<\/p>\n<p dir=\"auto\"><strong>Technische Highlights<\/strong><\/p>\n<ul>\n<li dir=\"auto\">16 Pods<\/li>\n<li dir=\"auto\">Verstellbare H\u00f6he 33,5\u201366,7 cm<\/li>\n<li dir=\"auto\">Gewicht nur 3.1 kg<\/li>\n<li dir=\"auto\">Abmessungen: 52 \u00d7 23 \u00d7 33,5\u201366,7 cm<\/li>\n<\/ul>\n<p dir=\"auto\">Mit dem <strong>PHOENIX Smart Garden 16<\/strong> holst du dir echte Farm-to-Table-Frische nach Hause \u2013 ganz ohne Balkon oder Garten.<\/p>\n<p dir=\"auto\"><strong>Jetzt bestellen und in wenigen Wochen ernten!<\/strong> \ud83c\udf31<\/p>\n","protected":false},"excerpt":{"rendered":"<p>PHOENIX Smart Garden 16 \u2013 Hydroponik Indoor Garten mit 16 Pods, LED Grow Light, Sprout Mode &amp; 3 Modi Frische Kr\u00e4uter, Salat &amp; Blumen das ganze Jahr \u2013 direkt in deiner K\u00fcche! Der PHOENIX Smart Garden 16 (Artikel LX244) ist das smarte 16-Pod-Hydroponik-System f\u00fcr alle, die ohne Erde, ohne Stress und 6\u00d7 schneller ernten wollen. [&hellip;]<\/p>\n","protected":false},"featured_media":25604,"comment_status":"open","ping_status":"closed","template":"","meta":[],"product_brand":[],"product_cat":[21],"product_tag":[197,748],"class_list":{"0":"post-25559","1":"product","2":"type-product","3":"status-publish","4":"has-post-thumbnail","6":"product_cat-hydroponik","7":"product_tag-gastronomie","8":"product_tag-indoor","10":"first","11":"instock","12":"taxable","13":"shipping-taxable","14":"purchasable","15":"product-type-simple"},"yoast_head":"<!-- This site is optimized with the Yoast SEO Premium plugin v26.7 (Yoast SEO v27.4) - https:\/\/yoast.com\/product\/yoast-seo-premium-wordpress\/ -->\n<title>PHOENIX Smart Garden 16 - Litrax - Hydroponische Systeme<\/title>\n<meta name=\"description\" content=\"PHOENIX Smart Garden 16 - t\u00e4glich frisches Gem\u00fcse und Kr\u00e4uter mit dem Dual System: unten wachsen Keimlinge im Sprout-Modus, w\u00e4hrend oben die Pflanzen reifen\" \/>\n<meta name=\"robots\" content=\"index, follow, max-snippet:-1, max-image-preview:large, max-video-preview:-1\" \/>\n<link rel=\"canonical\" href=\"https:\/\/litrax.ch\/de\/shop\/phoenix-smart-garden-16\/\" \/>\n<meta property=\"og:locale\" content=\"de_DE\" \/>\n<meta property=\"og:type\" content=\"article\" \/>\n<meta property=\"og:title\" content=\"PHOENIX Smart Garden 16\" \/>\n<meta property=\"og:description\" content=\"PHOENIX Smart Garden 16 - t\u00e4glich frisches Gem\u00fcse und Kr\u00e4uter mit dem Dual System: unten wachsen Keimlinge im Sprout-Modus, w\u00e4hrend oben die Pflanzen reifen\" \/>\n<meta property=\"og:url\" content=\"https:\/\/litrax.ch\/de\/shop\/phoenix-smart-garden-16\/\" \/>\n<meta property=\"og:site_name\" content=\"Litrax - Hydroponische Systeme\" \/>\n<meta property=\"article:publisher\" content=\"https:\/\/www.facebook.com\/Litrax.ch\" \/>\n<meta property=\"article:modified_time\" content=\"2026-04-17T05:05:15+00:00\" \/>\n<meta property=\"og:image\" content=\"https:\/\/litrax.ch\/wp-content\/uploads\/2026\/03\/LX244-W-PHOENIX-16b-e1774356794850.png\" \/>\n\t<meta property=\"og:image:width\" content=\"1280\" \/>\n\t<meta property=\"og:image:height\" content=\"782\" \/>\n\t<meta property=\"og:image:type\" content=\"image\/png\" \/>\n<meta name=\"twitter:card\" content=\"summary_large_image\" \/>\n<meta name=\"twitter:label1\" content=\"Preis\" \/>\n\t<meta name=\"twitter:data1\" content=\"&#067;&#072;&#070;&nbsp;169.00\" \/>\n\t<meta name=\"twitter:label2\" content=\"Verf\u00fcgbarkeit\" \/>\n\t<meta name=\"twitter:data2\" content=\"Auf Lager\" \/>\n<script type=\"application\/ld+json\" class=\"yoast-schema-graph\">{\"@context\":\"https:\\\/\\\/schema.org\",\"@graph\":[{\"@type\":\"WebPage\",\"@id\":\"https:\\\/\\\/litrax.ch\\\/de\\\/shop\\\/phoenix-smart-garden-16\\\/\",\"url\":\"https:\\\/\\\/litrax.ch\\\/de\\\/shop\\\/phoenix-smart-garden-16\\\/\",\"name\":\"PHOENIX Smart Garden 16 - Litrax - Hydroponische Systeme\",\"isPartOf\":{\"@id\":\"https:\\\/\\\/litrax.ch\\\/de\\\/#website\"},\"primaryImageOfPage\":{\"@id\":\"https:\\\/\\\/litrax.ch\\\/de\\\/shop\\\/phoenix-smart-garden-16\\\/#primaryimage\"},\"image\":{\"@id\":\"https:\\\/\\\/litrax.ch\\\/de\\\/shop\\\/phoenix-smart-garden-16\\\/#primaryimage\"},\"thumbnailUrl\":\"https:\\\/\\\/litrax.ch\\\/wp-content\\\/uploads\\\/2026\\\/03\\\/LX244-W-PHOENIX-16b-e1774356794850.png\",\"datePublished\":\"2026-03-23T13:12:13+00:00\",\"dateModified\":\"2026-04-17T05:05:15+00:00\",\"description\":\"PHOENIX Smart Garden 16 - t\u00e4glich frisches Gem\u00fcse und Kr\u00e4uter mit dem Dual System: unten wachsen Keimlinge im Sprout-Modus, w\u00e4hrend oben die Pflanzen reifen\",\"breadcrumb\":{\"@id\":\"https:\\\/\\\/litrax.ch\\\/de\\\/shop\\\/phoenix-smart-garden-16\\\/#breadcrumb\"},\"inLanguage\":\"de\",\"potentialAction\":[{\"@type\":\"ReadAction\",\"target\":[\"https:\\\/\\\/litrax.ch\\\/de\\\/shop\\\/phoenix-smart-garden-16\\\/\"]}]},{\"@type\":\"ImageObject\",\"inLanguage\":\"de\",\"@id\":\"https:\\\/\\\/litrax.ch\\\/de\\\/shop\\\/phoenix-smart-garden-16\\\/#primaryimage\",\"url\":\"https:\\\/\\\/litrax.ch\\\/wp-content\\\/uploads\\\/2026\\\/03\\\/LX244-W-PHOENIX-16b-e1774356794850.png\",\"contentUrl\":\"https:\\\/\\\/litrax.ch\\\/wp-content\\\/uploads\\\/2026\\\/03\\\/LX244-W-PHOENIX-16b-e1774356794850.png\",\"width\":1280,\"height\":782,\"caption\":\"PHOENIX Smart Garden 16\"},{\"@type\":\"BreadcrumbList\",\"@id\":\"https:\\\/\\\/litrax.ch\\\/de\\\/shop\\\/phoenix-smart-garden-16\\\/#breadcrumb\",\"itemListElement\":[{\"@type\":\"ListItem\",\"position\":1,\"name\":\"Startseite\",\"item\":\"https:\\\/\\\/litrax.ch\\\/de\\\/\"},{\"@type\":\"ListItem\",\"position\":2,\"name\":\"Shop\",\"item\":\"https:\\\/\\\/litrax.ch\\\/de\\\/shop\\\/\"},{\"@type\":\"ListItem\",\"position\":3,\"name\":\"PHOENIX Smart Garden 16\"}]},{\"@type\":\"WebSite\",\"@id\":\"https:\\\/\\\/litrax.ch\\\/de\\\/#website\",\"url\":\"https:\\\/\\\/litrax.ch\\\/de\\\/\",\"name\":\"Litrax - Hydroponische Systeme\",\"description\":\"Erlebe Hydroponik - der erdlose Gartengenuss.\",\"publisher\":{\"@id\":\"https:\\\/\\\/litrax.ch\\\/de\\\/#organization\"},\"alternateName\":\"Litrax\",\"potentialAction\":[{\"@type\":\"SearchAction\",\"target\":{\"@type\":\"EntryPoint\",\"urlTemplate\":\"https:\\\/\\\/litrax.ch\\\/de\\\/?s={search_term_string}\"},\"query-input\":{\"@type\":\"PropertyValueSpecification\",\"valueRequired\":true,\"valueName\":\"search_term_string\"}}],\"inLanguage\":\"de\"},{\"@type\":\"Organization\",\"@id\":\"https:\\\/\\\/litrax.ch\\\/de\\\/#organization\",\"name\":\"Litrax - Hydroponische Systeme\",\"alternateName\":\"Litrax\",\"url\":\"https:\\\/\\\/litrax.ch\\\/de\\\/\",\"logo\":{\"@type\":\"ImageObject\",\"inLanguage\":\"de\",\"@id\":\"https:\\\/\\\/litrax.ch\\\/de\\\/#\\\/schema\\\/logo\\\/image\\\/\",\"url\":\"https:\\\/\\\/litrax.ch\\\/wp-content\\\/uploads\\\/2024\\\/03\\\/facivon.png\",\"contentUrl\":\"https:\\\/\\\/litrax.ch\\\/wp-content\\\/uploads\\\/2024\\\/03\\\/facivon.png\",\"width\":150,\"height\":150,\"caption\":\"Litrax - Hydroponische Systeme\"},\"image\":{\"@id\":\"https:\\\/\\\/litrax.ch\\\/de\\\/#\\\/schema\\\/logo\\\/image\\\/\"},\"sameAs\":[\"https:\\\/\\\/www.facebook.com\\\/Litrax.ch\",\"https:\\\/\\\/www.instagram.com\\\/litrax.ch\\\/\",\"https:\\\/\\\/www.tiktok.com\\\/@litrax.ch\"],\"description\":\"Willkommen bei Litrax \u2013 Ihrem f\u00fchrenden Online-Shop f\u00fcr hochwertige hydroponische Gartensysteme! Wir bieten eine breite Palette an L\u00f6sungen f\u00fcr Privatpersonen, Restaurants und industrielle Gro\u00dfsysteme, um Ihnen zu helfen, Ihre eigene gr\u00fcne Oase zu schaffen, unabh\u00e4ngig von Ihrem Bedarf oder Ihrer Gr\u00f6\u00dfe. F\u00fcr Haushalte\\\/B\u00fcros: Entdecken Sie die Freude am G\u00e4rtnern in Ihrem eigenen Zuhause mit unseren einfach zu bedienenden hydroponischen Gartensystemen. Egal, ob Sie auf einem Balkon, einer Terrasse oder in Ihrem Wohnzimmer g\u00e4rtnern m\u00f6chten \u2013 wir haben das passende System f\u00fcr Sie. Genie\u00dfen Sie frisches Gem\u00fcse, aromatische Kr\u00e4uter und farbenfrohe Blumen das ganze Jahr \u00fcber, direkt aus Ihrem hydroponischen Garten. F\u00fcr Restaurants: Steigern Sie die Qualit\u00e4t Ihrer Gerichte und beeindrucken Sie Ihre G\u00e4ste mit frischen, geschmacksintensiven Zutaten aus unserem Sortiment an hydroponischen Gartensystemen f\u00fcr den gastronomischen Bereich. Unsere Systeme sind platzsparend, effizient und einfach zu bedienen, so dass Sie Ihre eigenen Zutaten direkt in Ihrer K\u00fcche anbauen k\u00f6nnen. Erleben Sie die Freude an nachhaltigem G\u00e4rtnern und lassen Sie Ihre kulinarischen Kreationen erstrahlen. Industrielle Gro\u00dfsysteme: Optimieren Sie Ihre landwirtschaftliche Produktion mit unseren ma\u00dfgeschneiderten hydroponischen Gro\u00dfsystemen. Von vertikalen Farmen bis hin zu automatisierten Anlagen bieten wir skalierbare L\u00f6sungen f\u00fcr maximale Effizienz und Produktivit\u00e4t. Nutzen Sie die Vorteile der hydroponischen Landwirtschaft, um Ihre Ernteertr\u00e4ge zu steigern, Platz zu sparen und Ressourcen zu optimieren. Erfahren Sie, wie unsere Systeme die Zukunft der industriellen Landwirtschaft gestalten k\u00f6nnen. Bei Litrax legen wir Wert auf Qualit\u00e4t und Kundenzufriedenheit. Unsere Produkte sind sorgf\u00e4ltig ausgew\u00e4hlt, um Ihnen die besten Ergebnisse zu garantieren, und wir bieten sie zu g\u00fcnstigen Preisen an. Dank unseres eigenen Lagers in der Schweiz k\u00f6nnen wir Ihnen eine schnelle Lieferung am n\u00e4chsten Tag garantieren.\",\"legalName\":\"Resyx GmbH\",\"foundingDate\":\"2022-12-22\",\"numberOfEmployees\":{\"@type\":\"QuantitativeValue\",\"minValue\":\"1\",\"maxValue\":\"10\"}}]}<\/script>\n<meta property=\"product:price:amount\" content=\"169.00\" \/>\n<meta property=\"product:price:currency\" content=\"CHF\" \/>\n<meta property=\"og:availability\" content=\"instock\" \/>\n<meta property=\"product:availability\" content=\"instock\" \/>\n<meta property=\"product:retailer_item_id\" content=\"LX244-W\" \/>\n<meta property=\"product:condition\" content=\"new\" \/>\n<!-- \/ Yoast SEO Premium plugin. -->","yoast_head_json":{"title":"PHOENIX Smart Garden 16 - Litrax - Hydroponische Systeme","description":"PHOENIX Smart Garden 16 - t\u00e4glich frisches Gem\u00fcse und Kr\u00e4uter mit dem Dual System: unten wachsen Keimlinge im Sprout-Modus, w\u00e4hrend oben die Pflanzen reifen","robots":{"index":"index","follow":"follow","max-snippet":"max-snippet:-1","max-image-preview":"max-image-preview:large","max-video-preview":"max-video-preview:-1"},"canonical":"https:\/\/litrax.ch\/de\/shop\/phoenix-smart-garden-16\/","og_locale":"de_DE","og_type":"article","og_title":"PHOENIX Smart Garden 16","og_description":"PHOENIX Smart Garden 16 - t\u00e4glich frisches Gem\u00fcse und Kr\u00e4uter mit dem Dual System: unten wachsen Keimlinge im Sprout-Modus, w\u00e4hrend oben die Pflanzen reifen","og_url":"https:\/\/litrax.ch\/de\/shop\/phoenix-smart-garden-16\/","og_site_name":"Litrax - Hydroponische Systeme","article_publisher":"https:\/\/www.facebook.com\/Litrax.ch","article_modified_time":"2026-04-17T05:05:15+00:00","og_image":[{"width":1280,"height":782,"url":"https:\/\/litrax.ch\/wp-content\/uploads\/2026\/03\/LX244-W-PHOENIX-16b-e1774356794850.png","type":"image\/png"}],"twitter_card":"summary_large_image","twitter_misc":{"Preis":"&#67;&#72;&#70;&nbsp;169.00","Verf\u00fcgbarkeit":"Auf Lager"},"schema":{"@context":"https:\/\/schema.org","@graph":[{"@type":"WebPage","@id":"https:\/\/litrax.ch\/de\/shop\/phoenix-smart-garden-16\/","url":"https:\/\/litrax.ch\/de\/shop\/phoenix-smart-garden-16\/","name":"PHOENIX Smart Garden 16 - Litrax - Hydroponische Systeme","isPartOf":{"@id":"https:\/\/litrax.ch\/de\/#website"},"primaryImageOfPage":{"@id":"https:\/\/litrax.ch\/de\/shop\/phoenix-smart-garden-16\/#primaryimage"},"image":{"@id":"https:\/\/litrax.ch\/de\/shop\/phoenix-smart-garden-16\/#primaryimage"},"thumbnailUrl":"https:\/\/litrax.ch\/wp-content\/uploads\/2026\/03\/LX244-W-PHOENIX-16b-e1774356794850.png","datePublished":"2026-03-23T13:12:13+00:00","dateModified":"2026-04-17T05:05:15+00:00","description":"PHOENIX Smart Garden 16 - t\u00e4glich frisches Gem\u00fcse und Kr\u00e4uter mit dem Dual System: unten wachsen Keimlinge im Sprout-Modus, w\u00e4hrend oben die Pflanzen reifen","breadcrumb":{"@id":"https:\/\/litrax.ch\/de\/shop\/phoenix-smart-garden-16\/#breadcrumb"},"inLanguage":"de","potentialAction":[{"@type":"ReadAction","target":["https:\/\/litrax.ch\/de\/shop\/phoenix-smart-garden-16\/"]}]},{"@type":"ImageObject","inLanguage":"de","@id":"https:\/\/litrax.ch\/de\/shop\/phoenix-smart-garden-16\/#primaryimage","url":"https:\/\/litrax.ch\/wp-content\/uploads\/2026\/03\/LX244-W-PHOENIX-16b-e1774356794850.png","contentUrl":"https:\/\/litrax.ch\/wp-content\/uploads\/2026\/03\/LX244-W-PHOENIX-16b-e1774356794850.png","width":1280,"height":782,"caption":"PHOENIX Smart Garden 16"},{"@type":"BreadcrumbList","@id":"https:\/\/litrax.ch\/de\/shop\/phoenix-smart-garden-16\/#breadcrumb","itemListElement":[{"@type":"ListItem","position":1,"name":"Startseite","item":"https:\/\/litrax.ch\/de\/"},{"@type":"ListItem","position":2,"name":"Shop","item":"https:\/\/litrax.ch\/de\/shop\/"},{"@type":"ListItem","position":3,"name":"PHOENIX Smart Garden 16"}]},{"@type":"WebSite","@id":"https:\/\/litrax.ch\/de\/#website","url":"https:\/\/litrax.ch\/de\/","name":"Litrax - Hydroponische Systeme","description":"Erlebe Hydroponik - der erdlose Gartengenuss.","publisher":{"@id":"https:\/\/litrax.ch\/de\/#organization"},"alternateName":"Litrax","potentialAction":[{"@type":"SearchAction","target":{"@type":"EntryPoint","urlTemplate":"https:\/\/litrax.ch\/de\/?s={search_term_string}"},"query-input":{"@type":"PropertyValueSpecification","valueRequired":true,"valueName":"search_term_string"}}],"inLanguage":"de"},{"@type":"Organization","@id":"https:\/\/litrax.ch\/de\/#organization","name":"Litrax - Hydroponische Systeme","alternateName":"Litrax","url":"https:\/\/litrax.ch\/de\/","logo":{"@type":"ImageObject","inLanguage":"de","@id":"https:\/\/litrax.ch\/de\/#\/schema\/logo\/image\/","url":"https:\/\/litrax.ch\/wp-content\/uploads\/2024\/03\/facivon.png","contentUrl":"https:\/\/litrax.ch\/wp-content\/uploads\/2024\/03\/facivon.png","width":150,"height":150,"caption":"Litrax - Hydroponische Systeme"},"image":{"@id":"https:\/\/litrax.ch\/de\/#\/schema\/logo\/image\/"},"sameAs":["https:\/\/www.facebook.com\/Litrax.ch","https:\/\/www.instagram.com\/litrax.ch\/","https:\/\/www.tiktok.com\/@litrax.ch"],"description":"Willkommen bei Litrax \u2013 Ihrem f\u00fchrenden Online-Shop f\u00fcr hochwertige hydroponische Gartensysteme! Wir bieten eine breite Palette an L\u00f6sungen f\u00fcr Privatpersonen, Restaurants und industrielle Gro\u00dfsysteme, um Ihnen zu helfen, Ihre eigene gr\u00fcne Oase zu schaffen, unabh\u00e4ngig von Ihrem Bedarf oder Ihrer Gr\u00f6\u00dfe. F\u00fcr Haushalte\/B\u00fcros: Entdecken Sie die Freude am G\u00e4rtnern in Ihrem eigenen Zuhause mit unseren einfach zu bedienenden hydroponischen Gartensystemen. Egal, ob Sie auf einem Balkon, einer Terrasse oder in Ihrem Wohnzimmer g\u00e4rtnern m\u00f6chten \u2013 wir haben das passende System f\u00fcr Sie. Genie\u00dfen Sie frisches Gem\u00fcse, aromatische Kr\u00e4uter und farbenfrohe Blumen das ganze Jahr \u00fcber, direkt aus Ihrem hydroponischen Garten. F\u00fcr Restaurants: Steigern Sie die Qualit\u00e4t Ihrer Gerichte und beeindrucken Sie Ihre G\u00e4ste mit frischen, geschmacksintensiven Zutaten aus unserem Sortiment an hydroponischen Gartensystemen f\u00fcr den gastronomischen Bereich. Unsere Systeme sind platzsparend, effizient und einfach zu bedienen, so dass Sie Ihre eigenen Zutaten direkt in Ihrer K\u00fcche anbauen k\u00f6nnen. Erleben Sie die Freude an nachhaltigem G\u00e4rtnern und lassen Sie Ihre kulinarischen Kreationen erstrahlen. Industrielle Gro\u00dfsysteme: Optimieren Sie Ihre landwirtschaftliche Produktion mit unseren ma\u00dfgeschneiderten hydroponischen Gro\u00dfsystemen. Von vertikalen Farmen bis hin zu automatisierten Anlagen bieten wir skalierbare L\u00f6sungen f\u00fcr maximale Effizienz und Produktivit\u00e4t. Nutzen Sie die Vorteile der hydroponischen Landwirtschaft, um Ihre Ernteertr\u00e4ge zu steigern, Platz zu sparen und Ressourcen zu optimieren. Erfahren Sie, wie unsere Systeme die Zukunft der industriellen Landwirtschaft gestalten k\u00f6nnen. Bei Litrax legen wir Wert auf Qualit\u00e4t und Kundenzufriedenheit. Unsere Produkte sind sorgf\u00e4ltig ausgew\u00e4hlt, um Ihnen die besten Ergebnisse zu garantieren, und wir bieten sie zu g\u00fcnstigen Preisen an. Dank unseres eigenen Lagers in der Schweiz k\u00f6nnen wir Ihnen eine schnelle Lieferung am n\u00e4chsten Tag garantieren.","legalName":"Resyx GmbH","foundingDate":"2022-12-22","numberOfEmployees":{"@type":"QuantitativeValue","minValue":"1","maxValue":"10"}}]},"product_price_amount":"169.00","product_price_currency":"CHF","og_availability":"instock","product_availability":"instock","product_retailer_item_id":"LX244-W","product_condition":"new"},"_links":{"self":[{"href":"https:\/\/litrax.ch\/de\/wp-json\/wp\/v2\/product\/25559","targetHints":{"allow":["GET"]}}],"collection":[{"href":"https:\/\/litrax.ch\/de\/wp-json\/wp\/v2\/product"}],"about":[{"href":"https:\/\/litrax.ch\/de\/wp-json\/wp\/v2\/types\/product"}],"replies":[{"embeddable":true,"href":"https:\/\/litrax.ch\/de\/wp-json\/wp\/v2\/comments?post=25559"}],"wp:featuredmedia":[{"embeddable":true,"href":"https:\/\/litrax.ch\/de\/wp-json\/wp\/v2\/media\/25604"}],"wp:attachment":[{"href":"https:\/\/litrax.ch\/de\/wp-json\/wp\/v2\/media?parent=25559"}],"wp:term":[{"taxonomy":"product_brand","embeddable":true,"href":"https:\/\/litrax.ch\/de\/wp-json\/wp\/v2\/product_brand?post=25559"},{"taxonomy":"product_cat","embeddable":true,"href":"https:\/\/litrax.ch\/de\/wp-json\/wp\/v2\/product_cat?post=25559"},{"taxonomy":"product_tag","embeddable":true,"href":"https:\/\/litrax.ch\/de\/wp-json\/wp\/v2\/product_tag?post=25559"}],"curies":[{"name":"wp","href":"https:\/\/api.w.org\/{rel}","templated":true}]}}