{"id":18691,"date":"2023-12-20T08:21:02","date_gmt":"2023-12-20T08:21:02","guid":{"rendered":"https:\/\/litrax.ch\/general-terms-and-conditions-agb\/"},"modified":"2025-12-01T20:24:07","modified_gmt":"2025-12-01T20:24:07","slug":"general-terms-and-conditions-agb","status":"publish","type":"page","link":"https:\/\/litrax.ch\/en\/general-terms-and-conditions-agb\/","title":{"rendered":"General Terms and Conditions (AGB)"},"content":{"rendered":"\n<p>Status: 12\/2023<\/p>\n\n<p>General Terms and Conditions and consumer information in the context of purchase contracts concluded via the online store between resyx GmbH &#8211; hereinafter referred to as &#8220;Seller&#8221; &#8211; and the customer &#8211; hereinafter referred to as &#8220;Customer&#8221;.<\/p>\n\n<h2 class=\"wp-block-heading\" id=\"h-1-geltungsbereich-und-allgemeine-hinweise\">\u00a7 1 Scope of application and general information<\/h2>\n\n<p>(1) Subject to individual arrangements and agreements, which shall take precedence over these GTC, the following General Terms and Conditions shall apply exclusively to the business relationship between the Seller and the Customer. Unless otherwise agreed, the inclusion of the customer&#8217;s own terms and conditions is contradicted.<br\/><br\/>(2) The customer is a consumer. This applies if he concludes the contract for purposes which cannot be attributed primarily to his commercial or independent professional activity.  In contrast, an entrepreneur is any natural or legal person or a partnership with legal capacity who, when concluding a legal transaction, is acting in the exercise of their commercial or independent professional activity.<\/p>\n\n<h2 class=\"wp-block-heading\" id=\"h-2-vertragsschluss\">\u00a7 2 Conclusion of contract<\/h2>\n\n<p>(1) The contract is concluded with:<\/p>\n\n<p>Resyx GmbH<\/p>\n\n<p>(2) The essential characteristics of the goods are set out in the respective product description posted by the seller.<\/p>\n\n<p>(3) All offers in the seller&#8217;s online store merely represent a non-binding invitation to the customer to submit a corresponding purchase offer to the seller. As soon as the seller has received the customer&#8217;s order, the customer will first be sent a confirmation that the order has been received by the seller. This is usually done by e-mail (order confirmation).  The order confirmation does not constitute acceptance of the order. After receipt of the customer&#8217;s order, the seller will check it at short notice. The seller will then inform the customer within 2 working days whether he accepts the order (order confirmation).   <br\/><\/p>\n\n<p>(4) The customer can select products from the seller&#8217;s range and collect them in a so-called shopping cart using the &#8220;Add to cart&#8221; button. By clicking on the &#8220;Shopping cart&#8221; button, the customer receives an overview of the selected products. By clicking the &#8220;Buy now&#8221; button, the customer submits a binding request to purchase the goods in the shopping cart. Before submitting the order, the customer can change and view the data entered at any time using the browser functions &#8220;Back&#8221; and &#8220;Next&#8221; displayed as arrow keys. The application can only be submitted and transmitted if the customer has accepted these contractual terms and conditions by clicking on the &#8220;Accept GTC&#8221; button and thereby included them in their application. The seller then sends the customer an automatic confirmation of receipt by e-mail, in which the customer&#8217;s order is listed again and which the customer can print out using the &#8220;Print&#8221; function. The automatic confirmation of receipt merely documents that the customer&#8217;s order has been received by the seller. It does not constitute acceptance of the order. The contract is only concluded when the seller issues a declaration of acceptance. This will be sent in a separate e-mail.   <\/p>\n\n<h2 class=\"wp-block-heading\" id=\"h-3-vertragsgegenstand-beschaffenheit-lieferung-warenverfugbarkeit\">\u00a7 3 Subject matter of the contract, quality, delivery, availability of goods<\/h2>\n\n<p>(1) The subject matter of the contract is the goods and services specified by the customer in the order and stated in the order<br\/>and\/or order confirmation at the final prices stated in the online store<br\/>. Errors and omissions excepted, in particular with regard to the availability of goods<br\/>.<\/p>\n\n<p>(2) The quality of the ordered goods is determined by the product descriptions in the online store.<br\/>images on the website may not accurately reflect the products; colors in particular may vary considerably for technical reasons. Images are for illustrative purposes only and may differ from the product. Technical data, weight, dimensions and performance descriptions are given as precisely as possible, but may show the usual deviations. The properties described here do not constitute defects in the products supplied by the seller.<\/p>\n\n<p>(3) If no copies of the product selected by the customer are available at the time of the customer&#8217;s order, the seller shall inform the customer of this in the order confirmation. If the product is permanently unavailable, the seller shall refrain from issuing a declaration of acceptance. A contract is not concluded in this case.<\/p>\n\n<p>(4) If the product designated by the customer in the order is only temporarily unavailable, the seller shall also inform the customer of this immediately in the order confirmation. In the event of a delay in delivery of more than two weeks, the customer has the right to withdraw from the contract. In this case, the seller is also entitled to withdraw from the contract.<br\/>The seller will immediately reimburse any payments already made by the customer.<\/p>\n\n<h2 class=\"wp-block-heading\" id=\"h-4-lieferung-preise-versandkosten\">\u00a7 4 Delivery, prices, shipping costs<\/h2>\n\n<p>(1) Delivery to the shipping company shall take place no later than two days after receipt of payment. In the case of payment by cash on delivery, this shall take place no later than two days after the order confirmation. The delivery time to<br\/>is up to five days.   The seller will indicate any deviating delivery times on the respective product page.<\/p>\n\n<p>(2) Delivery is only made within Switzerland.<\/p>\n\n<p>(3) All item prices include the statutory value added tax. The prices quoted are retail prices plus shipping costs. The customer receives an invoice with VAT shown<br\/>.<\/p>\n\n<h2 class=\"wp-block-heading\" id=\"h-5-zahlung\">\u00a7 5 Payment<\/h2>\n\n<p>Payment is made in advance (credit cards, Twint, bank transfer) or by invoice (Powerpay).<\/p>\n\n<h2 class=\"wp-block-heading\" id=\"h-6-transportschaden\">\u00a7 6 Transport damage<\/h2>\n\n<p>(1) If goods are delivered with obvious transport damage, the customer is requested to complain about these defects immediately to the deliverer and to contact the seller as soon as possible.<\/p>\n\n<p>(2) Failure to make a complaint or to contact the seller has no consequences for the customer&#8217;s statutory warranty rights. It helps the seller to be able to assert his own claims against the carrier or the transport insurance. <\/p>\n\n<h2 class=\"wp-block-heading\" id=\"h-7-sachmangelgewahrleistung\">\u00a7 7 Warranty for material defects<\/h2>\n\n<p>(1) The supplier is liable for material defects in accordance with the applicable statutory provisions, in particular \u00a7\u00a7 434 ff BGB.<\/p>\n\n<p>(2) A guarantee only exists for the goods delivered by the supplier if this was expressly stated in the order confirmation for the respective article.<\/p>\n\n<p>(3) Complaints and claims for liability for defects can be submitted to the address given in the provider identification.<\/p>\n\n<h2 class=\"wp-block-heading\" id=\"h-8-eigentumsvorbehalt\">\u00a7 8 Retention of title<\/h2>\n\n<p>The delivered goods remain the property of the seller until full payment has been made.<\/p>\n\n<h2 class=\"wp-block-heading\" id=\"h-10-ruckgaberecht\">\u00a7 10 Right of return<\/h2>\n\n<p>The return of goods delivered in accordance with the contract is excluded unless otherwise agreed in writing.<\/p>\n\n<h2 class=\"wp-block-heading\" id=\"h-10-haftung\">\u00a7 10 Liability<\/h2>\n\n<p>The statutory regulations apply.<\/p>\n\n<h2 class=\"wp-block-heading\" id=\"h-11-vertragstext\">\u00a7 11 Contract text<\/h2>\n\n<p>The text of the contract is stored on the seller&#8217;s internal systems. Customers can view the General Terms and Conditions at any time in their customer account. The order data and the GTC are sent to the customer by e-mail. Once the order has been completed, the order data is no longer accessible via the Internet for security reasons.<\/p>\n\n<h2 class=\"wp-block-heading\" id=\"h-11-schlussbestimmungen\">\u00a7 11 Final provisions<\/h2>\n\n<p>(1) The contract language is German.<\/p>\n\n<p>(2) Contracts between the Seller and the Customer shall be governed by Swiss law to the exclusion of the laws on the international sale of goods. This choice of law applies to consumers only insofar as the protection afforded to the customer by mandatory provisions of the law of the state of the consumer&#8217;s habitual residence is not withdrawn.<\/p>\n\n<p>(3) If the customer is a merchant, a legal entity under public law or a special fund under public law, the place of jurisdiction for all disputes arising from contractual relationships between the customer and the seller is the registered office of the seller. This also applies if the customer does not have a general place of jurisdiction in Switzerland. Or if his domicile or habitual residence is not known at the time the action is brought. <\/p>\n\n<p>Source: <a href=\"http:\/\/www.rechtsanwalt-metzler.de\">Rechtsanwalt Metzler &#8211; Lawyer for competition law, trademark law and copyright law<\/a><\/p>\n","protected":false},"excerpt":{"rendered":"<p>Status: 12\/2023 General Terms and Conditions and consumer information in the context of purchase contracts concluded via the online store between resyx GmbH &#8211; hereinafter referred to as &#8220;Seller&#8221; &#8211; and the customer &#8211; hereinafter referred to as &#8220;Customer&#8221;. \u00a7 1 Scope of application and general information (1) Subject to individual arrangements and agreements, which [&hellip;]<\/p>\n","protected":false},"author":1,"featured_media":0,"parent":0,"menu_order":0,"comment_status":"closed","ping_status":"closed","template":"","meta":{"footnotes":""},"class_list":["post-18691","page","type-page","status-publish","hentry"],"yoast_head":"<!-- This site is optimized with the Yoast SEO Premium plugin v26.7 (Yoast SEO v27.4) - https:\/\/yoast.com\/product\/yoast-seo-premium-wordpress\/ -->\n<title>General Terms and Conditions Resyx GmbH declares<\/title>\n<meta name=\"description\" content=\"The General Terms and Conditions of Resyx GmbH apply to all customer purchases in the online store. Information here.\" \/>\n<meta name=\"robots\" content=\"index, follow, max-snippet:-1, max-image-preview:large, max-video-preview:-1\" \/>\n<link rel=\"canonical\" href=\"https:\/\/litrax.ch\/en\/general-terms-and-conditions-agb\/\" \/>\n<meta property=\"og:locale\" content=\"en_US\" \/>\n<meta property=\"og:type\" content=\"article\" \/>\n<meta property=\"og:title\" content=\"General Terms and Conditions (AGB)\" \/>\n<meta property=\"og:description\" content=\"The General Terms and Conditions of Resyx GmbH apply to all customer purchases in the online store. Information here.\" \/>\n<meta property=\"og:url\" content=\"https:\/\/litrax.ch\/en\/general-terms-and-conditions-agb\/\" \/>\n<meta property=\"og:site_name\" content=\"Litrax - Hydroponische Systeme\" \/>\n<meta property=\"article:publisher\" content=\"https:\/\/www.facebook.com\/Litrax.ch\" \/>\n<meta property=\"article:modified_time\" content=\"2025-12-01T20:24:07+00:00\" \/>\n<meta property=\"og:image\" content=\"https:\/\/litrax.ch\/wp-content\/uploads\/2023\/12\/LX223.small_.png\" \/>\n\t<meta property=\"og:image:width\" content=\"537\" \/>\n\t<meta property=\"og:image:height\" content=\"480\" \/>\n\t<meta property=\"og:image:type\" content=\"image\/png\" \/>\n<meta name=\"twitter:card\" content=\"summary_large_image\" \/>\n<meta name=\"twitter:label1\" content=\"Est. reading time\" \/>\n\t<meta name=\"twitter:data1\" content=\"6 minutes\" \/>\n<script type=\"application\/ld+json\" class=\"yoast-schema-graph\">{\"@context\":\"https:\\\/\\\/schema.org\",\"@graph\":[{\"@type\":\"WebPage\",\"@id\":\"https:\\\/\\\/litrax.ch\\\/en\\\/general-terms-and-conditions-agb\\\/\",\"url\":\"https:\\\/\\\/litrax.ch\\\/en\\\/general-terms-and-conditions-agb\\\/\",\"name\":\"General Terms and Conditions Resyx GmbH declares\",\"isPartOf\":{\"@id\":\"https:\\\/\\\/litrax.ch\\\/en\\\/#website\"},\"datePublished\":\"2023-12-20T08:21:02+00:00\",\"dateModified\":\"2025-12-01T20:24:07+00:00\",\"description\":\"The General Terms and Conditions of Resyx GmbH apply to all customer purchases in the online store. Information here.\",\"breadcrumb\":{\"@id\":\"https:\\\/\\\/litrax.ch\\\/en\\\/general-terms-and-conditions-agb\\\/#breadcrumb\"},\"inLanguage\":\"en-US\",\"potentialAction\":[{\"@type\":\"ReadAction\",\"target\":[\"https:\\\/\\\/litrax.ch\\\/en\\\/general-terms-and-conditions-agb\\\/\"]}]},{\"@type\":\"BreadcrumbList\",\"@id\":\"https:\\\/\\\/litrax.ch\\\/en\\\/general-terms-and-conditions-agb\\\/#breadcrumb\",\"itemListElement\":[{\"@type\":\"ListItem\",\"position\":1,\"name\":\"Startseite\",\"item\":\"https:\\\/\\\/litrax.ch\\\/en\\\/home\\\/\"},{\"@type\":\"ListItem\",\"position\":2,\"name\":\"General Terms and Conditions (AGB)\"}]},{\"@type\":\"WebSite\",\"@id\":\"https:\\\/\\\/litrax.ch\\\/en\\\/#website\",\"url\":\"https:\\\/\\\/litrax.ch\\\/en\\\/\",\"name\":\"Litrax - Hydroponische Systeme\",\"description\":\"Erlebe Hydroponik - der erdlose Gartengenuss.\",\"publisher\":{\"@id\":\"https:\\\/\\\/litrax.ch\\\/en\\\/#organization\"},\"alternateName\":\"Litrax\",\"potentialAction\":[{\"@type\":\"SearchAction\",\"target\":{\"@type\":\"EntryPoint\",\"urlTemplate\":\"https:\\\/\\\/litrax.ch\\\/en\\\/?s={search_term_string}\"},\"query-input\":{\"@type\":\"PropertyValueSpecification\",\"valueRequired\":true,\"valueName\":\"search_term_string\"}}],\"inLanguage\":\"en-US\"},{\"@type\":\"Organization\",\"@id\":\"https:\\\/\\\/litrax.ch\\\/en\\\/#organization\",\"name\":\"Litrax - Hydroponische Systeme\",\"alternateName\":\"Litrax\",\"url\":\"https:\\\/\\\/litrax.ch\\\/en\\\/\",\"logo\":{\"@type\":\"ImageObject\",\"inLanguage\":\"en-US\",\"@id\":\"https:\\\/\\\/litrax.ch\\\/en\\\/#\\\/schema\\\/logo\\\/image\\\/\",\"url\":\"https:\\\/\\\/litrax.ch\\\/wp-content\\\/uploads\\\/2024\\\/03\\\/facivon.png\",\"contentUrl\":\"https:\\\/\\\/litrax.ch\\\/wp-content\\\/uploads\\\/2024\\\/03\\\/facivon.png\",\"width\":150,\"height\":150,\"caption\":\"Litrax - Hydroponische Systeme\"},\"image\":{\"@id\":\"https:\\\/\\\/litrax.ch\\\/en\\\/#\\\/schema\\\/logo\\\/image\\\/\"},\"sameAs\":[\"https:\\\/\\\/www.facebook.com\\\/Litrax.ch\",\"https:\\\/\\\/www.instagram.com\\\/litrax.ch\\\/\",\"https:\\\/\\\/www.tiktok.com\\\/@litrax.ch\"],\"description\":\"Willkommen bei Litrax \u2013 Ihrem f\u00fchrenden Online-Shop f\u00fcr hochwertige hydroponische Gartensysteme! Wir bieten eine breite Palette an L\u00f6sungen f\u00fcr Privatpersonen, Restaurants und industrielle Gro\u00dfsysteme, um Ihnen zu helfen, Ihre eigene gr\u00fcne Oase zu schaffen, unabh\u00e4ngig von Ihrem Bedarf oder Ihrer Gr\u00f6\u00dfe. F\u00fcr Haushalte\\\/B\u00fcros: Entdecken Sie die Freude am G\u00e4rtnern in Ihrem eigenen Zuhause mit unseren einfach zu bedienenden hydroponischen Gartensystemen. Egal, ob Sie auf einem Balkon, einer Terrasse oder in Ihrem Wohnzimmer g\u00e4rtnern m\u00f6chten \u2013 wir haben das passende System f\u00fcr Sie. Genie\u00dfen Sie frisches Gem\u00fcse, aromatische Kr\u00e4uter und farbenfrohe Blumen das ganze Jahr \u00fcber, direkt aus Ihrem hydroponischen Garten. F\u00fcr Restaurants: Steigern Sie die Qualit\u00e4t Ihrer Gerichte und beeindrucken Sie Ihre G\u00e4ste mit frischen, geschmacksintensiven Zutaten aus unserem Sortiment an hydroponischen Gartensystemen f\u00fcr den gastronomischen Bereich. Unsere Systeme sind platzsparend, effizient und einfach zu bedienen, so dass Sie Ihre eigenen Zutaten direkt in Ihrer K\u00fcche anbauen k\u00f6nnen. Erleben Sie die Freude an nachhaltigem G\u00e4rtnern und lassen Sie Ihre kulinarischen Kreationen erstrahlen. Industrielle Gro\u00dfsysteme: Optimieren Sie Ihre landwirtschaftliche Produktion mit unseren ma\u00dfgeschneiderten hydroponischen Gro\u00dfsystemen. Von vertikalen Farmen bis hin zu automatisierten Anlagen bieten wir skalierbare L\u00f6sungen f\u00fcr maximale Effizienz und Produktivit\u00e4t. Nutzen Sie die Vorteile der hydroponischen Landwirtschaft, um Ihre Ernteertr\u00e4ge zu steigern, Platz zu sparen und Ressourcen zu optimieren. Erfahren Sie, wie unsere Systeme die Zukunft der industriellen Landwirtschaft gestalten k\u00f6nnen. Bei Litrax legen wir Wert auf Qualit\u00e4t und Kundenzufriedenheit. Unsere Produkte sind sorgf\u00e4ltig ausgew\u00e4hlt, um Ihnen die besten Ergebnisse zu garantieren, und wir bieten sie zu g\u00fcnstigen Preisen an. Dank unseres eigenen Lagers in der Schweiz k\u00f6nnen wir Ihnen eine schnelle Lieferung am n\u00e4chsten Tag garantieren.\",\"legalName\":\"Resyx GmbH\",\"foundingDate\":\"2022-12-22\",\"numberOfEmployees\":{\"@type\":\"QuantitativeValue\",\"minValue\":\"1\",\"maxValue\":\"10\"}}]}<\/script>\n<!-- \/ Yoast SEO Premium plugin. -->","yoast_head_json":{"title":"General Terms and Conditions Resyx GmbH declares","description":"The General Terms and Conditions of Resyx GmbH apply to all customer purchases in the online store. Information here.","robots":{"index":"index","follow":"follow","max-snippet":"max-snippet:-1","max-image-preview":"max-image-preview:large","max-video-preview":"max-video-preview:-1"},"canonical":"https:\/\/litrax.ch\/en\/general-terms-and-conditions-agb\/","og_locale":"en_US","og_type":"article","og_title":"General Terms and Conditions (AGB)","og_description":"The General Terms and Conditions of Resyx GmbH apply to all customer purchases in the online store. Information here.","og_url":"https:\/\/litrax.ch\/en\/general-terms-and-conditions-agb\/","og_site_name":"Litrax - Hydroponische Systeme","article_publisher":"https:\/\/www.facebook.com\/Litrax.ch","article_modified_time":"2025-12-01T20:24:07+00:00","og_image":[{"width":537,"height":480,"url":"https:\/\/litrax.ch\/wp-content\/uploads\/2023\/12\/LX223.small_.png","type":"image\/png"}],"twitter_card":"summary_large_image","twitter_misc":{"Est. reading time":"6 minutes"},"schema":{"@context":"https:\/\/schema.org","@graph":[{"@type":"WebPage","@id":"https:\/\/litrax.ch\/en\/general-terms-and-conditions-agb\/","url":"https:\/\/litrax.ch\/en\/general-terms-and-conditions-agb\/","name":"General Terms and Conditions Resyx GmbH declares","isPartOf":{"@id":"https:\/\/litrax.ch\/en\/#website"},"datePublished":"2023-12-20T08:21:02+00:00","dateModified":"2025-12-01T20:24:07+00:00","description":"The General Terms and Conditions of Resyx GmbH apply to all customer purchases in the online store. Information here.","breadcrumb":{"@id":"https:\/\/litrax.ch\/en\/general-terms-and-conditions-agb\/#breadcrumb"},"inLanguage":"en-US","potentialAction":[{"@type":"ReadAction","target":["https:\/\/litrax.ch\/en\/general-terms-and-conditions-agb\/"]}]},{"@type":"BreadcrumbList","@id":"https:\/\/litrax.ch\/en\/general-terms-and-conditions-agb\/#breadcrumb","itemListElement":[{"@type":"ListItem","position":1,"name":"Startseite","item":"https:\/\/litrax.ch\/en\/home\/"},{"@type":"ListItem","position":2,"name":"General Terms and Conditions (AGB)"}]},{"@type":"WebSite","@id":"https:\/\/litrax.ch\/en\/#website","url":"https:\/\/litrax.ch\/en\/","name":"Litrax - Hydroponische Systeme","description":"Erlebe Hydroponik - der erdlose Gartengenuss.","publisher":{"@id":"https:\/\/litrax.ch\/en\/#organization"},"alternateName":"Litrax","potentialAction":[{"@type":"SearchAction","target":{"@type":"EntryPoint","urlTemplate":"https:\/\/litrax.ch\/en\/?s={search_term_string}"},"query-input":{"@type":"PropertyValueSpecification","valueRequired":true,"valueName":"search_term_string"}}],"inLanguage":"en-US"},{"@type":"Organization","@id":"https:\/\/litrax.ch\/en\/#organization","name":"Litrax - Hydroponische Systeme","alternateName":"Litrax","url":"https:\/\/litrax.ch\/en\/","logo":{"@type":"ImageObject","inLanguage":"en-US","@id":"https:\/\/litrax.ch\/en\/#\/schema\/logo\/image\/","url":"https:\/\/litrax.ch\/wp-content\/uploads\/2024\/03\/facivon.png","contentUrl":"https:\/\/litrax.ch\/wp-content\/uploads\/2024\/03\/facivon.png","width":150,"height":150,"caption":"Litrax - Hydroponische Systeme"},"image":{"@id":"https:\/\/litrax.ch\/en\/#\/schema\/logo\/image\/"},"sameAs":["https:\/\/www.facebook.com\/Litrax.ch","https:\/\/www.instagram.com\/litrax.ch\/","https:\/\/www.tiktok.com\/@litrax.ch"],"description":"Willkommen bei Litrax \u2013 Ihrem f\u00fchrenden Online-Shop f\u00fcr hochwertige hydroponische Gartensysteme! Wir bieten eine breite Palette an L\u00f6sungen f\u00fcr Privatpersonen, Restaurants und industrielle Gro\u00dfsysteme, um Ihnen zu helfen, Ihre eigene gr\u00fcne Oase zu schaffen, unabh\u00e4ngig von Ihrem Bedarf oder Ihrer Gr\u00f6\u00dfe. F\u00fcr Haushalte\/B\u00fcros: Entdecken Sie die Freude am G\u00e4rtnern in Ihrem eigenen Zuhause mit unseren einfach zu bedienenden hydroponischen Gartensystemen. Egal, ob Sie auf einem Balkon, einer Terrasse oder in Ihrem Wohnzimmer g\u00e4rtnern m\u00f6chten \u2013 wir haben das passende System f\u00fcr Sie. Genie\u00dfen Sie frisches Gem\u00fcse, aromatische Kr\u00e4uter und farbenfrohe Blumen das ganze Jahr \u00fcber, direkt aus Ihrem hydroponischen Garten. F\u00fcr Restaurants: Steigern Sie die Qualit\u00e4t Ihrer Gerichte und beeindrucken Sie Ihre G\u00e4ste mit frischen, geschmacksintensiven Zutaten aus unserem Sortiment an hydroponischen Gartensystemen f\u00fcr den gastronomischen Bereich. Unsere Systeme sind platzsparend, effizient und einfach zu bedienen, so dass Sie Ihre eigenen Zutaten direkt in Ihrer K\u00fcche anbauen k\u00f6nnen. Erleben Sie die Freude an nachhaltigem G\u00e4rtnern und lassen Sie Ihre kulinarischen Kreationen erstrahlen. Industrielle Gro\u00dfsysteme: Optimieren Sie Ihre landwirtschaftliche Produktion mit unseren ma\u00dfgeschneiderten hydroponischen Gro\u00dfsystemen. Von vertikalen Farmen bis hin zu automatisierten Anlagen bieten wir skalierbare L\u00f6sungen f\u00fcr maximale Effizienz und Produktivit\u00e4t. Nutzen Sie die Vorteile der hydroponischen Landwirtschaft, um Ihre Ernteertr\u00e4ge zu steigern, Platz zu sparen und Ressourcen zu optimieren. Erfahren Sie, wie unsere Systeme die Zukunft der industriellen Landwirtschaft gestalten k\u00f6nnen. Bei Litrax legen wir Wert auf Qualit\u00e4t und Kundenzufriedenheit. Unsere Produkte sind sorgf\u00e4ltig ausgew\u00e4hlt, um Ihnen die besten Ergebnisse zu garantieren, und wir bieten sie zu g\u00fcnstigen Preisen an. Dank unseres eigenen Lagers in der Schweiz k\u00f6nnen wir Ihnen eine schnelle Lieferung am n\u00e4chsten Tag garantieren.","legalName":"Resyx GmbH","foundingDate":"2022-12-22","numberOfEmployees":{"@type":"QuantitativeValue","minValue":"1","maxValue":"10"}}]}},"_links":{"self":[{"href":"https:\/\/litrax.ch\/en\/wp-json\/wp\/v2\/pages\/18691","targetHints":{"allow":["GET"]}}],"collection":[{"href":"https:\/\/litrax.ch\/en\/wp-json\/wp\/v2\/pages"}],"about":[{"href":"https:\/\/litrax.ch\/en\/wp-json\/wp\/v2\/types\/page"}],"author":[{"embeddable":true,"href":"https:\/\/litrax.ch\/en\/wp-json\/wp\/v2\/users\/1"}],"replies":[{"embeddable":true,"href":"https:\/\/litrax.ch\/en\/wp-json\/wp\/v2\/comments?post=18691"}],"version-history":[{"count":0,"href":"https:\/\/litrax.ch\/en\/wp-json\/wp\/v2\/pages\/18691\/revisions"}],"wp:attachment":[{"href":"https:\/\/litrax.ch\/en\/wp-json\/wp\/v2\/media?parent=18691"}],"curies":[{"name":"wp","href":"https:\/\/api.w.org\/{rel}","templated":true}]}}