{"id":18576,"date":"2024-01-11T08:43:49","date_gmt":"2024-01-11T08:43:49","guid":{"rendered":"https:\/\/litrax.ch\/shop\/maja-flower-booster\/"},"modified":"2026-04-13T15:19:51","modified_gmt":"2026-04-13T15:19:51","slug":"maja-flower-booster","status":"publish","type":"product","link":"https:\/\/litrax.ch\/en\/shop\/maja-flower-booster\/","title":{"rendered":"MAJA Hydro pot 1"},"content":{"rendered":"<p>Experience the magic of rapid plant growth with the MAJA Flower Booster &#8211; fun for children and plant lovers alike!<\/p>\n<p>Elevate your gardening journey with the MAJA Flower Booster. It&#8217;s a delightful solution that brings joy and excitement to young green thumbs and seasoned plant lovers alike. This innovative kit is packed with features that ensure fast and vibrant growth for your favorite plants. It is an ideal addition to any home, classroom or nursery.   <\/p>\n<h2>Main features:<\/h2>\n<h3>1. full spectrum LED plant lamps<\/h3>\n<p>Watch your plants thrive under the vibrant glow of MAJA&#8217;s full spectrum LED plant lamps. With a colorful glow that mimics natural sunlight, these lamps provide the perfect conditions for your plants. So they can grow strong and healthy. From tiny seeds to blooming flowers, give your green companions the light they need to grow strong and healthy.   <\/p>\n<h3>2. convenient light timer<\/h3>\n<p>Take control of your plants&#8217; light schedule with the easy-to-use integrated timer. Set the operating time of the plant lamp according to the different growth stages and the specific needs of your plants. With customizable settings, you can create the perfect lighting environment to support rapid growth and development.  <\/p>\n<h3>3. adjustable LED arm for versatile plant heights<\/h3>\n<p>MAJA offers flexibility with its adjustable LED arm. It allows you to adjust the height up to 40 cm. Whether you are growing delicate seedlings or nurturing tall flowers, MAJA ensures that every plant gets the perfect light to thrive.  <\/p>\n<h2>Special features:<\/h2>\n<ul>\n<li>Fun and interactive design: The MAJA Flower Booster is designed to make gardening a fun and exciting experience for children. Let them choose their favorite flower pot and watch their plants grow before their eyes to encourage a love of nature and learning. <\/li>\n<li>Ultralight and portable: Weighing just 370 grams, MAJA is the perfect companion for gardening adventures on the go. Whether you&#8217;re setting up a mini-garden in the classroom or exploring the wonders of nature at home, with MAJA you can take the joy of gardening anywhere. <\/li>\n<\/ul>\n<p>Transform your space into a colorful oasis of growth and discovery with the MAJA Flower Booster. Order today and watch your plants flourish in the glow of MAJA&#8217;s magical light! <\/p>\n","protected":false},"excerpt":{"rendered":"<p>Experience the magic of rapid plant growth with the MAJA Flower Booster &#8211; fun for children and plant lovers alike! Elevate your gardening journey with the MAJA Flower Booster. It&#8217;s a delightful solution that brings joy and excitement to young green thumbs and seasoned plant lovers alike. This innovative kit is packed with features that [&hellip;]<\/p>\n","protected":false},"featured_media":20533,"comment_status":"open","ping_status":"closed","template":"","meta":[],"product_brand":[],"product_cat":[470,154],"product_tag":[787,756,786],"class_list":{"0":"post-18576","1":"product","2":"type-product","3":"status-publish","4":"has-post-thumbnail","6":"product_cat-led-grow-light","7":"product_cat-hydro-pots","8":"product_tag-2-in-1-pot","9":"product_tag-indoor-en-2","10":"product_tag-self-watering","12":"first","13":"instock","14":"sale","15":"taxable","16":"shipping-taxable","17":"purchasable","18":"product-type-variable","19":"has-default-attributes"},"yoast_head":"<!-- This site is optimized with the Yoast SEO Premium plugin v26.7 (Yoast SEO v27.4) - https:\/\/yoast.com\/product\/yoast-seo-premium-wordpress\/ -->\n<title>MAJA Hydro Pot 1: Experience rapid plant growth - Litrax - Hydroponische Systeme<\/title>\n<meta name=\"description\" content=\"Discover the MAJA Hydro Pot 1 for rapid plant growth! This innovative kit will delight both children and plant lovers.\" \/>\n<meta name=\"robots\" content=\"index, follow, max-snippet:-1, max-image-preview:large, max-video-preview:-1\" \/>\n<link rel=\"canonical\" href=\"https:\/\/litrax.ch\/en\/shop\/maja-flower-booster\/\" \/>\n<meta property=\"og:locale\" content=\"en_US\" \/>\n<meta property=\"og:type\" content=\"article\" \/>\n<meta property=\"og:title\" content=\"MAJA Hydro pot 1\" \/>\n<meta property=\"og:description\" content=\"Discover the MAJA Hydro Pot 1 for rapid plant growth! This innovative kit will delight both children and plant lovers.\" \/>\n<meta property=\"og:url\" content=\"https:\/\/litrax.ch\/en\/shop\/maja-flower-booster\/\" \/>\n<meta property=\"og:site_name\" content=\"Litrax - Hydroponische Systeme\" \/>\n<meta property=\"article:publisher\" content=\"https:\/\/www.facebook.com\/Litrax.ch\" \/>\n<meta property=\"article:modified_time\" content=\"2026-04-13T15:19:51+00:00\" \/>\n<meta property=\"og:image\" content=\"https:\/\/litrax.ch\/wp-content\/uploads\/2024\/01\/LX205-transparent2.png\" \/>\n\t<meta property=\"og:image:width\" content=\"1548\" \/>\n\t<meta property=\"og:image:height\" content=\"1135\" \/>\n\t<meta property=\"og:image:type\" content=\"image\/png\" \/>\n<meta name=\"twitter:card\" content=\"summary_large_image\" \/>\n<meta name=\"twitter:label1\" content=\"Availability\" \/>\n\t<meta name=\"twitter:data1\" content=\"In stock\" \/>\n<script type=\"application\/ld+json\" class=\"yoast-schema-graph\">{\"@context\":\"https:\\\/\\\/schema.org\",\"@graph\":[{\"@type\":\"WebPage\",\"@id\":\"https:\\\/\\\/litrax.ch\\\/en\\\/shop\\\/maja-flower-booster\\\/\",\"url\":\"https:\\\/\\\/litrax.ch\\\/en\\\/shop\\\/maja-flower-booster\\\/\",\"name\":\"MAJA Hydro Pot 1: Experience rapid plant growth - Litrax - Hydroponische Systeme\",\"isPartOf\":{\"@id\":\"https:\\\/\\\/litrax.ch\\\/en\\\/#website\"},\"primaryImageOfPage\":{\"@id\":\"https:\\\/\\\/litrax.ch\\\/en\\\/shop\\\/maja-flower-booster\\\/#primaryimage\"},\"image\":{\"@id\":\"https:\\\/\\\/litrax.ch\\\/en\\\/shop\\\/maja-flower-booster\\\/#primaryimage\"},\"thumbnailUrl\":\"https:\\\/\\\/litrax.ch\\\/wp-content\\\/uploads\\\/2024\\\/01\\\/LX205-transparent2.png\",\"datePublished\":\"2024-01-11T08:43:49+00:00\",\"dateModified\":\"2026-04-13T15:19:51+00:00\",\"description\":\"Discover the MAJA Hydro Pot 1 for rapid plant growth! This innovative kit will delight both children and plant lovers.\",\"breadcrumb\":{\"@id\":\"https:\\\/\\\/litrax.ch\\\/en\\\/shop\\\/maja-flower-booster\\\/#breadcrumb\"},\"inLanguage\":\"en-US\",\"potentialAction\":[{\"@type\":\"ReadAction\",\"target\":[\"https:\\\/\\\/litrax.ch\\\/en\\\/shop\\\/maja-flower-booster\\\/\"]}]},{\"@type\":\"ImageObject\",\"inLanguage\":\"en-US\",\"@id\":\"https:\\\/\\\/litrax.ch\\\/en\\\/shop\\\/maja-flower-booster\\\/#primaryimage\",\"url\":\"https:\\\/\\\/litrax.ch\\\/wp-content\\\/uploads\\\/2024\\\/01\\\/LX205-transparent2.png\",\"contentUrl\":\"https:\\\/\\\/litrax.ch\\\/wp-content\\\/uploads\\\/2024\\\/01\\\/LX205-transparent2.png\",\"width\":1548,\"height\":1135},{\"@type\":\"BreadcrumbList\",\"@id\":\"https:\\\/\\\/litrax.ch\\\/en\\\/shop\\\/maja-flower-booster\\\/#breadcrumb\",\"itemListElement\":[{\"@type\":\"ListItem\",\"position\":1,\"name\":\"Startseite\",\"item\":\"https:\\\/\\\/litrax.ch\\\/en\\\/home\\\/\"},{\"@type\":\"ListItem\",\"position\":2,\"name\":\"Store\",\"item\":\"https:\\\/\\\/litrax.ch\\\/en\\\/shop-en\\\/\"},{\"@type\":\"ListItem\",\"position\":3,\"name\":\"MAJA Hydro pot 1\"}]},{\"@type\":\"WebSite\",\"@id\":\"https:\\\/\\\/litrax.ch\\\/en\\\/#website\",\"url\":\"https:\\\/\\\/litrax.ch\\\/en\\\/\",\"name\":\"Litrax - Hydroponische Systeme\",\"description\":\"Erlebe Hydroponik - der erdlose Gartengenuss.\",\"publisher\":{\"@id\":\"https:\\\/\\\/litrax.ch\\\/en\\\/#organization\"},\"alternateName\":\"Litrax\",\"potentialAction\":[{\"@type\":\"SearchAction\",\"target\":{\"@type\":\"EntryPoint\",\"urlTemplate\":\"https:\\\/\\\/litrax.ch\\\/en\\\/?s={search_term_string}\"},\"query-input\":{\"@type\":\"PropertyValueSpecification\",\"valueRequired\":true,\"valueName\":\"search_term_string\"}}],\"inLanguage\":\"en-US\"},{\"@type\":\"Organization\",\"@id\":\"https:\\\/\\\/litrax.ch\\\/en\\\/#organization\",\"name\":\"Litrax - Hydroponische Systeme\",\"alternateName\":\"Litrax\",\"url\":\"https:\\\/\\\/litrax.ch\\\/en\\\/\",\"logo\":{\"@type\":\"ImageObject\",\"inLanguage\":\"en-US\",\"@id\":\"https:\\\/\\\/litrax.ch\\\/en\\\/#\\\/schema\\\/logo\\\/image\\\/\",\"url\":\"https:\\\/\\\/litrax.ch\\\/wp-content\\\/uploads\\\/2024\\\/03\\\/facivon.png\",\"contentUrl\":\"https:\\\/\\\/litrax.ch\\\/wp-content\\\/uploads\\\/2024\\\/03\\\/facivon.png\",\"width\":150,\"height\":150,\"caption\":\"Litrax - Hydroponische Systeme\"},\"image\":{\"@id\":\"https:\\\/\\\/litrax.ch\\\/en\\\/#\\\/schema\\\/logo\\\/image\\\/\"},\"sameAs\":[\"https:\\\/\\\/www.facebook.com\\\/Litrax.ch\",\"https:\\\/\\\/www.instagram.com\\\/litrax.ch\\\/\",\"https:\\\/\\\/www.tiktok.com\\\/@litrax.ch\"],\"description\":\"Willkommen bei Litrax \u2013 Ihrem f\u00fchrenden Online-Shop f\u00fcr hochwertige hydroponische Gartensysteme! Wir bieten eine breite Palette an L\u00f6sungen f\u00fcr Privatpersonen, Restaurants und industrielle Gro\u00dfsysteme, um Ihnen zu helfen, Ihre eigene gr\u00fcne Oase zu schaffen, unabh\u00e4ngig von Ihrem Bedarf oder Ihrer Gr\u00f6\u00dfe. F\u00fcr Haushalte\\\/B\u00fcros: Entdecken Sie die Freude am G\u00e4rtnern in Ihrem eigenen Zuhause mit unseren einfach zu bedienenden hydroponischen Gartensystemen. Egal, ob Sie auf einem Balkon, einer Terrasse oder in Ihrem Wohnzimmer g\u00e4rtnern m\u00f6chten \u2013 wir haben das passende System f\u00fcr Sie. Genie\u00dfen Sie frisches Gem\u00fcse, aromatische Kr\u00e4uter und farbenfrohe Blumen das ganze Jahr \u00fcber, direkt aus Ihrem hydroponischen Garten. F\u00fcr Restaurants: Steigern Sie die Qualit\u00e4t Ihrer Gerichte und beeindrucken Sie Ihre G\u00e4ste mit frischen, geschmacksintensiven Zutaten aus unserem Sortiment an hydroponischen Gartensystemen f\u00fcr den gastronomischen Bereich. Unsere Systeme sind platzsparend, effizient und einfach zu bedienen, so dass Sie Ihre eigenen Zutaten direkt in Ihrer K\u00fcche anbauen k\u00f6nnen. Erleben Sie die Freude an nachhaltigem G\u00e4rtnern und lassen Sie Ihre kulinarischen Kreationen erstrahlen. Industrielle Gro\u00dfsysteme: Optimieren Sie Ihre landwirtschaftliche Produktion mit unseren ma\u00dfgeschneiderten hydroponischen Gro\u00dfsystemen. Von vertikalen Farmen bis hin zu automatisierten Anlagen bieten wir skalierbare L\u00f6sungen f\u00fcr maximale Effizienz und Produktivit\u00e4t. Nutzen Sie die Vorteile der hydroponischen Landwirtschaft, um Ihre Ernteertr\u00e4ge zu steigern, Platz zu sparen und Ressourcen zu optimieren. Erfahren Sie, wie unsere Systeme die Zukunft der industriellen Landwirtschaft gestalten k\u00f6nnen. Bei Litrax legen wir Wert auf Qualit\u00e4t und Kundenzufriedenheit. Unsere Produkte sind sorgf\u00e4ltig ausgew\u00e4hlt, um Ihnen die besten Ergebnisse zu garantieren, und wir bieten sie zu g\u00fcnstigen Preisen an. Dank unseres eigenen Lagers in der Schweiz k\u00f6nnen wir Ihnen eine schnelle Lieferung am n\u00e4chsten Tag garantieren.\",\"legalName\":\"Resyx GmbH\",\"foundingDate\":\"2022-12-22\",\"numberOfEmployees\":{\"@type\":\"QuantitativeValue\",\"minValue\":\"1\",\"maxValue\":\"10\"}}]}<\/script>\n<meta property=\"og:availability\" content=\"instock\" \/>\n<meta property=\"product:availability\" content=\"instock\" \/>\n<meta property=\"product:retailer_item_id\" content=\"LX205\" \/>\n<meta property=\"product:condition\" content=\"new\" \/>\n<!-- \/ Yoast SEO Premium plugin. -->","yoast_head_json":{"title":"MAJA Hydro Pot 1: Experience rapid plant growth - Litrax - Hydroponische Systeme","description":"Discover the MAJA Hydro Pot 1 for rapid plant growth! This innovative kit will delight both children and plant lovers.","robots":{"index":"index","follow":"follow","max-snippet":"max-snippet:-1","max-image-preview":"max-image-preview:large","max-video-preview":"max-video-preview:-1"},"canonical":"https:\/\/litrax.ch\/en\/shop\/maja-flower-booster\/","og_locale":"en_US","og_type":"article","og_title":"MAJA Hydro pot 1","og_description":"Discover the MAJA Hydro Pot 1 for rapid plant growth! This innovative kit will delight both children and plant lovers.","og_url":"https:\/\/litrax.ch\/en\/shop\/maja-flower-booster\/","og_site_name":"Litrax - Hydroponische Systeme","article_publisher":"https:\/\/www.facebook.com\/Litrax.ch","article_modified_time":"2026-04-13T15:19:51+00:00","og_image":[{"width":1548,"height":1135,"url":"https:\/\/litrax.ch\/wp-content\/uploads\/2024\/01\/LX205-transparent2.png","type":"image\/png"}],"twitter_card":"summary_large_image","twitter_misc":{"Availability":"In stock"},"schema":{"@context":"https:\/\/schema.org","@graph":[{"@type":"WebPage","@id":"https:\/\/litrax.ch\/en\/shop\/maja-flower-booster\/","url":"https:\/\/litrax.ch\/en\/shop\/maja-flower-booster\/","name":"MAJA Hydro Pot 1: Experience rapid plant growth - Litrax - Hydroponische Systeme","isPartOf":{"@id":"https:\/\/litrax.ch\/en\/#website"},"primaryImageOfPage":{"@id":"https:\/\/litrax.ch\/en\/shop\/maja-flower-booster\/#primaryimage"},"image":{"@id":"https:\/\/litrax.ch\/en\/shop\/maja-flower-booster\/#primaryimage"},"thumbnailUrl":"https:\/\/litrax.ch\/wp-content\/uploads\/2024\/01\/LX205-transparent2.png","datePublished":"2024-01-11T08:43:49+00:00","dateModified":"2026-04-13T15:19:51+00:00","description":"Discover the MAJA Hydro Pot 1 for rapid plant growth! This innovative kit will delight both children and plant lovers.","breadcrumb":{"@id":"https:\/\/litrax.ch\/en\/shop\/maja-flower-booster\/#breadcrumb"},"inLanguage":"en-US","potentialAction":[{"@type":"ReadAction","target":["https:\/\/litrax.ch\/en\/shop\/maja-flower-booster\/"]}]},{"@type":"ImageObject","inLanguage":"en-US","@id":"https:\/\/litrax.ch\/en\/shop\/maja-flower-booster\/#primaryimage","url":"https:\/\/litrax.ch\/wp-content\/uploads\/2024\/01\/LX205-transparent2.png","contentUrl":"https:\/\/litrax.ch\/wp-content\/uploads\/2024\/01\/LX205-transparent2.png","width":1548,"height":1135},{"@type":"BreadcrumbList","@id":"https:\/\/litrax.ch\/en\/shop\/maja-flower-booster\/#breadcrumb","itemListElement":[{"@type":"ListItem","position":1,"name":"Startseite","item":"https:\/\/litrax.ch\/en\/home\/"},{"@type":"ListItem","position":2,"name":"Store","item":"https:\/\/litrax.ch\/en\/shop-en\/"},{"@type":"ListItem","position":3,"name":"MAJA Hydro pot 1"}]},{"@type":"WebSite","@id":"https:\/\/litrax.ch\/en\/#website","url":"https:\/\/litrax.ch\/en\/","name":"Litrax - Hydroponische Systeme","description":"Erlebe Hydroponik - der erdlose Gartengenuss.","publisher":{"@id":"https:\/\/litrax.ch\/en\/#organization"},"alternateName":"Litrax","potentialAction":[{"@type":"SearchAction","target":{"@type":"EntryPoint","urlTemplate":"https:\/\/litrax.ch\/en\/?s={search_term_string}"},"query-input":{"@type":"PropertyValueSpecification","valueRequired":true,"valueName":"search_term_string"}}],"inLanguage":"en-US"},{"@type":"Organization","@id":"https:\/\/litrax.ch\/en\/#organization","name":"Litrax - Hydroponische Systeme","alternateName":"Litrax","url":"https:\/\/litrax.ch\/en\/","logo":{"@type":"ImageObject","inLanguage":"en-US","@id":"https:\/\/litrax.ch\/en\/#\/schema\/logo\/image\/","url":"https:\/\/litrax.ch\/wp-content\/uploads\/2024\/03\/facivon.png","contentUrl":"https:\/\/litrax.ch\/wp-content\/uploads\/2024\/03\/facivon.png","width":150,"height":150,"caption":"Litrax - Hydroponische Systeme"},"image":{"@id":"https:\/\/litrax.ch\/en\/#\/schema\/logo\/image\/"},"sameAs":["https:\/\/www.facebook.com\/Litrax.ch","https:\/\/www.instagram.com\/litrax.ch\/","https:\/\/www.tiktok.com\/@litrax.ch"],"description":"Willkommen bei Litrax \u2013 Ihrem f\u00fchrenden Online-Shop f\u00fcr hochwertige hydroponische Gartensysteme! Wir bieten eine breite Palette an L\u00f6sungen f\u00fcr Privatpersonen, Restaurants und industrielle Gro\u00dfsysteme, um Ihnen zu helfen, Ihre eigene gr\u00fcne Oase zu schaffen, unabh\u00e4ngig von Ihrem Bedarf oder Ihrer Gr\u00f6\u00dfe. F\u00fcr Haushalte\/B\u00fcros: Entdecken Sie die Freude am G\u00e4rtnern in Ihrem eigenen Zuhause mit unseren einfach zu bedienenden hydroponischen Gartensystemen. Egal, ob Sie auf einem Balkon, einer Terrasse oder in Ihrem Wohnzimmer g\u00e4rtnern m\u00f6chten \u2013 wir haben das passende System f\u00fcr Sie. Genie\u00dfen Sie frisches Gem\u00fcse, aromatische Kr\u00e4uter und farbenfrohe Blumen das ganze Jahr \u00fcber, direkt aus Ihrem hydroponischen Garten. F\u00fcr Restaurants: Steigern Sie die Qualit\u00e4t Ihrer Gerichte und beeindrucken Sie Ihre G\u00e4ste mit frischen, geschmacksintensiven Zutaten aus unserem Sortiment an hydroponischen Gartensystemen f\u00fcr den gastronomischen Bereich. Unsere Systeme sind platzsparend, effizient und einfach zu bedienen, so dass Sie Ihre eigenen Zutaten direkt in Ihrer K\u00fcche anbauen k\u00f6nnen. Erleben Sie die Freude an nachhaltigem G\u00e4rtnern und lassen Sie Ihre kulinarischen Kreationen erstrahlen. Industrielle Gro\u00dfsysteme: Optimieren Sie Ihre landwirtschaftliche Produktion mit unseren ma\u00dfgeschneiderten hydroponischen Gro\u00dfsystemen. Von vertikalen Farmen bis hin zu automatisierten Anlagen bieten wir skalierbare L\u00f6sungen f\u00fcr maximale Effizienz und Produktivit\u00e4t. Nutzen Sie die Vorteile der hydroponischen Landwirtschaft, um Ihre Ernteertr\u00e4ge zu steigern, Platz zu sparen und Ressourcen zu optimieren. Erfahren Sie, wie unsere Systeme die Zukunft der industriellen Landwirtschaft gestalten k\u00f6nnen. Bei Litrax legen wir Wert auf Qualit\u00e4t und Kundenzufriedenheit. Unsere Produkte sind sorgf\u00e4ltig ausgew\u00e4hlt, um Ihnen die besten Ergebnisse zu garantieren, und wir bieten sie zu g\u00fcnstigen Preisen an. Dank unseres eigenen Lagers in der Schweiz k\u00f6nnen wir Ihnen eine schnelle Lieferung am n\u00e4chsten Tag garantieren.","legalName":"Resyx GmbH","foundingDate":"2022-12-22","numberOfEmployees":{"@type":"QuantitativeValue","minValue":"1","maxValue":"10"}}]},"og_availability":"instock","product_availability":"instock","product_retailer_item_id":"LX205","product_condition":"new"},"_links":{"self":[{"href":"https:\/\/litrax.ch\/en\/wp-json\/wp\/v2\/product\/18576","targetHints":{"allow":["GET"]}}],"collection":[{"href":"https:\/\/litrax.ch\/en\/wp-json\/wp\/v2\/product"}],"about":[{"href":"https:\/\/litrax.ch\/en\/wp-json\/wp\/v2\/types\/product"}],"replies":[{"embeddable":true,"href":"https:\/\/litrax.ch\/en\/wp-json\/wp\/v2\/comments?post=18576"}],"wp:featuredmedia":[{"embeddable":true,"href":"https:\/\/litrax.ch\/en\/wp-json\/wp\/v2\/media\/20533"}],"wp:attachment":[{"href":"https:\/\/litrax.ch\/en\/wp-json\/wp\/v2\/media?parent=18576"}],"wp:term":[{"taxonomy":"product_brand","embeddable":true,"href":"https:\/\/litrax.ch\/en\/wp-json\/wp\/v2\/product_brand?post=18576"},{"taxonomy":"product_cat","embeddable":true,"href":"https:\/\/litrax.ch\/en\/wp-json\/wp\/v2\/product_cat?post=18576"},{"taxonomy":"product_tag","embeddable":true,"href":"https:\/\/litrax.ch\/en\/wp-json\/wp\/v2\/product_tag?post=18576"}],"curies":[{"name":"wp","href":"https:\/\/api.w.org\/{rel}","templated":true}]}}