{"id":24727,"date":"2025-10-24T14:40:01","date_gmt":"2025-10-24T14:40:01","guid":{"rendered":"https:\/\/litrax.ch\/?post_type=product&#038;p=24727"},"modified":"2026-03-24T20:45:25","modified_gmt":"2026-03-24T20:45:25","slug":"tower-farm-28-with-sustainable-natural-materials","status":"publish","type":"product","link":"https:\/\/litrax.ch\/en\/shop\/tower-farm-28-with-sustainable-natural-materials\/","title":{"rendered":"Tower Farm 28 LW"},"content":{"rendered":"<h1>Delivered fully assembled!<\/h1>\n<p>With the Aquaponics &#8211; Hydroponics Tower Farm <strong>28<\/strong>, the Tower Farm 28 comes fully assembled and contains everything you need to start growing vertical hydroponics in 5 minutes! The Aquaponics &#8211; Hydroponics <strong>Tower Farm 28<\/strong> is perfect for beginners and professionals alike. <\/p>\n<p>Grow vertically easily and successfully and transform a corner of your home or balcony into a lush vegetable garden with the Aquaponics &#8211; Hydroponics <strong>Tower Farm 28<\/strong>.<\/p>\n<h2><strong>Sustainability with natural materials<\/strong><\/h2>\n<p>The vertical farm with 4 towers is made from a 100% compostable, sustainable natural fiber. It couldn&#8217;t be more sustainable! <\/p>\n<h2><strong>In the kit you will find:<\/strong><\/h2>\n<ul>\n<li>28x mini containers &#8211; made of food-safe, certified white PP, complete with universal pots;<\/li>\n<li>1x square 48 liter pot with wheels;<\/li>\n<li>1x lid for the pot made of 304 stainless steel;<\/li>\n<li>1x already assembled tower holder for the Aquaponics &#8211; Hydroponics Tower Farm 28;<\/li>\n<li>1x already installed irrigation system with pump<\/li>\n<li>4x tower locks;<\/li>\n<li>6x cuff set;<\/li>\n<\/ul>\n<h2>Why you should choose our kit:<\/h2>\n<p><strong>Quick and easy to install:  <\/strong><\/p>\n<p>It is supplied pre-assembled, you only need to connect 1 hose and you&#8217;re done, particularly practical with the Aquaponics &#8211; Hydroponics Tower Farm 28.<\/p>\n<p><strong>Saves water and space:  <\/strong><\/p>\n<p>Thanks to DWT, you use 90 % less water and space with the <strong>Turm Farm 28<\/strong>.<\/p>\n<p><strong>Rich and tasty harvests:  <\/strong><\/p>\n<p>Rediscover the taste of home-grown food and grow it faster and with less effort.<\/p>\n<p><strong>Satisfaction guaranteed:  <\/strong><\/p>\n<p>If you have any questions, please do not hesitate to contact our customer service.<\/p>\n<h2><strong>Modularly expandable &#8211; would you like to add more?  <\/strong><\/h2>\n<p>The tower is modularly expandable! You can request an extension to up to 44 plants. Add 16x mini containers to your order now or later and we&#8217;ll take care of the rest.<\/p>\n<h2><strong>Aquaponics option<\/strong><\/h2>\n<p>Optionally, you can also place the water tank on top of an aquarium and keep certain small fish species, which provide the plants with nutrients in a natural way. This is true aquaponics! Sustainability at its best with the <strong>Turm Farm 28<\/strong>!  <\/p>\n<h2><strong>Who is the Hydroponics Tower Farm 28 suitable for?<\/strong><\/h2>\n<p><strong>Tower Farm 28<\/strong> &#8211; the vertical hydroponic garden, is perfect for:<\/p>\n<ul>\n<li>Garden lovers<\/li>\n<li>Families with children<\/li>\n<li>People who live in small apartments<\/li>\n<li>Lovers of healthy and organic food<\/li>\n<li>Anyone who wants a little greenery in their home, garden or balcony<\/li>\n<li>Restaurant &amp; bistro owner, for refreshing greenery and relaxation<\/li>\n<li>Public spaces, for greening and embellishment with plants or seasonal flowers<\/li>\n<li>Farmers who want to start a trial with hydroponics<\/li>\n<\/ul>\n<p>Order your Tower 28 set today and create your own vertical vegetable garden!<\/p>\n<p>Not only do you get a lush and decorative garden, but you can also enjoy fresh and unadulterated vegetables and herbs that you have grown yourself with the Aquaponics &#8211; Hydroponics Tower Farm 28!<\/p>\n<p>Don&#8217;t forget to follow us on our YouTube channel too!<\/p>\n<h2><strong>Raise your cultivation to a new level<\/strong><\/h2>\n<ul>\n<li><strong>A wide variety of plant species<\/strong><br \/>\nOur tower can be used flexibly and is ideal for leafy vegetables, salads, herbs, flowers and even strawberries.<\/li>\n<li><strong>Full mobility and 360\u00b0 lighting<\/strong><br \/>\nThanks to the sturdy castors, the tower can be easily moved and used flexibly. Indoors, our optional powerful LED grow lights provide uniform 360\u00b0 illumination and promote the healthy, vigorous growth of your plants. <\/li>\n<li><strong>Minimal water consumption<\/strong><br \/>\nThe 48-liter water tank saves up to 80 % water compared to traditional farming. The Wuxal nutrient liquid supplies each plant evenly &#8211; for maximum yields in record time. <\/li>\n<li><strong>Year-round harvest<\/strong><br \/>\nUse the tower system for a continuous harvest, whether outdoors on sunny balconies, terraces or roofs, or as an indoor solution for year-round cultivation.<\/li>\n<li><strong>High growth speed<\/strong><br \/>\nExperience rapid growth and results up to 5 times faster than with conventional cultivation methods &#8211; ideal for anyone who needs high yields in a short time.<\/li>\n<\/ul>\n<p>&nbsp;<\/p>\n<h2><img decoding=\"async\" class=\"alignleft wp-image-25430 size-thumbnail\" src=\"https:\/\/litrax.ch\/wp-content\/uploads\/2025\/10\/made-in-italy-SFONDO-NEUTRO-150x150.png\" alt=\"\" width=\"150\" height=\"150\" srcset=\"https:\/\/litrax.ch\/wp-content\/uploads\/2025\/10\/made-in-italy-SFONDO-NEUTRO-150x150.png 150w, https:\/\/litrax.ch\/wp-content\/uploads\/2025\/10\/made-in-italy-SFONDO-NEUTRO-575x575.png 575w, https:\/\/litrax.ch\/wp-content\/uploads\/2025\/10\/made-in-italy-SFONDO-NEUTRO-768x768.png 768w, https:\/\/litrax.ch\/wp-content\/uploads\/2025\/10\/made-in-italy-SFONDO-NEUTRO-920x920.png 920w, https:\/\/litrax.ch\/wp-content\/uploads\/2025\/10\/made-in-italy-SFONDO-NEUTRO-100x100.png 100w, https:\/\/litrax.ch\/wp-content\/uploads\/2025\/10\/made-in-italy-SFONDO-NEUTRO-64x64.png 64w, https:\/\/litrax.ch\/wp-content\/uploads\/2025\/10\/made-in-italy-SFONDO-NEUTRO.png 1024w\" sizes=\"(max-width: 150px) 100vw, 150px\" \/> <img decoding=\"async\" class=\"alignleft wp-image-25428 size-thumbnail\" src=\"https:\/\/litrax.ch\/wp-content\/uploads\/2025\/10\/PLASTIC-FREE-SFONDO-NEUTRO-150x150.png\" alt=\"\" width=\"150\" height=\"150\" srcset=\"https:\/\/litrax.ch\/wp-content\/uploads\/2025\/10\/PLASTIC-FREE-SFONDO-NEUTRO-150x150.png 150w, https:\/\/litrax.ch\/wp-content\/uploads\/2025\/10\/PLASTIC-FREE-SFONDO-NEUTRO-575x575.png 575w, https:\/\/litrax.ch\/wp-content\/uploads\/2025\/10\/PLASTIC-FREE-SFONDO-NEUTRO-768x768.png 768w, https:\/\/litrax.ch\/wp-content\/uploads\/2025\/10\/PLASTIC-FREE-SFONDO-NEUTRO-920x920.png 920w, https:\/\/litrax.ch\/wp-content\/uploads\/2025\/10\/PLASTIC-FREE-SFONDO-NEUTRO-100x100.png 100w, https:\/\/litrax.ch\/wp-content\/uploads\/2025\/10\/PLASTIC-FREE-SFONDO-NEUTRO-64x64.png 64w, https:\/\/litrax.ch\/wp-content\/uploads\/2025\/10\/PLASTIC-FREE-SFONDO-NEUTRO.png 1024w\" sizes=\"(max-width: 150px) 100vw, 150px\" \/> <img decoding=\"async\" class=\"alignleft wp-image-25429 size-thumbnail\" src=\"https:\/\/litrax.ch\/wp-content\/uploads\/2025\/10\/pi_UV_resistant-719125398-150x150.png\" alt=\"\" width=\"150\" height=\"150\" srcset=\"https:\/\/litrax.ch\/wp-content\/uploads\/2025\/10\/pi_UV_resistant-719125398-150x150.png 150w, https:\/\/litrax.ch\/wp-content\/uploads\/2025\/10\/pi_UV_resistant-719125398-575x575.png 575w, https:\/\/litrax.ch\/wp-content\/uploads\/2025\/10\/pi_UV_resistant-719125398-100x100.png 100w, https:\/\/litrax.ch\/wp-content\/uploads\/2025\/10\/pi_UV_resistant-719125398-64x64.png 64w, https:\/\/litrax.ch\/wp-content\/uploads\/2025\/10\/pi_UV_resistant-719125398.png 592w\" sizes=\"(max-width: 150px) 100vw, 150px\" \/><\/h2>\n<p>&nbsp;<\/p>\n<h2><\/h2>\n<p>&nbsp;<\/p>\n<p>&nbsp;<\/p>\n<p>&nbsp;<\/p>\n<p>&nbsp;<\/p>\n<hr>\n<h2><strong>Are you planning a larger system?<\/strong><\/h2>\n<p>Contact us for a customized offer. We offer attractive prices for large quantities. There are also special prices for commercial orders. In particular, prices drop considerably for larger order quantities. This applies to greenhouses and professional agriculture.    <\/p>\n<p>Experience the future of agriculture with our vertical hydroponics tower &#8211; efficient, sustainable and space-saving with the Aquaponics &#8211; Hydroponics Tower Farm 28!<\/p>\n","protected":false},"excerpt":{"rendered":"<p>Delivered fully assembled! With the Aquaponics &#8211; Hydroponics Tower Farm 28, the Tower Farm 28 comes fully assembled and contains everything you need to start growing vertical hydroponics in 5 minutes! The Aquaponics &#8211; Hydroponics Tower Farm 28 is perfect for beginners and professionals alike. Grow vertically easily and successfully and transform a corner of [&hellip;]<\/p>\n","protected":false},"featured_media":25454,"comment_status":"closed","ping_status":"closed","template":"","meta":[],"product_brand":[],"product_cat":[160,156,105],"product_tag":[1287,756,751,500],"class_list":{"0":"post-24727","1":"product","2":"type-product","3":"status-publish","4":"has-post-thumbnail","6":"product_cat-agriculture","7":"product_cat-gastronomy-industry","8":"product_cat-hydroponics","9":"product_tag-hydroponics-tower","10":"product_tag-indoor-en-2","11":"product_tag-outdoor-en","12":"product_tag-vertical-farm","14":"first","15":"outofstock","16":"taxable","17":"shipping-taxable","18":"purchasable","19":"product-type-simple"},"yoast_head":"<!-- This site is optimized with the Yoast SEO Premium plugin v26.7 (Yoast SEO v27.4) - https:\/\/yoast.com\/product\/yoast-seo-premium-wordpress\/ -->\n<title>Hydroponics tower farm: Vertical cultivation made easy - Litrax - Hydroponische Systeme<\/title>\n<meta name=\"description\" content=\"Discover the hydroponic tower, modularly expandable from 28 plants! Perfect for fresh vegetables and herbs, can be used anywhere. \ud83c\udf31\" \/>\n<meta name=\"robots\" content=\"index, follow, max-snippet:-1, max-image-preview:large, max-video-preview:-1\" \/>\n<link rel=\"canonical\" href=\"https:\/\/litrax.ch\/en\/shop\/tower-farm-28-with-sustainable-natural-materials\/\" \/>\n<meta property=\"og:locale\" content=\"en_US\" \/>\n<meta property=\"og:type\" content=\"article\" \/>\n<meta property=\"og:title\" content=\"Tower Farm 28 LW\" \/>\n<meta property=\"og:description\" content=\"Discover the hydroponic tower, modularly expandable from 28 plants! Perfect for fresh vegetables and herbs, can be used anywhere. \ud83c\udf31\" \/>\n<meta property=\"og:url\" content=\"https:\/\/litrax.ch\/en\/shop\/tower-farm-28-with-sustainable-natural-materials\/\" \/>\n<meta property=\"og:site_name\" content=\"Litrax - Hydroponische Systeme\" \/>\n<meta property=\"article:publisher\" content=\"https:\/\/www.facebook.com\/Litrax.ch\" \/>\n<meta property=\"article:modified_time\" content=\"2026-03-24T20:45:25+00:00\" \/>\n<meta property=\"og:image\" content=\"https:\/\/litrax.ch\/wp-content\/uploads\/2025\/10\/Litrax-Turm-Farm-28-LW.png\" \/>\n\t<meta property=\"og:image:width\" content=\"2100\" \/>\n\t<meta property=\"og:image:height\" content=\"2000\" \/>\n\t<meta property=\"og:image:type\" content=\"image\/png\" \/>\n<meta name=\"twitter:card\" content=\"summary_large_image\" \/>\n<meta name=\"twitter:label1\" content=\"Price\" \/>\n\t<meta name=\"twitter:data1\" content=\"&#067;&#072;&#070;&nbsp;599.00\" \/>\n\t<meta name=\"twitter:label2\" content=\"Availability\" \/>\n\t<meta name=\"twitter:data2\" content=\"Out of stock\" \/>\n<script type=\"application\/ld+json\" class=\"yoast-schema-graph\">{\"@context\":\"https:\\\/\\\/schema.org\",\"@graph\":[{\"@type\":\"WebPage\",\"@id\":\"https:\\\/\\\/litrax.ch\\\/en\\\/shop\\\/tower-farm-28-with-sustainable-natural-materials\\\/\",\"url\":\"https:\\\/\\\/litrax.ch\\\/en\\\/shop\\\/tower-farm-28-with-sustainable-natural-materials\\\/\",\"name\":\"Hydroponics tower farm: Vertical cultivation made easy - Litrax - Hydroponische Systeme\",\"isPartOf\":{\"@id\":\"https:\\\/\\\/litrax.ch\\\/en\\\/#website\"},\"primaryImageOfPage\":{\"@id\":\"https:\\\/\\\/litrax.ch\\\/en\\\/shop\\\/tower-farm-28-with-sustainable-natural-materials\\\/#primaryimage\"},\"image\":{\"@id\":\"https:\\\/\\\/litrax.ch\\\/en\\\/shop\\\/tower-farm-28-with-sustainable-natural-materials\\\/#primaryimage\"},\"thumbnailUrl\":\"https:\\\/\\\/litrax.ch\\\/wp-content\\\/uploads\\\/2025\\\/10\\\/Litrax-Turm-Farm-28-LW.png\",\"datePublished\":\"2025-10-24T14:40:01+00:00\",\"dateModified\":\"2026-03-24T20:45:25+00:00\",\"description\":\"Discover the hydroponic tower, modularly expandable from 28 plants! Perfect for fresh vegetables and herbs, can be used anywhere. \ud83c\udf31\",\"breadcrumb\":{\"@id\":\"https:\\\/\\\/litrax.ch\\\/en\\\/shop\\\/tower-farm-28-with-sustainable-natural-materials\\\/#breadcrumb\"},\"inLanguage\":\"en-US\",\"potentialAction\":[{\"@type\":\"ReadAction\",\"target\":[\"https:\\\/\\\/litrax.ch\\\/en\\\/shop\\\/tower-farm-28-with-sustainable-natural-materials\\\/\"]}]},{\"@type\":\"ImageObject\",\"inLanguage\":\"en-US\",\"@id\":\"https:\\\/\\\/litrax.ch\\\/en\\\/shop\\\/tower-farm-28-with-sustainable-natural-materials\\\/#primaryimage\",\"url\":\"https:\\\/\\\/litrax.ch\\\/wp-content\\\/uploads\\\/2025\\\/10\\\/Litrax-Turm-Farm-28-LW.png\",\"contentUrl\":\"https:\\\/\\\/litrax.ch\\\/wp-content\\\/uploads\\\/2025\\\/10\\\/Litrax-Turm-Farm-28-LW.png\",\"width\":2100,\"height\":2000},{\"@type\":\"BreadcrumbList\",\"@id\":\"https:\\\/\\\/litrax.ch\\\/en\\\/shop\\\/tower-farm-28-with-sustainable-natural-materials\\\/#breadcrumb\",\"itemListElement\":[{\"@type\":\"ListItem\",\"position\":1,\"name\":\"Startseite\",\"item\":\"https:\\\/\\\/litrax.ch\\\/en\\\/home\\\/\"},{\"@type\":\"ListItem\",\"position\":2,\"name\":\"Store\",\"item\":\"https:\\\/\\\/litrax.ch\\\/en\\\/shop-en\\\/\"},{\"@type\":\"ListItem\",\"position\":3,\"name\":\"Tower Farm 28 LW\"}]},{\"@type\":\"WebSite\",\"@id\":\"https:\\\/\\\/litrax.ch\\\/en\\\/#website\",\"url\":\"https:\\\/\\\/litrax.ch\\\/en\\\/\",\"name\":\"Litrax - Hydroponische Systeme\",\"description\":\"Erlebe Hydroponik - der erdlose Gartengenuss.\",\"publisher\":{\"@id\":\"https:\\\/\\\/litrax.ch\\\/en\\\/#organization\"},\"alternateName\":\"Litrax\",\"potentialAction\":[{\"@type\":\"SearchAction\",\"target\":{\"@type\":\"EntryPoint\",\"urlTemplate\":\"https:\\\/\\\/litrax.ch\\\/en\\\/?s={search_term_string}\"},\"query-input\":{\"@type\":\"PropertyValueSpecification\",\"valueRequired\":true,\"valueName\":\"search_term_string\"}}],\"inLanguage\":\"en-US\"},{\"@type\":\"Organization\",\"@id\":\"https:\\\/\\\/litrax.ch\\\/en\\\/#organization\",\"name\":\"Litrax - Hydroponische Systeme\",\"alternateName\":\"Litrax\",\"url\":\"https:\\\/\\\/litrax.ch\\\/en\\\/\",\"logo\":{\"@type\":\"ImageObject\",\"inLanguage\":\"en-US\",\"@id\":\"https:\\\/\\\/litrax.ch\\\/en\\\/#\\\/schema\\\/logo\\\/image\\\/\",\"url\":\"https:\\\/\\\/litrax.ch\\\/wp-content\\\/uploads\\\/2024\\\/03\\\/facivon.png\",\"contentUrl\":\"https:\\\/\\\/litrax.ch\\\/wp-content\\\/uploads\\\/2024\\\/03\\\/facivon.png\",\"width\":150,\"height\":150,\"caption\":\"Litrax - Hydroponische Systeme\"},\"image\":{\"@id\":\"https:\\\/\\\/litrax.ch\\\/en\\\/#\\\/schema\\\/logo\\\/image\\\/\"},\"sameAs\":[\"https:\\\/\\\/www.facebook.com\\\/Litrax.ch\",\"https:\\\/\\\/www.instagram.com\\\/litrax.ch\\\/\",\"https:\\\/\\\/www.tiktok.com\\\/@litrax.ch\"],\"description\":\"Willkommen bei Litrax \u2013 Ihrem f\u00fchrenden Online-Shop f\u00fcr hochwertige hydroponische Gartensysteme! Wir bieten eine breite Palette an L\u00f6sungen f\u00fcr Privatpersonen, Restaurants und industrielle Gro\u00dfsysteme, um Ihnen zu helfen, Ihre eigene gr\u00fcne Oase zu schaffen, unabh\u00e4ngig von Ihrem Bedarf oder Ihrer Gr\u00f6\u00dfe. F\u00fcr Haushalte\\\/B\u00fcros: Entdecken Sie die Freude am G\u00e4rtnern in Ihrem eigenen Zuhause mit unseren einfach zu bedienenden hydroponischen Gartensystemen. Egal, ob Sie auf einem Balkon, einer Terrasse oder in Ihrem Wohnzimmer g\u00e4rtnern m\u00f6chten \u2013 wir haben das passende System f\u00fcr Sie. Genie\u00dfen Sie frisches Gem\u00fcse, aromatische Kr\u00e4uter und farbenfrohe Blumen das ganze Jahr \u00fcber, direkt aus Ihrem hydroponischen Garten. F\u00fcr Restaurants: Steigern Sie die Qualit\u00e4t Ihrer Gerichte und beeindrucken Sie Ihre G\u00e4ste mit frischen, geschmacksintensiven Zutaten aus unserem Sortiment an hydroponischen Gartensystemen f\u00fcr den gastronomischen Bereich. Unsere Systeme sind platzsparend, effizient und einfach zu bedienen, so dass Sie Ihre eigenen Zutaten direkt in Ihrer K\u00fcche anbauen k\u00f6nnen. Erleben Sie die Freude an nachhaltigem G\u00e4rtnern und lassen Sie Ihre kulinarischen Kreationen erstrahlen. Industrielle Gro\u00dfsysteme: Optimieren Sie Ihre landwirtschaftliche Produktion mit unseren ma\u00dfgeschneiderten hydroponischen Gro\u00dfsystemen. Von vertikalen Farmen bis hin zu automatisierten Anlagen bieten wir skalierbare L\u00f6sungen f\u00fcr maximale Effizienz und Produktivit\u00e4t. Nutzen Sie die Vorteile der hydroponischen Landwirtschaft, um Ihre Ernteertr\u00e4ge zu steigern, Platz zu sparen und Ressourcen zu optimieren. Erfahren Sie, wie unsere Systeme die Zukunft der industriellen Landwirtschaft gestalten k\u00f6nnen. Bei Litrax legen wir Wert auf Qualit\u00e4t und Kundenzufriedenheit. Unsere Produkte sind sorgf\u00e4ltig ausgew\u00e4hlt, um Ihnen die besten Ergebnisse zu garantieren, und wir bieten sie zu g\u00fcnstigen Preisen an. Dank unseres eigenen Lagers in der Schweiz k\u00f6nnen wir Ihnen eine schnelle Lieferung am n\u00e4chsten Tag garantieren.\",\"legalName\":\"Resyx GmbH\",\"foundingDate\":\"2022-12-22\",\"numberOfEmployees\":{\"@type\":\"QuantitativeValue\",\"minValue\":\"1\",\"maxValue\":\"10\"}}]}<\/script>\n<meta property=\"product:price:amount\" content=\"599.00\" \/>\n<meta property=\"product:price:currency\" content=\"CHF\" \/>\n<meta property=\"og:availability\" content=\"out of stock\" \/>\n<meta property=\"product:availability\" content=\"out of stock\" \/>\n<meta property=\"product:retailer_item_id\" content=\"LX-KIT28-LW\" \/>\n<meta property=\"product:condition\" content=\"new\" \/>\n<!-- \/ Yoast SEO Premium plugin. -->","yoast_head_json":{"title":"Hydroponics tower farm: Vertical cultivation made easy - Litrax - Hydroponische Systeme","description":"Discover the hydroponic tower, modularly expandable from 28 plants! Perfect for fresh vegetables and herbs, can be used anywhere. \ud83c\udf31","robots":{"index":"index","follow":"follow","max-snippet":"max-snippet:-1","max-image-preview":"max-image-preview:large","max-video-preview":"max-video-preview:-1"},"canonical":"https:\/\/litrax.ch\/en\/shop\/tower-farm-28-with-sustainable-natural-materials\/","og_locale":"en_US","og_type":"article","og_title":"Tower Farm 28 LW","og_description":"Discover the hydroponic tower, modularly expandable from 28 plants! Perfect for fresh vegetables and herbs, can be used anywhere. \ud83c\udf31","og_url":"https:\/\/litrax.ch\/en\/shop\/tower-farm-28-with-sustainable-natural-materials\/","og_site_name":"Litrax - Hydroponische Systeme","article_publisher":"https:\/\/www.facebook.com\/Litrax.ch","article_modified_time":"2026-03-24T20:45:25+00:00","og_image":[{"width":2100,"height":2000,"url":"https:\/\/litrax.ch\/wp-content\/uploads\/2025\/10\/Litrax-Turm-Farm-28-LW.png","type":"image\/png"}],"twitter_card":"summary_large_image","twitter_misc":{"Price":"&#67;&#72;&#70;&nbsp;599.00","Availability":"Out of stock"},"schema":{"@context":"https:\/\/schema.org","@graph":[{"@type":"WebPage","@id":"https:\/\/litrax.ch\/en\/shop\/tower-farm-28-with-sustainable-natural-materials\/","url":"https:\/\/litrax.ch\/en\/shop\/tower-farm-28-with-sustainable-natural-materials\/","name":"Hydroponics tower farm: Vertical cultivation made easy - Litrax - Hydroponische Systeme","isPartOf":{"@id":"https:\/\/litrax.ch\/en\/#website"},"primaryImageOfPage":{"@id":"https:\/\/litrax.ch\/en\/shop\/tower-farm-28-with-sustainable-natural-materials\/#primaryimage"},"image":{"@id":"https:\/\/litrax.ch\/en\/shop\/tower-farm-28-with-sustainable-natural-materials\/#primaryimage"},"thumbnailUrl":"https:\/\/litrax.ch\/wp-content\/uploads\/2025\/10\/Litrax-Turm-Farm-28-LW.png","datePublished":"2025-10-24T14:40:01+00:00","dateModified":"2026-03-24T20:45:25+00:00","description":"Discover the hydroponic tower, modularly expandable from 28 plants! Perfect for fresh vegetables and herbs, can be used anywhere. \ud83c\udf31","breadcrumb":{"@id":"https:\/\/litrax.ch\/en\/shop\/tower-farm-28-with-sustainable-natural-materials\/#breadcrumb"},"inLanguage":"en-US","potentialAction":[{"@type":"ReadAction","target":["https:\/\/litrax.ch\/en\/shop\/tower-farm-28-with-sustainable-natural-materials\/"]}]},{"@type":"ImageObject","inLanguage":"en-US","@id":"https:\/\/litrax.ch\/en\/shop\/tower-farm-28-with-sustainable-natural-materials\/#primaryimage","url":"https:\/\/litrax.ch\/wp-content\/uploads\/2025\/10\/Litrax-Turm-Farm-28-LW.png","contentUrl":"https:\/\/litrax.ch\/wp-content\/uploads\/2025\/10\/Litrax-Turm-Farm-28-LW.png","width":2100,"height":2000},{"@type":"BreadcrumbList","@id":"https:\/\/litrax.ch\/en\/shop\/tower-farm-28-with-sustainable-natural-materials\/#breadcrumb","itemListElement":[{"@type":"ListItem","position":1,"name":"Startseite","item":"https:\/\/litrax.ch\/en\/home\/"},{"@type":"ListItem","position":2,"name":"Store","item":"https:\/\/litrax.ch\/en\/shop-en\/"},{"@type":"ListItem","position":3,"name":"Tower Farm 28 LW"}]},{"@type":"WebSite","@id":"https:\/\/litrax.ch\/en\/#website","url":"https:\/\/litrax.ch\/en\/","name":"Litrax - Hydroponische Systeme","description":"Erlebe Hydroponik - der erdlose Gartengenuss.","publisher":{"@id":"https:\/\/litrax.ch\/en\/#organization"},"alternateName":"Litrax","potentialAction":[{"@type":"SearchAction","target":{"@type":"EntryPoint","urlTemplate":"https:\/\/litrax.ch\/en\/?s={search_term_string}"},"query-input":{"@type":"PropertyValueSpecification","valueRequired":true,"valueName":"search_term_string"}}],"inLanguage":"en-US"},{"@type":"Organization","@id":"https:\/\/litrax.ch\/en\/#organization","name":"Litrax - Hydroponische Systeme","alternateName":"Litrax","url":"https:\/\/litrax.ch\/en\/","logo":{"@type":"ImageObject","inLanguage":"en-US","@id":"https:\/\/litrax.ch\/en\/#\/schema\/logo\/image\/","url":"https:\/\/litrax.ch\/wp-content\/uploads\/2024\/03\/facivon.png","contentUrl":"https:\/\/litrax.ch\/wp-content\/uploads\/2024\/03\/facivon.png","width":150,"height":150,"caption":"Litrax - Hydroponische Systeme"},"image":{"@id":"https:\/\/litrax.ch\/en\/#\/schema\/logo\/image\/"},"sameAs":["https:\/\/www.facebook.com\/Litrax.ch","https:\/\/www.instagram.com\/litrax.ch\/","https:\/\/www.tiktok.com\/@litrax.ch"],"description":"Willkommen bei Litrax \u2013 Ihrem f\u00fchrenden Online-Shop f\u00fcr hochwertige hydroponische Gartensysteme! Wir bieten eine breite Palette an L\u00f6sungen f\u00fcr Privatpersonen, Restaurants und industrielle Gro\u00dfsysteme, um Ihnen zu helfen, Ihre eigene gr\u00fcne Oase zu schaffen, unabh\u00e4ngig von Ihrem Bedarf oder Ihrer Gr\u00f6\u00dfe. F\u00fcr Haushalte\/B\u00fcros: Entdecken Sie die Freude am G\u00e4rtnern in Ihrem eigenen Zuhause mit unseren einfach zu bedienenden hydroponischen Gartensystemen. Egal, ob Sie auf einem Balkon, einer Terrasse oder in Ihrem Wohnzimmer g\u00e4rtnern m\u00f6chten \u2013 wir haben das passende System f\u00fcr Sie. Genie\u00dfen Sie frisches Gem\u00fcse, aromatische Kr\u00e4uter und farbenfrohe Blumen das ganze Jahr \u00fcber, direkt aus Ihrem hydroponischen Garten. F\u00fcr Restaurants: Steigern Sie die Qualit\u00e4t Ihrer Gerichte und beeindrucken Sie Ihre G\u00e4ste mit frischen, geschmacksintensiven Zutaten aus unserem Sortiment an hydroponischen Gartensystemen f\u00fcr den gastronomischen Bereich. Unsere Systeme sind platzsparend, effizient und einfach zu bedienen, so dass Sie Ihre eigenen Zutaten direkt in Ihrer K\u00fcche anbauen k\u00f6nnen. Erleben Sie die Freude an nachhaltigem G\u00e4rtnern und lassen Sie Ihre kulinarischen Kreationen erstrahlen. Industrielle Gro\u00dfsysteme: Optimieren Sie Ihre landwirtschaftliche Produktion mit unseren ma\u00dfgeschneiderten hydroponischen Gro\u00dfsystemen. Von vertikalen Farmen bis hin zu automatisierten Anlagen bieten wir skalierbare L\u00f6sungen f\u00fcr maximale Effizienz und Produktivit\u00e4t. Nutzen Sie die Vorteile der hydroponischen Landwirtschaft, um Ihre Ernteertr\u00e4ge zu steigern, Platz zu sparen und Ressourcen zu optimieren. Erfahren Sie, wie unsere Systeme die Zukunft der industriellen Landwirtschaft gestalten k\u00f6nnen. Bei Litrax legen wir Wert auf Qualit\u00e4t und Kundenzufriedenheit. Unsere Produkte sind sorgf\u00e4ltig ausgew\u00e4hlt, um Ihnen die besten Ergebnisse zu garantieren, und wir bieten sie zu g\u00fcnstigen Preisen an. Dank unseres eigenen Lagers in der Schweiz k\u00f6nnen wir Ihnen eine schnelle Lieferung am n\u00e4chsten Tag garantieren.","legalName":"Resyx GmbH","foundingDate":"2022-12-22","numberOfEmployees":{"@type":"QuantitativeValue","minValue":"1","maxValue":"10"}}]},"product_price_amount":"599.00","product_price_currency":"CHF","og_availability":"out of stock","product_availability":"out of stock","product_retailer_item_id":"LX-KIT28-LW","product_condition":"new"},"_links":{"self":[{"href":"https:\/\/litrax.ch\/en\/wp-json\/wp\/v2\/product\/24727","targetHints":{"allow":["GET"]}}],"collection":[{"href":"https:\/\/litrax.ch\/en\/wp-json\/wp\/v2\/product"}],"about":[{"href":"https:\/\/litrax.ch\/en\/wp-json\/wp\/v2\/types\/product"}],"replies":[{"embeddable":true,"href":"https:\/\/litrax.ch\/en\/wp-json\/wp\/v2\/comments?post=24727"}],"wp:featuredmedia":[{"embeddable":true,"href":"https:\/\/litrax.ch\/en\/wp-json\/wp\/v2\/media\/25454"}],"wp:attachment":[{"href":"https:\/\/litrax.ch\/en\/wp-json\/wp\/v2\/media?parent=24727"}],"wp:term":[{"taxonomy":"product_brand","embeddable":true,"href":"https:\/\/litrax.ch\/en\/wp-json\/wp\/v2\/product_brand?post=24727"},{"taxonomy":"product_cat","embeddable":true,"href":"https:\/\/litrax.ch\/en\/wp-json\/wp\/v2\/product_cat?post=24727"},{"taxonomy":"product_tag","embeddable":true,"href":"https:\/\/litrax.ch\/en\/wp-json\/wp\/v2\/product_tag?post=24727"}],"curies":[{"name":"wp","href":"https:\/\/api.w.org\/{rel}","templated":true}]}}