{"id":24767,"date":"2025-10-27T14:53:21","date_gmt":"2025-10-27T14:53:21","guid":{"rendered":"https:\/\/litrax.ch\/?post_type=product&#038;p=24767"},"modified":"2026-03-24T20:44:12","modified_gmt":"2026-03-24T20:44:12","slug":"vertical-garden-tower-50","status":"publish","type":"product","link":"https:\/\/litrax.ch\/en\/shop\/vertical-garden-tower-50\/","title":{"rendered":"Garden Tower 50"},"content":{"rendered":"<h1>The ideal <strong>vertical garden for your home<\/strong><\/h1>\n<p><strong>The Tower 50<\/strong> comes with 10 levels for 50 plants. It contains everything you need to get started with vertical hydroponic growing in 5 minutes! Grow vertically easily and successfully. Turn a corner of your house or balcony into a lush salad, herb or vegetable garden. Or create a bouquet of flowers or roses with the Vertical Garden Tower 50.    <\/p>\n<h2><strong>In the kit you will find:<\/strong><\/h2>\n<p>10x plant containers for up to 50 plants<br \/>\n50x sponge holder<br \/>\n1x 50 liter water tank<br \/>\n1x fuel filler cap<br \/>\n1x water hose for vertical water transport<br \/>\n1x center pole for stable mounting of the plant containers<br \/>\n1x tower cover<br \/>\n1x saucer with wheels<br \/>\n1x irrigation pump<\/p>\n<h2>Why you should choose our tower kit<\/h2>\n<p><strong>Quick and easy to install:  <\/strong><\/p>\n<p>Unpack, assemble the individual parts according to the instructions, fill the tank with water and nutrient Wuxal, connect the pump and off you go!<\/p>\n<p><strong>Saves water and space:  <\/strong><\/p>\n<p>Thanks to its slim design, you use up to 90 % less water. With a tank diameter of just 0.48 cm, the design is such that it fits in practically any corner or even in the kitchen. With a height of 170 cm, the room height is optimally utilized without appearing invasive. You can grow 50 plants in just half a square meter. These are the enormous advantages of a vertical garden in a small space!    <\/p>\n<p><strong>Rich and tasty harvests:  <\/strong><\/p>\n<p>Rediscover the taste of home-grown food and grow it faster and with less effort.<\/p>\n<p><strong>Satisfaction guaranteed:  <\/strong><\/p>\n<p>If you have any questions, please do not hesitate to contact our customer service.<\/p>\n<p><strong>Modularly expandable &#8211; would you like to add more?  <\/strong><\/p>\n<p>The <strong>Tower 50<\/strong> system is modularly expandable! You can combine as many towers as you like. For example, use our <strong>automated water, pH, EC and climate management product NIDO V2<\/strong>. In real time with<strong> app and web control<\/strong>, this becomes a very productive farm on your balcony. Or expand it in the greenhouse.    <\/p>\n<p>From 5 towers you have top-class self-sufficiency, 12 months a year. Add more <strong>Tower 50<\/strong> systems and the <strong>NIDO V2<\/strong> irrigation system to your order now or later and you&#8217;re ready to go. Become a vertical farmer of the latest generation.  <\/p>\n<h2><strong>Tower 50<\/strong> &#8211; the perfect vertical hydroponic garden<\/h2>\n<ul>\n<li>Garden lovers<\/li>\n<li>Families with children<\/li>\n<li>People who live in small apartments<\/li>\n<li>Small organic balconies<\/li>\n<li>Vegan &amp; Vegetarian<\/li>\n<li>Lovers of healthy and organic food<\/li>\n<li>Anyone who wants a little greenery in their home, garden or balcony<\/li>\n<li>Restaurant &amp; bistro owner, for refreshing greenery and relaxation<\/li>\n<li>Public spaces, for greening and embellishment with plants or seasonal flowers<\/li>\n<li>Farmers who want to gradually move into hydroponics<\/li>\n<\/ul>\n<p>Order your <strong>Tower 50<\/strong> set today and create your vertical vegetable garden or a flower garden!<\/p>\n<p>Not only do you get a lush and decorative garden, but you can also enjoy fresh and unadulterated organic vegetables and herbs that you have grown yourself with the vertical tower 50!<\/p>\n<p>Don&#8217;t forget to follow us on our YouTube channel too!<\/p>\n<h2><strong>Raise your cultivation to a new level:<\/strong><\/h2>\n<ul>\n<li><strong>A wide variety of plant species<\/strong><br \/>\nOur tower system is flexible and ideal for leafy vegetables, salads, herbs, flowers and even strawberries.<\/li>\n<li><strong>Full mobility and all-round lighting for high crop yield<\/strong><br \/>\nThanks to the sturdy castors, the tower can be moved easily and used flexibly. Indoors, <strong>our excellent<\/strong> optional <strong>grow lights<\/strong> provide even illumination and promote the healthy, vigorous growth of your plants. This allows you to combine sunlight with extended LED grow lights and produce phenomenally rapid growth. Up to 6 harvests per year become a delicious reality, depending on the plant.   <\/li>\n<li><strong>Minimal water consumption<\/strong><br \/>\nThe 50-liter water tank provides a long-lasting, reliable water supply and saves up to 90 % water compared to traditional farming. The <strong>Wuxal nutrient liquid<\/strong> supplies each plant evenly &#8211; for maximum yields in record time. <\/li>\n<li><strong>Year-round harvest<\/strong><br \/>\nUse the tower system for a continuous harvest, whether outside on sunny balconies, terraces or roofs, or as an indoor solution for year-round cultivation.<\/li>\n<li><strong>High growth speed<\/strong><br \/>\nExperience rapid growth and results up to 5 times faster than with previous cultivation methods &#8211; ideal for anyone who needs high yields in a short time.<\/li>\n<\/ul>\n<hr>\n<h2><strong>Are you planning a larger system?<\/strong><\/h2>\n<p>Contact us for a customized offer. We offer attractive prices for large quantities. There are also special prices for commercial orders. In particular, prices drop considerably for larger quantities. This applies to greenhouses and professional agriculture.    <\/p>\n<p>Experience the future of agriculture with our vertical hydroponic tower range &#8211; efficient, sustainable, robust and space-saving!<\/p>\n","protected":false},"excerpt":{"rendered":"<p>The ideal vertical garden for your home The Tower 50 comes with 10 levels for 50 plants. It contains everything you need to get started with vertical hydroponic growing in 5 minutes! Grow vertically easily and successfully. Turn a corner of your house or balcony into a lush salad, herb or vegetable garden. Or create [&hellip;]<\/p>\n","protected":false},"featured_media":25721,"comment_status":"closed","ping_status":"closed","template":"","meta":[],"product_brand":[],"product_cat":[160,156,105],"product_tag":[1287,756,751,500],"class_list":{"0":"post-24767","1":"product","2":"type-product","3":"status-publish","4":"has-post-thumbnail","6":"product_cat-agriculture","7":"product_cat-gastronomy-industry","8":"product_cat-hydroponics","9":"product_tag-hydroponics-tower","10":"product_tag-indoor-en-2","11":"product_tag-outdoor-en","12":"product_tag-vertical-farm","14":"first","15":"instock","16":"taxable","17":"shipping-taxable","18":"purchasable","19":"product-type-simple"},"yoast_head":"<!-- This site is optimized with the Yoast SEO Premium plugin v26.7 (Yoast SEO v27.4) - https:\/\/yoast.com\/product\/yoast-seo-premium-wordpress\/ -->\n<title>Hydroponics tower farm: Vertical cultivation made easy - Litrax - Hydroponische Systeme<\/title>\n<meta name=\"description\" content=\"Discover the hydroponic tower, modularly expandable up to 50 plants! Perfect for fresh vegetables, salads, flowers and herbs, can be used anywhere. \ud83c\udf31\" \/>\n<meta name=\"robots\" content=\"index, follow, max-snippet:-1, max-image-preview:large, max-video-preview:-1\" \/>\n<link rel=\"canonical\" href=\"https:\/\/litrax.ch\/en\/shop\/vertical-garden-tower-50\/\" \/>\n<meta property=\"og:locale\" content=\"en_US\" \/>\n<meta property=\"og:type\" content=\"article\" \/>\n<meta property=\"og:title\" content=\"Garden Tower 50\" \/>\n<meta property=\"og:description\" content=\"Discover the hydroponic tower, modularly expandable up to 50 plants! Perfect for fresh vegetables, salads, flowers and herbs, can be used anywhere. \ud83c\udf31\" \/>\n<meta property=\"og:url\" content=\"https:\/\/litrax.ch\/en\/shop\/vertical-garden-tower-50\/\" \/>\n<meta property=\"og:site_name\" content=\"Litrax - Hydroponische Systeme\" \/>\n<meta property=\"article:publisher\" content=\"https:\/\/www.facebook.com\/Litrax.ch\" \/>\n<meta property=\"article:modified_time\" content=\"2026-03-24T20:44:12+00:00\" \/>\n<meta property=\"og:image\" content=\"https:\/\/litrax.ch\/wp-content\/uploads\/2025\/10\/LX-TOWER50-HVG.Gartenturm-50-5-e1774357922702.png\" \/>\n\t<meta property=\"og:image:width\" content=\"1800\" \/>\n\t<meta property=\"og:image:height\" content=\"1500\" \/>\n\t<meta property=\"og:image:type\" content=\"image\/png\" \/>\n<meta name=\"twitter:card\" content=\"summary_large_image\" \/>\n<meta name=\"twitter:label1\" content=\"Price\" \/>\n\t<meta name=\"twitter:data1\" content=\"&#067;&#072;&#070;&nbsp;349.00\" \/>\n\t<meta name=\"twitter:label2\" content=\"Availability\" \/>\n\t<meta name=\"twitter:data2\" content=\"In stock\" \/>\n<script type=\"application\/ld+json\" class=\"yoast-schema-graph\">{\"@context\":\"https:\\\/\\\/schema.org\",\"@graph\":[{\"@type\":\"WebPage\",\"@id\":\"https:\\\/\\\/litrax.ch\\\/en\\\/shop\\\/vertical-garden-tower-50\\\/\",\"url\":\"https:\\\/\\\/litrax.ch\\\/en\\\/shop\\\/vertical-garden-tower-50\\\/\",\"name\":\"Hydroponics tower farm: Vertical cultivation made easy - Litrax - Hydroponische Systeme\",\"isPartOf\":{\"@id\":\"https:\\\/\\\/litrax.ch\\\/en\\\/#website\"},\"primaryImageOfPage\":{\"@id\":\"https:\\\/\\\/litrax.ch\\\/en\\\/shop\\\/vertical-garden-tower-50\\\/#primaryimage\"},\"image\":{\"@id\":\"https:\\\/\\\/litrax.ch\\\/en\\\/shop\\\/vertical-garden-tower-50\\\/#primaryimage\"},\"thumbnailUrl\":\"https:\\\/\\\/litrax.ch\\\/wp-content\\\/uploads\\\/2025\\\/10\\\/LX-TOWER50-HVG.Gartenturm-50-5-e1774357922702.png\",\"datePublished\":\"2025-10-27T14:53:21+00:00\",\"dateModified\":\"2026-03-24T20:44:12+00:00\",\"description\":\"Discover the hydroponic tower, modularly expandable up to 50 plants! Perfect for fresh vegetables, salads, flowers and herbs, can be used anywhere. \ud83c\udf31\",\"breadcrumb\":{\"@id\":\"https:\\\/\\\/litrax.ch\\\/en\\\/shop\\\/vertical-garden-tower-50\\\/#breadcrumb\"},\"inLanguage\":\"en-US\",\"potentialAction\":[{\"@type\":\"ReadAction\",\"target\":[\"https:\\\/\\\/litrax.ch\\\/en\\\/shop\\\/vertical-garden-tower-50\\\/\"]}]},{\"@type\":\"ImageObject\",\"inLanguage\":\"en-US\",\"@id\":\"https:\\\/\\\/litrax.ch\\\/en\\\/shop\\\/vertical-garden-tower-50\\\/#primaryimage\",\"url\":\"https:\\\/\\\/litrax.ch\\\/wp-content\\\/uploads\\\/2025\\\/10\\\/LX-TOWER50-HVG.Gartenturm-50-5-e1774357922702.png\",\"contentUrl\":\"https:\\\/\\\/litrax.ch\\\/wp-content\\\/uploads\\\/2025\\\/10\\\/LX-TOWER50-HVG.Gartenturm-50-5-e1774357922702.png\",\"width\":1800,\"height\":1500},{\"@type\":\"BreadcrumbList\",\"@id\":\"https:\\\/\\\/litrax.ch\\\/en\\\/shop\\\/vertical-garden-tower-50\\\/#breadcrumb\",\"itemListElement\":[{\"@type\":\"ListItem\",\"position\":1,\"name\":\"Startseite\",\"item\":\"https:\\\/\\\/litrax.ch\\\/en\\\/home\\\/\"},{\"@type\":\"ListItem\",\"position\":2,\"name\":\"Store\",\"item\":\"https:\\\/\\\/litrax.ch\\\/en\\\/shop-en\\\/\"},{\"@type\":\"ListItem\",\"position\":3,\"name\":\"Garden Tower 50\"}]},{\"@type\":\"WebSite\",\"@id\":\"https:\\\/\\\/litrax.ch\\\/en\\\/#website\",\"url\":\"https:\\\/\\\/litrax.ch\\\/en\\\/\",\"name\":\"Litrax - Hydroponische Systeme\",\"description\":\"Erlebe Hydroponik - der erdlose Gartengenuss.\",\"publisher\":{\"@id\":\"https:\\\/\\\/litrax.ch\\\/en\\\/#organization\"},\"alternateName\":\"Litrax\",\"potentialAction\":[{\"@type\":\"SearchAction\",\"target\":{\"@type\":\"EntryPoint\",\"urlTemplate\":\"https:\\\/\\\/litrax.ch\\\/en\\\/?s={search_term_string}\"},\"query-input\":{\"@type\":\"PropertyValueSpecification\",\"valueRequired\":true,\"valueName\":\"search_term_string\"}}],\"inLanguage\":\"en-US\"},{\"@type\":\"Organization\",\"@id\":\"https:\\\/\\\/litrax.ch\\\/en\\\/#organization\",\"name\":\"Litrax - Hydroponische Systeme\",\"alternateName\":\"Litrax\",\"url\":\"https:\\\/\\\/litrax.ch\\\/en\\\/\",\"logo\":{\"@type\":\"ImageObject\",\"inLanguage\":\"en-US\",\"@id\":\"https:\\\/\\\/litrax.ch\\\/en\\\/#\\\/schema\\\/logo\\\/image\\\/\",\"url\":\"https:\\\/\\\/litrax.ch\\\/wp-content\\\/uploads\\\/2024\\\/03\\\/facivon.png\",\"contentUrl\":\"https:\\\/\\\/litrax.ch\\\/wp-content\\\/uploads\\\/2024\\\/03\\\/facivon.png\",\"width\":150,\"height\":150,\"caption\":\"Litrax - Hydroponische Systeme\"},\"image\":{\"@id\":\"https:\\\/\\\/litrax.ch\\\/en\\\/#\\\/schema\\\/logo\\\/image\\\/\"},\"sameAs\":[\"https:\\\/\\\/www.facebook.com\\\/Litrax.ch\",\"https:\\\/\\\/www.instagram.com\\\/litrax.ch\\\/\",\"https:\\\/\\\/www.tiktok.com\\\/@litrax.ch\"],\"description\":\"Willkommen bei Litrax \u2013 Ihrem f\u00fchrenden Online-Shop f\u00fcr hochwertige hydroponische Gartensysteme! Wir bieten eine breite Palette an L\u00f6sungen f\u00fcr Privatpersonen, Restaurants und industrielle Gro\u00dfsysteme, um Ihnen zu helfen, Ihre eigene gr\u00fcne Oase zu schaffen, unabh\u00e4ngig von Ihrem Bedarf oder Ihrer Gr\u00f6\u00dfe. F\u00fcr Haushalte\\\/B\u00fcros: Entdecken Sie die Freude am G\u00e4rtnern in Ihrem eigenen Zuhause mit unseren einfach zu bedienenden hydroponischen Gartensystemen. Egal, ob Sie auf einem Balkon, einer Terrasse oder in Ihrem Wohnzimmer g\u00e4rtnern m\u00f6chten \u2013 wir haben das passende System f\u00fcr Sie. Genie\u00dfen Sie frisches Gem\u00fcse, aromatische Kr\u00e4uter und farbenfrohe Blumen das ganze Jahr \u00fcber, direkt aus Ihrem hydroponischen Garten. F\u00fcr Restaurants: Steigern Sie die Qualit\u00e4t Ihrer Gerichte und beeindrucken Sie Ihre G\u00e4ste mit frischen, geschmacksintensiven Zutaten aus unserem Sortiment an hydroponischen Gartensystemen f\u00fcr den gastronomischen Bereich. Unsere Systeme sind platzsparend, effizient und einfach zu bedienen, so dass Sie Ihre eigenen Zutaten direkt in Ihrer K\u00fcche anbauen k\u00f6nnen. Erleben Sie die Freude an nachhaltigem G\u00e4rtnern und lassen Sie Ihre kulinarischen Kreationen erstrahlen. Industrielle Gro\u00dfsysteme: Optimieren Sie Ihre landwirtschaftliche Produktion mit unseren ma\u00dfgeschneiderten hydroponischen Gro\u00dfsystemen. Von vertikalen Farmen bis hin zu automatisierten Anlagen bieten wir skalierbare L\u00f6sungen f\u00fcr maximale Effizienz und Produktivit\u00e4t. Nutzen Sie die Vorteile der hydroponischen Landwirtschaft, um Ihre Ernteertr\u00e4ge zu steigern, Platz zu sparen und Ressourcen zu optimieren. Erfahren Sie, wie unsere Systeme die Zukunft der industriellen Landwirtschaft gestalten k\u00f6nnen. Bei Litrax legen wir Wert auf Qualit\u00e4t und Kundenzufriedenheit. Unsere Produkte sind sorgf\u00e4ltig ausgew\u00e4hlt, um Ihnen die besten Ergebnisse zu garantieren, und wir bieten sie zu g\u00fcnstigen Preisen an. Dank unseres eigenen Lagers in der Schweiz k\u00f6nnen wir Ihnen eine schnelle Lieferung am n\u00e4chsten Tag garantieren.\",\"legalName\":\"Resyx GmbH\",\"foundingDate\":\"2022-12-22\",\"numberOfEmployees\":{\"@type\":\"QuantitativeValue\",\"minValue\":\"1\",\"maxValue\":\"10\"}}]}<\/script>\n<meta property=\"product:price:amount\" content=\"349.00\" \/>\n<meta property=\"product:price:currency\" content=\"CHF\" \/>\n<meta property=\"og:availability\" content=\"instock\" \/>\n<meta property=\"product:availability\" content=\"instock\" \/>\n<meta property=\"product:retailer_item_id\" content=\"LX-TOWER50-HVG\" \/>\n<meta property=\"product:condition\" content=\"new\" \/>\n<!-- \/ Yoast SEO Premium plugin. -->","yoast_head_json":{"title":"Hydroponics tower farm: Vertical cultivation made easy - Litrax - Hydroponische Systeme","description":"Discover the hydroponic tower, modularly expandable up to 50 plants! Perfect for fresh vegetables, salads, flowers and herbs, can be used anywhere. \ud83c\udf31","robots":{"index":"index","follow":"follow","max-snippet":"max-snippet:-1","max-image-preview":"max-image-preview:large","max-video-preview":"max-video-preview:-1"},"canonical":"https:\/\/litrax.ch\/en\/shop\/vertical-garden-tower-50\/","og_locale":"en_US","og_type":"article","og_title":"Garden Tower 50","og_description":"Discover the hydroponic tower, modularly expandable up to 50 plants! Perfect for fresh vegetables, salads, flowers and herbs, can be used anywhere. \ud83c\udf31","og_url":"https:\/\/litrax.ch\/en\/shop\/vertical-garden-tower-50\/","og_site_name":"Litrax - Hydroponische Systeme","article_publisher":"https:\/\/www.facebook.com\/Litrax.ch","article_modified_time":"2026-03-24T20:44:12+00:00","og_image":[{"width":1800,"height":1500,"url":"https:\/\/litrax.ch\/wp-content\/uploads\/2025\/10\/LX-TOWER50-HVG.Gartenturm-50-5-e1774357922702.png","type":"image\/png"}],"twitter_card":"summary_large_image","twitter_misc":{"Price":"&#67;&#72;&#70;&nbsp;349.00","Availability":"In stock"},"schema":{"@context":"https:\/\/schema.org","@graph":[{"@type":"WebPage","@id":"https:\/\/litrax.ch\/en\/shop\/vertical-garden-tower-50\/","url":"https:\/\/litrax.ch\/en\/shop\/vertical-garden-tower-50\/","name":"Hydroponics tower farm: Vertical cultivation made easy - Litrax - Hydroponische Systeme","isPartOf":{"@id":"https:\/\/litrax.ch\/en\/#website"},"primaryImageOfPage":{"@id":"https:\/\/litrax.ch\/en\/shop\/vertical-garden-tower-50\/#primaryimage"},"image":{"@id":"https:\/\/litrax.ch\/en\/shop\/vertical-garden-tower-50\/#primaryimage"},"thumbnailUrl":"https:\/\/litrax.ch\/wp-content\/uploads\/2025\/10\/LX-TOWER50-HVG.Gartenturm-50-5-e1774357922702.png","datePublished":"2025-10-27T14:53:21+00:00","dateModified":"2026-03-24T20:44:12+00:00","description":"Discover the hydroponic tower, modularly expandable up to 50 plants! Perfect for fresh vegetables, salads, flowers and herbs, can be used anywhere. \ud83c\udf31","breadcrumb":{"@id":"https:\/\/litrax.ch\/en\/shop\/vertical-garden-tower-50\/#breadcrumb"},"inLanguage":"en-US","potentialAction":[{"@type":"ReadAction","target":["https:\/\/litrax.ch\/en\/shop\/vertical-garden-tower-50\/"]}]},{"@type":"ImageObject","inLanguage":"en-US","@id":"https:\/\/litrax.ch\/en\/shop\/vertical-garden-tower-50\/#primaryimage","url":"https:\/\/litrax.ch\/wp-content\/uploads\/2025\/10\/LX-TOWER50-HVG.Gartenturm-50-5-e1774357922702.png","contentUrl":"https:\/\/litrax.ch\/wp-content\/uploads\/2025\/10\/LX-TOWER50-HVG.Gartenturm-50-5-e1774357922702.png","width":1800,"height":1500},{"@type":"BreadcrumbList","@id":"https:\/\/litrax.ch\/en\/shop\/vertical-garden-tower-50\/#breadcrumb","itemListElement":[{"@type":"ListItem","position":1,"name":"Startseite","item":"https:\/\/litrax.ch\/en\/home\/"},{"@type":"ListItem","position":2,"name":"Store","item":"https:\/\/litrax.ch\/en\/shop-en\/"},{"@type":"ListItem","position":3,"name":"Garden Tower 50"}]},{"@type":"WebSite","@id":"https:\/\/litrax.ch\/en\/#website","url":"https:\/\/litrax.ch\/en\/","name":"Litrax - Hydroponische Systeme","description":"Erlebe Hydroponik - der erdlose Gartengenuss.","publisher":{"@id":"https:\/\/litrax.ch\/en\/#organization"},"alternateName":"Litrax","potentialAction":[{"@type":"SearchAction","target":{"@type":"EntryPoint","urlTemplate":"https:\/\/litrax.ch\/en\/?s={search_term_string}"},"query-input":{"@type":"PropertyValueSpecification","valueRequired":true,"valueName":"search_term_string"}}],"inLanguage":"en-US"},{"@type":"Organization","@id":"https:\/\/litrax.ch\/en\/#organization","name":"Litrax - Hydroponische Systeme","alternateName":"Litrax","url":"https:\/\/litrax.ch\/en\/","logo":{"@type":"ImageObject","inLanguage":"en-US","@id":"https:\/\/litrax.ch\/en\/#\/schema\/logo\/image\/","url":"https:\/\/litrax.ch\/wp-content\/uploads\/2024\/03\/facivon.png","contentUrl":"https:\/\/litrax.ch\/wp-content\/uploads\/2024\/03\/facivon.png","width":150,"height":150,"caption":"Litrax - Hydroponische Systeme"},"image":{"@id":"https:\/\/litrax.ch\/en\/#\/schema\/logo\/image\/"},"sameAs":["https:\/\/www.facebook.com\/Litrax.ch","https:\/\/www.instagram.com\/litrax.ch\/","https:\/\/www.tiktok.com\/@litrax.ch"],"description":"Willkommen bei Litrax \u2013 Ihrem f\u00fchrenden Online-Shop f\u00fcr hochwertige hydroponische Gartensysteme! Wir bieten eine breite Palette an L\u00f6sungen f\u00fcr Privatpersonen, Restaurants und industrielle Gro\u00dfsysteme, um Ihnen zu helfen, Ihre eigene gr\u00fcne Oase zu schaffen, unabh\u00e4ngig von Ihrem Bedarf oder Ihrer Gr\u00f6\u00dfe. F\u00fcr Haushalte\/B\u00fcros: Entdecken Sie die Freude am G\u00e4rtnern in Ihrem eigenen Zuhause mit unseren einfach zu bedienenden hydroponischen Gartensystemen. Egal, ob Sie auf einem Balkon, einer Terrasse oder in Ihrem Wohnzimmer g\u00e4rtnern m\u00f6chten \u2013 wir haben das passende System f\u00fcr Sie. Genie\u00dfen Sie frisches Gem\u00fcse, aromatische Kr\u00e4uter und farbenfrohe Blumen das ganze Jahr \u00fcber, direkt aus Ihrem hydroponischen Garten. F\u00fcr Restaurants: Steigern Sie die Qualit\u00e4t Ihrer Gerichte und beeindrucken Sie Ihre G\u00e4ste mit frischen, geschmacksintensiven Zutaten aus unserem Sortiment an hydroponischen Gartensystemen f\u00fcr den gastronomischen Bereich. Unsere Systeme sind platzsparend, effizient und einfach zu bedienen, so dass Sie Ihre eigenen Zutaten direkt in Ihrer K\u00fcche anbauen k\u00f6nnen. Erleben Sie die Freude an nachhaltigem G\u00e4rtnern und lassen Sie Ihre kulinarischen Kreationen erstrahlen. Industrielle Gro\u00dfsysteme: Optimieren Sie Ihre landwirtschaftliche Produktion mit unseren ma\u00dfgeschneiderten hydroponischen Gro\u00dfsystemen. Von vertikalen Farmen bis hin zu automatisierten Anlagen bieten wir skalierbare L\u00f6sungen f\u00fcr maximale Effizienz und Produktivit\u00e4t. Nutzen Sie die Vorteile der hydroponischen Landwirtschaft, um Ihre Ernteertr\u00e4ge zu steigern, Platz zu sparen und Ressourcen zu optimieren. Erfahren Sie, wie unsere Systeme die Zukunft der industriellen Landwirtschaft gestalten k\u00f6nnen. Bei Litrax legen wir Wert auf Qualit\u00e4t und Kundenzufriedenheit. Unsere Produkte sind sorgf\u00e4ltig ausgew\u00e4hlt, um Ihnen die besten Ergebnisse zu garantieren, und wir bieten sie zu g\u00fcnstigen Preisen an. Dank unseres eigenen Lagers in der Schweiz k\u00f6nnen wir Ihnen eine schnelle Lieferung am n\u00e4chsten Tag garantieren.","legalName":"Resyx GmbH","foundingDate":"2022-12-22","numberOfEmployees":{"@type":"QuantitativeValue","minValue":"1","maxValue":"10"}}]},"product_price_amount":"349.00","product_price_currency":"CHF","og_availability":"instock","product_availability":"instock","product_retailer_item_id":"LX-TOWER50-HVG","product_condition":"new"},"_links":{"self":[{"href":"https:\/\/litrax.ch\/en\/wp-json\/wp\/v2\/product\/24767","targetHints":{"allow":["GET"]}}],"collection":[{"href":"https:\/\/litrax.ch\/en\/wp-json\/wp\/v2\/product"}],"about":[{"href":"https:\/\/litrax.ch\/en\/wp-json\/wp\/v2\/types\/product"}],"replies":[{"embeddable":true,"href":"https:\/\/litrax.ch\/en\/wp-json\/wp\/v2\/comments?post=24767"}],"wp:featuredmedia":[{"embeddable":true,"href":"https:\/\/litrax.ch\/en\/wp-json\/wp\/v2\/media\/25721"}],"wp:attachment":[{"href":"https:\/\/litrax.ch\/en\/wp-json\/wp\/v2\/media?parent=24767"}],"wp:term":[{"taxonomy":"product_brand","embeddable":true,"href":"https:\/\/litrax.ch\/en\/wp-json\/wp\/v2\/product_brand?post=24767"},{"taxonomy":"product_cat","embeddable":true,"href":"https:\/\/litrax.ch\/en\/wp-json\/wp\/v2\/product_cat?post=24767"},{"taxonomy":"product_tag","embeddable":true,"href":"https:\/\/litrax.ch\/en\/wp-json\/wp\/v2\/product_tag?post=24767"}],"curies":[{"name":"wp","href":"https:\/\/api.w.org\/{rel}","templated":true}]}}