{"id":25895,"date":"2026-04-06T13:52:11","date_gmt":"2026-04-06T13:52:11","guid":{"rendered":"https:\/\/litrax.ch\/?post_type=product&#038;p=25895"},"modified":"2026-04-07T12:39:12","modified_gmt":"2026-04-07T12:39:12","slug":"andrea-replenishment-set-30-kopie-kopie","status":"publish","type":"product","link":"https:\/\/litrax.ch\/en\/shop\/andrea-replenishment-set-30-kopie-kopie\/","title":{"rendered":"Hole covers to prevent algae growth"},"content":{"rendered":"<h2>Hole covers to prevent algae growth.<\/h2>\n<p>Covers for unused sponge baskets, e.g. of the RAPHAEL System LX210, to protect the water tank from sun exposure and thus algae growth.<\/p>\n<h3>Compatible with the following systems<\/h3>\n<ul>\n<li>LX202<\/li>\n<li>LX203<\/li>\n<li>LX206<\/li>\n<li>LX208<\/li>\n<li>LX210 (only for the sponge variants <strong>LX210-04-120 <\/strong>and <strong>LX210-04 LED<\/strong>, not for the expanded clay variant LX210-04<strong>-64<\/strong>)<\/li>\n<li>LX211<\/li>\n<li>LX216<\/li>\n<li>LX223<\/li>\n<li>LX229<\/li>\n<li>LX234<\/li>\n<li>LX235<\/li>\n<li>LX244<\/li>\n<li>LX306<\/li>\n<\/ul>\n<p>&nbsp;<\/p>\n","protected":false},"excerpt":{"rendered":"<p>Hole covers to prevent algae growth. Covers for unused sponge baskets, e.g. of the RAPHAEL System LX210, to protect the water tank from sun exposure and thus algae growth. Compatible with the following systems LX202 LX203 LX206 LX208 LX210 (only for the sponge variants LX210-04-120 and LX210-04 LED, not for the expanded clay variant LX210-04-64) [&hellip;]<\/p>\n","protected":false},"featured_media":25980,"comment_status":"open","ping_status":"closed","template":"","meta":[],"product_brand":[],"product_cat":[663,105],"product_tag":[],"class_list":{"0":"post-25895","1":"product","2":"type-product","3":"status-publish","4":"has-post-thumbnail","6":"product_cat-accessories","7":"product_cat-hydroponics","9":"first","10":"instock","11":"taxable","12":"shipping-taxable","13":"purchasable","14":"product-type-simple"},"yoast_head":"<!-- This site is optimized with the Yoast SEO Premium plugin v26.7 (Yoast SEO v27.4) - https:\/\/yoast.com\/product\/yoast-seo-premium-wordpress\/ -->\n<title>Hole covers to prevent algae growth in hydroponic systems<\/title>\n<meta name=\"description\" content=\"Hole covers for unused sponge baskets in Litrax hydroponic systems to protect the tank from sunlight and prevent algae growth.\" \/>\n<meta name=\"robots\" content=\"index, follow, max-snippet:-1, max-image-preview:large, max-video-preview:-1\" \/>\n<link rel=\"canonical\" href=\"https:\/\/litrax.ch\/en\/shop\/andrea-replenishment-set-30-kopie-kopie\/\" \/>\n<meta property=\"og:locale\" content=\"en_US\" \/>\n<meta property=\"og:type\" content=\"article\" \/>\n<meta property=\"og:title\" content=\"Hole covers to prevent algae growth\" \/>\n<meta property=\"og:description\" content=\"Hole covers for unused sponge baskets in Litrax hydroponic systems to protect the tank from sunlight and prevent algae growth.\" \/>\n<meta property=\"og:url\" content=\"https:\/\/litrax.ch\/en\/shop\/andrea-replenishment-set-30-kopie-kopie\/\" \/>\n<meta property=\"og:site_name\" content=\"Litrax - Hydroponische Systeme\" \/>\n<meta property=\"article:publisher\" content=\"https:\/\/www.facebook.com\/Litrax.ch\" \/>\n<meta property=\"article:modified_time\" content=\"2026-04-07T12:39:12+00:00\" \/>\n<meta property=\"og:image\" content=\"https:\/\/litrax.ch\/wp-content\/uploads\/2026\/04\/jpH7M.jpg\" \/>\n\t<meta property=\"og:image:width\" content=\"1408\" \/>\n\t<meta property=\"og:image:height\" content=\"736\" \/>\n\t<meta property=\"og:image:type\" content=\"image\/jpeg\" \/>\n<meta name=\"twitter:card\" content=\"summary_large_image\" \/>\n<meta name=\"twitter:label1\" content=\"Price\" \/>\n\t<meta name=\"twitter:data1\" content=\"&#067;&#072;&#070;&nbsp;1.90\" \/>\n\t<meta name=\"twitter:label2\" content=\"Availability\" \/>\n\t<meta name=\"twitter:data2\" content=\"In stock\" \/>\n<script type=\"application\/ld+json\" class=\"yoast-schema-graph\">{\"@context\":\"https:\\\/\\\/schema.org\",\"@graph\":[{\"@type\":\"WebPage\",\"@id\":\"https:\\\/\\\/litrax.ch\\\/en\\\/shop\\\/andrea-replenishment-set-30-kopie-kopie\\\/\",\"url\":\"https:\\\/\\\/litrax.ch\\\/en\\\/shop\\\/andrea-replenishment-set-30-kopie-kopie\\\/\",\"name\":\"Hole covers to prevent algae growth in hydroponic systems\",\"isPartOf\":{\"@id\":\"https:\\\/\\\/litrax.ch\\\/en\\\/#website\"},\"primaryImageOfPage\":{\"@id\":\"https:\\\/\\\/litrax.ch\\\/en\\\/shop\\\/andrea-replenishment-set-30-kopie-kopie\\\/#primaryimage\"},\"image\":{\"@id\":\"https:\\\/\\\/litrax.ch\\\/en\\\/shop\\\/andrea-replenishment-set-30-kopie-kopie\\\/#primaryimage\"},\"thumbnailUrl\":\"https:\\\/\\\/litrax.ch\\\/wp-content\\\/uploads\\\/2026\\\/04\\\/jpH7M.jpg\",\"datePublished\":\"2026-04-06T13:52:11+00:00\",\"dateModified\":\"2026-04-07T12:39:12+00:00\",\"description\":\"Hole covers for unused sponge baskets in Litrax hydroponic systems to protect the tank from sunlight and prevent algae growth.\",\"breadcrumb\":{\"@id\":\"https:\\\/\\\/litrax.ch\\\/en\\\/shop\\\/andrea-replenishment-set-30-kopie-kopie\\\/#breadcrumb\"},\"inLanguage\":\"en-US\",\"potentialAction\":[{\"@type\":\"ReadAction\",\"target\":[\"https:\\\/\\\/litrax.ch\\\/en\\\/shop\\\/andrea-replenishment-set-30-kopie-kopie\\\/\"]}]},{\"@type\":\"ImageObject\",\"inLanguage\":\"en-US\",\"@id\":\"https:\\\/\\\/litrax.ch\\\/en\\\/shop\\\/andrea-replenishment-set-30-kopie-kopie\\\/#primaryimage\",\"url\":\"https:\\\/\\\/litrax.ch\\\/wp-content\\\/uploads\\\/2026\\\/04\\\/jpH7M.jpg\",\"contentUrl\":\"https:\\\/\\\/litrax.ch\\\/wp-content\\\/uploads\\\/2026\\\/04\\\/jpH7M.jpg\",\"width\":1408,\"height\":736},{\"@type\":\"BreadcrumbList\",\"@id\":\"https:\\\/\\\/litrax.ch\\\/en\\\/shop\\\/andrea-replenishment-set-30-kopie-kopie\\\/#breadcrumb\",\"itemListElement\":[{\"@type\":\"ListItem\",\"position\":1,\"name\":\"Startseite\",\"item\":\"https:\\\/\\\/litrax.ch\\\/en\\\/home\\\/\"},{\"@type\":\"ListItem\",\"position\":2,\"name\":\"Store\",\"item\":\"https:\\\/\\\/litrax.ch\\\/en\\\/shop-en\\\/\"},{\"@type\":\"ListItem\",\"position\":3,\"name\":\"Hole covers to prevent algae growth\"}]},{\"@type\":\"WebSite\",\"@id\":\"https:\\\/\\\/litrax.ch\\\/en\\\/#website\",\"url\":\"https:\\\/\\\/litrax.ch\\\/en\\\/\",\"name\":\"Litrax - Hydroponische Systeme\",\"description\":\"Erlebe Hydroponik - der erdlose Gartengenuss.\",\"publisher\":{\"@id\":\"https:\\\/\\\/litrax.ch\\\/en\\\/#organization\"},\"alternateName\":\"Litrax\",\"potentialAction\":[{\"@type\":\"SearchAction\",\"target\":{\"@type\":\"EntryPoint\",\"urlTemplate\":\"https:\\\/\\\/litrax.ch\\\/en\\\/?s={search_term_string}\"},\"query-input\":{\"@type\":\"PropertyValueSpecification\",\"valueRequired\":true,\"valueName\":\"search_term_string\"}}],\"inLanguage\":\"en-US\"},{\"@type\":\"Organization\",\"@id\":\"https:\\\/\\\/litrax.ch\\\/en\\\/#organization\",\"name\":\"Litrax - Hydroponische Systeme\",\"alternateName\":\"Litrax\",\"url\":\"https:\\\/\\\/litrax.ch\\\/en\\\/\",\"logo\":{\"@type\":\"ImageObject\",\"inLanguage\":\"en-US\",\"@id\":\"https:\\\/\\\/litrax.ch\\\/en\\\/#\\\/schema\\\/logo\\\/image\\\/\",\"url\":\"https:\\\/\\\/litrax.ch\\\/wp-content\\\/uploads\\\/2024\\\/03\\\/facivon.png\",\"contentUrl\":\"https:\\\/\\\/litrax.ch\\\/wp-content\\\/uploads\\\/2024\\\/03\\\/facivon.png\",\"width\":150,\"height\":150,\"caption\":\"Litrax - Hydroponische Systeme\"},\"image\":{\"@id\":\"https:\\\/\\\/litrax.ch\\\/en\\\/#\\\/schema\\\/logo\\\/image\\\/\"},\"sameAs\":[\"https:\\\/\\\/www.facebook.com\\\/Litrax.ch\",\"https:\\\/\\\/www.instagram.com\\\/litrax.ch\\\/\",\"https:\\\/\\\/www.tiktok.com\\\/@litrax.ch\"],\"description\":\"Willkommen bei Litrax \u2013 Ihrem f\u00fchrenden Online-Shop f\u00fcr hochwertige hydroponische Gartensysteme! Wir bieten eine breite Palette an L\u00f6sungen f\u00fcr Privatpersonen, Restaurants und industrielle Gro\u00dfsysteme, um Ihnen zu helfen, Ihre eigene gr\u00fcne Oase zu schaffen, unabh\u00e4ngig von Ihrem Bedarf oder Ihrer Gr\u00f6\u00dfe. F\u00fcr Haushalte\\\/B\u00fcros: Entdecken Sie die Freude am G\u00e4rtnern in Ihrem eigenen Zuhause mit unseren einfach zu bedienenden hydroponischen Gartensystemen. Egal, ob Sie auf einem Balkon, einer Terrasse oder in Ihrem Wohnzimmer g\u00e4rtnern m\u00f6chten \u2013 wir haben das passende System f\u00fcr Sie. Genie\u00dfen Sie frisches Gem\u00fcse, aromatische Kr\u00e4uter und farbenfrohe Blumen das ganze Jahr \u00fcber, direkt aus Ihrem hydroponischen Garten. F\u00fcr Restaurants: Steigern Sie die Qualit\u00e4t Ihrer Gerichte und beeindrucken Sie Ihre G\u00e4ste mit frischen, geschmacksintensiven Zutaten aus unserem Sortiment an hydroponischen Gartensystemen f\u00fcr den gastronomischen Bereich. Unsere Systeme sind platzsparend, effizient und einfach zu bedienen, so dass Sie Ihre eigenen Zutaten direkt in Ihrer K\u00fcche anbauen k\u00f6nnen. Erleben Sie die Freude an nachhaltigem G\u00e4rtnern und lassen Sie Ihre kulinarischen Kreationen erstrahlen. Industrielle Gro\u00dfsysteme: Optimieren Sie Ihre landwirtschaftliche Produktion mit unseren ma\u00dfgeschneiderten hydroponischen Gro\u00dfsystemen. Von vertikalen Farmen bis hin zu automatisierten Anlagen bieten wir skalierbare L\u00f6sungen f\u00fcr maximale Effizienz und Produktivit\u00e4t. Nutzen Sie die Vorteile der hydroponischen Landwirtschaft, um Ihre Ernteertr\u00e4ge zu steigern, Platz zu sparen und Ressourcen zu optimieren. Erfahren Sie, wie unsere Systeme die Zukunft der industriellen Landwirtschaft gestalten k\u00f6nnen. Bei Litrax legen wir Wert auf Qualit\u00e4t und Kundenzufriedenheit. Unsere Produkte sind sorgf\u00e4ltig ausgew\u00e4hlt, um Ihnen die besten Ergebnisse zu garantieren, und wir bieten sie zu g\u00fcnstigen Preisen an. Dank unseres eigenen Lagers in der Schweiz k\u00f6nnen wir Ihnen eine schnelle Lieferung am n\u00e4chsten Tag garantieren.\",\"legalName\":\"Resyx GmbH\",\"foundingDate\":\"2022-12-22\",\"numberOfEmployees\":{\"@type\":\"QuantitativeValue\",\"minValue\":\"1\",\"maxValue\":\"10\"}}]}<\/script>\n<meta property=\"product:price:amount\" content=\"1.90\" \/>\n<meta property=\"product:price:currency\" content=\"CHF\" \/>\n<meta property=\"og:availability\" content=\"instock\" \/>\n<meta property=\"product:availability\" content=\"instock\" \/>\n<meta property=\"product:retailer_item_id\" content=\"LAX210-COV\" \/>\n<meta property=\"product:condition\" content=\"new\" \/>\n<!-- \/ Yoast SEO Premium plugin. -->","yoast_head_json":{"title":"Hole covers to prevent algae growth in hydroponic systems","description":"Hole covers for unused sponge baskets in Litrax hydroponic systems to protect the tank from sunlight and prevent algae growth.","robots":{"index":"index","follow":"follow","max-snippet":"max-snippet:-1","max-image-preview":"max-image-preview:large","max-video-preview":"max-video-preview:-1"},"canonical":"https:\/\/litrax.ch\/en\/shop\/andrea-replenishment-set-30-kopie-kopie\/","og_locale":"en_US","og_type":"article","og_title":"Hole covers to prevent algae growth","og_description":"Hole covers for unused sponge baskets in Litrax hydroponic systems to protect the tank from sunlight and prevent algae growth.","og_url":"https:\/\/litrax.ch\/en\/shop\/andrea-replenishment-set-30-kopie-kopie\/","og_site_name":"Litrax - Hydroponische Systeme","article_publisher":"https:\/\/www.facebook.com\/Litrax.ch","article_modified_time":"2026-04-07T12:39:12+00:00","og_image":[{"width":1408,"height":736,"url":"https:\/\/litrax.ch\/wp-content\/uploads\/2026\/04\/jpH7M.jpg","type":"image\/jpeg"}],"twitter_card":"summary_large_image","twitter_misc":{"Price":"&#67;&#72;&#70;&nbsp;1.90","Availability":"In stock"},"schema":{"@context":"https:\/\/schema.org","@graph":[{"@type":"WebPage","@id":"https:\/\/litrax.ch\/en\/shop\/andrea-replenishment-set-30-kopie-kopie\/","url":"https:\/\/litrax.ch\/en\/shop\/andrea-replenishment-set-30-kopie-kopie\/","name":"Hole covers to prevent algae growth in hydroponic systems","isPartOf":{"@id":"https:\/\/litrax.ch\/en\/#website"},"primaryImageOfPage":{"@id":"https:\/\/litrax.ch\/en\/shop\/andrea-replenishment-set-30-kopie-kopie\/#primaryimage"},"image":{"@id":"https:\/\/litrax.ch\/en\/shop\/andrea-replenishment-set-30-kopie-kopie\/#primaryimage"},"thumbnailUrl":"https:\/\/litrax.ch\/wp-content\/uploads\/2026\/04\/jpH7M.jpg","datePublished":"2026-04-06T13:52:11+00:00","dateModified":"2026-04-07T12:39:12+00:00","description":"Hole covers for unused sponge baskets in Litrax hydroponic systems to protect the tank from sunlight and prevent algae growth.","breadcrumb":{"@id":"https:\/\/litrax.ch\/en\/shop\/andrea-replenishment-set-30-kopie-kopie\/#breadcrumb"},"inLanguage":"en-US","potentialAction":[{"@type":"ReadAction","target":["https:\/\/litrax.ch\/en\/shop\/andrea-replenishment-set-30-kopie-kopie\/"]}]},{"@type":"ImageObject","inLanguage":"en-US","@id":"https:\/\/litrax.ch\/en\/shop\/andrea-replenishment-set-30-kopie-kopie\/#primaryimage","url":"https:\/\/litrax.ch\/wp-content\/uploads\/2026\/04\/jpH7M.jpg","contentUrl":"https:\/\/litrax.ch\/wp-content\/uploads\/2026\/04\/jpH7M.jpg","width":1408,"height":736},{"@type":"BreadcrumbList","@id":"https:\/\/litrax.ch\/en\/shop\/andrea-replenishment-set-30-kopie-kopie\/#breadcrumb","itemListElement":[{"@type":"ListItem","position":1,"name":"Startseite","item":"https:\/\/litrax.ch\/en\/home\/"},{"@type":"ListItem","position":2,"name":"Store","item":"https:\/\/litrax.ch\/en\/shop-en\/"},{"@type":"ListItem","position":3,"name":"Hole covers to prevent algae growth"}]},{"@type":"WebSite","@id":"https:\/\/litrax.ch\/en\/#website","url":"https:\/\/litrax.ch\/en\/","name":"Litrax - Hydroponische Systeme","description":"Erlebe Hydroponik - der erdlose Gartengenuss.","publisher":{"@id":"https:\/\/litrax.ch\/en\/#organization"},"alternateName":"Litrax","potentialAction":[{"@type":"SearchAction","target":{"@type":"EntryPoint","urlTemplate":"https:\/\/litrax.ch\/en\/?s={search_term_string}"},"query-input":{"@type":"PropertyValueSpecification","valueRequired":true,"valueName":"search_term_string"}}],"inLanguage":"en-US"},{"@type":"Organization","@id":"https:\/\/litrax.ch\/en\/#organization","name":"Litrax - Hydroponische Systeme","alternateName":"Litrax","url":"https:\/\/litrax.ch\/en\/","logo":{"@type":"ImageObject","inLanguage":"en-US","@id":"https:\/\/litrax.ch\/en\/#\/schema\/logo\/image\/","url":"https:\/\/litrax.ch\/wp-content\/uploads\/2024\/03\/facivon.png","contentUrl":"https:\/\/litrax.ch\/wp-content\/uploads\/2024\/03\/facivon.png","width":150,"height":150,"caption":"Litrax - Hydroponische Systeme"},"image":{"@id":"https:\/\/litrax.ch\/en\/#\/schema\/logo\/image\/"},"sameAs":["https:\/\/www.facebook.com\/Litrax.ch","https:\/\/www.instagram.com\/litrax.ch\/","https:\/\/www.tiktok.com\/@litrax.ch"],"description":"Willkommen bei Litrax \u2013 Ihrem f\u00fchrenden Online-Shop f\u00fcr hochwertige hydroponische Gartensysteme! Wir bieten eine breite Palette an L\u00f6sungen f\u00fcr Privatpersonen, Restaurants und industrielle Gro\u00dfsysteme, um Ihnen zu helfen, Ihre eigene gr\u00fcne Oase zu schaffen, unabh\u00e4ngig von Ihrem Bedarf oder Ihrer Gr\u00f6\u00dfe. F\u00fcr Haushalte\/B\u00fcros: Entdecken Sie die Freude am G\u00e4rtnern in Ihrem eigenen Zuhause mit unseren einfach zu bedienenden hydroponischen Gartensystemen. Egal, ob Sie auf einem Balkon, einer Terrasse oder in Ihrem Wohnzimmer g\u00e4rtnern m\u00f6chten \u2013 wir haben das passende System f\u00fcr Sie. Genie\u00dfen Sie frisches Gem\u00fcse, aromatische Kr\u00e4uter und farbenfrohe Blumen das ganze Jahr \u00fcber, direkt aus Ihrem hydroponischen Garten. F\u00fcr Restaurants: Steigern Sie die Qualit\u00e4t Ihrer Gerichte und beeindrucken Sie Ihre G\u00e4ste mit frischen, geschmacksintensiven Zutaten aus unserem Sortiment an hydroponischen Gartensystemen f\u00fcr den gastronomischen Bereich. Unsere Systeme sind platzsparend, effizient und einfach zu bedienen, so dass Sie Ihre eigenen Zutaten direkt in Ihrer K\u00fcche anbauen k\u00f6nnen. Erleben Sie die Freude an nachhaltigem G\u00e4rtnern und lassen Sie Ihre kulinarischen Kreationen erstrahlen. Industrielle Gro\u00dfsysteme: Optimieren Sie Ihre landwirtschaftliche Produktion mit unseren ma\u00dfgeschneiderten hydroponischen Gro\u00dfsystemen. Von vertikalen Farmen bis hin zu automatisierten Anlagen bieten wir skalierbare L\u00f6sungen f\u00fcr maximale Effizienz und Produktivit\u00e4t. Nutzen Sie die Vorteile der hydroponischen Landwirtschaft, um Ihre Ernteertr\u00e4ge zu steigern, Platz zu sparen und Ressourcen zu optimieren. Erfahren Sie, wie unsere Systeme die Zukunft der industriellen Landwirtschaft gestalten k\u00f6nnen. Bei Litrax legen wir Wert auf Qualit\u00e4t und Kundenzufriedenheit. Unsere Produkte sind sorgf\u00e4ltig ausgew\u00e4hlt, um Ihnen die besten Ergebnisse zu garantieren, und wir bieten sie zu g\u00fcnstigen Preisen an. Dank unseres eigenen Lagers in der Schweiz k\u00f6nnen wir Ihnen eine schnelle Lieferung am n\u00e4chsten Tag garantieren.","legalName":"Resyx GmbH","foundingDate":"2022-12-22","numberOfEmployees":{"@type":"QuantitativeValue","minValue":"1","maxValue":"10"}}]},"product_price_amount":"1.90","product_price_currency":"CHF","og_availability":"instock","product_availability":"instock","product_retailer_item_id":"LAX210-COV","product_condition":"new"},"_links":{"self":[{"href":"https:\/\/litrax.ch\/en\/wp-json\/wp\/v2\/product\/25895","targetHints":{"allow":["GET"]}}],"collection":[{"href":"https:\/\/litrax.ch\/en\/wp-json\/wp\/v2\/product"}],"about":[{"href":"https:\/\/litrax.ch\/en\/wp-json\/wp\/v2\/types\/product"}],"replies":[{"embeddable":true,"href":"https:\/\/litrax.ch\/en\/wp-json\/wp\/v2\/comments?post=25895"}],"wp:featuredmedia":[{"embeddable":true,"href":"https:\/\/litrax.ch\/en\/wp-json\/wp\/v2\/media\/25980"}],"wp:attachment":[{"href":"https:\/\/litrax.ch\/en\/wp-json\/wp\/v2\/media?parent=25895"}],"wp:term":[{"taxonomy":"product_brand","embeddable":true,"href":"https:\/\/litrax.ch\/en\/wp-json\/wp\/v2\/product_brand?post=25895"},{"taxonomy":"product_cat","embeddable":true,"href":"https:\/\/litrax.ch\/en\/wp-json\/wp\/v2\/product_cat?post=25895"},{"taxonomy":"product_tag","embeddable":true,"href":"https:\/\/litrax.ch\/en\/wp-json\/wp\/v2\/product_tag?post=25895"}],"curies":[{"name":"wp","href":"https:\/\/api.w.org\/{rel}","templated":true}]}}