{"id":18567,"date":"2023-06-28T16:45:45","date_gmt":"2023-06-28T16:45:45","guid":{"rendered":"https:\/\/litrax.ch\/articles\/"},"modified":"2025-12-01T20:42:36","modified_gmt":"2025-12-01T20:42:36","slug":"articles","status":"publish","type":"page","link":"https:\/\/litrax.ch\/fr\/articles\/","title":{"rendered":"Articles"},"content":{"rendered":"\t\t<div data-elementor-type=\"wp-page\" data-elementor-id=\"18567\" class=\"elementor elementor-18567 elementor-2241\" data-elementor-post-type=\"page\">\n\t\t\t\t<div class=\"elementor-element elementor-element-60532da e-flex e-con-boxed e-con e-parent\" data-id=\"60532da\" data-element_type=\"container\" data-e-type=\"container\">\n\t\t\t\t\t<div class=\"e-con-inner\">\n\t\t\t\t<div class=\"elementor-element elementor-element-624d0dc elementor-grid-3 elementor-grid-tablet-2 elementor-grid-mobile-1 elementor-posts--thumbnail-top elementor-card-shadow-yes elementor-posts__hover-gradient elementor-widget elementor-widget-posts\" data-id=\"624d0dc\" data-element_type=\"widget\" data-e-type=\"widget\" data-settings=\"{&quot;cards_columns&quot;:&quot;3&quot;,&quot;cards_columns_tablet&quot;:&quot;2&quot;,&quot;cards_columns_mobile&quot;:&quot;1&quot;,&quot;cards_row_gap&quot;:{&quot;unit&quot;:&quot;px&quot;,&quot;size&quot;:35,&quot;sizes&quot;:[]},&quot;cards_row_gap_tablet&quot;:{&quot;unit&quot;:&quot;px&quot;,&quot;size&quot;:&quot;&quot;,&quot;sizes&quot;:[]},&quot;cards_row_gap_mobile&quot;:{&quot;unit&quot;:&quot;px&quot;,&quot;size&quot;:&quot;&quot;,&quot;sizes&quot;:[]}}\" data-widget_type=\"posts.cards\">\n\t\t\t\t<div class=\"elementor-widget-container\">\n\t\t\t\t\t\t\t<div class=\"elementor-posts-container elementor-posts elementor-posts--skin-cards elementor-grid\" role=\"list\">\n\t\t\t\t<article class=\"elementor-post elementor-grid-item post-20779 post type-post status-publish format-standard has-post-thumbnail hentry category-storie\" role=\"listitem\">\n\t\t\t<div class=\"elementor-post__card\">\n\t\t\t\t<a class=\"elementor-post__thumbnail__link\" href=\"https:\/\/litrax.ch\/fr\/indoor-smart-garden\/\" tabindex=\"-1\" ><div class=\"elementor-post__thumbnail\"><img fetchpriority=\"high\" decoding=\"async\" width=\"300\" height=\"169\" src=\"https:\/\/litrax.ch\/wp-content\/uploads\/2024\/02\/Litrax-LX001-2-300x169.jpg\" class=\"attachment-medium size-medium wp-image-18222\" alt=\"\" srcset=\"https:\/\/litrax.ch\/wp-content\/uploads\/2024\/02\/Litrax-LX001-2-300x169.jpg 300w, https:\/\/litrax.ch\/wp-content\/uploads\/2024\/02\/Litrax-LX001-2-920x518.jpg 920w, https:\/\/litrax.ch\/wp-content\/uploads\/2024\/02\/Litrax-LX001-2-1024x576.jpg 1024w, https:\/\/litrax.ch\/wp-content\/uploads\/2024\/02\/Litrax-LX001-2-768x432.jpg 768w, https:\/\/litrax.ch\/wp-content\/uploads\/2024\/02\/Litrax-LX001-2-1536x864.jpg 1536w, https:\/\/litrax.ch\/wp-content\/uploads\/2024\/02\/Litrax-LX001-2.jpg 2000w\" sizes=\"(max-width: 300px) 100vw, 300px\" \/><\/div><\/a>\n\t\t\t\t<div class=\"elementor-post__text\">\n\t\t\t\t<h1 class=\"elementor-post__title\">\n\t\t\t<a href=\"https:\/\/litrax.ch\/fr\/indoor-smart-garden\/\" >\n\t\t\t\tIndoor Smart Garden\t\t\t<\/a>\n\t\t<\/h1>\n\t\t\t\t\t<div class=\"elementor-post__read-more-wrapper\">\n\t\t\n\t\t<a class=\"elementor-post__read-more\" href=\"https:\/\/litrax.ch\/fr\/indoor-smart-garden\/\" aria-label=\"Read more about Indoor Smart Garden\" tabindex=\"-1\" >\n\t\t\tLire la suite \"\t\t<\/a>\n\n\t\t\t\t\t<\/div>\n\t\t\t\t<\/div>\n\t\t\t\t\t<\/div>\n\t\t<\/article>\n\t\t\t\t<article class=\"elementor-post elementor-grid-item post-19855 post type-post status-publish format-standard has-post-thumbnail hentry category-storie\" role=\"listitem\">\n\t\t\t<div class=\"elementor-post__card\">\n\t\t\t\t<a class=\"elementor-post__thumbnail__link\" href=\"https:\/\/litrax.ch\/fr\/lautosuffisance-a-la-maison-pour-plus-de-durabilite-et-de-plaisir\/\" tabindex=\"-1\" ><div class=\"elementor-post__thumbnail\"><img decoding=\"async\" width=\"300\" height=\"300\" src=\"https:\/\/litrax.ch\/wp-content\/uploads\/2024\/01\/LX210-15-300x300.jpg\" class=\"attachment-medium size-medium wp-image-18030\" alt=\"\" srcset=\"https:\/\/litrax.ch\/wp-content\/uploads\/2024\/01\/LX210-15-300x300.jpg 300w, https:\/\/litrax.ch\/wp-content\/uploads\/2024\/01\/LX210-15-100x100.jpg 100w, https:\/\/litrax.ch\/wp-content\/uploads\/2024\/01\/LX210-15-920x920.jpg 920w, https:\/\/litrax.ch\/wp-content\/uploads\/2024\/01\/LX210-15-1024x1024.jpg 1024w, https:\/\/litrax.ch\/wp-content\/uploads\/2024\/01\/LX210-15-150x150.jpg 150w, https:\/\/litrax.ch\/wp-content\/uploads\/2024\/01\/LX210-15-768x768.jpg 768w, https:\/\/litrax.ch\/wp-content\/uploads\/2024\/01\/LX210-15.jpg 1500w\" sizes=\"(max-width: 300px) 100vw, 300px\" \/><\/div><\/a>\n\t\t\t\t<div class=\"elementor-post__text\">\n\t\t\t\t<h1 class=\"elementor-post__title\">\n\t\t\t<a href=\"https:\/\/litrax.ch\/fr\/lautosuffisance-a-la-maison-pour-plus-de-durabilite-et-de-plaisir\/\" >\n\t\t\t\tL&#8217;autosuffisance \u00e0 la maison &#8211; pour plus de durabilit\u00e9 et de plaisir !\t\t\t<\/a>\n\t\t<\/h1>\n\t\t\t\t\t<div class=\"elementor-post__read-more-wrapper\">\n\t\t\n\t\t<a class=\"elementor-post__read-more\" href=\"https:\/\/litrax.ch\/fr\/lautosuffisance-a-la-maison-pour-plus-de-durabilite-et-de-plaisir\/\" aria-label=\"Read more about L&#8217;autosuffisance \u00e0 la maison &#8211; pour plus de durabilit\u00e9 et de plaisir !\" tabindex=\"-1\" >\n\t\t\tLire la suite \"\t\t<\/a>\n\n\t\t\t\t\t<\/div>\n\t\t\t\t<\/div>\n\t\t\t\t\t<\/div>\n\t\t<\/article>\n\t\t\t\t<article class=\"elementor-post elementor-grid-item post-19467 post type-post status-publish format-standard has-post-thumbnail hentry category-storie\" role=\"listitem\">\n\t\t\t<div class=\"elementor-post__card\">\n\t\t\t\t<a class=\"elementor-post__thumbnail__link\" href=\"https:\/\/litrax.ch\/fr\/videos-hydroponiques\/\" tabindex=\"-1\" ><div class=\"elementor-post__thumbnail\"><img decoding=\"async\" width=\"300\" height=\"200\" src=\"https:\/\/litrax.ch\/wp-content\/uploads\/2024\/02\/Litrax-LX001-flower-300x200.jpg\" class=\"attachment-medium size-medium wp-image-18294\" alt=\"\" srcset=\"https:\/\/litrax.ch\/wp-content\/uploads\/2024\/02\/Litrax-LX001-flower-300x200.jpg 300w, https:\/\/litrax.ch\/wp-content\/uploads\/2024\/02\/Litrax-LX001-flower-550x367.jpg 550w, https:\/\/litrax.ch\/wp-content\/uploads\/2024\/02\/Litrax-LX001-flower-920x614.jpg 920w, https:\/\/litrax.ch\/wp-content\/uploads\/2024\/02\/Litrax-LX001-flower-1024x684.jpg 1024w, https:\/\/litrax.ch\/wp-content\/uploads\/2024\/02\/Litrax-LX001-flower-768x513.jpg 768w, https:\/\/litrax.ch\/wp-content\/uploads\/2024\/02\/Litrax-LX001-flower-1536x1025.jpg 1536w, https:\/\/litrax.ch\/wp-content\/uploads\/2024\/02\/Litrax-LX001-flower.jpg 2000w\" sizes=\"(max-width: 300px) 100vw, 300px\" \/><\/div><\/a>\n\t\t\t\t<div class=\"elementor-post__text\">\n\t\t\t\t<h1 class=\"elementor-post__title\">\n\t\t\t<a href=\"https:\/\/litrax.ch\/fr\/videos-hydroponiques\/\" >\n\t\t\t\tVid\u00e9os hydroponiques\t\t\t<\/a>\n\t\t<\/h1>\n\t\t\t\t\t<div class=\"elementor-post__read-more-wrapper\">\n\t\t\n\t\t<a class=\"elementor-post__read-more\" href=\"https:\/\/litrax.ch\/fr\/videos-hydroponiques\/\" aria-label=\"Read more about Vid\u00e9os hydroponiques\" tabindex=\"-1\" >\n\t\t\tLire la suite \"\t\t<\/a>\n\n\t\t\t\t\t<\/div>\n\t\t\t\t<\/div>\n\t\t\t\t\t<\/div>\n\t\t<\/article>\n\t\t\t\t<article class=\"elementor-post elementor-grid-item post-18646 post type-post status-publish format-standard has-post-thumbnail hentry category-storie\" role=\"listitem\">\n\t\t\t<div class=\"elementor-post__card\">\n\t\t\t\t<a class=\"elementor-post__thumbnail__link\" href=\"https:\/\/litrax.ch\/fr\/etes-vous-le-premier-vainqueur-suisse-du-gault-millau-avec-une-cuisine-de-ferme-verticale-hydroponique-a-linterieur\/\" tabindex=\"-1\" ><div class=\"elementor-post__thumbnail\"><img loading=\"lazy\" decoding=\"async\" width=\"300\" height=\"200\" src=\"https:\/\/litrax.ch\/wp-content\/uploads\/2024\/02\/SceneStartseiteGastro-300x200.jpg\" class=\"attachment-medium size-medium wp-image-17859\" alt=\"\" srcset=\"https:\/\/litrax.ch\/wp-content\/uploads\/2024\/02\/SceneStartseiteGastro-300x200.jpg 300w, https:\/\/litrax.ch\/wp-content\/uploads\/2024\/02\/SceneStartseiteGastro-550x367.jpg 550w, https:\/\/litrax.ch\/wp-content\/uploads\/2024\/02\/SceneStartseiteGastro-920x613.jpg 920w, https:\/\/litrax.ch\/wp-content\/uploads\/2024\/02\/SceneStartseiteGastro-1024x683.jpg 1024w, https:\/\/litrax.ch\/wp-content\/uploads\/2024\/02\/SceneStartseiteGastro-768x512.jpg 768w, https:\/\/litrax.ch\/wp-content\/uploads\/2024\/02\/SceneStartseiteGastro-1536x1024.jpg 1536w, https:\/\/litrax.ch\/wp-content\/uploads\/2024\/02\/SceneStartseiteGastro.jpg 1920w\" sizes=\"(max-width: 300px) 100vw, 300px\" \/><\/div><\/a>\n\t\t\t\t<div class=\"elementor-post__text\">\n\t\t\t\t<h1 class=\"elementor-post__title\">\n\t\t\t<a href=\"https:\/\/litrax.ch\/fr\/etes-vous-le-premier-vainqueur-suisse-du-gault-millau-avec-une-cuisine-de-ferme-verticale-hydroponique-a-linterieur\/\" >\n\t\t\t\t\u00cates-vous le premier laur\u00e9at suisse du Gault-Millau \u00e0 utiliser la cuisine verticale de la ferme ?\t\t\t<\/a>\n\t\t<\/h1>\n\t\t\t\t\t<div class=\"elementor-post__read-more-wrapper\">\n\t\t\n\t\t<a class=\"elementor-post__read-more\" href=\"https:\/\/litrax.ch\/fr\/etes-vous-le-premier-vainqueur-suisse-du-gault-millau-avec-une-cuisine-de-ferme-verticale-hydroponique-a-linterieur\/\" aria-label=\"Read more about \u00cates-vous le premier laur\u00e9at suisse du Gault-Millau \u00e0 utiliser la cuisine verticale de la ferme ?\" tabindex=\"-1\" >\n\t\t\tLire la suite \"\t\t<\/a>\n\n\t\t\t\t\t<\/div>\n\t\t\t\t<\/div>\n\t\t\t\t\t<\/div>\n\t\t<\/article>\n\t\t\t\t<article class=\"elementor-post elementor-grid-item post-20785 post type-post status-publish format-standard has-post-thumbnail hentry category-storie\" role=\"listitem\">\n\t\t\t<div class=\"elementor-post__card\">\n\t\t\t\t<a class=\"elementor-post__thumbnail__link\" href=\"https:\/\/litrax.ch\/fr\/guide-de-lhydroponie-liberez-le-pouvoir-de-la-culture-hors-sol-des-plantes\/\" tabindex=\"-1\" ><div class=\"elementor-post__thumbnail\"><img loading=\"lazy\" decoding=\"async\" width=\"300\" height=\"225\" src=\"https:\/\/litrax.ch\/wp-content\/uploads\/2024\/02\/Litrax-LX001-7-300x225.jpg\" class=\"attachment-medium size-medium wp-image-18230\" alt=\"\" srcset=\"https:\/\/litrax.ch\/wp-content\/uploads\/2024\/02\/Litrax-LX001-7-300x225.jpg 300w, https:\/\/litrax.ch\/wp-content\/uploads\/2024\/02\/Litrax-LX001-7-920x690.jpg 920w, https:\/\/litrax.ch\/wp-content\/uploads\/2024\/02\/Litrax-LX001-7-1024x768.jpg 1024w, https:\/\/litrax.ch\/wp-content\/uploads\/2024\/02\/Litrax-LX001-7-768x576.jpg 768w, https:\/\/litrax.ch\/wp-content\/uploads\/2024\/02\/Litrax-LX001-7-1536x1152.jpg 1536w, https:\/\/litrax.ch\/wp-content\/uploads\/2024\/02\/Litrax-LX001-7.jpg 2000w\" sizes=\"(max-width: 300px) 100vw, 300px\" \/><\/div><\/a>\n\t\t\t\t<div class=\"elementor-post__text\">\n\t\t\t\t<h1 class=\"elementor-post__title\">\n\t\t\t<a href=\"https:\/\/litrax.ch\/fr\/guide-de-lhydroponie-liberez-le-pouvoir-de-la-culture-hors-sol-des-plantes\/\" >\n\t\t\t\tGuide de l&#8217;hydroponie : Lib\u00e9rez le pouvoir de la culture hors-sol des plantes !\t\t\t<\/a>\n\t\t<\/h1>\n\t\t\t\t\t<div class=\"elementor-post__read-more-wrapper\">\n\t\t\n\t\t<a class=\"elementor-post__read-more\" href=\"https:\/\/litrax.ch\/fr\/guide-de-lhydroponie-liberez-le-pouvoir-de-la-culture-hors-sol-des-plantes\/\" aria-label=\"Read more about Guide de l&#8217;hydroponie : Lib\u00e9rez le pouvoir de la culture hors-sol des plantes !\" tabindex=\"-1\" >\n\t\t\tLire la suite \"\t\t<\/a>\n\n\t\t\t\t\t<\/div>\n\t\t\t\t<\/div>\n\t\t\t\t\t<\/div>\n\t\t<\/article>\n\t\t\t\t<article class=\"elementor-post elementor-grid-item post-20770 post type-post status-publish format-standard has-post-thumbnail hentry category-storie\" role=\"listitem\">\n\t\t\t<div class=\"elementor-post__card\">\n\t\t\t\t<a class=\"elementor-post__thumbnail__link\" href=\"https:\/\/litrax.ch\/fr\/les-jardins-dinterieur-hydroponiques-comment-cultiver-sans-effort-des-legumes-frais-chez-vous\/\" tabindex=\"-1\" ><div class=\"elementor-post__thumbnail\"><img loading=\"lazy\" decoding=\"async\" width=\"300\" height=\"300\" src=\"https:\/\/litrax.ch\/wp-content\/uploads\/2023\/12\/LX202B-1-300x300.jpg\" class=\"attachment-medium size-medium wp-image-17970\" alt=\"\" srcset=\"https:\/\/litrax.ch\/wp-content\/uploads\/2023\/12\/LX202B-1-300x300.jpg 300w, https:\/\/litrax.ch\/wp-content\/uploads\/2023\/12\/LX202B-1-100x100.jpg 100w, https:\/\/litrax.ch\/wp-content\/uploads\/2023\/12\/LX202B-1-920x920.jpg 920w, https:\/\/litrax.ch\/wp-content\/uploads\/2023\/12\/LX202B-1-1024x1024.jpg 1024w, https:\/\/litrax.ch\/wp-content\/uploads\/2023\/12\/LX202B-1-150x150.jpg 150w, https:\/\/litrax.ch\/wp-content\/uploads\/2023\/12\/LX202B-1-768x768.jpg 768w, https:\/\/litrax.ch\/wp-content\/uploads\/2023\/12\/LX202B-1.jpg 1500w\" sizes=\"(max-width: 300px) 100vw, 300px\" \/><\/div><\/a>\n\t\t\t\t<div class=\"elementor-post__text\">\n\t\t\t\t<h1 class=\"elementor-post__title\">\n\t\t\t<a href=\"https:\/\/litrax.ch\/fr\/les-jardins-dinterieur-hydroponiques-comment-cultiver-sans-effort-des-legumes-frais-chez-vous\/\" >\n\t\t\t\tLes jardins d&#8217;int\u00e9rieur hydroponiques : Comment cultiver sans effort des l\u00e9gumes frais chez vous !\t\t\t<\/a>\n\t\t<\/h1>\n\t\t\t\t\t<div class=\"elementor-post__read-more-wrapper\">\n\t\t\n\t\t<a class=\"elementor-post__read-more\" href=\"https:\/\/litrax.ch\/fr\/les-jardins-dinterieur-hydroponiques-comment-cultiver-sans-effort-des-legumes-frais-chez-vous\/\" aria-label=\"Read more about Les jardins d&#8217;int\u00e9rieur hydroponiques : Comment cultiver sans effort des l\u00e9gumes frais chez vous !\" tabindex=\"-1\" >\n\t\t\tLire la suite \"\t\t<\/a>\n\n\t\t\t\t\t<\/div>\n\t\t\t\t<\/div>\n\t\t\t\t\t<\/div>\n\t\t<\/article>\n\t\t\t\t<\/div>\n\t\t\n\t\t\t\t\t\t<\/div>\n\t\t\t\t<\/div>\n\t\t\t\t\t<\/div>\n\t\t\t\t<\/div>\n\t\t\t\t<\/div>\n\t\t","protected":false},"excerpt":{"rendered":"","protected":false},"author":1,"featured_media":0,"parent":0,"menu_order":0,"comment_status":"closed","ping_status":"closed","template":"","meta":{"footnotes":""},"class_list":["post-18567","page","type-page","status-publish","hentry"],"yoast_head":"<!-- This site is optimized with the Yoast SEO Premium plugin v26.7 (Yoast SEO v27.4) - https:\/\/yoast.com\/product\/yoast-seo-premium-wordpress\/ -->\n<title>Des histoires qui vous inspirent et vous accompagnent dans le monde de l&#039;hydroponie %%page% - Litrax - Hydroponische Systeme<\/title>\n<meta name=\"description\" content=\"Laissez-vous enchanter par nos histoires d&#039;hydroponie, qui expliquent les avantages pratiques et garantissent un succ\u00e8s rapide.\" \/>\n<meta name=\"robots\" content=\"index, follow, max-snippet:-1, max-image-preview:large, max-video-preview:-1\" \/>\n<link rel=\"canonical\" href=\"https:\/\/litrax.ch\/fr\/articles\/\" \/>\n<meta property=\"og:locale\" content=\"fr_FR\" \/>\n<meta property=\"og:type\" content=\"article\" \/>\n<meta property=\"og:title\" content=\"Articles\" \/>\n<meta property=\"og:description\" content=\"Laissez-vous enchanter par nos histoires d&#039;hydroponie, qui expliquent les avantages pratiques et garantissent un succ\u00e8s rapide.\" \/>\n<meta property=\"og:url\" content=\"https:\/\/litrax.ch\/fr\/articles\/\" \/>\n<meta property=\"og:site_name\" content=\"Litrax - Hydroponische Systeme\" \/>\n<meta property=\"article:publisher\" content=\"https:\/\/www.facebook.com\/Litrax.ch\" \/>\n<meta property=\"article:modified_time\" content=\"2025-12-01T20:42:36+00:00\" \/>\n<meta property=\"og:image\" content=\"https:\/\/litrax.ch\/wp-content\/uploads\/2023\/12\/LX223.small_.png\" \/>\n\t<meta property=\"og:image:width\" content=\"537\" \/>\n\t<meta property=\"og:image:height\" content=\"480\" \/>\n\t<meta property=\"og:image:type\" content=\"image\/png\" \/>\n<meta name=\"twitter:card\" content=\"summary_large_image\" \/>\n<script type=\"application\/ld+json\" class=\"yoast-schema-graph\">{\"@context\":\"https:\\\/\\\/schema.org\",\"@graph\":[{\"@type\":\"WebPage\",\"@id\":\"https:\\\/\\\/litrax.ch\\\/fr\\\/articles\\\/\",\"url\":\"https:\\\/\\\/litrax.ch\\\/fr\\\/articles\\\/\",\"name\":\"Des histoires qui vous inspirent et vous accompagnent dans le monde de l'hydroponie %%page% - Litrax - Hydroponische Systeme\",\"isPartOf\":{\"@id\":\"https:\\\/\\\/litrax.ch\\\/fr\\\/#website\"},\"datePublished\":\"2023-06-28T16:45:45+00:00\",\"dateModified\":\"2025-12-01T20:42:36+00:00\",\"description\":\"Laissez-vous enchanter par nos histoires d'hydroponie, qui expliquent les avantages pratiques et garantissent un succ\u00e8s rapide.\",\"breadcrumb\":{\"@id\":\"https:\\\/\\\/litrax.ch\\\/fr\\\/articles\\\/#breadcrumb\"},\"inLanguage\":\"fr-FR\",\"potentialAction\":[{\"@type\":\"ReadAction\",\"target\":[\"https:\\\/\\\/litrax.ch\\\/fr\\\/articles\\\/\"]}]},{\"@type\":\"BreadcrumbList\",\"@id\":\"https:\\\/\\\/litrax.ch\\\/fr\\\/articles\\\/#breadcrumb\",\"itemListElement\":[{\"@type\":\"ListItem\",\"position\":1,\"name\":\"Startseite\",\"item\":\"https:\\\/\\\/litrax.ch\\\/fr\\\/accueil\\\/\"},{\"@type\":\"ListItem\",\"position\":2,\"name\":\"Articles\"}]},{\"@type\":\"WebSite\",\"@id\":\"https:\\\/\\\/litrax.ch\\\/fr\\\/#website\",\"url\":\"https:\\\/\\\/litrax.ch\\\/fr\\\/\",\"name\":\"Litrax - Hydroponische Systeme\",\"description\":\"Erlebe Hydroponik - der erdlose Gartengenuss.\",\"publisher\":{\"@id\":\"https:\\\/\\\/litrax.ch\\\/fr\\\/#organization\"},\"alternateName\":\"Litrax\",\"potentialAction\":[{\"@type\":\"SearchAction\",\"target\":{\"@type\":\"EntryPoint\",\"urlTemplate\":\"https:\\\/\\\/litrax.ch\\\/fr\\\/?s={search_term_string}\"},\"query-input\":{\"@type\":\"PropertyValueSpecification\",\"valueRequired\":true,\"valueName\":\"search_term_string\"}}],\"inLanguage\":\"fr-FR\"},{\"@type\":\"Organization\",\"@id\":\"https:\\\/\\\/litrax.ch\\\/fr\\\/#organization\",\"name\":\"Litrax - Hydroponische Systeme\",\"alternateName\":\"Litrax\",\"url\":\"https:\\\/\\\/litrax.ch\\\/fr\\\/\",\"logo\":{\"@type\":\"ImageObject\",\"inLanguage\":\"fr-FR\",\"@id\":\"https:\\\/\\\/litrax.ch\\\/fr\\\/#\\\/schema\\\/logo\\\/image\\\/\",\"url\":\"https:\\\/\\\/litrax.ch\\\/wp-content\\\/uploads\\\/2024\\\/03\\\/facivon.png\",\"contentUrl\":\"https:\\\/\\\/litrax.ch\\\/wp-content\\\/uploads\\\/2024\\\/03\\\/facivon.png\",\"width\":150,\"height\":150,\"caption\":\"Litrax - Hydroponische Systeme\"},\"image\":{\"@id\":\"https:\\\/\\\/litrax.ch\\\/fr\\\/#\\\/schema\\\/logo\\\/image\\\/\"},\"sameAs\":[\"https:\\\/\\\/www.facebook.com\\\/Litrax.ch\",\"https:\\\/\\\/www.instagram.com\\\/litrax.ch\\\/\",\"https:\\\/\\\/www.tiktok.com\\\/@litrax.ch\"],\"description\":\"Willkommen bei Litrax \u2013 Ihrem f\u00fchrenden Online-Shop f\u00fcr hochwertige hydroponische Gartensysteme! Wir bieten eine breite Palette an L\u00f6sungen f\u00fcr Privatpersonen, Restaurants und industrielle Gro\u00dfsysteme, um Ihnen zu helfen, Ihre eigene gr\u00fcne Oase zu schaffen, unabh\u00e4ngig von Ihrem Bedarf oder Ihrer Gr\u00f6\u00dfe. F\u00fcr Haushalte\\\/B\u00fcros: Entdecken Sie die Freude am G\u00e4rtnern in Ihrem eigenen Zuhause mit unseren einfach zu bedienenden hydroponischen Gartensystemen. Egal, ob Sie auf einem Balkon, einer Terrasse oder in Ihrem Wohnzimmer g\u00e4rtnern m\u00f6chten \u2013 wir haben das passende System f\u00fcr Sie. Genie\u00dfen Sie frisches Gem\u00fcse, aromatische Kr\u00e4uter und farbenfrohe Blumen das ganze Jahr \u00fcber, direkt aus Ihrem hydroponischen Garten. F\u00fcr Restaurants: Steigern Sie die Qualit\u00e4t Ihrer Gerichte und beeindrucken Sie Ihre G\u00e4ste mit frischen, geschmacksintensiven Zutaten aus unserem Sortiment an hydroponischen Gartensystemen f\u00fcr den gastronomischen Bereich. Unsere Systeme sind platzsparend, effizient und einfach zu bedienen, so dass Sie Ihre eigenen Zutaten direkt in Ihrer K\u00fcche anbauen k\u00f6nnen. Erleben Sie die Freude an nachhaltigem G\u00e4rtnern und lassen Sie Ihre kulinarischen Kreationen erstrahlen. Industrielle Gro\u00dfsysteme: Optimieren Sie Ihre landwirtschaftliche Produktion mit unseren ma\u00dfgeschneiderten hydroponischen Gro\u00dfsystemen. Von vertikalen Farmen bis hin zu automatisierten Anlagen bieten wir skalierbare L\u00f6sungen f\u00fcr maximale Effizienz und Produktivit\u00e4t. Nutzen Sie die Vorteile der hydroponischen Landwirtschaft, um Ihre Ernteertr\u00e4ge zu steigern, Platz zu sparen und Ressourcen zu optimieren. Erfahren Sie, wie unsere Systeme die Zukunft der industriellen Landwirtschaft gestalten k\u00f6nnen. Bei Litrax legen wir Wert auf Qualit\u00e4t und Kundenzufriedenheit. Unsere Produkte sind sorgf\u00e4ltig ausgew\u00e4hlt, um Ihnen die besten Ergebnisse zu garantieren, und wir bieten sie zu g\u00fcnstigen Preisen an. Dank unseres eigenen Lagers in der Schweiz k\u00f6nnen wir Ihnen eine schnelle Lieferung am n\u00e4chsten Tag garantieren.\",\"legalName\":\"Resyx GmbH\",\"foundingDate\":\"2022-12-22\",\"numberOfEmployees\":{\"@type\":\"QuantitativeValue\",\"minValue\":\"1\",\"maxValue\":\"10\"}}]}<\/script>\n<!-- \/ Yoast SEO Premium plugin. -->","yoast_head_json":{"title":"Des histoires qui vous inspirent et vous accompagnent dans le monde de l'hydroponie %%page% - Litrax - Hydroponische Systeme","description":"Laissez-vous enchanter par nos histoires d'hydroponie, qui expliquent les avantages pratiques et garantissent un succ\u00e8s rapide.","robots":{"index":"index","follow":"follow","max-snippet":"max-snippet:-1","max-image-preview":"max-image-preview:large","max-video-preview":"max-video-preview:-1"},"canonical":"https:\/\/litrax.ch\/fr\/articles\/","og_locale":"fr_FR","og_type":"article","og_title":"Articles","og_description":"Laissez-vous enchanter par nos histoires d'hydroponie, qui expliquent les avantages pratiques et garantissent un succ\u00e8s rapide.","og_url":"https:\/\/litrax.ch\/fr\/articles\/","og_site_name":"Litrax - Hydroponische Systeme","article_publisher":"https:\/\/www.facebook.com\/Litrax.ch","article_modified_time":"2025-12-01T20:42:36+00:00","og_image":[{"width":537,"height":480,"url":"https:\/\/litrax.ch\/wp-content\/uploads\/2023\/12\/LX223.small_.png","type":"image\/png"}],"twitter_card":"summary_large_image","schema":{"@context":"https:\/\/schema.org","@graph":[{"@type":"WebPage","@id":"https:\/\/litrax.ch\/fr\/articles\/","url":"https:\/\/litrax.ch\/fr\/articles\/","name":"Des histoires qui vous inspirent et vous accompagnent dans le monde de l'hydroponie %%page% - Litrax - Hydroponische Systeme","isPartOf":{"@id":"https:\/\/litrax.ch\/fr\/#website"},"datePublished":"2023-06-28T16:45:45+00:00","dateModified":"2025-12-01T20:42:36+00:00","description":"Laissez-vous enchanter par nos histoires d'hydroponie, qui expliquent les avantages pratiques et garantissent un succ\u00e8s rapide.","breadcrumb":{"@id":"https:\/\/litrax.ch\/fr\/articles\/#breadcrumb"},"inLanguage":"fr-FR","potentialAction":[{"@type":"ReadAction","target":["https:\/\/litrax.ch\/fr\/articles\/"]}]},{"@type":"BreadcrumbList","@id":"https:\/\/litrax.ch\/fr\/articles\/#breadcrumb","itemListElement":[{"@type":"ListItem","position":1,"name":"Startseite","item":"https:\/\/litrax.ch\/fr\/accueil\/"},{"@type":"ListItem","position":2,"name":"Articles"}]},{"@type":"WebSite","@id":"https:\/\/litrax.ch\/fr\/#website","url":"https:\/\/litrax.ch\/fr\/","name":"Litrax - Hydroponische Systeme","description":"Erlebe Hydroponik - der erdlose Gartengenuss.","publisher":{"@id":"https:\/\/litrax.ch\/fr\/#organization"},"alternateName":"Litrax","potentialAction":[{"@type":"SearchAction","target":{"@type":"EntryPoint","urlTemplate":"https:\/\/litrax.ch\/fr\/?s={search_term_string}"},"query-input":{"@type":"PropertyValueSpecification","valueRequired":true,"valueName":"search_term_string"}}],"inLanguage":"fr-FR"},{"@type":"Organization","@id":"https:\/\/litrax.ch\/fr\/#organization","name":"Litrax - Hydroponische Systeme","alternateName":"Litrax","url":"https:\/\/litrax.ch\/fr\/","logo":{"@type":"ImageObject","inLanguage":"fr-FR","@id":"https:\/\/litrax.ch\/fr\/#\/schema\/logo\/image\/","url":"https:\/\/litrax.ch\/wp-content\/uploads\/2024\/03\/facivon.png","contentUrl":"https:\/\/litrax.ch\/wp-content\/uploads\/2024\/03\/facivon.png","width":150,"height":150,"caption":"Litrax - Hydroponische Systeme"},"image":{"@id":"https:\/\/litrax.ch\/fr\/#\/schema\/logo\/image\/"},"sameAs":["https:\/\/www.facebook.com\/Litrax.ch","https:\/\/www.instagram.com\/litrax.ch\/","https:\/\/www.tiktok.com\/@litrax.ch"],"description":"Willkommen bei Litrax \u2013 Ihrem f\u00fchrenden Online-Shop f\u00fcr hochwertige hydroponische Gartensysteme! Wir bieten eine breite Palette an L\u00f6sungen f\u00fcr Privatpersonen, Restaurants und industrielle Gro\u00dfsysteme, um Ihnen zu helfen, Ihre eigene gr\u00fcne Oase zu schaffen, unabh\u00e4ngig von Ihrem Bedarf oder Ihrer Gr\u00f6\u00dfe. F\u00fcr Haushalte\/B\u00fcros: Entdecken Sie die Freude am G\u00e4rtnern in Ihrem eigenen Zuhause mit unseren einfach zu bedienenden hydroponischen Gartensystemen. Egal, ob Sie auf einem Balkon, einer Terrasse oder in Ihrem Wohnzimmer g\u00e4rtnern m\u00f6chten \u2013 wir haben das passende System f\u00fcr Sie. Genie\u00dfen Sie frisches Gem\u00fcse, aromatische Kr\u00e4uter und farbenfrohe Blumen das ganze Jahr \u00fcber, direkt aus Ihrem hydroponischen Garten. F\u00fcr Restaurants: Steigern Sie die Qualit\u00e4t Ihrer Gerichte und beeindrucken Sie Ihre G\u00e4ste mit frischen, geschmacksintensiven Zutaten aus unserem Sortiment an hydroponischen Gartensystemen f\u00fcr den gastronomischen Bereich. Unsere Systeme sind platzsparend, effizient und einfach zu bedienen, so dass Sie Ihre eigenen Zutaten direkt in Ihrer K\u00fcche anbauen k\u00f6nnen. Erleben Sie die Freude an nachhaltigem G\u00e4rtnern und lassen Sie Ihre kulinarischen Kreationen erstrahlen. Industrielle Gro\u00dfsysteme: Optimieren Sie Ihre landwirtschaftliche Produktion mit unseren ma\u00dfgeschneiderten hydroponischen Gro\u00dfsystemen. Von vertikalen Farmen bis hin zu automatisierten Anlagen bieten wir skalierbare L\u00f6sungen f\u00fcr maximale Effizienz und Produktivit\u00e4t. Nutzen Sie die Vorteile der hydroponischen Landwirtschaft, um Ihre Ernteertr\u00e4ge zu steigern, Platz zu sparen und Ressourcen zu optimieren. Erfahren Sie, wie unsere Systeme die Zukunft der industriellen Landwirtschaft gestalten k\u00f6nnen. Bei Litrax legen wir Wert auf Qualit\u00e4t und Kundenzufriedenheit. Unsere Produkte sind sorgf\u00e4ltig ausgew\u00e4hlt, um Ihnen die besten Ergebnisse zu garantieren, und wir bieten sie zu g\u00fcnstigen Preisen an. Dank unseres eigenen Lagers in der Schweiz k\u00f6nnen wir Ihnen eine schnelle Lieferung am n\u00e4chsten Tag garantieren.","legalName":"Resyx GmbH","foundingDate":"2022-12-22","numberOfEmployees":{"@type":"QuantitativeValue","minValue":"1","maxValue":"10"}}]}},"_links":{"self":[{"href":"https:\/\/litrax.ch\/fr\/wp-json\/wp\/v2\/pages\/18567","targetHints":{"allow":["GET"]}}],"collection":[{"href":"https:\/\/litrax.ch\/fr\/wp-json\/wp\/v2\/pages"}],"about":[{"href":"https:\/\/litrax.ch\/fr\/wp-json\/wp\/v2\/types\/page"}],"author":[{"embeddable":true,"href":"https:\/\/litrax.ch\/fr\/wp-json\/wp\/v2\/users\/1"}],"replies":[{"embeddable":true,"href":"https:\/\/litrax.ch\/fr\/wp-json\/wp\/v2\/comments?post=18567"}],"version-history":[{"count":0,"href":"https:\/\/litrax.ch\/fr\/wp-json\/wp\/v2\/pages\/18567\/revisions"}],"wp:attachment":[{"href":"https:\/\/litrax.ch\/fr\/wp-json\/wp\/v2\/media?parent=18567"}],"curies":[{"name":"wp","href":"https:\/\/api.w.org\/{rel}","templated":true}]}}