{"id":20744,"date":"2024-05-03T13:49:08","date_gmt":"2024-05-03T13:49:08","guid":{"rendered":"https:\/\/litrax.ch\/espace-affilie\/"},"modified":"2025-12-01T20:37:31","modified_gmt":"2025-12-01T20:37:31","slug":"espace-affilie","status":"publish","type":"page","link":"https:\/\/litrax.ch\/fr\/espace-affilie\/","title":{"rendered":"Espace partenaires"},"content":{"rendered":"\t\t<div data-elementor-type=\"wp-page\" data-elementor-id=\"20744\" class=\"elementor elementor-20744 elementor-19667\" data-elementor-post-type=\"page\">\n\t\t\t\t<div class=\"elementor-element elementor-element-2bbfc28f e-flex e-con-boxed e-con e-parent\" data-id=\"2bbfc28f\" data-element_type=\"container\" data-e-type=\"container\">\n\t\t\t\t\t<div class=\"e-con-inner\">\n\t\t\t\t<div class=\"elementor-element elementor-element-49c5726 elementor-widget elementor-widget-image\" data-id=\"49c5726\" data-element_type=\"widget\" data-e-type=\"widget\" data-widget_type=\"image.default\">\n\t\t\t\t<div class=\"elementor-widget-container\">\n\t\t\t\t\t\t\t\t\t\t\t\t\t\t\t<img decoding=\"async\" src=\"https:\/\/litrax.ch\/wp-content\/uploads\/elementor\/thumbs\/IMG_20250724_161525-scaled-e1760548191224-rd948r2os9fd1wtt258la7wgcws2iiia8u6aqlxuh0.jpg\" title=\"Litrax Urban Gardening\" alt=\"Litrax Urban Gardening\" loading=\"lazy\" \/>\t\t\t\t\t\t\t\t\t\t\t\t\t\t\t<\/div>\n\t\t\t\t<\/div>\n\t\t\t\t<div class=\"elementor-element elementor-element-a231dc5 elementor-widget elementor-widget-spacer\" data-id=\"a231dc5\" data-element_type=\"widget\" data-e-type=\"widget\" data-widget_type=\"spacer.default\">\n\t\t\t\t<div class=\"elementor-widget-container\">\n\t\t\t\t\t\t\t<div class=\"elementor-spacer\">\n\t\t\t<div class=\"elementor-spacer-inner\"><\/div>\n\t\t<\/div>\n\t\t\t\t\t\t<\/div>\n\t\t\t\t<\/div>\n\t\t\t\t<div class=\"elementor-element elementor-element-48eb518 elementor-widget elementor-widget-heading\" data-id=\"48eb518\" data-element_type=\"widget\" data-e-type=\"widget\" data-widget_type=\"heading.default\">\n\t\t\t\t<div class=\"elementor-widget-container\">\n\t\t\t\t\t<h1 class=\"elementor-heading-title elementor-size-default\">Notre programme d'influence et d'affiliation<\/h1>\t\t\t\t<\/div>\n\t\t\t\t<\/div>\n\t\t\t\t<div class=\"elementor-element elementor-element-4992b6cb elementor-widget elementor-widget-text-editor\" data-id=\"4992b6cb\" data-element_type=\"widget\" data-e-type=\"widget\" data-widget_type=\"text-editor.default\">\n\t\t\t\t<div class=\"elementor-widget-container\">\n\t\t\t\t\t\t\t\t\t<h4 style=\"text-align: center;\">Participez \u00e0 notre programme d&#8217;affiliation &#8211; gagnez beaucoup d&#8217;argent et grandissez rapidement !<\/h4><h2>Pourquoi travailler avec nous ?<\/h2><p>Rejoignez notre r\u00e9seau de partenaires florissant et transformez votre influence en revenus ! Que vous soyez un influenceur, un commer\u00e7ant ou un cr\u00e9ateur de contenu, notre programme d&#8217;affiliation est con\u00e7u pour maximiser votre potentiel de revenus gr\u00e2ce \u00e0 des commissions \u00e0 la pointe du secteur, des avantages exclusifs et un produit qui se vend pratiquement tout seul. <\/p><ul><li><strong>Des commissions \u00e9lev\u00e9es :<\/strong> Gagnez jusqu&#8217;\u00e0 <strong>20% de commission<\/strong> sur chaque vente g\u00e9n\u00e9r\u00e9e par votre lien d&#8217;affiliation unique.<\/li><li><strong>Revenus r\u00e9currents :<\/strong> Activer les paiements r\u00e9currents pour les recommandations bas\u00e9es sur l&#8217;abonnement.<\/li><li><strong>Marque de confiance :<\/strong> faites la promotion d&#8217;un produit de style de vie r\u00e9volutionnaire, aim\u00e9 par des milliers de personnes et soutenu par une entreprise de renom.<\/li><li><strong>Suivi en temps r\u00e9el :<\/strong> acc\u00e9dez \u00e0 un tableau de bord facile \u00e0 utiliser pour surveiller les clics, les conversions et les revenus en temps r\u00e9el.<\/li><\/ul><ul><li><strong>Assistance marketing :<\/strong> acc\u00e9dez \u00e0 des banni\u00e8res hautement convertibles, \u00e0 des mod\u00e8les d&#8217;e-mails et \u00e0 des ressources pour les m\u00e9dias sociaux afin de faire de la publicit\u00e9 sans effort.<\/li><\/ul><h2>Qui peut participer ?<\/h2><p>Notre programme est parfait pour :<\/p><ul><li><strong>Influenceurs<\/strong> avec des audiences engag\u00e9es sur les m\u00e9dias sociaux, YouTube ou les blogs.<\/li><\/ul><ul><li><strong>Les distributeurs<\/strong> qui souhaitent \u00e9largir leur offre de produits avec une solution tr\u00e8s demand\u00e9e dans le domaine <span style=\"color: #3366ff;\">du style de vie, du jardinage, des jardiniers urbains, de l&#8217;agriculture verticale ou de la gastronomie<\/span>.<\/li><\/ul><ul><li><strong>Les cr\u00e9ateurs de contenu<\/strong> qui souhaitent mon\u00e9tiser leurs plateformes avec un partenaire de confiance.<\/li><\/ul><p>Quelle que soit votre niche &#8211; technologie, style de vie, finance ou autre &#8211; notre produit s&#8217;adresse \u00e0 un public B2C et B2B vari\u00e9, ce qui le rend facile \u00e0 promouvoir et \u00e0 gagner.<\/p><h2>Voici comment cela fonctionne<\/h2><ul><li style=\"list-style-type: none;\"><ul><li><strong>Inscrivez-vous :<\/strong> Inscrivez-vous \u00e0 notre <strong>programme d&#8217;affiliation 2026<\/strong> en quelques minutes gr\u00e2ce \u00e0 notre proc\u00e9dure d&#8217;inscription simple.<\/li><\/ul><\/li><\/ul><ul><li><strong>Promouvoir :<\/strong> Partagez votre lien d&#8217;affiliation unique via votre site web.<\/li><\/ul><ul><li><strong>Gagnez de l&#8217;argent :<\/strong> vous \u00eates pay\u00e9 pour chaque vente effectu\u00e9e via votre lien, les paiements \u00e9tant mensuels.<\/li><\/ul><h2>Avantages exclusifs pour les meilleurs performers<\/h2><ul><li style=\"list-style-type: none;\"><ul><li><strong>Niveaux de bonus :<\/strong> Atteignez des objectifs de vente pour d\u00e9bloquer des taux de commission plus \u00e9lev\u00e9s et des bonus en esp\u00e8ces.<\/li><\/ul><\/li><\/ul><ul><li><strong>Support d\u00e9di\u00e9 :<\/strong> recevez un support personnalis\u00e9 de notre \u00e9quipe de gestion des affili\u00e9s.<\/li><\/ul><ul><li><strong>Acc\u00e8s pr\u00e9coce :<\/strong> soyez le premier \u00e0 promouvoir les nouveaux produits et campagnes d&#8217;aquaponie et de style de vie hydroponique.<\/li><\/ul><h2>Ce que disent nos affili\u00e9s<\/h2><blockquote><p><strong><em><span style=\"color: #800000;\">&#8220;C&#8217;est sans aucun doute le meilleur programme d&#8217;affiliation auquel j&#8217;ai particip\u00e9. Les commissions sont g\u00e9n\u00e9reuses et l&#8217;\u00e9quipe d&#8217;assistance est incroyable !&#8221; <\/span><\/em><\/strong>&#8211; Sarah, blogueuse lifestyle<\/p><\/blockquote><blockquote><p><strong><em><span style=\"color: #333399;\">&#8220;En tant que distributeur, l&#8217;ajout des syst\u00e8mes hydroponiques \u00e0 mon portefeuille a tout chang\u00e9. Mes clients adorent et mes revenus ne cessent d&#8217;augmenter !&#8221;<\/span> <\/em><\/strong>&#8211; Mark, distributeur en ligne<\/p><\/blockquote><h2>\u00cates-vous pr\u00eat \u00e0 gagner plus d&#8217;argent ?<\/h2><p>Rejoignez notre programme d&#8217;affiliation <strong>d\u00e8s aujourd&#8217;hui<\/strong> et cr\u00e9ez une source de revenus suppl\u00e9mentaires avec un partenaire en qui vous avez confiance. Cliquez ci-dessous pour vous inscrire et recevoir votre lien d&#8217;affiliation personnalis\u00e9 ! <\/p><p><a href=\"https:\/\/litrax.ch\/fr\/contact\/\"><strong>Rejoignez maintenant | En savoir plus<\/strong><\/a><\/p>\t\t\t\t\t\t\t\t<\/div>\n\t\t\t\t<\/div>\n\t\t\t\t\t<\/div>\n\t\t\t\t<\/div>\n\t\t\t\t<\/div>\n\t\t","protected":false},"excerpt":{"rendered":"<p>Notre programme d&#8217;influence et d&#8217;affiliation Participez \u00e0 notre programme d&#8217;affiliation &#8211; gagnez beaucoup d&#8217;argent et grandissez rapidement ! Pourquoi travailler avec nous ? Rejoignez notre r\u00e9seau de partenaires florissant et transformez votre influence en revenus ! Que vous soyez un influenceur, un commer\u00e7ant ou un cr\u00e9ateur de contenu, notre programme d&#8217;affiliation est con\u00e7u pour maximiser [&hellip;]<\/p>\n","protected":false},"author":1,"featured_media":0,"parent":0,"menu_order":0,"comment_status":"closed","ping_status":"closed","template":"","meta":{"footnotes":""},"class_list":["post-20744","page","type-page","status-publish","hentry"],"yoast_head":"<!-- This site is optimized with the Yoast SEO Premium plugin v26.7 (Yoast SEO v27.4) - https:\/\/yoast.com\/product\/yoast-seo-premium-wordpress\/ -->\n<title>Commissions - Distributeurs et programme d&#039;affiliation de Litrax Hydroponique<\/title>\n<meta name=\"description\" content=\"Rejoignez notre programme de commer\u00e7ants et d&#039;affili\u00e9s et gagnez des commissions int\u00e9ressantes - Commencez simplement et profitez !\" \/>\n<meta name=\"robots\" content=\"index, follow, max-snippet:-1, max-image-preview:large, max-video-preview:-1\" \/>\n<link rel=\"canonical\" href=\"https:\/\/litrax.ch\/fr\/espace-affilie\/\" \/>\n<meta property=\"og:locale\" content=\"fr_FR\" \/>\n<meta property=\"og:type\" content=\"article\" \/>\n<meta property=\"og:title\" content=\"Espace partenaires\" \/>\n<meta property=\"og:description\" content=\"Rejoignez notre programme de commer\u00e7ants et d&#039;affili\u00e9s et gagnez des commissions int\u00e9ressantes - Commencez simplement et profitez !\" \/>\n<meta property=\"og:url\" content=\"https:\/\/litrax.ch\/fr\/espace-affilie\/\" \/>\n<meta property=\"og:site_name\" content=\"Litrax - Hydroponische Systeme\" \/>\n<meta property=\"article:publisher\" content=\"https:\/\/www.facebook.com\/Litrax.ch\" \/>\n<meta property=\"article:modified_time\" content=\"2025-12-01T20:37:31+00:00\" \/>\n<meta property=\"og:image\" content=\"https:\/\/litrax.ch\/wp-content\/uploads\/elementor\/thumbs\/IMG_20250724_161525-scaled-e1760548191224-rd948r2os9fd1wtt258la7wgcws2iiia8u6aqlxuh0.jpg\" \/>\n<meta name=\"twitter:card\" content=\"summary_large_image\" \/>\n<meta name=\"twitter:label1\" content=\"Dur\u00e9e de lecture estim\u00e9e\" \/>\n\t<meta name=\"twitter:data1\" content=\"3 minutes\" \/>\n<script type=\"application\/ld+json\" class=\"yoast-schema-graph\">{\"@context\":\"https:\\\/\\\/schema.org\",\"@graph\":[{\"@type\":\"WebPage\",\"@id\":\"https:\\\/\\\/litrax.ch\\\/fr\\\/espace-affilie\\\/\",\"url\":\"https:\\\/\\\/litrax.ch\\\/fr\\\/espace-affilie\\\/\",\"name\":\"Commissions - Distributeurs et programme d'affiliation de Litrax Hydroponique\",\"isPartOf\":{\"@id\":\"https:\\\/\\\/litrax.ch\\\/fr\\\/#website\"},\"primaryImageOfPage\":{\"@id\":\"https:\\\/\\\/litrax.ch\\\/fr\\\/espace-affilie\\\/#primaryimage\"},\"image\":{\"@id\":\"https:\\\/\\\/litrax.ch\\\/fr\\\/espace-affilie\\\/#primaryimage\"},\"thumbnailUrl\":\"https:\\\/\\\/litrax.ch\\\/wp-content\\\/uploads\\\/elementor\\\/thumbs\\\/IMG_20250724_161525-scaled-e1760548191224-rd948r2os9fd1wtt258la7wgcws2iiia8u6aqlxuh0.jpg\",\"datePublished\":\"2024-05-03T13:49:08+00:00\",\"dateModified\":\"2025-12-01T20:37:31+00:00\",\"description\":\"Rejoignez notre programme de commer\u00e7ants et d'affili\u00e9s et gagnez des commissions int\u00e9ressantes - Commencez simplement et profitez !\",\"breadcrumb\":{\"@id\":\"https:\\\/\\\/litrax.ch\\\/fr\\\/espace-affilie\\\/#breadcrumb\"},\"inLanguage\":\"fr-FR\",\"potentialAction\":[{\"@type\":\"ReadAction\",\"target\":[\"https:\\\/\\\/litrax.ch\\\/fr\\\/espace-affilie\\\/\"]}]},{\"@type\":\"ImageObject\",\"inLanguage\":\"fr-FR\",\"@id\":\"https:\\\/\\\/litrax.ch\\\/fr\\\/espace-affilie\\\/#primaryimage\",\"url\":\"https:\\\/\\\/litrax.ch\\\/wp-content\\\/uploads\\\/elementor\\\/thumbs\\\/IMG_20250724_161525-scaled-e1760548191224-rd948r2os9fd1wtt258la7wgcws2iiia8u6aqlxuh0.jpg\",\"contentUrl\":\"https:\\\/\\\/litrax.ch\\\/wp-content\\\/uploads\\\/elementor\\\/thumbs\\\/IMG_20250724_161525-scaled-e1760548191224-rd948r2os9fd1wtt258la7wgcws2iiia8u6aqlxuh0.jpg\"},{\"@type\":\"BreadcrumbList\",\"@id\":\"https:\\\/\\\/litrax.ch\\\/fr\\\/espace-affilie\\\/#breadcrumb\",\"itemListElement\":[{\"@type\":\"ListItem\",\"position\":1,\"name\":\"Startseite\",\"item\":\"https:\\\/\\\/litrax.ch\\\/fr\\\/accueil\\\/\"},{\"@type\":\"ListItem\",\"position\":2,\"name\":\"Espace partenaires\"}]},{\"@type\":\"WebSite\",\"@id\":\"https:\\\/\\\/litrax.ch\\\/fr\\\/#website\",\"url\":\"https:\\\/\\\/litrax.ch\\\/fr\\\/\",\"name\":\"Litrax - Hydroponische Systeme\",\"description\":\"Erlebe Hydroponik - der erdlose Gartengenuss.\",\"publisher\":{\"@id\":\"https:\\\/\\\/litrax.ch\\\/fr\\\/#organization\"},\"alternateName\":\"Litrax\",\"potentialAction\":[{\"@type\":\"SearchAction\",\"target\":{\"@type\":\"EntryPoint\",\"urlTemplate\":\"https:\\\/\\\/litrax.ch\\\/fr\\\/?s={search_term_string}\"},\"query-input\":{\"@type\":\"PropertyValueSpecification\",\"valueRequired\":true,\"valueName\":\"search_term_string\"}}],\"inLanguage\":\"fr-FR\"},{\"@type\":\"Organization\",\"@id\":\"https:\\\/\\\/litrax.ch\\\/fr\\\/#organization\",\"name\":\"Litrax - Hydroponische Systeme\",\"alternateName\":\"Litrax\",\"url\":\"https:\\\/\\\/litrax.ch\\\/fr\\\/\",\"logo\":{\"@type\":\"ImageObject\",\"inLanguage\":\"fr-FR\",\"@id\":\"https:\\\/\\\/litrax.ch\\\/fr\\\/#\\\/schema\\\/logo\\\/image\\\/\",\"url\":\"https:\\\/\\\/litrax.ch\\\/wp-content\\\/uploads\\\/2024\\\/03\\\/facivon.png\",\"contentUrl\":\"https:\\\/\\\/litrax.ch\\\/wp-content\\\/uploads\\\/2024\\\/03\\\/facivon.png\",\"width\":150,\"height\":150,\"caption\":\"Litrax - Hydroponische Systeme\"},\"image\":{\"@id\":\"https:\\\/\\\/litrax.ch\\\/fr\\\/#\\\/schema\\\/logo\\\/image\\\/\"},\"sameAs\":[\"https:\\\/\\\/www.facebook.com\\\/Litrax.ch\",\"https:\\\/\\\/www.instagram.com\\\/litrax.ch\\\/\",\"https:\\\/\\\/www.tiktok.com\\\/@litrax.ch\"],\"description\":\"Willkommen bei Litrax \u2013 Ihrem f\u00fchrenden Online-Shop f\u00fcr hochwertige hydroponische Gartensysteme! Wir bieten eine breite Palette an L\u00f6sungen f\u00fcr Privatpersonen, Restaurants und industrielle Gro\u00dfsysteme, um Ihnen zu helfen, Ihre eigene gr\u00fcne Oase zu schaffen, unabh\u00e4ngig von Ihrem Bedarf oder Ihrer Gr\u00f6\u00dfe. F\u00fcr Haushalte\\\/B\u00fcros: Entdecken Sie die Freude am G\u00e4rtnern in Ihrem eigenen Zuhause mit unseren einfach zu bedienenden hydroponischen Gartensystemen. Egal, ob Sie auf einem Balkon, einer Terrasse oder in Ihrem Wohnzimmer g\u00e4rtnern m\u00f6chten \u2013 wir haben das passende System f\u00fcr Sie. Genie\u00dfen Sie frisches Gem\u00fcse, aromatische Kr\u00e4uter und farbenfrohe Blumen das ganze Jahr \u00fcber, direkt aus Ihrem hydroponischen Garten. F\u00fcr Restaurants: Steigern Sie die Qualit\u00e4t Ihrer Gerichte und beeindrucken Sie Ihre G\u00e4ste mit frischen, geschmacksintensiven Zutaten aus unserem Sortiment an hydroponischen Gartensystemen f\u00fcr den gastronomischen Bereich. Unsere Systeme sind platzsparend, effizient und einfach zu bedienen, so dass Sie Ihre eigenen Zutaten direkt in Ihrer K\u00fcche anbauen k\u00f6nnen. Erleben Sie die Freude an nachhaltigem G\u00e4rtnern und lassen Sie Ihre kulinarischen Kreationen erstrahlen. Industrielle Gro\u00dfsysteme: Optimieren Sie Ihre landwirtschaftliche Produktion mit unseren ma\u00dfgeschneiderten hydroponischen Gro\u00dfsystemen. Von vertikalen Farmen bis hin zu automatisierten Anlagen bieten wir skalierbare L\u00f6sungen f\u00fcr maximale Effizienz und Produktivit\u00e4t. Nutzen Sie die Vorteile der hydroponischen Landwirtschaft, um Ihre Ernteertr\u00e4ge zu steigern, Platz zu sparen und Ressourcen zu optimieren. Erfahren Sie, wie unsere Systeme die Zukunft der industriellen Landwirtschaft gestalten k\u00f6nnen. Bei Litrax legen wir Wert auf Qualit\u00e4t und Kundenzufriedenheit. Unsere Produkte sind sorgf\u00e4ltig ausgew\u00e4hlt, um Ihnen die besten Ergebnisse zu garantieren, und wir bieten sie zu g\u00fcnstigen Preisen an. Dank unseres eigenen Lagers in der Schweiz k\u00f6nnen wir Ihnen eine schnelle Lieferung am n\u00e4chsten Tag garantieren.\",\"legalName\":\"Resyx GmbH\",\"foundingDate\":\"2022-12-22\",\"numberOfEmployees\":{\"@type\":\"QuantitativeValue\",\"minValue\":\"1\",\"maxValue\":\"10\"}}]}<\/script>\n<!-- \/ Yoast SEO Premium plugin. -->","yoast_head_json":{"title":"Commissions - Distributeurs et programme d'affiliation de Litrax Hydroponique","description":"Rejoignez notre programme de commer\u00e7ants et d'affili\u00e9s et gagnez des commissions int\u00e9ressantes - Commencez simplement et profitez !","robots":{"index":"index","follow":"follow","max-snippet":"max-snippet:-1","max-image-preview":"max-image-preview:large","max-video-preview":"max-video-preview:-1"},"canonical":"https:\/\/litrax.ch\/fr\/espace-affilie\/","og_locale":"fr_FR","og_type":"article","og_title":"Espace partenaires","og_description":"Rejoignez notre programme de commer\u00e7ants et d'affili\u00e9s et gagnez des commissions int\u00e9ressantes - Commencez simplement et profitez !","og_url":"https:\/\/litrax.ch\/fr\/espace-affilie\/","og_site_name":"Litrax - Hydroponische Systeme","article_publisher":"https:\/\/www.facebook.com\/Litrax.ch","article_modified_time":"2025-12-01T20:37:31+00:00","og_image":[{"url":"https:\/\/litrax.ch\/wp-content\/uploads\/elementor\/thumbs\/IMG_20250724_161525-scaled-e1760548191224-rd948r2os9fd1wtt258la7wgcws2iiia8u6aqlxuh0.jpg","type":"","width":"","height":""}],"twitter_card":"summary_large_image","twitter_misc":{"Dur\u00e9e de lecture estim\u00e9e":"3 minutes"},"schema":{"@context":"https:\/\/schema.org","@graph":[{"@type":"WebPage","@id":"https:\/\/litrax.ch\/fr\/espace-affilie\/","url":"https:\/\/litrax.ch\/fr\/espace-affilie\/","name":"Commissions - Distributeurs et programme d'affiliation de Litrax Hydroponique","isPartOf":{"@id":"https:\/\/litrax.ch\/fr\/#website"},"primaryImageOfPage":{"@id":"https:\/\/litrax.ch\/fr\/espace-affilie\/#primaryimage"},"image":{"@id":"https:\/\/litrax.ch\/fr\/espace-affilie\/#primaryimage"},"thumbnailUrl":"https:\/\/litrax.ch\/wp-content\/uploads\/elementor\/thumbs\/IMG_20250724_161525-scaled-e1760548191224-rd948r2os9fd1wtt258la7wgcws2iiia8u6aqlxuh0.jpg","datePublished":"2024-05-03T13:49:08+00:00","dateModified":"2025-12-01T20:37:31+00:00","description":"Rejoignez notre programme de commer\u00e7ants et d'affili\u00e9s et gagnez des commissions int\u00e9ressantes - Commencez simplement et profitez !","breadcrumb":{"@id":"https:\/\/litrax.ch\/fr\/espace-affilie\/#breadcrumb"},"inLanguage":"fr-FR","potentialAction":[{"@type":"ReadAction","target":["https:\/\/litrax.ch\/fr\/espace-affilie\/"]}]},{"@type":"ImageObject","inLanguage":"fr-FR","@id":"https:\/\/litrax.ch\/fr\/espace-affilie\/#primaryimage","url":"https:\/\/litrax.ch\/wp-content\/uploads\/elementor\/thumbs\/IMG_20250724_161525-scaled-e1760548191224-rd948r2os9fd1wtt258la7wgcws2iiia8u6aqlxuh0.jpg","contentUrl":"https:\/\/litrax.ch\/wp-content\/uploads\/elementor\/thumbs\/IMG_20250724_161525-scaled-e1760548191224-rd948r2os9fd1wtt258la7wgcws2iiia8u6aqlxuh0.jpg"},{"@type":"BreadcrumbList","@id":"https:\/\/litrax.ch\/fr\/espace-affilie\/#breadcrumb","itemListElement":[{"@type":"ListItem","position":1,"name":"Startseite","item":"https:\/\/litrax.ch\/fr\/accueil\/"},{"@type":"ListItem","position":2,"name":"Espace partenaires"}]},{"@type":"WebSite","@id":"https:\/\/litrax.ch\/fr\/#website","url":"https:\/\/litrax.ch\/fr\/","name":"Litrax - Hydroponische Systeme","description":"Erlebe Hydroponik - der erdlose Gartengenuss.","publisher":{"@id":"https:\/\/litrax.ch\/fr\/#organization"},"alternateName":"Litrax","potentialAction":[{"@type":"SearchAction","target":{"@type":"EntryPoint","urlTemplate":"https:\/\/litrax.ch\/fr\/?s={search_term_string}"},"query-input":{"@type":"PropertyValueSpecification","valueRequired":true,"valueName":"search_term_string"}}],"inLanguage":"fr-FR"},{"@type":"Organization","@id":"https:\/\/litrax.ch\/fr\/#organization","name":"Litrax - Hydroponische Systeme","alternateName":"Litrax","url":"https:\/\/litrax.ch\/fr\/","logo":{"@type":"ImageObject","inLanguage":"fr-FR","@id":"https:\/\/litrax.ch\/fr\/#\/schema\/logo\/image\/","url":"https:\/\/litrax.ch\/wp-content\/uploads\/2024\/03\/facivon.png","contentUrl":"https:\/\/litrax.ch\/wp-content\/uploads\/2024\/03\/facivon.png","width":150,"height":150,"caption":"Litrax - Hydroponische Systeme"},"image":{"@id":"https:\/\/litrax.ch\/fr\/#\/schema\/logo\/image\/"},"sameAs":["https:\/\/www.facebook.com\/Litrax.ch","https:\/\/www.instagram.com\/litrax.ch\/","https:\/\/www.tiktok.com\/@litrax.ch"],"description":"Willkommen bei Litrax \u2013 Ihrem f\u00fchrenden Online-Shop f\u00fcr hochwertige hydroponische Gartensysteme! Wir bieten eine breite Palette an L\u00f6sungen f\u00fcr Privatpersonen, Restaurants und industrielle Gro\u00dfsysteme, um Ihnen zu helfen, Ihre eigene gr\u00fcne Oase zu schaffen, unabh\u00e4ngig von Ihrem Bedarf oder Ihrer Gr\u00f6\u00dfe. F\u00fcr Haushalte\/B\u00fcros: Entdecken Sie die Freude am G\u00e4rtnern in Ihrem eigenen Zuhause mit unseren einfach zu bedienenden hydroponischen Gartensystemen. Egal, ob Sie auf einem Balkon, einer Terrasse oder in Ihrem Wohnzimmer g\u00e4rtnern m\u00f6chten \u2013 wir haben das passende System f\u00fcr Sie. Genie\u00dfen Sie frisches Gem\u00fcse, aromatische Kr\u00e4uter und farbenfrohe Blumen das ganze Jahr \u00fcber, direkt aus Ihrem hydroponischen Garten. F\u00fcr Restaurants: Steigern Sie die Qualit\u00e4t Ihrer Gerichte und beeindrucken Sie Ihre G\u00e4ste mit frischen, geschmacksintensiven Zutaten aus unserem Sortiment an hydroponischen Gartensystemen f\u00fcr den gastronomischen Bereich. Unsere Systeme sind platzsparend, effizient und einfach zu bedienen, so dass Sie Ihre eigenen Zutaten direkt in Ihrer K\u00fcche anbauen k\u00f6nnen. Erleben Sie die Freude an nachhaltigem G\u00e4rtnern und lassen Sie Ihre kulinarischen Kreationen erstrahlen. Industrielle Gro\u00dfsysteme: Optimieren Sie Ihre landwirtschaftliche Produktion mit unseren ma\u00dfgeschneiderten hydroponischen Gro\u00dfsystemen. Von vertikalen Farmen bis hin zu automatisierten Anlagen bieten wir skalierbare L\u00f6sungen f\u00fcr maximale Effizienz und Produktivit\u00e4t. Nutzen Sie die Vorteile der hydroponischen Landwirtschaft, um Ihre Ernteertr\u00e4ge zu steigern, Platz zu sparen und Ressourcen zu optimieren. Erfahren Sie, wie unsere Systeme die Zukunft der industriellen Landwirtschaft gestalten k\u00f6nnen. Bei Litrax legen wir Wert auf Qualit\u00e4t und Kundenzufriedenheit. Unsere Produkte sind sorgf\u00e4ltig ausgew\u00e4hlt, um Ihnen die besten Ergebnisse zu garantieren, und wir bieten sie zu g\u00fcnstigen Preisen an. Dank unseres eigenen Lagers in der Schweiz k\u00f6nnen wir Ihnen eine schnelle Lieferung am n\u00e4chsten Tag garantieren.","legalName":"Resyx GmbH","foundingDate":"2022-12-22","numberOfEmployees":{"@type":"QuantitativeValue","minValue":"1","maxValue":"10"}}]}},"_links":{"self":[{"href":"https:\/\/litrax.ch\/fr\/wp-json\/wp\/v2\/pages\/20744","targetHints":{"allow":["GET"]}}],"collection":[{"href":"https:\/\/litrax.ch\/fr\/wp-json\/wp\/v2\/pages"}],"about":[{"href":"https:\/\/litrax.ch\/fr\/wp-json\/wp\/v2\/types\/page"}],"author":[{"embeddable":true,"href":"https:\/\/litrax.ch\/fr\/wp-json\/wp\/v2\/users\/1"}],"replies":[{"embeddable":true,"href":"https:\/\/litrax.ch\/fr\/wp-json\/wp\/v2\/comments?post=20744"}],"version-history":[{"count":0,"href":"https:\/\/litrax.ch\/fr\/wp-json\/wp\/v2\/pages\/20744\/revisions"}],"wp:attachment":[{"href":"https:\/\/litrax.ch\/fr\/wp-json\/wp\/v2\/media?parent=20744"}],"curies":[{"name":"wp","href":"https:\/\/api.w.org\/{rel}","templated":true}]}}