{"id":18336,"date":"2024-01-18T08:14:02","date_gmt":"2024-01-18T08:14:02","guid":{"rendered":"https:\/\/litrax.ch\/shop\/chloe-jardin-interieure\/"},"modified":"2026-04-13T15:48:02","modified_gmt":"2026-04-13T15:48:02","slug":"chloe-jardin-interieure","status":"publish","type":"product","link":"https:\/\/litrax.ch\/fr\/shop\/chloe-jardin-interieure\/","title":{"rendered":"CHLOE Smart Garden 12"},"content":{"rendered":"<p dir=\"auto\"><strong>CHLOE Smart Garden 12<\/strong><\/p>\n<p dir=\"auto\"><strong>Le jardin d\u2019int\u00e9rieur intelligent Wi-Fi pour 12 plantes \u2013 pilot\u00e9 par application, en toute simplicit\u00e9<\/strong><\/p>\n<p dir=\"auto\">Des herbes fra\u00eeches, des l\u00e9gumes et des fleurs toute l\u2019ann\u00e9e \u2013 et ce, sans grand effort.<\/p>\n<p dir=\"auto\">Le <strong>CHLOE Smart Garden 12<\/strong> est le syst\u00e8me hydroponique intelligent qui rend le jardinage d\u2019int\u00e9rieur vraiment simple. Gr\u00e2ce au Wi-Fi et \u00e0 l\u2019application pratique, vous contr\u00f4lez tout confortablement via votre smartphone \u2013 de chez vous ou m\u00eame en d\u00e9placement. Ainsi, jusqu\u2019\u00e0 <strong>12 plantes<\/strong> poussent vigoureusement et sainement. Qu\u2019il s\u2019agisse d\u2019herbes aromatiques, de salades, de mini-tomates, de fraises ou de belles fleurs : ins\u00e9rez simplement les pods, remplissez d\u2019eau et d\u00e9marrez. La technologie intelligente s\u2019occupe du reste \u2013 et vous r\u00e9colterez bient\u00f4t des produits frais et aromatiques directement dans votre cuisine.    <\/p>\n<p dir=\"auto\">Le syst\u00e8me s\u2019int\u00e8gre parfaitement dans la cuisine, le salon ou le bureau. En effet, les LED modernes, la pompe \u00e0 eau silencieuse et le ventilateur doux assurent une croissance vigoureuse \u2013 de mani\u00e8re enti\u00e8rement automatique et tout au long de l\u2019ann\u00e9e. <\/p>\n<h3 dir=\"auto\">Principales caract\u00e9ristiques<\/h3>\n<p dir=\"auto\"><strong>T\u00e9l\u00e9commande Wi-Fi avec application<\/strong> Vous contr\u00f4lez tout par t\u00e9l\u00e9phone. Vous r\u00e9glez la minuterie, choisissez les modes d\u2019\u00e9clairage et surveillez l\u2019eau et l\u2019air \u2013 o\u00f9 que vous soyez. <\/p>\n<p dir=\"auto\"><strong>Deux modes d\u2019\u00e9clairage LED<\/strong> Choisissez entre \u00ab Fruits &amp; L\u00e9gumes \u00bb ou \u00ab Herbes &amp; Fleurs \u00bb. Vos plantes re\u00e7oivent ainsi toujours exactement la lumi\u00e8re dont elles ont besoin \u2013 et poussent plus vite et plus sainement. <\/p>\n<p dir=\"auto\"><strong>Lampe LED r\u00e9glable en hauteur<\/strong> La lampe s\u2019ajuste facilement. Par cons\u00e9quent, la lumi\u00e8re s\u2019adapte parfaitement aux jeunes pousses ou aux plantes d\u00e9j\u00e0 plus hautes. <\/p>\n<p dir=\"auto\"><strong>Pompe \u00e0 eau et r\u00e9servoir int\u00e9gr\u00e9s<\/strong> La pompe alimente les racines de mani\u00e8re homog\u00e8ne en eau et en oxyg\u00e8ne. Cela \u00e9vite l\u2019eau stagnante et le pourrissement des racines. Le r\u00e9servoir indique clairement le niveau d\u2019eau et se remplit tr\u00e8s facilement.  <\/p>\n<p dir=\"auto\"><strong>Ventilateur silencieux<\/strong> Le ventilateur assure une brise l\u00e9g\u00e8re. Il favorise ainsi la pollinisation naturelle et rend les plantes encore plus robustes \u2013 le tout tr\u00e8s silencieusement. <\/p>\n<p dir=\"auto\"><strong>Simple et robuste<\/strong><\/p>\n<ul dir=\"auto\">\n<li>Dimensions compactes (35 \u00d7 26 cm, hauteur 34\u201352 cm) \u2013 s\u2019adapte partout<\/li>\n<li>Poids l\u00e9ger de seulement 1,9 kg<\/li>\n<li>Construction robuste en plastique blanc<\/li>\n<li>\u00c9conome en \u00e9nergie et silencieux \u2013 id\u00e9al pour la cuisine et le salon<\/li>\n<\/ul>\n<p dir=\"auto\"><strong>\u00c0 qui s\u2019adresse le CHLOE Smart Garden 12 ?<\/strong><\/p>\n<ul dir=\"auto\">\n<li>Pour tous ceux qui souhaitent avoir des herbes fra\u00eeches et des mini-l\u00e9gumes directement dans la cuisine<\/li>\n<li>Pour les d\u00e9butants \u00e0 la recherche d\u2019un syst\u00e8me intelligent pr\u00eat \u00e0 l\u2019emploi avec contr\u00f4le par application<\/li>\n<li>Pour les foyers sans jardin qui souhaitent tout de m\u00eame profiter de plantes saines<\/li>\n<li>Pour tous ceux qui ont besoin d\u2019un syst\u00e8me moderne, peu encombrant et automatique pour le quotidien<\/li>\n<\/ul>\n<p dir=\"auto\"><strong>Votre espace de bien-\u00eatre vert est pr\u00eat \u00e0 d\u00e9marrer en quelques minutes seulement.<\/strong><\/p>\n<p dir=\"auto\"><strong>D\u00e9couvrez-le d\u00e8s maintenant<\/strong> Transformez votre cuisine en une petite oasis de verdure. Avec le CHLOE Smart Garden 12, vous r\u00e9coltez quotidiennement des plantes fra\u00eeches et riches en vitamines \u2013 sans effort, durablement et directement chez vous. <\/p>\n<p dir=\"auto\"><strong>Commandez d\u00e8s maintenant votre CHLOE Smart Garden 12<\/strong><\/p>\n<p dir=\"auto\"><strong>Rapide. Simple. Efficace.  <\/strong><\/p>\n","protected":false},"excerpt":{"rendered":"<p>CHLOE Smart Garden 12 Le jardin d\u2019int\u00e9rieur intelligent Wi-Fi pour 12 plantes \u2013 pilot\u00e9 par application, en toute simplicit\u00e9 Des herbes fra\u00eeches, des l\u00e9gumes et des fleurs toute l\u2019ann\u00e9e \u2013 et ce, sans grand effort. Le CHLOE Smart Garden 12 est le syst\u00e8me hydroponique intelligent qui rend le jardinage d\u2019int\u00e9rieur vraiment simple. Gr\u00e2ce au Wi-Fi [&hellip;]<\/p>\n","protected":false},"featured_media":17796,"comment_status":"open","ping_status":"closed","template":"","meta":[],"product_brand":[],"product_cat":[849,119],"product_tag":[790,507,754],"class_list":{"0":"post-18336","1":"product","2":"type-product","3":"status-publish","4":"has-post-thumbnail","6":"product_cat-automatisation","7":"product_cat-hydroponique","8":"product_tag-auto-arrose","9":"product_tag-ferme-verticale","10":"product_tag-indoor-fr-2","12":"first","13":"instock","14":"taxable","15":"shipping-taxable","16":"purchasable","17":"product-type-simple"},"yoast_head":"<!-- This site is optimized with the Yoast SEO Premium plugin v26.7 (Yoast SEO v27.4) - https:\/\/yoast.com\/product\/yoast-seo-premium-wordpress\/ -->\n<title>CHLOE Smart Garden 12 avec t\u00e9l\u00e9commande WLAN et application<\/title>\n<meta name=\"description\" content=\"Personnalisez votre environnement avec le CHLOE Smart Garden 12 avec t\u00e9l\u00e9commande WLAN. Profitez de conditions de croissance optimales pour vos plantes !\" \/>\n<meta name=\"robots\" content=\"index, follow, max-snippet:-1, max-image-preview:large, max-video-preview:-1\" \/>\n<link rel=\"canonical\" href=\"https:\/\/litrax.ch\/fr\/shop\/chloe-jardin-interieure\/\" \/>\n<meta property=\"og:locale\" content=\"fr_FR\" \/>\n<meta property=\"og:type\" content=\"article\" \/>\n<meta property=\"og:title\" content=\"CHLOE Smart Garden 12\" \/>\n<meta property=\"og:description\" content=\"Personnalisez votre environnement avec le CHLOE Smart Garden 12 avec t\u00e9l\u00e9commande WLAN. Profitez de conditions de croissance optimales pour vos plantes !\" \/>\n<meta property=\"og:url\" content=\"https:\/\/litrax.ch\/fr\/shop\/chloe-jardin-interieure\/\" \/>\n<meta property=\"og:site_name\" content=\"Litrax - Hydroponische Systeme\" \/>\n<meta property=\"article:publisher\" content=\"https:\/\/www.facebook.com\/Litrax.ch\" \/>\n<meta property=\"article:modified_time\" content=\"2026-04-13T15:48:02+00:00\" \/>\n<meta property=\"og:image\" content=\"https:\/\/litrax.ch\/wp-content\/uploads\/2024\/01\/LX206_Trans.png\" \/>\n\t<meta property=\"og:image:width\" content=\"1000\" \/>\n\t<meta property=\"og:image:height\" content=\"667\" \/>\n\t<meta property=\"og:image:type\" content=\"image\/png\" \/>\n<meta name=\"twitter:card\" content=\"summary_large_image\" \/>\n<meta name=\"twitter:label1\" content=\"Prix\" \/>\n\t<meta name=\"twitter:data1\" content=\"&#067;&#072;&#070;&nbsp;169.00\" \/>\n\t<meta name=\"twitter:label2\" content=\"Disponibilit\u00e9\" \/>\n\t<meta name=\"twitter:data2\" content=\"En stock\" \/>\n<script type=\"application\/ld+json\" class=\"yoast-schema-graph\">{\"@context\":\"https:\\\/\\\/schema.org\",\"@graph\":[{\"@type\":\"WebPage\",\"@id\":\"https:\\\/\\\/litrax.ch\\\/fr\\\/shop\\\/chloe-jardin-interieure\\\/\",\"url\":\"https:\\\/\\\/litrax.ch\\\/fr\\\/shop\\\/chloe-jardin-interieure\\\/\",\"name\":\"CHLOE Smart Garden 12 avec t\u00e9l\u00e9commande WLAN et application\",\"isPartOf\":{\"@id\":\"https:\\\/\\\/litrax.ch\\\/fr\\\/#website\"},\"primaryImageOfPage\":{\"@id\":\"https:\\\/\\\/litrax.ch\\\/fr\\\/shop\\\/chloe-jardin-interieure\\\/#primaryimage\"},\"image\":{\"@id\":\"https:\\\/\\\/litrax.ch\\\/fr\\\/shop\\\/chloe-jardin-interieure\\\/#primaryimage\"},\"thumbnailUrl\":\"https:\\\/\\\/litrax.ch\\\/wp-content\\\/uploads\\\/2024\\\/01\\\/LX206_Trans.png\",\"datePublished\":\"2024-01-18T08:14:02+00:00\",\"dateModified\":\"2026-04-13T15:48:02+00:00\",\"description\":\"Personnalisez votre environnement avec le CHLOE Smart Garden 12 avec t\u00e9l\u00e9commande WLAN. Profitez de conditions de croissance optimales pour vos plantes !\",\"breadcrumb\":{\"@id\":\"https:\\\/\\\/litrax.ch\\\/fr\\\/shop\\\/chloe-jardin-interieure\\\/#breadcrumb\"},\"inLanguage\":\"fr-FR\",\"potentialAction\":[{\"@type\":\"ReadAction\",\"target\":[\"https:\\\/\\\/litrax.ch\\\/fr\\\/shop\\\/chloe-jardin-interieure\\\/\"]}]},{\"@type\":\"ImageObject\",\"inLanguage\":\"fr-FR\",\"@id\":\"https:\\\/\\\/litrax.ch\\\/fr\\\/shop\\\/chloe-jardin-interieure\\\/#primaryimage\",\"url\":\"https:\\\/\\\/litrax.ch\\\/wp-content\\\/uploads\\\/2024\\\/01\\\/LX206_Trans.png\",\"contentUrl\":\"https:\\\/\\\/litrax.ch\\\/wp-content\\\/uploads\\\/2024\\\/01\\\/LX206_Trans.png\",\"width\":1000,\"height\":667},{\"@type\":\"BreadcrumbList\",\"@id\":\"https:\\\/\\\/litrax.ch\\\/fr\\\/shop\\\/chloe-jardin-interieure\\\/#breadcrumb\",\"itemListElement\":[{\"@type\":\"ListItem\",\"position\":1,\"name\":\"Startseite\",\"item\":\"https:\\\/\\\/litrax.ch\\\/fr\\\/accueil\\\/\"},{\"@type\":\"ListItem\",\"position\":2,\"name\":\"Boutique\",\"item\":\"https:\\\/\\\/litrax.ch\\\/fr\\\/boutique\\\/\"},{\"@type\":\"ListItem\",\"position\":3,\"name\":\"CHLOE Smart Garden 12\"}]},{\"@type\":\"WebSite\",\"@id\":\"https:\\\/\\\/litrax.ch\\\/fr\\\/#website\",\"url\":\"https:\\\/\\\/litrax.ch\\\/fr\\\/\",\"name\":\"Litrax - Hydroponische Systeme\",\"description\":\"Erlebe Hydroponik - der erdlose Gartengenuss.\",\"publisher\":{\"@id\":\"https:\\\/\\\/litrax.ch\\\/fr\\\/#organization\"},\"alternateName\":\"Litrax\",\"potentialAction\":[{\"@type\":\"SearchAction\",\"target\":{\"@type\":\"EntryPoint\",\"urlTemplate\":\"https:\\\/\\\/litrax.ch\\\/fr\\\/?s={search_term_string}\"},\"query-input\":{\"@type\":\"PropertyValueSpecification\",\"valueRequired\":true,\"valueName\":\"search_term_string\"}}],\"inLanguage\":\"fr-FR\"},{\"@type\":\"Organization\",\"@id\":\"https:\\\/\\\/litrax.ch\\\/fr\\\/#organization\",\"name\":\"Litrax - Hydroponische Systeme\",\"alternateName\":\"Litrax\",\"url\":\"https:\\\/\\\/litrax.ch\\\/fr\\\/\",\"logo\":{\"@type\":\"ImageObject\",\"inLanguage\":\"fr-FR\",\"@id\":\"https:\\\/\\\/litrax.ch\\\/fr\\\/#\\\/schema\\\/logo\\\/image\\\/\",\"url\":\"https:\\\/\\\/litrax.ch\\\/wp-content\\\/uploads\\\/2024\\\/03\\\/facivon.png\",\"contentUrl\":\"https:\\\/\\\/litrax.ch\\\/wp-content\\\/uploads\\\/2024\\\/03\\\/facivon.png\",\"width\":150,\"height\":150,\"caption\":\"Litrax - Hydroponische Systeme\"},\"image\":{\"@id\":\"https:\\\/\\\/litrax.ch\\\/fr\\\/#\\\/schema\\\/logo\\\/image\\\/\"},\"sameAs\":[\"https:\\\/\\\/www.facebook.com\\\/Litrax.ch\",\"https:\\\/\\\/www.instagram.com\\\/litrax.ch\\\/\",\"https:\\\/\\\/www.tiktok.com\\\/@litrax.ch\"],\"description\":\"Willkommen bei Litrax \u2013 Ihrem f\u00fchrenden Online-Shop f\u00fcr hochwertige hydroponische Gartensysteme! Wir bieten eine breite Palette an L\u00f6sungen f\u00fcr Privatpersonen, Restaurants und industrielle Gro\u00dfsysteme, um Ihnen zu helfen, Ihre eigene gr\u00fcne Oase zu schaffen, unabh\u00e4ngig von Ihrem Bedarf oder Ihrer Gr\u00f6\u00dfe. F\u00fcr Haushalte\\\/B\u00fcros: Entdecken Sie die Freude am G\u00e4rtnern in Ihrem eigenen Zuhause mit unseren einfach zu bedienenden hydroponischen Gartensystemen. Egal, ob Sie auf einem Balkon, einer Terrasse oder in Ihrem Wohnzimmer g\u00e4rtnern m\u00f6chten \u2013 wir haben das passende System f\u00fcr Sie. Genie\u00dfen Sie frisches Gem\u00fcse, aromatische Kr\u00e4uter und farbenfrohe Blumen das ganze Jahr \u00fcber, direkt aus Ihrem hydroponischen Garten. F\u00fcr Restaurants: Steigern Sie die Qualit\u00e4t Ihrer Gerichte und beeindrucken Sie Ihre G\u00e4ste mit frischen, geschmacksintensiven Zutaten aus unserem Sortiment an hydroponischen Gartensystemen f\u00fcr den gastronomischen Bereich. Unsere Systeme sind platzsparend, effizient und einfach zu bedienen, so dass Sie Ihre eigenen Zutaten direkt in Ihrer K\u00fcche anbauen k\u00f6nnen. Erleben Sie die Freude an nachhaltigem G\u00e4rtnern und lassen Sie Ihre kulinarischen Kreationen erstrahlen. Industrielle Gro\u00dfsysteme: Optimieren Sie Ihre landwirtschaftliche Produktion mit unseren ma\u00dfgeschneiderten hydroponischen Gro\u00dfsystemen. Von vertikalen Farmen bis hin zu automatisierten Anlagen bieten wir skalierbare L\u00f6sungen f\u00fcr maximale Effizienz und Produktivit\u00e4t. Nutzen Sie die Vorteile der hydroponischen Landwirtschaft, um Ihre Ernteertr\u00e4ge zu steigern, Platz zu sparen und Ressourcen zu optimieren. Erfahren Sie, wie unsere Systeme die Zukunft der industriellen Landwirtschaft gestalten k\u00f6nnen. Bei Litrax legen wir Wert auf Qualit\u00e4t und Kundenzufriedenheit. Unsere Produkte sind sorgf\u00e4ltig ausgew\u00e4hlt, um Ihnen die besten Ergebnisse zu garantieren, und wir bieten sie zu g\u00fcnstigen Preisen an. Dank unseres eigenen Lagers in der Schweiz k\u00f6nnen wir Ihnen eine schnelle Lieferung am n\u00e4chsten Tag garantieren.\",\"legalName\":\"Resyx GmbH\",\"foundingDate\":\"2022-12-22\",\"numberOfEmployees\":{\"@type\":\"QuantitativeValue\",\"minValue\":\"1\",\"maxValue\":\"10\"}}]}<\/script>\n<meta property=\"product:price:amount\" content=\"169.00\" \/>\n<meta property=\"product:price:currency\" content=\"CHF\" \/>\n<meta property=\"og:availability\" content=\"instock\" \/>\n<meta property=\"product:availability\" content=\"instock\" \/>\n<meta property=\"product:retailer_item_id\" content=\"LX206\" \/>\n<meta property=\"product:condition\" content=\"new\" \/>\n<!-- \/ Yoast SEO Premium plugin. -->","yoast_head_json":{"title":"CHLOE Smart Garden 12 avec t\u00e9l\u00e9commande WLAN et application","description":"Personnalisez votre environnement avec le CHLOE Smart Garden 12 avec t\u00e9l\u00e9commande WLAN. Profitez de conditions de croissance optimales pour vos plantes !","robots":{"index":"index","follow":"follow","max-snippet":"max-snippet:-1","max-image-preview":"max-image-preview:large","max-video-preview":"max-video-preview:-1"},"canonical":"https:\/\/litrax.ch\/fr\/shop\/chloe-jardin-interieure\/","og_locale":"fr_FR","og_type":"article","og_title":"CHLOE Smart Garden 12","og_description":"Personnalisez votre environnement avec le CHLOE Smart Garden 12 avec t\u00e9l\u00e9commande WLAN. Profitez de conditions de croissance optimales pour vos plantes !","og_url":"https:\/\/litrax.ch\/fr\/shop\/chloe-jardin-interieure\/","og_site_name":"Litrax - Hydroponische Systeme","article_publisher":"https:\/\/www.facebook.com\/Litrax.ch","article_modified_time":"2026-04-13T15:48:02+00:00","og_image":[{"width":1000,"height":667,"url":"https:\/\/litrax.ch\/wp-content\/uploads\/2024\/01\/LX206_Trans.png","type":"image\/png"}],"twitter_card":"summary_large_image","twitter_misc":{"Prix":"&#67;&#72;&#70;&nbsp;169.00","Disponibilit\u00e9":"En stock"},"schema":{"@context":"https:\/\/schema.org","@graph":[{"@type":"WebPage","@id":"https:\/\/litrax.ch\/fr\/shop\/chloe-jardin-interieure\/","url":"https:\/\/litrax.ch\/fr\/shop\/chloe-jardin-interieure\/","name":"CHLOE Smart Garden 12 avec t\u00e9l\u00e9commande WLAN et application","isPartOf":{"@id":"https:\/\/litrax.ch\/fr\/#website"},"primaryImageOfPage":{"@id":"https:\/\/litrax.ch\/fr\/shop\/chloe-jardin-interieure\/#primaryimage"},"image":{"@id":"https:\/\/litrax.ch\/fr\/shop\/chloe-jardin-interieure\/#primaryimage"},"thumbnailUrl":"https:\/\/litrax.ch\/wp-content\/uploads\/2024\/01\/LX206_Trans.png","datePublished":"2024-01-18T08:14:02+00:00","dateModified":"2026-04-13T15:48:02+00:00","description":"Personnalisez votre environnement avec le CHLOE Smart Garden 12 avec t\u00e9l\u00e9commande WLAN. Profitez de conditions de croissance optimales pour vos plantes !","breadcrumb":{"@id":"https:\/\/litrax.ch\/fr\/shop\/chloe-jardin-interieure\/#breadcrumb"},"inLanguage":"fr-FR","potentialAction":[{"@type":"ReadAction","target":["https:\/\/litrax.ch\/fr\/shop\/chloe-jardin-interieure\/"]}]},{"@type":"ImageObject","inLanguage":"fr-FR","@id":"https:\/\/litrax.ch\/fr\/shop\/chloe-jardin-interieure\/#primaryimage","url":"https:\/\/litrax.ch\/wp-content\/uploads\/2024\/01\/LX206_Trans.png","contentUrl":"https:\/\/litrax.ch\/wp-content\/uploads\/2024\/01\/LX206_Trans.png","width":1000,"height":667},{"@type":"BreadcrumbList","@id":"https:\/\/litrax.ch\/fr\/shop\/chloe-jardin-interieure\/#breadcrumb","itemListElement":[{"@type":"ListItem","position":1,"name":"Startseite","item":"https:\/\/litrax.ch\/fr\/accueil\/"},{"@type":"ListItem","position":2,"name":"Boutique","item":"https:\/\/litrax.ch\/fr\/boutique\/"},{"@type":"ListItem","position":3,"name":"CHLOE Smart Garden 12"}]},{"@type":"WebSite","@id":"https:\/\/litrax.ch\/fr\/#website","url":"https:\/\/litrax.ch\/fr\/","name":"Litrax - Hydroponische Systeme","description":"Erlebe Hydroponik - der erdlose Gartengenuss.","publisher":{"@id":"https:\/\/litrax.ch\/fr\/#organization"},"alternateName":"Litrax","potentialAction":[{"@type":"SearchAction","target":{"@type":"EntryPoint","urlTemplate":"https:\/\/litrax.ch\/fr\/?s={search_term_string}"},"query-input":{"@type":"PropertyValueSpecification","valueRequired":true,"valueName":"search_term_string"}}],"inLanguage":"fr-FR"},{"@type":"Organization","@id":"https:\/\/litrax.ch\/fr\/#organization","name":"Litrax - Hydroponische Systeme","alternateName":"Litrax","url":"https:\/\/litrax.ch\/fr\/","logo":{"@type":"ImageObject","inLanguage":"fr-FR","@id":"https:\/\/litrax.ch\/fr\/#\/schema\/logo\/image\/","url":"https:\/\/litrax.ch\/wp-content\/uploads\/2024\/03\/facivon.png","contentUrl":"https:\/\/litrax.ch\/wp-content\/uploads\/2024\/03\/facivon.png","width":150,"height":150,"caption":"Litrax - Hydroponische Systeme"},"image":{"@id":"https:\/\/litrax.ch\/fr\/#\/schema\/logo\/image\/"},"sameAs":["https:\/\/www.facebook.com\/Litrax.ch","https:\/\/www.instagram.com\/litrax.ch\/","https:\/\/www.tiktok.com\/@litrax.ch"],"description":"Willkommen bei Litrax \u2013 Ihrem f\u00fchrenden Online-Shop f\u00fcr hochwertige hydroponische Gartensysteme! Wir bieten eine breite Palette an L\u00f6sungen f\u00fcr Privatpersonen, Restaurants und industrielle Gro\u00dfsysteme, um Ihnen zu helfen, Ihre eigene gr\u00fcne Oase zu schaffen, unabh\u00e4ngig von Ihrem Bedarf oder Ihrer Gr\u00f6\u00dfe. F\u00fcr Haushalte\/B\u00fcros: Entdecken Sie die Freude am G\u00e4rtnern in Ihrem eigenen Zuhause mit unseren einfach zu bedienenden hydroponischen Gartensystemen. Egal, ob Sie auf einem Balkon, einer Terrasse oder in Ihrem Wohnzimmer g\u00e4rtnern m\u00f6chten \u2013 wir haben das passende System f\u00fcr Sie. Genie\u00dfen Sie frisches Gem\u00fcse, aromatische Kr\u00e4uter und farbenfrohe Blumen das ganze Jahr \u00fcber, direkt aus Ihrem hydroponischen Garten. F\u00fcr Restaurants: Steigern Sie die Qualit\u00e4t Ihrer Gerichte und beeindrucken Sie Ihre G\u00e4ste mit frischen, geschmacksintensiven Zutaten aus unserem Sortiment an hydroponischen Gartensystemen f\u00fcr den gastronomischen Bereich. Unsere Systeme sind platzsparend, effizient und einfach zu bedienen, so dass Sie Ihre eigenen Zutaten direkt in Ihrer K\u00fcche anbauen k\u00f6nnen. Erleben Sie die Freude an nachhaltigem G\u00e4rtnern und lassen Sie Ihre kulinarischen Kreationen erstrahlen. Industrielle Gro\u00dfsysteme: Optimieren Sie Ihre landwirtschaftliche Produktion mit unseren ma\u00dfgeschneiderten hydroponischen Gro\u00dfsystemen. Von vertikalen Farmen bis hin zu automatisierten Anlagen bieten wir skalierbare L\u00f6sungen f\u00fcr maximale Effizienz und Produktivit\u00e4t. Nutzen Sie die Vorteile der hydroponischen Landwirtschaft, um Ihre Ernteertr\u00e4ge zu steigern, Platz zu sparen und Ressourcen zu optimieren. Erfahren Sie, wie unsere Systeme die Zukunft der industriellen Landwirtschaft gestalten k\u00f6nnen. Bei Litrax legen wir Wert auf Qualit\u00e4t und Kundenzufriedenheit. Unsere Produkte sind sorgf\u00e4ltig ausgew\u00e4hlt, um Ihnen die besten Ergebnisse zu garantieren, und wir bieten sie zu g\u00fcnstigen Preisen an. Dank unseres eigenen Lagers in der Schweiz k\u00f6nnen wir Ihnen eine schnelle Lieferung am n\u00e4chsten Tag garantieren.","legalName":"Resyx GmbH","foundingDate":"2022-12-22","numberOfEmployees":{"@type":"QuantitativeValue","minValue":"1","maxValue":"10"}}]},"product_price_amount":"169.00","product_price_currency":"CHF","og_availability":"instock","product_availability":"instock","product_retailer_item_id":"LX206","product_condition":"new"},"_links":{"self":[{"href":"https:\/\/litrax.ch\/fr\/wp-json\/wp\/v2\/product\/18336","targetHints":{"allow":["GET"]}}],"collection":[{"href":"https:\/\/litrax.ch\/fr\/wp-json\/wp\/v2\/product"}],"about":[{"href":"https:\/\/litrax.ch\/fr\/wp-json\/wp\/v2\/types\/product"}],"replies":[{"embeddable":true,"href":"https:\/\/litrax.ch\/fr\/wp-json\/wp\/v2\/comments?post=18336"}],"wp:featuredmedia":[{"embeddable":true,"href":"https:\/\/litrax.ch\/fr\/wp-json\/wp\/v2\/media\/17796"}],"wp:attachment":[{"href":"https:\/\/litrax.ch\/fr\/wp-json\/wp\/v2\/media?parent=18336"}],"wp:term":[{"taxonomy":"product_brand","embeddable":true,"href":"https:\/\/litrax.ch\/fr\/wp-json\/wp\/v2\/product_brand?post=18336"},{"taxonomy":"product_cat","embeddable":true,"href":"https:\/\/litrax.ch\/fr\/wp-json\/wp\/v2\/product_cat?post=18336"},{"taxonomy":"product_tag","embeddable":true,"href":"https:\/\/litrax.ch\/fr\/wp-json\/wp\/v2\/product_tag?post=18336"}],"curies":[{"name":"wp","href":"https:\/\/api.w.org\/{rel}","templated":true}]}}