{"id":18348,"date":"2023-12-20T07:58:27","date_gmt":"2023-12-20T07:58:27","guid":{"rendered":"https:\/\/litrax.ch\/shop\/giorgia-jardin-dinterieur\/"},"modified":"2026-04-07T16:53:38","modified_gmt":"2026-04-07T16:53:38","slug":"giorgia-jardin-dinterieur","status":"publish","type":"product","link":"https:\/\/litrax.ch\/fr\/shop\/giorgia-jardin-dinterieur\/","title":{"rendered":"GIORGIA Smart Garden 12"},"content":{"rendered":"<h2 dir=\"auto\"><strong>GIORGIA Smart Garden 12 \u2013 Une r\u00e9colte fra\u00eeche directement de votre cuisine<\/strong><\/h2>\n<p dir=\"auto\">Imaginez : Une salade croquante, des herbes aromatiques et des fraises juteuses \u2013 toute l&#8217;ann\u00e9e, directement depuis votre salon.<\/p>\n<p dir=\"auto\">Le <strong>GIORGIA Smart Garden 12<\/strong> rend cela possible. Ce jardin hydroponique intelligent est compact, \u00e9l\u00e9gant et d\u2019une simplicit\u00e9 enfantine \u00e0 utiliser. Avec 12 capsules de culture, vous cultivez jusqu\u2019\u00e0 12 plantes simultan\u00e9ment. La lampe LED de 22 W imite la lumi\u00e8re naturelle du soleil. Ainsi, vos plantes poussent vigoureusement \u2013 m\u00eame sans fen\u00eatre et en hiver.    <\/p>\n<h3 dir=\"auto\">Vos avantages \u2013 expliqu\u00e9s simplement<\/h3>\n<p dir=\"auto\"><strong>1. Deux modes de culture intelligents<\/strong> Choisissez le mode adapt\u00e9 pour les l\u00e9gumes, les herbes, les fruits ou les fleurs. La lampe LED optimise automatiquement la photosynth\u00e8se. Vos plantes re\u00e7oivent exactement la lumi\u00e8re dont elles ont besoin. R\u00e9sultat : une croissance saine 24h\/24.   <\/p>\n<p dir=\"auto\"><strong>2. Espace pour 12 plantes simultan\u00e9ment<\/strong> Profitez d\u2019une v\u00e9ritable diversit\u00e9 \u00e0 la maison. Le panneau LED r\u00e9glable en hauteur s\u2019adapte \u00e0 chaque stade de croissance (16\u201350 cm). Deux niveaux de hauteur pratiques assurent un espacement parfait. Votre jardin reste ainsi flexible et peu encombrant.   <\/p>\n<p dir=\"auto\"><strong>3. Enti\u00e8rement automatique \u2013 presque sans effort<\/strong> Installez le GIORGIA en seulement <strong>trois \u00e9tapes<\/strong>. La lampe LED et la pompe \u00e0 eau silencieuse fonctionnent automatiquement. Le r\u00e9servoir d\u2019eau de 3 litres suffit pour 1 \u00e0 2 semaines. Vous n\u2019avez presque rien \u00e0 faire \u2013 juste \u00e0 profiter.   <\/p>\n<p dir=\"auto\"><strong>4. Plus sain, plus rapide et plus durable<\/strong> L\u2019hydroponie permet \u00e0 vos plantes de pousser 30 \u00e0 50 % plus vite. Vous obtenez plus de vitamines et de nutriments. Pas de pesticides. Pas d\u2019herbicides. Pas d\u2019OGM. R\u00e9duisez votre empreinte carbone et les trajets de transport jusqu\u2019\u00e0 100 %. Une r\u00e9colte fra\u00eeche pour la cuisine \u2013 directement de votre propre mini-jardin.      <\/p>\n<p dir=\"auto\">Le GIORGIA Smart Garden 12 apporte une vraie touche de verdure \u00e0 votre int\u00e9rieur. Compact, moderne et extr\u00eamement efficace. <\/p>\n<p dir=\"auto\"><strong>Une r\u00e9colte fra\u00eeche vous attend.<\/strong> <strong>D\u00e9marrez d\u00e8s maintenant votre jardin int\u00e9rieur intelligent<\/strong> \u2013 et ramenez le go\u00fbt de l\u2019\u00e9t\u00e9 chez vous toute l\u2019ann\u00e9e !<\/p>\n","protected":false},"excerpt":{"rendered":"<p>GIORGIA Smart Garden 12 \u2013 Une r\u00e9colte fra\u00eeche directement de votre cuisine Imaginez : Une salade croquante, des herbes aromatiques et des fraises juteuses \u2013 toute l&#8217;ann\u00e9e, directement depuis votre salon. Le GIORGIA Smart Garden 12 rend cela possible. Ce jardin hydroponique intelligent est compact, \u00e9l\u00e9gant et d\u2019une simplicit\u00e9 enfantine \u00e0 utiliser. Avec 12 capsules [&hellip;]<\/p>\n","protected":false},"featured_media":17829,"comment_status":"open","ping_status":"closed","template":"","meta":[],"product_brand":[],"product_cat":[119],"product_tag":[754],"class_list":{"0":"post-18348","1":"product","2":"type-product","3":"status-publish","4":"has-post-thumbnail","6":"product_cat-hydroponique","7":"product_tag-indoor-fr-2","9":"first","10":"instock","11":"taxable","12":"shipping-taxable","13":"purchasable","14":"product-type-simple"},"yoast_head":"<!-- This site is optimized with the Yoast SEO Premium plugin v26.7 (Yoast SEO v27.4) - https:\/\/yoast.com\/product\/yoast-seo-premium-wordpress\/ -->\n<title>GIORGIA Smart Garden 12 - Litrax - Hydroponische Systeme<\/title>\n<meta name=\"description\" content=\"GIORGIA n&#039;offre que des avantages : Deux modes de culture intelligents. 12 plantes simultan\u00e9ment. Pompe \u00e0 eau et lumi\u00e8re de croissance enti\u00e8rement automatiques. Une fra\u00eecheur d\u00e9licieuse au quotidien.\" \/>\n<meta name=\"robots\" content=\"index, follow, max-snippet:-1, max-image-preview:large, max-video-preview:-1\" \/>\n<link rel=\"canonical\" href=\"https:\/\/litrax.ch\/fr\/shop\/giorgia-jardin-dinterieur\/\" \/>\n<meta property=\"og:locale\" content=\"fr_FR\" \/>\n<meta property=\"og:type\" content=\"article\" \/>\n<meta property=\"og:title\" content=\"GIORGIA Smart Garden 12\" \/>\n<meta property=\"og:description\" content=\"GIORGIA n&#039;offre que des avantages : Deux modes de culture intelligents. 12 plantes simultan\u00e9ment. Pompe \u00e0 eau et lumi\u00e8re de croissance enti\u00e8rement automatiques. Une fra\u00eecheur d\u00e9licieuse au quotidien.\" \/>\n<meta property=\"og:url\" content=\"https:\/\/litrax.ch\/fr\/shop\/giorgia-jardin-dinterieur\/\" \/>\n<meta property=\"og:site_name\" content=\"Litrax - Hydroponische Systeme\" \/>\n<meta property=\"article:publisher\" content=\"https:\/\/www.facebook.com\/Litrax.ch\" \/>\n<meta property=\"article:modified_time\" content=\"2026-04-07T16:53:38+00:00\" \/>\n<meta property=\"og:image\" content=\"https:\/\/litrax.ch\/wp-content\/uploads\/2023\/12\/LX234_Trans.png\" \/>\n\t<meta property=\"og:image:width\" content=\"1000\" \/>\n\t<meta property=\"og:image:height\" content=\"667\" \/>\n\t<meta property=\"og:image:type\" content=\"image\/png\" \/>\n<meta name=\"twitter:card\" content=\"summary_large_image\" \/>\n<meta name=\"twitter:label1\" content=\"Prix\" \/>\n\t<meta name=\"twitter:data1\" content=\"&#067;&#072;&#070;&nbsp;139.00\" \/>\n\t<meta name=\"twitter:label2\" content=\"Disponibilit\u00e9\" \/>\n\t<meta name=\"twitter:data2\" content=\"En stock\" \/>\n<script type=\"application\/ld+json\" class=\"yoast-schema-graph\">{\"@context\":\"https:\\\/\\\/schema.org\",\"@graph\":[{\"@type\":\"WebPage\",\"@id\":\"https:\\\/\\\/litrax.ch\\\/fr\\\/shop\\\/giorgia-jardin-dinterieur\\\/\",\"url\":\"https:\\\/\\\/litrax.ch\\\/fr\\\/shop\\\/giorgia-jardin-dinterieur\\\/\",\"name\":\"GIORGIA Smart Garden 12 - Litrax - Hydroponische Systeme\",\"isPartOf\":{\"@id\":\"https:\\\/\\\/litrax.ch\\\/fr\\\/#website\"},\"primaryImageOfPage\":{\"@id\":\"https:\\\/\\\/litrax.ch\\\/fr\\\/shop\\\/giorgia-jardin-dinterieur\\\/#primaryimage\"},\"image\":{\"@id\":\"https:\\\/\\\/litrax.ch\\\/fr\\\/shop\\\/giorgia-jardin-dinterieur\\\/#primaryimage\"},\"thumbnailUrl\":\"https:\\\/\\\/litrax.ch\\\/wp-content\\\/uploads\\\/2023\\\/12\\\/LX234_Trans.png\",\"datePublished\":\"2023-12-20T07:58:27+00:00\",\"dateModified\":\"2026-04-07T16:53:38+00:00\",\"description\":\"GIORGIA n'offre que des avantages : Deux modes de culture intelligents. 12 plantes simultan\u00e9ment. Pompe \u00e0 eau et lumi\u00e8re de croissance enti\u00e8rement automatiques. Une fra\u00eecheur d\u00e9licieuse au quotidien.\",\"breadcrumb\":{\"@id\":\"https:\\\/\\\/litrax.ch\\\/fr\\\/shop\\\/giorgia-jardin-dinterieur\\\/#breadcrumb\"},\"inLanguage\":\"fr-FR\",\"potentialAction\":[{\"@type\":\"ReadAction\",\"target\":[\"https:\\\/\\\/litrax.ch\\\/fr\\\/shop\\\/giorgia-jardin-dinterieur\\\/\"]}]},{\"@type\":\"ImageObject\",\"inLanguage\":\"fr-FR\",\"@id\":\"https:\\\/\\\/litrax.ch\\\/fr\\\/shop\\\/giorgia-jardin-dinterieur\\\/#primaryimage\",\"url\":\"https:\\\/\\\/litrax.ch\\\/wp-content\\\/uploads\\\/2023\\\/12\\\/LX234_Trans.png\",\"contentUrl\":\"https:\\\/\\\/litrax.ch\\\/wp-content\\\/uploads\\\/2023\\\/12\\\/LX234_Trans.png\",\"width\":1000,\"height\":667},{\"@type\":\"BreadcrumbList\",\"@id\":\"https:\\\/\\\/litrax.ch\\\/fr\\\/shop\\\/giorgia-jardin-dinterieur\\\/#breadcrumb\",\"itemListElement\":[{\"@type\":\"ListItem\",\"position\":1,\"name\":\"Startseite\",\"item\":\"https:\\\/\\\/litrax.ch\\\/fr\\\/accueil\\\/\"},{\"@type\":\"ListItem\",\"position\":2,\"name\":\"Boutique\",\"item\":\"https:\\\/\\\/litrax.ch\\\/fr\\\/boutique\\\/\"},{\"@type\":\"ListItem\",\"position\":3,\"name\":\"GIORGIA Smart Garden 12\"}]},{\"@type\":\"WebSite\",\"@id\":\"https:\\\/\\\/litrax.ch\\\/fr\\\/#website\",\"url\":\"https:\\\/\\\/litrax.ch\\\/fr\\\/\",\"name\":\"Litrax - Hydroponische Systeme\",\"description\":\"Erlebe Hydroponik - der erdlose Gartengenuss.\",\"publisher\":{\"@id\":\"https:\\\/\\\/litrax.ch\\\/fr\\\/#organization\"},\"alternateName\":\"Litrax\",\"potentialAction\":[{\"@type\":\"SearchAction\",\"target\":{\"@type\":\"EntryPoint\",\"urlTemplate\":\"https:\\\/\\\/litrax.ch\\\/fr\\\/?s={search_term_string}\"},\"query-input\":{\"@type\":\"PropertyValueSpecification\",\"valueRequired\":true,\"valueName\":\"search_term_string\"}}],\"inLanguage\":\"fr-FR\"},{\"@type\":\"Organization\",\"@id\":\"https:\\\/\\\/litrax.ch\\\/fr\\\/#organization\",\"name\":\"Litrax - Hydroponische Systeme\",\"alternateName\":\"Litrax\",\"url\":\"https:\\\/\\\/litrax.ch\\\/fr\\\/\",\"logo\":{\"@type\":\"ImageObject\",\"inLanguage\":\"fr-FR\",\"@id\":\"https:\\\/\\\/litrax.ch\\\/fr\\\/#\\\/schema\\\/logo\\\/image\\\/\",\"url\":\"https:\\\/\\\/litrax.ch\\\/wp-content\\\/uploads\\\/2024\\\/03\\\/facivon.png\",\"contentUrl\":\"https:\\\/\\\/litrax.ch\\\/wp-content\\\/uploads\\\/2024\\\/03\\\/facivon.png\",\"width\":150,\"height\":150,\"caption\":\"Litrax - Hydroponische Systeme\"},\"image\":{\"@id\":\"https:\\\/\\\/litrax.ch\\\/fr\\\/#\\\/schema\\\/logo\\\/image\\\/\"},\"sameAs\":[\"https:\\\/\\\/www.facebook.com\\\/Litrax.ch\",\"https:\\\/\\\/www.instagram.com\\\/litrax.ch\\\/\",\"https:\\\/\\\/www.tiktok.com\\\/@litrax.ch\"],\"description\":\"Willkommen bei Litrax \u2013 Ihrem f\u00fchrenden Online-Shop f\u00fcr hochwertige hydroponische Gartensysteme! Wir bieten eine breite Palette an L\u00f6sungen f\u00fcr Privatpersonen, Restaurants und industrielle Gro\u00dfsysteme, um Ihnen zu helfen, Ihre eigene gr\u00fcne Oase zu schaffen, unabh\u00e4ngig von Ihrem Bedarf oder Ihrer Gr\u00f6\u00dfe. F\u00fcr Haushalte\\\/B\u00fcros: Entdecken Sie die Freude am G\u00e4rtnern in Ihrem eigenen Zuhause mit unseren einfach zu bedienenden hydroponischen Gartensystemen. Egal, ob Sie auf einem Balkon, einer Terrasse oder in Ihrem Wohnzimmer g\u00e4rtnern m\u00f6chten \u2013 wir haben das passende System f\u00fcr Sie. Genie\u00dfen Sie frisches Gem\u00fcse, aromatische Kr\u00e4uter und farbenfrohe Blumen das ganze Jahr \u00fcber, direkt aus Ihrem hydroponischen Garten. F\u00fcr Restaurants: Steigern Sie die Qualit\u00e4t Ihrer Gerichte und beeindrucken Sie Ihre G\u00e4ste mit frischen, geschmacksintensiven Zutaten aus unserem Sortiment an hydroponischen Gartensystemen f\u00fcr den gastronomischen Bereich. Unsere Systeme sind platzsparend, effizient und einfach zu bedienen, so dass Sie Ihre eigenen Zutaten direkt in Ihrer K\u00fcche anbauen k\u00f6nnen. Erleben Sie die Freude an nachhaltigem G\u00e4rtnern und lassen Sie Ihre kulinarischen Kreationen erstrahlen. Industrielle Gro\u00dfsysteme: Optimieren Sie Ihre landwirtschaftliche Produktion mit unseren ma\u00dfgeschneiderten hydroponischen Gro\u00dfsystemen. Von vertikalen Farmen bis hin zu automatisierten Anlagen bieten wir skalierbare L\u00f6sungen f\u00fcr maximale Effizienz und Produktivit\u00e4t. Nutzen Sie die Vorteile der hydroponischen Landwirtschaft, um Ihre Ernteertr\u00e4ge zu steigern, Platz zu sparen und Ressourcen zu optimieren. Erfahren Sie, wie unsere Systeme die Zukunft der industriellen Landwirtschaft gestalten k\u00f6nnen. Bei Litrax legen wir Wert auf Qualit\u00e4t und Kundenzufriedenheit. Unsere Produkte sind sorgf\u00e4ltig ausgew\u00e4hlt, um Ihnen die besten Ergebnisse zu garantieren, und wir bieten sie zu g\u00fcnstigen Preisen an. Dank unseres eigenen Lagers in der Schweiz k\u00f6nnen wir Ihnen eine schnelle Lieferung am n\u00e4chsten Tag garantieren.\",\"legalName\":\"Resyx GmbH\",\"foundingDate\":\"2022-12-22\",\"numberOfEmployees\":{\"@type\":\"QuantitativeValue\",\"minValue\":\"1\",\"maxValue\":\"10\"}}]}<\/script>\n<meta property=\"product:price:amount\" content=\"139.00\" \/>\n<meta property=\"product:price:currency\" content=\"CHF\" \/>\n<meta property=\"og:availability\" content=\"instock\" \/>\n<meta property=\"product:availability\" content=\"instock\" \/>\n<meta property=\"product:retailer_item_id\" content=\"LX234\" \/>\n<meta property=\"product:condition\" content=\"new\" \/>\n<!-- \/ Yoast SEO Premium plugin. -->","yoast_head_json":{"title":"GIORGIA Smart Garden 12 - Litrax - Hydroponische Systeme","description":"GIORGIA n'offre que des avantages : Deux modes de culture intelligents. 12 plantes simultan\u00e9ment. Pompe \u00e0 eau et lumi\u00e8re de croissance enti\u00e8rement automatiques. Une fra\u00eecheur d\u00e9licieuse au quotidien.","robots":{"index":"index","follow":"follow","max-snippet":"max-snippet:-1","max-image-preview":"max-image-preview:large","max-video-preview":"max-video-preview:-1"},"canonical":"https:\/\/litrax.ch\/fr\/shop\/giorgia-jardin-dinterieur\/","og_locale":"fr_FR","og_type":"article","og_title":"GIORGIA Smart Garden 12","og_description":"GIORGIA n'offre que des avantages : Deux modes de culture intelligents. 12 plantes simultan\u00e9ment. Pompe \u00e0 eau et lumi\u00e8re de croissance enti\u00e8rement automatiques. Une fra\u00eecheur d\u00e9licieuse au quotidien.","og_url":"https:\/\/litrax.ch\/fr\/shop\/giorgia-jardin-dinterieur\/","og_site_name":"Litrax - Hydroponische Systeme","article_publisher":"https:\/\/www.facebook.com\/Litrax.ch","article_modified_time":"2026-04-07T16:53:38+00:00","og_image":[{"width":1000,"height":667,"url":"https:\/\/litrax.ch\/wp-content\/uploads\/2023\/12\/LX234_Trans.png","type":"image\/png"}],"twitter_card":"summary_large_image","twitter_misc":{"Prix":"&#67;&#72;&#70;&nbsp;139.00","Disponibilit\u00e9":"En stock"},"schema":{"@context":"https:\/\/schema.org","@graph":[{"@type":"WebPage","@id":"https:\/\/litrax.ch\/fr\/shop\/giorgia-jardin-dinterieur\/","url":"https:\/\/litrax.ch\/fr\/shop\/giorgia-jardin-dinterieur\/","name":"GIORGIA Smart Garden 12 - Litrax - Hydroponische Systeme","isPartOf":{"@id":"https:\/\/litrax.ch\/fr\/#website"},"primaryImageOfPage":{"@id":"https:\/\/litrax.ch\/fr\/shop\/giorgia-jardin-dinterieur\/#primaryimage"},"image":{"@id":"https:\/\/litrax.ch\/fr\/shop\/giorgia-jardin-dinterieur\/#primaryimage"},"thumbnailUrl":"https:\/\/litrax.ch\/wp-content\/uploads\/2023\/12\/LX234_Trans.png","datePublished":"2023-12-20T07:58:27+00:00","dateModified":"2026-04-07T16:53:38+00:00","description":"GIORGIA n'offre que des avantages : Deux modes de culture intelligents. 12 plantes simultan\u00e9ment. Pompe \u00e0 eau et lumi\u00e8re de croissance enti\u00e8rement automatiques. Une fra\u00eecheur d\u00e9licieuse au quotidien.","breadcrumb":{"@id":"https:\/\/litrax.ch\/fr\/shop\/giorgia-jardin-dinterieur\/#breadcrumb"},"inLanguage":"fr-FR","potentialAction":[{"@type":"ReadAction","target":["https:\/\/litrax.ch\/fr\/shop\/giorgia-jardin-dinterieur\/"]}]},{"@type":"ImageObject","inLanguage":"fr-FR","@id":"https:\/\/litrax.ch\/fr\/shop\/giorgia-jardin-dinterieur\/#primaryimage","url":"https:\/\/litrax.ch\/wp-content\/uploads\/2023\/12\/LX234_Trans.png","contentUrl":"https:\/\/litrax.ch\/wp-content\/uploads\/2023\/12\/LX234_Trans.png","width":1000,"height":667},{"@type":"BreadcrumbList","@id":"https:\/\/litrax.ch\/fr\/shop\/giorgia-jardin-dinterieur\/#breadcrumb","itemListElement":[{"@type":"ListItem","position":1,"name":"Startseite","item":"https:\/\/litrax.ch\/fr\/accueil\/"},{"@type":"ListItem","position":2,"name":"Boutique","item":"https:\/\/litrax.ch\/fr\/boutique\/"},{"@type":"ListItem","position":3,"name":"GIORGIA Smart Garden 12"}]},{"@type":"WebSite","@id":"https:\/\/litrax.ch\/fr\/#website","url":"https:\/\/litrax.ch\/fr\/","name":"Litrax - Hydroponische Systeme","description":"Erlebe Hydroponik - der erdlose Gartengenuss.","publisher":{"@id":"https:\/\/litrax.ch\/fr\/#organization"},"alternateName":"Litrax","potentialAction":[{"@type":"SearchAction","target":{"@type":"EntryPoint","urlTemplate":"https:\/\/litrax.ch\/fr\/?s={search_term_string}"},"query-input":{"@type":"PropertyValueSpecification","valueRequired":true,"valueName":"search_term_string"}}],"inLanguage":"fr-FR"},{"@type":"Organization","@id":"https:\/\/litrax.ch\/fr\/#organization","name":"Litrax - Hydroponische Systeme","alternateName":"Litrax","url":"https:\/\/litrax.ch\/fr\/","logo":{"@type":"ImageObject","inLanguage":"fr-FR","@id":"https:\/\/litrax.ch\/fr\/#\/schema\/logo\/image\/","url":"https:\/\/litrax.ch\/wp-content\/uploads\/2024\/03\/facivon.png","contentUrl":"https:\/\/litrax.ch\/wp-content\/uploads\/2024\/03\/facivon.png","width":150,"height":150,"caption":"Litrax - Hydroponische Systeme"},"image":{"@id":"https:\/\/litrax.ch\/fr\/#\/schema\/logo\/image\/"},"sameAs":["https:\/\/www.facebook.com\/Litrax.ch","https:\/\/www.instagram.com\/litrax.ch\/","https:\/\/www.tiktok.com\/@litrax.ch"],"description":"Willkommen bei Litrax \u2013 Ihrem f\u00fchrenden Online-Shop f\u00fcr hochwertige hydroponische Gartensysteme! Wir bieten eine breite Palette an L\u00f6sungen f\u00fcr Privatpersonen, Restaurants und industrielle Gro\u00dfsysteme, um Ihnen zu helfen, Ihre eigene gr\u00fcne Oase zu schaffen, unabh\u00e4ngig von Ihrem Bedarf oder Ihrer Gr\u00f6\u00dfe. F\u00fcr Haushalte\/B\u00fcros: Entdecken Sie die Freude am G\u00e4rtnern in Ihrem eigenen Zuhause mit unseren einfach zu bedienenden hydroponischen Gartensystemen. Egal, ob Sie auf einem Balkon, einer Terrasse oder in Ihrem Wohnzimmer g\u00e4rtnern m\u00f6chten \u2013 wir haben das passende System f\u00fcr Sie. Genie\u00dfen Sie frisches Gem\u00fcse, aromatische Kr\u00e4uter und farbenfrohe Blumen das ganze Jahr \u00fcber, direkt aus Ihrem hydroponischen Garten. F\u00fcr Restaurants: Steigern Sie die Qualit\u00e4t Ihrer Gerichte und beeindrucken Sie Ihre G\u00e4ste mit frischen, geschmacksintensiven Zutaten aus unserem Sortiment an hydroponischen Gartensystemen f\u00fcr den gastronomischen Bereich. Unsere Systeme sind platzsparend, effizient und einfach zu bedienen, so dass Sie Ihre eigenen Zutaten direkt in Ihrer K\u00fcche anbauen k\u00f6nnen. Erleben Sie die Freude an nachhaltigem G\u00e4rtnern und lassen Sie Ihre kulinarischen Kreationen erstrahlen. Industrielle Gro\u00dfsysteme: Optimieren Sie Ihre landwirtschaftliche Produktion mit unseren ma\u00dfgeschneiderten hydroponischen Gro\u00dfsystemen. Von vertikalen Farmen bis hin zu automatisierten Anlagen bieten wir skalierbare L\u00f6sungen f\u00fcr maximale Effizienz und Produktivit\u00e4t. Nutzen Sie die Vorteile der hydroponischen Landwirtschaft, um Ihre Ernteertr\u00e4ge zu steigern, Platz zu sparen und Ressourcen zu optimieren. Erfahren Sie, wie unsere Systeme die Zukunft der industriellen Landwirtschaft gestalten k\u00f6nnen. Bei Litrax legen wir Wert auf Qualit\u00e4t und Kundenzufriedenheit. Unsere Produkte sind sorgf\u00e4ltig ausgew\u00e4hlt, um Ihnen die besten Ergebnisse zu garantieren, und wir bieten sie zu g\u00fcnstigen Preisen an. Dank unseres eigenen Lagers in der Schweiz k\u00f6nnen wir Ihnen eine schnelle Lieferung am n\u00e4chsten Tag garantieren.","legalName":"Resyx GmbH","foundingDate":"2022-12-22","numberOfEmployees":{"@type":"QuantitativeValue","minValue":"1","maxValue":"10"}}]},"product_price_amount":"139.00","product_price_currency":"CHF","og_availability":"instock","product_availability":"instock","product_retailer_item_id":"LX234","product_condition":"new"},"_links":{"self":[{"href":"https:\/\/litrax.ch\/fr\/wp-json\/wp\/v2\/product\/18348","targetHints":{"allow":["GET"]}}],"collection":[{"href":"https:\/\/litrax.ch\/fr\/wp-json\/wp\/v2\/product"}],"about":[{"href":"https:\/\/litrax.ch\/fr\/wp-json\/wp\/v2\/types\/product"}],"replies":[{"embeddable":true,"href":"https:\/\/litrax.ch\/fr\/wp-json\/wp\/v2\/comments?post=18348"}],"wp:featuredmedia":[{"embeddable":true,"href":"https:\/\/litrax.ch\/fr\/wp-json\/wp\/v2\/media\/17829"}],"wp:attachment":[{"href":"https:\/\/litrax.ch\/fr\/wp-json\/wp\/v2\/media?parent=18348"}],"wp:term":[{"taxonomy":"product_brand","embeddable":true,"href":"https:\/\/litrax.ch\/fr\/wp-json\/wp\/v2\/product_brand?post=18348"},{"taxonomy":"product_cat","embeddable":true,"href":"https:\/\/litrax.ch\/fr\/wp-json\/wp\/v2\/product_cat?post=18348"},{"taxonomy":"product_tag","embeddable":true,"href":"https:\/\/litrax.ch\/fr\/wp-json\/wp\/v2\/product_tag?post=18348"}],"curies":[{"name":"wp","href":"https:\/\/api.w.org\/{rel}","templated":true}]}}