{"id":18430,"date":"2024-01-11T08:42:18","date_gmt":"2024-01-11T08:42:18","guid":{"rendered":"https:\/\/litrax.ch\/shop\/leon-jardin-de-herbes\/"},"modified":"2026-04-09T21:49:23","modified_gmt":"2026-04-09T21:49:23","slug":"leon-jardin-de-herbes","status":"publish","type":"product","link":"https:\/\/litrax.ch\/fr\/shop\/leon-jardin-de-herbes\/","title":{"rendered":"LEON Smart Garden 10"},"content":{"rendered":"<h3>Syst\u00e8me de culture hydroponique \u00e0 domicile avec lumi\u00e8re de croissance LED<\/h3>\n<h4>La fa\u00e7on simple et intelligente de jardiner &#8211; toute l&#8217;ann\u00e9e.<\/h4>\n<p>Transformez votre maison en une oasis de verdure avec notre syst\u00e8me intelligent de jardinage hydroponique ! Que vous souhaitiez cultiver des herbes fra\u00eeches, des l\u00e9gumes croquants ou des fruits juteux, ce syst\u00e8me vous facilite la t\u00e2che. Gr\u00e2ce \u00e0 une technologie innovante et \u00e0 un design moderne, vos plantes poussent sans effort et plus rapidement que jamais.  <\/p>\n<p>Avec des lampes de croissance LED plein-spectre r\u00e9glables en hauteur qui imitent parfaitement la lumi\u00e8re du soleil, notre syst\u00e8me assure des conditions de croissance id\u00e9ales. La pompe \u00e0 eau int\u00e9gr\u00e9e et le r\u00e9servoir auto-distributeur garantissent une circulation optimale de l&#8217;oxyg\u00e8ne et disent adieu \u00e0 l&#8217;eau stagnante et \u00e0 la pourriture des racines. <\/p>\n<p>&nbsp;<\/p>\n<h4>Pourquoi notre syst\u00e8me de jardinage hydroponique ?<\/h4>\n<ul>\n<li><strong>Smart et flexible : <\/strong>deux modes de croissance sp\u00e9cialement con\u00e7us pour les l\u00e9gumes et les fruits.<\/li>\n<li><strong>Gain de place :<\/strong> id\u00e9al pour les appartements, les bureaux ou les cuisines.<\/li>\n<li><strong>Jardinage sans effort : <\/strong>minuterie automatique pour les lumi\u00e8res LED et la pompe &#8211; d\u00e9tendez-vous pendant que le syst\u00e8me fonctionne.<\/li>\n<li><strong>Des r\u00e9sultats sains : <\/strong>Favorise une forte croissance des racines et la floraison des plantes.<\/li>\n<\/ul>\n<h4>C&#8217;est ainsi que cela fonctionne :<\/h4>\n<ol>\n<li>Remplissez le r\u00e9servoir d&#8217;eau et ins\u00e9rez vos pastilles de croissance pour plantes.<\/li>\n<li>Choisissez le mode de croissance le plus appropri\u00e9 pour vos plantes.<\/li>\n<li>D\u00e9tendez-vous et profitez de la croissance, sans terreau ni entretien compliqu\u00e9 !<\/li>\n<\/ol>\n<h4>Pour qui le syst\u00e8me est-il id\u00e9al ?<\/h4>\n<ul>\n<li><strong>Pour les citadins, <\/strong>d\u00e9couvrez le jardinage m\u00eame sans jardin.<\/li>\n<li><strong>Pour les d\u00e9butants :<\/strong> parfait pour toute personne d\u00e9butant dans le jardinage d&#8217;int\u00e9rieur.<\/li>\n<li><strong>Pour les professionnels :<\/strong> optimisez votre r\u00e9colte avec une technologie intelligente.<\/li>\n<li><strong>Pour les durables :<\/strong> jardinez en pr\u00e9servant les ressources et en utilisant un minimum d&#8217;eau.<\/li>\n<\/ul>\n<h4>Faites de votre maison une oasis de bien-\u00eatre !<\/h4>\n<p>\u00c9conomisez du temps et des efforts tout en profitant de plantes fra\u00eeches et saines. Commandez d\u00e8s maintenant notre syst\u00e8me de culture hydroponique et d\u00e9couvrez une nouvelle fa\u00e7on de jardiner &#8211; innovante, durable et simple comme un jeu d&#8217;enfant. <\/p>\n<h3><\/h3>\n<h3>Principales caract\u00e9ristiques<\/h3>\n<ul>\n<li>Culture hydroponique<\/li>\n<li>Pompe \u00e0 eau pour circuit d&#8217;eau<\/li>\n<li>Lampes LED pour la croissance des plantes<\/li>\n<li>Position de la lampe r\u00e9glable<\/li>\n<li>R\u00e9servoir d&#8217;eau<\/li>\n<li>Indicateur de niveau d&#8217;eau<\/li>\n<li>Une alimentation en eau facile<\/li>\n<li>Tampons de croissance pour plantes<\/li>\n<li>D\u00e9veloppement sain des racines des plantes<\/li>\n<li>Mode fruits \/ l\u00e9gumes<\/li>\n<\/ul>\n<p>&nbsp;<\/p>\n<div class=\"video-container responsive-embed widescreen\"><iframe title=\"LITRAX LX211 Instruction\" width=\"900\" height=\"506\" src=\"https:\/\/www.youtube.com\/embed\/ycff76jdvlo?feature=oembed\" frameborder=\"0\" allow=\"accelerometer; autoplay; clipboard-write; encrypted-media; gyroscope; picture-in-picture; web-share\" allowfullscreen><\/iframe><\/div>\n","protected":false},"excerpt":{"rendered":"<p>Syst\u00e8me de culture hydroponique \u00e0 domicile avec lumi\u00e8re de croissance LED La fa\u00e7on simple et intelligente de jardiner &#8211; toute l&#8217;ann\u00e9e. Transformez votre maison en une oasis de verdure avec notre syst\u00e8me intelligent de jardinage hydroponique ! Que vous souhaitiez cultiver des herbes fra\u00eeches, des l\u00e9gumes croquants ou des fruits juteux, ce syst\u00e8me vous facilite [&hellip;]<\/p>\n","protected":false},"featured_media":17802,"comment_status":"open","ping_status":"closed","template":"","meta":[],"product_brand":[],"product_cat":[119],"product_tag":[754],"class_list":{"0":"post-18430","1":"product","2":"type-product","3":"status-publish","4":"has-post-thumbnail","6":"product_cat-hydroponique","7":"product_tag-indoor-fr-2","9":"first","10":"instock","11":"taxable","12":"shipping-taxable","13":"purchasable","14":"product-type-simple"},"yoast_head":"<!-- This site is optimized with the Yoast SEO Premium plugin v26.7 (Yoast SEO v27.4) - https:\/\/yoast.com\/product\/yoast-seo-premium-wordpress\/ -->\n<title>LEON Smart Garden 10 - r\u00e9sultats rapides en cuisine.<\/title>\n<meta name=\"description\" content=\"Herbes fra\u00eeches et salades 24\/7. R\u00e9volutionnez votre cuisine avec le LEON Smart Garden 10 intelligent. Des plantes saines avec 90 % d&#039;eau en moins\" \/>\n<meta name=\"robots\" content=\"index, follow, max-snippet:-1, max-image-preview:large, max-video-preview:-1\" \/>\n<link rel=\"canonical\" href=\"https:\/\/litrax.ch\/fr\/shop\/leon-jardin-de-herbes\/\" \/>\n<meta property=\"og:locale\" content=\"fr_FR\" \/>\n<meta property=\"og:type\" content=\"article\" \/>\n<meta property=\"og:title\" content=\"LEON Smart Garden 10\" \/>\n<meta property=\"og:description\" content=\"Herbes fra\u00eeches et salades 24\/7. R\u00e9volutionnez votre cuisine avec le LEON Smart Garden 10 intelligent. Des plantes saines avec 90 % d&#039;eau en moins\" \/>\n<meta property=\"og:url\" content=\"https:\/\/litrax.ch\/fr\/shop\/leon-jardin-de-herbes\/\" \/>\n<meta property=\"og:site_name\" content=\"Litrax - Hydroponische Systeme\" \/>\n<meta property=\"article:publisher\" content=\"https:\/\/www.facebook.com\/Litrax.ch\" \/>\n<meta property=\"article:modified_time\" content=\"2026-04-09T21:49:23+00:00\" \/>\n<meta property=\"og:image\" content=\"https:\/\/litrax.ch\/wp-content\/uploads\/2024\/01\/LX211S_Trans.png\" \/>\n\t<meta property=\"og:image:width\" content=\"1000\" \/>\n\t<meta property=\"og:image:height\" content=\"667\" \/>\n\t<meta property=\"og:image:type\" content=\"image\/png\" \/>\n<meta name=\"twitter:card\" content=\"summary_large_image\" \/>\n<meta name=\"twitter:label1\" content=\"Prix\" \/>\n\t<meta name=\"twitter:data1\" content=\"&#067;&#072;&#070;&nbsp;125.00\" \/>\n\t<meta name=\"twitter:label2\" content=\"Disponibilit\u00e9\" \/>\n\t<meta name=\"twitter:data2\" content=\"En stock\" \/>\n<script type=\"application\/ld+json\" class=\"yoast-schema-graph\">{\"@context\":\"https:\\\/\\\/schema.org\",\"@graph\":[{\"@type\":\"WebPage\",\"@id\":\"https:\\\/\\\/litrax.ch\\\/fr\\\/shop\\\/leon-jardin-de-herbes\\\/\",\"url\":\"https:\\\/\\\/litrax.ch\\\/fr\\\/shop\\\/leon-jardin-de-herbes\\\/\",\"name\":\"LEON Smart Garden 10 - r\u00e9sultats rapides en cuisine.\",\"isPartOf\":{\"@id\":\"https:\\\/\\\/litrax.ch\\\/fr\\\/#website\"},\"primaryImageOfPage\":{\"@id\":\"https:\\\/\\\/litrax.ch\\\/fr\\\/shop\\\/leon-jardin-de-herbes\\\/#primaryimage\"},\"image\":{\"@id\":\"https:\\\/\\\/litrax.ch\\\/fr\\\/shop\\\/leon-jardin-de-herbes\\\/#primaryimage\"},\"thumbnailUrl\":\"https:\\\/\\\/litrax.ch\\\/wp-content\\\/uploads\\\/2024\\\/01\\\/LX211S_Trans.png\",\"datePublished\":\"2024-01-11T08:42:18+00:00\",\"dateModified\":\"2026-04-09T21:49:23+00:00\",\"description\":\"Herbes fra\u00eeches et salades 24\\\/7. R\u00e9volutionnez votre cuisine avec le LEON Smart Garden 10 intelligent. Des plantes saines avec 90 % d'eau en moins\",\"breadcrumb\":{\"@id\":\"https:\\\/\\\/litrax.ch\\\/fr\\\/shop\\\/leon-jardin-de-herbes\\\/#breadcrumb\"},\"inLanguage\":\"fr-FR\",\"potentialAction\":[{\"@type\":\"ReadAction\",\"target\":[\"https:\\\/\\\/litrax.ch\\\/fr\\\/shop\\\/leon-jardin-de-herbes\\\/\"]}]},{\"@type\":\"ImageObject\",\"inLanguage\":\"fr-FR\",\"@id\":\"https:\\\/\\\/litrax.ch\\\/fr\\\/shop\\\/leon-jardin-de-herbes\\\/#primaryimage\",\"url\":\"https:\\\/\\\/litrax.ch\\\/wp-content\\\/uploads\\\/2024\\\/01\\\/LX211S_Trans.png\",\"contentUrl\":\"https:\\\/\\\/litrax.ch\\\/wp-content\\\/uploads\\\/2024\\\/01\\\/LX211S_Trans.png\",\"width\":1000,\"height\":667},{\"@type\":\"BreadcrumbList\",\"@id\":\"https:\\\/\\\/litrax.ch\\\/fr\\\/shop\\\/leon-jardin-de-herbes\\\/#breadcrumb\",\"itemListElement\":[{\"@type\":\"ListItem\",\"position\":1,\"name\":\"Startseite\",\"item\":\"https:\\\/\\\/litrax.ch\\\/fr\\\/accueil\\\/\"},{\"@type\":\"ListItem\",\"position\":2,\"name\":\"Boutique\",\"item\":\"https:\\\/\\\/litrax.ch\\\/fr\\\/boutique\\\/\"},{\"@type\":\"ListItem\",\"position\":3,\"name\":\"Syst\u00e8me de jardinage d'int\u00e9rieur\"}]},{\"@type\":\"WebSite\",\"@id\":\"https:\\\/\\\/litrax.ch\\\/fr\\\/#website\",\"url\":\"https:\\\/\\\/litrax.ch\\\/fr\\\/\",\"name\":\"Litrax - Hydroponische Systeme\",\"description\":\"Erlebe Hydroponik - der erdlose Gartengenuss.\",\"publisher\":{\"@id\":\"https:\\\/\\\/litrax.ch\\\/fr\\\/#organization\"},\"alternateName\":\"Litrax\",\"potentialAction\":[{\"@type\":\"SearchAction\",\"target\":{\"@type\":\"EntryPoint\",\"urlTemplate\":\"https:\\\/\\\/litrax.ch\\\/fr\\\/?s={search_term_string}\"},\"query-input\":{\"@type\":\"PropertyValueSpecification\",\"valueRequired\":true,\"valueName\":\"search_term_string\"}}],\"inLanguage\":\"fr-FR\"},{\"@type\":\"Organization\",\"@id\":\"https:\\\/\\\/litrax.ch\\\/fr\\\/#organization\",\"name\":\"Litrax - Hydroponische Systeme\",\"alternateName\":\"Litrax\",\"url\":\"https:\\\/\\\/litrax.ch\\\/fr\\\/\",\"logo\":{\"@type\":\"ImageObject\",\"inLanguage\":\"fr-FR\",\"@id\":\"https:\\\/\\\/litrax.ch\\\/fr\\\/#\\\/schema\\\/logo\\\/image\\\/\",\"url\":\"https:\\\/\\\/litrax.ch\\\/wp-content\\\/uploads\\\/2024\\\/03\\\/facivon.png\",\"contentUrl\":\"https:\\\/\\\/litrax.ch\\\/wp-content\\\/uploads\\\/2024\\\/03\\\/facivon.png\",\"width\":150,\"height\":150,\"caption\":\"Litrax - Hydroponische Systeme\"},\"image\":{\"@id\":\"https:\\\/\\\/litrax.ch\\\/fr\\\/#\\\/schema\\\/logo\\\/image\\\/\"},\"sameAs\":[\"https:\\\/\\\/www.facebook.com\\\/Litrax.ch\",\"https:\\\/\\\/www.instagram.com\\\/litrax.ch\\\/\",\"https:\\\/\\\/www.tiktok.com\\\/@litrax.ch\"],\"description\":\"Willkommen bei Litrax \u2013 Ihrem f\u00fchrenden Online-Shop f\u00fcr hochwertige hydroponische Gartensysteme! Wir bieten eine breite Palette an L\u00f6sungen f\u00fcr Privatpersonen, Restaurants und industrielle Gro\u00dfsysteme, um Ihnen zu helfen, Ihre eigene gr\u00fcne Oase zu schaffen, unabh\u00e4ngig von Ihrem Bedarf oder Ihrer Gr\u00f6\u00dfe. F\u00fcr Haushalte\\\/B\u00fcros: Entdecken Sie die Freude am G\u00e4rtnern in Ihrem eigenen Zuhause mit unseren einfach zu bedienenden hydroponischen Gartensystemen. Egal, ob Sie auf einem Balkon, einer Terrasse oder in Ihrem Wohnzimmer g\u00e4rtnern m\u00f6chten \u2013 wir haben das passende System f\u00fcr Sie. Genie\u00dfen Sie frisches Gem\u00fcse, aromatische Kr\u00e4uter und farbenfrohe Blumen das ganze Jahr \u00fcber, direkt aus Ihrem hydroponischen Garten. F\u00fcr Restaurants: Steigern Sie die Qualit\u00e4t Ihrer Gerichte und beeindrucken Sie Ihre G\u00e4ste mit frischen, geschmacksintensiven Zutaten aus unserem Sortiment an hydroponischen Gartensystemen f\u00fcr den gastronomischen Bereich. Unsere Systeme sind platzsparend, effizient und einfach zu bedienen, so dass Sie Ihre eigenen Zutaten direkt in Ihrer K\u00fcche anbauen k\u00f6nnen. Erleben Sie die Freude an nachhaltigem G\u00e4rtnern und lassen Sie Ihre kulinarischen Kreationen erstrahlen. Industrielle Gro\u00dfsysteme: Optimieren Sie Ihre landwirtschaftliche Produktion mit unseren ma\u00dfgeschneiderten hydroponischen Gro\u00dfsystemen. Von vertikalen Farmen bis hin zu automatisierten Anlagen bieten wir skalierbare L\u00f6sungen f\u00fcr maximale Effizienz und Produktivit\u00e4t. Nutzen Sie die Vorteile der hydroponischen Landwirtschaft, um Ihre Ernteertr\u00e4ge zu steigern, Platz zu sparen und Ressourcen zu optimieren. Erfahren Sie, wie unsere Systeme die Zukunft der industriellen Landwirtschaft gestalten k\u00f6nnen. Bei Litrax legen wir Wert auf Qualit\u00e4t und Kundenzufriedenheit. Unsere Produkte sind sorgf\u00e4ltig ausgew\u00e4hlt, um Ihnen die besten Ergebnisse zu garantieren, und wir bieten sie zu g\u00fcnstigen Preisen an. Dank unseres eigenen Lagers in der Schweiz k\u00f6nnen wir Ihnen eine schnelle Lieferung am n\u00e4chsten Tag garantieren.\",\"legalName\":\"Resyx GmbH\",\"foundingDate\":\"2022-12-22\",\"numberOfEmployees\":{\"@type\":\"QuantitativeValue\",\"minValue\":\"1\",\"maxValue\":\"10\"}}]}<\/script>\n<meta property=\"product:price:amount\" content=\"125.00\" \/>\n<meta property=\"product:price:currency\" content=\"CHF\" \/>\n<meta property=\"og:availability\" content=\"instock\" \/>\n<meta property=\"product:availability\" content=\"instock\" \/>\n<meta property=\"product:retailer_item_id\" content=\"LX211\" \/>\n<meta property=\"product:condition\" content=\"new\" \/>\n<!-- \/ Yoast SEO Premium plugin. -->","yoast_head_json":{"title":"LEON Smart Garden 10 - r\u00e9sultats rapides en cuisine.","description":"Herbes fra\u00eeches et salades 24\/7. R\u00e9volutionnez votre cuisine avec le LEON Smart Garden 10 intelligent. Des plantes saines avec 90 % d'eau en moins","robots":{"index":"index","follow":"follow","max-snippet":"max-snippet:-1","max-image-preview":"max-image-preview:large","max-video-preview":"max-video-preview:-1"},"canonical":"https:\/\/litrax.ch\/fr\/shop\/leon-jardin-de-herbes\/","og_locale":"fr_FR","og_type":"article","og_title":"LEON Smart Garden 10","og_description":"Herbes fra\u00eeches et salades 24\/7. R\u00e9volutionnez votre cuisine avec le LEON Smart Garden 10 intelligent. Des plantes saines avec 90 % d'eau en moins","og_url":"https:\/\/litrax.ch\/fr\/shop\/leon-jardin-de-herbes\/","og_site_name":"Litrax - Hydroponische Systeme","article_publisher":"https:\/\/www.facebook.com\/Litrax.ch","article_modified_time":"2026-04-09T21:49:23+00:00","og_image":[{"width":1000,"height":667,"url":"https:\/\/litrax.ch\/wp-content\/uploads\/2024\/01\/LX211S_Trans.png","type":"image\/png"}],"twitter_card":"summary_large_image","twitter_misc":{"Prix":"&#67;&#72;&#70;&nbsp;125.00","Disponibilit\u00e9":"En stock"},"schema":{"@context":"https:\/\/schema.org","@graph":[{"@type":"WebPage","@id":"https:\/\/litrax.ch\/fr\/shop\/leon-jardin-de-herbes\/","url":"https:\/\/litrax.ch\/fr\/shop\/leon-jardin-de-herbes\/","name":"LEON Smart Garden 10 - r\u00e9sultats rapides en cuisine.","isPartOf":{"@id":"https:\/\/litrax.ch\/fr\/#website"},"primaryImageOfPage":{"@id":"https:\/\/litrax.ch\/fr\/shop\/leon-jardin-de-herbes\/#primaryimage"},"image":{"@id":"https:\/\/litrax.ch\/fr\/shop\/leon-jardin-de-herbes\/#primaryimage"},"thumbnailUrl":"https:\/\/litrax.ch\/wp-content\/uploads\/2024\/01\/LX211S_Trans.png","datePublished":"2024-01-11T08:42:18+00:00","dateModified":"2026-04-09T21:49:23+00:00","description":"Herbes fra\u00eeches et salades 24\/7. R\u00e9volutionnez votre cuisine avec le LEON Smart Garden 10 intelligent. Des plantes saines avec 90 % d'eau en moins","breadcrumb":{"@id":"https:\/\/litrax.ch\/fr\/shop\/leon-jardin-de-herbes\/#breadcrumb"},"inLanguage":"fr-FR","potentialAction":[{"@type":"ReadAction","target":["https:\/\/litrax.ch\/fr\/shop\/leon-jardin-de-herbes\/"]}]},{"@type":"ImageObject","inLanguage":"fr-FR","@id":"https:\/\/litrax.ch\/fr\/shop\/leon-jardin-de-herbes\/#primaryimage","url":"https:\/\/litrax.ch\/wp-content\/uploads\/2024\/01\/LX211S_Trans.png","contentUrl":"https:\/\/litrax.ch\/wp-content\/uploads\/2024\/01\/LX211S_Trans.png","width":1000,"height":667},{"@type":"BreadcrumbList","@id":"https:\/\/litrax.ch\/fr\/shop\/leon-jardin-de-herbes\/#breadcrumb","itemListElement":[{"@type":"ListItem","position":1,"name":"Startseite","item":"https:\/\/litrax.ch\/fr\/accueil\/"},{"@type":"ListItem","position":2,"name":"Boutique","item":"https:\/\/litrax.ch\/fr\/boutique\/"},{"@type":"ListItem","position":3,"name":"Syst\u00e8me de jardinage d'int\u00e9rieur"}]},{"@type":"WebSite","@id":"https:\/\/litrax.ch\/fr\/#website","url":"https:\/\/litrax.ch\/fr\/","name":"Litrax - Hydroponische Systeme","description":"Erlebe Hydroponik - der erdlose Gartengenuss.","publisher":{"@id":"https:\/\/litrax.ch\/fr\/#organization"},"alternateName":"Litrax","potentialAction":[{"@type":"SearchAction","target":{"@type":"EntryPoint","urlTemplate":"https:\/\/litrax.ch\/fr\/?s={search_term_string}"},"query-input":{"@type":"PropertyValueSpecification","valueRequired":true,"valueName":"search_term_string"}}],"inLanguage":"fr-FR"},{"@type":"Organization","@id":"https:\/\/litrax.ch\/fr\/#organization","name":"Litrax - Hydroponische Systeme","alternateName":"Litrax","url":"https:\/\/litrax.ch\/fr\/","logo":{"@type":"ImageObject","inLanguage":"fr-FR","@id":"https:\/\/litrax.ch\/fr\/#\/schema\/logo\/image\/","url":"https:\/\/litrax.ch\/wp-content\/uploads\/2024\/03\/facivon.png","contentUrl":"https:\/\/litrax.ch\/wp-content\/uploads\/2024\/03\/facivon.png","width":150,"height":150,"caption":"Litrax - Hydroponische Systeme"},"image":{"@id":"https:\/\/litrax.ch\/fr\/#\/schema\/logo\/image\/"},"sameAs":["https:\/\/www.facebook.com\/Litrax.ch","https:\/\/www.instagram.com\/litrax.ch\/","https:\/\/www.tiktok.com\/@litrax.ch"],"description":"Willkommen bei Litrax \u2013 Ihrem f\u00fchrenden Online-Shop f\u00fcr hochwertige hydroponische Gartensysteme! Wir bieten eine breite Palette an L\u00f6sungen f\u00fcr Privatpersonen, Restaurants und industrielle Gro\u00dfsysteme, um Ihnen zu helfen, Ihre eigene gr\u00fcne Oase zu schaffen, unabh\u00e4ngig von Ihrem Bedarf oder Ihrer Gr\u00f6\u00dfe. F\u00fcr Haushalte\/B\u00fcros: Entdecken Sie die Freude am G\u00e4rtnern in Ihrem eigenen Zuhause mit unseren einfach zu bedienenden hydroponischen Gartensystemen. Egal, ob Sie auf einem Balkon, einer Terrasse oder in Ihrem Wohnzimmer g\u00e4rtnern m\u00f6chten \u2013 wir haben das passende System f\u00fcr Sie. Genie\u00dfen Sie frisches Gem\u00fcse, aromatische Kr\u00e4uter und farbenfrohe Blumen das ganze Jahr \u00fcber, direkt aus Ihrem hydroponischen Garten. F\u00fcr Restaurants: Steigern Sie die Qualit\u00e4t Ihrer Gerichte und beeindrucken Sie Ihre G\u00e4ste mit frischen, geschmacksintensiven Zutaten aus unserem Sortiment an hydroponischen Gartensystemen f\u00fcr den gastronomischen Bereich. Unsere Systeme sind platzsparend, effizient und einfach zu bedienen, so dass Sie Ihre eigenen Zutaten direkt in Ihrer K\u00fcche anbauen k\u00f6nnen. Erleben Sie die Freude an nachhaltigem G\u00e4rtnern und lassen Sie Ihre kulinarischen Kreationen erstrahlen. Industrielle Gro\u00dfsysteme: Optimieren Sie Ihre landwirtschaftliche Produktion mit unseren ma\u00dfgeschneiderten hydroponischen Gro\u00dfsystemen. Von vertikalen Farmen bis hin zu automatisierten Anlagen bieten wir skalierbare L\u00f6sungen f\u00fcr maximale Effizienz und Produktivit\u00e4t. Nutzen Sie die Vorteile der hydroponischen Landwirtschaft, um Ihre Ernteertr\u00e4ge zu steigern, Platz zu sparen und Ressourcen zu optimieren. Erfahren Sie, wie unsere Systeme die Zukunft der industriellen Landwirtschaft gestalten k\u00f6nnen. Bei Litrax legen wir Wert auf Qualit\u00e4t und Kundenzufriedenheit. Unsere Produkte sind sorgf\u00e4ltig ausgew\u00e4hlt, um Ihnen die besten Ergebnisse zu garantieren, und wir bieten sie zu g\u00fcnstigen Preisen an. Dank unseres eigenen Lagers in der Schweiz k\u00f6nnen wir Ihnen eine schnelle Lieferung am n\u00e4chsten Tag garantieren.","legalName":"Resyx GmbH","foundingDate":"2022-12-22","numberOfEmployees":{"@type":"QuantitativeValue","minValue":"1","maxValue":"10"}}]},"product_price_amount":"125.00","product_price_currency":"CHF","og_availability":"instock","product_availability":"instock","product_retailer_item_id":"LX211","product_condition":"new"},"_links":{"self":[{"href":"https:\/\/litrax.ch\/fr\/wp-json\/wp\/v2\/product\/18430","targetHints":{"allow":["GET"]}}],"collection":[{"href":"https:\/\/litrax.ch\/fr\/wp-json\/wp\/v2\/product"}],"about":[{"href":"https:\/\/litrax.ch\/fr\/wp-json\/wp\/v2\/types\/product"}],"replies":[{"embeddable":true,"href":"https:\/\/litrax.ch\/fr\/wp-json\/wp\/v2\/comments?post=18430"}],"wp:featuredmedia":[{"embeddable":true,"href":"https:\/\/litrax.ch\/fr\/wp-json\/wp\/v2\/media\/17802"}],"wp:attachment":[{"href":"https:\/\/litrax.ch\/fr\/wp-json\/wp\/v2\/media?parent=18430"}],"wp:term":[{"taxonomy":"product_brand","embeddable":true,"href":"https:\/\/litrax.ch\/fr\/wp-json\/wp\/v2\/product_brand?post=18430"},{"taxonomy":"product_cat","embeddable":true,"href":"https:\/\/litrax.ch\/fr\/wp-json\/wp\/v2\/product_cat?post=18430"},{"taxonomy":"product_tag","embeddable":true,"href":"https:\/\/litrax.ch\/fr\/wp-json\/wp\/v2\/product_tag?post=18430"}],"curies":[{"name":"wp","href":"https:\/\/api.w.org\/{rel}","templated":true}]}}