{"id":18447,"date":"2024-01-11T08:42:49","date_gmt":"2024-01-11T08:42:49","guid":{"rendered":"https:\/\/litrax.ch\/shop\/gian-jardin-dherbes\/"},"modified":"2026-04-13T15:48:04","modified_gmt":"2026-04-13T15:48:04","slug":"gian-jardin-dherbes","status":"publish","type":"product","link":"https:\/\/litrax.ch\/fr\/shop\/gian-jardin-dherbes\/","title":{"rendered":"GIAN &#8211; Smart Garden 4"},"content":{"rendered":"<p><strong>Red\u00e9couvrez le jardinage d&#8217;int\u00e9rieur avec le LX229 &#8211; GIAN Jardin d&#8217;herbes aromatiques !<\/strong>  Pour encore plus d&#8217;innovation, essayez le GIAN &#8211; Smart Garden 4.<\/p>\n<p>Faites entrer des herbes fra\u00eeches, des l\u00e9gumes croquants et des plantes fleuries dans votre maison, sans effort, en \u00e9conomisant de l&#8217;espace et de mani\u00e8re durable. Ce syst\u00e8me hydroponique compact \u00e0 4 pods vous permet de cultiver 4 plantes simultan\u00e9ment et est parfaitement adapt\u00e9 aux petits espaces int\u00e9rieurs. Gr\u00e2ce au contr\u00f4le intelligent et \u00e0 une puce avanc\u00e9e, vous choisissez facilement entre les modes de culture de l\u00e9gumes ou de fleurs et de fruits.   Le GIAN &#8211; Smart Garden 4 vous offre une assistance de premier ordre \u00e0 cet \u00e9gard.<\/p>\n<p>Le panneau LED r\u00e9glable en hauteur s&#8217;adapte parfaitement aux phases de croissance de vos plantes &#8211; jusqu&#8217;\u00e0 une hauteur de 38 cm ! Un r\u00e9servoir d&#8217;eau g\u00e9n\u00e9reux de 1,25 litre r\u00e9duit les intervalles de remplissage et vous fait gagner un temps pr\u00e9cieux. M\u00eame en cas de panne de courant, le m\u00e9canisme de protection int\u00e9gr\u00e9 assure la continuit\u00e9 des soins aux plantes.  <\/p>\n<p><strong>Le jardin d&#8217;herbes aromatiques GIAN &#8211; l&#8217;avenir du jardinage : innovant, efficace et durable. Faites du jardinage en int\u00e9rieur votre nouveau style de vie ! <\/strong><\/p>\n<h3><strong>Pourquoi le jardin d&#8217;herbes aromatiques GIAN est id\u00e9al pour vous :<\/strong><\/h3>\n<ol>\n<li><strong>Deux modes de culture intelligents<\/strong><br \/>\nChoisissez facilement le mode qui vous convient &#8211; pour des l\u00e9gumes juteux ou des plantes et des fruits en fleurs. Il suffit d&#8217;appuyer sur un bouton pour que vos plantes b\u00e9n\u00e9ficient d&#8217;une alimentation optimale ! <\/li>\n<li><strong>Panneau LED flexible pour une croissance optimale<\/strong><br \/>\nLe panneau LED r\u00e9glable en hauteur (jusqu&#8217;\u00e0 38 cm) offre des conditions d&#8217;\u00e9clairage id\u00e9ales et s&#8217;adapte \u00e0 la taille de vos plantes pour favoriser une croissance maximale.<\/li>\n<li><strong>Grand r\u00e9servoir d&#8217;eau de 1,25 litre pour moins d&#8217;efforts<\/strong><br \/>\nDes intervalles plus longs entre les remplissages permettent de gagner du temps et rendent le jardin d&#8217;herbes aromatiques GIAN particuli\u00e8rement facile \u00e0 entretenir.<\/li>\n<li><strong>S\u00fbr et fiable m\u00eame en cas de coupure de courant<\/strong><br \/>\nLa fonction de protection automatique garantit que vos plantes restent aliment\u00e9es 24 heures sur 24, m\u00eame en cas de coupure de courant. Le GIAN &#8211; Smart Garden 4 reste ainsi fiable \u00e0 tout moment.<\/li>\n<li><strong>Efficace et \u00e9conome en \u00e9nergie<\/strong><br \/>\nAvec une consommation \u00e9conomique de seulement 17W, vous b\u00e9n\u00e9ficiez de co\u00fbts d&#8217;\u00e9lectricit\u00e9 r\u00e9duits et d&#8217;une solution \u00e9cologique pour votre jardin d&#8217;int\u00e9rieur.<\/li>\n<\/ol>\n","protected":false},"excerpt":{"rendered":"<p>4 Pods Syst\u00e8me de culture hydroponique d&#8217;int\u00e9rieur<\/p>\n","protected":false},"featured_media":17826,"comment_status":"open","ping_status":"closed","template":"","meta":[],"product_brand":[],"product_cat":[119],"product_tag":[754],"class_list":{"0":"post-18447","1":"product","2":"type-product","3":"status-publish","4":"has-post-thumbnail","6":"product_cat-hydroponique","7":"product_tag-indoor-fr-2","9":"first","10":"instock","11":"taxable","12":"shipping-taxable","13":"purchasable","14":"product-type-simple"},"yoast_head":"<!-- This site is optimized with the Yoast SEO Premium plugin v26.7 (Yoast SEO v27.4) - https:\/\/yoast.com\/product\/yoast-seo-premium-wordpress\/ -->\n<title>GIAN - Smart Garden : 4 Pods pour herbes fra\u00eeches %%page% - Litrax - Hydroponische Systeme<\/title>\n<meta name=\"description\" content=\"Vous voulez cultiver des herbes fra\u00eeches et des l\u00e9gumes \u00e0 feuilles ? Le GIAN - Smart Garden 4 le permet en rendant le jardinage simple et efficace !\" \/>\n<meta name=\"robots\" content=\"index, follow, max-snippet:-1, max-image-preview:large, max-video-preview:-1\" \/>\n<link rel=\"canonical\" href=\"https:\/\/litrax.ch\/fr\/shop\/gian-jardin-dherbes\/\" \/>\n<meta property=\"og:locale\" content=\"fr_FR\" \/>\n<meta property=\"og:type\" content=\"article\" \/>\n<meta property=\"og:title\" content=\"GIAN - Smart Garden 4\" \/>\n<meta property=\"og:description\" content=\"Vous voulez cultiver des herbes fra\u00eeches et des l\u00e9gumes \u00e0 feuilles ? Le GIAN - Smart Garden 4 le permet en rendant le jardinage simple et efficace !\" \/>\n<meta property=\"og:url\" content=\"https:\/\/litrax.ch\/fr\/shop\/gian-jardin-dherbes\/\" \/>\n<meta property=\"og:site_name\" content=\"Litrax - Hydroponische Systeme\" \/>\n<meta property=\"article:publisher\" content=\"https:\/\/www.facebook.com\/Litrax.ch\" \/>\n<meta property=\"article:modified_time\" content=\"2026-04-13T15:48:04+00:00\" \/>\n<meta property=\"og:image\" content=\"https:\/\/litrax.ch\/wp-content\/uploads\/2023\/12\/LX229_Trans.png\" \/>\n\t<meta property=\"og:image:width\" content=\"1000\" \/>\n\t<meta property=\"og:image:height\" content=\"667\" \/>\n\t<meta property=\"og:image:type\" content=\"image\/png\" \/>\n<meta name=\"twitter:card\" content=\"summary_large_image\" \/>\n<meta name=\"twitter:label1\" content=\"Prix\" \/>\n\t<meta name=\"twitter:data1\" content=\"&#067;&#072;&#070;&nbsp;86.50\" \/>\n\t<meta name=\"twitter:label2\" content=\"Disponibilit\u00e9\" \/>\n\t<meta name=\"twitter:data2\" content=\"En stock\" \/>\n<script type=\"application\/ld+json\" class=\"yoast-schema-graph\">{\"@context\":\"https:\\\/\\\/schema.org\",\"@graph\":[{\"@type\":\"WebPage\",\"@id\":\"https:\\\/\\\/litrax.ch\\\/fr\\\/shop\\\/gian-jardin-dherbes\\\/\",\"url\":\"https:\\\/\\\/litrax.ch\\\/fr\\\/shop\\\/gian-jardin-dherbes\\\/\",\"name\":\"GIAN - Smart Garden : 4 Pods pour herbes fra\u00eeches %%page% - Litrax - Hydroponische Systeme\",\"isPartOf\":{\"@id\":\"https:\\\/\\\/litrax.ch\\\/fr\\\/#website\"},\"primaryImageOfPage\":{\"@id\":\"https:\\\/\\\/litrax.ch\\\/fr\\\/shop\\\/gian-jardin-dherbes\\\/#primaryimage\"},\"image\":{\"@id\":\"https:\\\/\\\/litrax.ch\\\/fr\\\/shop\\\/gian-jardin-dherbes\\\/#primaryimage\"},\"thumbnailUrl\":\"https:\\\/\\\/litrax.ch\\\/wp-content\\\/uploads\\\/2023\\\/12\\\/LX229_Trans.png\",\"datePublished\":\"2024-01-11T08:42:49+00:00\",\"dateModified\":\"2026-04-13T15:48:04+00:00\",\"description\":\"Vous voulez cultiver des herbes fra\u00eeches et des l\u00e9gumes \u00e0 feuilles ? Le GIAN - Smart Garden 4 le permet en rendant le jardinage simple et efficace !\",\"breadcrumb\":{\"@id\":\"https:\\\/\\\/litrax.ch\\\/fr\\\/shop\\\/gian-jardin-dherbes\\\/#breadcrumb\"},\"inLanguage\":\"fr-FR\",\"potentialAction\":[{\"@type\":\"ReadAction\",\"target\":[\"https:\\\/\\\/litrax.ch\\\/fr\\\/shop\\\/gian-jardin-dherbes\\\/\"]}]},{\"@type\":\"ImageObject\",\"inLanguage\":\"fr-FR\",\"@id\":\"https:\\\/\\\/litrax.ch\\\/fr\\\/shop\\\/gian-jardin-dherbes\\\/#primaryimage\",\"url\":\"https:\\\/\\\/litrax.ch\\\/wp-content\\\/uploads\\\/2023\\\/12\\\/LX229_Trans.png\",\"contentUrl\":\"https:\\\/\\\/litrax.ch\\\/wp-content\\\/uploads\\\/2023\\\/12\\\/LX229_Trans.png\",\"width\":1000,\"height\":667},{\"@type\":\"BreadcrumbList\",\"@id\":\"https:\\\/\\\/litrax.ch\\\/fr\\\/shop\\\/gian-jardin-dherbes\\\/#breadcrumb\",\"itemListElement\":[{\"@type\":\"ListItem\",\"position\":1,\"name\":\"Startseite\",\"item\":\"https:\\\/\\\/litrax.ch\\\/fr\\\/accueil\\\/\"},{\"@type\":\"ListItem\",\"position\":2,\"name\":\"Boutique\",\"item\":\"https:\\\/\\\/litrax.ch\\\/fr\\\/boutique\\\/\"},{\"@type\":\"ListItem\",\"position\":3,\"name\":\"GIAN &#8211; Smart Garden 4\"}]},{\"@type\":\"WebSite\",\"@id\":\"https:\\\/\\\/litrax.ch\\\/fr\\\/#website\",\"url\":\"https:\\\/\\\/litrax.ch\\\/fr\\\/\",\"name\":\"Litrax - Hydroponische Systeme\",\"description\":\"Erlebe Hydroponik - der erdlose Gartengenuss.\",\"publisher\":{\"@id\":\"https:\\\/\\\/litrax.ch\\\/fr\\\/#organization\"},\"alternateName\":\"Litrax\",\"potentialAction\":[{\"@type\":\"SearchAction\",\"target\":{\"@type\":\"EntryPoint\",\"urlTemplate\":\"https:\\\/\\\/litrax.ch\\\/fr\\\/?s={search_term_string}\"},\"query-input\":{\"@type\":\"PropertyValueSpecification\",\"valueRequired\":true,\"valueName\":\"search_term_string\"}}],\"inLanguage\":\"fr-FR\"},{\"@type\":\"Organization\",\"@id\":\"https:\\\/\\\/litrax.ch\\\/fr\\\/#organization\",\"name\":\"Litrax - Hydroponische Systeme\",\"alternateName\":\"Litrax\",\"url\":\"https:\\\/\\\/litrax.ch\\\/fr\\\/\",\"logo\":{\"@type\":\"ImageObject\",\"inLanguage\":\"fr-FR\",\"@id\":\"https:\\\/\\\/litrax.ch\\\/fr\\\/#\\\/schema\\\/logo\\\/image\\\/\",\"url\":\"https:\\\/\\\/litrax.ch\\\/wp-content\\\/uploads\\\/2024\\\/03\\\/facivon.png\",\"contentUrl\":\"https:\\\/\\\/litrax.ch\\\/wp-content\\\/uploads\\\/2024\\\/03\\\/facivon.png\",\"width\":150,\"height\":150,\"caption\":\"Litrax - Hydroponische Systeme\"},\"image\":{\"@id\":\"https:\\\/\\\/litrax.ch\\\/fr\\\/#\\\/schema\\\/logo\\\/image\\\/\"},\"sameAs\":[\"https:\\\/\\\/www.facebook.com\\\/Litrax.ch\",\"https:\\\/\\\/www.instagram.com\\\/litrax.ch\\\/\",\"https:\\\/\\\/www.tiktok.com\\\/@litrax.ch\"],\"description\":\"Willkommen bei Litrax \u2013 Ihrem f\u00fchrenden Online-Shop f\u00fcr hochwertige hydroponische Gartensysteme! Wir bieten eine breite Palette an L\u00f6sungen f\u00fcr Privatpersonen, Restaurants und industrielle Gro\u00dfsysteme, um Ihnen zu helfen, Ihre eigene gr\u00fcne Oase zu schaffen, unabh\u00e4ngig von Ihrem Bedarf oder Ihrer Gr\u00f6\u00dfe. F\u00fcr Haushalte\\\/B\u00fcros: Entdecken Sie die Freude am G\u00e4rtnern in Ihrem eigenen Zuhause mit unseren einfach zu bedienenden hydroponischen Gartensystemen. Egal, ob Sie auf einem Balkon, einer Terrasse oder in Ihrem Wohnzimmer g\u00e4rtnern m\u00f6chten \u2013 wir haben das passende System f\u00fcr Sie. Genie\u00dfen Sie frisches Gem\u00fcse, aromatische Kr\u00e4uter und farbenfrohe Blumen das ganze Jahr \u00fcber, direkt aus Ihrem hydroponischen Garten. F\u00fcr Restaurants: Steigern Sie die Qualit\u00e4t Ihrer Gerichte und beeindrucken Sie Ihre G\u00e4ste mit frischen, geschmacksintensiven Zutaten aus unserem Sortiment an hydroponischen Gartensystemen f\u00fcr den gastronomischen Bereich. Unsere Systeme sind platzsparend, effizient und einfach zu bedienen, so dass Sie Ihre eigenen Zutaten direkt in Ihrer K\u00fcche anbauen k\u00f6nnen. Erleben Sie die Freude an nachhaltigem G\u00e4rtnern und lassen Sie Ihre kulinarischen Kreationen erstrahlen. Industrielle Gro\u00dfsysteme: Optimieren Sie Ihre landwirtschaftliche Produktion mit unseren ma\u00dfgeschneiderten hydroponischen Gro\u00dfsystemen. Von vertikalen Farmen bis hin zu automatisierten Anlagen bieten wir skalierbare L\u00f6sungen f\u00fcr maximale Effizienz und Produktivit\u00e4t. Nutzen Sie die Vorteile der hydroponischen Landwirtschaft, um Ihre Ernteertr\u00e4ge zu steigern, Platz zu sparen und Ressourcen zu optimieren. Erfahren Sie, wie unsere Systeme die Zukunft der industriellen Landwirtschaft gestalten k\u00f6nnen. Bei Litrax legen wir Wert auf Qualit\u00e4t und Kundenzufriedenheit. Unsere Produkte sind sorgf\u00e4ltig ausgew\u00e4hlt, um Ihnen die besten Ergebnisse zu garantieren, und wir bieten sie zu g\u00fcnstigen Preisen an. Dank unseres eigenen Lagers in der Schweiz k\u00f6nnen wir Ihnen eine schnelle Lieferung am n\u00e4chsten Tag garantieren.\",\"legalName\":\"Resyx GmbH\",\"foundingDate\":\"2022-12-22\",\"numberOfEmployees\":{\"@type\":\"QuantitativeValue\",\"minValue\":\"1\",\"maxValue\":\"10\"}}]}<\/script>\n<meta property=\"product:price:amount\" content=\"86.50\" \/>\n<meta property=\"product:price:currency\" content=\"CHF\" \/>\n<meta property=\"og:availability\" content=\"instock\" \/>\n<meta property=\"product:availability\" content=\"instock\" \/>\n<meta property=\"product:retailer_item_id\" content=\"LX229\" \/>\n<meta property=\"product:condition\" content=\"new\" \/>\n<!-- \/ Yoast SEO Premium plugin. -->","yoast_head_json":{"title":"GIAN - Smart Garden : 4 Pods pour herbes fra\u00eeches %%page% - Litrax - Hydroponische Systeme","description":"Vous voulez cultiver des herbes fra\u00eeches et des l\u00e9gumes \u00e0 feuilles ? Le GIAN - Smart Garden 4 le permet en rendant le jardinage simple et efficace !","robots":{"index":"index","follow":"follow","max-snippet":"max-snippet:-1","max-image-preview":"max-image-preview:large","max-video-preview":"max-video-preview:-1"},"canonical":"https:\/\/litrax.ch\/fr\/shop\/gian-jardin-dherbes\/","og_locale":"fr_FR","og_type":"article","og_title":"GIAN - Smart Garden 4","og_description":"Vous voulez cultiver des herbes fra\u00eeches et des l\u00e9gumes \u00e0 feuilles ? Le GIAN - Smart Garden 4 le permet en rendant le jardinage simple et efficace !","og_url":"https:\/\/litrax.ch\/fr\/shop\/gian-jardin-dherbes\/","og_site_name":"Litrax - Hydroponische Systeme","article_publisher":"https:\/\/www.facebook.com\/Litrax.ch","article_modified_time":"2026-04-13T15:48:04+00:00","og_image":[{"width":1000,"height":667,"url":"https:\/\/litrax.ch\/wp-content\/uploads\/2023\/12\/LX229_Trans.png","type":"image\/png"}],"twitter_card":"summary_large_image","twitter_misc":{"Prix":"&#67;&#72;&#70;&nbsp;86.50","Disponibilit\u00e9":"En stock"},"schema":{"@context":"https:\/\/schema.org","@graph":[{"@type":"WebPage","@id":"https:\/\/litrax.ch\/fr\/shop\/gian-jardin-dherbes\/","url":"https:\/\/litrax.ch\/fr\/shop\/gian-jardin-dherbes\/","name":"GIAN - Smart Garden : 4 Pods pour herbes fra\u00eeches %%page% - Litrax - Hydroponische Systeme","isPartOf":{"@id":"https:\/\/litrax.ch\/fr\/#website"},"primaryImageOfPage":{"@id":"https:\/\/litrax.ch\/fr\/shop\/gian-jardin-dherbes\/#primaryimage"},"image":{"@id":"https:\/\/litrax.ch\/fr\/shop\/gian-jardin-dherbes\/#primaryimage"},"thumbnailUrl":"https:\/\/litrax.ch\/wp-content\/uploads\/2023\/12\/LX229_Trans.png","datePublished":"2024-01-11T08:42:49+00:00","dateModified":"2026-04-13T15:48:04+00:00","description":"Vous voulez cultiver des herbes fra\u00eeches et des l\u00e9gumes \u00e0 feuilles ? Le GIAN - Smart Garden 4 le permet en rendant le jardinage simple et efficace !","breadcrumb":{"@id":"https:\/\/litrax.ch\/fr\/shop\/gian-jardin-dherbes\/#breadcrumb"},"inLanguage":"fr-FR","potentialAction":[{"@type":"ReadAction","target":["https:\/\/litrax.ch\/fr\/shop\/gian-jardin-dherbes\/"]}]},{"@type":"ImageObject","inLanguage":"fr-FR","@id":"https:\/\/litrax.ch\/fr\/shop\/gian-jardin-dherbes\/#primaryimage","url":"https:\/\/litrax.ch\/wp-content\/uploads\/2023\/12\/LX229_Trans.png","contentUrl":"https:\/\/litrax.ch\/wp-content\/uploads\/2023\/12\/LX229_Trans.png","width":1000,"height":667},{"@type":"BreadcrumbList","@id":"https:\/\/litrax.ch\/fr\/shop\/gian-jardin-dherbes\/#breadcrumb","itemListElement":[{"@type":"ListItem","position":1,"name":"Startseite","item":"https:\/\/litrax.ch\/fr\/accueil\/"},{"@type":"ListItem","position":2,"name":"Boutique","item":"https:\/\/litrax.ch\/fr\/boutique\/"},{"@type":"ListItem","position":3,"name":"GIAN &#8211; Smart Garden 4"}]},{"@type":"WebSite","@id":"https:\/\/litrax.ch\/fr\/#website","url":"https:\/\/litrax.ch\/fr\/","name":"Litrax - Hydroponische Systeme","description":"Erlebe Hydroponik - der erdlose Gartengenuss.","publisher":{"@id":"https:\/\/litrax.ch\/fr\/#organization"},"alternateName":"Litrax","potentialAction":[{"@type":"SearchAction","target":{"@type":"EntryPoint","urlTemplate":"https:\/\/litrax.ch\/fr\/?s={search_term_string}"},"query-input":{"@type":"PropertyValueSpecification","valueRequired":true,"valueName":"search_term_string"}}],"inLanguage":"fr-FR"},{"@type":"Organization","@id":"https:\/\/litrax.ch\/fr\/#organization","name":"Litrax - Hydroponische Systeme","alternateName":"Litrax","url":"https:\/\/litrax.ch\/fr\/","logo":{"@type":"ImageObject","inLanguage":"fr-FR","@id":"https:\/\/litrax.ch\/fr\/#\/schema\/logo\/image\/","url":"https:\/\/litrax.ch\/wp-content\/uploads\/2024\/03\/facivon.png","contentUrl":"https:\/\/litrax.ch\/wp-content\/uploads\/2024\/03\/facivon.png","width":150,"height":150,"caption":"Litrax - Hydroponische Systeme"},"image":{"@id":"https:\/\/litrax.ch\/fr\/#\/schema\/logo\/image\/"},"sameAs":["https:\/\/www.facebook.com\/Litrax.ch","https:\/\/www.instagram.com\/litrax.ch\/","https:\/\/www.tiktok.com\/@litrax.ch"],"description":"Willkommen bei Litrax \u2013 Ihrem f\u00fchrenden Online-Shop f\u00fcr hochwertige hydroponische Gartensysteme! Wir bieten eine breite Palette an L\u00f6sungen f\u00fcr Privatpersonen, Restaurants und industrielle Gro\u00dfsysteme, um Ihnen zu helfen, Ihre eigene gr\u00fcne Oase zu schaffen, unabh\u00e4ngig von Ihrem Bedarf oder Ihrer Gr\u00f6\u00dfe. F\u00fcr Haushalte\/B\u00fcros: Entdecken Sie die Freude am G\u00e4rtnern in Ihrem eigenen Zuhause mit unseren einfach zu bedienenden hydroponischen Gartensystemen. Egal, ob Sie auf einem Balkon, einer Terrasse oder in Ihrem Wohnzimmer g\u00e4rtnern m\u00f6chten \u2013 wir haben das passende System f\u00fcr Sie. Genie\u00dfen Sie frisches Gem\u00fcse, aromatische Kr\u00e4uter und farbenfrohe Blumen das ganze Jahr \u00fcber, direkt aus Ihrem hydroponischen Garten. F\u00fcr Restaurants: Steigern Sie die Qualit\u00e4t Ihrer Gerichte und beeindrucken Sie Ihre G\u00e4ste mit frischen, geschmacksintensiven Zutaten aus unserem Sortiment an hydroponischen Gartensystemen f\u00fcr den gastronomischen Bereich. Unsere Systeme sind platzsparend, effizient und einfach zu bedienen, so dass Sie Ihre eigenen Zutaten direkt in Ihrer K\u00fcche anbauen k\u00f6nnen. Erleben Sie die Freude an nachhaltigem G\u00e4rtnern und lassen Sie Ihre kulinarischen Kreationen erstrahlen. Industrielle Gro\u00dfsysteme: Optimieren Sie Ihre landwirtschaftliche Produktion mit unseren ma\u00dfgeschneiderten hydroponischen Gro\u00dfsystemen. Von vertikalen Farmen bis hin zu automatisierten Anlagen bieten wir skalierbare L\u00f6sungen f\u00fcr maximale Effizienz und Produktivit\u00e4t. Nutzen Sie die Vorteile der hydroponischen Landwirtschaft, um Ihre Ernteertr\u00e4ge zu steigern, Platz zu sparen und Ressourcen zu optimieren. Erfahren Sie, wie unsere Systeme die Zukunft der industriellen Landwirtschaft gestalten k\u00f6nnen. Bei Litrax legen wir Wert auf Qualit\u00e4t und Kundenzufriedenheit. Unsere Produkte sind sorgf\u00e4ltig ausgew\u00e4hlt, um Ihnen die besten Ergebnisse zu garantieren, und wir bieten sie zu g\u00fcnstigen Preisen an. Dank unseres eigenen Lagers in der Schweiz k\u00f6nnen wir Ihnen eine schnelle Lieferung am n\u00e4chsten Tag garantieren.","legalName":"Resyx GmbH","foundingDate":"2022-12-22","numberOfEmployees":{"@type":"QuantitativeValue","minValue":"1","maxValue":"10"}}]},"product_price_amount":"86.50","product_price_currency":"CHF","og_availability":"instock","product_availability":"instock","product_retailer_item_id":"LX229","product_condition":"new"},"_links":{"self":[{"href":"https:\/\/litrax.ch\/fr\/wp-json\/wp\/v2\/product\/18447","targetHints":{"allow":["GET"]}}],"collection":[{"href":"https:\/\/litrax.ch\/fr\/wp-json\/wp\/v2\/product"}],"about":[{"href":"https:\/\/litrax.ch\/fr\/wp-json\/wp\/v2\/types\/product"}],"replies":[{"embeddable":true,"href":"https:\/\/litrax.ch\/fr\/wp-json\/wp\/v2\/comments?post=18447"}],"wp:featuredmedia":[{"embeddable":true,"href":"https:\/\/litrax.ch\/fr\/wp-json\/wp\/v2\/media\/17826"}],"wp:attachment":[{"href":"https:\/\/litrax.ch\/fr\/wp-json\/wp\/v2\/media?parent=18447"}],"wp:term":[{"taxonomy":"product_brand","embeddable":true,"href":"https:\/\/litrax.ch\/fr\/wp-json\/wp\/v2\/product_brand?post=18447"},{"taxonomy":"product_cat","embeddable":true,"href":"https:\/\/litrax.ch\/fr\/wp-json\/wp\/v2\/product_cat?post=18447"},{"taxonomy":"product_tag","embeddable":true,"href":"https:\/\/litrax.ch\/fr\/wp-json\/wp\/v2\/product_tag?post=18447"}],"curies":[{"name":"wp","href":"https:\/\/api.w.org\/{rel}","templated":true}]}}