{"id":18451,"date":"2024-01-11T08:43:30","date_gmt":"2024-01-11T08:43:30","guid":{"rendered":"https:\/\/litrax.ch\/shop\/jardin-interieur-sheila\/"},"modified":"2026-04-09T23:12:01","modified_gmt":"2026-04-09T23:12:01","slug":"jardin-interieur-sheila","status":"publish","type":"product","link":"https:\/\/litrax.ch\/fr\/shop\/jardin-interieur-sheila\/","title":{"rendered":"SHEILA Smart Garden 17"},"content":{"rendered":"<h2 dir=\"auto\"><strong>SHEILA Jardin intelligent 17 <\/strong><\/h2>\n<p dir=\"auto\"><strong>17 plantes \u00e0 la fois, sans aucun effort<\/strong><\/p>\n<p dir=\"auto\">Imaginez : des herbes fra\u00eeches, des l\u00e9gumes croquants, des fruits juteux ou des fleurs color\u00e9es \u2013 directement depuis votre salon. Et ce, <strong>toute l&#8217;ann\u00e9e<\/strong>. <\/p>\n<p dir=\"auto\">Le <strong>SHEILA Smart Garden 17<\/strong> le rend possible. Ce jardin hydroponique d&#8217;int\u00e9rieur intelligent est l\u00e9ger, compact et tr\u00e8s facile \u00e0 utiliser. Avec <strong>17 capsules de plantation<\/strong>, vous cultivez simultan\u00e9ment jusqu&#8217;\u00e0 17 plantes diff\u00e9rentes. La lampe LED \u00e9co\u00e9nerg\u00e9tique de 24&nbsp;watts fournit \u00e0 vos plantes exactement la lumi\u00e8re dont elles ont besoin \u2013 m\u00eame sans soleil. Elles poussent ainsi vigoureusement et sainement. De plus, la commande tactile intelligente garantit que tout fonctionne presque tout seul.     <\/p>\n<h3>Vos avantages \u2013 expliqu\u00e9s simplement<\/h3>\n<p dir=\"auto\"><strong>1. Un espace pour 17 plantes simultan\u00e9ment<\/strong> Profitez d&#8217;une v\u00e9ritable diversit\u00e9 chez vous. Le SHEILA offre 17 capsules de culture pour herbes, l\u00e9gumes, fruits ou fleurs. Le panneau LED r\u00e9glable en hauteur s&#8217;adapte parfaitement \u00e0 chaque stade de croissance. Et comme le jardin ne p\u00e8se que 3,22&nbsp;kg, vous le placez simplement l\u00e0 o\u00f9 vous en avez besoin \u2013 cuisine, salon ou bureau.   <\/p>\n<p dir=\"auto\"><strong>2. \u00c9clairage LED intelligent de 24&nbsp;watts<\/strong> La LED imite la lumi\u00e8re naturelle du soleil et fournit exactement la lumi\u00e8re dont vos plantes ont besoin. Elles poussent ainsi plus vite et plus vigoureusement. L&#8217;\u00e9clairage est \u00e9co\u00e9nerg\u00e9tique et fonctionne automatiquement avec une minuterie \u2013 24&nbsp;heures sur 24.  <\/p>\n<p dir=\"auto\"><strong>3. Commande tactile intelligente avec 3&nbsp;modes<\/strong> Via l&#8217;\u00e9cran tactile intelligent clair, vous contr\u00f4lez tout d&#8217;un doigt. Choisissez entre les modes pour fruits, l\u00e9gumes ou sommeil. La technologie intelligente de la puce s&#8217;adapte automatiquement. Votre jardin est ainsi toujours r\u00e9gl\u00e9 de mani\u00e8re optimale.   <\/p>\n<p dir=\"auto\"><strong>4. Arrosage automatique avec grand r\u00e9servoir<\/strong> Le r\u00e9servoir d&#8217;eau de 10&nbsp;litres avec circuit d&#8217;eau alimente uniform\u00e9ment les 17&nbsp;plantes. Vous n&#8217;avez que rarement besoin de le remplir. De plus, la protection contre les pannes de courant prot\u00e8ge vos plantes en cas d&#8217;interruption de l&#8217;alimentation \u00e9lectrique. Jardinez simplement en toute s\u00e9r\u00e9nit\u00e9.   <\/p>\n<p dir=\"auto\"><strong>Pourquoi le SHEILA Smart Garden 17 est si sp\u00e9cial<\/strong><\/p>\n<ul dir=\"auto\">\n<li>17 capsules de plantation pour un choix maximal<\/li>\n<li>Seulement 24&nbsp;watts \u2013 \u00e9conome et puissant<\/li>\n<li>Barre LED r\u00e9glable de 35 cm \u00e0 76 cm<\/li>\n<li>R\u00e9servoir de 10&nbsp;litres pour des semaines d&#8217;arrosage<\/li>\n<li>Super l\u00e9ger avec seulement 3,22&nbsp;kg<\/li>\n<li>Commande tactile intuitive avec 3&nbsp;modes<\/li>\n<li>Circuit d&#8217;eau pour une meilleure alimentation en nutriments<\/li>\n<\/ul>\n<p dir=\"auto\">Le SHEILA Smart Garden 17 est id\u00e9al pour tous ceux qui veulent une r\u00e9colte fra\u00eeche \u2013 sans stress et sans avoir la main verte. Compact, moderne et durable. <\/p>\n<p dir=\"auto\"><strong>Une r\u00e9colte fra\u00eeche vous attend.<\/strong> Procurez-vous d\u00e8s maintenant votre SHEILA Smart Garden 17 et savourez le go\u00fbt de l&#8217;\u00e9t\u00e9 \u2013 toute l&#8217;ann\u00e9e&nbsp;!<\/p>\n<div class=\"video-container responsive-embed widescreen\"><iframe title=\"LITRAX LX216 Instruction\" width=\"900\" height=\"506\" src=\"https:\/\/www.youtube.com\/embed\/2p9vVtmUlDk?feature=oembed\" frameborder=\"0\" allow=\"accelerometer; autoplay; clipboard-write; encrypted-media; gyroscope; picture-in-picture; web-share\" allowfullscreen><\/iframe><\/div>\n<p>&nbsp;<\/p>\n","protected":false},"excerpt":{"rendered":"<p>SHEILA Jardin intelligent 17 17 plantes \u00e0 la fois, sans aucun effort Imaginez : des herbes fra\u00eeches, des l\u00e9gumes croquants, des fruits juteux ou des fleurs color\u00e9es \u2013 directement depuis votre salon. Et ce, toute l&#8217;ann\u00e9e. Le SHEILA Smart Garden 17 le rend possible. Ce jardin hydroponique d&#8217;int\u00e9rieur intelligent est l\u00e9ger, compact et tr\u00e8s facile [&hellip;]<\/p>\n","protected":false},"featured_media":17805,"comment_status":"open","ping_status":"closed","template":"","meta":[],"product_brand":[],"product_cat":[849,119],"product_tag":[790,392,754],"class_list":{"0":"post-18451","1":"product","2":"type-product","3":"status-publish","4":"has-post-thumbnail","6":"product_cat-automatisation","7":"product_cat-hydroponique","8":"product_tag-auto-arrose","9":"product_tag-gastronomie-fr","10":"product_tag-indoor-fr-2","12":"first","13":"instock","14":"taxable","15":"shipping-taxable","16":"purchasable","17":"product-type-simple"},"yoast_head":"<!-- This site is optimized with the Yoast SEO Premium plugin v26.7 (Yoast SEO v27.4) - https:\/\/yoast.com\/product\/yoast-seo-premium-wordpress\/ -->\n<title>SHEILA Smart Garden 17 - Litrax - Hydroponische Systeme<\/title>\n<meta name=\"description\" content=\"SHEILA Smart Garden 17 \u2013 le jardin hydroponique intelligent avec 17 capsules de plantation. Herbes fra\u00eeches, l\u00e9gumes, fruits &amp; fleurs toute l&#039;ann\u00e9e \u00e0 la maison. LED, r\u00e9servoir d&#039;eau, commande tactile &amp; enti\u00e8rement automatique.\" \/>\n<meta name=\"robots\" content=\"index, follow, max-snippet:-1, max-image-preview:large, max-video-preview:-1\" \/>\n<link rel=\"canonical\" href=\"https:\/\/litrax.ch\/fr\/shop\/jardin-interieur-sheila\/\" \/>\n<meta property=\"og:locale\" content=\"fr_FR\" \/>\n<meta property=\"og:type\" content=\"article\" \/>\n<meta property=\"og:title\" content=\"SHEILA Smart Garden 17\" \/>\n<meta property=\"og:description\" content=\"SHEILA Smart Garden 17 \u2013 le jardin hydroponique intelligent avec 17 capsules de plantation. Herbes fra\u00eeches, l\u00e9gumes, fruits &amp; fleurs toute l&#039;ann\u00e9e \u00e0 la maison. LED, r\u00e9servoir d&#039;eau, commande tactile &amp; enti\u00e8rement automatique.\" \/>\n<meta property=\"og:url\" content=\"https:\/\/litrax.ch\/fr\/shop\/jardin-interieur-sheila\/\" \/>\n<meta property=\"og:site_name\" content=\"Litrax - Hydroponische Systeme\" \/>\n<meta property=\"article:publisher\" content=\"https:\/\/www.facebook.com\/Litrax.ch\" \/>\n<meta property=\"article:modified_time\" content=\"2026-04-09T23:12:01+00:00\" \/>\n<meta property=\"og:image\" content=\"https:\/\/litrax.ch\/wp-content\/uploads\/2024\/01\/LX216_Trans.png\" \/>\n\t<meta property=\"og:image:width\" content=\"1000\" \/>\n\t<meta property=\"og:image:height\" content=\"667\" \/>\n\t<meta property=\"og:image:type\" content=\"image\/png\" \/>\n<meta name=\"twitter:card\" content=\"summary_large_image\" \/>\n<meta name=\"twitter:label1\" content=\"Prix\" \/>\n\t<meta name=\"twitter:data1\" content=\"&#067;&#072;&#070;&nbsp;169.00\" \/>\n\t<meta name=\"twitter:label2\" content=\"Disponibilit\u00e9\" \/>\n\t<meta name=\"twitter:data2\" content=\"En stock\" \/>\n<script type=\"application\/ld+json\" class=\"yoast-schema-graph\">{\"@context\":\"https:\\\/\\\/schema.org\",\"@graph\":[{\"@type\":\"WebPage\",\"@id\":\"https:\\\/\\\/litrax.ch\\\/fr\\\/shop\\\/jardin-interieur-sheila\\\/\",\"url\":\"https:\\\/\\\/litrax.ch\\\/fr\\\/shop\\\/jardin-interieur-sheila\\\/\",\"name\":\"SHEILA Smart Garden 17 - Litrax - Hydroponische Systeme\",\"isPartOf\":{\"@id\":\"https:\\\/\\\/litrax.ch\\\/fr\\\/#website\"},\"primaryImageOfPage\":{\"@id\":\"https:\\\/\\\/litrax.ch\\\/fr\\\/shop\\\/jardin-interieur-sheila\\\/#primaryimage\"},\"image\":{\"@id\":\"https:\\\/\\\/litrax.ch\\\/fr\\\/shop\\\/jardin-interieur-sheila\\\/#primaryimage\"},\"thumbnailUrl\":\"https:\\\/\\\/litrax.ch\\\/wp-content\\\/uploads\\\/2024\\\/01\\\/LX216_Trans.png\",\"datePublished\":\"2024-01-11T08:43:30+00:00\",\"dateModified\":\"2026-04-09T23:12:01+00:00\",\"description\":\"SHEILA Smart Garden 17 \u2013 le jardin hydroponique intelligent avec 17 capsules de plantation. Herbes fra\u00eeches, l\u00e9gumes, fruits & fleurs toute l'ann\u00e9e \u00e0 la maison. LED, r\u00e9servoir d'eau, commande tactile & enti\u00e8rement automatique.\",\"breadcrumb\":{\"@id\":\"https:\\\/\\\/litrax.ch\\\/fr\\\/shop\\\/jardin-interieur-sheila\\\/#breadcrumb\"},\"inLanguage\":\"fr-FR\",\"potentialAction\":[{\"@type\":\"ReadAction\",\"target\":[\"https:\\\/\\\/litrax.ch\\\/fr\\\/shop\\\/jardin-interieur-sheila\\\/\"]}]},{\"@type\":\"ImageObject\",\"inLanguage\":\"fr-FR\",\"@id\":\"https:\\\/\\\/litrax.ch\\\/fr\\\/shop\\\/jardin-interieur-sheila\\\/#primaryimage\",\"url\":\"https:\\\/\\\/litrax.ch\\\/wp-content\\\/uploads\\\/2024\\\/01\\\/LX216_Trans.png\",\"contentUrl\":\"https:\\\/\\\/litrax.ch\\\/wp-content\\\/uploads\\\/2024\\\/01\\\/LX216_Trans.png\",\"width\":1000,\"height\":667},{\"@type\":\"BreadcrumbList\",\"@id\":\"https:\\\/\\\/litrax.ch\\\/fr\\\/shop\\\/jardin-interieur-sheila\\\/#breadcrumb\",\"itemListElement\":[{\"@type\":\"ListItem\",\"position\":1,\"name\":\"Startseite\",\"item\":\"https:\\\/\\\/litrax.ch\\\/fr\\\/accueil\\\/\"},{\"@type\":\"ListItem\",\"position\":2,\"name\":\"Boutique\",\"item\":\"https:\\\/\\\/litrax.ch\\\/fr\\\/boutique\\\/\"},{\"@type\":\"ListItem\",\"position\":3,\"name\":\"SHEILA Smart Garden 17\"}]},{\"@type\":\"WebSite\",\"@id\":\"https:\\\/\\\/litrax.ch\\\/fr\\\/#website\",\"url\":\"https:\\\/\\\/litrax.ch\\\/fr\\\/\",\"name\":\"Litrax - Hydroponische Systeme\",\"description\":\"Erlebe Hydroponik - der erdlose Gartengenuss.\",\"publisher\":{\"@id\":\"https:\\\/\\\/litrax.ch\\\/fr\\\/#organization\"},\"alternateName\":\"Litrax\",\"potentialAction\":[{\"@type\":\"SearchAction\",\"target\":{\"@type\":\"EntryPoint\",\"urlTemplate\":\"https:\\\/\\\/litrax.ch\\\/fr\\\/?s={search_term_string}\"},\"query-input\":{\"@type\":\"PropertyValueSpecification\",\"valueRequired\":true,\"valueName\":\"search_term_string\"}}],\"inLanguage\":\"fr-FR\"},{\"@type\":\"Organization\",\"@id\":\"https:\\\/\\\/litrax.ch\\\/fr\\\/#organization\",\"name\":\"Litrax - Hydroponische Systeme\",\"alternateName\":\"Litrax\",\"url\":\"https:\\\/\\\/litrax.ch\\\/fr\\\/\",\"logo\":{\"@type\":\"ImageObject\",\"inLanguage\":\"fr-FR\",\"@id\":\"https:\\\/\\\/litrax.ch\\\/fr\\\/#\\\/schema\\\/logo\\\/image\\\/\",\"url\":\"https:\\\/\\\/litrax.ch\\\/wp-content\\\/uploads\\\/2024\\\/03\\\/facivon.png\",\"contentUrl\":\"https:\\\/\\\/litrax.ch\\\/wp-content\\\/uploads\\\/2024\\\/03\\\/facivon.png\",\"width\":150,\"height\":150,\"caption\":\"Litrax - Hydroponische Systeme\"},\"image\":{\"@id\":\"https:\\\/\\\/litrax.ch\\\/fr\\\/#\\\/schema\\\/logo\\\/image\\\/\"},\"sameAs\":[\"https:\\\/\\\/www.facebook.com\\\/Litrax.ch\",\"https:\\\/\\\/www.instagram.com\\\/litrax.ch\\\/\",\"https:\\\/\\\/www.tiktok.com\\\/@litrax.ch\"],\"description\":\"Willkommen bei Litrax \u2013 Ihrem f\u00fchrenden Online-Shop f\u00fcr hochwertige hydroponische Gartensysteme! Wir bieten eine breite Palette an L\u00f6sungen f\u00fcr Privatpersonen, Restaurants und industrielle Gro\u00dfsysteme, um Ihnen zu helfen, Ihre eigene gr\u00fcne Oase zu schaffen, unabh\u00e4ngig von Ihrem Bedarf oder Ihrer Gr\u00f6\u00dfe. F\u00fcr Haushalte\\\/B\u00fcros: Entdecken Sie die Freude am G\u00e4rtnern in Ihrem eigenen Zuhause mit unseren einfach zu bedienenden hydroponischen Gartensystemen. Egal, ob Sie auf einem Balkon, einer Terrasse oder in Ihrem Wohnzimmer g\u00e4rtnern m\u00f6chten \u2013 wir haben das passende System f\u00fcr Sie. Genie\u00dfen Sie frisches Gem\u00fcse, aromatische Kr\u00e4uter und farbenfrohe Blumen das ganze Jahr \u00fcber, direkt aus Ihrem hydroponischen Garten. F\u00fcr Restaurants: Steigern Sie die Qualit\u00e4t Ihrer Gerichte und beeindrucken Sie Ihre G\u00e4ste mit frischen, geschmacksintensiven Zutaten aus unserem Sortiment an hydroponischen Gartensystemen f\u00fcr den gastronomischen Bereich. Unsere Systeme sind platzsparend, effizient und einfach zu bedienen, so dass Sie Ihre eigenen Zutaten direkt in Ihrer K\u00fcche anbauen k\u00f6nnen. Erleben Sie die Freude an nachhaltigem G\u00e4rtnern und lassen Sie Ihre kulinarischen Kreationen erstrahlen. Industrielle Gro\u00dfsysteme: Optimieren Sie Ihre landwirtschaftliche Produktion mit unseren ma\u00dfgeschneiderten hydroponischen Gro\u00dfsystemen. Von vertikalen Farmen bis hin zu automatisierten Anlagen bieten wir skalierbare L\u00f6sungen f\u00fcr maximale Effizienz und Produktivit\u00e4t. Nutzen Sie die Vorteile der hydroponischen Landwirtschaft, um Ihre Ernteertr\u00e4ge zu steigern, Platz zu sparen und Ressourcen zu optimieren. Erfahren Sie, wie unsere Systeme die Zukunft der industriellen Landwirtschaft gestalten k\u00f6nnen. Bei Litrax legen wir Wert auf Qualit\u00e4t und Kundenzufriedenheit. Unsere Produkte sind sorgf\u00e4ltig ausgew\u00e4hlt, um Ihnen die besten Ergebnisse zu garantieren, und wir bieten sie zu g\u00fcnstigen Preisen an. Dank unseres eigenen Lagers in der Schweiz k\u00f6nnen wir Ihnen eine schnelle Lieferung am n\u00e4chsten Tag garantieren.\",\"legalName\":\"Resyx GmbH\",\"foundingDate\":\"2022-12-22\",\"numberOfEmployees\":{\"@type\":\"QuantitativeValue\",\"minValue\":\"1\",\"maxValue\":\"10\"}}]}<\/script>\n<meta property=\"product:price:amount\" content=\"169.00\" \/>\n<meta property=\"product:price:currency\" content=\"CHF\" \/>\n<meta property=\"og:availability\" content=\"instock\" \/>\n<meta property=\"product:availability\" content=\"instock\" \/>\n<meta property=\"product:retailer_item_id\" content=\"LX216\" \/>\n<meta property=\"product:condition\" content=\"new\" \/>\n<!-- \/ Yoast SEO Premium plugin. -->","yoast_head_json":{"title":"SHEILA Smart Garden 17 - Litrax - Hydroponische Systeme","description":"SHEILA Smart Garden 17 \u2013 le jardin hydroponique intelligent avec 17 capsules de plantation. Herbes fra\u00eeches, l\u00e9gumes, fruits & fleurs toute l'ann\u00e9e \u00e0 la maison. LED, r\u00e9servoir d'eau, commande tactile & enti\u00e8rement automatique.","robots":{"index":"index","follow":"follow","max-snippet":"max-snippet:-1","max-image-preview":"max-image-preview:large","max-video-preview":"max-video-preview:-1"},"canonical":"https:\/\/litrax.ch\/fr\/shop\/jardin-interieur-sheila\/","og_locale":"fr_FR","og_type":"article","og_title":"SHEILA Smart Garden 17","og_description":"SHEILA Smart Garden 17 \u2013 le jardin hydroponique intelligent avec 17 capsules de plantation. Herbes fra\u00eeches, l\u00e9gumes, fruits & fleurs toute l'ann\u00e9e \u00e0 la maison. LED, r\u00e9servoir d'eau, commande tactile & enti\u00e8rement automatique.","og_url":"https:\/\/litrax.ch\/fr\/shop\/jardin-interieur-sheila\/","og_site_name":"Litrax - Hydroponische Systeme","article_publisher":"https:\/\/www.facebook.com\/Litrax.ch","article_modified_time":"2026-04-09T23:12:01+00:00","og_image":[{"width":1000,"height":667,"url":"https:\/\/litrax.ch\/wp-content\/uploads\/2024\/01\/LX216_Trans.png","type":"image\/png"}],"twitter_card":"summary_large_image","twitter_misc":{"Prix":"&#67;&#72;&#70;&nbsp;169.00","Disponibilit\u00e9":"En stock"},"schema":{"@context":"https:\/\/schema.org","@graph":[{"@type":"WebPage","@id":"https:\/\/litrax.ch\/fr\/shop\/jardin-interieur-sheila\/","url":"https:\/\/litrax.ch\/fr\/shop\/jardin-interieur-sheila\/","name":"SHEILA Smart Garden 17 - Litrax - Hydroponische Systeme","isPartOf":{"@id":"https:\/\/litrax.ch\/fr\/#website"},"primaryImageOfPage":{"@id":"https:\/\/litrax.ch\/fr\/shop\/jardin-interieur-sheila\/#primaryimage"},"image":{"@id":"https:\/\/litrax.ch\/fr\/shop\/jardin-interieur-sheila\/#primaryimage"},"thumbnailUrl":"https:\/\/litrax.ch\/wp-content\/uploads\/2024\/01\/LX216_Trans.png","datePublished":"2024-01-11T08:43:30+00:00","dateModified":"2026-04-09T23:12:01+00:00","description":"SHEILA Smart Garden 17 \u2013 le jardin hydroponique intelligent avec 17 capsules de plantation. Herbes fra\u00eeches, l\u00e9gumes, fruits & fleurs toute l'ann\u00e9e \u00e0 la maison. LED, r\u00e9servoir d'eau, commande tactile & enti\u00e8rement automatique.","breadcrumb":{"@id":"https:\/\/litrax.ch\/fr\/shop\/jardin-interieur-sheila\/#breadcrumb"},"inLanguage":"fr-FR","potentialAction":[{"@type":"ReadAction","target":["https:\/\/litrax.ch\/fr\/shop\/jardin-interieur-sheila\/"]}]},{"@type":"ImageObject","inLanguage":"fr-FR","@id":"https:\/\/litrax.ch\/fr\/shop\/jardin-interieur-sheila\/#primaryimage","url":"https:\/\/litrax.ch\/wp-content\/uploads\/2024\/01\/LX216_Trans.png","contentUrl":"https:\/\/litrax.ch\/wp-content\/uploads\/2024\/01\/LX216_Trans.png","width":1000,"height":667},{"@type":"BreadcrumbList","@id":"https:\/\/litrax.ch\/fr\/shop\/jardin-interieur-sheila\/#breadcrumb","itemListElement":[{"@type":"ListItem","position":1,"name":"Startseite","item":"https:\/\/litrax.ch\/fr\/accueil\/"},{"@type":"ListItem","position":2,"name":"Boutique","item":"https:\/\/litrax.ch\/fr\/boutique\/"},{"@type":"ListItem","position":3,"name":"SHEILA Smart Garden 17"}]},{"@type":"WebSite","@id":"https:\/\/litrax.ch\/fr\/#website","url":"https:\/\/litrax.ch\/fr\/","name":"Litrax - Hydroponische Systeme","description":"Erlebe Hydroponik - der erdlose Gartengenuss.","publisher":{"@id":"https:\/\/litrax.ch\/fr\/#organization"},"alternateName":"Litrax","potentialAction":[{"@type":"SearchAction","target":{"@type":"EntryPoint","urlTemplate":"https:\/\/litrax.ch\/fr\/?s={search_term_string}"},"query-input":{"@type":"PropertyValueSpecification","valueRequired":true,"valueName":"search_term_string"}}],"inLanguage":"fr-FR"},{"@type":"Organization","@id":"https:\/\/litrax.ch\/fr\/#organization","name":"Litrax - Hydroponische Systeme","alternateName":"Litrax","url":"https:\/\/litrax.ch\/fr\/","logo":{"@type":"ImageObject","inLanguage":"fr-FR","@id":"https:\/\/litrax.ch\/fr\/#\/schema\/logo\/image\/","url":"https:\/\/litrax.ch\/wp-content\/uploads\/2024\/03\/facivon.png","contentUrl":"https:\/\/litrax.ch\/wp-content\/uploads\/2024\/03\/facivon.png","width":150,"height":150,"caption":"Litrax - Hydroponische Systeme"},"image":{"@id":"https:\/\/litrax.ch\/fr\/#\/schema\/logo\/image\/"},"sameAs":["https:\/\/www.facebook.com\/Litrax.ch","https:\/\/www.instagram.com\/litrax.ch\/","https:\/\/www.tiktok.com\/@litrax.ch"],"description":"Willkommen bei Litrax \u2013 Ihrem f\u00fchrenden Online-Shop f\u00fcr hochwertige hydroponische Gartensysteme! Wir bieten eine breite Palette an L\u00f6sungen f\u00fcr Privatpersonen, Restaurants und industrielle Gro\u00dfsysteme, um Ihnen zu helfen, Ihre eigene gr\u00fcne Oase zu schaffen, unabh\u00e4ngig von Ihrem Bedarf oder Ihrer Gr\u00f6\u00dfe. F\u00fcr Haushalte\/B\u00fcros: Entdecken Sie die Freude am G\u00e4rtnern in Ihrem eigenen Zuhause mit unseren einfach zu bedienenden hydroponischen Gartensystemen. Egal, ob Sie auf einem Balkon, einer Terrasse oder in Ihrem Wohnzimmer g\u00e4rtnern m\u00f6chten \u2013 wir haben das passende System f\u00fcr Sie. Genie\u00dfen Sie frisches Gem\u00fcse, aromatische Kr\u00e4uter und farbenfrohe Blumen das ganze Jahr \u00fcber, direkt aus Ihrem hydroponischen Garten. F\u00fcr Restaurants: Steigern Sie die Qualit\u00e4t Ihrer Gerichte und beeindrucken Sie Ihre G\u00e4ste mit frischen, geschmacksintensiven Zutaten aus unserem Sortiment an hydroponischen Gartensystemen f\u00fcr den gastronomischen Bereich. Unsere Systeme sind platzsparend, effizient und einfach zu bedienen, so dass Sie Ihre eigenen Zutaten direkt in Ihrer K\u00fcche anbauen k\u00f6nnen. Erleben Sie die Freude an nachhaltigem G\u00e4rtnern und lassen Sie Ihre kulinarischen Kreationen erstrahlen. Industrielle Gro\u00dfsysteme: Optimieren Sie Ihre landwirtschaftliche Produktion mit unseren ma\u00dfgeschneiderten hydroponischen Gro\u00dfsystemen. Von vertikalen Farmen bis hin zu automatisierten Anlagen bieten wir skalierbare L\u00f6sungen f\u00fcr maximale Effizienz und Produktivit\u00e4t. Nutzen Sie die Vorteile der hydroponischen Landwirtschaft, um Ihre Ernteertr\u00e4ge zu steigern, Platz zu sparen und Ressourcen zu optimieren. Erfahren Sie, wie unsere Systeme die Zukunft der industriellen Landwirtschaft gestalten k\u00f6nnen. Bei Litrax legen wir Wert auf Qualit\u00e4t und Kundenzufriedenheit. Unsere Produkte sind sorgf\u00e4ltig ausgew\u00e4hlt, um Ihnen die besten Ergebnisse zu garantieren, und wir bieten sie zu g\u00fcnstigen Preisen an. Dank unseres eigenen Lagers in der Schweiz k\u00f6nnen wir Ihnen eine schnelle Lieferung am n\u00e4chsten Tag garantieren.","legalName":"Resyx GmbH","foundingDate":"2022-12-22","numberOfEmployees":{"@type":"QuantitativeValue","minValue":"1","maxValue":"10"}}]},"product_price_amount":"169.00","product_price_currency":"CHF","og_availability":"instock","product_availability":"instock","product_retailer_item_id":"LX216","product_condition":"new"},"_links":{"self":[{"href":"https:\/\/litrax.ch\/fr\/wp-json\/wp\/v2\/product\/18451","targetHints":{"allow":["GET"]}}],"collection":[{"href":"https:\/\/litrax.ch\/fr\/wp-json\/wp\/v2\/product"}],"about":[{"href":"https:\/\/litrax.ch\/fr\/wp-json\/wp\/v2\/types\/product"}],"replies":[{"embeddable":true,"href":"https:\/\/litrax.ch\/fr\/wp-json\/wp\/v2\/comments?post=18451"}],"wp:featuredmedia":[{"embeddable":true,"href":"https:\/\/litrax.ch\/fr\/wp-json\/wp\/v2\/media\/17805"}],"wp:attachment":[{"href":"https:\/\/litrax.ch\/fr\/wp-json\/wp\/v2\/media?parent=18451"}],"wp:term":[{"taxonomy":"product_brand","embeddable":true,"href":"https:\/\/litrax.ch\/fr\/wp-json\/wp\/v2\/product_brand?post=18451"},{"taxonomy":"product_cat","embeddable":true,"href":"https:\/\/litrax.ch\/fr\/wp-json\/wp\/v2\/product_cat?post=18451"},{"taxonomy":"product_tag","embeddable":true,"href":"https:\/\/litrax.ch\/fr\/wp-json\/wp\/v2\/product_tag?post=18451"}],"curies":[{"name":"wp","href":"https:\/\/api.w.org\/{rel}","templated":true}]}}