{"id":18579,"date":"2024-01-11T08:43:49","date_gmt":"2024-01-11T08:43:49","guid":{"rendered":"https:\/\/litrax.ch\/shop\/maja-booster-de-fleurs\/"},"modified":"2026-04-13T15:19:51","modified_gmt":"2026-04-13T15:19:51","slug":"maja-booster-de-fleurs","status":"publish","type":"product","link":"https:\/\/litrax.ch\/fr\/shop\/maja-booster-de-fleurs\/","title":{"rendered":"MAJA Hydro pot 1"},"content":{"rendered":"<p>D\u00e9couvrez la magie de la croissance rapide des plantes avec le booster de fleurs MAJA &#8211; un plaisir pour les enfants comme pour les amateurs de plantes !<\/p>\n<p>\u00c9levez votre voyage dans le jardin avec le Booster de Fleurs MAJA. Il s&#8217;agit d&#8217;une solution charmante qui apporte joie et excitation aux jeunes mains vertes comme aux amateurs de plantes exp\u00e9riment\u00e9s. Ce kit innovant est rempli de fonctions qui garantissent une croissance rapide et vivante pour vos plantes pr\u00e9f\u00e9r\u00e9es. C&#8217;est un compl\u00e9ment id\u00e9al pour toute maison, salle de classe ou cr\u00e8che.   <\/p>\n<h2>Principales caract\u00e9ristiques :<\/h2>\n<h3>1. lampes v\u00e9g\u00e9tales \u00e0 LED plein spectre<\/h3>\n<p>Observez comment vos plantes s&#8217;\u00e9panouissent sous l&#8217;\u00e9clat vivant des lampes v\u00e9g\u00e9tales \u00e0 LED plein-spectre de MAJA. Avec une lueur color\u00e9e qui imite la lumi\u00e8re naturelle du soleil, ces lampes offrent les conditions parfaites pour vos plantes. Elles peuvent ainsi pousser vigoureusement et sainement. Des minuscules graines aux fleurs \u00e9panouies, donnez \u00e0 vos compagnons verts la lumi\u00e8re dont ils ont besoin pour une croissance forte et saine.   <\/p>\n<h3>2. minuterie lumineuse pratique<\/h3>\n<p>Prenez le contr\u00f4le du plan d&#8217;\u00e9clairage de vos plantes gr\u00e2ce \u00e0 la minuterie int\u00e9gr\u00e9e facile \u00e0 utiliser. D\u00e9finissez le temps de fonctionnement de la lampe pour plantes en fonction des diff\u00e9rents stades de croissance et des besoins sp\u00e9cifiques de vos plantes. Les r\u00e9glages personnalisables vous permettent de cr\u00e9er l&#8217;environnement d&#8217;\u00e9clairage parfait pour favoriser une croissance et un d\u00e9veloppement rapides.  <\/p>\n<h3>3. bras LED r\u00e9glable pour des hauteurs de plantes vari\u00e9es<\/h3>\n<p>MAJA offre de la flexibilit\u00e9 avec son bras LED ajustable. Il vous permet d&#8217;ajuster la hauteur jusqu&#8217;\u00e0 40 cm. Que vous fassiez pousser des semis d\u00e9licats ou que vous cultiviez des fleurs hautes, MAJA s&#8217;assure que chaque plante re\u00e7oit la lumi\u00e8re parfaite pour s&#8217;\u00e9panouir.  <\/p>\n<h2>Caract\u00e9ristiques sp\u00e9ciales :<\/h2>\n<ul>\n<li>Conception amusante et interactive : le Booster de Fleurs MAJA a \u00e9t\u00e9 con\u00e7u pour faire du jardinage une exp\u00e9rience amusante et excitante pour les enfants. Laissez-les choisir leur pot de fleurs pr\u00e9f\u00e9r\u00e9 et regarder leurs plantes pousser sous leurs yeux pour encourager l&#8217;amour de la nature et l&#8217;apprentissage. <\/li>\n<li>Ultral\u00e9ger et portable : Avec un poids de seulement 370 grammes, MAJA est le compagnon id\u00e9al pour les aventures de jardinage en d\u00e9placement. Que vous cr\u00e9iez un mini-jardin dans une salle de classe ou que vous exploriez les merveilles de la nature \u00e0 la maison, MAJA vous permet d&#8217;apporter la joie du jardinage partout o\u00f9 vous allez. <\/li>\n<\/ul>\n<p>Transformez votre espace en une oasis color\u00e9e de croissance et de d\u00e9couverte avec le Booster de Fleurs MAJA. Commandez d\u00e8s aujourd&#8217;hui et regardez vos plantes s&#8217;\u00e9panouir dans l&#8217;\u00e9clat de la lumi\u00e8re magique de MAJA ! <\/p>\n","protected":false},"excerpt":{"rendered":"<p>D\u00e9couvrez la magie de la croissance rapide des plantes avec le booster de fleurs MAJA &#8211; un plaisir pour les enfants comme pour les amateurs de plantes ! \u00c9levez votre voyage dans le jardin avec le Booster de Fleurs MAJA. Il s&#8217;agit d&#8217;une solution charmante qui apporte joie et excitation aux jeunes mains vertes comme [&hellip;]<\/p>\n","protected":false},"featured_media":20534,"comment_status":"open","ping_status":"closed","template":"","meta":[],"product_brand":[],"product_cat":[153,481],"product_tag":[790,791,754],"class_list":{"0":"post-18579","1":"product","2":"type-product","3":"status-publish","4":"has-post-thumbnail","6":"product_cat-hydroculture-fr","7":"product_cat-lumiere-de-croissance-led","8":"product_tag-auto-arrose","9":"product_tag-pot-2-en-1","10":"product_tag-indoor-fr-2","12":"first","13":"instock","14":"sale","15":"taxable","16":"shipping-taxable","17":"purchasable","18":"product-type-variable","19":"has-default-attributes"},"yoast_head":"<!-- This site is optimized with the Yoast SEO Premium plugin v26.7 (Yoast SEO v27.4) - https:\/\/yoast.com\/product\/yoast-seo-premium-wordpress\/ -->\n<title>MAJA Hydro Pot 1 : Exp\u00e9rimenter la croissance rapide des plantes %%page% - Litrax - Hydroponische Systeme<\/title>\n<meta name=\"description\" content=\"D\u00e9couvrez le MAJA Hydro Pot 1 pour une croissance rapide des plantes ! Ce kit innovant ravira aussi bien les enfants que les amateurs de plantes.\" \/>\n<meta name=\"robots\" content=\"index, follow, max-snippet:-1, max-image-preview:large, max-video-preview:-1\" \/>\n<link rel=\"canonical\" href=\"https:\/\/litrax.ch\/fr\/shop\/maja-booster-de-fleurs\/\" \/>\n<meta property=\"og:locale\" content=\"fr_FR\" \/>\n<meta property=\"og:type\" content=\"article\" \/>\n<meta property=\"og:title\" content=\"MAJA Hydro pot 1\" \/>\n<meta property=\"og:description\" content=\"D\u00e9couvrez le MAJA Hydro Pot 1 pour une croissance rapide des plantes ! Ce kit innovant ravira aussi bien les enfants que les amateurs de plantes.\" \/>\n<meta property=\"og:url\" content=\"https:\/\/litrax.ch\/fr\/shop\/maja-booster-de-fleurs\/\" \/>\n<meta property=\"og:site_name\" content=\"Litrax - Hydroponische Systeme\" \/>\n<meta property=\"article:publisher\" content=\"https:\/\/www.facebook.com\/Litrax.ch\" \/>\n<meta property=\"article:modified_time\" content=\"2026-04-13T15:19:51+00:00\" \/>\n<meta property=\"og:image\" content=\"https:\/\/litrax.ch\/wp-content\/uploads\/2024\/01\/LX205-transparent2.png\" \/>\n\t<meta property=\"og:image:width\" content=\"1548\" \/>\n\t<meta property=\"og:image:height\" content=\"1135\" \/>\n\t<meta property=\"og:image:type\" content=\"image\/png\" \/>\n<meta name=\"twitter:card\" content=\"summary_large_image\" \/>\n<meta name=\"twitter:label1\" content=\"Disponibilit\u00e9\" \/>\n\t<meta name=\"twitter:data1\" content=\"En stock\" \/>\n<script type=\"application\/ld+json\" class=\"yoast-schema-graph\">{\"@context\":\"https:\\\/\\\/schema.org\",\"@graph\":[{\"@type\":\"WebPage\",\"@id\":\"https:\\\/\\\/litrax.ch\\\/fr\\\/shop\\\/maja-booster-de-fleurs\\\/\",\"url\":\"https:\\\/\\\/litrax.ch\\\/fr\\\/shop\\\/maja-booster-de-fleurs\\\/\",\"name\":\"MAJA Hydro Pot 1 : Exp\u00e9rimenter la croissance rapide des plantes %%page% - Litrax - Hydroponische Systeme\",\"isPartOf\":{\"@id\":\"https:\\\/\\\/litrax.ch\\\/fr\\\/#website\"},\"primaryImageOfPage\":{\"@id\":\"https:\\\/\\\/litrax.ch\\\/fr\\\/shop\\\/maja-booster-de-fleurs\\\/#primaryimage\"},\"image\":{\"@id\":\"https:\\\/\\\/litrax.ch\\\/fr\\\/shop\\\/maja-booster-de-fleurs\\\/#primaryimage\"},\"thumbnailUrl\":\"https:\\\/\\\/litrax.ch\\\/wp-content\\\/uploads\\\/2024\\\/01\\\/LX205-transparent2.png\",\"datePublished\":\"2024-01-11T08:43:49+00:00\",\"dateModified\":\"2026-04-13T15:19:51+00:00\",\"description\":\"D\u00e9couvrez le MAJA Hydro Pot 1 pour une croissance rapide des plantes ! Ce kit innovant ravira aussi bien les enfants que les amateurs de plantes.\",\"breadcrumb\":{\"@id\":\"https:\\\/\\\/litrax.ch\\\/fr\\\/shop\\\/maja-booster-de-fleurs\\\/#breadcrumb\"},\"inLanguage\":\"fr-FR\",\"potentialAction\":[{\"@type\":\"ReadAction\",\"target\":[\"https:\\\/\\\/litrax.ch\\\/fr\\\/shop\\\/maja-booster-de-fleurs\\\/\"]}]},{\"@type\":\"ImageObject\",\"inLanguage\":\"fr-FR\",\"@id\":\"https:\\\/\\\/litrax.ch\\\/fr\\\/shop\\\/maja-booster-de-fleurs\\\/#primaryimage\",\"url\":\"https:\\\/\\\/litrax.ch\\\/wp-content\\\/uploads\\\/2024\\\/01\\\/LX205-transparent2.png\",\"contentUrl\":\"https:\\\/\\\/litrax.ch\\\/wp-content\\\/uploads\\\/2024\\\/01\\\/LX205-transparent2.png\",\"width\":1548,\"height\":1135},{\"@type\":\"BreadcrumbList\",\"@id\":\"https:\\\/\\\/litrax.ch\\\/fr\\\/shop\\\/maja-booster-de-fleurs\\\/#breadcrumb\",\"itemListElement\":[{\"@type\":\"ListItem\",\"position\":1,\"name\":\"Startseite\",\"item\":\"https:\\\/\\\/litrax.ch\\\/fr\\\/accueil\\\/\"},{\"@type\":\"ListItem\",\"position\":2,\"name\":\"Boutique\",\"item\":\"https:\\\/\\\/litrax.ch\\\/fr\\\/boutique\\\/\"},{\"@type\":\"ListItem\",\"position\":3,\"name\":\"MAJA Hydro pot 1\"}]},{\"@type\":\"WebSite\",\"@id\":\"https:\\\/\\\/litrax.ch\\\/fr\\\/#website\",\"url\":\"https:\\\/\\\/litrax.ch\\\/fr\\\/\",\"name\":\"Litrax - Hydroponische Systeme\",\"description\":\"Erlebe Hydroponik - der erdlose Gartengenuss.\",\"publisher\":{\"@id\":\"https:\\\/\\\/litrax.ch\\\/fr\\\/#organization\"},\"alternateName\":\"Litrax\",\"potentialAction\":[{\"@type\":\"SearchAction\",\"target\":{\"@type\":\"EntryPoint\",\"urlTemplate\":\"https:\\\/\\\/litrax.ch\\\/fr\\\/?s={search_term_string}\"},\"query-input\":{\"@type\":\"PropertyValueSpecification\",\"valueRequired\":true,\"valueName\":\"search_term_string\"}}],\"inLanguage\":\"fr-FR\"},{\"@type\":\"Organization\",\"@id\":\"https:\\\/\\\/litrax.ch\\\/fr\\\/#organization\",\"name\":\"Litrax - Hydroponische Systeme\",\"alternateName\":\"Litrax\",\"url\":\"https:\\\/\\\/litrax.ch\\\/fr\\\/\",\"logo\":{\"@type\":\"ImageObject\",\"inLanguage\":\"fr-FR\",\"@id\":\"https:\\\/\\\/litrax.ch\\\/fr\\\/#\\\/schema\\\/logo\\\/image\\\/\",\"url\":\"https:\\\/\\\/litrax.ch\\\/wp-content\\\/uploads\\\/2024\\\/03\\\/facivon.png\",\"contentUrl\":\"https:\\\/\\\/litrax.ch\\\/wp-content\\\/uploads\\\/2024\\\/03\\\/facivon.png\",\"width\":150,\"height\":150,\"caption\":\"Litrax - Hydroponische Systeme\"},\"image\":{\"@id\":\"https:\\\/\\\/litrax.ch\\\/fr\\\/#\\\/schema\\\/logo\\\/image\\\/\"},\"sameAs\":[\"https:\\\/\\\/www.facebook.com\\\/Litrax.ch\",\"https:\\\/\\\/www.instagram.com\\\/litrax.ch\\\/\",\"https:\\\/\\\/www.tiktok.com\\\/@litrax.ch\"],\"description\":\"Willkommen bei Litrax \u2013 Ihrem f\u00fchrenden Online-Shop f\u00fcr hochwertige hydroponische Gartensysteme! Wir bieten eine breite Palette an L\u00f6sungen f\u00fcr Privatpersonen, Restaurants und industrielle Gro\u00dfsysteme, um Ihnen zu helfen, Ihre eigene gr\u00fcne Oase zu schaffen, unabh\u00e4ngig von Ihrem Bedarf oder Ihrer Gr\u00f6\u00dfe. F\u00fcr Haushalte\\\/B\u00fcros: Entdecken Sie die Freude am G\u00e4rtnern in Ihrem eigenen Zuhause mit unseren einfach zu bedienenden hydroponischen Gartensystemen. Egal, ob Sie auf einem Balkon, einer Terrasse oder in Ihrem Wohnzimmer g\u00e4rtnern m\u00f6chten \u2013 wir haben das passende System f\u00fcr Sie. Genie\u00dfen Sie frisches Gem\u00fcse, aromatische Kr\u00e4uter und farbenfrohe Blumen das ganze Jahr \u00fcber, direkt aus Ihrem hydroponischen Garten. F\u00fcr Restaurants: Steigern Sie die Qualit\u00e4t Ihrer Gerichte und beeindrucken Sie Ihre G\u00e4ste mit frischen, geschmacksintensiven Zutaten aus unserem Sortiment an hydroponischen Gartensystemen f\u00fcr den gastronomischen Bereich. Unsere Systeme sind platzsparend, effizient und einfach zu bedienen, so dass Sie Ihre eigenen Zutaten direkt in Ihrer K\u00fcche anbauen k\u00f6nnen. Erleben Sie die Freude an nachhaltigem G\u00e4rtnern und lassen Sie Ihre kulinarischen Kreationen erstrahlen. Industrielle Gro\u00dfsysteme: Optimieren Sie Ihre landwirtschaftliche Produktion mit unseren ma\u00dfgeschneiderten hydroponischen Gro\u00dfsystemen. Von vertikalen Farmen bis hin zu automatisierten Anlagen bieten wir skalierbare L\u00f6sungen f\u00fcr maximale Effizienz und Produktivit\u00e4t. Nutzen Sie die Vorteile der hydroponischen Landwirtschaft, um Ihre Ernteertr\u00e4ge zu steigern, Platz zu sparen und Ressourcen zu optimieren. Erfahren Sie, wie unsere Systeme die Zukunft der industriellen Landwirtschaft gestalten k\u00f6nnen. Bei Litrax legen wir Wert auf Qualit\u00e4t und Kundenzufriedenheit. Unsere Produkte sind sorgf\u00e4ltig ausgew\u00e4hlt, um Ihnen die besten Ergebnisse zu garantieren, und wir bieten sie zu g\u00fcnstigen Preisen an. Dank unseres eigenen Lagers in der Schweiz k\u00f6nnen wir Ihnen eine schnelle Lieferung am n\u00e4chsten Tag garantieren.\",\"legalName\":\"Resyx GmbH\",\"foundingDate\":\"2022-12-22\",\"numberOfEmployees\":{\"@type\":\"QuantitativeValue\",\"minValue\":\"1\",\"maxValue\":\"10\"}}]}<\/script>\n<meta property=\"og:availability\" content=\"instock\" \/>\n<meta property=\"product:availability\" content=\"instock\" \/>\n<meta property=\"product:retailer_item_id\" content=\"LX205\" \/>\n<meta property=\"product:condition\" content=\"new\" \/>\n<!-- \/ Yoast SEO Premium plugin. -->","yoast_head_json":{"title":"MAJA Hydro Pot 1 : Exp\u00e9rimenter la croissance rapide des plantes %%page% - Litrax - Hydroponische Systeme","description":"D\u00e9couvrez le MAJA Hydro Pot 1 pour une croissance rapide des plantes ! Ce kit innovant ravira aussi bien les enfants que les amateurs de plantes.","robots":{"index":"index","follow":"follow","max-snippet":"max-snippet:-1","max-image-preview":"max-image-preview:large","max-video-preview":"max-video-preview:-1"},"canonical":"https:\/\/litrax.ch\/fr\/shop\/maja-booster-de-fleurs\/","og_locale":"fr_FR","og_type":"article","og_title":"MAJA Hydro pot 1","og_description":"D\u00e9couvrez le MAJA Hydro Pot 1 pour une croissance rapide des plantes ! Ce kit innovant ravira aussi bien les enfants que les amateurs de plantes.","og_url":"https:\/\/litrax.ch\/fr\/shop\/maja-booster-de-fleurs\/","og_site_name":"Litrax - Hydroponische Systeme","article_publisher":"https:\/\/www.facebook.com\/Litrax.ch","article_modified_time":"2026-04-13T15:19:51+00:00","og_image":[{"width":1548,"height":1135,"url":"https:\/\/litrax.ch\/wp-content\/uploads\/2024\/01\/LX205-transparent2.png","type":"image\/png"}],"twitter_card":"summary_large_image","twitter_misc":{"Disponibilit\u00e9":"En stock"},"schema":{"@context":"https:\/\/schema.org","@graph":[{"@type":"WebPage","@id":"https:\/\/litrax.ch\/fr\/shop\/maja-booster-de-fleurs\/","url":"https:\/\/litrax.ch\/fr\/shop\/maja-booster-de-fleurs\/","name":"MAJA Hydro Pot 1 : Exp\u00e9rimenter la croissance rapide des plantes %%page% - Litrax - Hydroponische Systeme","isPartOf":{"@id":"https:\/\/litrax.ch\/fr\/#website"},"primaryImageOfPage":{"@id":"https:\/\/litrax.ch\/fr\/shop\/maja-booster-de-fleurs\/#primaryimage"},"image":{"@id":"https:\/\/litrax.ch\/fr\/shop\/maja-booster-de-fleurs\/#primaryimage"},"thumbnailUrl":"https:\/\/litrax.ch\/wp-content\/uploads\/2024\/01\/LX205-transparent2.png","datePublished":"2024-01-11T08:43:49+00:00","dateModified":"2026-04-13T15:19:51+00:00","description":"D\u00e9couvrez le MAJA Hydro Pot 1 pour une croissance rapide des plantes ! Ce kit innovant ravira aussi bien les enfants que les amateurs de plantes.","breadcrumb":{"@id":"https:\/\/litrax.ch\/fr\/shop\/maja-booster-de-fleurs\/#breadcrumb"},"inLanguage":"fr-FR","potentialAction":[{"@type":"ReadAction","target":["https:\/\/litrax.ch\/fr\/shop\/maja-booster-de-fleurs\/"]}]},{"@type":"ImageObject","inLanguage":"fr-FR","@id":"https:\/\/litrax.ch\/fr\/shop\/maja-booster-de-fleurs\/#primaryimage","url":"https:\/\/litrax.ch\/wp-content\/uploads\/2024\/01\/LX205-transparent2.png","contentUrl":"https:\/\/litrax.ch\/wp-content\/uploads\/2024\/01\/LX205-transparent2.png","width":1548,"height":1135},{"@type":"BreadcrumbList","@id":"https:\/\/litrax.ch\/fr\/shop\/maja-booster-de-fleurs\/#breadcrumb","itemListElement":[{"@type":"ListItem","position":1,"name":"Startseite","item":"https:\/\/litrax.ch\/fr\/accueil\/"},{"@type":"ListItem","position":2,"name":"Boutique","item":"https:\/\/litrax.ch\/fr\/boutique\/"},{"@type":"ListItem","position":3,"name":"MAJA Hydro pot 1"}]},{"@type":"WebSite","@id":"https:\/\/litrax.ch\/fr\/#website","url":"https:\/\/litrax.ch\/fr\/","name":"Litrax - Hydroponische Systeme","description":"Erlebe Hydroponik - der erdlose Gartengenuss.","publisher":{"@id":"https:\/\/litrax.ch\/fr\/#organization"},"alternateName":"Litrax","potentialAction":[{"@type":"SearchAction","target":{"@type":"EntryPoint","urlTemplate":"https:\/\/litrax.ch\/fr\/?s={search_term_string}"},"query-input":{"@type":"PropertyValueSpecification","valueRequired":true,"valueName":"search_term_string"}}],"inLanguage":"fr-FR"},{"@type":"Organization","@id":"https:\/\/litrax.ch\/fr\/#organization","name":"Litrax - Hydroponische Systeme","alternateName":"Litrax","url":"https:\/\/litrax.ch\/fr\/","logo":{"@type":"ImageObject","inLanguage":"fr-FR","@id":"https:\/\/litrax.ch\/fr\/#\/schema\/logo\/image\/","url":"https:\/\/litrax.ch\/wp-content\/uploads\/2024\/03\/facivon.png","contentUrl":"https:\/\/litrax.ch\/wp-content\/uploads\/2024\/03\/facivon.png","width":150,"height":150,"caption":"Litrax - Hydroponische Systeme"},"image":{"@id":"https:\/\/litrax.ch\/fr\/#\/schema\/logo\/image\/"},"sameAs":["https:\/\/www.facebook.com\/Litrax.ch","https:\/\/www.instagram.com\/litrax.ch\/","https:\/\/www.tiktok.com\/@litrax.ch"],"description":"Willkommen bei Litrax \u2013 Ihrem f\u00fchrenden Online-Shop f\u00fcr hochwertige hydroponische Gartensysteme! Wir bieten eine breite Palette an L\u00f6sungen f\u00fcr Privatpersonen, Restaurants und industrielle Gro\u00dfsysteme, um Ihnen zu helfen, Ihre eigene gr\u00fcne Oase zu schaffen, unabh\u00e4ngig von Ihrem Bedarf oder Ihrer Gr\u00f6\u00dfe. F\u00fcr Haushalte\/B\u00fcros: Entdecken Sie die Freude am G\u00e4rtnern in Ihrem eigenen Zuhause mit unseren einfach zu bedienenden hydroponischen Gartensystemen. Egal, ob Sie auf einem Balkon, einer Terrasse oder in Ihrem Wohnzimmer g\u00e4rtnern m\u00f6chten \u2013 wir haben das passende System f\u00fcr Sie. Genie\u00dfen Sie frisches Gem\u00fcse, aromatische Kr\u00e4uter und farbenfrohe Blumen das ganze Jahr \u00fcber, direkt aus Ihrem hydroponischen Garten. F\u00fcr Restaurants: Steigern Sie die Qualit\u00e4t Ihrer Gerichte und beeindrucken Sie Ihre G\u00e4ste mit frischen, geschmacksintensiven Zutaten aus unserem Sortiment an hydroponischen Gartensystemen f\u00fcr den gastronomischen Bereich. Unsere Systeme sind platzsparend, effizient und einfach zu bedienen, so dass Sie Ihre eigenen Zutaten direkt in Ihrer K\u00fcche anbauen k\u00f6nnen. Erleben Sie die Freude an nachhaltigem G\u00e4rtnern und lassen Sie Ihre kulinarischen Kreationen erstrahlen. Industrielle Gro\u00dfsysteme: Optimieren Sie Ihre landwirtschaftliche Produktion mit unseren ma\u00dfgeschneiderten hydroponischen Gro\u00dfsystemen. Von vertikalen Farmen bis hin zu automatisierten Anlagen bieten wir skalierbare L\u00f6sungen f\u00fcr maximale Effizienz und Produktivit\u00e4t. Nutzen Sie die Vorteile der hydroponischen Landwirtschaft, um Ihre Ernteertr\u00e4ge zu steigern, Platz zu sparen und Ressourcen zu optimieren. Erfahren Sie, wie unsere Systeme die Zukunft der industriellen Landwirtschaft gestalten k\u00f6nnen. Bei Litrax legen wir Wert auf Qualit\u00e4t und Kundenzufriedenheit. Unsere Produkte sind sorgf\u00e4ltig ausgew\u00e4hlt, um Ihnen die besten Ergebnisse zu garantieren, und wir bieten sie zu g\u00fcnstigen Preisen an. Dank unseres eigenen Lagers in der Schweiz k\u00f6nnen wir Ihnen eine schnelle Lieferung am n\u00e4chsten Tag garantieren.","legalName":"Resyx GmbH","foundingDate":"2022-12-22","numberOfEmployees":{"@type":"QuantitativeValue","minValue":"1","maxValue":"10"}}]},"og_availability":"instock","product_availability":"instock","product_retailer_item_id":"LX205","product_condition":"new"},"_links":{"self":[{"href":"https:\/\/litrax.ch\/fr\/wp-json\/wp\/v2\/product\/18579","targetHints":{"allow":["GET"]}}],"collection":[{"href":"https:\/\/litrax.ch\/fr\/wp-json\/wp\/v2\/product"}],"about":[{"href":"https:\/\/litrax.ch\/fr\/wp-json\/wp\/v2\/types\/product"}],"replies":[{"embeddable":true,"href":"https:\/\/litrax.ch\/fr\/wp-json\/wp\/v2\/comments?post=18579"}],"wp:featuredmedia":[{"embeddable":true,"href":"https:\/\/litrax.ch\/fr\/wp-json\/wp\/v2\/media\/20534"}],"wp:attachment":[{"href":"https:\/\/litrax.ch\/fr\/wp-json\/wp\/v2\/media?parent=18579"}],"wp:term":[{"taxonomy":"product_brand","embeddable":true,"href":"https:\/\/litrax.ch\/fr\/wp-json\/wp\/v2\/product_brand?post=18579"},{"taxonomy":"product_cat","embeddable":true,"href":"https:\/\/litrax.ch\/fr\/wp-json\/wp\/v2\/product_cat?post=18579"},{"taxonomy":"product_tag","embeddable":true,"href":"https:\/\/litrax.ch\/fr\/wp-json\/wp\/v2\/product_tag?post=18579"}],"curies":[{"name":"wp","href":"https:\/\/api.w.org\/{rel}","templated":true}]}}