{"id":18657,"date":"2024-01-11T08:45:06","date_gmt":"2024-01-11T08:45:06","guid":{"rendered":"https:\/\/litrax.ch\/shop\/sabrina-indoor-farm\/"},"modified":"2026-03-24T21:05:40","modified_gmt":"2026-03-24T21:05:40","slug":"sabrina-indoor-farm","status":"publish","type":"product","link":"https:\/\/litrax.ch\/fr\/shop\/sabrina-indoor-farm\/","title":{"rendered":"SABRINA Ferme verticale"},"content":{"rendered":"<h2>La ferme verticale pour la cuisine et le balcon<\/h2>\n<p>La SABRINA Indoor Farm, un potager vertical \u00e0 3 niveaux pouvant accueillir 48 plantes avec de l&#8217;argile expans\u00e9e (ou jusqu&#8217;\u00e0 64 plantes avec des \u00e9ponges de croissance) pour la culture de l\u00e9gumes, de salades, d&#8217;herbes, de fleurs et de baies. La ferme est \u00e9quip\u00e9e de lumi\u00e8res de croissance LED, d&#8217;une pompe pour le circuit d&#8217;eau et de vastes r\u00e9servoirs d&#8217;eau. D\u00e9couvrez l&#8217;avenir du jardinage domestique avec le syst\u00e8me de culture verticale d&#8217;int\u00e9rieur enti\u00e8rement automatis\u00e9.  <\/p>\n<h2>Principales caract\u00e9ristiques<\/h2>\n<ol>\n<li><strong>Technologie de film nutritif<\/strong>: SABRINA est bas\u00e9 sur le syst\u00e8me hydroponique de film nutritif, qui assure un arrosage et une alimentation constants des racines. La culture hydroponique r\u00e9duit votre empreinte carbone de 100%, avec une croissance 30%-50% plus rapide et une teneur en nutriments accrue. Profitez d&#8217;une verdure fra\u00eeche et sans pesticides tout au long de l&#8217;ann\u00e9e.  <\/li>\n<li><strong>Syst\u00e8me enti\u00e8rement automatique<\/strong>: apr\u00e8s le r\u00e9glage initial, le syst\u00e8me fonctionne pratiquement automatiquement. Les lumi\u00e8res de croissance LED, la pompe et les r\u00e9servoirs d&#8217;eau soutiennent l&#8217;ensemble du cycle de croissance. Le syst\u00e8me d&#8217;alarme de manque d&#8217;eau vous rappelle de rajouter de l&#8217;eau &amp; des nutriments si n\u00e9cessaire.  <\/li>\n<li><strong>Conception modulaire du syst\u00e8me<\/strong>: la conception modulaire pratique permet de s&#8217;adapter \u00e0 la taille de la famille et \u00e0 l&#8217;espace disponible. Commencez petit avec un ou deux niveaux ou passez \u00e0 trois niveaux. Les lumi\u00e8res LED simulent le spectre solaire et favorisent la photosynth\u00e8se en toute saison.  <\/li>\n<li><strong>Options de support de culture<\/strong>: Livr\u00e9 en standard avec un espace pour l&#8217;argile expans\u00e9e, vous pouvez \u00e9galement utiliser de la laine de roche ou nos \u00e9ponges de croissance. L&#8217;argile expans\u00e9e est parfaite pour les grandes plantes, tandis que les \u00e9ponges de culture sont id\u00e9ales pour les l\u00e9gumes \u00e0 feuilles. Les deux options offrent une exp\u00e9rience de croissance agr\u00e9able.  <\/li>\n<li><strong>Grande capacit\u00e9 du r\u00e9servoir d&#8217;eau<\/strong>: Avec une capacit\u00e9 totale de 23,8L + 8L + 8L, un temps d&#8217;\u00e9clairage r\u00e9glable et un syst\u00e8me d&#8217;alarme de manque d&#8217;eau, vous \u00eates s\u00fbr que vos plantes sont bien nourries. L&#8217;ensemble de la ferme domestique SABRINA consomme moins de 100W \u00e0 pleine puissance. Les barres de LED individuelles sont tr\u00e8s \u00e9conomiques et consomment moins de 12W.  <\/li>\n<\/ol>\n<p>&nbsp;<\/p>\n<p>La SABRINA Vertical Farm produit vos l\u00e9gumes et herbes aromatiques tout au long de l&#8217;ann\u00e9e. En \u00e9t\u00e9, vous pouvez laisser le syst\u00e8me fonctionner \u00e0 l&#8217;ext\u00e9rieur (balcon, jardin) comme une plate-bande sans lumi\u00e8res de croissance LED. En hiver, vous pouvez profiter de la fra\u00eecheur de la cuisine gr\u00e2ce au syst\u00e8me enti\u00e8rement automatique avec pompe \u00e0 eau et lumi\u00e8res de croissance, m\u00eame en votre absence pendant les vacances.  <\/p>\n<div class=\"video-container responsive-embed widescreen\"><iframe title=\"LITRAX LX210 Instruction\" width=\"900\" height=\"506\" src=\"https:\/\/www.youtube.com\/embed\/PUbtjTM3zKI?feature=oembed\" frameborder=\"0\" allow=\"accelerometer; autoplay; clipboard-write; encrypted-media; gyroscope; picture-in-picture; web-share\" allowfullscreen><\/iframe><\/div>\n","protected":false},"excerpt":{"rendered":"<p>La ferme verticale pour la cuisine et le balcon La SABRINA Indoor Farm, un potager vertical \u00e0 3 niveaux pouvant accueillir 48 plantes avec de l&#8217;argile expans\u00e9e (ou jusqu&#8217;\u00e0 64 plantes avec des \u00e9ponges de croissance) pour la culture de l\u00e9gumes, de salades, d&#8217;herbes, de fleurs et de baies. La ferme est \u00e9quip\u00e9e de lumi\u00e8res [&hellip;]<\/p>\n","protected":false},"featured_media":20416,"comment_status":"open","ping_status":"closed","template":"","meta":[],"product_brand":[],"product_cat":[119],"product_tag":[790,507,754],"class_list":{"0":"post-18657","1":"product","2":"type-product","3":"status-publish","4":"has-post-thumbnail","6":"product_cat-hydroponique","7":"product_tag-auto-arrose","8":"product_tag-ferme-verticale","9":"product_tag-indoor-fr-2","11":"first","12":"outofstock","13":"taxable","14":"shipping-taxable","15":"purchasable","16":"product-type-simple"},"yoast_head":"<!-- This site is optimized with the Yoast SEO Premium plugin v26.7 (Yoast SEO v27.4) - https:\/\/yoast.com\/product\/yoast-seo-premium-wordpress\/ -->\n<title>SABRINA Ferme verticale : vivre l&#039;avenir du jardinage \u00e0 domicile<\/title>\n<meta name=\"description\" content=\"Avec la ferme verticale SABRINA, vous faites entrer la nature dans votre maison. D\u00e9couvrez la culture enti\u00e8rement automatis\u00e9e de l\u00e9gumes et d&#039;herbes aromatiques. Achetez maintenant !\" \/>\n<meta name=\"robots\" content=\"index, follow, max-snippet:-1, max-image-preview:large, max-video-preview:-1\" \/>\n<link rel=\"canonical\" href=\"https:\/\/litrax.ch\/fr\/shop\/sabrina-indoor-farm\/\" \/>\n<meta property=\"og:locale\" content=\"fr_FR\" \/>\n<meta property=\"og:type\" content=\"article\" \/>\n<meta property=\"og:title\" content=\"SABRINA Ferme verticale\" \/>\n<meta property=\"og:description\" content=\"Avec la ferme verticale SABRINA, vous faites entrer la nature dans votre maison. D\u00e9couvrez la culture enti\u00e8rement automatis\u00e9e de l\u00e9gumes et d&#039;herbes aromatiques. Achetez maintenant !\" \/>\n<meta property=\"og:url\" content=\"https:\/\/litrax.ch\/fr\/shop\/sabrina-indoor-farm\/\" \/>\n<meta property=\"og:site_name\" content=\"Litrax - Hydroponische Systeme\" \/>\n<meta property=\"article:publisher\" content=\"https:\/\/www.facebook.com\/Litrax.ch\" \/>\n<meta property=\"article:modified_time\" content=\"2026-03-24T21:05:40+00:00\" \/>\n<meta property=\"og:image\" content=\"https:\/\/litrax.ch\/wp-content\/uploads\/2024\/01\/LX210-03-SABRINA-wide-1024x710.png\" \/>\n\t<meta property=\"og:image:width\" content=\"1024\" \/>\n\t<meta property=\"og:image:height\" content=\"710\" \/>\n\t<meta property=\"og:image:type\" content=\"image\/png\" \/>\n<meta name=\"twitter:card\" content=\"summary_large_image\" \/>\n<meta name=\"twitter:label1\" content=\"Prix\" \/>\n\t<meta name=\"twitter:data1\" content=\"&#067;&#072;&#070;&nbsp;850.00\" \/>\n\t<meta name=\"twitter:label2\" content=\"Disponibilit\u00e9\" \/>\n\t<meta name=\"twitter:data2\" content=\"Rupture de stock\" \/>\n<script type=\"application\/ld+json\" class=\"yoast-schema-graph\">{\"@context\":\"https:\\\/\\\/schema.org\",\"@graph\":[{\"@type\":\"WebPage\",\"@id\":\"https:\\\/\\\/litrax.ch\\\/fr\\\/shop\\\/sabrina-indoor-farm\\\/\",\"url\":\"https:\\\/\\\/litrax.ch\\\/fr\\\/shop\\\/sabrina-indoor-farm\\\/\",\"name\":\"SABRINA Ferme verticale : vivre l'avenir du jardinage \u00e0 domicile\",\"isPartOf\":{\"@id\":\"https:\\\/\\\/litrax.ch\\\/fr\\\/#website\"},\"primaryImageOfPage\":{\"@id\":\"https:\\\/\\\/litrax.ch\\\/fr\\\/shop\\\/sabrina-indoor-farm\\\/#primaryimage\"},\"image\":{\"@id\":\"https:\\\/\\\/litrax.ch\\\/fr\\\/shop\\\/sabrina-indoor-farm\\\/#primaryimage\"},\"thumbnailUrl\":\"https:\\\/\\\/litrax.ch\\\/wp-content\\\/uploads\\\/2024\\\/01\\\/LX210-03-SABRINA-wide-e1731355472560.png\",\"datePublished\":\"2024-01-11T08:45:06+00:00\",\"dateModified\":\"2026-03-24T21:05:40+00:00\",\"description\":\"Avec la ferme verticale SABRINA, vous faites entrer la nature dans votre maison. D\u00e9couvrez la culture enti\u00e8rement automatis\u00e9e de l\u00e9gumes et d'herbes aromatiques. Achetez maintenant !\",\"breadcrumb\":{\"@id\":\"https:\\\/\\\/litrax.ch\\\/fr\\\/shop\\\/sabrina-indoor-farm\\\/#breadcrumb\"},\"inLanguage\":\"fr-FR\",\"potentialAction\":[{\"@type\":\"ReadAction\",\"target\":[\"https:\\\/\\\/litrax.ch\\\/fr\\\/shop\\\/sabrina-indoor-farm\\\/\"]}]},{\"@type\":\"ImageObject\",\"inLanguage\":\"fr-FR\",\"@id\":\"https:\\\/\\\/litrax.ch\\\/fr\\\/shop\\\/sabrina-indoor-farm\\\/#primaryimage\",\"url\":\"https:\\\/\\\/litrax.ch\\\/wp-content\\\/uploads\\\/2024\\\/01\\\/LX210-03-SABRINA-wide-e1731355472560.png\",\"contentUrl\":\"https:\\\/\\\/litrax.ch\\\/wp-content\\\/uploads\\\/2024\\\/01\\\/LX210-03-SABRINA-wide-e1731355472560.png\",\"width\":2649,\"height\":1838,\"caption\":\"Ferme domestique verticale pour la cuisine\"},{\"@type\":\"BreadcrumbList\",\"@id\":\"https:\\\/\\\/litrax.ch\\\/fr\\\/shop\\\/sabrina-indoor-farm\\\/#breadcrumb\",\"itemListElement\":[{\"@type\":\"ListItem\",\"position\":1,\"name\":\"Startseite\",\"item\":\"https:\\\/\\\/litrax.ch\\\/fr\\\/accueil\\\/\"},{\"@type\":\"ListItem\",\"position\":2,\"name\":\"Boutique\",\"item\":\"https:\\\/\\\/litrax.ch\\\/fr\\\/boutique\\\/\"},{\"@type\":\"ListItem\",\"position\":3,\"name\":\"SABRINA Ferme verticale\"}]},{\"@type\":\"WebSite\",\"@id\":\"https:\\\/\\\/litrax.ch\\\/fr\\\/#website\",\"url\":\"https:\\\/\\\/litrax.ch\\\/fr\\\/\",\"name\":\"Litrax - Hydroponische Systeme\",\"description\":\"Erlebe Hydroponik - der erdlose Gartengenuss.\",\"publisher\":{\"@id\":\"https:\\\/\\\/litrax.ch\\\/fr\\\/#organization\"},\"alternateName\":\"Litrax\",\"potentialAction\":[{\"@type\":\"SearchAction\",\"target\":{\"@type\":\"EntryPoint\",\"urlTemplate\":\"https:\\\/\\\/litrax.ch\\\/fr\\\/?s={search_term_string}\"},\"query-input\":{\"@type\":\"PropertyValueSpecification\",\"valueRequired\":true,\"valueName\":\"search_term_string\"}}],\"inLanguage\":\"fr-FR\"},{\"@type\":\"Organization\",\"@id\":\"https:\\\/\\\/litrax.ch\\\/fr\\\/#organization\",\"name\":\"Litrax - Hydroponische Systeme\",\"alternateName\":\"Litrax\",\"url\":\"https:\\\/\\\/litrax.ch\\\/fr\\\/\",\"logo\":{\"@type\":\"ImageObject\",\"inLanguage\":\"fr-FR\",\"@id\":\"https:\\\/\\\/litrax.ch\\\/fr\\\/#\\\/schema\\\/logo\\\/image\\\/\",\"url\":\"https:\\\/\\\/litrax.ch\\\/wp-content\\\/uploads\\\/2024\\\/03\\\/facivon.png\",\"contentUrl\":\"https:\\\/\\\/litrax.ch\\\/wp-content\\\/uploads\\\/2024\\\/03\\\/facivon.png\",\"width\":150,\"height\":150,\"caption\":\"Litrax - Hydroponische Systeme\"},\"image\":{\"@id\":\"https:\\\/\\\/litrax.ch\\\/fr\\\/#\\\/schema\\\/logo\\\/image\\\/\"},\"sameAs\":[\"https:\\\/\\\/www.facebook.com\\\/Litrax.ch\",\"https:\\\/\\\/www.instagram.com\\\/litrax.ch\\\/\",\"https:\\\/\\\/www.tiktok.com\\\/@litrax.ch\"],\"description\":\"Willkommen bei Litrax \u2013 Ihrem f\u00fchrenden Online-Shop f\u00fcr hochwertige hydroponische Gartensysteme! Wir bieten eine breite Palette an L\u00f6sungen f\u00fcr Privatpersonen, Restaurants und industrielle Gro\u00dfsysteme, um Ihnen zu helfen, Ihre eigene gr\u00fcne Oase zu schaffen, unabh\u00e4ngig von Ihrem Bedarf oder Ihrer Gr\u00f6\u00dfe. F\u00fcr Haushalte\\\/B\u00fcros: Entdecken Sie die Freude am G\u00e4rtnern in Ihrem eigenen Zuhause mit unseren einfach zu bedienenden hydroponischen Gartensystemen. Egal, ob Sie auf einem Balkon, einer Terrasse oder in Ihrem Wohnzimmer g\u00e4rtnern m\u00f6chten \u2013 wir haben das passende System f\u00fcr Sie. Genie\u00dfen Sie frisches Gem\u00fcse, aromatische Kr\u00e4uter und farbenfrohe Blumen das ganze Jahr \u00fcber, direkt aus Ihrem hydroponischen Garten. F\u00fcr Restaurants: Steigern Sie die Qualit\u00e4t Ihrer Gerichte und beeindrucken Sie Ihre G\u00e4ste mit frischen, geschmacksintensiven Zutaten aus unserem Sortiment an hydroponischen Gartensystemen f\u00fcr den gastronomischen Bereich. Unsere Systeme sind platzsparend, effizient und einfach zu bedienen, so dass Sie Ihre eigenen Zutaten direkt in Ihrer K\u00fcche anbauen k\u00f6nnen. Erleben Sie die Freude an nachhaltigem G\u00e4rtnern und lassen Sie Ihre kulinarischen Kreationen erstrahlen. Industrielle Gro\u00dfsysteme: Optimieren Sie Ihre landwirtschaftliche Produktion mit unseren ma\u00dfgeschneiderten hydroponischen Gro\u00dfsystemen. Von vertikalen Farmen bis hin zu automatisierten Anlagen bieten wir skalierbare L\u00f6sungen f\u00fcr maximale Effizienz und Produktivit\u00e4t. Nutzen Sie die Vorteile der hydroponischen Landwirtschaft, um Ihre Ernteertr\u00e4ge zu steigern, Platz zu sparen und Ressourcen zu optimieren. Erfahren Sie, wie unsere Systeme die Zukunft der industriellen Landwirtschaft gestalten k\u00f6nnen. Bei Litrax legen wir Wert auf Qualit\u00e4t und Kundenzufriedenheit. Unsere Produkte sind sorgf\u00e4ltig ausgew\u00e4hlt, um Ihnen die besten Ergebnisse zu garantieren, und wir bieten sie zu g\u00fcnstigen Preisen an. Dank unseres eigenen Lagers in der Schweiz k\u00f6nnen wir Ihnen eine schnelle Lieferung am n\u00e4chsten Tag garantieren.\",\"legalName\":\"Resyx GmbH\",\"foundingDate\":\"2022-12-22\",\"numberOfEmployees\":{\"@type\":\"QuantitativeValue\",\"minValue\":\"1\",\"maxValue\":\"10\"}}]}<\/script>\n<meta property=\"product:price:amount\" content=\"850.00\" \/>\n<meta property=\"product:price:currency\" content=\"CHF\" \/>\n<meta property=\"og:availability\" content=\"out of stock\" \/>\n<meta property=\"product:availability\" content=\"out of stock\" \/>\n<meta property=\"product:retailer_item_id\" content=\"LX210-03 LED\" \/>\n<meta property=\"product:condition\" content=\"new\" \/>\n<!-- \/ Yoast SEO Premium plugin. -->","yoast_head_json":{"title":"SABRINA Ferme verticale : vivre l'avenir du jardinage \u00e0 domicile","description":"Avec la ferme verticale SABRINA, vous faites entrer la nature dans votre maison. D\u00e9couvrez la culture enti\u00e8rement automatis\u00e9e de l\u00e9gumes et d'herbes aromatiques. Achetez maintenant !","robots":{"index":"index","follow":"follow","max-snippet":"max-snippet:-1","max-image-preview":"max-image-preview:large","max-video-preview":"max-video-preview:-1"},"canonical":"https:\/\/litrax.ch\/fr\/shop\/sabrina-indoor-farm\/","og_locale":"fr_FR","og_type":"article","og_title":"SABRINA Ferme verticale","og_description":"Avec la ferme verticale SABRINA, vous faites entrer la nature dans votre maison. D\u00e9couvrez la culture enti\u00e8rement automatis\u00e9e de l\u00e9gumes et d'herbes aromatiques. Achetez maintenant !","og_url":"https:\/\/litrax.ch\/fr\/shop\/sabrina-indoor-farm\/","og_site_name":"Litrax - Hydroponische Systeme","article_publisher":"https:\/\/www.facebook.com\/Litrax.ch","article_modified_time":"2026-03-24T21:05:40+00:00","og_image":[{"width":1024,"height":710,"url":"https:\/\/litrax.ch\/wp-content\/uploads\/2024\/01\/LX210-03-SABRINA-wide-1024x710.png","type":"image\/png"}],"twitter_card":"summary_large_image","twitter_misc":{"Prix":"&#67;&#72;&#70;&nbsp;850.00","Disponibilit\u00e9":"Rupture de stock"},"schema":{"@context":"https:\/\/schema.org","@graph":[{"@type":"WebPage","@id":"https:\/\/litrax.ch\/fr\/shop\/sabrina-indoor-farm\/","url":"https:\/\/litrax.ch\/fr\/shop\/sabrina-indoor-farm\/","name":"SABRINA Ferme verticale : vivre l'avenir du jardinage \u00e0 domicile","isPartOf":{"@id":"https:\/\/litrax.ch\/fr\/#website"},"primaryImageOfPage":{"@id":"https:\/\/litrax.ch\/fr\/shop\/sabrina-indoor-farm\/#primaryimage"},"image":{"@id":"https:\/\/litrax.ch\/fr\/shop\/sabrina-indoor-farm\/#primaryimage"},"thumbnailUrl":"https:\/\/litrax.ch\/wp-content\/uploads\/2024\/01\/LX210-03-SABRINA-wide-e1731355472560.png","datePublished":"2024-01-11T08:45:06+00:00","dateModified":"2026-03-24T21:05:40+00:00","description":"Avec la ferme verticale SABRINA, vous faites entrer la nature dans votre maison. D\u00e9couvrez la culture enti\u00e8rement automatis\u00e9e de l\u00e9gumes et d'herbes aromatiques. Achetez maintenant !","breadcrumb":{"@id":"https:\/\/litrax.ch\/fr\/shop\/sabrina-indoor-farm\/#breadcrumb"},"inLanguage":"fr-FR","potentialAction":[{"@type":"ReadAction","target":["https:\/\/litrax.ch\/fr\/shop\/sabrina-indoor-farm\/"]}]},{"@type":"ImageObject","inLanguage":"fr-FR","@id":"https:\/\/litrax.ch\/fr\/shop\/sabrina-indoor-farm\/#primaryimage","url":"https:\/\/litrax.ch\/wp-content\/uploads\/2024\/01\/LX210-03-SABRINA-wide-e1731355472560.png","contentUrl":"https:\/\/litrax.ch\/wp-content\/uploads\/2024\/01\/LX210-03-SABRINA-wide-e1731355472560.png","width":2649,"height":1838,"caption":"Ferme domestique verticale pour la cuisine"},{"@type":"BreadcrumbList","@id":"https:\/\/litrax.ch\/fr\/shop\/sabrina-indoor-farm\/#breadcrumb","itemListElement":[{"@type":"ListItem","position":1,"name":"Startseite","item":"https:\/\/litrax.ch\/fr\/accueil\/"},{"@type":"ListItem","position":2,"name":"Boutique","item":"https:\/\/litrax.ch\/fr\/boutique\/"},{"@type":"ListItem","position":3,"name":"SABRINA Ferme verticale"}]},{"@type":"WebSite","@id":"https:\/\/litrax.ch\/fr\/#website","url":"https:\/\/litrax.ch\/fr\/","name":"Litrax - Hydroponische Systeme","description":"Erlebe Hydroponik - der erdlose Gartengenuss.","publisher":{"@id":"https:\/\/litrax.ch\/fr\/#organization"},"alternateName":"Litrax","potentialAction":[{"@type":"SearchAction","target":{"@type":"EntryPoint","urlTemplate":"https:\/\/litrax.ch\/fr\/?s={search_term_string}"},"query-input":{"@type":"PropertyValueSpecification","valueRequired":true,"valueName":"search_term_string"}}],"inLanguage":"fr-FR"},{"@type":"Organization","@id":"https:\/\/litrax.ch\/fr\/#organization","name":"Litrax - Hydroponische Systeme","alternateName":"Litrax","url":"https:\/\/litrax.ch\/fr\/","logo":{"@type":"ImageObject","inLanguage":"fr-FR","@id":"https:\/\/litrax.ch\/fr\/#\/schema\/logo\/image\/","url":"https:\/\/litrax.ch\/wp-content\/uploads\/2024\/03\/facivon.png","contentUrl":"https:\/\/litrax.ch\/wp-content\/uploads\/2024\/03\/facivon.png","width":150,"height":150,"caption":"Litrax - Hydroponische Systeme"},"image":{"@id":"https:\/\/litrax.ch\/fr\/#\/schema\/logo\/image\/"},"sameAs":["https:\/\/www.facebook.com\/Litrax.ch","https:\/\/www.instagram.com\/litrax.ch\/","https:\/\/www.tiktok.com\/@litrax.ch"],"description":"Willkommen bei Litrax \u2013 Ihrem f\u00fchrenden Online-Shop f\u00fcr hochwertige hydroponische Gartensysteme! Wir bieten eine breite Palette an L\u00f6sungen f\u00fcr Privatpersonen, Restaurants und industrielle Gro\u00dfsysteme, um Ihnen zu helfen, Ihre eigene gr\u00fcne Oase zu schaffen, unabh\u00e4ngig von Ihrem Bedarf oder Ihrer Gr\u00f6\u00dfe. F\u00fcr Haushalte\/B\u00fcros: Entdecken Sie die Freude am G\u00e4rtnern in Ihrem eigenen Zuhause mit unseren einfach zu bedienenden hydroponischen Gartensystemen. Egal, ob Sie auf einem Balkon, einer Terrasse oder in Ihrem Wohnzimmer g\u00e4rtnern m\u00f6chten \u2013 wir haben das passende System f\u00fcr Sie. Genie\u00dfen Sie frisches Gem\u00fcse, aromatische Kr\u00e4uter und farbenfrohe Blumen das ganze Jahr \u00fcber, direkt aus Ihrem hydroponischen Garten. F\u00fcr Restaurants: Steigern Sie die Qualit\u00e4t Ihrer Gerichte und beeindrucken Sie Ihre G\u00e4ste mit frischen, geschmacksintensiven Zutaten aus unserem Sortiment an hydroponischen Gartensystemen f\u00fcr den gastronomischen Bereich. Unsere Systeme sind platzsparend, effizient und einfach zu bedienen, so dass Sie Ihre eigenen Zutaten direkt in Ihrer K\u00fcche anbauen k\u00f6nnen. Erleben Sie die Freude an nachhaltigem G\u00e4rtnern und lassen Sie Ihre kulinarischen Kreationen erstrahlen. Industrielle Gro\u00dfsysteme: Optimieren Sie Ihre landwirtschaftliche Produktion mit unseren ma\u00dfgeschneiderten hydroponischen Gro\u00dfsystemen. Von vertikalen Farmen bis hin zu automatisierten Anlagen bieten wir skalierbare L\u00f6sungen f\u00fcr maximale Effizienz und Produktivit\u00e4t. Nutzen Sie die Vorteile der hydroponischen Landwirtschaft, um Ihre Ernteertr\u00e4ge zu steigern, Platz zu sparen und Ressourcen zu optimieren. Erfahren Sie, wie unsere Systeme die Zukunft der industriellen Landwirtschaft gestalten k\u00f6nnen. Bei Litrax legen wir Wert auf Qualit\u00e4t und Kundenzufriedenheit. Unsere Produkte sind sorgf\u00e4ltig ausgew\u00e4hlt, um Ihnen die besten Ergebnisse zu garantieren, und wir bieten sie zu g\u00fcnstigen Preisen an. Dank unseres eigenen Lagers in der Schweiz k\u00f6nnen wir Ihnen eine schnelle Lieferung am n\u00e4chsten Tag garantieren.","legalName":"Resyx GmbH","foundingDate":"2022-12-22","numberOfEmployees":{"@type":"QuantitativeValue","minValue":"1","maxValue":"10"}}]},"product_price_amount":"850.00","product_price_currency":"CHF","og_availability":"out of stock","product_availability":"out of stock","product_retailer_item_id":"LX210-03 LED","product_condition":"new"},"_links":{"self":[{"href":"https:\/\/litrax.ch\/fr\/wp-json\/wp\/v2\/product\/18657","targetHints":{"allow":["GET"]}}],"collection":[{"href":"https:\/\/litrax.ch\/fr\/wp-json\/wp\/v2\/product"}],"about":[{"href":"https:\/\/litrax.ch\/fr\/wp-json\/wp\/v2\/types\/product"}],"replies":[{"embeddable":true,"href":"https:\/\/litrax.ch\/fr\/wp-json\/wp\/v2\/comments?post=18657"}],"wp:featuredmedia":[{"embeddable":true,"href":"https:\/\/litrax.ch\/fr\/wp-json\/wp\/v2\/media\/20416"}],"wp:attachment":[{"href":"https:\/\/litrax.ch\/fr\/wp-json\/wp\/v2\/media?parent=18657"}],"wp:term":[{"taxonomy":"product_brand","embeddable":true,"href":"https:\/\/litrax.ch\/fr\/wp-json\/wp\/v2\/product_brand?post=18657"},{"taxonomy":"product_cat","embeddable":true,"href":"https:\/\/litrax.ch\/fr\/wp-json\/wp\/v2\/product_cat?post=18657"},{"taxonomy":"product_tag","embeddable":true,"href":"https:\/\/litrax.ch\/fr\/wp-json\/wp\/v2\/product_tag?post=18657"}],"curies":[{"name":"wp","href":"https:\/\/api.w.org\/{rel}","templated":true}]}}