{"id":18671,"date":"2024-01-11T08:45:19","date_gmt":"2024-01-11T08:45:19","guid":{"rendered":"https:\/\/litrax.ch\/shop\/louis-jardin-de-cuisine\/"},"modified":"2026-04-13T15:48:06","modified_gmt":"2026-04-13T15:48:06","slug":"louis-jardin-de-cuisine","status":"publish","type":"product","link":"https:\/\/litrax.ch\/fr\/shop\/louis-jardin-de-cuisine\/","title":{"rendered":"LOUIS Hydro ferme 20"},"content":{"rendered":"<h2>Microgreen Booster &amp; hydroponique pour herbes aromatiques &amp; snacks<\/h2>\n<p>Transformez votre cuisine en oasis verte de fra\u00eecheur et de saveur avec le Potager de Cuisine LOUIS &#8211; Votre Compagnon Chic pour des D\u00e9lices Culinaires. Cet \u00e9l\u00e9gant jardin de cuisine dispose de 20 capsules de plantation au design soign\u00e9, dans de chics tons beige et noir. Elles s\u2019int\u00e8grent parfaitement \u00e0 toute d\u00e9coration de cuisine moderne. D\u00e9couvrez le plaisir de cultiver vos propres herbes aromatiques, salades et fleurs comestibles directement dans votre cuisine.  <\/p>\n<p>Avec son design fin et compact, le jardin de cuisine LOUIS s\u2019adapte parfaitement \u00e0 tout plan de travail. Il apporte une touche de raffinement \u00e0 votre espace culinaire. Ses lampes LED de culture r\u00e9glables garantissent \u00e0 vos plantes la lumi\u00e8re id\u00e9ale pour une croissance saine.  <\/p>\n<h3>Principales caract\u00e9ristiques<\/h3>\n<ol>\n<li><strong>Technique du film nutritif<\/strong> : LOUIS repose sur un syst\u00e8me hydroponique \u00e0 film nutritif, qui assure une irrigation et une alimentation constantes des racines. La culture hydroponique r\u00e9duit votre empreinte CO2 de 100 %, avec une croissance 30 % \u00e0 50 % plus rapide et une teneur en nutriments accrue. Profitez de verdure fra\u00eeche, sans pesticides, toute l\u2019ann\u00e9e.  <\/li>\n<li><strong>Syst\u00e8me polyvalent<\/strong> : Les lampes LED de croissance r\u00e9glables en hauteur et les r\u00e9servoirs d\u2019eau accompagnent l\u2019ensemble du cycle de culture. Vous pouvez cultiver des micro-pousses (germinations), mener des l\u00e9gumes-feuilles \u00e0 maturit\u00e9 ou donner \u00e0 vos propres pots de fleurs un coup de boost de croissance sain gr\u00e2ce \u00e0 la lumi\u00e8re LED. Les LED simulent le spectre solaire et favorisent la photosynth\u00e8se en toute saison.  <\/li>\n<li><strong>Options de support de culture<\/strong>: Livr\u00e9 en standard avec un espace pour l&#8217;argile expans\u00e9e, vous pouvez \u00e9galement utiliser de la laine de roche ou nos \u00e9ponges de croissance. L&#8217;argile expans\u00e9e est parfaite pour les grandes plantes, tandis que les \u00e9ponges de culture sont id\u00e9ales pour les l\u00e9gumes \u00e0 feuilles. Les deux options offrent une exp\u00e9rience de croissance agr\u00e9able.  <\/li>\n<\/ol>\n<p>Profitez du plaisir de cuisiner avec des herbes fra\u00eechement r\u00e9colt\u00e9es et des l\u00e9gumes verts, sachant qu&#8217;ils ont \u00e9t\u00e9 soigneusement cultiv\u00e9s dans votre propre potager de cuisine. \u00c9levez vos cr\u00e9ations culinaires \u00e0 de nouveaux sommets avec le Potager de Cuisine LOUIS &#8211; un incontournable pour chaque cuisine moderne.<\/p>\n","protected":false},"excerpt":{"rendered":"<p>Microgreen Booster &amp; hydroponique pour herbes aromatiques &amp; snacks Transformez votre cuisine en oasis verte de fra\u00eecheur et de saveur avec le Potager de Cuisine LOUIS &#8211; Votre Compagnon Chic pour des D\u00e9lices Culinaires. Cet \u00e9l\u00e9gant jardin de cuisine dispose de 20 capsules de plantation au design soign\u00e9, dans de chics tons beige et noir. [&hellip;]<\/p>\n","protected":false},"featured_media":20518,"comment_status":"open","ping_status":"closed","template":"","meta":[],"product_brand":[],"product_cat":[155,153,481],"product_tag":[754],"class_list":{"0":"post-18671","1":"product","2":"type-product","3":"status-publish","4":"has-post-thumbnail","6":"product_cat-gastronomie-industrie-fr","7":"product_cat-hydroculture-fr","8":"product_cat-lumiere-de-croissance-led","9":"product_tag-indoor-fr-2","11":"first","12":"instock","13":"taxable","14":"shipping-taxable","15":"purchasable","16":"product-type-simple"},"yoast_head":"<!-- This site is optimized with the Yoast SEO Premium plugin v26.7 (Yoast SEO v27.4) - https:\/\/yoast.com\/product\/yoast-seo-premium-wordpress\/ -->\n<title>LOUIS Hydro ferme 20 - Litrax - Hydroponische Systeme<\/title>\n<meta name=\"description\" content=\"LOUIS Hydro ferme 20 - Des herbes aromatiques et des salades fra\u00eechement r\u00e9colt\u00e9es chaque jour. Les lampes LED de culture r\u00e9glables permettent la croissance des micro-pousses comme des l\u00e9gumes-feuilles.\" \/>\n<meta name=\"robots\" content=\"index, follow, max-snippet:-1, max-image-preview:large, max-video-preview:-1\" \/>\n<link rel=\"canonical\" href=\"https:\/\/litrax.ch\/fr\/shop\/louis-jardin-de-cuisine\/\" \/>\n<meta property=\"og:locale\" content=\"fr_FR\" \/>\n<meta property=\"og:type\" content=\"article\" \/>\n<meta property=\"og:title\" content=\"LOUIS Hydro ferme 20\" \/>\n<meta property=\"og:description\" content=\"LOUIS Hydro ferme 20 - Des herbes aromatiques et des salades fra\u00eechement r\u00e9colt\u00e9es chaque jour. Les lampes LED de culture r\u00e9glables permettent la croissance des micro-pousses comme des l\u00e9gumes-feuilles.\" \/>\n<meta property=\"og:url\" content=\"https:\/\/litrax.ch\/fr\/shop\/louis-jardin-de-cuisine\/\" \/>\n<meta property=\"og:site_name\" content=\"Litrax - Hydroponische Systeme\" \/>\n<meta property=\"article:publisher\" content=\"https:\/\/www.facebook.com\/Litrax.ch\" \/>\n<meta property=\"article:modified_time\" content=\"2026-04-13T15:48:06+00:00\" \/>\n<meta property=\"og:image\" content=\"https:\/\/litrax.ch\/wp-content\/uploads\/2024\/01\/LX306-\u7c73\u8272-scaled.jpg\" \/>\n\t<meta property=\"og:image:width\" content=\"2560\" \/>\n\t<meta property=\"og:image:height\" content=\"1810\" \/>\n\t<meta property=\"og:image:type\" content=\"image\/jpeg\" \/>\n<meta name=\"twitter:card\" content=\"summary_large_image\" \/>\n<meta name=\"twitter:label1\" content=\"Prix\" \/>\n\t<meta name=\"twitter:data1\" content=\"&#067;&#072;&#070;&nbsp;149.00\" \/>\n\t<meta name=\"twitter:label2\" content=\"Disponibilit\u00e9\" \/>\n\t<meta name=\"twitter:data2\" content=\"En stock\" \/>\n<script type=\"application\/ld+json\" class=\"yoast-schema-graph\">{\"@context\":\"https:\\\/\\\/schema.org\",\"@graph\":[{\"@type\":\"WebPage\",\"@id\":\"https:\\\/\\\/litrax.ch\\\/fr\\\/shop\\\/louis-jardin-de-cuisine\\\/\",\"url\":\"https:\\\/\\\/litrax.ch\\\/fr\\\/shop\\\/louis-jardin-de-cuisine\\\/\",\"name\":\"LOUIS Hydro ferme 20 - Litrax - Hydroponische Systeme\",\"isPartOf\":{\"@id\":\"https:\\\/\\\/litrax.ch\\\/fr\\\/#website\"},\"primaryImageOfPage\":{\"@id\":\"https:\\\/\\\/litrax.ch\\\/fr\\\/shop\\\/louis-jardin-de-cuisine\\\/#primaryimage\"},\"image\":{\"@id\":\"https:\\\/\\\/litrax.ch\\\/fr\\\/shop\\\/louis-jardin-de-cuisine\\\/#primaryimage\"},\"thumbnailUrl\":\"https:\\\/\\\/litrax.ch\\\/wp-content\\\/uploads\\\/2024\\\/01\\\/LX306-\u7c73\u8272-scaled.jpg\",\"datePublished\":\"2024-01-11T08:45:19+00:00\",\"dateModified\":\"2026-04-13T15:48:06+00:00\",\"description\":\"LOUIS Hydro ferme 20 - Des herbes aromatiques et des salades fra\u00eechement r\u00e9colt\u00e9es chaque jour. Les lampes LED de culture r\u00e9glables permettent la croissance des micro-pousses comme des l\u00e9gumes-feuilles.\",\"breadcrumb\":{\"@id\":\"https:\\\/\\\/litrax.ch\\\/fr\\\/shop\\\/louis-jardin-de-cuisine\\\/#breadcrumb\"},\"inLanguage\":\"fr-FR\",\"potentialAction\":[{\"@type\":\"ReadAction\",\"target\":[\"https:\\\/\\\/litrax.ch\\\/fr\\\/shop\\\/louis-jardin-de-cuisine\\\/\"]}]},{\"@type\":\"ImageObject\",\"inLanguage\":\"fr-FR\",\"@id\":\"https:\\\/\\\/litrax.ch\\\/fr\\\/shop\\\/louis-jardin-de-cuisine\\\/#primaryimage\",\"url\":\"https:\\\/\\\/litrax.ch\\\/wp-content\\\/uploads\\\/2024\\\/01\\\/LX306-\u7c73\u8272-scaled.jpg\",\"contentUrl\":\"https:\\\/\\\/litrax.ch\\\/wp-content\\\/uploads\\\/2024\\\/01\\\/LX306-\u7c73\u8272-scaled.jpg\",\"width\":2560,\"height\":1810,\"caption\":\"LX306-20\"},{\"@type\":\"BreadcrumbList\",\"@id\":\"https:\\\/\\\/litrax.ch\\\/fr\\\/shop\\\/louis-jardin-de-cuisine\\\/#breadcrumb\",\"itemListElement\":[{\"@type\":\"ListItem\",\"position\":1,\"name\":\"Startseite\",\"item\":\"https:\\\/\\\/litrax.ch\\\/fr\\\/accueil\\\/\"},{\"@type\":\"ListItem\",\"position\":2,\"name\":\"Boutique\",\"item\":\"https:\\\/\\\/litrax.ch\\\/fr\\\/boutique\\\/\"},{\"@type\":\"ListItem\",\"position\":3,\"name\":\"LOUIS Hydro ferme 20\"}]},{\"@type\":\"WebSite\",\"@id\":\"https:\\\/\\\/litrax.ch\\\/fr\\\/#website\",\"url\":\"https:\\\/\\\/litrax.ch\\\/fr\\\/\",\"name\":\"Litrax - Hydroponische Systeme\",\"description\":\"Erlebe Hydroponik - der erdlose Gartengenuss.\",\"publisher\":{\"@id\":\"https:\\\/\\\/litrax.ch\\\/fr\\\/#organization\"},\"alternateName\":\"Litrax\",\"potentialAction\":[{\"@type\":\"SearchAction\",\"target\":{\"@type\":\"EntryPoint\",\"urlTemplate\":\"https:\\\/\\\/litrax.ch\\\/fr\\\/?s={search_term_string}\"},\"query-input\":{\"@type\":\"PropertyValueSpecification\",\"valueRequired\":true,\"valueName\":\"search_term_string\"}}],\"inLanguage\":\"fr-FR\"},{\"@type\":\"Organization\",\"@id\":\"https:\\\/\\\/litrax.ch\\\/fr\\\/#organization\",\"name\":\"Litrax - Hydroponische Systeme\",\"alternateName\":\"Litrax\",\"url\":\"https:\\\/\\\/litrax.ch\\\/fr\\\/\",\"logo\":{\"@type\":\"ImageObject\",\"inLanguage\":\"fr-FR\",\"@id\":\"https:\\\/\\\/litrax.ch\\\/fr\\\/#\\\/schema\\\/logo\\\/image\\\/\",\"url\":\"https:\\\/\\\/litrax.ch\\\/wp-content\\\/uploads\\\/2024\\\/03\\\/facivon.png\",\"contentUrl\":\"https:\\\/\\\/litrax.ch\\\/wp-content\\\/uploads\\\/2024\\\/03\\\/facivon.png\",\"width\":150,\"height\":150,\"caption\":\"Litrax - Hydroponische Systeme\"},\"image\":{\"@id\":\"https:\\\/\\\/litrax.ch\\\/fr\\\/#\\\/schema\\\/logo\\\/image\\\/\"},\"sameAs\":[\"https:\\\/\\\/www.facebook.com\\\/Litrax.ch\",\"https:\\\/\\\/www.instagram.com\\\/litrax.ch\\\/\",\"https:\\\/\\\/www.tiktok.com\\\/@litrax.ch\"],\"description\":\"Willkommen bei Litrax \u2013 Ihrem f\u00fchrenden Online-Shop f\u00fcr hochwertige hydroponische Gartensysteme! Wir bieten eine breite Palette an L\u00f6sungen f\u00fcr Privatpersonen, Restaurants und industrielle Gro\u00dfsysteme, um Ihnen zu helfen, Ihre eigene gr\u00fcne Oase zu schaffen, unabh\u00e4ngig von Ihrem Bedarf oder Ihrer Gr\u00f6\u00dfe. F\u00fcr Haushalte\\\/B\u00fcros: Entdecken Sie die Freude am G\u00e4rtnern in Ihrem eigenen Zuhause mit unseren einfach zu bedienenden hydroponischen Gartensystemen. Egal, ob Sie auf einem Balkon, einer Terrasse oder in Ihrem Wohnzimmer g\u00e4rtnern m\u00f6chten \u2013 wir haben das passende System f\u00fcr Sie. Genie\u00dfen Sie frisches Gem\u00fcse, aromatische Kr\u00e4uter und farbenfrohe Blumen das ganze Jahr \u00fcber, direkt aus Ihrem hydroponischen Garten. F\u00fcr Restaurants: Steigern Sie die Qualit\u00e4t Ihrer Gerichte und beeindrucken Sie Ihre G\u00e4ste mit frischen, geschmacksintensiven Zutaten aus unserem Sortiment an hydroponischen Gartensystemen f\u00fcr den gastronomischen Bereich. Unsere Systeme sind platzsparend, effizient und einfach zu bedienen, so dass Sie Ihre eigenen Zutaten direkt in Ihrer K\u00fcche anbauen k\u00f6nnen. Erleben Sie die Freude an nachhaltigem G\u00e4rtnern und lassen Sie Ihre kulinarischen Kreationen erstrahlen. Industrielle Gro\u00dfsysteme: Optimieren Sie Ihre landwirtschaftliche Produktion mit unseren ma\u00dfgeschneiderten hydroponischen Gro\u00dfsystemen. Von vertikalen Farmen bis hin zu automatisierten Anlagen bieten wir skalierbare L\u00f6sungen f\u00fcr maximale Effizienz und Produktivit\u00e4t. Nutzen Sie die Vorteile der hydroponischen Landwirtschaft, um Ihre Ernteertr\u00e4ge zu steigern, Platz zu sparen und Ressourcen zu optimieren. Erfahren Sie, wie unsere Systeme die Zukunft der industriellen Landwirtschaft gestalten k\u00f6nnen. Bei Litrax legen wir Wert auf Qualit\u00e4t und Kundenzufriedenheit. Unsere Produkte sind sorgf\u00e4ltig ausgew\u00e4hlt, um Ihnen die besten Ergebnisse zu garantieren, und wir bieten sie zu g\u00fcnstigen Preisen an. Dank unseres eigenen Lagers in der Schweiz k\u00f6nnen wir Ihnen eine schnelle Lieferung am n\u00e4chsten Tag garantieren.\",\"legalName\":\"Resyx GmbH\",\"foundingDate\":\"2022-12-22\",\"numberOfEmployees\":{\"@type\":\"QuantitativeValue\",\"minValue\":\"1\",\"maxValue\":\"10\"}}]}<\/script>\n<meta property=\"product:price:amount\" content=\"149.00\" \/>\n<meta property=\"product:price:currency\" content=\"CHF\" \/>\n<meta property=\"og:availability\" content=\"instock\" \/>\n<meta property=\"product:availability\" content=\"instock\" \/>\n<meta property=\"product:retailer_item_id\" content=\"LX306-20\" \/>\n<meta property=\"product:condition\" content=\"new\" \/>\n<!-- \/ Yoast SEO Premium plugin. -->","yoast_head_json":{"title":"LOUIS Hydro ferme 20 - Litrax - Hydroponische Systeme","description":"LOUIS Hydro ferme 20 - Des herbes aromatiques et des salades fra\u00eechement r\u00e9colt\u00e9es chaque jour. Les lampes LED de culture r\u00e9glables permettent la croissance des micro-pousses comme des l\u00e9gumes-feuilles.","robots":{"index":"index","follow":"follow","max-snippet":"max-snippet:-1","max-image-preview":"max-image-preview:large","max-video-preview":"max-video-preview:-1"},"canonical":"https:\/\/litrax.ch\/fr\/shop\/louis-jardin-de-cuisine\/","og_locale":"fr_FR","og_type":"article","og_title":"LOUIS Hydro ferme 20","og_description":"LOUIS Hydro ferme 20 - Des herbes aromatiques et des salades fra\u00eechement r\u00e9colt\u00e9es chaque jour. Les lampes LED de culture r\u00e9glables permettent la croissance des micro-pousses comme des l\u00e9gumes-feuilles.","og_url":"https:\/\/litrax.ch\/fr\/shop\/louis-jardin-de-cuisine\/","og_site_name":"Litrax - Hydroponische Systeme","article_publisher":"https:\/\/www.facebook.com\/Litrax.ch","article_modified_time":"2026-04-13T15:48:06+00:00","og_image":[{"width":2560,"height":1810,"url":"https:\/\/litrax.ch\/wp-content\/uploads\/2024\/01\/LX306-\u7c73\u8272-scaled.jpg","type":"image\/jpeg"}],"twitter_card":"summary_large_image","twitter_misc":{"Prix":"&#67;&#72;&#70;&nbsp;149.00","Disponibilit\u00e9":"En stock"},"schema":{"@context":"https:\/\/schema.org","@graph":[{"@type":"WebPage","@id":"https:\/\/litrax.ch\/fr\/shop\/louis-jardin-de-cuisine\/","url":"https:\/\/litrax.ch\/fr\/shop\/louis-jardin-de-cuisine\/","name":"LOUIS Hydro ferme 20 - Litrax - Hydroponische Systeme","isPartOf":{"@id":"https:\/\/litrax.ch\/fr\/#website"},"primaryImageOfPage":{"@id":"https:\/\/litrax.ch\/fr\/shop\/louis-jardin-de-cuisine\/#primaryimage"},"image":{"@id":"https:\/\/litrax.ch\/fr\/shop\/louis-jardin-de-cuisine\/#primaryimage"},"thumbnailUrl":"https:\/\/litrax.ch\/wp-content\/uploads\/2024\/01\/LX306-\u7c73\u8272-scaled.jpg","datePublished":"2024-01-11T08:45:19+00:00","dateModified":"2026-04-13T15:48:06+00:00","description":"LOUIS Hydro ferme 20 - Des herbes aromatiques et des salades fra\u00eechement r\u00e9colt\u00e9es chaque jour. Les lampes LED de culture r\u00e9glables permettent la croissance des micro-pousses comme des l\u00e9gumes-feuilles.","breadcrumb":{"@id":"https:\/\/litrax.ch\/fr\/shop\/louis-jardin-de-cuisine\/#breadcrumb"},"inLanguage":"fr-FR","potentialAction":[{"@type":"ReadAction","target":["https:\/\/litrax.ch\/fr\/shop\/louis-jardin-de-cuisine\/"]}]},{"@type":"ImageObject","inLanguage":"fr-FR","@id":"https:\/\/litrax.ch\/fr\/shop\/louis-jardin-de-cuisine\/#primaryimage","url":"https:\/\/litrax.ch\/wp-content\/uploads\/2024\/01\/LX306-\u7c73\u8272-scaled.jpg","contentUrl":"https:\/\/litrax.ch\/wp-content\/uploads\/2024\/01\/LX306-\u7c73\u8272-scaled.jpg","width":2560,"height":1810,"caption":"LX306-20"},{"@type":"BreadcrumbList","@id":"https:\/\/litrax.ch\/fr\/shop\/louis-jardin-de-cuisine\/#breadcrumb","itemListElement":[{"@type":"ListItem","position":1,"name":"Startseite","item":"https:\/\/litrax.ch\/fr\/accueil\/"},{"@type":"ListItem","position":2,"name":"Boutique","item":"https:\/\/litrax.ch\/fr\/boutique\/"},{"@type":"ListItem","position":3,"name":"LOUIS Hydro ferme 20"}]},{"@type":"WebSite","@id":"https:\/\/litrax.ch\/fr\/#website","url":"https:\/\/litrax.ch\/fr\/","name":"Litrax - Hydroponische Systeme","description":"Erlebe Hydroponik - der erdlose Gartengenuss.","publisher":{"@id":"https:\/\/litrax.ch\/fr\/#organization"},"alternateName":"Litrax","potentialAction":[{"@type":"SearchAction","target":{"@type":"EntryPoint","urlTemplate":"https:\/\/litrax.ch\/fr\/?s={search_term_string}"},"query-input":{"@type":"PropertyValueSpecification","valueRequired":true,"valueName":"search_term_string"}}],"inLanguage":"fr-FR"},{"@type":"Organization","@id":"https:\/\/litrax.ch\/fr\/#organization","name":"Litrax - Hydroponische Systeme","alternateName":"Litrax","url":"https:\/\/litrax.ch\/fr\/","logo":{"@type":"ImageObject","inLanguage":"fr-FR","@id":"https:\/\/litrax.ch\/fr\/#\/schema\/logo\/image\/","url":"https:\/\/litrax.ch\/wp-content\/uploads\/2024\/03\/facivon.png","contentUrl":"https:\/\/litrax.ch\/wp-content\/uploads\/2024\/03\/facivon.png","width":150,"height":150,"caption":"Litrax - Hydroponische Systeme"},"image":{"@id":"https:\/\/litrax.ch\/fr\/#\/schema\/logo\/image\/"},"sameAs":["https:\/\/www.facebook.com\/Litrax.ch","https:\/\/www.instagram.com\/litrax.ch\/","https:\/\/www.tiktok.com\/@litrax.ch"],"description":"Willkommen bei Litrax \u2013 Ihrem f\u00fchrenden Online-Shop f\u00fcr hochwertige hydroponische Gartensysteme! Wir bieten eine breite Palette an L\u00f6sungen f\u00fcr Privatpersonen, Restaurants und industrielle Gro\u00dfsysteme, um Ihnen zu helfen, Ihre eigene gr\u00fcne Oase zu schaffen, unabh\u00e4ngig von Ihrem Bedarf oder Ihrer Gr\u00f6\u00dfe. F\u00fcr Haushalte\/B\u00fcros: Entdecken Sie die Freude am G\u00e4rtnern in Ihrem eigenen Zuhause mit unseren einfach zu bedienenden hydroponischen Gartensystemen. Egal, ob Sie auf einem Balkon, einer Terrasse oder in Ihrem Wohnzimmer g\u00e4rtnern m\u00f6chten \u2013 wir haben das passende System f\u00fcr Sie. Genie\u00dfen Sie frisches Gem\u00fcse, aromatische Kr\u00e4uter und farbenfrohe Blumen das ganze Jahr \u00fcber, direkt aus Ihrem hydroponischen Garten. F\u00fcr Restaurants: Steigern Sie die Qualit\u00e4t Ihrer Gerichte und beeindrucken Sie Ihre G\u00e4ste mit frischen, geschmacksintensiven Zutaten aus unserem Sortiment an hydroponischen Gartensystemen f\u00fcr den gastronomischen Bereich. Unsere Systeme sind platzsparend, effizient und einfach zu bedienen, so dass Sie Ihre eigenen Zutaten direkt in Ihrer K\u00fcche anbauen k\u00f6nnen. Erleben Sie die Freude an nachhaltigem G\u00e4rtnern und lassen Sie Ihre kulinarischen Kreationen erstrahlen. Industrielle Gro\u00dfsysteme: Optimieren Sie Ihre landwirtschaftliche Produktion mit unseren ma\u00dfgeschneiderten hydroponischen Gro\u00dfsystemen. Von vertikalen Farmen bis hin zu automatisierten Anlagen bieten wir skalierbare L\u00f6sungen f\u00fcr maximale Effizienz und Produktivit\u00e4t. Nutzen Sie die Vorteile der hydroponischen Landwirtschaft, um Ihre Ernteertr\u00e4ge zu steigern, Platz zu sparen und Ressourcen zu optimieren. Erfahren Sie, wie unsere Systeme die Zukunft der industriellen Landwirtschaft gestalten k\u00f6nnen. Bei Litrax legen wir Wert auf Qualit\u00e4t und Kundenzufriedenheit. Unsere Produkte sind sorgf\u00e4ltig ausgew\u00e4hlt, um Ihnen die besten Ergebnisse zu garantieren, und wir bieten sie zu g\u00fcnstigen Preisen an. Dank unseres eigenen Lagers in der Schweiz k\u00f6nnen wir Ihnen eine schnelle Lieferung am n\u00e4chsten Tag garantieren.","legalName":"Resyx GmbH","foundingDate":"2022-12-22","numberOfEmployees":{"@type":"QuantitativeValue","minValue":"1","maxValue":"10"}}]},"product_price_amount":"149.00","product_price_currency":"CHF","og_availability":"instock","product_availability":"instock","product_retailer_item_id":"LX306-20","product_condition":"new"},"_links":{"self":[{"href":"https:\/\/litrax.ch\/fr\/wp-json\/wp\/v2\/product\/18671","targetHints":{"allow":["GET"]}}],"collection":[{"href":"https:\/\/litrax.ch\/fr\/wp-json\/wp\/v2\/product"}],"about":[{"href":"https:\/\/litrax.ch\/fr\/wp-json\/wp\/v2\/types\/product"}],"replies":[{"embeddable":true,"href":"https:\/\/litrax.ch\/fr\/wp-json\/wp\/v2\/comments?post=18671"}],"wp:featuredmedia":[{"embeddable":true,"href":"https:\/\/litrax.ch\/fr\/wp-json\/wp\/v2\/media\/20518"}],"wp:attachment":[{"href":"https:\/\/litrax.ch\/fr\/wp-json\/wp\/v2\/media?parent=18671"}],"wp:term":[{"taxonomy":"product_brand","embeddable":true,"href":"https:\/\/litrax.ch\/fr\/wp-json\/wp\/v2\/product_brand?post=18671"},{"taxonomy":"product_cat","embeddable":true,"href":"https:\/\/litrax.ch\/fr\/wp-json\/wp\/v2\/product_cat?post=18671"},{"taxonomy":"product_tag","embeddable":true,"href":"https:\/\/litrax.ch\/fr\/wp-json\/wp\/v2\/product_tag?post=18671"}],"curies":[{"name":"wp","href":"https:\/\/api.w.org\/{rel}","templated":true}]}}