{"id":18680,"date":"2024-01-11T09:53:14","date_gmt":"2024-01-11T09:53:14","guid":{"rendered":"https:\/\/litrax.ch\/shop\/lia-jardin-dinterieur\/"},"modified":"2026-04-13T15:47:58","modified_gmt":"2026-04-13T15:47:58","slug":"lia-jardin-dinterieur","status":"publish","type":"product","link":"https:\/\/litrax.ch\/fr\/shop\/lia-jardin-dinterieur\/","title":{"rendered":"LIA Hydro Lit sur\u00e9lev\u00e9 4"},"content":{"rendered":"<p dir=\"auto\"><strong>LIA Hydro Lit sur\u00e9lev\u00e9 4<\/strong><\/p>\n<p dir=\"auto\"><strong>Le jardin hydroponique \u00e0 4 niveaux auto-irrigant \u2013 mobile, \u00e9l\u00e9gant et ultra-facile d&#8217;entretien<\/strong><\/p>\n<p dir=\"auto\">Herbes fra\u00eeches, fleurs color\u00e9es ou l\u00e9gumes croquants \u2013 et ce, sans arrosage quotidien.<\/p>\n<p dir=\"auto\">Le <strong>LIA Hydro Hochbeet 4<\/strong> est le syst\u00e8me d&#8217;auto-arrosage intelligent \u00e0 4 niveaux qui verdit votre int\u00e9rieur ou votre balcon. Le pot de fleurs int\u00e9rieur repose sur un grand r\u00e9servoir d&#8217;eau. Ainsi, les m\u00e8ches sp\u00e9ciales aspirent automatiquement l&#8217;eau vers le haut, exactement quand les plantes en ont besoin. Vous voyez toujours le niveau d&#8217;eau imm\u00e9diatement \u00e0 travers la fen\u00eatre transparente et vous n&#8217;avez qu&#8217;\u00e0 le remplir \u2013 c&#8217;est tout.   <\/p>\n<p dir=\"auto\">Avec une hauteur totale de 159 cm et des roulettes stables, le potager sur\u00e9lev\u00e9 est flexible et mobile. Vous pouvez donc le d\u00e9placer facilement de la cuisine au balcon ou au salon. Les quatre niveaux offrent suffisamment d&#8217;espace pour une grande vari\u00e9t\u00e9 de plantes luxuriantes \u2013 le tout dans un blanc \u00e9l\u00e9gant qui s&#8217;int\u00e8gre dans n&#8217;importe quelle pi\u00e8ce.  <\/p>\n<h3 dir=\"auto\">Principales caract\u00e9ristiques<\/h3>\n<ul dir=\"auto\">\n<li><strong>Syst\u00e8me \u00e0 m\u00e8ches auto-irrigant<\/strong> Les m\u00e8ches alimentent uniform\u00e9ment les racines en eau. Ainsi, il n&#8217;y a plus d&#8217;exc\u00e8s d&#8217;eau ni de s\u00e9cheresse. <\/li>\n<li><strong>Fen\u00eatre transparente pour le niveau d&#8217;eau<\/strong> Vous voyez en un coup d&#8217;\u0153il quand il faut rajouter de l&#8217;eau. L&#8217;entretien reste ainsi un jeu d&#8217;enfant. <\/li>\n<li><strong>Arriv\u00e9e d&#8217;eau pratique<\/strong> Le remplissage est rapide et propre \u2013 il suffit de verser l&#8217;eau et c&#8217;est pr\u00eat.<\/li>\n<li><strong>Roulettes stables pour la mobilit\u00e9<\/strong> Le potager sur\u00e9lev\u00e9 se d\u00e9place sans effort. Il s&#8217;adapte donc parfaitement au balcon, \u00e0 la terrasse ou \u00e0 l&#8217;appartement. <\/li>\n<li><strong>Quatre niveaux g\u00e9n\u00e9reux<\/strong> Chaque niveau mesure environ 67 x 29 cm. Vous avez ainsi suffisamment de place pour les herbes, les salades, les fleurs ou les petits l\u00e9gumes. <\/li>\n<\/ul>\n<p dir=\"auto\"><strong>Simple et robuste<\/strong><\/p>\n<ul dir=\"auto\">\n<li>Encombrement compact (69 x 29 cm)<\/li>\n<li>Hauteur totale de seulement 159 cm \u2013 s&#8217;adapte presque partout<\/li>\n<li>Poids l\u00e9ger et construction stable<\/li>\n<li>Montage rapide et utilisation imm\u00e9diate<\/li>\n<\/ul>\n<p dir=\"auto\"><strong>\u00c0 qui s&#8217;adresse le LIA Hydro Hochbeet 4 ?<\/strong><\/p>\n<ul dir=\"auto\">\n<li>\u00c0 tous ceux qui veulent beaucoup de plantes, mais ont peu de temps pour les arroser<\/li>\n<li>Aux d\u00e9butants qui recherchent un syst\u00e8me hydroponique simple et fiable<\/li>\n<li>Aux foyers qui souhaitent rendre leur balcon, leur cuisine ou leur salon plus verts et plus beaux<\/li>\n<li>\u00c0 tous ceux qui ont besoin d&#8217;un potager sur\u00e9lev\u00e9 mobile et \u00e9l\u00e9gant pour le quotidien<\/li>\n<\/ul>\n<p dir=\"auto\"><strong>Vos plantes s\u2019arrosent presque toutes seules.<\/strong><\/p>\n<p dir=\"auto\"><strong>D\u00e9couvrez-le maintenant<\/strong> Transformez votre int\u00e9rieur ou votre balcon en une oasis de verdure. Avec le LIA Hydro Hochbeet 4, vous profitez de plantes saines et magnifiques \u2013 sans stress et avec un minimum d&#8217;effort. <\/p>\n<p dir=\"auto\"><strong>Procurez-vous votre LIA Hydro Hochbeet 4<\/strong><\/p>\n<p dir=\"auto\"><strong>Simple. Pratique. Toujours vert.  <\/strong><\/p>\n","protected":false},"excerpt":{"rendered":"<p>LIA Hydro Lit sur\u00e9lev\u00e9 4 Le jardin hydroponique \u00e0 4 niveaux auto-irrigant \u2013 mobile, \u00e9l\u00e9gant et ultra-facile d&#8217;entretien Herbes fra\u00eeches, fleurs color\u00e9es ou l\u00e9gumes croquants \u2013 et ce, sans arrosage quotidien. Le LIA Hydro Hochbeet 4 est le syst\u00e8me d&#8217;auto-arrosage intelligent \u00e0 4 niveaux qui verdit votre int\u00e9rieur ou votre balcon. Le pot de fleurs [&hellip;]<\/p>\n","protected":false},"featured_media":17838,"comment_status":"open","ping_status":"closed","template":"","meta":[],"product_brand":[],"product_cat":[153],"product_tag":[790,791],"class_list":{"0":"post-18680","1":"product","2":"type-product","3":"status-publish","4":"has-post-thumbnail","6":"product_cat-hydroculture-fr","7":"product_tag-auto-arrose","8":"product_tag-pot-2-en-1","10":"first","11":"instock","12":"taxable","13":"shipping-taxable","14":"purchasable","15":"product-type-simple"},"yoast_head":"<!-- This site is optimized with the Yoast SEO Premium plugin v26.7 (Yoast SEO v27.4) - https:\/\/yoast.com\/product\/yoast-seo-premium-wordpress\/ -->\n<title>LIA Hydro Lit sur\u00e9lev\u00e9 4 : \u00c9l\u00e9gant et auto-arros\u00e9<\/title>\n<meta name=\"description\" content=\"D\u00e9couvrez l&#039;alliance parfaite du design et de la technologie avec le bac sur\u00e9lev\u00e9 LIA Hydro 4 ! Jardiner n&#039;a jamais \u00e9t\u00e9 aussi facile - commandez d\u00e8s maintenant !\" \/>\n<meta name=\"robots\" content=\"index, follow, max-snippet:-1, max-image-preview:large, max-video-preview:-1\" \/>\n<link rel=\"canonical\" href=\"https:\/\/litrax.ch\/fr\/shop\/lia-jardin-dinterieur\/\" \/>\n<meta property=\"og:locale\" content=\"fr_FR\" \/>\n<meta property=\"og:type\" content=\"article\" \/>\n<meta property=\"og:title\" content=\"LIA Hydro Lit sur\u00e9lev\u00e9 4\" \/>\n<meta property=\"og:description\" content=\"D\u00e9couvrez l&#039;alliance parfaite du design et de la technologie avec le bac sur\u00e9lev\u00e9 LIA Hydro 4 ! Jardiner n&#039;a jamais \u00e9t\u00e9 aussi facile - commandez d\u00e8s maintenant !\" \/>\n<meta property=\"og:url\" content=\"https:\/\/litrax.ch\/fr\/shop\/lia-jardin-dinterieur\/\" \/>\n<meta property=\"og:site_name\" content=\"Litrax - Hydroponische Systeme\" \/>\n<meta property=\"article:publisher\" content=\"https:\/\/www.facebook.com\/Litrax.ch\" \/>\n<meta property=\"article:modified_time\" content=\"2026-04-13T15:47:58+00:00\" \/>\n<meta property=\"og:image\" content=\"https:\/\/litrax.ch\/wp-content\/uploads\/2024\/01\/LD206_Trans.png\" \/>\n\t<meta property=\"og:image:width\" content=\"1000\" \/>\n\t<meta property=\"og:image:height\" content=\"666\" \/>\n\t<meta property=\"og:image:type\" content=\"image\/png\" \/>\n<meta name=\"twitter:card\" content=\"summary_large_image\" \/>\n<meta name=\"twitter:label1\" content=\"Prix\" \/>\n\t<meta name=\"twitter:data1\" content=\"&#067;&#072;&#070;&nbsp;149.00\" \/>\n\t<meta name=\"twitter:label2\" content=\"Disponibilit\u00e9\" \/>\n\t<meta name=\"twitter:data2\" content=\"En stock\" \/>\n<script type=\"application\/ld+json\" class=\"yoast-schema-graph\">{\"@context\":\"https:\\\/\\\/schema.org\",\"@graph\":[{\"@type\":\"WebPage\",\"@id\":\"https:\\\/\\\/litrax.ch\\\/fr\\\/shop\\\/lia-jardin-dinterieur\\\/\",\"url\":\"https:\\\/\\\/litrax.ch\\\/fr\\\/shop\\\/lia-jardin-dinterieur\\\/\",\"name\":\"LIA Hydro Lit sur\u00e9lev\u00e9 4 : \u00c9l\u00e9gant et auto-arros\u00e9\",\"isPartOf\":{\"@id\":\"https:\\\/\\\/litrax.ch\\\/fr\\\/#website\"},\"primaryImageOfPage\":{\"@id\":\"https:\\\/\\\/litrax.ch\\\/fr\\\/shop\\\/lia-jardin-dinterieur\\\/#primaryimage\"},\"image\":{\"@id\":\"https:\\\/\\\/litrax.ch\\\/fr\\\/shop\\\/lia-jardin-dinterieur\\\/#primaryimage\"},\"thumbnailUrl\":\"https:\\\/\\\/litrax.ch\\\/wp-content\\\/uploads\\\/2024\\\/01\\\/LD206_Trans.png\",\"datePublished\":\"2024-01-11T09:53:14+00:00\",\"dateModified\":\"2026-04-13T15:47:58+00:00\",\"description\":\"D\u00e9couvrez l'alliance parfaite du design et de la technologie avec le bac sur\u00e9lev\u00e9 LIA Hydro 4 ! Jardiner n'a jamais \u00e9t\u00e9 aussi facile - commandez d\u00e8s maintenant !\",\"breadcrumb\":{\"@id\":\"https:\\\/\\\/litrax.ch\\\/fr\\\/shop\\\/lia-jardin-dinterieur\\\/#breadcrumb\"},\"inLanguage\":\"fr-FR\",\"potentialAction\":[{\"@type\":\"ReadAction\",\"target\":[\"https:\\\/\\\/litrax.ch\\\/fr\\\/shop\\\/lia-jardin-dinterieur\\\/\"]}]},{\"@type\":\"ImageObject\",\"inLanguage\":\"fr-FR\",\"@id\":\"https:\\\/\\\/litrax.ch\\\/fr\\\/shop\\\/lia-jardin-dinterieur\\\/#primaryimage\",\"url\":\"https:\\\/\\\/litrax.ch\\\/wp-content\\\/uploads\\\/2024\\\/01\\\/LD206_Trans.png\",\"contentUrl\":\"https:\\\/\\\/litrax.ch\\\/wp-content\\\/uploads\\\/2024\\\/01\\\/LD206_Trans.png\",\"width\":1000,\"height\":666},{\"@type\":\"BreadcrumbList\",\"@id\":\"https:\\\/\\\/litrax.ch\\\/fr\\\/shop\\\/lia-jardin-dinterieur\\\/#breadcrumb\",\"itemListElement\":[{\"@type\":\"ListItem\",\"position\":1,\"name\":\"Startseite\",\"item\":\"https:\\\/\\\/litrax.ch\\\/fr\\\/accueil\\\/\"},{\"@type\":\"ListItem\",\"position\":2,\"name\":\"Boutique\",\"item\":\"https:\\\/\\\/litrax.ch\\\/fr\\\/boutique\\\/\"},{\"@type\":\"ListItem\",\"position\":3,\"name\":\"LIA Hydro Lit sur\u00e9lev\u00e9 4\"}]},{\"@type\":\"WebSite\",\"@id\":\"https:\\\/\\\/litrax.ch\\\/fr\\\/#website\",\"url\":\"https:\\\/\\\/litrax.ch\\\/fr\\\/\",\"name\":\"Litrax - Hydroponische Systeme\",\"description\":\"Erlebe Hydroponik - der erdlose Gartengenuss.\",\"publisher\":{\"@id\":\"https:\\\/\\\/litrax.ch\\\/fr\\\/#organization\"},\"alternateName\":\"Litrax\",\"potentialAction\":[{\"@type\":\"SearchAction\",\"target\":{\"@type\":\"EntryPoint\",\"urlTemplate\":\"https:\\\/\\\/litrax.ch\\\/fr\\\/?s={search_term_string}\"},\"query-input\":{\"@type\":\"PropertyValueSpecification\",\"valueRequired\":true,\"valueName\":\"search_term_string\"}}],\"inLanguage\":\"fr-FR\"},{\"@type\":\"Organization\",\"@id\":\"https:\\\/\\\/litrax.ch\\\/fr\\\/#organization\",\"name\":\"Litrax - Hydroponische Systeme\",\"alternateName\":\"Litrax\",\"url\":\"https:\\\/\\\/litrax.ch\\\/fr\\\/\",\"logo\":{\"@type\":\"ImageObject\",\"inLanguage\":\"fr-FR\",\"@id\":\"https:\\\/\\\/litrax.ch\\\/fr\\\/#\\\/schema\\\/logo\\\/image\\\/\",\"url\":\"https:\\\/\\\/litrax.ch\\\/wp-content\\\/uploads\\\/2024\\\/03\\\/facivon.png\",\"contentUrl\":\"https:\\\/\\\/litrax.ch\\\/wp-content\\\/uploads\\\/2024\\\/03\\\/facivon.png\",\"width\":150,\"height\":150,\"caption\":\"Litrax - Hydroponische Systeme\"},\"image\":{\"@id\":\"https:\\\/\\\/litrax.ch\\\/fr\\\/#\\\/schema\\\/logo\\\/image\\\/\"},\"sameAs\":[\"https:\\\/\\\/www.facebook.com\\\/Litrax.ch\",\"https:\\\/\\\/www.instagram.com\\\/litrax.ch\\\/\",\"https:\\\/\\\/www.tiktok.com\\\/@litrax.ch\"],\"description\":\"Willkommen bei Litrax \u2013 Ihrem f\u00fchrenden Online-Shop f\u00fcr hochwertige hydroponische Gartensysteme! Wir bieten eine breite Palette an L\u00f6sungen f\u00fcr Privatpersonen, Restaurants und industrielle Gro\u00dfsysteme, um Ihnen zu helfen, Ihre eigene gr\u00fcne Oase zu schaffen, unabh\u00e4ngig von Ihrem Bedarf oder Ihrer Gr\u00f6\u00dfe. F\u00fcr Haushalte\\\/B\u00fcros: Entdecken Sie die Freude am G\u00e4rtnern in Ihrem eigenen Zuhause mit unseren einfach zu bedienenden hydroponischen Gartensystemen. Egal, ob Sie auf einem Balkon, einer Terrasse oder in Ihrem Wohnzimmer g\u00e4rtnern m\u00f6chten \u2013 wir haben das passende System f\u00fcr Sie. Genie\u00dfen Sie frisches Gem\u00fcse, aromatische Kr\u00e4uter und farbenfrohe Blumen das ganze Jahr \u00fcber, direkt aus Ihrem hydroponischen Garten. F\u00fcr Restaurants: Steigern Sie die Qualit\u00e4t Ihrer Gerichte und beeindrucken Sie Ihre G\u00e4ste mit frischen, geschmacksintensiven Zutaten aus unserem Sortiment an hydroponischen Gartensystemen f\u00fcr den gastronomischen Bereich. Unsere Systeme sind platzsparend, effizient und einfach zu bedienen, so dass Sie Ihre eigenen Zutaten direkt in Ihrer K\u00fcche anbauen k\u00f6nnen. Erleben Sie die Freude an nachhaltigem G\u00e4rtnern und lassen Sie Ihre kulinarischen Kreationen erstrahlen. Industrielle Gro\u00dfsysteme: Optimieren Sie Ihre landwirtschaftliche Produktion mit unseren ma\u00dfgeschneiderten hydroponischen Gro\u00dfsystemen. Von vertikalen Farmen bis hin zu automatisierten Anlagen bieten wir skalierbare L\u00f6sungen f\u00fcr maximale Effizienz und Produktivit\u00e4t. Nutzen Sie die Vorteile der hydroponischen Landwirtschaft, um Ihre Ernteertr\u00e4ge zu steigern, Platz zu sparen und Ressourcen zu optimieren. Erfahren Sie, wie unsere Systeme die Zukunft der industriellen Landwirtschaft gestalten k\u00f6nnen. Bei Litrax legen wir Wert auf Qualit\u00e4t und Kundenzufriedenheit. Unsere Produkte sind sorgf\u00e4ltig ausgew\u00e4hlt, um Ihnen die besten Ergebnisse zu garantieren, und wir bieten sie zu g\u00fcnstigen Preisen an. Dank unseres eigenen Lagers in der Schweiz k\u00f6nnen wir Ihnen eine schnelle Lieferung am n\u00e4chsten Tag garantieren.\",\"legalName\":\"Resyx GmbH\",\"foundingDate\":\"2022-12-22\",\"numberOfEmployees\":{\"@type\":\"QuantitativeValue\",\"minValue\":\"1\",\"maxValue\":\"10\"}}]}<\/script>\n<meta property=\"product:price:amount\" content=\"149.00\" \/>\n<meta property=\"product:price:currency\" content=\"CHF\" \/>\n<meta property=\"og:availability\" content=\"instock\" \/>\n<meta property=\"product:availability\" content=\"instock\" \/>\n<meta property=\"product:retailer_item_id\" content=\"LD206-04\" \/>\n<meta property=\"product:condition\" content=\"new\" \/>\n<!-- \/ Yoast SEO Premium plugin. -->","yoast_head_json":{"title":"LIA Hydro Lit sur\u00e9lev\u00e9 4 : \u00c9l\u00e9gant et auto-arros\u00e9","description":"D\u00e9couvrez l'alliance parfaite du design et de la technologie avec le bac sur\u00e9lev\u00e9 LIA Hydro 4 ! Jardiner n'a jamais \u00e9t\u00e9 aussi facile - commandez d\u00e8s maintenant !","robots":{"index":"index","follow":"follow","max-snippet":"max-snippet:-1","max-image-preview":"max-image-preview:large","max-video-preview":"max-video-preview:-1"},"canonical":"https:\/\/litrax.ch\/fr\/shop\/lia-jardin-dinterieur\/","og_locale":"fr_FR","og_type":"article","og_title":"LIA Hydro Lit sur\u00e9lev\u00e9 4","og_description":"D\u00e9couvrez l'alliance parfaite du design et de la technologie avec le bac sur\u00e9lev\u00e9 LIA Hydro 4 ! Jardiner n'a jamais \u00e9t\u00e9 aussi facile - commandez d\u00e8s maintenant !","og_url":"https:\/\/litrax.ch\/fr\/shop\/lia-jardin-dinterieur\/","og_site_name":"Litrax - Hydroponische Systeme","article_publisher":"https:\/\/www.facebook.com\/Litrax.ch","article_modified_time":"2026-04-13T15:47:58+00:00","og_image":[{"width":1000,"height":666,"url":"https:\/\/litrax.ch\/wp-content\/uploads\/2024\/01\/LD206_Trans.png","type":"image\/png"}],"twitter_card":"summary_large_image","twitter_misc":{"Prix":"&#67;&#72;&#70;&nbsp;149.00","Disponibilit\u00e9":"En stock"},"schema":{"@context":"https:\/\/schema.org","@graph":[{"@type":"WebPage","@id":"https:\/\/litrax.ch\/fr\/shop\/lia-jardin-dinterieur\/","url":"https:\/\/litrax.ch\/fr\/shop\/lia-jardin-dinterieur\/","name":"LIA Hydro Lit sur\u00e9lev\u00e9 4 : \u00c9l\u00e9gant et auto-arros\u00e9","isPartOf":{"@id":"https:\/\/litrax.ch\/fr\/#website"},"primaryImageOfPage":{"@id":"https:\/\/litrax.ch\/fr\/shop\/lia-jardin-dinterieur\/#primaryimage"},"image":{"@id":"https:\/\/litrax.ch\/fr\/shop\/lia-jardin-dinterieur\/#primaryimage"},"thumbnailUrl":"https:\/\/litrax.ch\/wp-content\/uploads\/2024\/01\/LD206_Trans.png","datePublished":"2024-01-11T09:53:14+00:00","dateModified":"2026-04-13T15:47:58+00:00","description":"D\u00e9couvrez l'alliance parfaite du design et de la technologie avec le bac sur\u00e9lev\u00e9 LIA Hydro 4 ! Jardiner n'a jamais \u00e9t\u00e9 aussi facile - commandez d\u00e8s maintenant !","breadcrumb":{"@id":"https:\/\/litrax.ch\/fr\/shop\/lia-jardin-dinterieur\/#breadcrumb"},"inLanguage":"fr-FR","potentialAction":[{"@type":"ReadAction","target":["https:\/\/litrax.ch\/fr\/shop\/lia-jardin-dinterieur\/"]}]},{"@type":"ImageObject","inLanguage":"fr-FR","@id":"https:\/\/litrax.ch\/fr\/shop\/lia-jardin-dinterieur\/#primaryimage","url":"https:\/\/litrax.ch\/wp-content\/uploads\/2024\/01\/LD206_Trans.png","contentUrl":"https:\/\/litrax.ch\/wp-content\/uploads\/2024\/01\/LD206_Trans.png","width":1000,"height":666},{"@type":"BreadcrumbList","@id":"https:\/\/litrax.ch\/fr\/shop\/lia-jardin-dinterieur\/#breadcrumb","itemListElement":[{"@type":"ListItem","position":1,"name":"Startseite","item":"https:\/\/litrax.ch\/fr\/accueil\/"},{"@type":"ListItem","position":2,"name":"Boutique","item":"https:\/\/litrax.ch\/fr\/boutique\/"},{"@type":"ListItem","position":3,"name":"LIA Hydro Lit sur\u00e9lev\u00e9 4"}]},{"@type":"WebSite","@id":"https:\/\/litrax.ch\/fr\/#website","url":"https:\/\/litrax.ch\/fr\/","name":"Litrax - Hydroponische Systeme","description":"Erlebe Hydroponik - der erdlose Gartengenuss.","publisher":{"@id":"https:\/\/litrax.ch\/fr\/#organization"},"alternateName":"Litrax","potentialAction":[{"@type":"SearchAction","target":{"@type":"EntryPoint","urlTemplate":"https:\/\/litrax.ch\/fr\/?s={search_term_string}"},"query-input":{"@type":"PropertyValueSpecification","valueRequired":true,"valueName":"search_term_string"}}],"inLanguage":"fr-FR"},{"@type":"Organization","@id":"https:\/\/litrax.ch\/fr\/#organization","name":"Litrax - Hydroponische Systeme","alternateName":"Litrax","url":"https:\/\/litrax.ch\/fr\/","logo":{"@type":"ImageObject","inLanguage":"fr-FR","@id":"https:\/\/litrax.ch\/fr\/#\/schema\/logo\/image\/","url":"https:\/\/litrax.ch\/wp-content\/uploads\/2024\/03\/facivon.png","contentUrl":"https:\/\/litrax.ch\/wp-content\/uploads\/2024\/03\/facivon.png","width":150,"height":150,"caption":"Litrax - Hydroponische Systeme"},"image":{"@id":"https:\/\/litrax.ch\/fr\/#\/schema\/logo\/image\/"},"sameAs":["https:\/\/www.facebook.com\/Litrax.ch","https:\/\/www.instagram.com\/litrax.ch\/","https:\/\/www.tiktok.com\/@litrax.ch"],"description":"Willkommen bei Litrax \u2013 Ihrem f\u00fchrenden Online-Shop f\u00fcr hochwertige hydroponische Gartensysteme! Wir bieten eine breite Palette an L\u00f6sungen f\u00fcr Privatpersonen, Restaurants und industrielle Gro\u00dfsysteme, um Ihnen zu helfen, Ihre eigene gr\u00fcne Oase zu schaffen, unabh\u00e4ngig von Ihrem Bedarf oder Ihrer Gr\u00f6\u00dfe. F\u00fcr Haushalte\/B\u00fcros: Entdecken Sie die Freude am G\u00e4rtnern in Ihrem eigenen Zuhause mit unseren einfach zu bedienenden hydroponischen Gartensystemen. Egal, ob Sie auf einem Balkon, einer Terrasse oder in Ihrem Wohnzimmer g\u00e4rtnern m\u00f6chten \u2013 wir haben das passende System f\u00fcr Sie. Genie\u00dfen Sie frisches Gem\u00fcse, aromatische Kr\u00e4uter und farbenfrohe Blumen das ganze Jahr \u00fcber, direkt aus Ihrem hydroponischen Garten. F\u00fcr Restaurants: Steigern Sie die Qualit\u00e4t Ihrer Gerichte und beeindrucken Sie Ihre G\u00e4ste mit frischen, geschmacksintensiven Zutaten aus unserem Sortiment an hydroponischen Gartensystemen f\u00fcr den gastronomischen Bereich. Unsere Systeme sind platzsparend, effizient und einfach zu bedienen, so dass Sie Ihre eigenen Zutaten direkt in Ihrer K\u00fcche anbauen k\u00f6nnen. Erleben Sie die Freude an nachhaltigem G\u00e4rtnern und lassen Sie Ihre kulinarischen Kreationen erstrahlen. Industrielle Gro\u00dfsysteme: Optimieren Sie Ihre landwirtschaftliche Produktion mit unseren ma\u00dfgeschneiderten hydroponischen Gro\u00dfsystemen. Von vertikalen Farmen bis hin zu automatisierten Anlagen bieten wir skalierbare L\u00f6sungen f\u00fcr maximale Effizienz und Produktivit\u00e4t. Nutzen Sie die Vorteile der hydroponischen Landwirtschaft, um Ihre Ernteertr\u00e4ge zu steigern, Platz zu sparen und Ressourcen zu optimieren. Erfahren Sie, wie unsere Systeme die Zukunft der industriellen Landwirtschaft gestalten k\u00f6nnen. Bei Litrax legen wir Wert auf Qualit\u00e4t und Kundenzufriedenheit. Unsere Produkte sind sorgf\u00e4ltig ausgew\u00e4hlt, um Ihnen die besten Ergebnisse zu garantieren, und wir bieten sie zu g\u00fcnstigen Preisen an. Dank unseres eigenen Lagers in der Schweiz k\u00f6nnen wir Ihnen eine schnelle Lieferung am n\u00e4chsten Tag garantieren.","legalName":"Resyx GmbH","foundingDate":"2022-12-22","numberOfEmployees":{"@type":"QuantitativeValue","minValue":"1","maxValue":"10"}}]},"product_price_amount":"149.00","product_price_currency":"CHF","og_availability":"instock","product_availability":"instock","product_retailer_item_id":"LD206-04","product_condition":"new"},"_links":{"self":[{"href":"https:\/\/litrax.ch\/fr\/wp-json\/wp\/v2\/product\/18680","targetHints":{"allow":["GET"]}}],"collection":[{"href":"https:\/\/litrax.ch\/fr\/wp-json\/wp\/v2\/product"}],"about":[{"href":"https:\/\/litrax.ch\/fr\/wp-json\/wp\/v2\/types\/product"}],"replies":[{"embeddable":true,"href":"https:\/\/litrax.ch\/fr\/wp-json\/wp\/v2\/comments?post=18680"}],"wp:featuredmedia":[{"embeddable":true,"href":"https:\/\/litrax.ch\/fr\/wp-json\/wp\/v2\/media\/17838"}],"wp:attachment":[{"href":"https:\/\/litrax.ch\/fr\/wp-json\/wp\/v2\/media?parent=18680"}],"wp:term":[{"taxonomy":"product_brand","embeddable":true,"href":"https:\/\/litrax.ch\/fr\/wp-json\/wp\/v2\/product_brand?post=18680"},{"taxonomy":"product_cat","embeddable":true,"href":"https:\/\/litrax.ch\/fr\/wp-json\/wp\/v2\/product_cat?post=18680"},{"taxonomy":"product_tag","embeddable":true,"href":"https:\/\/litrax.ch\/fr\/wp-json\/wp\/v2\/product_tag?post=18680"}],"curies":[{"name":"wp","href":"https:\/\/api.w.org\/{rel}","templated":true}]}}