{"id":18684,"date":"2024-01-11T09:53:32","date_gmt":"2024-01-11T09:53:32","guid":{"rendered":"https:\/\/litrax.ch\/shop\/flurin-hydro-jardin\/"},"modified":"2026-04-09T22:54:19","modified_gmt":"2026-04-09T22:54:19","slug":"flurin-hydro-jardin","status":"publish","type":"product","link":"https:\/\/litrax.ch\/fr\/shop\/flurin-hydro-jardin\/","title":{"rendered":"FLURIN Hydro pot 4"},"content":{"rendered":"<p dir=\"auto\"><strong>FLURIN Hydro Pot 4<\/strong> <strong>Le jardin hydroponique auto-arrosant pour 4 plantes \u2013 beau et facile d\u2019entretien<\/strong><\/p>\n<p dir=\"auto\">De belles fleurs ou des herbes aromatiques fra\u00eeches \u2013 sans arrosage quotidien.<\/p>\n<p dir=\"auto\">Le <strong>FLURIN Hydro Pot 4<\/strong> est le syst\u00e8me intelligent pot-dans-le-pot qui alimente automatiquement vos plantes en eau. Le pot de culture int\u00e9rieur repose sur un r\u00e9servoir d\u2019eau transparent. Des m\u00e8ches sp\u00e9ciales font remonter l\u2019eau exactement quand les plantes en ont besoin. Vous voyez toujours clairement le niveau d\u2019eau et vous compl\u00e9tez simplement \u2013 c\u2019est tout.   <\/p>\n<p dir=\"auto\">Avec ses dimensions de 30 x 11,7 x 13&nbsp;cm, le pot s\u2019adapte parfaitement aux rebords de fen\u00eatre, \u00e9tag\u00e8res, tables ou balcons. Et comme il est d\u2019un blanc sobre, il a un rendu vraiment \u00e9l\u00e9gant dans n\u2019importe quelle pi\u00e8ce. Id\u00e9al pour une petite collection d\u2019herbes aromatiques ou quatre belles fleurs.  <\/p>\n<h3 dir=\"auto\">Principales caract\u00e9ristiques<\/h3>\n<ul dir=\"auto\">\n<li><strong>Syst\u00e8me \u00e0 m\u00e8che auto-arrosant<\/strong> Les m\u00e8ches font remonter l\u2019eau automatiquement. Ainsi, les racines re\u00e7oivent toujours la bonne quantit\u00e9 d\u2019humidit\u00e9 \u2013 sans exc\u00e8s d\u2019eau. <\/li>\n<li><strong>R\u00e9servoir d\u2019eau transparent<\/strong> Le pot ext\u00e9rieur est transparent. Vous voyez ainsi imm\u00e9diatement quand il faut rajouter de l\u2019eau. <\/li>\n<li><strong>Arriv\u00e9e d\u2019eau pratique<\/strong> Le remplissage est rapide et propre. Il suffit de verser de l\u2019eau \u2013 c\u2019est tout. <\/li>\n<li><strong>Une bonne a\u00e9ration pour les racines<\/strong> Le pot int\u00e9rieur a des trous de drainage. Ainsi, les racines respirent bien et les plantes restent en bonne sant\u00e9. <\/li>\n<\/ul>\n<p dir=\"auto\"><strong>Simple et robuste<\/strong><\/p>\n<ul dir=\"auto\">\n<li>Format compact, pour partout<\/li>\n<li>Poids l\u00e9ger de seulement 0,4&nbsp;kg<\/li>\n<li>Plastique de qualit\u00e9 robuste en blanc<\/li>\n<li>Pr\u00eat \u00e0 l\u2019emploi en un instant \u2013 mettez la terre et les plantes, et c\u2019est parti<\/li>\n<\/ul>\n<p dir=\"auto\"><strong>Pour qui le FLURIN Hydro Pot 4 est-il parfait&nbsp;?<\/strong><\/p>\n<ul dir=\"auto\">\n<li>Pour toutes celles et ceux qui veulent de belles plantes, mais ont peu de temps pour arroser<\/li>\n<li>Pour les d\u00e9butants qui recherchent une hydroponie simple et fiable<\/li>\n<li>Pour les foyers qui veulent rendre la cuisine, le balcon ou le salon plus verts<\/li>\n<li>Pour toutes celles et ceux qui veulent une solution facile d\u2019entretien et styl\u00e9e pour la maison<\/li>\n<\/ul>\n<p dir=\"auto\"><strong>Vos plantes s\u2019arrosent presque toutes seules.<\/strong><\/p>\n<p dir=\"auto\"><strong>D\u00e9couvrez-le maintenant<\/strong> Rendez votre int\u00e9rieur plus vert et plus apaisant. Avec le FLURIN Hydro Pot 4, profitez de plantes en pleine sant\u00e9 \u2013 sans stress et avec un minimum d\u2019effort. <\/p>\n<p dir=\"auto\"><strong>Procurez-vous votre FLURIN Hydro Pot 4<\/strong> <strong>Simple. Pratique. Toujours vert.  <\/strong><\/p>\n","protected":false},"excerpt":{"rendered":"<p>FLURIN Hydro Pot 4 Le jardin hydroponique auto-arrosant pour 4 plantes \u2013 beau et facile d\u2019entretien De belles fleurs ou des herbes aromatiques fra\u00eeches \u2013 sans arrosage quotidien. Le FLURIN Hydro Pot 4 est le syst\u00e8me intelligent pot-dans-le-pot qui alimente automatiquement vos plantes en eau. Le pot de culture int\u00e9rieur repose sur un r\u00e9servoir d\u2019eau [&hellip;]<\/p>\n","protected":false},"featured_media":17784,"comment_status":"open","ping_status":"closed","template":"","meta":[],"product_brand":[],"product_cat":[153],"product_tag":[790,791],"class_list":{"0":"post-18684","1":"product","2":"type-product","3":"status-publish","4":"has-post-thumbnail","6":"product_cat-hydroculture-fr","7":"product_tag-auto-arrose","8":"product_tag-pot-2-en-1","10":"first","11":"instock","12":"taxable","13":"shipping-taxable","14":"purchasable","15":"product-type-simple"},"yoast_head":"<!-- This site is optimized with the Yoast SEO Premium plugin v26.7 (Yoast SEO v27.4) - https:\/\/yoast.com\/product\/yoast-seo-premium-wordpress\/ -->\n<title>FLURIN Hydro pot 4 - Auto-arrosant. Commandez maintenant\u00a0!<\/title>\n<meta name=\"description\" content=\"Jardin hydroponique auto-arrosant pour 4 plantes avec syst\u00e8me \u00e0 m\u00e8che et r\u00e9servoir transparent. Parfait pour les herbes aromatiques et les fleurs. Sans arrosage quotidien.\" \/>\n<meta name=\"robots\" content=\"index, follow, max-snippet:-1, max-image-preview:large, max-video-preview:-1\" \/>\n<link rel=\"canonical\" href=\"https:\/\/litrax.ch\/fr\/shop\/flurin-hydro-jardin\/\" \/>\n<meta property=\"og:locale\" content=\"fr_FR\" \/>\n<meta property=\"og:type\" content=\"article\" \/>\n<meta property=\"og:title\" content=\"FLURIN Hydro pot 4\" \/>\n<meta property=\"og:description\" content=\"Jardin hydroponique auto-arrosant pour 4 plantes avec syst\u00e8me \u00e0 m\u00e8che et r\u00e9servoir transparent. Parfait pour les herbes aromatiques et les fleurs. Sans arrosage quotidien.\" \/>\n<meta property=\"og:url\" content=\"https:\/\/litrax.ch\/fr\/shop\/flurin-hydro-jardin\/\" \/>\n<meta property=\"og:site_name\" content=\"Litrax - Hydroponische Systeme\" \/>\n<meta property=\"article:publisher\" content=\"https:\/\/www.facebook.com\/Litrax.ch\" \/>\n<meta property=\"article:modified_time\" content=\"2026-04-09T22:54:19+00:00\" \/>\n<meta property=\"og:image\" content=\"https:\/\/litrax.ch\/wp-content\/uploads\/2024\/01\/LG211_Trans.png\" \/>\n\t<meta property=\"og:image:width\" content=\"1000\" \/>\n\t<meta property=\"og:image:height\" content=\"667\" \/>\n\t<meta property=\"og:image:type\" content=\"image\/png\" \/>\n<meta name=\"twitter:card\" content=\"summary_large_image\" \/>\n<meta name=\"twitter:label1\" content=\"Prix\" \/>\n\t<meta name=\"twitter:data1\" content=\"&#067;&#072;&#070;&nbsp;19.90\" \/>\n\t<meta name=\"twitter:label2\" content=\"Disponibilit\u00e9\" \/>\n\t<meta name=\"twitter:data2\" content=\"En stock\" \/>\n<script type=\"application\/ld+json\" class=\"yoast-schema-graph\">{\"@context\":\"https:\\\/\\\/schema.org\",\"@graph\":[{\"@type\":\"WebPage\",\"@id\":\"https:\\\/\\\/litrax.ch\\\/fr\\\/shop\\\/flurin-hydro-jardin\\\/\",\"url\":\"https:\\\/\\\/litrax.ch\\\/fr\\\/shop\\\/flurin-hydro-jardin\\\/\",\"name\":\"FLURIN Hydro pot 4 - Auto-arrosant. Commandez maintenant\u00a0!\",\"isPartOf\":{\"@id\":\"https:\\\/\\\/litrax.ch\\\/fr\\\/#website\"},\"primaryImageOfPage\":{\"@id\":\"https:\\\/\\\/litrax.ch\\\/fr\\\/shop\\\/flurin-hydro-jardin\\\/#primaryimage\"},\"image\":{\"@id\":\"https:\\\/\\\/litrax.ch\\\/fr\\\/shop\\\/flurin-hydro-jardin\\\/#primaryimage\"},\"thumbnailUrl\":\"https:\\\/\\\/litrax.ch\\\/wp-content\\\/uploads\\\/2024\\\/01\\\/LG211_Trans.png\",\"datePublished\":\"2024-01-11T09:53:32+00:00\",\"dateModified\":\"2026-04-09T22:54:19+00:00\",\"description\":\"Jardin hydroponique auto-arrosant pour 4 plantes avec syst\u00e8me \u00e0 m\u00e8che et r\u00e9servoir transparent. Parfait pour les herbes aromatiques et les fleurs. Sans arrosage quotidien.\",\"breadcrumb\":{\"@id\":\"https:\\\/\\\/litrax.ch\\\/fr\\\/shop\\\/flurin-hydro-jardin\\\/#breadcrumb\"},\"inLanguage\":\"fr-FR\",\"potentialAction\":[{\"@type\":\"ReadAction\",\"target\":[\"https:\\\/\\\/litrax.ch\\\/fr\\\/shop\\\/flurin-hydro-jardin\\\/\"]}]},{\"@type\":\"ImageObject\",\"inLanguage\":\"fr-FR\",\"@id\":\"https:\\\/\\\/litrax.ch\\\/fr\\\/shop\\\/flurin-hydro-jardin\\\/#primaryimage\",\"url\":\"https:\\\/\\\/litrax.ch\\\/wp-content\\\/uploads\\\/2024\\\/01\\\/LG211_Trans.png\",\"contentUrl\":\"https:\\\/\\\/litrax.ch\\\/wp-content\\\/uploads\\\/2024\\\/01\\\/LG211_Trans.png\",\"width\":1000,\"height\":667},{\"@type\":\"BreadcrumbList\",\"@id\":\"https:\\\/\\\/litrax.ch\\\/fr\\\/shop\\\/flurin-hydro-jardin\\\/#breadcrumb\",\"itemListElement\":[{\"@type\":\"ListItem\",\"position\":1,\"name\":\"Startseite\",\"item\":\"https:\\\/\\\/litrax.ch\\\/fr\\\/accueil\\\/\"},{\"@type\":\"ListItem\",\"position\":2,\"name\":\"Boutique\",\"item\":\"https:\\\/\\\/litrax.ch\\\/fr\\\/boutique\\\/\"},{\"@type\":\"ListItem\",\"position\":3,\"name\":\"FLURIN Hydro pot 4\"}]},{\"@type\":\"WebSite\",\"@id\":\"https:\\\/\\\/litrax.ch\\\/fr\\\/#website\",\"url\":\"https:\\\/\\\/litrax.ch\\\/fr\\\/\",\"name\":\"Litrax - Hydroponische Systeme\",\"description\":\"Erlebe Hydroponik - der erdlose Gartengenuss.\",\"publisher\":{\"@id\":\"https:\\\/\\\/litrax.ch\\\/fr\\\/#organization\"},\"alternateName\":\"Litrax\",\"potentialAction\":[{\"@type\":\"SearchAction\",\"target\":{\"@type\":\"EntryPoint\",\"urlTemplate\":\"https:\\\/\\\/litrax.ch\\\/fr\\\/?s={search_term_string}\"},\"query-input\":{\"@type\":\"PropertyValueSpecification\",\"valueRequired\":true,\"valueName\":\"search_term_string\"}}],\"inLanguage\":\"fr-FR\"},{\"@type\":\"Organization\",\"@id\":\"https:\\\/\\\/litrax.ch\\\/fr\\\/#organization\",\"name\":\"Litrax - Hydroponische Systeme\",\"alternateName\":\"Litrax\",\"url\":\"https:\\\/\\\/litrax.ch\\\/fr\\\/\",\"logo\":{\"@type\":\"ImageObject\",\"inLanguage\":\"fr-FR\",\"@id\":\"https:\\\/\\\/litrax.ch\\\/fr\\\/#\\\/schema\\\/logo\\\/image\\\/\",\"url\":\"https:\\\/\\\/litrax.ch\\\/wp-content\\\/uploads\\\/2024\\\/03\\\/facivon.png\",\"contentUrl\":\"https:\\\/\\\/litrax.ch\\\/wp-content\\\/uploads\\\/2024\\\/03\\\/facivon.png\",\"width\":150,\"height\":150,\"caption\":\"Litrax - Hydroponische Systeme\"},\"image\":{\"@id\":\"https:\\\/\\\/litrax.ch\\\/fr\\\/#\\\/schema\\\/logo\\\/image\\\/\"},\"sameAs\":[\"https:\\\/\\\/www.facebook.com\\\/Litrax.ch\",\"https:\\\/\\\/www.instagram.com\\\/litrax.ch\\\/\",\"https:\\\/\\\/www.tiktok.com\\\/@litrax.ch\"],\"description\":\"Willkommen bei Litrax \u2013 Ihrem f\u00fchrenden Online-Shop f\u00fcr hochwertige hydroponische Gartensysteme! Wir bieten eine breite Palette an L\u00f6sungen f\u00fcr Privatpersonen, Restaurants und industrielle Gro\u00dfsysteme, um Ihnen zu helfen, Ihre eigene gr\u00fcne Oase zu schaffen, unabh\u00e4ngig von Ihrem Bedarf oder Ihrer Gr\u00f6\u00dfe. F\u00fcr Haushalte\\\/B\u00fcros: Entdecken Sie die Freude am G\u00e4rtnern in Ihrem eigenen Zuhause mit unseren einfach zu bedienenden hydroponischen Gartensystemen. Egal, ob Sie auf einem Balkon, einer Terrasse oder in Ihrem Wohnzimmer g\u00e4rtnern m\u00f6chten \u2013 wir haben das passende System f\u00fcr Sie. Genie\u00dfen Sie frisches Gem\u00fcse, aromatische Kr\u00e4uter und farbenfrohe Blumen das ganze Jahr \u00fcber, direkt aus Ihrem hydroponischen Garten. F\u00fcr Restaurants: Steigern Sie die Qualit\u00e4t Ihrer Gerichte und beeindrucken Sie Ihre G\u00e4ste mit frischen, geschmacksintensiven Zutaten aus unserem Sortiment an hydroponischen Gartensystemen f\u00fcr den gastronomischen Bereich. Unsere Systeme sind platzsparend, effizient und einfach zu bedienen, so dass Sie Ihre eigenen Zutaten direkt in Ihrer K\u00fcche anbauen k\u00f6nnen. Erleben Sie die Freude an nachhaltigem G\u00e4rtnern und lassen Sie Ihre kulinarischen Kreationen erstrahlen. Industrielle Gro\u00dfsysteme: Optimieren Sie Ihre landwirtschaftliche Produktion mit unseren ma\u00dfgeschneiderten hydroponischen Gro\u00dfsystemen. Von vertikalen Farmen bis hin zu automatisierten Anlagen bieten wir skalierbare L\u00f6sungen f\u00fcr maximale Effizienz und Produktivit\u00e4t. Nutzen Sie die Vorteile der hydroponischen Landwirtschaft, um Ihre Ernteertr\u00e4ge zu steigern, Platz zu sparen und Ressourcen zu optimieren. Erfahren Sie, wie unsere Systeme die Zukunft der industriellen Landwirtschaft gestalten k\u00f6nnen. Bei Litrax legen wir Wert auf Qualit\u00e4t und Kundenzufriedenheit. Unsere Produkte sind sorgf\u00e4ltig ausgew\u00e4hlt, um Ihnen die besten Ergebnisse zu garantieren, und wir bieten sie zu g\u00fcnstigen Preisen an. Dank unseres eigenen Lagers in der Schweiz k\u00f6nnen wir Ihnen eine schnelle Lieferung am n\u00e4chsten Tag garantieren.\",\"legalName\":\"Resyx GmbH\",\"foundingDate\":\"2022-12-22\",\"numberOfEmployees\":{\"@type\":\"QuantitativeValue\",\"minValue\":\"1\",\"maxValue\":\"10\"}}]}<\/script>\n<meta property=\"product:price:amount\" content=\"19.90\" \/>\n<meta property=\"product:price:currency\" content=\"CHF\" \/>\n<meta property=\"og:availability\" content=\"instock\" \/>\n<meta property=\"product:availability\" content=\"instock\" \/>\n<meta property=\"product:retailer_item_id\" content=\"LG211\" \/>\n<meta property=\"product:condition\" content=\"new\" \/>\n<!-- \/ Yoast SEO Premium plugin. -->","yoast_head_json":{"title":"FLURIN Hydro pot 4 - Auto-arrosant. Commandez maintenant\u00a0!","description":"Jardin hydroponique auto-arrosant pour 4 plantes avec syst\u00e8me \u00e0 m\u00e8che et r\u00e9servoir transparent. Parfait pour les herbes aromatiques et les fleurs. Sans arrosage quotidien.","robots":{"index":"index","follow":"follow","max-snippet":"max-snippet:-1","max-image-preview":"max-image-preview:large","max-video-preview":"max-video-preview:-1"},"canonical":"https:\/\/litrax.ch\/fr\/shop\/flurin-hydro-jardin\/","og_locale":"fr_FR","og_type":"article","og_title":"FLURIN Hydro pot 4","og_description":"Jardin hydroponique auto-arrosant pour 4 plantes avec syst\u00e8me \u00e0 m\u00e8che et r\u00e9servoir transparent. Parfait pour les herbes aromatiques et les fleurs. Sans arrosage quotidien.","og_url":"https:\/\/litrax.ch\/fr\/shop\/flurin-hydro-jardin\/","og_site_name":"Litrax - Hydroponische Systeme","article_publisher":"https:\/\/www.facebook.com\/Litrax.ch","article_modified_time":"2026-04-09T22:54:19+00:00","og_image":[{"width":1000,"height":667,"url":"https:\/\/litrax.ch\/wp-content\/uploads\/2024\/01\/LG211_Trans.png","type":"image\/png"}],"twitter_card":"summary_large_image","twitter_misc":{"Prix":"&#67;&#72;&#70;&nbsp;19.90","Disponibilit\u00e9":"En stock"},"schema":{"@context":"https:\/\/schema.org","@graph":[{"@type":"WebPage","@id":"https:\/\/litrax.ch\/fr\/shop\/flurin-hydro-jardin\/","url":"https:\/\/litrax.ch\/fr\/shop\/flurin-hydro-jardin\/","name":"FLURIN Hydro pot 4 - Auto-arrosant. Commandez maintenant\u00a0!","isPartOf":{"@id":"https:\/\/litrax.ch\/fr\/#website"},"primaryImageOfPage":{"@id":"https:\/\/litrax.ch\/fr\/shop\/flurin-hydro-jardin\/#primaryimage"},"image":{"@id":"https:\/\/litrax.ch\/fr\/shop\/flurin-hydro-jardin\/#primaryimage"},"thumbnailUrl":"https:\/\/litrax.ch\/wp-content\/uploads\/2024\/01\/LG211_Trans.png","datePublished":"2024-01-11T09:53:32+00:00","dateModified":"2026-04-09T22:54:19+00:00","description":"Jardin hydroponique auto-arrosant pour 4 plantes avec syst\u00e8me \u00e0 m\u00e8che et r\u00e9servoir transparent. Parfait pour les herbes aromatiques et les fleurs. Sans arrosage quotidien.","breadcrumb":{"@id":"https:\/\/litrax.ch\/fr\/shop\/flurin-hydro-jardin\/#breadcrumb"},"inLanguage":"fr-FR","potentialAction":[{"@type":"ReadAction","target":["https:\/\/litrax.ch\/fr\/shop\/flurin-hydro-jardin\/"]}]},{"@type":"ImageObject","inLanguage":"fr-FR","@id":"https:\/\/litrax.ch\/fr\/shop\/flurin-hydro-jardin\/#primaryimage","url":"https:\/\/litrax.ch\/wp-content\/uploads\/2024\/01\/LG211_Trans.png","contentUrl":"https:\/\/litrax.ch\/wp-content\/uploads\/2024\/01\/LG211_Trans.png","width":1000,"height":667},{"@type":"BreadcrumbList","@id":"https:\/\/litrax.ch\/fr\/shop\/flurin-hydro-jardin\/#breadcrumb","itemListElement":[{"@type":"ListItem","position":1,"name":"Startseite","item":"https:\/\/litrax.ch\/fr\/accueil\/"},{"@type":"ListItem","position":2,"name":"Boutique","item":"https:\/\/litrax.ch\/fr\/boutique\/"},{"@type":"ListItem","position":3,"name":"FLURIN Hydro pot 4"}]},{"@type":"WebSite","@id":"https:\/\/litrax.ch\/fr\/#website","url":"https:\/\/litrax.ch\/fr\/","name":"Litrax - Hydroponische Systeme","description":"Erlebe Hydroponik - der erdlose Gartengenuss.","publisher":{"@id":"https:\/\/litrax.ch\/fr\/#organization"},"alternateName":"Litrax","potentialAction":[{"@type":"SearchAction","target":{"@type":"EntryPoint","urlTemplate":"https:\/\/litrax.ch\/fr\/?s={search_term_string}"},"query-input":{"@type":"PropertyValueSpecification","valueRequired":true,"valueName":"search_term_string"}}],"inLanguage":"fr-FR"},{"@type":"Organization","@id":"https:\/\/litrax.ch\/fr\/#organization","name":"Litrax - Hydroponische Systeme","alternateName":"Litrax","url":"https:\/\/litrax.ch\/fr\/","logo":{"@type":"ImageObject","inLanguage":"fr-FR","@id":"https:\/\/litrax.ch\/fr\/#\/schema\/logo\/image\/","url":"https:\/\/litrax.ch\/wp-content\/uploads\/2024\/03\/facivon.png","contentUrl":"https:\/\/litrax.ch\/wp-content\/uploads\/2024\/03\/facivon.png","width":150,"height":150,"caption":"Litrax - Hydroponische Systeme"},"image":{"@id":"https:\/\/litrax.ch\/fr\/#\/schema\/logo\/image\/"},"sameAs":["https:\/\/www.facebook.com\/Litrax.ch","https:\/\/www.instagram.com\/litrax.ch\/","https:\/\/www.tiktok.com\/@litrax.ch"],"description":"Willkommen bei Litrax \u2013 Ihrem f\u00fchrenden Online-Shop f\u00fcr hochwertige hydroponische Gartensysteme! Wir bieten eine breite Palette an L\u00f6sungen f\u00fcr Privatpersonen, Restaurants und industrielle Gro\u00dfsysteme, um Ihnen zu helfen, Ihre eigene gr\u00fcne Oase zu schaffen, unabh\u00e4ngig von Ihrem Bedarf oder Ihrer Gr\u00f6\u00dfe. F\u00fcr Haushalte\/B\u00fcros: Entdecken Sie die Freude am G\u00e4rtnern in Ihrem eigenen Zuhause mit unseren einfach zu bedienenden hydroponischen Gartensystemen. Egal, ob Sie auf einem Balkon, einer Terrasse oder in Ihrem Wohnzimmer g\u00e4rtnern m\u00f6chten \u2013 wir haben das passende System f\u00fcr Sie. Genie\u00dfen Sie frisches Gem\u00fcse, aromatische Kr\u00e4uter und farbenfrohe Blumen das ganze Jahr \u00fcber, direkt aus Ihrem hydroponischen Garten. F\u00fcr Restaurants: Steigern Sie die Qualit\u00e4t Ihrer Gerichte und beeindrucken Sie Ihre G\u00e4ste mit frischen, geschmacksintensiven Zutaten aus unserem Sortiment an hydroponischen Gartensystemen f\u00fcr den gastronomischen Bereich. Unsere Systeme sind platzsparend, effizient und einfach zu bedienen, so dass Sie Ihre eigenen Zutaten direkt in Ihrer K\u00fcche anbauen k\u00f6nnen. Erleben Sie die Freude an nachhaltigem G\u00e4rtnern und lassen Sie Ihre kulinarischen Kreationen erstrahlen. Industrielle Gro\u00dfsysteme: Optimieren Sie Ihre landwirtschaftliche Produktion mit unseren ma\u00dfgeschneiderten hydroponischen Gro\u00dfsystemen. Von vertikalen Farmen bis hin zu automatisierten Anlagen bieten wir skalierbare L\u00f6sungen f\u00fcr maximale Effizienz und Produktivit\u00e4t. Nutzen Sie die Vorteile der hydroponischen Landwirtschaft, um Ihre Ernteertr\u00e4ge zu steigern, Platz zu sparen und Ressourcen zu optimieren. Erfahren Sie, wie unsere Systeme die Zukunft der industriellen Landwirtschaft gestalten k\u00f6nnen. Bei Litrax legen wir Wert auf Qualit\u00e4t und Kundenzufriedenheit. Unsere Produkte sind sorgf\u00e4ltig ausgew\u00e4hlt, um Ihnen die besten Ergebnisse zu garantieren, und wir bieten sie zu g\u00fcnstigen Preisen an. Dank unseres eigenen Lagers in der Schweiz k\u00f6nnen wir Ihnen eine schnelle Lieferung am n\u00e4chsten Tag garantieren.","legalName":"Resyx GmbH","foundingDate":"2022-12-22","numberOfEmployees":{"@type":"QuantitativeValue","minValue":"1","maxValue":"10"}}]},"product_price_amount":"19.90","product_price_currency":"CHF","og_availability":"instock","product_availability":"instock","product_retailer_item_id":"LG211","product_condition":"new"},"_links":{"self":[{"href":"https:\/\/litrax.ch\/fr\/wp-json\/wp\/v2\/product\/18684","targetHints":{"allow":["GET"]}}],"collection":[{"href":"https:\/\/litrax.ch\/fr\/wp-json\/wp\/v2\/product"}],"about":[{"href":"https:\/\/litrax.ch\/fr\/wp-json\/wp\/v2\/types\/product"}],"replies":[{"embeddable":true,"href":"https:\/\/litrax.ch\/fr\/wp-json\/wp\/v2\/comments?post=18684"}],"wp:featuredmedia":[{"embeddable":true,"href":"https:\/\/litrax.ch\/fr\/wp-json\/wp\/v2\/media\/17784"}],"wp:attachment":[{"href":"https:\/\/litrax.ch\/fr\/wp-json\/wp\/v2\/media?parent=18684"}],"wp:term":[{"taxonomy":"product_brand","embeddable":true,"href":"https:\/\/litrax.ch\/fr\/wp-json\/wp\/v2\/product_brand?post=18684"},{"taxonomy":"product_cat","embeddable":true,"href":"https:\/\/litrax.ch\/fr\/wp-json\/wp\/v2\/product_cat?post=18684"},{"taxonomy":"product_tag","embeddable":true,"href":"https:\/\/litrax.ch\/fr\/wp-json\/wp\/v2\/product_tag?post=18684"}],"curies":[{"name":"wp","href":"https:\/\/api.w.org\/{rel}","templated":true}]}}