{"id":19874,"date":"2024-07-02T14:24:19","date_gmt":"2024-07-02T14:24:19","guid":{"rendered":"https:\/\/litrax.ch\/shop\/produit-eponges-de-rechange-pour-systeme-de-culture-hydroponique-pack-de-50\/"},"modified":"2026-03-24T17:09:35","modified_gmt":"2026-03-24T17:09:35","slug":"eponges-de-rechange-pour-systeme-de-culture-hydroponique-paquet-de-50","status":"publish","type":"product","link":"https:\/\/litrax.ch\/fr\/shop\/eponges-de-rechange-pour-systeme-de-culture-hydroponique-paquet-de-50\/","title":{"rendered":"\u00c9ponges de rechange, paquet de 50"},"content":{"rendered":"<h3>Application<\/h3>\n<p><strong>Remplacement facile :<\/strong> remplacez les \u00e9ponges de votre syst\u00e8me de culture Litrax en un clin d&#8217;\u0153il. Les \u00e9ponges de rechange Hydroponique en paquet de 50 facilitent consid\u00e9rablement le remplacement. <\/p>\n<p><strong>Toujours pr\u00eat \u00e0 l&#8217;emploi :<\/strong> Avec ce grand paquet de 50 \u00e9ponges, vous gardez votre syst\u00e8me hydroponique Litrax toujours pr\u00eat pour le prochain ensemencement. Les \u00e9ponges s&#8217;adaptent parfaitement aux pods de votre jardin d&#8217;int\u00e9rieur et sont remplac\u00e9es en un clin d&#8217;\u0153il. C&#8217;est encore plus facile gr\u00e2ce aux \u00e9ponges de culture robustes en paquet de 50.  <\/p>\n<p><strong>Une utilisation facile comme un jeu d&#8217;enfant :<\/strong> Retirez simplement les anciennes \u00e9ponges et placez les nouvelles \u00e9ponges dans le pod. Ensuite, semez vos graines comme d&#8217;habitude &#8211; et le tour est jou\u00e9 ! <\/p>\n<p><strong>Taille du paquet :<\/strong> paquet de 50 \u00e9ponges de croissance, id\u00e9al pour remplacer l&#8217;hydroponie dans un paquet de 50.<\/p>\n<p><strong>Type :<\/strong><\/p>\n<ul>\n<li>Semences Starter Eponges de croissance<\/li>\n<li>Remplacement des \u00e9ponges de croissance des racines,<\/li>\n<li>Recharges \u00e9quilibr\u00e9es en PH,<\/li>\n<li>\u00c9ponges hydroponiques de remplacement pour les syst\u00e8mes hydroponiques d&#8217;int\u00e9rieur,<\/li>\n<li>Compatible avec :\n<ul>\n<li>Litrax,<\/li>\n<li>Tendances futures,<\/li>\n<li>Pearl,<\/li>\n<li>Carlo Milano,<\/li>\n<li>Galaxus Syst\u00e8mes hydroponiques d&#8217;int\u00e9rieur,<\/li>\n<li>Pour les jardins d&#8217;int\u00e9rieur,<\/li>\n<\/ul>\n<\/li>\n<\/ul>\n<p><strong>Couleur :<\/strong> Marron,<\/p>\n<p><strong>Forme :<\/strong> conique<\/p>\n","protected":false},"excerpt":{"rendered":"<p>Application Remplacement facile : remplacez les \u00e9ponges de votre syst\u00e8me de culture Litrax en un clin d&#8217;\u0153il. Les \u00e9ponges de rechange Hydroponique en paquet de 50 facilitent consid\u00e9rablement le remplacement. Toujours pr\u00eat \u00e0 l&#8217;emploi : Avec ce grand paquet de 50 \u00e9ponges, vous gardez votre syst\u00e8me hydroponique Litrax toujours pr\u00eat pour le prochain ensemencement. Les [&hellip;]<\/p>\n","protected":false},"featured_media":19891,"comment_status":"closed","ping_status":"closed","template":"","meta":[],"product_brand":[],"product_cat":[664,119],"product_tag":[],"class_list":{"0":"post-19874","1":"product","2":"type-product","3":"status-publish","4":"has-post-thumbnail","6":"product_cat-accessoires","7":"product_cat-hydroponique","9":"first","10":"instock","11":"taxable","12":"shipping-taxable","13":"purchasable","14":"product-type-simple"},"yoast_head":"<!-- This site is optimized with the Yoast SEO Premium plugin v26.7 (Yoast SEO v27.4) - https:\/\/yoast.com\/product\/yoast-seo-premium-wordpress\/ -->\n<title>Hydroponique \u00c9ponges de rechange Lot de 50 pour votre culture - Litrax - Hydroponische Systeme<\/title>\n<meta name=\"description\" content=\"Maintenez votre syst\u00e8me hydroponique Litrax en bon \u00e9tat de fonctionnement gr\u00e2ce \u00e0 nos \u00e9ponges hydroponiques de rechange en paquet de 50. Remplacez-les simplement et continuez \u00e0 cultiver ! \ud83c\udf31\" \/>\n<meta name=\"robots\" content=\"index, follow, max-snippet:-1, max-image-preview:large, max-video-preview:-1\" \/>\n<link rel=\"canonical\" href=\"https:\/\/litrax.ch\/fr\/shop\/eponges-de-rechange-pour-systeme-de-culture-hydroponique-paquet-de-50\/\" \/>\n<meta property=\"og:locale\" content=\"fr_FR\" \/>\n<meta property=\"og:type\" content=\"article\" \/>\n<meta property=\"og:title\" content=\"\u00c9ponges de rechange, paquet de 50\" \/>\n<meta property=\"og:description\" content=\"Maintenez votre syst\u00e8me hydroponique Litrax en bon \u00e9tat de fonctionnement gr\u00e2ce \u00e0 nos \u00e9ponges hydroponiques de rechange en paquet de 50. Remplacez-les simplement et continuez \u00e0 cultiver ! \ud83c\udf31\" \/>\n<meta property=\"og:url\" content=\"https:\/\/litrax.ch\/fr\/shop\/eponges-de-rechange-pour-systeme-de-culture-hydroponique-paquet-de-50\/\" \/>\n<meta property=\"og:site_name\" content=\"Litrax - Hydroponische Systeme\" \/>\n<meta property=\"article:publisher\" content=\"https:\/\/www.facebook.com\/Litrax.ch\" \/>\n<meta property=\"article:modified_time\" content=\"2026-03-24T17:09:35+00:00\" \/>\n<meta property=\"og:image\" content=\"https:\/\/litrax.ch\/wp-content\/uploads\/2024\/07\/LAX02-Planter-Sponge50-main-e1727295480194.png\" \/>\n\t<meta property=\"og:image:width\" content=\"1000\" \/>\n\t<meta property=\"og:image:height\" content=\"667\" \/>\n\t<meta property=\"og:image:type\" content=\"image\/png\" \/>\n<meta name=\"twitter:card\" content=\"summary_large_image\" \/>\n<meta name=\"twitter:label1\" content=\"Prix\" \/>\n\t<meta name=\"twitter:data1\" content=\"&#067;&#072;&#070;&nbsp;19.90\" \/>\n\t<meta name=\"twitter:label2\" content=\"Disponibilit\u00e9\" \/>\n\t<meta name=\"twitter:data2\" content=\"En stock\" \/>\n<script type=\"application\/ld+json\" class=\"yoast-schema-graph\">{\"@context\":\"https:\\\/\\\/schema.org\",\"@graph\":[{\"@type\":\"WebPage\",\"@id\":\"https:\\\/\\\/litrax.ch\\\/fr\\\/shop\\\/eponges-de-rechange-pour-systeme-de-culture-hydroponique-paquet-de-50\\\/\",\"url\":\"https:\\\/\\\/litrax.ch\\\/fr\\\/shop\\\/eponges-de-rechange-pour-systeme-de-culture-hydroponique-paquet-de-50\\\/\",\"name\":\"Hydroponique \u00c9ponges de rechange Lot de 50 pour votre culture - Litrax - Hydroponische Systeme\",\"isPartOf\":{\"@id\":\"https:\\\/\\\/litrax.ch\\\/fr\\\/#website\"},\"primaryImageOfPage\":{\"@id\":\"https:\\\/\\\/litrax.ch\\\/fr\\\/shop\\\/eponges-de-rechange-pour-systeme-de-culture-hydroponique-paquet-de-50\\\/#primaryimage\"},\"image\":{\"@id\":\"https:\\\/\\\/litrax.ch\\\/fr\\\/shop\\\/eponges-de-rechange-pour-systeme-de-culture-hydroponique-paquet-de-50\\\/#primaryimage\"},\"thumbnailUrl\":\"https:\\\/\\\/litrax.ch\\\/wp-content\\\/uploads\\\/2024\\\/07\\\/LAX02-Planter-Sponge50-main-e1727295480194.png\",\"datePublished\":\"2024-07-02T14:24:19+00:00\",\"dateModified\":\"2026-03-24T17:09:35+00:00\",\"description\":\"Maintenez votre syst\u00e8me hydroponique Litrax en bon \u00e9tat de fonctionnement gr\u00e2ce \u00e0 nos \u00e9ponges hydroponiques de rechange en paquet de 50. Remplacez-les simplement et continuez \u00e0 cultiver ! \ud83c\udf31\",\"breadcrumb\":{\"@id\":\"https:\\\/\\\/litrax.ch\\\/fr\\\/shop\\\/eponges-de-rechange-pour-systeme-de-culture-hydroponique-paquet-de-50\\\/#breadcrumb\"},\"inLanguage\":\"fr-FR\",\"potentialAction\":[{\"@type\":\"ReadAction\",\"target\":[\"https:\\\/\\\/litrax.ch\\\/fr\\\/shop\\\/eponges-de-rechange-pour-systeme-de-culture-hydroponique-paquet-de-50\\\/\"]}]},{\"@type\":\"ImageObject\",\"inLanguage\":\"fr-FR\",\"@id\":\"https:\\\/\\\/litrax.ch\\\/fr\\\/shop\\\/eponges-de-rechange-pour-systeme-de-culture-hydroponique-paquet-de-50\\\/#primaryimage\",\"url\":\"https:\\\/\\\/litrax.ch\\\/wp-content\\\/uploads\\\/2024\\\/07\\\/LAX02-Planter-Sponge50-main-e1727295480194.png\",\"contentUrl\":\"https:\\\/\\\/litrax.ch\\\/wp-content\\\/uploads\\\/2024\\\/07\\\/LAX02-Planter-Sponge50-main-e1727295480194.png\",\"width\":1000,\"height\":667,\"caption\":\"\u00c9ponges de rechange\"},{\"@type\":\"BreadcrumbList\",\"@id\":\"https:\\\/\\\/litrax.ch\\\/fr\\\/shop\\\/eponges-de-rechange-pour-systeme-de-culture-hydroponique-paquet-de-50\\\/#breadcrumb\",\"itemListElement\":[{\"@type\":\"ListItem\",\"position\":1,\"name\":\"Startseite\",\"item\":\"https:\\\/\\\/litrax.ch\\\/fr\\\/accueil\\\/\"},{\"@type\":\"ListItem\",\"position\":2,\"name\":\"Boutique\",\"item\":\"https:\\\/\\\/litrax.ch\\\/fr\\\/boutique\\\/\"},{\"@type\":\"ListItem\",\"position\":3,\"name\":\"\u00c9ponges de rechange, paquet de 50\"}]},{\"@type\":\"WebSite\",\"@id\":\"https:\\\/\\\/litrax.ch\\\/fr\\\/#website\",\"url\":\"https:\\\/\\\/litrax.ch\\\/fr\\\/\",\"name\":\"Litrax - Hydroponische Systeme\",\"description\":\"Erlebe Hydroponik - der erdlose Gartengenuss.\",\"publisher\":{\"@id\":\"https:\\\/\\\/litrax.ch\\\/fr\\\/#organization\"},\"alternateName\":\"Litrax\",\"potentialAction\":[{\"@type\":\"SearchAction\",\"target\":{\"@type\":\"EntryPoint\",\"urlTemplate\":\"https:\\\/\\\/litrax.ch\\\/fr\\\/?s={search_term_string}\"},\"query-input\":{\"@type\":\"PropertyValueSpecification\",\"valueRequired\":true,\"valueName\":\"search_term_string\"}}],\"inLanguage\":\"fr-FR\"},{\"@type\":\"Organization\",\"@id\":\"https:\\\/\\\/litrax.ch\\\/fr\\\/#organization\",\"name\":\"Litrax - Hydroponische Systeme\",\"alternateName\":\"Litrax\",\"url\":\"https:\\\/\\\/litrax.ch\\\/fr\\\/\",\"logo\":{\"@type\":\"ImageObject\",\"inLanguage\":\"fr-FR\",\"@id\":\"https:\\\/\\\/litrax.ch\\\/fr\\\/#\\\/schema\\\/logo\\\/image\\\/\",\"url\":\"https:\\\/\\\/litrax.ch\\\/wp-content\\\/uploads\\\/2024\\\/03\\\/facivon.png\",\"contentUrl\":\"https:\\\/\\\/litrax.ch\\\/wp-content\\\/uploads\\\/2024\\\/03\\\/facivon.png\",\"width\":150,\"height\":150,\"caption\":\"Litrax - Hydroponische Systeme\"},\"image\":{\"@id\":\"https:\\\/\\\/litrax.ch\\\/fr\\\/#\\\/schema\\\/logo\\\/image\\\/\"},\"sameAs\":[\"https:\\\/\\\/www.facebook.com\\\/Litrax.ch\",\"https:\\\/\\\/www.instagram.com\\\/litrax.ch\\\/\",\"https:\\\/\\\/www.tiktok.com\\\/@litrax.ch\"],\"description\":\"Willkommen bei Litrax \u2013 Ihrem f\u00fchrenden Online-Shop f\u00fcr hochwertige hydroponische Gartensysteme! Wir bieten eine breite Palette an L\u00f6sungen f\u00fcr Privatpersonen, Restaurants und industrielle Gro\u00dfsysteme, um Ihnen zu helfen, Ihre eigene gr\u00fcne Oase zu schaffen, unabh\u00e4ngig von Ihrem Bedarf oder Ihrer Gr\u00f6\u00dfe. F\u00fcr Haushalte\\\/B\u00fcros: Entdecken Sie die Freude am G\u00e4rtnern in Ihrem eigenen Zuhause mit unseren einfach zu bedienenden hydroponischen Gartensystemen. Egal, ob Sie auf einem Balkon, einer Terrasse oder in Ihrem Wohnzimmer g\u00e4rtnern m\u00f6chten \u2013 wir haben das passende System f\u00fcr Sie. Genie\u00dfen Sie frisches Gem\u00fcse, aromatische Kr\u00e4uter und farbenfrohe Blumen das ganze Jahr \u00fcber, direkt aus Ihrem hydroponischen Garten. F\u00fcr Restaurants: Steigern Sie die Qualit\u00e4t Ihrer Gerichte und beeindrucken Sie Ihre G\u00e4ste mit frischen, geschmacksintensiven Zutaten aus unserem Sortiment an hydroponischen Gartensystemen f\u00fcr den gastronomischen Bereich. Unsere Systeme sind platzsparend, effizient und einfach zu bedienen, so dass Sie Ihre eigenen Zutaten direkt in Ihrer K\u00fcche anbauen k\u00f6nnen. Erleben Sie die Freude an nachhaltigem G\u00e4rtnern und lassen Sie Ihre kulinarischen Kreationen erstrahlen. Industrielle Gro\u00dfsysteme: Optimieren Sie Ihre landwirtschaftliche Produktion mit unseren ma\u00dfgeschneiderten hydroponischen Gro\u00dfsystemen. Von vertikalen Farmen bis hin zu automatisierten Anlagen bieten wir skalierbare L\u00f6sungen f\u00fcr maximale Effizienz und Produktivit\u00e4t. Nutzen Sie die Vorteile der hydroponischen Landwirtschaft, um Ihre Ernteertr\u00e4ge zu steigern, Platz zu sparen und Ressourcen zu optimieren. Erfahren Sie, wie unsere Systeme die Zukunft der industriellen Landwirtschaft gestalten k\u00f6nnen. Bei Litrax legen wir Wert auf Qualit\u00e4t und Kundenzufriedenheit. Unsere Produkte sind sorgf\u00e4ltig ausgew\u00e4hlt, um Ihnen die besten Ergebnisse zu garantieren, und wir bieten sie zu g\u00fcnstigen Preisen an. Dank unseres eigenen Lagers in der Schweiz k\u00f6nnen wir Ihnen eine schnelle Lieferung am n\u00e4chsten Tag garantieren.\",\"legalName\":\"Resyx GmbH\",\"foundingDate\":\"2022-12-22\",\"numberOfEmployees\":{\"@type\":\"QuantitativeValue\",\"minValue\":\"1\",\"maxValue\":\"10\"}}]}<\/script>\n<meta property=\"product:price:amount\" content=\"19.90\" \/>\n<meta property=\"product:price:currency\" content=\"CHF\" \/>\n<meta property=\"og:availability\" content=\"instock\" \/>\n<meta property=\"product:availability\" content=\"instock\" \/>\n<meta property=\"product:retailer_item_id\" content=\"LAX02\" \/>\n<meta property=\"product:condition\" content=\"new\" \/>\n<!-- \/ Yoast SEO Premium plugin. -->","yoast_head_json":{"title":"Hydroponique \u00c9ponges de rechange Lot de 50 pour votre culture - Litrax - Hydroponische Systeme","description":"Maintenez votre syst\u00e8me hydroponique Litrax en bon \u00e9tat de fonctionnement gr\u00e2ce \u00e0 nos \u00e9ponges hydroponiques de rechange en paquet de 50. Remplacez-les simplement et continuez \u00e0 cultiver ! \ud83c\udf31","robots":{"index":"index","follow":"follow","max-snippet":"max-snippet:-1","max-image-preview":"max-image-preview:large","max-video-preview":"max-video-preview:-1"},"canonical":"https:\/\/litrax.ch\/fr\/shop\/eponges-de-rechange-pour-systeme-de-culture-hydroponique-paquet-de-50\/","og_locale":"fr_FR","og_type":"article","og_title":"\u00c9ponges de rechange, paquet de 50","og_description":"Maintenez votre syst\u00e8me hydroponique Litrax en bon \u00e9tat de fonctionnement gr\u00e2ce \u00e0 nos \u00e9ponges hydroponiques de rechange en paquet de 50. Remplacez-les simplement et continuez \u00e0 cultiver ! \ud83c\udf31","og_url":"https:\/\/litrax.ch\/fr\/shop\/eponges-de-rechange-pour-systeme-de-culture-hydroponique-paquet-de-50\/","og_site_name":"Litrax - Hydroponische Systeme","article_publisher":"https:\/\/www.facebook.com\/Litrax.ch","article_modified_time":"2026-03-24T17:09:35+00:00","og_image":[{"width":1000,"height":667,"url":"https:\/\/litrax.ch\/wp-content\/uploads\/2024\/07\/LAX02-Planter-Sponge50-main-e1727295480194.png","type":"image\/png"}],"twitter_card":"summary_large_image","twitter_misc":{"Prix":"&#67;&#72;&#70;&nbsp;19.90","Disponibilit\u00e9":"En stock"},"schema":{"@context":"https:\/\/schema.org","@graph":[{"@type":"WebPage","@id":"https:\/\/litrax.ch\/fr\/shop\/eponges-de-rechange-pour-systeme-de-culture-hydroponique-paquet-de-50\/","url":"https:\/\/litrax.ch\/fr\/shop\/eponges-de-rechange-pour-systeme-de-culture-hydroponique-paquet-de-50\/","name":"Hydroponique \u00c9ponges de rechange Lot de 50 pour votre culture - Litrax - Hydroponische Systeme","isPartOf":{"@id":"https:\/\/litrax.ch\/fr\/#website"},"primaryImageOfPage":{"@id":"https:\/\/litrax.ch\/fr\/shop\/eponges-de-rechange-pour-systeme-de-culture-hydroponique-paquet-de-50\/#primaryimage"},"image":{"@id":"https:\/\/litrax.ch\/fr\/shop\/eponges-de-rechange-pour-systeme-de-culture-hydroponique-paquet-de-50\/#primaryimage"},"thumbnailUrl":"https:\/\/litrax.ch\/wp-content\/uploads\/2024\/07\/LAX02-Planter-Sponge50-main-e1727295480194.png","datePublished":"2024-07-02T14:24:19+00:00","dateModified":"2026-03-24T17:09:35+00:00","description":"Maintenez votre syst\u00e8me hydroponique Litrax en bon \u00e9tat de fonctionnement gr\u00e2ce \u00e0 nos \u00e9ponges hydroponiques de rechange en paquet de 50. Remplacez-les simplement et continuez \u00e0 cultiver ! \ud83c\udf31","breadcrumb":{"@id":"https:\/\/litrax.ch\/fr\/shop\/eponges-de-rechange-pour-systeme-de-culture-hydroponique-paquet-de-50\/#breadcrumb"},"inLanguage":"fr-FR","potentialAction":[{"@type":"ReadAction","target":["https:\/\/litrax.ch\/fr\/shop\/eponges-de-rechange-pour-systeme-de-culture-hydroponique-paquet-de-50\/"]}]},{"@type":"ImageObject","inLanguage":"fr-FR","@id":"https:\/\/litrax.ch\/fr\/shop\/eponges-de-rechange-pour-systeme-de-culture-hydroponique-paquet-de-50\/#primaryimage","url":"https:\/\/litrax.ch\/wp-content\/uploads\/2024\/07\/LAX02-Planter-Sponge50-main-e1727295480194.png","contentUrl":"https:\/\/litrax.ch\/wp-content\/uploads\/2024\/07\/LAX02-Planter-Sponge50-main-e1727295480194.png","width":1000,"height":667,"caption":"\u00c9ponges de rechange"},{"@type":"BreadcrumbList","@id":"https:\/\/litrax.ch\/fr\/shop\/eponges-de-rechange-pour-systeme-de-culture-hydroponique-paquet-de-50\/#breadcrumb","itemListElement":[{"@type":"ListItem","position":1,"name":"Startseite","item":"https:\/\/litrax.ch\/fr\/accueil\/"},{"@type":"ListItem","position":2,"name":"Boutique","item":"https:\/\/litrax.ch\/fr\/boutique\/"},{"@type":"ListItem","position":3,"name":"\u00c9ponges de rechange, paquet de 50"}]},{"@type":"WebSite","@id":"https:\/\/litrax.ch\/fr\/#website","url":"https:\/\/litrax.ch\/fr\/","name":"Litrax - Hydroponische Systeme","description":"Erlebe Hydroponik - der erdlose Gartengenuss.","publisher":{"@id":"https:\/\/litrax.ch\/fr\/#organization"},"alternateName":"Litrax","potentialAction":[{"@type":"SearchAction","target":{"@type":"EntryPoint","urlTemplate":"https:\/\/litrax.ch\/fr\/?s={search_term_string}"},"query-input":{"@type":"PropertyValueSpecification","valueRequired":true,"valueName":"search_term_string"}}],"inLanguage":"fr-FR"},{"@type":"Organization","@id":"https:\/\/litrax.ch\/fr\/#organization","name":"Litrax - Hydroponische Systeme","alternateName":"Litrax","url":"https:\/\/litrax.ch\/fr\/","logo":{"@type":"ImageObject","inLanguage":"fr-FR","@id":"https:\/\/litrax.ch\/fr\/#\/schema\/logo\/image\/","url":"https:\/\/litrax.ch\/wp-content\/uploads\/2024\/03\/facivon.png","contentUrl":"https:\/\/litrax.ch\/wp-content\/uploads\/2024\/03\/facivon.png","width":150,"height":150,"caption":"Litrax - Hydroponische Systeme"},"image":{"@id":"https:\/\/litrax.ch\/fr\/#\/schema\/logo\/image\/"},"sameAs":["https:\/\/www.facebook.com\/Litrax.ch","https:\/\/www.instagram.com\/litrax.ch\/","https:\/\/www.tiktok.com\/@litrax.ch"],"description":"Willkommen bei Litrax \u2013 Ihrem f\u00fchrenden Online-Shop f\u00fcr hochwertige hydroponische Gartensysteme! Wir bieten eine breite Palette an L\u00f6sungen f\u00fcr Privatpersonen, Restaurants und industrielle Gro\u00dfsysteme, um Ihnen zu helfen, Ihre eigene gr\u00fcne Oase zu schaffen, unabh\u00e4ngig von Ihrem Bedarf oder Ihrer Gr\u00f6\u00dfe. F\u00fcr Haushalte\/B\u00fcros: Entdecken Sie die Freude am G\u00e4rtnern in Ihrem eigenen Zuhause mit unseren einfach zu bedienenden hydroponischen Gartensystemen. Egal, ob Sie auf einem Balkon, einer Terrasse oder in Ihrem Wohnzimmer g\u00e4rtnern m\u00f6chten \u2013 wir haben das passende System f\u00fcr Sie. Genie\u00dfen Sie frisches Gem\u00fcse, aromatische Kr\u00e4uter und farbenfrohe Blumen das ganze Jahr \u00fcber, direkt aus Ihrem hydroponischen Garten. F\u00fcr Restaurants: Steigern Sie die Qualit\u00e4t Ihrer Gerichte und beeindrucken Sie Ihre G\u00e4ste mit frischen, geschmacksintensiven Zutaten aus unserem Sortiment an hydroponischen Gartensystemen f\u00fcr den gastronomischen Bereich. Unsere Systeme sind platzsparend, effizient und einfach zu bedienen, so dass Sie Ihre eigenen Zutaten direkt in Ihrer K\u00fcche anbauen k\u00f6nnen. Erleben Sie die Freude an nachhaltigem G\u00e4rtnern und lassen Sie Ihre kulinarischen Kreationen erstrahlen. Industrielle Gro\u00dfsysteme: Optimieren Sie Ihre landwirtschaftliche Produktion mit unseren ma\u00dfgeschneiderten hydroponischen Gro\u00dfsystemen. Von vertikalen Farmen bis hin zu automatisierten Anlagen bieten wir skalierbare L\u00f6sungen f\u00fcr maximale Effizienz und Produktivit\u00e4t. Nutzen Sie die Vorteile der hydroponischen Landwirtschaft, um Ihre Ernteertr\u00e4ge zu steigern, Platz zu sparen und Ressourcen zu optimieren. Erfahren Sie, wie unsere Systeme die Zukunft der industriellen Landwirtschaft gestalten k\u00f6nnen. Bei Litrax legen wir Wert auf Qualit\u00e4t und Kundenzufriedenheit. Unsere Produkte sind sorgf\u00e4ltig ausgew\u00e4hlt, um Ihnen die besten Ergebnisse zu garantieren, und wir bieten sie zu g\u00fcnstigen Preisen an. Dank unseres eigenen Lagers in der Schweiz k\u00f6nnen wir Ihnen eine schnelle Lieferung am n\u00e4chsten Tag garantieren.","legalName":"Resyx GmbH","foundingDate":"2022-12-22","numberOfEmployees":{"@type":"QuantitativeValue","minValue":"1","maxValue":"10"}}]},"product_price_amount":"19.90","product_price_currency":"CHF","og_availability":"instock","product_availability":"instock","product_retailer_item_id":"LAX02","product_condition":"new"},"_links":{"self":[{"href":"https:\/\/litrax.ch\/fr\/wp-json\/wp\/v2\/product\/19874","targetHints":{"allow":["GET"]}}],"collection":[{"href":"https:\/\/litrax.ch\/fr\/wp-json\/wp\/v2\/product"}],"about":[{"href":"https:\/\/litrax.ch\/fr\/wp-json\/wp\/v2\/types\/product"}],"replies":[{"embeddable":true,"href":"https:\/\/litrax.ch\/fr\/wp-json\/wp\/v2\/comments?post=19874"}],"wp:featuredmedia":[{"embeddable":true,"href":"https:\/\/litrax.ch\/fr\/wp-json\/wp\/v2\/media\/19891"}],"wp:attachment":[{"href":"https:\/\/litrax.ch\/fr\/wp-json\/wp\/v2\/media?parent=19874"}],"wp:term":[{"taxonomy":"product_brand","embeddable":true,"href":"https:\/\/litrax.ch\/fr\/wp-json\/wp\/v2\/product_brand?post=19874"},{"taxonomy":"product_cat","embeddable":true,"href":"https:\/\/litrax.ch\/fr\/wp-json\/wp\/v2\/product_cat?post=19874"},{"taxonomy":"product_tag","embeddable":true,"href":"https:\/\/litrax.ch\/fr\/wp-json\/wp\/v2\/product_tag?post=19874"}],"curies":[{"name":"wp","href":"https:\/\/api.w.org\/{rel}","templated":true}]}}