{"id":20043,"date":"2024-08-20T16:19:00","date_gmt":"2024-08-20T16:19:00","guid":{"rendered":"https:\/\/litrax.ch\/?post_type=product&#038;p=20043"},"modified":"2026-04-13T15:48:07","modified_gmt":"2026-04-13T15:48:07","slug":"tour-hydroponique-compacte-pour-180-plantes-kopie","status":"publish","type":"product","link":"https:\/\/litrax.ch\/fr\/shop\/tour-hydroponique-compacte-pour-180-plantes-kopie\/","title":{"rendered":"Tour QUATTRO 4 rotative &#8211; 240"},"content":{"rendered":"<div>\n<h3>4 tours de croissance rotatives pour 240 plantes (kit)<\/h3>\n<p>L&#8217;agriculture durable et professionnelle avec l&#8217;hydroponie permet, avec ce syst\u00e8me de tour modulaire, de faire pousser de grandes quantit\u00e9s de l\u00e9gumes-feuilles en un temps record, aussi bien \u00e0 l&#8217;int\u00e9rieur qu&#8217;\u00e0 l&#8217;ext\u00e9rieur ou dans une serre, \u00e0 la lumi\u00e8re naturelle du soleil ou \u00e0 l&#8217;int\u00e9rieur avec des lampes de croissance LED. La rotation constante de la tour garantit une croissance uniforme. <\/p>\n<h4>Caract\u00e9ristiques du produit<\/h4>\n<ul>\n<li>Convient pour les l\u00e9gumes \u00e0 feuilles, certains choux et l\u00e9gumes, les salades, les herbes aromatiques, les fleurs et les fraises.<\/li>\n<li>Parterre sur\u00e9lev\u00e9 en forme de tour rotative avec 4 tours de 10 niveaux verticaux chacune. Modulaire, extensible \u00e0 volont\u00e9 en surface et en hauteur. Utilisation optimale du volume de la serre jusqu&#8217;\u00e0 plus de 240 plantes verticales par m2.  <\/li>\n<li>6 pots de plantes par niveau, 240 plantes au total r\u00e9parties sur 4 tours<\/li>\n<li>4 barres de lumi\u00e8re de croissance LED (1,5m par barre)<\/li>\n<li>Permet d&#8217;obtenir une densit\u00e9 de rendement tr\u00e8s \u00e9lev\u00e9e par unit\u00e9 de surface.<\/li>\n<li>Agriculture professionnelle \u00e0 haute densit\u00e9 de plantes. Convient \u00e9galement aux endroits ensoleill\u00e9s comme les balcons, les terrasses, les serres ou m\u00eame les entrep\u00f4ts ou les garages. <\/li>\n<li>Permet de produire toute l&#8217;ann\u00e9e (int\u00e9rieur\/ext\u00e9rieur)<\/li>\n<li>Croissance 5 fois plus rapide que l&#8217;agriculture traditionnelle.<\/li>\n<li>\u00c9conomies d&#8217;eau jusqu&#8217;\u00e0 80% gr\u00e2ce \u00e0 la circulation durable avec pompe.<\/li>\n<li>Grand r\u00e9servoir d&#8217;eau pour l&#8217;irrigation \u00e0 long terme<\/li>\n<li>Croissance avec des \u00e9ponges<\/li>\n<\/ul>\n<p>&nbsp;<\/p>\n<h4>Produits Param\u00e8tres<\/h4>\n<p>Niveaux : 10 niveaux, extensibles en hauteur de fa\u00e7on modulaire<br \/>\nPots : 6 pots de plantes par niveau, le niveau peut \u00eatre personnalis\u00e9<br \/>\nNombre de plantes : 240 (4 tours)<br \/>\nType de culture : hydroponique avec liquide nutritif, sans terre<br \/>\nMat\u00e9riau : PP de qualit\u00e9 alimentaire<br \/>\nAccessoires : composants de la tour, \u00e9chafaudage, r\u00e9servoir d&#8217;eau, lumi\u00e8res de croissance LED, minuterie, pompe \u00e0 eau, paniers de plantes, \u00e9ponges de croissance, etc.<br \/>\nEmballage : carton, cadre en bois<br \/>\nTypes de plantes : pour les l\u00e9gumes \u00e0 feuilles, les fraises, les herbes aromatiques, les fleurs, etc.<br \/>\nUtilisation : int\u00e9rieur\/ext\u00e9rieur, jardin, agriculture, culture verticale<\/p>\n<\/div>\n","protected":false},"excerpt":{"rendered":"<p>4 tours de croissance rotatives pour 240 plantes (kit) L&#8217;agriculture durable et professionnelle avec l&#8217;hydroponie permet, avec ce syst\u00e8me de tour modulaire, de faire pousser de grandes quantit\u00e9s de l\u00e9gumes-feuilles en un temps record, aussi bien \u00e0 l&#8217;int\u00e9rieur qu&#8217;\u00e0 l&#8217;ext\u00e9rieur ou dans une serre, \u00e0 la lumi\u00e8re naturelle du soleil ou \u00e0 l&#8217;int\u00e9rieur avec des [&hellip;]<\/p>\n","protected":false},"featured_media":20492,"comment_status":"open","ping_status":"closed","template":"","meta":[],"product_brand":[],"product_cat":[159,155,119],"product_tag":[507,1289],"class_list":{"0":"post-20043","1":"product","2":"type-product","3":"status-publish","4":"has-post-thumbnail","6":"product_cat-agriculture","7":"product_cat-gastronomie-industrie-fr","8":"product_cat-hydroponique","9":"product_tag-ferme-verticale","10":"product_tag-tour-hydroponique","12":"first","13":"instock","14":"taxable","15":"shipping-taxable","16":"purchasable","17":"product-type-simple"},"yoast_head":"<!-- This site is optimized with the Yoast SEO Premium plugin v26.7 (Yoast SEO v27.4) - https:\/\/yoast.com\/product\/yoast-seo-premium-wordpress\/ -->\n<title>Tour QUATTRO 4 rotative - 240 pour une croissance parfaite<\/title>\n<meta name=\"description\" content=\"Avec le Tour QUATTRO 4 rotative - 240, vous obtenez une croissance ultra-rapide. La rotation des tours fournit \u00e0 toutes les plantes un apport optimal en lumi\u00e8re solaire.\" \/>\n<meta name=\"robots\" content=\"index, follow, max-snippet:-1, max-image-preview:large, max-video-preview:-1\" \/>\n<link rel=\"canonical\" href=\"https:\/\/litrax.ch\/fr\/shop\/tour-hydroponique-compacte-pour-180-plantes-kopie\/\" \/>\n<meta property=\"og:locale\" content=\"fr_FR\" \/>\n<meta property=\"og:type\" content=\"article\" \/>\n<meta property=\"og:title\" content=\"Tour QUATTRO 4 rotative - 240\" \/>\n<meta property=\"og:description\" content=\"Avec le Tour QUATTRO 4 rotative - 240, vous obtenez une croissance ultra-rapide. La rotation des tours fournit \u00e0 toutes les plantes un apport optimal en lumi\u00e8re solaire.\" \/>\n<meta property=\"og:url\" content=\"https:\/\/litrax.ch\/fr\/shop\/tour-hydroponique-compacte-pour-180-plantes-kopie\/\" \/>\n<meta property=\"og:site_name\" content=\"Litrax - Hydroponische Systeme\" \/>\n<meta property=\"article:publisher\" content=\"https:\/\/www.facebook.com\/Litrax.ch\" \/>\n<meta property=\"article:modified_time\" content=\"2026-04-13T15:48:07+00:00\" \/>\n<meta property=\"og:image\" content=\"https:\/\/litrax.ch\/wp-content\/uploads\/2024\/08\/4-rotating-hydroponic-towers-e1727437525318.png\" \/>\n\t<meta property=\"og:image:width\" content=\"1908\" \/>\n\t<meta property=\"og:image:height\" content=\"1230\" \/>\n\t<meta property=\"og:image:type\" content=\"image\/png\" \/>\n<meta name=\"twitter:card\" content=\"summary_large_image\" \/>\n<meta name=\"twitter:label1\" content=\"Prix\" \/>\n\t<meta name=\"twitter:data1\" content=\"&#067;&#072;&#070;&nbsp;3&#039;150.00\" \/>\n\t<meta name=\"twitter:label2\" content=\"Disponibilit\u00e9\" \/>\n\t<meta name=\"twitter:data2\" content=\"En stock\" \/>\n<script type=\"application\/ld+json\" class=\"yoast-schema-graph\">{\"@context\":\"https:\\\/\\\/schema.org\",\"@graph\":[{\"@type\":\"WebPage\",\"@id\":\"https:\\\/\\\/litrax.ch\\\/fr\\\/shop\\\/tour-hydroponique-compacte-pour-180-plantes-kopie\\\/\",\"url\":\"https:\\\/\\\/litrax.ch\\\/fr\\\/shop\\\/tour-hydroponique-compacte-pour-180-plantes-kopie\\\/\",\"name\":\"Tour QUATTRO 4 rotative - 240 pour une croissance parfaite\",\"isPartOf\":{\"@id\":\"https:\\\/\\\/litrax.ch\\\/fr\\\/#website\"},\"primaryImageOfPage\":{\"@id\":\"https:\\\/\\\/litrax.ch\\\/fr\\\/shop\\\/tour-hydroponique-compacte-pour-180-plantes-kopie\\\/#primaryimage\"},\"image\":{\"@id\":\"https:\\\/\\\/litrax.ch\\\/fr\\\/shop\\\/tour-hydroponique-compacte-pour-180-plantes-kopie\\\/#primaryimage\"},\"thumbnailUrl\":\"https:\\\/\\\/litrax.ch\\\/wp-content\\\/uploads\\\/2024\\\/08\\\/4-rotating-hydroponic-towers-e1727437525318.png\",\"datePublished\":\"2024-08-20T16:19:00+00:00\",\"dateModified\":\"2026-04-13T15:48:07+00:00\",\"description\":\"Avec le Tour QUATTRO 4 rotative - 240, vous obtenez une croissance ultra-rapide. La rotation des tours fournit \u00e0 toutes les plantes un apport optimal en lumi\u00e8re solaire.\",\"breadcrumb\":{\"@id\":\"https:\\\/\\\/litrax.ch\\\/fr\\\/shop\\\/tour-hydroponique-compacte-pour-180-plantes-kopie\\\/#breadcrumb\"},\"inLanguage\":\"fr-FR\",\"potentialAction\":[{\"@type\":\"ReadAction\",\"target\":[\"https:\\\/\\\/litrax.ch\\\/fr\\\/shop\\\/tour-hydroponique-compacte-pour-180-plantes-kopie\\\/\"]}]},{\"@type\":\"ImageObject\",\"inLanguage\":\"fr-FR\",\"@id\":\"https:\\\/\\\/litrax.ch\\\/fr\\\/shop\\\/tour-hydroponique-compacte-pour-180-plantes-kopie\\\/#primaryimage\",\"url\":\"https:\\\/\\\/litrax.ch\\\/wp-content\\\/uploads\\\/2024\\\/08\\\/4-rotating-hydroponic-towers-e1727437525318.png\",\"contentUrl\":\"https:\\\/\\\/litrax.ch\\\/wp-content\\\/uploads\\\/2024\\\/08\\\/4-rotating-hydroponic-towers-e1727437525318.png\",\"width\":1908,\"height\":1230},{\"@type\":\"BreadcrumbList\",\"@id\":\"https:\\\/\\\/litrax.ch\\\/fr\\\/shop\\\/tour-hydroponique-compacte-pour-180-plantes-kopie\\\/#breadcrumb\",\"itemListElement\":[{\"@type\":\"ListItem\",\"position\":1,\"name\":\"Startseite\",\"item\":\"https:\\\/\\\/litrax.ch\\\/fr\\\/accueil\\\/\"},{\"@type\":\"ListItem\",\"position\":2,\"name\":\"Boutique\",\"item\":\"https:\\\/\\\/litrax.ch\\\/fr\\\/boutique\\\/\"},{\"@type\":\"ListItem\",\"position\":3,\"name\":\"Tour QUATTRO 4 rotative &#8211; 240\"}]},{\"@type\":\"WebSite\",\"@id\":\"https:\\\/\\\/litrax.ch\\\/fr\\\/#website\",\"url\":\"https:\\\/\\\/litrax.ch\\\/fr\\\/\",\"name\":\"Litrax - Hydroponische Systeme\",\"description\":\"Erlebe Hydroponik - der erdlose Gartengenuss.\",\"publisher\":{\"@id\":\"https:\\\/\\\/litrax.ch\\\/fr\\\/#organization\"},\"alternateName\":\"Litrax\",\"potentialAction\":[{\"@type\":\"SearchAction\",\"target\":{\"@type\":\"EntryPoint\",\"urlTemplate\":\"https:\\\/\\\/litrax.ch\\\/fr\\\/?s={search_term_string}\"},\"query-input\":{\"@type\":\"PropertyValueSpecification\",\"valueRequired\":true,\"valueName\":\"search_term_string\"}}],\"inLanguage\":\"fr-FR\"},{\"@type\":\"Organization\",\"@id\":\"https:\\\/\\\/litrax.ch\\\/fr\\\/#organization\",\"name\":\"Litrax - Hydroponische Systeme\",\"alternateName\":\"Litrax\",\"url\":\"https:\\\/\\\/litrax.ch\\\/fr\\\/\",\"logo\":{\"@type\":\"ImageObject\",\"inLanguage\":\"fr-FR\",\"@id\":\"https:\\\/\\\/litrax.ch\\\/fr\\\/#\\\/schema\\\/logo\\\/image\\\/\",\"url\":\"https:\\\/\\\/litrax.ch\\\/wp-content\\\/uploads\\\/2024\\\/03\\\/facivon.png\",\"contentUrl\":\"https:\\\/\\\/litrax.ch\\\/wp-content\\\/uploads\\\/2024\\\/03\\\/facivon.png\",\"width\":150,\"height\":150,\"caption\":\"Litrax - Hydroponische Systeme\"},\"image\":{\"@id\":\"https:\\\/\\\/litrax.ch\\\/fr\\\/#\\\/schema\\\/logo\\\/image\\\/\"},\"sameAs\":[\"https:\\\/\\\/www.facebook.com\\\/Litrax.ch\",\"https:\\\/\\\/www.instagram.com\\\/litrax.ch\\\/\",\"https:\\\/\\\/www.tiktok.com\\\/@litrax.ch\"],\"description\":\"Willkommen bei Litrax \u2013 Ihrem f\u00fchrenden Online-Shop f\u00fcr hochwertige hydroponische Gartensysteme! Wir bieten eine breite Palette an L\u00f6sungen f\u00fcr Privatpersonen, Restaurants und industrielle Gro\u00dfsysteme, um Ihnen zu helfen, Ihre eigene gr\u00fcne Oase zu schaffen, unabh\u00e4ngig von Ihrem Bedarf oder Ihrer Gr\u00f6\u00dfe. F\u00fcr Haushalte\\\/B\u00fcros: Entdecken Sie die Freude am G\u00e4rtnern in Ihrem eigenen Zuhause mit unseren einfach zu bedienenden hydroponischen Gartensystemen. Egal, ob Sie auf einem Balkon, einer Terrasse oder in Ihrem Wohnzimmer g\u00e4rtnern m\u00f6chten \u2013 wir haben das passende System f\u00fcr Sie. Genie\u00dfen Sie frisches Gem\u00fcse, aromatische Kr\u00e4uter und farbenfrohe Blumen das ganze Jahr \u00fcber, direkt aus Ihrem hydroponischen Garten. F\u00fcr Restaurants: Steigern Sie die Qualit\u00e4t Ihrer Gerichte und beeindrucken Sie Ihre G\u00e4ste mit frischen, geschmacksintensiven Zutaten aus unserem Sortiment an hydroponischen Gartensystemen f\u00fcr den gastronomischen Bereich. Unsere Systeme sind platzsparend, effizient und einfach zu bedienen, so dass Sie Ihre eigenen Zutaten direkt in Ihrer K\u00fcche anbauen k\u00f6nnen. Erleben Sie die Freude an nachhaltigem G\u00e4rtnern und lassen Sie Ihre kulinarischen Kreationen erstrahlen. Industrielle Gro\u00dfsysteme: Optimieren Sie Ihre landwirtschaftliche Produktion mit unseren ma\u00dfgeschneiderten hydroponischen Gro\u00dfsystemen. Von vertikalen Farmen bis hin zu automatisierten Anlagen bieten wir skalierbare L\u00f6sungen f\u00fcr maximale Effizienz und Produktivit\u00e4t. Nutzen Sie die Vorteile der hydroponischen Landwirtschaft, um Ihre Ernteertr\u00e4ge zu steigern, Platz zu sparen und Ressourcen zu optimieren. Erfahren Sie, wie unsere Systeme die Zukunft der industriellen Landwirtschaft gestalten k\u00f6nnen. Bei Litrax legen wir Wert auf Qualit\u00e4t und Kundenzufriedenheit. Unsere Produkte sind sorgf\u00e4ltig ausgew\u00e4hlt, um Ihnen die besten Ergebnisse zu garantieren, und wir bieten sie zu g\u00fcnstigen Preisen an. Dank unseres eigenen Lagers in der Schweiz k\u00f6nnen wir Ihnen eine schnelle Lieferung am n\u00e4chsten Tag garantieren.\",\"legalName\":\"Resyx GmbH\",\"foundingDate\":\"2022-12-22\",\"numberOfEmployees\":{\"@type\":\"QuantitativeValue\",\"minValue\":\"1\",\"maxValue\":\"10\"}}]}<\/script>\n<meta property=\"product:price:amount\" content=\"3150.00\" \/>\n<meta property=\"product:price:currency\" content=\"CHF\" \/>\n<meta property=\"og:availability\" content=\"instock\" \/>\n<meta property=\"product:availability\" content=\"instock\" \/>\n<meta property=\"product:retailer_item_id\" content=\"LX6P10-4T-250\" \/>\n<meta property=\"product:condition\" content=\"new\" \/>\n<!-- \/ Yoast SEO Premium plugin. -->","yoast_head_json":{"title":"Tour QUATTRO 4 rotative - 240 pour une croissance parfaite","description":"Avec le Tour QUATTRO 4 rotative - 240, vous obtenez une croissance ultra-rapide. La rotation des tours fournit \u00e0 toutes les plantes un apport optimal en lumi\u00e8re solaire.","robots":{"index":"index","follow":"follow","max-snippet":"max-snippet:-1","max-image-preview":"max-image-preview:large","max-video-preview":"max-video-preview:-1"},"canonical":"https:\/\/litrax.ch\/fr\/shop\/tour-hydroponique-compacte-pour-180-plantes-kopie\/","og_locale":"fr_FR","og_type":"article","og_title":"Tour QUATTRO 4 rotative - 240","og_description":"Avec le Tour QUATTRO 4 rotative - 240, vous obtenez une croissance ultra-rapide. La rotation des tours fournit \u00e0 toutes les plantes un apport optimal en lumi\u00e8re solaire.","og_url":"https:\/\/litrax.ch\/fr\/shop\/tour-hydroponique-compacte-pour-180-plantes-kopie\/","og_site_name":"Litrax - Hydroponische Systeme","article_publisher":"https:\/\/www.facebook.com\/Litrax.ch","article_modified_time":"2026-04-13T15:48:07+00:00","og_image":[{"width":1908,"height":1230,"url":"https:\/\/litrax.ch\/wp-content\/uploads\/2024\/08\/4-rotating-hydroponic-towers-e1727437525318.png","type":"image\/png"}],"twitter_card":"summary_large_image","twitter_misc":{"Prix":"&#67;&#72;&#70;&nbsp;3'150.00","Disponibilit\u00e9":"En stock"},"schema":{"@context":"https:\/\/schema.org","@graph":[{"@type":"WebPage","@id":"https:\/\/litrax.ch\/fr\/shop\/tour-hydroponique-compacte-pour-180-plantes-kopie\/","url":"https:\/\/litrax.ch\/fr\/shop\/tour-hydroponique-compacte-pour-180-plantes-kopie\/","name":"Tour QUATTRO 4 rotative - 240 pour une croissance parfaite","isPartOf":{"@id":"https:\/\/litrax.ch\/fr\/#website"},"primaryImageOfPage":{"@id":"https:\/\/litrax.ch\/fr\/shop\/tour-hydroponique-compacte-pour-180-plantes-kopie\/#primaryimage"},"image":{"@id":"https:\/\/litrax.ch\/fr\/shop\/tour-hydroponique-compacte-pour-180-plantes-kopie\/#primaryimage"},"thumbnailUrl":"https:\/\/litrax.ch\/wp-content\/uploads\/2024\/08\/4-rotating-hydroponic-towers-e1727437525318.png","datePublished":"2024-08-20T16:19:00+00:00","dateModified":"2026-04-13T15:48:07+00:00","description":"Avec le Tour QUATTRO 4 rotative - 240, vous obtenez une croissance ultra-rapide. La rotation des tours fournit \u00e0 toutes les plantes un apport optimal en lumi\u00e8re solaire.","breadcrumb":{"@id":"https:\/\/litrax.ch\/fr\/shop\/tour-hydroponique-compacte-pour-180-plantes-kopie\/#breadcrumb"},"inLanguage":"fr-FR","potentialAction":[{"@type":"ReadAction","target":["https:\/\/litrax.ch\/fr\/shop\/tour-hydroponique-compacte-pour-180-plantes-kopie\/"]}]},{"@type":"ImageObject","inLanguage":"fr-FR","@id":"https:\/\/litrax.ch\/fr\/shop\/tour-hydroponique-compacte-pour-180-plantes-kopie\/#primaryimage","url":"https:\/\/litrax.ch\/wp-content\/uploads\/2024\/08\/4-rotating-hydroponic-towers-e1727437525318.png","contentUrl":"https:\/\/litrax.ch\/wp-content\/uploads\/2024\/08\/4-rotating-hydroponic-towers-e1727437525318.png","width":1908,"height":1230},{"@type":"BreadcrumbList","@id":"https:\/\/litrax.ch\/fr\/shop\/tour-hydroponique-compacte-pour-180-plantes-kopie\/#breadcrumb","itemListElement":[{"@type":"ListItem","position":1,"name":"Startseite","item":"https:\/\/litrax.ch\/fr\/accueil\/"},{"@type":"ListItem","position":2,"name":"Boutique","item":"https:\/\/litrax.ch\/fr\/boutique\/"},{"@type":"ListItem","position":3,"name":"Tour QUATTRO 4 rotative &#8211; 240"}]},{"@type":"WebSite","@id":"https:\/\/litrax.ch\/fr\/#website","url":"https:\/\/litrax.ch\/fr\/","name":"Litrax - Hydroponische Systeme","description":"Erlebe Hydroponik - der erdlose Gartengenuss.","publisher":{"@id":"https:\/\/litrax.ch\/fr\/#organization"},"alternateName":"Litrax","potentialAction":[{"@type":"SearchAction","target":{"@type":"EntryPoint","urlTemplate":"https:\/\/litrax.ch\/fr\/?s={search_term_string}"},"query-input":{"@type":"PropertyValueSpecification","valueRequired":true,"valueName":"search_term_string"}}],"inLanguage":"fr-FR"},{"@type":"Organization","@id":"https:\/\/litrax.ch\/fr\/#organization","name":"Litrax - Hydroponische Systeme","alternateName":"Litrax","url":"https:\/\/litrax.ch\/fr\/","logo":{"@type":"ImageObject","inLanguage":"fr-FR","@id":"https:\/\/litrax.ch\/fr\/#\/schema\/logo\/image\/","url":"https:\/\/litrax.ch\/wp-content\/uploads\/2024\/03\/facivon.png","contentUrl":"https:\/\/litrax.ch\/wp-content\/uploads\/2024\/03\/facivon.png","width":150,"height":150,"caption":"Litrax - Hydroponische Systeme"},"image":{"@id":"https:\/\/litrax.ch\/fr\/#\/schema\/logo\/image\/"},"sameAs":["https:\/\/www.facebook.com\/Litrax.ch","https:\/\/www.instagram.com\/litrax.ch\/","https:\/\/www.tiktok.com\/@litrax.ch"],"description":"Willkommen bei Litrax \u2013 Ihrem f\u00fchrenden Online-Shop f\u00fcr hochwertige hydroponische Gartensysteme! Wir bieten eine breite Palette an L\u00f6sungen f\u00fcr Privatpersonen, Restaurants und industrielle Gro\u00dfsysteme, um Ihnen zu helfen, Ihre eigene gr\u00fcne Oase zu schaffen, unabh\u00e4ngig von Ihrem Bedarf oder Ihrer Gr\u00f6\u00dfe. F\u00fcr Haushalte\/B\u00fcros: Entdecken Sie die Freude am G\u00e4rtnern in Ihrem eigenen Zuhause mit unseren einfach zu bedienenden hydroponischen Gartensystemen. Egal, ob Sie auf einem Balkon, einer Terrasse oder in Ihrem Wohnzimmer g\u00e4rtnern m\u00f6chten \u2013 wir haben das passende System f\u00fcr Sie. Genie\u00dfen Sie frisches Gem\u00fcse, aromatische Kr\u00e4uter und farbenfrohe Blumen das ganze Jahr \u00fcber, direkt aus Ihrem hydroponischen Garten. F\u00fcr Restaurants: Steigern Sie die Qualit\u00e4t Ihrer Gerichte und beeindrucken Sie Ihre G\u00e4ste mit frischen, geschmacksintensiven Zutaten aus unserem Sortiment an hydroponischen Gartensystemen f\u00fcr den gastronomischen Bereich. Unsere Systeme sind platzsparend, effizient und einfach zu bedienen, so dass Sie Ihre eigenen Zutaten direkt in Ihrer K\u00fcche anbauen k\u00f6nnen. Erleben Sie die Freude an nachhaltigem G\u00e4rtnern und lassen Sie Ihre kulinarischen Kreationen erstrahlen. Industrielle Gro\u00dfsysteme: Optimieren Sie Ihre landwirtschaftliche Produktion mit unseren ma\u00dfgeschneiderten hydroponischen Gro\u00dfsystemen. Von vertikalen Farmen bis hin zu automatisierten Anlagen bieten wir skalierbare L\u00f6sungen f\u00fcr maximale Effizienz und Produktivit\u00e4t. Nutzen Sie die Vorteile der hydroponischen Landwirtschaft, um Ihre Ernteertr\u00e4ge zu steigern, Platz zu sparen und Ressourcen zu optimieren. Erfahren Sie, wie unsere Systeme die Zukunft der industriellen Landwirtschaft gestalten k\u00f6nnen. Bei Litrax legen wir Wert auf Qualit\u00e4t und Kundenzufriedenheit. Unsere Produkte sind sorgf\u00e4ltig ausgew\u00e4hlt, um Ihnen die besten Ergebnisse zu garantieren, und wir bieten sie zu g\u00fcnstigen Preisen an. Dank unseres eigenen Lagers in der Schweiz k\u00f6nnen wir Ihnen eine schnelle Lieferung am n\u00e4chsten Tag garantieren.","legalName":"Resyx GmbH","foundingDate":"2022-12-22","numberOfEmployees":{"@type":"QuantitativeValue","minValue":"1","maxValue":"10"}}]},"product_price_amount":"3150.00","product_price_currency":"CHF","og_availability":"instock","product_availability":"instock","product_retailer_item_id":"LX6P10-4T-250","product_condition":"new"},"_links":{"self":[{"href":"https:\/\/litrax.ch\/fr\/wp-json\/wp\/v2\/product\/20043","targetHints":{"allow":["GET"]}}],"collection":[{"href":"https:\/\/litrax.ch\/fr\/wp-json\/wp\/v2\/product"}],"about":[{"href":"https:\/\/litrax.ch\/fr\/wp-json\/wp\/v2\/types\/product"}],"replies":[{"embeddable":true,"href":"https:\/\/litrax.ch\/fr\/wp-json\/wp\/v2\/comments?post=20043"}],"wp:featuredmedia":[{"embeddable":true,"href":"https:\/\/litrax.ch\/fr\/wp-json\/wp\/v2\/media\/20492"}],"wp:attachment":[{"href":"https:\/\/litrax.ch\/fr\/wp-json\/wp\/v2\/media?parent=20043"}],"wp:term":[{"taxonomy":"product_brand","embeddable":true,"href":"https:\/\/litrax.ch\/fr\/wp-json\/wp\/v2\/product_brand?post=20043"},{"taxonomy":"product_cat","embeddable":true,"href":"https:\/\/litrax.ch\/fr\/wp-json\/wp\/v2\/product_cat?post=20043"},{"taxonomy":"product_tag","embeddable":true,"href":"https:\/\/litrax.ch\/fr\/wp-json\/wp\/v2\/product_tag?post=20043"}],"curies":[{"name":"wp","href":"https:\/\/api.w.org\/{rel}","templated":true}]}}