{"id":20267,"date":"2024-09-16T14:58:16","date_gmt":"2024-09-16T14:58:16","guid":{"rendered":"https:\/\/litrax.ch\/?post_type=product&#038;p=20267"},"modified":"2026-04-29T05:04:49","modified_gmt":"2026-04-29T05:04:49","slug":"systeme-de-culture-vegetative-ferme-verticale-kopie","status":"publish","type":"product","link":"https:\/\/litrax.ch\/fr\/shop\/systeme-de-culture-vegetative-ferme-verticale-kopie\/","title":{"rendered":"Alimentation et syst\u00e8me de croissance Microgreen"},"content":{"rendered":"<h1 dir=\"auto\">Production d&#8217;aliments pour animaux avec LXMG-3L<\/h1>\n<p dir=\"auto\">Vous vous inqui\u00e9tez des co\u00fbts d&#8217;alimentation et des variations saisonni\u00e8res ? Le syst\u00e8me d&#8217;alimentation hydroponique LXMG-3L produit des aliments de qualit\u00e9 pour votre b\u00e9tail tout au long de l&#8217;ann\u00e9e, ind\u00e9pendamment des saisons et des conditions m\u00e9t\u00e9orologiques. <\/p>\n<h2 dir=\"auto\">Comprendre la performance du fourrage de base avec l&#8217;hydroponie<\/h2>\n<p dir=\"auto\">L&#8217;alimentation des bovins est cruciale pour la r\u00e9ussite de l&#8217;exploitation. Environ 4000 kg de lait &#8211; soit 50% de la production totale &#8211; devraient provenir de l&#8217;alimentation de base. <\/p>\n<p dir=\"auto\">L&#8217;entretien durable des prairies par le sursemis, la fertilisation et des hauteurs de coupe adapt\u00e9es garantit une bonne qualit\u00e9. La composition des plantes, la mati\u00e8re s\u00e8che, la proportion de fibres et la longueur de hachage influencent la structure et la digestibilit\u00e9. La teneur en \u00e9nergie et la qualit\u00e9 des prot\u00e9ines d\u00e9terminent la qualit\u00e9 globale &#8211; \u00e9galement r\u00e9alisable avec Litrax Hydroponique.  <\/p>\n<p dir=\"auto\">La qualit\u00e9 du fourrage de base d\u00e9pend de son app\u00e9tence et de ses composants. Les vaches pr\u00e9f\u00e8rent les fourrages riches en \u00e9nergie. Pour des ensilages d&#8217;herbe sup\u00e9rieurs \u00e0 6,0 MJ NEL\/kg MS, vous avez besoin de 60-70% d&#8217;herbe sucr\u00e9e. La coupe \u00e0 l&#8217;\u00e9piaison\/\u00e0 la panicule maximise l&#8217;\u00e9nergie. Avec Litrax Hydroponique, vous r\u00e9coltez ind\u00e9pendamment de la saison.    <\/p>\n<p dir=\"auto\">L&#8217;hydroponie Litrax permet d&#8217;obtenir 365 jours de fourrage constant de haute qualit\u00e9 &#8211; ind\u00e9pendamment du climat, avec par exemple 5-10% de lait en plus par vache.<\/p>\n<h2 dir=\"auto\">L&#8217;hydroponie comme solution<\/h2>\n<p dir=\"auto\">pour les fourrages de base, l&#8217;hydroponie compense les d\u00e9fauts de qualit\u00e9, les pertes de r\u00e9colte ou les baisses de rendement. Le syst\u00e8me Litrax LXMG-3L-125 adapte pr\u00e9cis\u00e9ment la lumi\u00e8re et les nutriments aux besoins. <\/p>\n<p dir=\"auto\">Exp\u00e9rimentez avec des composants modulaires pour trouver la meilleure ad\u00e9quation avec votre activit\u00e9.<\/p>\n<p dir=\"auto\">L&#8217;hydroponie \u00e9vite les pertes au champ (par exemple, les feuilles fines riches en nutriments) et les pertes d&#8217;ensilage en \u00e9nergie et en mati\u00e8re s\u00e8che. En hiver, les animaux re\u00e7oivent un fourrage frais de premi\u00e8re qualit\u00e9 &#8211; une solution gourmande pour votre b\u00e9tail, avec une am\u00e9lioration substantielle de la qualit\u00e9 ! <\/p>\n<h2 dir=\"auto\">Modul pour Aliments pour animaux \/ Microgreen<\/h2>\n<p dir=\"auto\">Le syst\u00e8me Litrax LXMG n&#8217;a pas besoin de pesticides, seulement d&#8217;eau propre et de nutriments (par exemple de Hauert). Il produit des produits verts et durables. Avec l&#8217;\u00e9nergie solaire et la r\u00e9cup\u00e9ration de l&#8217;eau, vous atteignez 100% de durabilit\u00e9 et d&#8217;ind\u00e9pendance vis-\u00e0-vis des conditions m\u00e9t\u00e9orologiques. Les pousses poussent en 5-7 jours jusqu&#8217;\u00e0 une hauteur de 20 cm et sont pr\u00eates \u00e0 \u00eatre r\u00e9colt\u00e9es.   <\/p>\n<p dir=\"auto\">Selon l&#8217;installation, vous produisez 10 \u00e0 100 kg de pousses par jour (extensible de fa\u00e7on modulaire). En tant que culture d&#8217;int\u00e9rieur, il r\u00e9siste au climat et compense les carences en fourrage vert hivernal. <\/p>\n<h2 dir=\"auto\">Notre syst\u00e8me LXMG pr\u00e9sente les avantages suivants :<\/h2>\n<ul dir=\"auto\">\n<li>Un rendement \u00e9lev\u00e9<\/li>\n<li>Croissance rapide de l&#8217;aliment<\/li>\n<li>Faible consommation d&#8217;\u00e9nergie<\/li>\n<li>Simplicit\u00e9 d&#8217;utilisation<\/li>\n<li>70% de r\u00e9duction de la consommation d&#8217;eau<\/li>\n<li>Peu de maintenance<\/li>\n<li>Faibles co\u00fbts d&#8217;exploitation<\/li>\n<li>Ind\u00e9pendance vis-\u00e0-vis des conditions m\u00e9t\u00e9orologiques<\/li>\n<li>Une solution durable pour \u00e9viter la d\u00e9gradation des sols<\/li>\n<li>Extensible de fa\u00e7on modulaire avec des modules individuels ou en tant que production dans un conteneur hydroponique (20 pieds \/ 40 pieds) avec 500 \u00e0 1500 kg d&#8217;aliments par jour<\/li>\n<\/ul>\n<h2 dir=\"auto\">Caract\u00e9ristiques principales<\/h2>\n<ul dir=\"auto\">\n<li>Spectre lumineux pour maximiser la taille et la qualit\u00e9 des plantes<\/li>\n<li>Apports nutritionnels individuels pour une alimentation de base savoureuse<\/li>\n<li>Lit de culture pour plantes, herbes ou plantes aromatiques<\/li>\n<li>Mode de d\u00e9bit plat de 15L\/4 Gal par lit de culture<\/li>\n<li>Cycle d&#8217;\u00e9clairage de 14-15 heures, r\u00e9glable jusqu&#8217;\u00e0 24 heures<\/li>\n<li>Jusqu&#8217;\u00e0 5-10 kg d&#8217;aliments par jour (en fonction de la lumi\u00e8re et des solutions nutritives)<\/li>\n<\/ul>\n<h3 dir=\"auto\">Contient<\/h3>\n<ul dir=\"auto\">\n<li>3 barres lumineuses LED par couche (24 watts)<\/li>\n<li>3 couches (niveaux)<\/li>\n<li>Spectre lumineux pour une croissance rapide<\/li>\n<li>Distance optimale entre la lumi\u00e8re et le lit pour un fourrage riche en nutriments<\/li>\n<li>Pompe \u00e0 eau pour un d\u00e9bit constant<\/li>\n<li>Roulettes pour la mobilit\u00e9<\/li>\n<li>1,25 m de hauteur<\/li>\n<\/ul>\n<h2 dir=\"auto\">Production d&#8217;aliments pour animaux<\/h2>\n<p dir=\"auto\">Une alimentation du b\u00e9tail efficace et durable avec le LXMG-3 L&#8217;agriculture moderne a besoin d&#8217;innovations pour r\u00e9duire les co\u00fbts et augmenter la productivit\u00e9. Le syst\u00e8me modulaire Litrax LXMG-3L permet de produire des aliments de qualit\u00e9 toute l&#8217;ann\u00e9e, ind\u00e9pendamment des conditions m\u00e9t\u00e9orologiques. Il peut \u00e9galement \u00eatre utilis\u00e9 en compl\u00e9ment uniquement pendant les mois d&#8217;hiver. Dans une configuration en conteneur, vous produisez ainsi 500 \u00e0 1500 kg par jour !   <\/p>\n<h2 dir=\"auto\">L&#8217;hydroponie peut-elle remplacer le foin frais ?<\/h2>\n<p dir=\"auto\">D\u00e9finitivement oui. La qualit\u00e9 des aliments hydroponiques est tr\u00e8s appr\u00e9ci\u00e9e par les agriculteurs, en particulier pendant les mois d&#8217;hiver. Il peut donc rendre de tr\u00e8s bons services en tant que syst\u00e8me compl\u00e9mentaire. Voici une vid\u00e9o qui montre les approches pratiques et les co\u00fbts en prenant l&#8217;exemple d&#8217;un fermier am\u00e9ricain :   <\/p>\n<p><iframe title=\"Lecteur vid\u00e9o YouTube\" src=\"https:\/\/www.youtube.com\/embed\/7yvHyqClRuQ?si=mHPBkoLW6eqQ3eV3\" width=\"560\" height=\"315\" frameborder=\"0\" allowfullscreen=\"allowfullscreen\"><\/iframe><\/p>\n<h2 dir=\"auto\">Microgreen System Application du LXMG<\/h2>\n<p dir=\"auto\">Le syst\u00e8me LXMG est adapt\u00e9 \u00e0 la culture fourrag\u00e8re et \u00e0 la germination des cultures. Utilisez-le pour une activit\u00e9 microgreen rentable avec du soja, des pois, de la salade ou de la coriandre. Des rendements plus \u00e9lev\u00e9s \u00e0 moindre co\u00fbt. En savoir plus sur le LX001 et les avantages du Microgreen.   <\/p>\n<h2 dir=\"auto\">Production de microgreens (plantules) et de baby leaves<\/h2>\n<p dir=\"auto\">Le syst\u00e8me LXMG est id\u00e9al pour les microgreens et les baby leaves comme les radis, les tournesols, les pois, le ma\u00efs ou la roquette. Il offre des alternatives durables \u00e0 l&#8217;agriculture conventionnelle. Le contr\u00f4le optimis\u00e9 maximise la production tout au long de l&#8217;ann\u00e9e.  <\/p>\n<p dir=\"auto\">Assurez vos rendements ind\u00e9pendamment du sol et des conditions m\u00e9t\u00e9orologiques. R\u00e9sistez aux catastrophes et aux fluctuations &#8211; investissez dans la stabilit\u00e9 ! <\/p>\n<p dir=\"auto\"><strong>Pr\u00eat \u00e0 \u00eatre r\u00e9colt\u00e9 dans les 7 jours :<\/strong> radis, tournesol, pousses de pois, pousses de ma\u00efs, sarrasin.<\/p>\n<p dir=\"auto\">Les Baby Leaves conviennent aux m\u00e9langes. Le syst\u00e8me LXMG permet une production et une commercialisation faciles en culture flottante, en bacs ou en culture polyvalente. <\/p>\n<h2 dir=\"auto\">Conclusion<\/h2>\n<p dir=\"auto\">Le syst\u00e8me Litrax LXMG-3L offre aux agriculteurs une solution durable et efficace pour la production d&#8217;aliments toute l&#8217;ann\u00e9e.<\/p>\n<p dir=\"auto\">Il \u00e9largit les options aux microgreens et aux baby leaves, favorise la rentabilit\u00e9 et la durabilit\u00e9.<\/p>\n<p dir=\"auto\">Il repr\u00e9sente l&#8217;avenir de l&#8217;agriculture<\/p>\n","protected":false},"excerpt":{"rendered":"<p>Syst\u00e8me de fabrication d&#8217;aliments pour animaux<\/p>\n","protected":false},"featured_media":20496,"comment_status":"open","ping_status":"closed","template":"","meta":[],"product_brand":[],"product_cat":[159,1365,155,119],"product_tag":[653],"class_list":{"0":"post-20267","1":"product","2":"type-product","3":"status-publish","4":"has-post-thumbnail","6":"product_cat-agriculture","7":"product_cat-doccasion","8":"product_cat-gastronomie-industrie-fr","9":"product_cat-hydroponique","10":"product_tag-agriculture-fr","12":"first","13":"instock","14":"sale","15":"sold-individually","16":"taxable","17":"shipping-taxable","18":"purchasable","19":"product-type-simple"},"yoast_head":"<!-- This site is optimized with the Yoast SEO Premium plugin v26.7 (Yoast SEO v27.4) - https:\/\/yoast.com\/product\/yoast-seo-premium-wordpress\/ -->\n<title>Syst\u00e8me de production d&#039;aliments pour animaux et de microgreen dans l&#039;agriculture %%page% - Litrax - Hydroponische Systeme<\/title>\n<meta name=\"description\" content=\"R\u00e9duisez vos co\u00fbts d&#039;alimentation avec le syst\u00e8me de production de fourrage et Microgreen ! Produisez toute l&#039;ann\u00e9e des aliments de qualit\u00e9 pour votre b\u00e9tail.\" \/>\n<meta name=\"robots\" content=\"index, follow, max-snippet:-1, max-image-preview:large, max-video-preview:-1\" \/>\n<link rel=\"canonical\" href=\"https:\/\/litrax.ch\/fr\/shop\/systeme-de-culture-vegetative-ferme-verticale-kopie\/\" \/>\n<meta property=\"og:locale\" content=\"fr_FR\" \/>\n<meta property=\"og:type\" content=\"article\" \/>\n<meta property=\"og:title\" content=\"Alimentation et syst\u00e8me de croissance Microgreen\" \/>\n<meta property=\"og:description\" content=\"R\u00e9duisez vos co\u00fbts d&#039;alimentation avec le syst\u00e8me de production de fourrage et Microgreen ! Produisez toute l&#039;ann\u00e9e des aliments de qualit\u00e9 pour votre b\u00e9tail.\" \/>\n<meta property=\"og:url\" content=\"https:\/\/litrax.ch\/fr\/shop\/systeme-de-culture-vegetative-ferme-verticale-kopie\/\" \/>\n<meta property=\"og:site_name\" content=\"Litrax - Hydroponische Systeme\" \/>\n<meta property=\"article:publisher\" content=\"https:\/\/www.facebook.com\/Litrax.ch\" \/>\n<meta property=\"article:modified_time\" content=\"2026-04-29T05:04:49+00:00\" \/>\n<meta property=\"og:image\" content=\"https:\/\/litrax.ch\/wp-content\/uploads\/2024\/09\/LXMG-3L-125-Microgreen-Fodder-Hydroponics.png\" \/>\n\t<meta property=\"og:image:width\" content=\"2418\" \/>\n\t<meta property=\"og:image:height\" content=\"1472\" \/>\n\t<meta property=\"og:image:type\" content=\"image\/png\" \/>\n<meta name=\"twitter:card\" content=\"summary_large_image\" \/>\n<meta name=\"twitter:label1\" content=\"Prix\" \/>\n\t<meta name=\"twitter:data1\" content=\"&#067;&#072;&#070;&nbsp;850.00\" \/>\n\t<meta name=\"twitter:label2\" content=\"Disponibilit\u00e9\" \/>\n\t<meta name=\"twitter:data2\" content=\"En stock\" \/>\n<script type=\"application\/ld+json\" class=\"yoast-schema-graph\">{\"@context\":\"https:\\\/\\\/schema.org\",\"@graph\":[{\"@type\":\"WebPage\",\"@id\":\"https:\\\/\\\/litrax.ch\\\/fr\\\/shop\\\/systeme-de-culture-vegetative-ferme-verticale-kopie\\\/\",\"url\":\"https:\\\/\\\/litrax.ch\\\/fr\\\/shop\\\/systeme-de-culture-vegetative-ferme-verticale-kopie\\\/\",\"name\":\"Syst\u00e8me de production d'aliments pour animaux et de microgreen dans l'agriculture %%page% - Litrax - Hydroponische Systeme\",\"isPartOf\":{\"@id\":\"https:\\\/\\\/litrax.ch\\\/fr\\\/#website\"},\"primaryImageOfPage\":{\"@id\":\"https:\\\/\\\/litrax.ch\\\/fr\\\/shop\\\/systeme-de-culture-vegetative-ferme-verticale-kopie\\\/#primaryimage\"},\"image\":{\"@id\":\"https:\\\/\\\/litrax.ch\\\/fr\\\/shop\\\/systeme-de-culture-vegetative-ferme-verticale-kopie\\\/#primaryimage\"},\"thumbnailUrl\":\"https:\\\/\\\/litrax.ch\\\/wp-content\\\/uploads\\\/2024\\\/09\\\/LXMG-3L-125-Microgreen-Fodder-Hydroponics.png\",\"datePublished\":\"2024-09-16T14:58:16+00:00\",\"dateModified\":\"2026-04-29T05:04:49+00:00\",\"description\":\"R\u00e9duisez vos co\u00fbts d'alimentation avec le syst\u00e8me de production de fourrage et Microgreen ! Produisez toute l'ann\u00e9e des aliments de qualit\u00e9 pour votre b\u00e9tail.\",\"breadcrumb\":{\"@id\":\"https:\\\/\\\/litrax.ch\\\/fr\\\/shop\\\/systeme-de-culture-vegetative-ferme-verticale-kopie\\\/#breadcrumb\"},\"inLanguage\":\"fr-FR\",\"potentialAction\":[{\"@type\":\"ReadAction\",\"target\":[\"https:\\\/\\\/litrax.ch\\\/fr\\\/shop\\\/systeme-de-culture-vegetative-ferme-verticale-kopie\\\/\"]}]},{\"@type\":\"ImageObject\",\"inLanguage\":\"fr-FR\",\"@id\":\"https:\\\/\\\/litrax.ch\\\/fr\\\/shop\\\/systeme-de-culture-vegetative-ferme-verticale-kopie\\\/#primaryimage\",\"url\":\"https:\\\/\\\/litrax.ch\\\/wp-content\\\/uploads\\\/2024\\\/09\\\/LXMG-3L-125-Microgreen-Fodder-Hydroponics.png\",\"contentUrl\":\"https:\\\/\\\/litrax.ch\\\/wp-content\\\/uploads\\\/2024\\\/09\\\/LXMG-3L-125-Microgreen-Fodder-Hydroponics.png\",\"width\":2418,\"height\":1472},{\"@type\":\"BreadcrumbList\",\"@id\":\"https:\\\/\\\/litrax.ch\\\/fr\\\/shop\\\/systeme-de-culture-vegetative-ferme-verticale-kopie\\\/#breadcrumb\",\"itemListElement\":[{\"@type\":\"ListItem\",\"position\":1,\"name\":\"Startseite\",\"item\":\"https:\\\/\\\/litrax.ch\\\/fr\\\/accueil\\\/\"},{\"@type\":\"ListItem\",\"position\":2,\"name\":\"Boutique\",\"item\":\"https:\\\/\\\/litrax.ch\\\/fr\\\/boutique\\\/\"},{\"@type\":\"ListItem\",\"position\":3,\"name\":\"Alimentation et syst\u00e8me de croissance Microgreen\"}]},{\"@type\":\"WebSite\",\"@id\":\"https:\\\/\\\/litrax.ch\\\/fr\\\/#website\",\"url\":\"https:\\\/\\\/litrax.ch\\\/fr\\\/\",\"name\":\"Litrax - Hydroponische Systeme\",\"description\":\"Erlebe Hydroponik - der erdlose Gartengenuss.\",\"publisher\":{\"@id\":\"https:\\\/\\\/litrax.ch\\\/fr\\\/#organization\"},\"alternateName\":\"Litrax\",\"potentialAction\":[{\"@type\":\"SearchAction\",\"target\":{\"@type\":\"EntryPoint\",\"urlTemplate\":\"https:\\\/\\\/litrax.ch\\\/fr\\\/?s={search_term_string}\"},\"query-input\":{\"@type\":\"PropertyValueSpecification\",\"valueRequired\":true,\"valueName\":\"search_term_string\"}}],\"inLanguage\":\"fr-FR\"},{\"@type\":\"Organization\",\"@id\":\"https:\\\/\\\/litrax.ch\\\/fr\\\/#organization\",\"name\":\"Litrax - Hydroponische Systeme\",\"alternateName\":\"Litrax\",\"url\":\"https:\\\/\\\/litrax.ch\\\/fr\\\/\",\"logo\":{\"@type\":\"ImageObject\",\"inLanguage\":\"fr-FR\",\"@id\":\"https:\\\/\\\/litrax.ch\\\/fr\\\/#\\\/schema\\\/logo\\\/image\\\/\",\"url\":\"https:\\\/\\\/litrax.ch\\\/wp-content\\\/uploads\\\/2024\\\/03\\\/facivon.png\",\"contentUrl\":\"https:\\\/\\\/litrax.ch\\\/wp-content\\\/uploads\\\/2024\\\/03\\\/facivon.png\",\"width\":150,\"height\":150,\"caption\":\"Litrax - Hydroponische Systeme\"},\"image\":{\"@id\":\"https:\\\/\\\/litrax.ch\\\/fr\\\/#\\\/schema\\\/logo\\\/image\\\/\"},\"sameAs\":[\"https:\\\/\\\/www.facebook.com\\\/Litrax.ch\",\"https:\\\/\\\/www.instagram.com\\\/litrax.ch\\\/\",\"https:\\\/\\\/www.tiktok.com\\\/@litrax.ch\"],\"description\":\"Willkommen bei Litrax \u2013 Ihrem f\u00fchrenden Online-Shop f\u00fcr hochwertige hydroponische Gartensysteme! Wir bieten eine breite Palette an L\u00f6sungen f\u00fcr Privatpersonen, Restaurants und industrielle Gro\u00dfsysteme, um Ihnen zu helfen, Ihre eigene gr\u00fcne Oase zu schaffen, unabh\u00e4ngig von Ihrem Bedarf oder Ihrer Gr\u00f6\u00dfe. F\u00fcr Haushalte\\\/B\u00fcros: Entdecken Sie die Freude am G\u00e4rtnern in Ihrem eigenen Zuhause mit unseren einfach zu bedienenden hydroponischen Gartensystemen. Egal, ob Sie auf einem Balkon, einer Terrasse oder in Ihrem Wohnzimmer g\u00e4rtnern m\u00f6chten \u2013 wir haben das passende System f\u00fcr Sie. Genie\u00dfen Sie frisches Gem\u00fcse, aromatische Kr\u00e4uter und farbenfrohe Blumen das ganze Jahr \u00fcber, direkt aus Ihrem hydroponischen Garten. F\u00fcr Restaurants: Steigern Sie die Qualit\u00e4t Ihrer Gerichte und beeindrucken Sie Ihre G\u00e4ste mit frischen, geschmacksintensiven Zutaten aus unserem Sortiment an hydroponischen Gartensystemen f\u00fcr den gastronomischen Bereich. Unsere Systeme sind platzsparend, effizient und einfach zu bedienen, so dass Sie Ihre eigenen Zutaten direkt in Ihrer K\u00fcche anbauen k\u00f6nnen. Erleben Sie die Freude an nachhaltigem G\u00e4rtnern und lassen Sie Ihre kulinarischen Kreationen erstrahlen. Industrielle Gro\u00dfsysteme: Optimieren Sie Ihre landwirtschaftliche Produktion mit unseren ma\u00dfgeschneiderten hydroponischen Gro\u00dfsystemen. Von vertikalen Farmen bis hin zu automatisierten Anlagen bieten wir skalierbare L\u00f6sungen f\u00fcr maximale Effizienz und Produktivit\u00e4t. Nutzen Sie die Vorteile der hydroponischen Landwirtschaft, um Ihre Ernteertr\u00e4ge zu steigern, Platz zu sparen und Ressourcen zu optimieren. Erfahren Sie, wie unsere Systeme die Zukunft der industriellen Landwirtschaft gestalten k\u00f6nnen. Bei Litrax legen wir Wert auf Qualit\u00e4t und Kundenzufriedenheit. Unsere Produkte sind sorgf\u00e4ltig ausgew\u00e4hlt, um Ihnen die besten Ergebnisse zu garantieren, und wir bieten sie zu g\u00fcnstigen Preisen an. Dank unseres eigenen Lagers in der Schweiz k\u00f6nnen wir Ihnen eine schnelle Lieferung am n\u00e4chsten Tag garantieren.\",\"legalName\":\"Resyx GmbH\",\"foundingDate\":\"2022-12-22\",\"numberOfEmployees\":{\"@type\":\"QuantitativeValue\",\"minValue\":\"1\",\"maxValue\":\"10\"}}]}<\/script>\n<meta property=\"product:price:amount\" content=\"850.00\" \/>\n<meta property=\"product:price:currency\" content=\"CHF\" \/>\n<meta property=\"og:availability\" content=\"instock\" \/>\n<meta property=\"product:availability\" content=\"instock\" \/>\n<meta property=\"product:retailer_item_id\" content=\"LXMG-3L-125\" \/>\n<meta property=\"product:condition\" content=\"new\" \/>\n<!-- \/ Yoast SEO Premium plugin. -->","yoast_head_json":{"title":"Syst\u00e8me de production d'aliments pour animaux et de microgreen dans l'agriculture %%page% - Litrax - Hydroponische Systeme","description":"R\u00e9duisez vos co\u00fbts d'alimentation avec le syst\u00e8me de production de fourrage et Microgreen ! Produisez toute l'ann\u00e9e des aliments de qualit\u00e9 pour votre b\u00e9tail.","robots":{"index":"index","follow":"follow","max-snippet":"max-snippet:-1","max-image-preview":"max-image-preview:large","max-video-preview":"max-video-preview:-1"},"canonical":"https:\/\/litrax.ch\/fr\/shop\/systeme-de-culture-vegetative-ferme-verticale-kopie\/","og_locale":"fr_FR","og_type":"article","og_title":"Alimentation et syst\u00e8me de croissance Microgreen","og_description":"R\u00e9duisez vos co\u00fbts d'alimentation avec le syst\u00e8me de production de fourrage et Microgreen ! Produisez toute l'ann\u00e9e des aliments de qualit\u00e9 pour votre b\u00e9tail.","og_url":"https:\/\/litrax.ch\/fr\/shop\/systeme-de-culture-vegetative-ferme-verticale-kopie\/","og_site_name":"Litrax - Hydroponische Systeme","article_publisher":"https:\/\/www.facebook.com\/Litrax.ch","article_modified_time":"2026-04-29T05:04:49+00:00","og_image":[{"width":2418,"height":1472,"url":"https:\/\/litrax.ch\/wp-content\/uploads\/2024\/09\/LXMG-3L-125-Microgreen-Fodder-Hydroponics.png","type":"image\/png"}],"twitter_card":"summary_large_image","twitter_misc":{"Prix":"&#67;&#72;&#70;&nbsp;850.00","Disponibilit\u00e9":"En stock"},"schema":{"@context":"https:\/\/schema.org","@graph":[{"@type":"WebPage","@id":"https:\/\/litrax.ch\/fr\/shop\/systeme-de-culture-vegetative-ferme-verticale-kopie\/","url":"https:\/\/litrax.ch\/fr\/shop\/systeme-de-culture-vegetative-ferme-verticale-kopie\/","name":"Syst\u00e8me de production d'aliments pour animaux et de microgreen dans l'agriculture %%page% - Litrax - Hydroponische Systeme","isPartOf":{"@id":"https:\/\/litrax.ch\/fr\/#website"},"primaryImageOfPage":{"@id":"https:\/\/litrax.ch\/fr\/shop\/systeme-de-culture-vegetative-ferme-verticale-kopie\/#primaryimage"},"image":{"@id":"https:\/\/litrax.ch\/fr\/shop\/systeme-de-culture-vegetative-ferme-verticale-kopie\/#primaryimage"},"thumbnailUrl":"https:\/\/litrax.ch\/wp-content\/uploads\/2024\/09\/LXMG-3L-125-Microgreen-Fodder-Hydroponics.png","datePublished":"2024-09-16T14:58:16+00:00","dateModified":"2026-04-29T05:04:49+00:00","description":"R\u00e9duisez vos co\u00fbts d'alimentation avec le syst\u00e8me de production de fourrage et Microgreen ! Produisez toute l'ann\u00e9e des aliments de qualit\u00e9 pour votre b\u00e9tail.","breadcrumb":{"@id":"https:\/\/litrax.ch\/fr\/shop\/systeme-de-culture-vegetative-ferme-verticale-kopie\/#breadcrumb"},"inLanguage":"fr-FR","potentialAction":[{"@type":"ReadAction","target":["https:\/\/litrax.ch\/fr\/shop\/systeme-de-culture-vegetative-ferme-verticale-kopie\/"]}]},{"@type":"ImageObject","inLanguage":"fr-FR","@id":"https:\/\/litrax.ch\/fr\/shop\/systeme-de-culture-vegetative-ferme-verticale-kopie\/#primaryimage","url":"https:\/\/litrax.ch\/wp-content\/uploads\/2024\/09\/LXMG-3L-125-Microgreen-Fodder-Hydroponics.png","contentUrl":"https:\/\/litrax.ch\/wp-content\/uploads\/2024\/09\/LXMG-3L-125-Microgreen-Fodder-Hydroponics.png","width":2418,"height":1472},{"@type":"BreadcrumbList","@id":"https:\/\/litrax.ch\/fr\/shop\/systeme-de-culture-vegetative-ferme-verticale-kopie\/#breadcrumb","itemListElement":[{"@type":"ListItem","position":1,"name":"Startseite","item":"https:\/\/litrax.ch\/fr\/accueil\/"},{"@type":"ListItem","position":2,"name":"Boutique","item":"https:\/\/litrax.ch\/fr\/boutique\/"},{"@type":"ListItem","position":3,"name":"Alimentation et syst\u00e8me de croissance Microgreen"}]},{"@type":"WebSite","@id":"https:\/\/litrax.ch\/fr\/#website","url":"https:\/\/litrax.ch\/fr\/","name":"Litrax - Hydroponische Systeme","description":"Erlebe Hydroponik - der erdlose Gartengenuss.","publisher":{"@id":"https:\/\/litrax.ch\/fr\/#organization"},"alternateName":"Litrax","potentialAction":[{"@type":"SearchAction","target":{"@type":"EntryPoint","urlTemplate":"https:\/\/litrax.ch\/fr\/?s={search_term_string}"},"query-input":{"@type":"PropertyValueSpecification","valueRequired":true,"valueName":"search_term_string"}}],"inLanguage":"fr-FR"},{"@type":"Organization","@id":"https:\/\/litrax.ch\/fr\/#organization","name":"Litrax - Hydroponische Systeme","alternateName":"Litrax","url":"https:\/\/litrax.ch\/fr\/","logo":{"@type":"ImageObject","inLanguage":"fr-FR","@id":"https:\/\/litrax.ch\/fr\/#\/schema\/logo\/image\/","url":"https:\/\/litrax.ch\/wp-content\/uploads\/2024\/03\/facivon.png","contentUrl":"https:\/\/litrax.ch\/wp-content\/uploads\/2024\/03\/facivon.png","width":150,"height":150,"caption":"Litrax - Hydroponische Systeme"},"image":{"@id":"https:\/\/litrax.ch\/fr\/#\/schema\/logo\/image\/"},"sameAs":["https:\/\/www.facebook.com\/Litrax.ch","https:\/\/www.instagram.com\/litrax.ch\/","https:\/\/www.tiktok.com\/@litrax.ch"],"description":"Willkommen bei Litrax \u2013 Ihrem f\u00fchrenden Online-Shop f\u00fcr hochwertige hydroponische Gartensysteme! Wir bieten eine breite Palette an L\u00f6sungen f\u00fcr Privatpersonen, Restaurants und industrielle Gro\u00dfsysteme, um Ihnen zu helfen, Ihre eigene gr\u00fcne Oase zu schaffen, unabh\u00e4ngig von Ihrem Bedarf oder Ihrer Gr\u00f6\u00dfe. F\u00fcr Haushalte\/B\u00fcros: Entdecken Sie die Freude am G\u00e4rtnern in Ihrem eigenen Zuhause mit unseren einfach zu bedienenden hydroponischen Gartensystemen. Egal, ob Sie auf einem Balkon, einer Terrasse oder in Ihrem Wohnzimmer g\u00e4rtnern m\u00f6chten \u2013 wir haben das passende System f\u00fcr Sie. Genie\u00dfen Sie frisches Gem\u00fcse, aromatische Kr\u00e4uter und farbenfrohe Blumen das ganze Jahr \u00fcber, direkt aus Ihrem hydroponischen Garten. F\u00fcr Restaurants: Steigern Sie die Qualit\u00e4t Ihrer Gerichte und beeindrucken Sie Ihre G\u00e4ste mit frischen, geschmacksintensiven Zutaten aus unserem Sortiment an hydroponischen Gartensystemen f\u00fcr den gastronomischen Bereich. Unsere Systeme sind platzsparend, effizient und einfach zu bedienen, so dass Sie Ihre eigenen Zutaten direkt in Ihrer K\u00fcche anbauen k\u00f6nnen. Erleben Sie die Freude an nachhaltigem G\u00e4rtnern und lassen Sie Ihre kulinarischen Kreationen erstrahlen. Industrielle Gro\u00dfsysteme: Optimieren Sie Ihre landwirtschaftliche Produktion mit unseren ma\u00dfgeschneiderten hydroponischen Gro\u00dfsystemen. Von vertikalen Farmen bis hin zu automatisierten Anlagen bieten wir skalierbare L\u00f6sungen f\u00fcr maximale Effizienz und Produktivit\u00e4t. Nutzen Sie die Vorteile der hydroponischen Landwirtschaft, um Ihre Ernteertr\u00e4ge zu steigern, Platz zu sparen und Ressourcen zu optimieren. Erfahren Sie, wie unsere Systeme die Zukunft der industriellen Landwirtschaft gestalten k\u00f6nnen. Bei Litrax legen wir Wert auf Qualit\u00e4t und Kundenzufriedenheit. Unsere Produkte sind sorgf\u00e4ltig ausgew\u00e4hlt, um Ihnen die besten Ergebnisse zu garantieren, und wir bieten sie zu g\u00fcnstigen Preisen an. Dank unseres eigenen Lagers in der Schweiz k\u00f6nnen wir Ihnen eine schnelle Lieferung am n\u00e4chsten Tag garantieren.","legalName":"Resyx GmbH","foundingDate":"2022-12-22","numberOfEmployees":{"@type":"QuantitativeValue","minValue":"1","maxValue":"10"}}]},"product_price_amount":"850.00","product_price_currency":"CHF","og_availability":"instock","product_availability":"instock","product_retailer_item_id":"LXMG-3L-125","product_condition":"new"},"_links":{"self":[{"href":"https:\/\/litrax.ch\/fr\/wp-json\/wp\/v2\/product\/20267","targetHints":{"allow":["GET"]}}],"collection":[{"href":"https:\/\/litrax.ch\/fr\/wp-json\/wp\/v2\/product"}],"about":[{"href":"https:\/\/litrax.ch\/fr\/wp-json\/wp\/v2\/types\/product"}],"replies":[{"embeddable":true,"href":"https:\/\/litrax.ch\/fr\/wp-json\/wp\/v2\/comments?post=20267"}],"wp:featuredmedia":[{"embeddable":true,"href":"https:\/\/litrax.ch\/fr\/wp-json\/wp\/v2\/media\/20496"}],"wp:attachment":[{"href":"https:\/\/litrax.ch\/fr\/wp-json\/wp\/v2\/media?parent=20267"}],"wp:term":[{"taxonomy":"product_brand","embeddable":true,"href":"https:\/\/litrax.ch\/fr\/wp-json\/wp\/v2\/product_brand?post=20267"},{"taxonomy":"product_cat","embeddable":true,"href":"https:\/\/litrax.ch\/fr\/wp-json\/wp\/v2\/product_cat?post=20267"},{"taxonomy":"product_tag","embeddable":true,"href":"https:\/\/litrax.ch\/fr\/wp-json\/wp\/v2\/product_tag?post=20267"}],"curies":[{"name":"wp","href":"https:\/\/api.w.org\/{rel}","templated":true}]}}