{"id":24769,"date":"2025-10-27T14:53:21","date_gmt":"2025-10-27T14:53:21","guid":{"rendered":"https:\/\/litrax.ch\/?post_type=product&#038;p=24769"},"modified":"2026-03-24T20:44:18","modified_gmt":"2026-03-24T20:44:18","slug":"tour-farm-28-extensible-de-facon-modulaire-kopie-2","status":"publish","type":"product","link":"https:\/\/litrax.ch\/fr\/shop\/tour-farm-28-extensible-de-facon-modulaire-kopie-2\/","title":{"rendered":"Jardin Tour 50"},"content":{"rendered":"<h1>Le <strong>jardin vertical<\/strong> id\u00e9al <strong>pour la maison<\/strong><\/h1>\n<p><strong>La tour 50<\/strong> est livr\u00e9e avec 10 niveaux pour 50 plantes. Elle contient tout ce dont vous avez besoin pour vous lancer dans la culture hydroponique verticale en 5 minutes ! Cultivez \u00e0 la verticale facilement et avec succ\u00e8s. Transformez un coin de votre maison ou de votre balcon en un jardin luxuriant de salades, d&#8217;herbes ou de l\u00e9gumes. Ou cr\u00e9ez un bouquet de fleurs ou de roses avec la Tour de Jardin Verticale 50.    <\/p>\n<h2><strong>Dans le kit, vous trouverez<\/strong><\/h2>\n<p>10x bacs \u00e0 plantes pour jusqu&#8217;\u00e0 50 plantes<br \/>\n50x porte-\u00e9ponges<br \/>\n1x r\u00e9servoir d&#8217;eau de 50 litres<br \/>\n1x couvercle de r\u00e9servoir<br \/>\n1x tuyau d&#8217;eau pour le transport vertical de l&#8217;eau<br \/>\n1x barre centrale pour un montage stable des bacs \u00e0 plantes<br \/>\n1x couvercle de tour<br \/>\n1x soucoupe avec roulettes<br \/>\n1x pompe d&#8217;irrigation<\/p>\n<h2>Pourquoi choisir notre kit tour ?<\/h2>\n<p><strong>Facile et rapide \u00e0 installer :  <\/strong><\/p>\n<p>D\u00e9ballez, assemblez les pi\u00e8ces selon les instructions, versez l&#8217;eau avec le nutriment Wuxal dans le r\u00e9servoir, branchez la pompe et c&#8217;est parti !<\/p>\n<p><strong>\u00c9conomise l&#8217;eau et l&#8217;espace :  <\/strong><\/p>\n<p>Gr\u00e2ce \u00e0 sa conception \u00e9troite, vous consommez jusqu&#8217;\u00e0 90% d&#8217;eau en moins. Le design est con\u00e7u pour s&#8217;adapter \u00e0 pratiquement n&#8217;importe quel coin ou m\u00eame \u00e0 la cuisine, avec un r\u00e9servoir d&#8217;\u00e0 peine 0,48 cm de diam\u00e8tre. Avec une hauteur de 170 cm, la hauteur de la pi\u00e8ce est utilis\u00e9e de mani\u00e8re optimale sans \u00eatre envahissante. Vous plantez ainsi 50 plantes sur seulement un demi-m\u00e8tre carr\u00e9. Voil\u00e0 les \u00e9normes avantages d&#8217;un jardin vertical dans un espace r\u00e9duit !    <\/p>\n<p><strong>Des r\u00e9coltes abondantes et savoureuses :  <\/strong><\/p>\n<p>Red\u00e9couvrez le go\u00fbt des aliments cultiv\u00e9s par vos soins et cultivez avec moins d&#8217;efforts et plus rapidement.<\/p>\n<p><strong>Satisfaction garantie :  <\/strong><\/p>\n<p>Si vous avez des questions, notre service client est \u00e0 votre disposition.<\/p>\n<p><strong>Extensible de fa\u00e7on modulaire &#8211; Vous souhaitez ajouter plus de choses ?  <\/strong><\/p>\n<p>Le syst\u00e8me <strong>Turm 50<\/strong> est extensible de fa\u00e7on modulaire ! Vous pouvez combiner autant de tours que vous le souhaitez. Utilisez par exemple notre <strong>produit de gestion automatis\u00e9e de l&#8217;eau, du pH, de l&#8217;EC et du climat NIDO V2<\/strong>. En temps r\u00e9el avec l<strong> &#8216;application et le contr\u00f4le web<\/strong>, cela devient une ferme tr\u00e8s productive sur votre balcon. Ou \u00e9tendez-le dans la serre.    <\/p>\n<p>\u00c0 partir de 5 tours, vous b\u00e9n\u00e9ficiez d&#8217;une autosuffisance de premier ordre, et ce 12 mois par an. Ajoutez des syst\u00e8mes <strong>de tour 50<\/strong> et le syst\u00e8me d&#8217;irrigation <strong>NIDO V2<\/strong> \u00e0 votre commande maintenant ou plus tard, et vous \u00eates pr\u00eat \u00e0 commencer. Devenez un agriculteur vertical de derni\u00e8re g\u00e9n\u00e9ration.  <\/p>\n<h2><strong>Tour 50<\/strong> &#8211; le jardin hydroponique vertical parfait<\/h2>\n<ul>\n<li>Amoureux du jardinage<\/li>\n<li>Familles avec enfants<\/li>\n<li>Les personnes qui vivent dans de petits appartements<\/li>\n<li>Petits balcons bio<\/li>\n<li>V\u00e9g\u00e9taliens &amp; V\u00e9g\u00e9tariens<\/li>\n<li>Amateurs d&#8217;aliments sains et biologiques<\/li>\n<li>Tous ceux qui souhaitent un peu de verdure chez eux, dans leur jardin ou sur leur balcon<\/li>\n<li>Propri\u00e9taire de restaurant et de bistrot, pour une verdure rafra\u00eechissante et des loisirs<\/li>\n<li>Espace public, pour la v\u00e9g\u00e9talisation et l&#8217;embellissement avec des plantes ou des fleurs saisonni\u00e8res<\/li>\n<li>Agriculteurs souhaitant se lancer progressivement dans l&#8217;hydroponie<\/li>\n<\/ul>\n<p>Commandez d\u00e8s aujourd&#8217;hui votre kit <strong>Turm 50<\/strong> et cr\u00e9ez votre potager vertical ou un jardin de fleurs !<\/p>\n<p>Non seulement vous obtenez un jardin luxuriant et d\u00e9coratif, mais vous pouvez \u00e9galement profiter de l\u00e9gumes et d&#8217;herbes biologiques frais et authentiques que vous avez cultiv\u00e9s vous-m\u00eame avec la tour verticale 50 !<\/p>\n<p>N&#8217;oubliez pas de nous suivre \u00e9galement sur notre cha\u00eene YouTube !<\/p>\n<h2><strong>Faites passer votre culture \u00e0 un niveau sup\u00e9rieur :<\/strong><\/h2>\n<ul>\n<li><strong>Diff\u00e9rents types de plantes<\/strong><br \/>\nNotre syst\u00e8me de tour est flexible et convient parfaitement aux l\u00e9gumes \u00e0 feuilles, aux salades, aux herbes aromatiques, aux fleurs et m\u00eame aux fraises.<\/li>\n<li><strong>Mobilit\u00e9 totale et \u00e9clairage int\u00e9gral pour un rendement \u00e9lev\u00e9<\/strong><br \/>\nGr\u00e2ce \u00e0 ses roulettes stables, la tour peut \u00eatre d\u00e9plac\u00e9e facilement et utilis\u00e9e de mani\u00e8re flexible. En int\u00e9rieur <strong>, nos excellentes lampes de croissance<\/strong> en option fournissent un \u00e9clairage uniforme et favorisent la croissance saine et vigoureuse de vos plantes. Vous pouvez ainsi combiner la lumi\u00e8re du soleil avec une lumi\u00e8re de croissance LED avanc\u00e9e et g\u00e9n\u00e9rer une croissance ph\u00e9nom\u00e9nale et rapide. Jusqu&#8217;\u00e0 6 r\u00e9coltes par an deviennent ainsi une d\u00e9licieuse r\u00e9alit\u00e9, selon les plantes.   <\/li>\n<li><strong>Consommation d&#8217;eau minimale<\/strong><br \/>\nLe r\u00e9servoir d&#8217;eau de 50 litres offre un approvisionnement en eau fiable et de longue dur\u00e9e, tout en \u00e9conomisant jusqu&#8217;\u00e0 90 % d&#8217;eau par rapport \u00e0 l&#8217;agriculture traditionnelle. Le <strong>liquide nutritif Wuxal<\/strong> alimente chaque plante de mani\u00e8re uniforme, pour un rendement maximal en un temps record. <\/li>\n<li><strong>R\u00e9colte toute l&#8217;ann\u00e9e<\/strong><br \/>\nUtilisez le syst\u00e8me de tour pour une r\u00e9colte constante, que ce soit \u00e0 l&#8217;ext\u00e9rieur sur des balcons, des terrasses ou des toits ensoleill\u00e9s, ou comme solution d&#8217;int\u00e9rieur pour une culture toute l&#8217;ann\u00e9e.<\/li>\n<li><strong>Vitesse de croissance \u00e9lev\u00e9e<\/strong><br \/>\nFaites l&#8217;exp\u00e9rience d&#8217;une croissance rapide et de r\u00e9sultats jusqu&#8217;\u00e0 5 fois plus rapides qu&#8217;avec les m\u00e9thodes de culture pr\u00e9c\u00e9dentes &#8211; id\u00e9al pour ceux qui ont besoin de rendements \u00e9lev\u00e9s en peu de temps.<\/li>\n<\/ul>\n<hr>\n<h2><strong>Vous pr\u00e9voyez une installation plus importante ?<\/strong><\/h2>\n<p>Contactez-nous pour un devis personnalis\u00e9. Nous proposons des prix attractifs pour les gros volumes. Des prix sp\u00e9ciaux sont \u00e9galement propos\u00e9s pour les commandes commerciales. En particulier, les prix baissent consid\u00e9rablement lorsque les quantit\u00e9s sont plus importantes. C&#8217;est le cas des serres et de l&#8217;agriculture professionnelle.<\/p>\n<p>D\u00e9couvrez l&#8217;avenir de l&#8217;agriculture avec notre gamme de tours hydroponiques verticales &#8211; efficaces, durables, robustes et peu encombrantes !<\/p>\n","protected":false},"excerpt":{"rendered":"<p>Le jardin vertical id\u00e9al pour la maison La tour 50 est livr\u00e9e avec 10 niveaux pour 50 plantes. Elle contient tout ce dont vous avez besoin pour vous lancer dans la culture hydroponique verticale en 5 minutes ! Cultivez \u00e0 la verticale facilement et avec succ\u00e8s. Transformez un coin de votre maison ou de votre [&hellip;]<\/p>\n","protected":false},"featured_media":25723,"comment_status":"closed","ping_status":"closed","template":"","meta":[],"product_brand":[],"product_cat":[159,155,119],"product_tag":[752,507,754,1289],"class_list":{"0":"post-24769","1":"product","2":"type-product","3":"status-publish","4":"has-post-thumbnail","6":"product_cat-agriculture","7":"product_cat-gastronomie-industrie-fr","8":"product_cat-hydroponique","9":"product_tag-outdoor-fr","10":"product_tag-ferme-verticale","11":"product_tag-indoor-fr-2","12":"product_tag-tour-hydroponique","14":"first","15":"instock","16":"taxable","17":"shipping-taxable","18":"purchasable","19":"product-type-simple"},"yoast_head":"<!-- This site is optimized with the Yoast SEO Premium plugin v26.7 (Yoast SEO v27.4) - https:\/\/yoast.com\/product\/yoast-seo-premium-wordpress\/ -->\n<title>Tour de ferme hydroponique : la culture verticale facile - Litrax - Hydroponische Systeme<\/title>\n<meta name=\"description\" content=\"D\u00e9couvrez la tour hydroponique, extensible de fa\u00e7on modulaire jusqu&#039;\u00e0 50 plantes ! Parfait pour les l\u00e9gumes frais, les salades, les fleurs et les herbes aromatiques, utilisable partout. \ud83c\udf31\" \/>\n<meta name=\"robots\" content=\"index, follow, max-snippet:-1, max-image-preview:large, max-video-preview:-1\" \/>\n<link rel=\"canonical\" href=\"https:\/\/litrax.ch\/fr\/shop\/tour-farm-28-extensible-de-facon-modulaire-kopie-2\/\" \/>\n<meta property=\"og:locale\" content=\"fr_FR\" \/>\n<meta property=\"og:type\" content=\"article\" \/>\n<meta property=\"og:title\" content=\"Jardin Tour 50\" \/>\n<meta property=\"og:description\" content=\"D\u00e9couvrez la tour hydroponique, extensible de fa\u00e7on modulaire jusqu&#039;\u00e0 50 plantes ! Parfait pour les l\u00e9gumes frais, les salades, les fleurs et les herbes aromatiques, utilisable partout. \ud83c\udf31\" \/>\n<meta property=\"og:url\" content=\"https:\/\/litrax.ch\/fr\/shop\/tour-farm-28-extensible-de-facon-modulaire-kopie-2\/\" \/>\n<meta property=\"og:site_name\" content=\"Litrax - Hydroponische Systeme\" \/>\n<meta property=\"article:publisher\" content=\"https:\/\/www.facebook.com\/Litrax.ch\" \/>\n<meta property=\"article:modified_time\" content=\"2026-03-24T20:44:18+00:00\" \/>\n<meta property=\"og:image\" content=\"https:\/\/litrax.ch\/wp-content\/uploads\/2025\/10\/LX-TOWER50-HVG.Gartenturm-50-5-e1774357922702.png\" \/>\n\t<meta property=\"og:image:width\" content=\"1800\" \/>\n\t<meta property=\"og:image:height\" content=\"1500\" \/>\n\t<meta property=\"og:image:type\" content=\"image\/png\" \/>\n<meta name=\"twitter:card\" content=\"summary_large_image\" \/>\n<meta name=\"twitter:label1\" content=\"Prix\" \/>\n\t<meta name=\"twitter:data1\" content=\"&#067;&#072;&#070;&nbsp;349.00\" \/>\n\t<meta name=\"twitter:label2\" content=\"Disponibilit\u00e9\" \/>\n\t<meta name=\"twitter:data2\" content=\"En stock\" \/>\n<script type=\"application\/ld+json\" class=\"yoast-schema-graph\">{\"@context\":\"https:\\\/\\\/schema.org\",\"@graph\":[{\"@type\":\"WebPage\",\"@id\":\"https:\\\/\\\/litrax.ch\\\/fr\\\/shop\\\/tour-farm-28-extensible-de-facon-modulaire-kopie-2\\\/\",\"url\":\"https:\\\/\\\/litrax.ch\\\/fr\\\/shop\\\/tour-farm-28-extensible-de-facon-modulaire-kopie-2\\\/\",\"name\":\"Tour de ferme hydroponique : la culture verticale facile - Litrax - Hydroponische Systeme\",\"isPartOf\":{\"@id\":\"https:\\\/\\\/litrax.ch\\\/fr\\\/#website\"},\"primaryImageOfPage\":{\"@id\":\"https:\\\/\\\/litrax.ch\\\/fr\\\/shop\\\/tour-farm-28-extensible-de-facon-modulaire-kopie-2\\\/#primaryimage\"},\"image\":{\"@id\":\"https:\\\/\\\/litrax.ch\\\/fr\\\/shop\\\/tour-farm-28-extensible-de-facon-modulaire-kopie-2\\\/#primaryimage\"},\"thumbnailUrl\":\"https:\\\/\\\/litrax.ch\\\/wp-content\\\/uploads\\\/2025\\\/10\\\/LX-TOWER50-HVG.Gartenturm-50-5-e1774357922702.png\",\"datePublished\":\"2025-10-27T14:53:21+00:00\",\"dateModified\":\"2026-03-24T20:44:18+00:00\",\"description\":\"D\u00e9couvrez la tour hydroponique, extensible de fa\u00e7on modulaire jusqu'\u00e0 50 plantes ! Parfait pour les l\u00e9gumes frais, les salades, les fleurs et les herbes aromatiques, utilisable partout. \ud83c\udf31\",\"breadcrumb\":{\"@id\":\"https:\\\/\\\/litrax.ch\\\/fr\\\/shop\\\/tour-farm-28-extensible-de-facon-modulaire-kopie-2\\\/#breadcrumb\"},\"inLanguage\":\"fr-FR\",\"potentialAction\":[{\"@type\":\"ReadAction\",\"target\":[\"https:\\\/\\\/litrax.ch\\\/fr\\\/shop\\\/tour-farm-28-extensible-de-facon-modulaire-kopie-2\\\/\"]}]},{\"@type\":\"ImageObject\",\"inLanguage\":\"fr-FR\",\"@id\":\"https:\\\/\\\/litrax.ch\\\/fr\\\/shop\\\/tour-farm-28-extensible-de-facon-modulaire-kopie-2\\\/#primaryimage\",\"url\":\"https:\\\/\\\/litrax.ch\\\/wp-content\\\/uploads\\\/2025\\\/10\\\/LX-TOWER50-HVG.Gartenturm-50-5-e1774357922702.png\",\"contentUrl\":\"https:\\\/\\\/litrax.ch\\\/wp-content\\\/uploads\\\/2025\\\/10\\\/LX-TOWER50-HVG.Gartenturm-50-5-e1774357922702.png\",\"width\":1800,\"height\":1500},{\"@type\":\"BreadcrumbList\",\"@id\":\"https:\\\/\\\/litrax.ch\\\/fr\\\/shop\\\/tour-farm-28-extensible-de-facon-modulaire-kopie-2\\\/#breadcrumb\",\"itemListElement\":[{\"@type\":\"ListItem\",\"position\":1,\"name\":\"Startseite\",\"item\":\"https:\\\/\\\/litrax.ch\\\/fr\\\/accueil\\\/\"},{\"@type\":\"ListItem\",\"position\":2,\"name\":\"Boutique\",\"item\":\"https:\\\/\\\/litrax.ch\\\/fr\\\/boutique\\\/\"},{\"@type\":\"ListItem\",\"position\":3,\"name\":\"Jardin Tour 50\"}]},{\"@type\":\"WebSite\",\"@id\":\"https:\\\/\\\/litrax.ch\\\/fr\\\/#website\",\"url\":\"https:\\\/\\\/litrax.ch\\\/fr\\\/\",\"name\":\"Litrax - Hydroponische Systeme\",\"description\":\"Erlebe Hydroponik - der erdlose Gartengenuss.\",\"publisher\":{\"@id\":\"https:\\\/\\\/litrax.ch\\\/fr\\\/#organization\"},\"alternateName\":\"Litrax\",\"potentialAction\":[{\"@type\":\"SearchAction\",\"target\":{\"@type\":\"EntryPoint\",\"urlTemplate\":\"https:\\\/\\\/litrax.ch\\\/fr\\\/?s={search_term_string}\"},\"query-input\":{\"@type\":\"PropertyValueSpecification\",\"valueRequired\":true,\"valueName\":\"search_term_string\"}}],\"inLanguage\":\"fr-FR\"},{\"@type\":\"Organization\",\"@id\":\"https:\\\/\\\/litrax.ch\\\/fr\\\/#organization\",\"name\":\"Litrax - Hydroponische Systeme\",\"alternateName\":\"Litrax\",\"url\":\"https:\\\/\\\/litrax.ch\\\/fr\\\/\",\"logo\":{\"@type\":\"ImageObject\",\"inLanguage\":\"fr-FR\",\"@id\":\"https:\\\/\\\/litrax.ch\\\/fr\\\/#\\\/schema\\\/logo\\\/image\\\/\",\"url\":\"https:\\\/\\\/litrax.ch\\\/wp-content\\\/uploads\\\/2024\\\/03\\\/facivon.png\",\"contentUrl\":\"https:\\\/\\\/litrax.ch\\\/wp-content\\\/uploads\\\/2024\\\/03\\\/facivon.png\",\"width\":150,\"height\":150,\"caption\":\"Litrax - Hydroponische Systeme\"},\"image\":{\"@id\":\"https:\\\/\\\/litrax.ch\\\/fr\\\/#\\\/schema\\\/logo\\\/image\\\/\"},\"sameAs\":[\"https:\\\/\\\/www.facebook.com\\\/Litrax.ch\",\"https:\\\/\\\/www.instagram.com\\\/litrax.ch\\\/\",\"https:\\\/\\\/www.tiktok.com\\\/@litrax.ch\"],\"description\":\"Willkommen bei Litrax \u2013 Ihrem f\u00fchrenden Online-Shop f\u00fcr hochwertige hydroponische Gartensysteme! Wir bieten eine breite Palette an L\u00f6sungen f\u00fcr Privatpersonen, Restaurants und industrielle Gro\u00dfsysteme, um Ihnen zu helfen, Ihre eigene gr\u00fcne Oase zu schaffen, unabh\u00e4ngig von Ihrem Bedarf oder Ihrer Gr\u00f6\u00dfe. F\u00fcr Haushalte\\\/B\u00fcros: Entdecken Sie die Freude am G\u00e4rtnern in Ihrem eigenen Zuhause mit unseren einfach zu bedienenden hydroponischen Gartensystemen. Egal, ob Sie auf einem Balkon, einer Terrasse oder in Ihrem Wohnzimmer g\u00e4rtnern m\u00f6chten \u2013 wir haben das passende System f\u00fcr Sie. Genie\u00dfen Sie frisches Gem\u00fcse, aromatische Kr\u00e4uter und farbenfrohe Blumen das ganze Jahr \u00fcber, direkt aus Ihrem hydroponischen Garten. F\u00fcr Restaurants: Steigern Sie die Qualit\u00e4t Ihrer Gerichte und beeindrucken Sie Ihre G\u00e4ste mit frischen, geschmacksintensiven Zutaten aus unserem Sortiment an hydroponischen Gartensystemen f\u00fcr den gastronomischen Bereich. Unsere Systeme sind platzsparend, effizient und einfach zu bedienen, so dass Sie Ihre eigenen Zutaten direkt in Ihrer K\u00fcche anbauen k\u00f6nnen. Erleben Sie die Freude an nachhaltigem G\u00e4rtnern und lassen Sie Ihre kulinarischen Kreationen erstrahlen. Industrielle Gro\u00dfsysteme: Optimieren Sie Ihre landwirtschaftliche Produktion mit unseren ma\u00dfgeschneiderten hydroponischen Gro\u00dfsystemen. Von vertikalen Farmen bis hin zu automatisierten Anlagen bieten wir skalierbare L\u00f6sungen f\u00fcr maximale Effizienz und Produktivit\u00e4t. Nutzen Sie die Vorteile der hydroponischen Landwirtschaft, um Ihre Ernteertr\u00e4ge zu steigern, Platz zu sparen und Ressourcen zu optimieren. Erfahren Sie, wie unsere Systeme die Zukunft der industriellen Landwirtschaft gestalten k\u00f6nnen. Bei Litrax legen wir Wert auf Qualit\u00e4t und Kundenzufriedenheit. Unsere Produkte sind sorgf\u00e4ltig ausgew\u00e4hlt, um Ihnen die besten Ergebnisse zu garantieren, und wir bieten sie zu g\u00fcnstigen Preisen an. Dank unseres eigenen Lagers in der Schweiz k\u00f6nnen wir Ihnen eine schnelle Lieferung am n\u00e4chsten Tag garantieren.\",\"legalName\":\"Resyx GmbH\",\"foundingDate\":\"2022-12-22\",\"numberOfEmployees\":{\"@type\":\"QuantitativeValue\",\"minValue\":\"1\",\"maxValue\":\"10\"}}]}<\/script>\n<meta property=\"product:price:amount\" content=\"349.00\" \/>\n<meta property=\"product:price:currency\" content=\"CHF\" \/>\n<meta property=\"og:availability\" content=\"instock\" \/>\n<meta property=\"product:availability\" content=\"instock\" \/>\n<meta property=\"product:retailer_item_id\" content=\"LX-TOWER50-HVG\" \/>\n<meta property=\"product:condition\" content=\"new\" \/>\n<!-- \/ Yoast SEO Premium plugin. -->","yoast_head_json":{"title":"Tour de ferme hydroponique : la culture verticale facile - Litrax - Hydroponische Systeme","description":"D\u00e9couvrez la tour hydroponique, extensible de fa\u00e7on modulaire jusqu'\u00e0 50 plantes ! Parfait pour les l\u00e9gumes frais, les salades, les fleurs et les herbes aromatiques, utilisable partout. \ud83c\udf31","robots":{"index":"index","follow":"follow","max-snippet":"max-snippet:-1","max-image-preview":"max-image-preview:large","max-video-preview":"max-video-preview:-1"},"canonical":"https:\/\/litrax.ch\/fr\/shop\/tour-farm-28-extensible-de-facon-modulaire-kopie-2\/","og_locale":"fr_FR","og_type":"article","og_title":"Jardin Tour 50","og_description":"D\u00e9couvrez la tour hydroponique, extensible de fa\u00e7on modulaire jusqu'\u00e0 50 plantes ! Parfait pour les l\u00e9gumes frais, les salades, les fleurs et les herbes aromatiques, utilisable partout. \ud83c\udf31","og_url":"https:\/\/litrax.ch\/fr\/shop\/tour-farm-28-extensible-de-facon-modulaire-kopie-2\/","og_site_name":"Litrax - Hydroponische Systeme","article_publisher":"https:\/\/www.facebook.com\/Litrax.ch","article_modified_time":"2026-03-24T20:44:18+00:00","og_image":[{"width":1800,"height":1500,"url":"https:\/\/litrax.ch\/wp-content\/uploads\/2025\/10\/LX-TOWER50-HVG.Gartenturm-50-5-e1774357922702.png","type":"image\/png"}],"twitter_card":"summary_large_image","twitter_misc":{"Prix":"&#67;&#72;&#70;&nbsp;349.00","Disponibilit\u00e9":"En stock"},"schema":{"@context":"https:\/\/schema.org","@graph":[{"@type":"WebPage","@id":"https:\/\/litrax.ch\/fr\/shop\/tour-farm-28-extensible-de-facon-modulaire-kopie-2\/","url":"https:\/\/litrax.ch\/fr\/shop\/tour-farm-28-extensible-de-facon-modulaire-kopie-2\/","name":"Tour de ferme hydroponique : la culture verticale facile - Litrax - Hydroponische Systeme","isPartOf":{"@id":"https:\/\/litrax.ch\/fr\/#website"},"primaryImageOfPage":{"@id":"https:\/\/litrax.ch\/fr\/shop\/tour-farm-28-extensible-de-facon-modulaire-kopie-2\/#primaryimage"},"image":{"@id":"https:\/\/litrax.ch\/fr\/shop\/tour-farm-28-extensible-de-facon-modulaire-kopie-2\/#primaryimage"},"thumbnailUrl":"https:\/\/litrax.ch\/wp-content\/uploads\/2025\/10\/LX-TOWER50-HVG.Gartenturm-50-5-e1774357922702.png","datePublished":"2025-10-27T14:53:21+00:00","dateModified":"2026-03-24T20:44:18+00:00","description":"D\u00e9couvrez la tour hydroponique, extensible de fa\u00e7on modulaire jusqu'\u00e0 50 plantes ! Parfait pour les l\u00e9gumes frais, les salades, les fleurs et les herbes aromatiques, utilisable partout. \ud83c\udf31","breadcrumb":{"@id":"https:\/\/litrax.ch\/fr\/shop\/tour-farm-28-extensible-de-facon-modulaire-kopie-2\/#breadcrumb"},"inLanguage":"fr-FR","potentialAction":[{"@type":"ReadAction","target":["https:\/\/litrax.ch\/fr\/shop\/tour-farm-28-extensible-de-facon-modulaire-kopie-2\/"]}]},{"@type":"ImageObject","inLanguage":"fr-FR","@id":"https:\/\/litrax.ch\/fr\/shop\/tour-farm-28-extensible-de-facon-modulaire-kopie-2\/#primaryimage","url":"https:\/\/litrax.ch\/wp-content\/uploads\/2025\/10\/LX-TOWER50-HVG.Gartenturm-50-5-e1774357922702.png","contentUrl":"https:\/\/litrax.ch\/wp-content\/uploads\/2025\/10\/LX-TOWER50-HVG.Gartenturm-50-5-e1774357922702.png","width":1800,"height":1500},{"@type":"BreadcrumbList","@id":"https:\/\/litrax.ch\/fr\/shop\/tour-farm-28-extensible-de-facon-modulaire-kopie-2\/#breadcrumb","itemListElement":[{"@type":"ListItem","position":1,"name":"Startseite","item":"https:\/\/litrax.ch\/fr\/accueil\/"},{"@type":"ListItem","position":2,"name":"Boutique","item":"https:\/\/litrax.ch\/fr\/boutique\/"},{"@type":"ListItem","position":3,"name":"Jardin Tour 50"}]},{"@type":"WebSite","@id":"https:\/\/litrax.ch\/fr\/#website","url":"https:\/\/litrax.ch\/fr\/","name":"Litrax - Hydroponische Systeme","description":"Erlebe Hydroponik - der erdlose Gartengenuss.","publisher":{"@id":"https:\/\/litrax.ch\/fr\/#organization"},"alternateName":"Litrax","potentialAction":[{"@type":"SearchAction","target":{"@type":"EntryPoint","urlTemplate":"https:\/\/litrax.ch\/fr\/?s={search_term_string}"},"query-input":{"@type":"PropertyValueSpecification","valueRequired":true,"valueName":"search_term_string"}}],"inLanguage":"fr-FR"},{"@type":"Organization","@id":"https:\/\/litrax.ch\/fr\/#organization","name":"Litrax - Hydroponische Systeme","alternateName":"Litrax","url":"https:\/\/litrax.ch\/fr\/","logo":{"@type":"ImageObject","inLanguage":"fr-FR","@id":"https:\/\/litrax.ch\/fr\/#\/schema\/logo\/image\/","url":"https:\/\/litrax.ch\/wp-content\/uploads\/2024\/03\/facivon.png","contentUrl":"https:\/\/litrax.ch\/wp-content\/uploads\/2024\/03\/facivon.png","width":150,"height":150,"caption":"Litrax - Hydroponische Systeme"},"image":{"@id":"https:\/\/litrax.ch\/fr\/#\/schema\/logo\/image\/"},"sameAs":["https:\/\/www.facebook.com\/Litrax.ch","https:\/\/www.instagram.com\/litrax.ch\/","https:\/\/www.tiktok.com\/@litrax.ch"],"description":"Willkommen bei Litrax \u2013 Ihrem f\u00fchrenden Online-Shop f\u00fcr hochwertige hydroponische Gartensysteme! Wir bieten eine breite Palette an L\u00f6sungen f\u00fcr Privatpersonen, Restaurants und industrielle Gro\u00dfsysteme, um Ihnen zu helfen, Ihre eigene gr\u00fcne Oase zu schaffen, unabh\u00e4ngig von Ihrem Bedarf oder Ihrer Gr\u00f6\u00dfe. F\u00fcr Haushalte\/B\u00fcros: Entdecken Sie die Freude am G\u00e4rtnern in Ihrem eigenen Zuhause mit unseren einfach zu bedienenden hydroponischen Gartensystemen. Egal, ob Sie auf einem Balkon, einer Terrasse oder in Ihrem Wohnzimmer g\u00e4rtnern m\u00f6chten \u2013 wir haben das passende System f\u00fcr Sie. Genie\u00dfen Sie frisches Gem\u00fcse, aromatische Kr\u00e4uter und farbenfrohe Blumen das ganze Jahr \u00fcber, direkt aus Ihrem hydroponischen Garten. F\u00fcr Restaurants: Steigern Sie die Qualit\u00e4t Ihrer Gerichte und beeindrucken Sie Ihre G\u00e4ste mit frischen, geschmacksintensiven Zutaten aus unserem Sortiment an hydroponischen Gartensystemen f\u00fcr den gastronomischen Bereich. Unsere Systeme sind platzsparend, effizient und einfach zu bedienen, so dass Sie Ihre eigenen Zutaten direkt in Ihrer K\u00fcche anbauen k\u00f6nnen. Erleben Sie die Freude an nachhaltigem G\u00e4rtnern und lassen Sie Ihre kulinarischen Kreationen erstrahlen. Industrielle Gro\u00dfsysteme: Optimieren Sie Ihre landwirtschaftliche Produktion mit unseren ma\u00dfgeschneiderten hydroponischen Gro\u00dfsystemen. Von vertikalen Farmen bis hin zu automatisierten Anlagen bieten wir skalierbare L\u00f6sungen f\u00fcr maximale Effizienz und Produktivit\u00e4t. Nutzen Sie die Vorteile der hydroponischen Landwirtschaft, um Ihre Ernteertr\u00e4ge zu steigern, Platz zu sparen und Ressourcen zu optimieren. Erfahren Sie, wie unsere Systeme die Zukunft der industriellen Landwirtschaft gestalten k\u00f6nnen. Bei Litrax legen wir Wert auf Qualit\u00e4t und Kundenzufriedenheit. Unsere Produkte sind sorgf\u00e4ltig ausgew\u00e4hlt, um Ihnen die besten Ergebnisse zu garantieren, und wir bieten sie zu g\u00fcnstigen Preisen an. Dank unseres eigenen Lagers in der Schweiz k\u00f6nnen wir Ihnen eine schnelle Lieferung am n\u00e4chsten Tag garantieren.","legalName":"Resyx GmbH","foundingDate":"2022-12-22","numberOfEmployees":{"@type":"QuantitativeValue","minValue":"1","maxValue":"10"}}]},"product_price_amount":"349.00","product_price_currency":"CHF","og_availability":"instock","product_availability":"instock","product_retailer_item_id":"LX-TOWER50-HVG","product_condition":"new"},"_links":{"self":[{"href":"https:\/\/litrax.ch\/fr\/wp-json\/wp\/v2\/product\/24769","targetHints":{"allow":["GET"]}}],"collection":[{"href":"https:\/\/litrax.ch\/fr\/wp-json\/wp\/v2\/product"}],"about":[{"href":"https:\/\/litrax.ch\/fr\/wp-json\/wp\/v2\/types\/product"}],"replies":[{"embeddable":true,"href":"https:\/\/litrax.ch\/fr\/wp-json\/wp\/v2\/comments?post=24769"}],"wp:featuredmedia":[{"embeddable":true,"href":"https:\/\/litrax.ch\/fr\/wp-json\/wp\/v2\/media\/25723"}],"wp:attachment":[{"href":"https:\/\/litrax.ch\/fr\/wp-json\/wp\/v2\/media?parent=24769"}],"wp:term":[{"taxonomy":"product_brand","embeddable":true,"href":"https:\/\/litrax.ch\/fr\/wp-json\/wp\/v2\/product_brand?post=24769"},{"taxonomy":"product_cat","embeddable":true,"href":"https:\/\/litrax.ch\/fr\/wp-json\/wp\/v2\/product_cat?post=24769"},{"taxonomy":"product_tag","embeddable":true,"href":"https:\/\/litrax.ch\/fr\/wp-json\/wp\/v2\/product_tag?post=24769"}],"curies":[{"name":"wp","href":"https:\/\/api.w.org\/{rel}","templated":true}]}}