{"id":25563,"date":"2026-03-23T13:12:13","date_gmt":"2026-03-23T13:12:13","guid":{"rendered":"https:\/\/litrax.ch\/?post_type=product&#038;p=25563"},"modified":"2026-04-07T11:09:02","modified_gmt":"2026-04-07T11:09:02","slug":"sheila-smart-garden-17-kopie","status":"publish","type":"product","link":"https:\/\/litrax.ch\/fr\/shop\/sheila-smart-garden-17-kopie\/","title":{"rendered":"PHOENIX Smart Garden 16"},"content":{"rendered":"<p dir=\"auto\">PHOENIX Smart Garden 16 &#8211; Jardin hydroponique d&#8217;int\u00e9rieur avec 16 pods, LED Grow Light, Sprout Mode &amp; 3 Modes<\/p>\n<h2 dir=\"auto\"><strong>Herbes fra\u00eeches, salades &amp; fleurs toute l&#8217;ann\u00e9e \u2013 directement dans votre cuisine !<\/strong><\/h2>\n<p dir=\"auto\">Le <strong>PHOENIX Smart Garden 16<\/strong> (article LX244) est le syst\u00e8me hydroponique intelligent \u00e0 16 pods pour tous ceux qui veulent r\u00e9colter sans terre, sans stress et <strong>6\u00d7 plus vite<\/strong>.<\/p>\n<p dir=\"auto\"><strong>Doublez votre r\u00e9colte gr\u00e2ce \u00e0 une conception intelligente en deux couches<\/strong><br \/>\nEn haut, vous faites pousser vos plantes pr\u00e9f\u00e9r\u00e9es &#8211; en bas, vous d\u00e9marrez simultan\u00e9ment des germes en mode Sprout. Vous doublez ainsi votre surface de culture et pouvez m\u00eame \u00e9clairer des plantes succulentes ou de petits aquariums. <\/p>\n<h2 dir=\"auto\"><strong>3 modes de croissance intelligents + LED \u00e0 spectre complet de 34,7 W<\/strong><\/h2>\n<ul>\n<li dir=\"auto\">Vegetables Mode \u2192 vert luxuriant<\/li>\n<li dir=\"auto\">Flowers &amp; Fruits Mode \u2192 plus de fleurs et de rendement<\/li>\n<li dir=\"auto\">Sprout Mode \u2192 plants pr\u00e9coces<\/li>\n<li dir=\"auto\">La LED r\u00e9glable en hauteur (jusqu&#8217;\u00e0 66,7 cm) peut \u00eatre tourn\u00e9e \u00e0 180\u00b0 pour atteindre parfaitement chaque plante.<\/li>\n<\/ul>\n<p dir=\"auto\"><strong>Circulation de l&#8217;eau ultra-silencieuse (&lt; 20 dB)<\/strong><br \/>\nPompe automatique toutes les 30 minutes, oxyg\u00e8ne suppl\u00e9mentaire pour des racines fortes, grand r\u00e9servoir d&#8217;eau avec fen\u00eatre de visualisation &#8211; vous voyez toujours le niveau d&#8217;eau et la croissance des racines.<\/p>\n<p dir=\"auto\"><strong>Smart &amp; sans souci<\/strong><br \/>\nCommande tactile intelligente, puce intelligente, protection contre les pannes de courant et mat\u00e9riau ABS de haute qualit\u00e9. Une panne de courant ? Vos plantes continuent de pousser malgr\u00e9 tout.  <\/p>\n<p dir=\"auto\"><strong>Cadeau parfait &amp; id\u00e9al pour<\/strong><br \/>\nM\u00e8res, p\u00e8res, jardiniers d&#8217;appartement, cuisiniers, \u00e9tudiants et enfants. Pas de graines incluses &#8211; plantez simplement vos vari\u00e9t\u00e9s pr\u00e9f\u00e9r\u00e9es. <\/p>\n<p dir=\"auto\"><strong>Points forts techniques<\/strong><\/p>\n<ul>\n<li dir=\"auto\">16 pods<\/li>\n<li dir=\"auto\">Hauteur r\u00e9glable 33,5-66,7 cm<\/li>\n<li dir=\"auto\">Poids de 3,1 kg seulement<\/li>\n<li dir=\"auto\">Dimensions : 52 \u00d7 23 \u00d7 33,5-66,7 cm<\/li>\n<\/ul>\n<p dir=\"auto\">Avec le <strong>PHOENIX Smart Garden 16<\/strong>, vous obtenez une v\u00e9ritable fra\u00eecheur de la ferme \u00e0 la table chez vous, sans balcon ni jardin.<\/p>\n<p dir=\"auto\"><strong>Commandez maintenant et r\u00e9coltez en quelques semaines !<\/strong> \ud83c\udf31<\/p>\n","protected":false},"excerpt":{"rendered":"<p>PHOENIX Smart Garden 16 &#8211; Jardin hydroponique d&#8217;int\u00e9rieur avec 16 pods, LED Grow Light, Sprout Mode &amp; 3 Modes Herbes fra\u00eeches, salades &amp; fleurs toute l&#8217;ann\u00e9e \u2013 directement dans votre cuisine ! Le PHOENIX Smart Garden 16 (article LX244) est le syst\u00e8me hydroponique intelligent \u00e0 16 pods pour tous ceux qui veulent r\u00e9colter sans terre, [&hellip;]<\/p>\n","protected":false},"featured_media":25606,"comment_status":"open","ping_status":"closed","template":"","meta":[],"product_brand":[],"product_cat":[119],"product_tag":[392,754],"class_list":{"0":"post-25563","1":"product","2":"type-product","3":"status-publish","4":"has-post-thumbnail","6":"product_cat-hydroponique","7":"product_tag-gastronomie-fr","8":"product_tag-indoor-fr-2","10":"first","11":"instock","12":"taxable","13":"shipping-taxable","14":"purchasable","15":"product-type-simple"},"yoast_head":"<!-- This site is optimized with the Yoast SEO Premium plugin v26.7 (Yoast SEO v27.4) - https:\/\/yoast.com\/product\/yoast-seo-premium-wordpress\/ -->\n<title>PHOENIX Smart Garden 16 - Litrax - Hydroponische Systeme<\/title>\n<meta name=\"description\" content=\"PHOENIX Smart Garden 16 - l\u00e9gumes et herbes fra\u00eeches quotidiennement avec le syst\u00e8me double : en bas, les plantules poussent en mode germination, tandis qu&#039;en haut les plantes arrivent \u00e0 maturit\u00e9\" \/>\n<meta name=\"robots\" content=\"index, follow, max-snippet:-1, max-image-preview:large, max-video-preview:-1\" \/>\n<link rel=\"canonical\" href=\"https:\/\/litrax.ch\/fr\/shop\/sheila-smart-garden-17-kopie\/\" \/>\n<meta property=\"og:locale\" content=\"fr_FR\" \/>\n<meta property=\"og:type\" content=\"article\" \/>\n<meta property=\"og:title\" content=\"PHOENIX Smart Garden 16\" \/>\n<meta property=\"og:description\" content=\"PHOENIX Smart Garden 16 - l\u00e9gumes et herbes fra\u00eeches quotidiennement avec le syst\u00e8me double : en bas, les plantules poussent en mode germination, tandis qu&#039;en haut les plantes arrivent \u00e0 maturit\u00e9\" \/>\n<meta property=\"og:url\" content=\"https:\/\/litrax.ch\/fr\/shop\/sheila-smart-garden-17-kopie\/\" \/>\n<meta property=\"og:site_name\" content=\"Litrax - Hydroponische Systeme\" \/>\n<meta property=\"article:publisher\" content=\"https:\/\/www.facebook.com\/Litrax.ch\" \/>\n<meta property=\"article:modified_time\" content=\"2026-04-07T11:09:02+00:00\" \/>\n<meta property=\"og:image\" content=\"https:\/\/litrax.ch\/wp-content\/uploads\/2026\/03\/LX244-W-PHOENIX-16b-e1774356794850.png\" \/>\n\t<meta property=\"og:image:width\" content=\"1400\" \/>\n\t<meta property=\"og:image:height\" content=\"900\" \/>\n\t<meta property=\"og:image:type\" content=\"image\/png\" \/>\n<meta name=\"twitter:card\" content=\"summary_large_image\" \/>\n<meta name=\"twitter:label1\" content=\"Prix\" \/>\n\t<meta name=\"twitter:data1\" content=\"&#067;&#072;&#070;&nbsp;169.00\" \/>\n\t<meta name=\"twitter:label2\" content=\"Disponibilit\u00e9\" \/>\n\t<meta name=\"twitter:data2\" content=\"En stock\" \/>\n<script type=\"application\/ld+json\" class=\"yoast-schema-graph\">{\"@context\":\"https:\\\/\\\/schema.org\",\"@graph\":[{\"@type\":\"WebPage\",\"@id\":\"https:\\\/\\\/litrax.ch\\\/fr\\\/shop\\\/sheila-smart-garden-17-kopie\\\/\",\"url\":\"https:\\\/\\\/litrax.ch\\\/fr\\\/shop\\\/sheila-smart-garden-17-kopie\\\/\",\"name\":\"PHOENIX Smart Garden 16 - Litrax - Hydroponische Systeme\",\"isPartOf\":{\"@id\":\"https:\\\/\\\/litrax.ch\\\/fr\\\/#website\"},\"primaryImageOfPage\":{\"@id\":\"https:\\\/\\\/litrax.ch\\\/fr\\\/shop\\\/sheila-smart-garden-17-kopie\\\/#primaryimage\"},\"image\":{\"@id\":\"https:\\\/\\\/litrax.ch\\\/fr\\\/shop\\\/sheila-smart-garden-17-kopie\\\/#primaryimage\"},\"thumbnailUrl\":\"https:\\\/\\\/litrax.ch\\\/wp-content\\\/uploads\\\/2026\\\/03\\\/LX244-W-PHOENIX-16b-e1774356794850.png\",\"datePublished\":\"2026-03-23T13:12:13+00:00\",\"dateModified\":\"2026-04-07T11:09:02+00:00\",\"description\":\"PHOENIX Smart Garden 16 - l\u00e9gumes et herbes fra\u00eeches quotidiennement avec le syst\u00e8me double : en bas, les plantules poussent en mode germination, tandis qu'en haut les plantes arrivent \u00e0 maturit\u00e9\",\"breadcrumb\":{\"@id\":\"https:\\\/\\\/litrax.ch\\\/fr\\\/shop\\\/sheila-smart-garden-17-kopie\\\/#breadcrumb\"},\"inLanguage\":\"fr-FR\",\"potentialAction\":[{\"@type\":\"ReadAction\",\"target\":[\"https:\\\/\\\/litrax.ch\\\/fr\\\/shop\\\/sheila-smart-garden-17-kopie\\\/\"]}]},{\"@type\":\"ImageObject\",\"inLanguage\":\"fr-FR\",\"@id\":\"https:\\\/\\\/litrax.ch\\\/fr\\\/shop\\\/sheila-smart-garden-17-kopie\\\/#primaryimage\",\"url\":\"https:\\\/\\\/litrax.ch\\\/wp-content\\\/uploads\\\/2026\\\/03\\\/LX244-W-PHOENIX-16b-e1774356794850.png\",\"contentUrl\":\"https:\\\/\\\/litrax.ch\\\/wp-content\\\/uploads\\\/2026\\\/03\\\/LX244-W-PHOENIX-16b-e1774356794850.png\",\"width\":1400,\"height\":900,\"caption\":\"PHOENIX Smart Garden 16\"},{\"@type\":\"BreadcrumbList\",\"@id\":\"https:\\\/\\\/litrax.ch\\\/fr\\\/shop\\\/sheila-smart-garden-17-kopie\\\/#breadcrumb\",\"itemListElement\":[{\"@type\":\"ListItem\",\"position\":1,\"name\":\"Startseite\",\"item\":\"https:\\\/\\\/litrax.ch\\\/fr\\\/accueil\\\/\"},{\"@type\":\"ListItem\",\"position\":2,\"name\":\"Boutique\",\"item\":\"https:\\\/\\\/litrax.ch\\\/fr\\\/boutique\\\/\"},{\"@type\":\"ListItem\",\"position\":3,\"name\":\"PHOENIX Smart Garden 16\"}]},{\"@type\":\"WebSite\",\"@id\":\"https:\\\/\\\/litrax.ch\\\/fr\\\/#website\",\"url\":\"https:\\\/\\\/litrax.ch\\\/fr\\\/\",\"name\":\"Litrax - Hydroponische Systeme\",\"description\":\"Erlebe Hydroponik - der erdlose Gartengenuss.\",\"publisher\":{\"@id\":\"https:\\\/\\\/litrax.ch\\\/fr\\\/#organization\"},\"alternateName\":\"Litrax\",\"potentialAction\":[{\"@type\":\"SearchAction\",\"target\":{\"@type\":\"EntryPoint\",\"urlTemplate\":\"https:\\\/\\\/litrax.ch\\\/fr\\\/?s={search_term_string}\"},\"query-input\":{\"@type\":\"PropertyValueSpecification\",\"valueRequired\":true,\"valueName\":\"search_term_string\"}}],\"inLanguage\":\"fr-FR\"},{\"@type\":\"Organization\",\"@id\":\"https:\\\/\\\/litrax.ch\\\/fr\\\/#organization\",\"name\":\"Litrax - Hydroponische Systeme\",\"alternateName\":\"Litrax\",\"url\":\"https:\\\/\\\/litrax.ch\\\/fr\\\/\",\"logo\":{\"@type\":\"ImageObject\",\"inLanguage\":\"fr-FR\",\"@id\":\"https:\\\/\\\/litrax.ch\\\/fr\\\/#\\\/schema\\\/logo\\\/image\\\/\",\"url\":\"https:\\\/\\\/litrax.ch\\\/wp-content\\\/uploads\\\/2024\\\/03\\\/facivon.png\",\"contentUrl\":\"https:\\\/\\\/litrax.ch\\\/wp-content\\\/uploads\\\/2024\\\/03\\\/facivon.png\",\"width\":150,\"height\":150,\"caption\":\"Litrax - Hydroponische Systeme\"},\"image\":{\"@id\":\"https:\\\/\\\/litrax.ch\\\/fr\\\/#\\\/schema\\\/logo\\\/image\\\/\"},\"sameAs\":[\"https:\\\/\\\/www.facebook.com\\\/Litrax.ch\",\"https:\\\/\\\/www.instagram.com\\\/litrax.ch\\\/\",\"https:\\\/\\\/www.tiktok.com\\\/@litrax.ch\"],\"description\":\"Willkommen bei Litrax \u2013 Ihrem f\u00fchrenden Online-Shop f\u00fcr hochwertige hydroponische Gartensysteme! Wir bieten eine breite Palette an L\u00f6sungen f\u00fcr Privatpersonen, Restaurants und industrielle Gro\u00dfsysteme, um Ihnen zu helfen, Ihre eigene gr\u00fcne Oase zu schaffen, unabh\u00e4ngig von Ihrem Bedarf oder Ihrer Gr\u00f6\u00dfe. F\u00fcr Haushalte\\\/B\u00fcros: Entdecken Sie die Freude am G\u00e4rtnern in Ihrem eigenen Zuhause mit unseren einfach zu bedienenden hydroponischen Gartensystemen. Egal, ob Sie auf einem Balkon, einer Terrasse oder in Ihrem Wohnzimmer g\u00e4rtnern m\u00f6chten \u2013 wir haben das passende System f\u00fcr Sie. Genie\u00dfen Sie frisches Gem\u00fcse, aromatische Kr\u00e4uter und farbenfrohe Blumen das ganze Jahr \u00fcber, direkt aus Ihrem hydroponischen Garten. F\u00fcr Restaurants: Steigern Sie die Qualit\u00e4t Ihrer Gerichte und beeindrucken Sie Ihre G\u00e4ste mit frischen, geschmacksintensiven Zutaten aus unserem Sortiment an hydroponischen Gartensystemen f\u00fcr den gastronomischen Bereich. Unsere Systeme sind platzsparend, effizient und einfach zu bedienen, so dass Sie Ihre eigenen Zutaten direkt in Ihrer K\u00fcche anbauen k\u00f6nnen. Erleben Sie die Freude an nachhaltigem G\u00e4rtnern und lassen Sie Ihre kulinarischen Kreationen erstrahlen. Industrielle Gro\u00dfsysteme: Optimieren Sie Ihre landwirtschaftliche Produktion mit unseren ma\u00dfgeschneiderten hydroponischen Gro\u00dfsystemen. Von vertikalen Farmen bis hin zu automatisierten Anlagen bieten wir skalierbare L\u00f6sungen f\u00fcr maximale Effizienz und Produktivit\u00e4t. Nutzen Sie die Vorteile der hydroponischen Landwirtschaft, um Ihre Ernteertr\u00e4ge zu steigern, Platz zu sparen und Ressourcen zu optimieren. Erfahren Sie, wie unsere Systeme die Zukunft der industriellen Landwirtschaft gestalten k\u00f6nnen. Bei Litrax legen wir Wert auf Qualit\u00e4t und Kundenzufriedenheit. Unsere Produkte sind sorgf\u00e4ltig ausgew\u00e4hlt, um Ihnen die besten Ergebnisse zu garantieren, und wir bieten sie zu g\u00fcnstigen Preisen an. Dank unseres eigenen Lagers in der Schweiz k\u00f6nnen wir Ihnen eine schnelle Lieferung am n\u00e4chsten Tag garantieren.\",\"legalName\":\"Resyx GmbH\",\"foundingDate\":\"2022-12-22\",\"numberOfEmployees\":{\"@type\":\"QuantitativeValue\",\"minValue\":\"1\",\"maxValue\":\"10\"}}]}<\/script>\n<meta property=\"og:video\" content=\"https:\/\/www.youtube.com\/embed\/2p9vVtmUlDk\" \/>\n<meta property=\"og:video:type\" content=\"text\/html\" \/>\n<meta property=\"og:video:duration\" content=\"59\" \/>\n<meta property=\"og:video:width\" content=\"480\" \/>\n<meta property=\"og:video:height\" content=\"270\" \/>\n<meta property=\"ya:ovs:adult\" content=\"false\" \/>\n<meta property=\"ya:ovs:upload_date\" content=\"2026-03-23T13:12:13+00:00\" \/>\n<meta property=\"ya:ovs:allow_embed\" content=\"true\" \/>\n<meta property=\"product:price:amount\" content=\"169.00\" \/>\n<meta property=\"product:price:currency\" content=\"CHF\" \/>\n<meta property=\"og:availability\" content=\"instock\" \/>\n<meta property=\"product:availability\" content=\"instock\" \/>\n<meta property=\"product:retailer_item_id\" content=\"LX244-W\" \/>\n<meta property=\"product:condition\" content=\"new\" \/>\n<!-- \/ Yoast SEO Premium plugin. -->","yoast_head_json":{"title":"PHOENIX Smart Garden 16 - Litrax - Hydroponische Systeme","description":"PHOENIX Smart Garden 16 - l\u00e9gumes et herbes fra\u00eeches quotidiennement avec le syst\u00e8me double : en bas, les plantules poussent en mode germination, tandis qu'en haut les plantes arrivent \u00e0 maturit\u00e9","robots":{"index":"index","follow":"follow","max-snippet":"max-snippet:-1","max-image-preview":"max-image-preview:large","max-video-preview":"max-video-preview:-1"},"canonical":"https:\/\/litrax.ch\/fr\/shop\/sheila-smart-garden-17-kopie\/","og_locale":"fr_FR","og_type":"article","og_title":"PHOENIX Smart Garden 16","og_description":"PHOENIX Smart Garden 16 - l\u00e9gumes et herbes fra\u00eeches quotidiennement avec le syst\u00e8me double : en bas, les plantules poussent en mode germination, tandis qu'en haut les plantes arrivent \u00e0 maturit\u00e9","og_url":"https:\/\/litrax.ch\/fr\/shop\/sheila-smart-garden-17-kopie\/","og_site_name":"Litrax - Hydroponische Systeme","article_publisher":"https:\/\/www.facebook.com\/Litrax.ch","article_modified_time":"2026-04-07T11:09:02+00:00","og_image":[{"width":1400,"height":900,"url":"https:\/\/litrax.ch\/wp-content\/uploads\/2026\/03\/LX244-W-PHOENIX-16b-e1774356794850.png","type":"image\/png"}],"twitter_card":"summary_large_image","twitter_misc":{"Prix":"&#67;&#72;&#70;&nbsp;169.00","Disponibilit\u00e9":"En stock"},"schema":{"@context":"https:\/\/schema.org","@graph":[{"@type":"WebPage","@id":"https:\/\/litrax.ch\/fr\/shop\/sheila-smart-garden-17-kopie\/","url":"https:\/\/litrax.ch\/fr\/shop\/sheila-smart-garden-17-kopie\/","name":"PHOENIX Smart Garden 16 - Litrax - Hydroponische Systeme","isPartOf":{"@id":"https:\/\/litrax.ch\/fr\/#website"},"primaryImageOfPage":{"@id":"https:\/\/litrax.ch\/fr\/shop\/sheila-smart-garden-17-kopie\/#primaryimage"},"image":{"@id":"https:\/\/litrax.ch\/fr\/shop\/sheila-smart-garden-17-kopie\/#primaryimage"},"thumbnailUrl":"https:\/\/litrax.ch\/wp-content\/uploads\/2026\/03\/LX244-W-PHOENIX-16b-e1774356794850.png","datePublished":"2026-03-23T13:12:13+00:00","dateModified":"2026-04-07T11:09:02+00:00","description":"PHOENIX Smart Garden 16 - l\u00e9gumes et herbes fra\u00eeches quotidiennement avec le syst\u00e8me double : en bas, les plantules poussent en mode germination, tandis qu'en haut les plantes arrivent \u00e0 maturit\u00e9","breadcrumb":{"@id":"https:\/\/litrax.ch\/fr\/shop\/sheila-smart-garden-17-kopie\/#breadcrumb"},"inLanguage":"fr-FR","potentialAction":[{"@type":"ReadAction","target":["https:\/\/litrax.ch\/fr\/shop\/sheila-smart-garden-17-kopie\/"]}]},{"@type":"ImageObject","inLanguage":"fr-FR","@id":"https:\/\/litrax.ch\/fr\/shop\/sheila-smart-garden-17-kopie\/#primaryimage","url":"https:\/\/litrax.ch\/wp-content\/uploads\/2026\/03\/LX244-W-PHOENIX-16b-e1774356794850.png","contentUrl":"https:\/\/litrax.ch\/wp-content\/uploads\/2026\/03\/LX244-W-PHOENIX-16b-e1774356794850.png","width":1400,"height":900,"caption":"PHOENIX Smart Garden 16"},{"@type":"BreadcrumbList","@id":"https:\/\/litrax.ch\/fr\/shop\/sheila-smart-garden-17-kopie\/#breadcrumb","itemListElement":[{"@type":"ListItem","position":1,"name":"Startseite","item":"https:\/\/litrax.ch\/fr\/accueil\/"},{"@type":"ListItem","position":2,"name":"Boutique","item":"https:\/\/litrax.ch\/fr\/boutique\/"},{"@type":"ListItem","position":3,"name":"PHOENIX Smart Garden 16"}]},{"@type":"WebSite","@id":"https:\/\/litrax.ch\/fr\/#website","url":"https:\/\/litrax.ch\/fr\/","name":"Litrax - Hydroponische Systeme","description":"Erlebe Hydroponik - der erdlose Gartengenuss.","publisher":{"@id":"https:\/\/litrax.ch\/fr\/#organization"},"alternateName":"Litrax","potentialAction":[{"@type":"SearchAction","target":{"@type":"EntryPoint","urlTemplate":"https:\/\/litrax.ch\/fr\/?s={search_term_string}"},"query-input":{"@type":"PropertyValueSpecification","valueRequired":true,"valueName":"search_term_string"}}],"inLanguage":"fr-FR"},{"@type":"Organization","@id":"https:\/\/litrax.ch\/fr\/#organization","name":"Litrax - Hydroponische Systeme","alternateName":"Litrax","url":"https:\/\/litrax.ch\/fr\/","logo":{"@type":"ImageObject","inLanguage":"fr-FR","@id":"https:\/\/litrax.ch\/fr\/#\/schema\/logo\/image\/","url":"https:\/\/litrax.ch\/wp-content\/uploads\/2024\/03\/facivon.png","contentUrl":"https:\/\/litrax.ch\/wp-content\/uploads\/2024\/03\/facivon.png","width":150,"height":150,"caption":"Litrax - Hydroponische Systeme"},"image":{"@id":"https:\/\/litrax.ch\/fr\/#\/schema\/logo\/image\/"},"sameAs":["https:\/\/www.facebook.com\/Litrax.ch","https:\/\/www.instagram.com\/litrax.ch\/","https:\/\/www.tiktok.com\/@litrax.ch"],"description":"Willkommen bei Litrax \u2013 Ihrem f\u00fchrenden Online-Shop f\u00fcr hochwertige hydroponische Gartensysteme! Wir bieten eine breite Palette an L\u00f6sungen f\u00fcr Privatpersonen, Restaurants und industrielle Gro\u00dfsysteme, um Ihnen zu helfen, Ihre eigene gr\u00fcne Oase zu schaffen, unabh\u00e4ngig von Ihrem Bedarf oder Ihrer Gr\u00f6\u00dfe. F\u00fcr Haushalte\/B\u00fcros: Entdecken Sie die Freude am G\u00e4rtnern in Ihrem eigenen Zuhause mit unseren einfach zu bedienenden hydroponischen Gartensystemen. Egal, ob Sie auf einem Balkon, einer Terrasse oder in Ihrem Wohnzimmer g\u00e4rtnern m\u00f6chten \u2013 wir haben das passende System f\u00fcr Sie. Genie\u00dfen Sie frisches Gem\u00fcse, aromatische Kr\u00e4uter und farbenfrohe Blumen das ganze Jahr \u00fcber, direkt aus Ihrem hydroponischen Garten. F\u00fcr Restaurants: Steigern Sie die Qualit\u00e4t Ihrer Gerichte und beeindrucken Sie Ihre G\u00e4ste mit frischen, geschmacksintensiven Zutaten aus unserem Sortiment an hydroponischen Gartensystemen f\u00fcr den gastronomischen Bereich. Unsere Systeme sind platzsparend, effizient und einfach zu bedienen, so dass Sie Ihre eigenen Zutaten direkt in Ihrer K\u00fcche anbauen k\u00f6nnen. Erleben Sie die Freude an nachhaltigem G\u00e4rtnern und lassen Sie Ihre kulinarischen Kreationen erstrahlen. Industrielle Gro\u00dfsysteme: Optimieren Sie Ihre landwirtschaftliche Produktion mit unseren ma\u00dfgeschneiderten hydroponischen Gro\u00dfsystemen. Von vertikalen Farmen bis hin zu automatisierten Anlagen bieten wir skalierbare L\u00f6sungen f\u00fcr maximale Effizienz und Produktivit\u00e4t. Nutzen Sie die Vorteile der hydroponischen Landwirtschaft, um Ihre Ernteertr\u00e4ge zu steigern, Platz zu sparen und Ressourcen zu optimieren. Erfahren Sie, wie unsere Systeme die Zukunft der industriellen Landwirtschaft gestalten k\u00f6nnen. Bei Litrax legen wir Wert auf Qualit\u00e4t und Kundenzufriedenheit. Unsere Produkte sind sorgf\u00e4ltig ausgew\u00e4hlt, um Ihnen die besten Ergebnisse zu garantieren, und wir bieten sie zu g\u00fcnstigen Preisen an. Dank unseres eigenen Lagers in der Schweiz k\u00f6nnen wir Ihnen eine schnelle Lieferung am n\u00e4chsten Tag garantieren.","legalName":"Resyx GmbH","foundingDate":"2022-12-22","numberOfEmployees":{"@type":"QuantitativeValue","minValue":"1","maxValue":"10"}}]},"og_video":"https:\/\/www.youtube.com\/embed\/2p9vVtmUlDk","og_video_type":"text\/html","og_video_duration":"59","og_video_width":"480","og_video_height":"270","ya_ovs_adult":"false","ya_ovs_upload_date":"2026-03-23T13:12:13+00:00","ya_ovs_allow_embed":"true","product_price_amount":"169.00","product_price_currency":"CHF","og_availability":"instock","product_availability":"instock","product_retailer_item_id":"LX244-W","product_condition":"new"},"_links":{"self":[{"href":"https:\/\/litrax.ch\/fr\/wp-json\/wp\/v2\/product\/25563","targetHints":{"allow":["GET"]}}],"collection":[{"href":"https:\/\/litrax.ch\/fr\/wp-json\/wp\/v2\/product"}],"about":[{"href":"https:\/\/litrax.ch\/fr\/wp-json\/wp\/v2\/types\/product"}],"replies":[{"embeddable":true,"href":"https:\/\/litrax.ch\/fr\/wp-json\/wp\/v2\/comments?post=25563"}],"wp:featuredmedia":[{"embeddable":true,"href":"https:\/\/litrax.ch\/fr\/wp-json\/wp\/v2\/media\/25606"}],"wp:attachment":[{"href":"https:\/\/litrax.ch\/fr\/wp-json\/wp\/v2\/media?parent=25563"}],"wp:term":[{"taxonomy":"product_brand","embeddable":true,"href":"https:\/\/litrax.ch\/fr\/wp-json\/wp\/v2\/product_brand?post=25563"},{"taxonomy":"product_cat","embeddable":true,"href":"https:\/\/litrax.ch\/fr\/wp-json\/wp\/v2\/product_cat?post=25563"},{"taxonomy":"product_tag","embeddable":true,"href":"https:\/\/litrax.ch\/fr\/wp-json\/wp\/v2\/product_tag?post=25563"}],"curies":[{"name":"wp","href":"https:\/\/api.w.org\/{rel}","templated":true}]}}