{"id":25618,"date":"2026-03-23T17:31:16","date_gmt":"2026-03-23T17:31:16","guid":{"rendered":"https:\/\/litrax.ch\/?post_type=product&#038;p=25618"},"modified":"2026-03-24T19:43:19","modified_gmt":"2026-03-24T19:43:19","slug":"wuxal-universal-hyroponik-nutrition-kopie","status":"publish","type":"product","link":"https:\/\/litrax.ch\/fr\/shop\/wuxal-universal-hyroponik-nutrition-kopie\/","title":{"rendered":"VEGASAN MEGA Nutriment"},"content":{"rendered":"<p>Vegesan Mega est un engrais liquide concentr\u00e9 destin\u00e9 \u00e0 \u00eatre utilis\u00e9 sur les plantes ornementales, les cultures sp\u00e9ciales sensibles et les l\u00e9gumes. Vegesan Mega a un effet adoucissant sur l&#8217;eau, ce qui emp\u00eache la formation de taches foliaires m\u00eame en cas d&#8217;eau dure et am\u00e9liore consid\u00e9rablement l&#8217;absorption des oligo-\u00e9l\u00e9ments. La combinaison \u00e9quilibr\u00e9e d&#8217;\u00e9l\u00e9ments nutritifs assure une croissance harmonieuse et favorise \u00e9galement la formation de fleurs et de fruits. Vegesan Mega peut \u00eatre utilis\u00e9 comme engrais racinaire et foliaire. Le syst\u00e8me de tampon et d&#8217;adoucissement de l&#8217;eau assure des conditions physiologiques favorables lors de l&#8217;arrosage.    <\/p>\n<p><strong>Convient pour<\/strong><\/p>\n<p>Hydroponie, culture, phase finale, fertilisation liquide<\/p>\n<p><strong>Caract\u00e9ristiques<\/strong><\/p>\n<p>Faible teneur en chlore, oligo-\u00e9l\u00e9ments ch\u00e9lat\u00e9s, min\u00e9raux, solubles dans l&#8217;eau<\/p>\n<p><strong>Culture &#8211; Plantes<\/strong><\/p>\n<p>Baies, l\u00e9gumes, haies, bacs, fruits, roses, fleurs d&#8217;\u00e9t\u00e9, plantes vivaces, arbustes, plantes ornementales<\/p>\n<p><strong>Dur\u00e9e d&#8217;action &amp; dosage<\/strong><\/p>\n<ul>\n<li>Efficacit\u00e9 imm\u00e9diate<\/li>\n<li>Taille de l&#8217;emballage 1 litre<\/li>\n<li>Dosage 1-2 ml \/ L<\/li>\n<li>Saison\n<ul>\n<li>Toute l&#8217;ann\u00e9e<\/li>\n<\/ul>\n<\/li>\n<\/ul>\n<p><strong>Application<\/strong><\/p>\n<p>Dosatron DBR, D20S, 0110 Vegesan Mega non dilu\u00e9<br \/>\nPositon 0,2 = 0,2% \/ Positon 0,3 = 0,3%<\/p>\n<p><strong>Valeur CE dans la solution pr\u00eate \u00e0 l&#8217;emploi \u00e0 0,1% d&#8217;application<\/strong><\/p>\n<div>&#8211; Eau douce : 0,5 Valeur EC<\/div>\n<div>&#8211; Eau moyennement dure : 0,8 Valeur EC<\/div>\n<div>&#8211; Eau dure 1.6 Valeur EC<\/div>\n<p><strong>Valeur CE dans la solution pr\u00eate \u00e0 l&#8217;emploi \u00e0 0,2% d&#8217;application<\/strong><\/p>\n<div>&#8211; Eau douce : 1 valeur EC<\/div>\n<div>&#8211; Eau moyennement dure : 1.3 Valeur EC<\/div>\n<div>&#8211; Eau dure 1.6 Valeur EC<\/div>\n<p><strong>Valeur CE dans la solution pr\u00eate \u00e0 l&#8217;emploi \u00e0 0,3% d&#8217;application<\/strong><\/p>\n<div>&#8211; Eau douce : 1,5 Valeur EC<\/div>\n<div>&#8211; Eau moyennement dure : 1,8 Valeur EC<\/div>\n<div>&#8211; Eau dure 2.1 Valeur EC<\/div>\n<p><strong>Dosage<\/strong><br \/>\nFertilisation des racines : 0,2%<br \/>\nBouturage et fertilisation des jeunes plants : 0,05- 0,1%<br \/>\nFertilisation foliaire : 0,1-0,3%<\/p>\n<p><strong>A noter<\/strong><br \/>\nR\u00e9action physiologique : L\u00e9g\u00e8rement acide.<\/p>\n<p><strong>Stockage : <\/strong><br \/>\nformation possible de cristaux \u00e0 moins de 4\u00b0 C (dissolution \u00e0 des temp\u00e9ratures plus \u00e9lev\u00e9es)<\/p>\n<p><strong>Taille du paquet :<\/strong><br \/>\n5 litres (pour 25&#8217;000 m2)<\/p>\n<h2 class=\"p1\">Teneur en \u00e9l\u00e9ments nutritifs :<br \/>\nSolution d&#8217;engrais NPK 80-70-80 avec oligo-\u00e9l\u00e9ments\ufb00<\/h2>\n<p class=\"p1\">90 g\/l N 7,5 % azote totalo\ufb00<\/p>\n<p class=\"p1\">20 g\/l NS 1,7 % Azote nitrique\ufb00<\/p>\n<p class=\"p1\">20 g\/l NA 1,7 % Azote ammoniacal\ufb00<\/p>\n<p class=\"p1\">50 g\/l NU 4,1 % Carbamidsticksto\ufb00<\/p>\n<p class=\"p1\">70 g\/l P\u2082O\u2085 5,9% (PS) Phosphate soluble dans l&#8217;eau<\/p>\n<p class=\"p1\">90 g\/l K\u2082O 7,5 % Potasse soluble dans l&#8217;eau<\/p>\n<p class=\"p1\">0,15 g\/l B 0,013 % Bore soluble dans l&#8217;eau<\/p>\n<p class=\"p1\">0,08 g\/l Cu 0,007 % Cuivre soluble dans l&#8217;eau (sous forme de ch\u00e9late d&#8217;EDTA)<\/p>\n<p class=\"p1\">0,035 g\/l Fe 0,03 % Fer soluble dans l&#8217;eau (sous forme de ch\u00e9late de DTPA et d&#8217;EDTA)<\/p>\n<p class=\"p1\">0,02 g\/l Mn 0,002 % Mangan\u00e8se soluble dans l&#8217;eau (sous forme de ch\u00e9late d&#8217;EDTA)<\/p>\n<p class=\"p1\">0,02 g\/l Mo 0,002 % Molybd\u00e8ne soluble dans l&#8217;eau<\/p>\n<p class=\"p1\">0,03 g\/l Zn 0,003% Zinc soluble dans l&#8217;eau<\/p>\n","protected":false},"excerpt":{"rendered":"<p>Vegesan Mega est un engrais liquide concentr\u00e9 destin\u00e9 \u00e0 \u00eatre utilis\u00e9 sur les plantes ornementales, les cultures sp\u00e9ciales sensibles et les l\u00e9gumes. Vegesan Mega a un effet adoucissant sur l&#8217;eau, ce qui emp\u00eache la formation de taches foliaires m\u00eame en cas d&#8217;eau dure et am\u00e9liore consid\u00e9rablement l&#8217;absorption des oligo-\u00e9l\u00e9ments. La combinaison \u00e9quilibr\u00e9e d&#8217;\u00e9l\u00e9ments nutritifs assure [&hellip;]<\/p>\n","protected":false},"featured_media":25623,"comment_status":"open","ping_status":"closed","template":"","meta":[],"product_brand":[],"product_cat":[669],"product_tag":[639],"class_list":{"0":"post-25618","1":"product","2":"type-product","3":"status-publish","4":"has-post-thumbnail","6":"product_cat-nutriment","7":"product_tag-nutriment","9":"first","10":"outofstock","11":"taxable","12":"shipping-taxable","13":"purchasable","14":"product-type-simple"},"yoast_head":"<!-- This site is optimized with the Yoast SEO Premium plugin v26.7 (Yoast SEO v27.4) - https:\/\/yoast.com\/product\/yoast-seo-premium-wordpress\/ -->\n<title>Wuxal Nutrition hydroponique universelle pour des plantes fortes %%page% - Litrax - Hydroponische Systeme<\/title>\n<meta name=\"description\" content=\"D\u00e9veloppez des plantes saines avec Wuxal Nutrition hydroponique universelle. Id\u00e9al pour les plantes de jardin et d&#039;int\u00e9rieur ainsi que pour l&#039;hydroponie ! \ud83c\udf31\" \/>\n<meta name=\"robots\" content=\"index, follow, max-snippet:-1, max-image-preview:large, max-video-preview:-1\" \/>\n<link rel=\"canonical\" href=\"https:\/\/litrax.ch\/fr\/shop\/wuxal-universal-hyroponik-nutrition-kopie\/\" \/>\n<meta property=\"og:locale\" content=\"fr_FR\" \/>\n<meta property=\"og:type\" content=\"article\" \/>\n<meta property=\"og:title\" content=\"VEGASAN MEGA Nutriment\" \/>\n<meta property=\"og:description\" content=\"D\u00e9veloppez des plantes saines avec Wuxal Nutrition hydroponique universelle. Id\u00e9al pour les plantes de jardin et d&#039;int\u00e9rieur ainsi que pour l&#039;hydroponie ! \ud83c\udf31\" \/>\n<meta property=\"og:url\" content=\"https:\/\/litrax.ch\/fr\/shop\/wuxal-universal-hyroponik-nutrition-kopie\/\" \/>\n<meta property=\"og:site_name\" content=\"Litrax - Hydroponische Systeme\" \/>\n<meta property=\"article:publisher\" content=\"https:\/\/www.facebook.com\/Litrax.ch\" \/>\n<meta property=\"article:modified_time\" content=\"2026-03-24T19:43:19+00:00\" \/>\n<meta property=\"og:image\" content=\"https:\/\/litrax.ch\/wp-content\/uploads\/2026\/03\/Vegesan_Mega_5L-scaled.jpg\" \/>\n\t<meta property=\"og:image:width\" content=\"2560\" \/>\n\t<meta property=\"og:image:height\" content=\"1728\" \/>\n\t<meta property=\"og:image:type\" content=\"image\/jpeg\" \/>\n<meta name=\"twitter:card\" content=\"summary_large_image\" \/>\n<meta name=\"twitter:label1\" content=\"Prix\" \/>\n\t<meta name=\"twitter:data1\" content=\"&#067;&#072;&#070;&nbsp;59.00\" \/>\n\t<meta name=\"twitter:label2\" content=\"Disponibilit\u00e9\" \/>\n\t<meta name=\"twitter:data2\" content=\"Rupture de stock\" \/>\n<script type=\"application\/ld+json\" class=\"yoast-schema-graph\">{\"@context\":\"https:\\\/\\\/schema.org\",\"@graph\":[{\"@type\":\"WebPage\",\"@id\":\"https:\\\/\\\/litrax.ch\\\/fr\\\/shop\\\/wuxal-universal-hyroponik-nutrition-kopie\\\/\",\"url\":\"https:\\\/\\\/litrax.ch\\\/fr\\\/shop\\\/wuxal-universal-hyroponik-nutrition-kopie\\\/\",\"name\":\"Wuxal Nutrition hydroponique universelle pour des plantes fortes %%page% - Litrax - Hydroponische Systeme\",\"isPartOf\":{\"@id\":\"https:\\\/\\\/litrax.ch\\\/fr\\\/#website\"},\"primaryImageOfPage\":{\"@id\":\"https:\\\/\\\/litrax.ch\\\/fr\\\/shop\\\/wuxal-universal-hyroponik-nutrition-kopie\\\/#primaryimage\"},\"image\":{\"@id\":\"https:\\\/\\\/litrax.ch\\\/fr\\\/shop\\\/wuxal-universal-hyroponik-nutrition-kopie\\\/#primaryimage\"},\"thumbnailUrl\":\"https:\\\/\\\/litrax.ch\\\/wp-content\\\/uploads\\\/2026\\\/03\\\/Vegesan_Mega_5L-scaled.jpg\",\"datePublished\":\"2026-03-23T17:31:16+00:00\",\"dateModified\":\"2026-03-24T19:43:19+00:00\",\"description\":\"D\u00e9veloppez des plantes saines avec Wuxal Nutrition hydroponique universelle. Id\u00e9al pour les plantes de jardin et d'int\u00e9rieur ainsi que pour l'hydroponie ! \ud83c\udf31\",\"breadcrumb\":{\"@id\":\"https:\\\/\\\/litrax.ch\\\/fr\\\/shop\\\/wuxal-universal-hyroponik-nutrition-kopie\\\/#breadcrumb\"},\"inLanguage\":\"fr-FR\",\"potentialAction\":[{\"@type\":\"ReadAction\",\"target\":[\"https:\\\/\\\/litrax.ch\\\/fr\\\/shop\\\/wuxal-universal-hyroponik-nutrition-kopie\\\/\"]}]},{\"@type\":\"ImageObject\",\"inLanguage\":\"fr-FR\",\"@id\":\"https:\\\/\\\/litrax.ch\\\/fr\\\/shop\\\/wuxal-universal-hyroponik-nutrition-kopie\\\/#primaryimage\",\"url\":\"https:\\\/\\\/litrax.ch\\\/wp-content\\\/uploads\\\/2026\\\/03\\\/Vegesan_Mega_5L-scaled.jpg\",\"contentUrl\":\"https:\\\/\\\/litrax.ch\\\/wp-content\\\/uploads\\\/2026\\\/03\\\/Vegesan_Mega_5L-scaled.jpg\",\"width\":2560,\"height\":1728},{\"@type\":\"BreadcrumbList\",\"@id\":\"https:\\\/\\\/litrax.ch\\\/fr\\\/shop\\\/wuxal-universal-hyroponik-nutrition-kopie\\\/#breadcrumb\",\"itemListElement\":[{\"@type\":\"ListItem\",\"position\":1,\"name\":\"Startseite\",\"item\":\"https:\\\/\\\/litrax.ch\\\/fr\\\/accueil\\\/\"},{\"@type\":\"ListItem\",\"position\":2,\"name\":\"Boutique\",\"item\":\"https:\\\/\\\/litrax.ch\\\/fr\\\/boutique\\\/\"},{\"@type\":\"ListItem\",\"position\":3,\"name\":\"VEGASAN MEGA Nutriment\"}]},{\"@type\":\"WebSite\",\"@id\":\"https:\\\/\\\/litrax.ch\\\/fr\\\/#website\",\"url\":\"https:\\\/\\\/litrax.ch\\\/fr\\\/\",\"name\":\"Litrax - Hydroponische Systeme\",\"description\":\"Erlebe Hydroponik - der erdlose Gartengenuss.\",\"publisher\":{\"@id\":\"https:\\\/\\\/litrax.ch\\\/fr\\\/#organization\"},\"alternateName\":\"Litrax\",\"potentialAction\":[{\"@type\":\"SearchAction\",\"target\":{\"@type\":\"EntryPoint\",\"urlTemplate\":\"https:\\\/\\\/litrax.ch\\\/fr\\\/?s={search_term_string}\"},\"query-input\":{\"@type\":\"PropertyValueSpecification\",\"valueRequired\":true,\"valueName\":\"search_term_string\"}}],\"inLanguage\":\"fr-FR\"},{\"@type\":\"Organization\",\"@id\":\"https:\\\/\\\/litrax.ch\\\/fr\\\/#organization\",\"name\":\"Litrax - Hydroponische Systeme\",\"alternateName\":\"Litrax\",\"url\":\"https:\\\/\\\/litrax.ch\\\/fr\\\/\",\"logo\":{\"@type\":\"ImageObject\",\"inLanguage\":\"fr-FR\",\"@id\":\"https:\\\/\\\/litrax.ch\\\/fr\\\/#\\\/schema\\\/logo\\\/image\\\/\",\"url\":\"https:\\\/\\\/litrax.ch\\\/wp-content\\\/uploads\\\/2024\\\/03\\\/facivon.png\",\"contentUrl\":\"https:\\\/\\\/litrax.ch\\\/wp-content\\\/uploads\\\/2024\\\/03\\\/facivon.png\",\"width\":150,\"height\":150,\"caption\":\"Litrax - Hydroponische Systeme\"},\"image\":{\"@id\":\"https:\\\/\\\/litrax.ch\\\/fr\\\/#\\\/schema\\\/logo\\\/image\\\/\"},\"sameAs\":[\"https:\\\/\\\/www.facebook.com\\\/Litrax.ch\",\"https:\\\/\\\/www.instagram.com\\\/litrax.ch\\\/\",\"https:\\\/\\\/www.tiktok.com\\\/@litrax.ch\"],\"description\":\"Willkommen bei Litrax \u2013 Ihrem f\u00fchrenden Online-Shop f\u00fcr hochwertige hydroponische Gartensysteme! Wir bieten eine breite Palette an L\u00f6sungen f\u00fcr Privatpersonen, Restaurants und industrielle Gro\u00dfsysteme, um Ihnen zu helfen, Ihre eigene gr\u00fcne Oase zu schaffen, unabh\u00e4ngig von Ihrem Bedarf oder Ihrer Gr\u00f6\u00dfe. F\u00fcr Haushalte\\\/B\u00fcros: Entdecken Sie die Freude am G\u00e4rtnern in Ihrem eigenen Zuhause mit unseren einfach zu bedienenden hydroponischen Gartensystemen. Egal, ob Sie auf einem Balkon, einer Terrasse oder in Ihrem Wohnzimmer g\u00e4rtnern m\u00f6chten \u2013 wir haben das passende System f\u00fcr Sie. Genie\u00dfen Sie frisches Gem\u00fcse, aromatische Kr\u00e4uter und farbenfrohe Blumen das ganze Jahr \u00fcber, direkt aus Ihrem hydroponischen Garten. F\u00fcr Restaurants: Steigern Sie die Qualit\u00e4t Ihrer Gerichte und beeindrucken Sie Ihre G\u00e4ste mit frischen, geschmacksintensiven Zutaten aus unserem Sortiment an hydroponischen Gartensystemen f\u00fcr den gastronomischen Bereich. Unsere Systeme sind platzsparend, effizient und einfach zu bedienen, so dass Sie Ihre eigenen Zutaten direkt in Ihrer K\u00fcche anbauen k\u00f6nnen. Erleben Sie die Freude an nachhaltigem G\u00e4rtnern und lassen Sie Ihre kulinarischen Kreationen erstrahlen. Industrielle Gro\u00dfsysteme: Optimieren Sie Ihre landwirtschaftliche Produktion mit unseren ma\u00dfgeschneiderten hydroponischen Gro\u00dfsystemen. Von vertikalen Farmen bis hin zu automatisierten Anlagen bieten wir skalierbare L\u00f6sungen f\u00fcr maximale Effizienz und Produktivit\u00e4t. Nutzen Sie die Vorteile der hydroponischen Landwirtschaft, um Ihre Ernteertr\u00e4ge zu steigern, Platz zu sparen und Ressourcen zu optimieren. Erfahren Sie, wie unsere Systeme die Zukunft der industriellen Landwirtschaft gestalten k\u00f6nnen. Bei Litrax legen wir Wert auf Qualit\u00e4t und Kundenzufriedenheit. Unsere Produkte sind sorgf\u00e4ltig ausgew\u00e4hlt, um Ihnen die besten Ergebnisse zu garantieren, und wir bieten sie zu g\u00fcnstigen Preisen an. Dank unseres eigenen Lagers in der Schweiz k\u00f6nnen wir Ihnen eine schnelle Lieferung am n\u00e4chsten Tag garantieren.\",\"legalName\":\"Resyx GmbH\",\"foundingDate\":\"2022-12-22\",\"numberOfEmployees\":{\"@type\":\"QuantitativeValue\",\"minValue\":\"1\",\"maxValue\":\"10\"}}]}<\/script>\n<meta property=\"product:price:amount\" content=\"59.00\" \/>\n<meta property=\"product:price:currency\" content=\"CHF\" \/>\n<meta property=\"og:availability\" content=\"out of stock\" \/>\n<meta property=\"product:availability\" content=\"out of stock\" \/>\n<meta property=\"product:retailer_item_id\" content=\"LAX-VEGESAN-MEGA\" \/>\n<meta property=\"product:condition\" content=\"new\" \/>\n<!-- \/ Yoast SEO Premium plugin. -->","yoast_head_json":{"title":"Wuxal Nutrition hydroponique universelle pour des plantes fortes %%page% - Litrax - Hydroponische Systeme","description":"D\u00e9veloppez des plantes saines avec Wuxal Nutrition hydroponique universelle. Id\u00e9al pour les plantes de jardin et d'int\u00e9rieur ainsi que pour l'hydroponie ! \ud83c\udf31","robots":{"index":"index","follow":"follow","max-snippet":"max-snippet:-1","max-image-preview":"max-image-preview:large","max-video-preview":"max-video-preview:-1"},"canonical":"https:\/\/litrax.ch\/fr\/shop\/wuxal-universal-hyroponik-nutrition-kopie\/","og_locale":"fr_FR","og_type":"article","og_title":"VEGASAN MEGA Nutriment","og_description":"D\u00e9veloppez des plantes saines avec Wuxal Nutrition hydroponique universelle. Id\u00e9al pour les plantes de jardin et d'int\u00e9rieur ainsi que pour l'hydroponie ! \ud83c\udf31","og_url":"https:\/\/litrax.ch\/fr\/shop\/wuxal-universal-hyroponik-nutrition-kopie\/","og_site_name":"Litrax - Hydroponische Systeme","article_publisher":"https:\/\/www.facebook.com\/Litrax.ch","article_modified_time":"2026-03-24T19:43:19+00:00","og_image":[{"width":2560,"height":1728,"url":"https:\/\/litrax.ch\/wp-content\/uploads\/2026\/03\/Vegesan_Mega_5L-scaled.jpg","type":"image\/jpeg"}],"twitter_card":"summary_large_image","twitter_misc":{"Prix":"&#67;&#72;&#70;&nbsp;59.00","Disponibilit\u00e9":"Rupture de stock"},"schema":{"@context":"https:\/\/schema.org","@graph":[{"@type":"WebPage","@id":"https:\/\/litrax.ch\/fr\/shop\/wuxal-universal-hyroponik-nutrition-kopie\/","url":"https:\/\/litrax.ch\/fr\/shop\/wuxal-universal-hyroponik-nutrition-kopie\/","name":"Wuxal Nutrition hydroponique universelle pour des plantes fortes %%page% - Litrax - Hydroponische Systeme","isPartOf":{"@id":"https:\/\/litrax.ch\/fr\/#website"},"primaryImageOfPage":{"@id":"https:\/\/litrax.ch\/fr\/shop\/wuxal-universal-hyroponik-nutrition-kopie\/#primaryimage"},"image":{"@id":"https:\/\/litrax.ch\/fr\/shop\/wuxal-universal-hyroponik-nutrition-kopie\/#primaryimage"},"thumbnailUrl":"https:\/\/litrax.ch\/wp-content\/uploads\/2026\/03\/Vegesan_Mega_5L-scaled.jpg","datePublished":"2026-03-23T17:31:16+00:00","dateModified":"2026-03-24T19:43:19+00:00","description":"D\u00e9veloppez des plantes saines avec Wuxal Nutrition hydroponique universelle. Id\u00e9al pour les plantes de jardin et d'int\u00e9rieur ainsi que pour l'hydroponie ! \ud83c\udf31","breadcrumb":{"@id":"https:\/\/litrax.ch\/fr\/shop\/wuxal-universal-hyroponik-nutrition-kopie\/#breadcrumb"},"inLanguage":"fr-FR","potentialAction":[{"@type":"ReadAction","target":["https:\/\/litrax.ch\/fr\/shop\/wuxal-universal-hyroponik-nutrition-kopie\/"]}]},{"@type":"ImageObject","inLanguage":"fr-FR","@id":"https:\/\/litrax.ch\/fr\/shop\/wuxal-universal-hyroponik-nutrition-kopie\/#primaryimage","url":"https:\/\/litrax.ch\/wp-content\/uploads\/2026\/03\/Vegesan_Mega_5L-scaled.jpg","contentUrl":"https:\/\/litrax.ch\/wp-content\/uploads\/2026\/03\/Vegesan_Mega_5L-scaled.jpg","width":2560,"height":1728},{"@type":"BreadcrumbList","@id":"https:\/\/litrax.ch\/fr\/shop\/wuxal-universal-hyroponik-nutrition-kopie\/#breadcrumb","itemListElement":[{"@type":"ListItem","position":1,"name":"Startseite","item":"https:\/\/litrax.ch\/fr\/accueil\/"},{"@type":"ListItem","position":2,"name":"Boutique","item":"https:\/\/litrax.ch\/fr\/boutique\/"},{"@type":"ListItem","position":3,"name":"VEGASAN MEGA Nutriment"}]},{"@type":"WebSite","@id":"https:\/\/litrax.ch\/fr\/#website","url":"https:\/\/litrax.ch\/fr\/","name":"Litrax - Hydroponische Systeme","description":"Erlebe Hydroponik - der erdlose Gartengenuss.","publisher":{"@id":"https:\/\/litrax.ch\/fr\/#organization"},"alternateName":"Litrax","potentialAction":[{"@type":"SearchAction","target":{"@type":"EntryPoint","urlTemplate":"https:\/\/litrax.ch\/fr\/?s={search_term_string}"},"query-input":{"@type":"PropertyValueSpecification","valueRequired":true,"valueName":"search_term_string"}}],"inLanguage":"fr-FR"},{"@type":"Organization","@id":"https:\/\/litrax.ch\/fr\/#organization","name":"Litrax - Hydroponische Systeme","alternateName":"Litrax","url":"https:\/\/litrax.ch\/fr\/","logo":{"@type":"ImageObject","inLanguage":"fr-FR","@id":"https:\/\/litrax.ch\/fr\/#\/schema\/logo\/image\/","url":"https:\/\/litrax.ch\/wp-content\/uploads\/2024\/03\/facivon.png","contentUrl":"https:\/\/litrax.ch\/wp-content\/uploads\/2024\/03\/facivon.png","width":150,"height":150,"caption":"Litrax - Hydroponische Systeme"},"image":{"@id":"https:\/\/litrax.ch\/fr\/#\/schema\/logo\/image\/"},"sameAs":["https:\/\/www.facebook.com\/Litrax.ch","https:\/\/www.instagram.com\/litrax.ch\/","https:\/\/www.tiktok.com\/@litrax.ch"],"description":"Willkommen bei Litrax \u2013 Ihrem f\u00fchrenden Online-Shop f\u00fcr hochwertige hydroponische Gartensysteme! Wir bieten eine breite Palette an L\u00f6sungen f\u00fcr Privatpersonen, Restaurants und industrielle Gro\u00dfsysteme, um Ihnen zu helfen, Ihre eigene gr\u00fcne Oase zu schaffen, unabh\u00e4ngig von Ihrem Bedarf oder Ihrer Gr\u00f6\u00dfe. F\u00fcr Haushalte\/B\u00fcros: Entdecken Sie die Freude am G\u00e4rtnern in Ihrem eigenen Zuhause mit unseren einfach zu bedienenden hydroponischen Gartensystemen. Egal, ob Sie auf einem Balkon, einer Terrasse oder in Ihrem Wohnzimmer g\u00e4rtnern m\u00f6chten \u2013 wir haben das passende System f\u00fcr Sie. Genie\u00dfen Sie frisches Gem\u00fcse, aromatische Kr\u00e4uter und farbenfrohe Blumen das ganze Jahr \u00fcber, direkt aus Ihrem hydroponischen Garten. F\u00fcr Restaurants: Steigern Sie die Qualit\u00e4t Ihrer Gerichte und beeindrucken Sie Ihre G\u00e4ste mit frischen, geschmacksintensiven Zutaten aus unserem Sortiment an hydroponischen Gartensystemen f\u00fcr den gastronomischen Bereich. Unsere Systeme sind platzsparend, effizient und einfach zu bedienen, so dass Sie Ihre eigenen Zutaten direkt in Ihrer K\u00fcche anbauen k\u00f6nnen. Erleben Sie die Freude an nachhaltigem G\u00e4rtnern und lassen Sie Ihre kulinarischen Kreationen erstrahlen. Industrielle Gro\u00dfsysteme: Optimieren Sie Ihre landwirtschaftliche Produktion mit unseren ma\u00dfgeschneiderten hydroponischen Gro\u00dfsystemen. Von vertikalen Farmen bis hin zu automatisierten Anlagen bieten wir skalierbare L\u00f6sungen f\u00fcr maximale Effizienz und Produktivit\u00e4t. Nutzen Sie die Vorteile der hydroponischen Landwirtschaft, um Ihre Ernteertr\u00e4ge zu steigern, Platz zu sparen und Ressourcen zu optimieren. Erfahren Sie, wie unsere Systeme die Zukunft der industriellen Landwirtschaft gestalten k\u00f6nnen. Bei Litrax legen wir Wert auf Qualit\u00e4t und Kundenzufriedenheit. Unsere Produkte sind sorgf\u00e4ltig ausgew\u00e4hlt, um Ihnen die besten Ergebnisse zu garantieren, und wir bieten sie zu g\u00fcnstigen Preisen an. Dank unseres eigenen Lagers in der Schweiz k\u00f6nnen wir Ihnen eine schnelle Lieferung am n\u00e4chsten Tag garantieren.","legalName":"Resyx GmbH","foundingDate":"2022-12-22","numberOfEmployees":{"@type":"QuantitativeValue","minValue":"1","maxValue":"10"}}]},"product_price_amount":"59.00","product_price_currency":"CHF","og_availability":"out of stock","product_availability":"out of stock","product_retailer_item_id":"LAX-VEGESAN-MEGA","product_condition":"new"},"_links":{"self":[{"href":"https:\/\/litrax.ch\/fr\/wp-json\/wp\/v2\/product\/25618","targetHints":{"allow":["GET"]}}],"collection":[{"href":"https:\/\/litrax.ch\/fr\/wp-json\/wp\/v2\/product"}],"about":[{"href":"https:\/\/litrax.ch\/fr\/wp-json\/wp\/v2\/types\/product"}],"replies":[{"embeddable":true,"href":"https:\/\/litrax.ch\/fr\/wp-json\/wp\/v2\/comments?post=25618"}],"wp:featuredmedia":[{"embeddable":true,"href":"https:\/\/litrax.ch\/fr\/wp-json\/wp\/v2\/media\/25623"}],"wp:attachment":[{"href":"https:\/\/litrax.ch\/fr\/wp-json\/wp\/v2\/media?parent=25618"}],"wp:term":[{"taxonomy":"product_brand","embeddable":true,"href":"https:\/\/litrax.ch\/fr\/wp-json\/wp\/v2\/product_brand?post=25618"},{"taxonomy":"product_cat","embeddable":true,"href":"https:\/\/litrax.ch\/fr\/wp-json\/wp\/v2\/product_cat?post=25618"},{"taxonomy":"product_tag","embeddable":true,"href":"https:\/\/litrax.ch\/fr\/wp-json\/wp\/v2\/product_tag?post=25618"}],"curies":[{"name":"wp","href":"https:\/\/api.w.org\/{rel}","templated":true}]}}