{"id":25921,"date":"2026-04-06T14:40:59","date_gmt":"2026-04-06T14:40:59","guid":{"rendered":"https:\/\/litrax.ch\/?post_type=product&#038;p=25921"},"modified":"2026-04-09T22:26:36","modified_gmt":"2026-04-09T22:26:36","slug":"kit-de-reapprovisionnement-andrea-30-kopie-kopie-kopie-kopie-kopie","status":"publish","type":"product","link":"https:\/\/litrax.ch\/fr\/shop\/kit-de-reapprovisionnement-andrea-30-kopie-kopie-kopie-kopie-kopie\/","title":{"rendered":"LAX403 Appareil de mesure du sol 4 fonctions"},"content":{"rendered":"<h2>Testeur de sol 4 fonctions<\/h2>\n<h3 dir=\"auto\"><strong>LAX403-4 Testeur de sol 4-en-1<\/strong> <strong>L&#8217;assistant intelligent pour une croissance parfaite des plantes \u2013 directement dans votre main<\/strong><\/h3>\n<p dir=\"auto\">Savoir au lieu de deviner. Avec le <strong>testeur de sol LAX403-4<\/strong>, vous ma\u00eetrisez en quelques secondes toutes les valeurs importantes du sol et de la lumi\u00e8re \u2013 sans application, sans manipulation compliqu\u00e9e, sans produits chimiques. Il suffit de l&#8217;ins\u00e9rer dans la terre et de lire imm\u00e9diatement les quatre valeurs d\u00e9cisives.  <\/p>\n<p dir=\"auto\">Parfait pour la cuisine, le balcon, les plantes d&#8217;int\u00e9rieur, les potagers sur\u00e9lev\u00e9s ou le jardin classique. Vous savez enfin exactement ce dont vos plantes ont r\u00e9ellement besoin \u2013 et r\u00e9coltez plus, mieux et plus vite. <\/p>\n<h3 dir=\"auto\">Caract\u00e9ristiques principales \u2013 4 fonctions en un seul appareil<\/h3>\n<p dir=\"auto\"><strong>1. Humidit\u00e9 du sol (mesure de l&#8217;humidit\u00e9)<\/strong> Indication imm\u00e9diate si le sol est trop sec, optimal ou trop humide. Pr\u00e9vient la pourriture des racines et le stress hydrique. <\/p>\n<p dir=\"auto\"><strong>2. Fertilit\u00e9 du sol (teneur en nutriments)<\/strong> Mesure la disponibilit\u00e9 des nutriments essentiels. Vous voyez en un coup d&#8217;\u0153il si vous devez fertiliser ou si vos plantes sont d\u00e9j\u00e0 optimalement nourries. <\/p>\n<p dir=\"auto\"><strong>3. pH du sol (acidit\u00e9 &amp; alcalinit\u00e9)<\/strong> Mesure pr\u00e9cise de pH 3,5 \u00e0 9,0. D\u00e9couvrez imm\u00e9diatement si votre sol est trop acide ou trop basique \u2013 d\u00e9terminant pour l&#8217;absorption des nutriments chez les tomates, poivrons, herbes aromatiques ou salades. <\/p>\n<p dir=\"auto\"><strong>4. Intensit\u00e9 lumineuse ambiante<\/strong> Affiche l&#8217;intensit\u00e9 lumineuse actuelle en lux. Id\u00e9al pour trouver l&#8217;emplacement parfait pour vos plantes et ajuster l&#8217;\u00e9clairage de mani\u00e8re cibl\u00e9e. <\/p>\n<h3 dir=\"auto\"><strong>Simple &amp; professionnel<\/strong><\/h3>\n<ul dir=\"auto\">\n<li>Affichage analogique fiable<\/li>\n<li>Design 4-en-1 sans fil et robuste<\/li>\n<li>Mesure rapide en quelques secondes seulement<\/li>\n<li>Robuste et durable pour une utilisation quotidienne en int\u00e9rieur et en ext\u00e9rieur<\/li>\n<\/ul>\n<h3 dir=\"auto\"><strong>Pour qui le testeur de sol LAX403-4 est-il id\u00e9al ?<\/strong><\/h3>\n<ul dir=\"auto\">\n<li>Pour tous ceux qui souhaitent cultiver des l\u00e9gumes, herbes aromatiques ou plantes de balcon en int\u00e9rieur sans approximation<\/li>\n<li>Pour les d\u00e9butants et les professionnels qui veulent des donn\u00e9es pr\u00e9cises au lieu de \u00ab l&#8217;intuition \u00bb<\/li>\n<li>Pour tous ceux qui recherchent des plantes saines et vigoureuses avec moins d&#8217;entretien<\/li>\n<li>Pour les foyers qui veulent obtenir des rendements maximaux de leur jardin ou de leur culture en int\u00e9rieur<\/li>\n<\/ul>\n<p dir=\"auto\"><strong>Fini les devinettes \u2013 place au succ\u00e8s.<\/strong><\/p>\n<p dir=\"auto\"><strong>D\u00e9couvrez maintenant<\/strong> Rendez votre jardin ou votre culture en int\u00e9rieur encore plus intelligent. Avec le LAX403-4, vous savez toujours exactement ce dont vos plantes ont besoin \u2013 et r\u00e9coltez une qualit\u00e9 premium toute l&#8217;ann\u00e9e. <\/p>\n<p dir=\"auto\"><strong>Procurez-vous votre testeur de sol 4-en-1 LAX403-4<\/strong> <strong>Pr\u00e9cis. Simple. Efficace.  <\/strong><\/p>\n","protected":false},"excerpt":{"rendered":"<p>Testeur de sol 4 fonctions LAX403-4 Testeur de sol 4-en-1 L&#8217;assistant intelligent pour une croissance parfaite des plantes \u2013 directement dans votre main Savoir au lieu de deviner. Avec le testeur de sol LAX403-4, vous ma\u00eetrisez en quelques secondes toutes les valeurs importantes du sol et de la lumi\u00e8re \u2013 sans application, sans manipulation compliqu\u00e9e, [&hellip;]<\/p>\n","protected":false},"featured_media":25927,"comment_status":"open","ping_status":"closed","template":"","meta":[],"product_brand":[],"product_cat":[664,153,119],"product_tag":[1345,1346,1344,1343],"class_list":{"0":"post-25921","1":"product","2":"type-product","3":"status-publish","4":"has-post-thumbnail","6":"product_cat-accessoires","7":"product_cat-hydroculture-fr","8":"product_cat-hydroponique","9":"product_tag-humidite-du-sol","10":"product_tag-intensite-lumineuse","11":"product_tag-ph","12":"product_tag-testeur-de-sol","14":"first","15":"instock","16":"taxable","17":"shipping-taxable","18":"purchasable","19":"product-type-simple"},"yoast_head":"<!-- This site is optimized with the Yoast SEO Premium plugin v26.7 (Yoast SEO v27.4) - https:\/\/yoast.com\/product\/yoast-seo-premium-wordpress\/ -->\n<title>LAX403 Appareil de mesure du sol 4 fonctions pour sol, lumi\u00e8re et pH<\/title>\n<meta name=\"description\" content=\"Le testeur de sol \u00e0 4 fonctions mesure de mani\u00e8re fiable l&#039;intensit\u00e9 lumineuse ambiante, l&#039;humidit\u00e9 du sol, la fertilit\u00e9 du sol et le pH du sol.\" \/>\n<meta name=\"robots\" content=\"index, follow, max-snippet:-1, max-image-preview:large, max-video-preview:-1\" \/>\n<link rel=\"canonical\" href=\"https:\/\/litrax.ch\/fr\/shop\/kit-de-reapprovisionnement-andrea-30-kopie-kopie-kopie-kopie-kopie\/\" \/>\n<meta property=\"og:locale\" content=\"fr_FR\" \/>\n<meta property=\"og:type\" content=\"article\" \/>\n<meta property=\"og:title\" content=\"LAX403 Appareil de mesure du sol 4 fonctions\" \/>\n<meta property=\"og:description\" content=\"Le testeur de sol \u00e0 4 fonctions mesure de mani\u00e8re fiable l&#039;intensit\u00e9 lumineuse ambiante, l&#039;humidit\u00e9 du sol, la fertilit\u00e9 du sol et le pH du sol.\" \/>\n<meta property=\"og:url\" content=\"https:\/\/litrax.ch\/fr\/shop\/kit-de-reapprovisionnement-andrea-30-kopie-kopie-kopie-kopie-kopie\/\" \/>\n<meta property=\"og:site_name\" content=\"Litrax - Hydroponische Systeme\" \/>\n<meta property=\"article:publisher\" content=\"https:\/\/www.facebook.com\/Litrax.ch\" \/>\n<meta property=\"article:modified_time\" content=\"2026-04-09T22:26:36+00:00\" \/>\n<meta property=\"og:image\" content=\"https:\/\/litrax.ch\/wp-content\/uploads\/2026\/04\/Bodenmessgeraet-4-Funktionen.png\" \/>\n\t<meta property=\"og:image:width\" content=\"1323\" \/>\n\t<meta property=\"og:image:height\" content=\"978\" \/>\n\t<meta property=\"og:image:type\" content=\"image\/png\" \/>\n<meta name=\"twitter:card\" content=\"summary_large_image\" \/>\n<meta name=\"twitter:label1\" content=\"Prix\" \/>\n\t<meta name=\"twitter:data1\" content=\"&#067;&#072;&#070;&nbsp;27.50\" \/>\n\t<meta name=\"twitter:label2\" content=\"Disponibilit\u00e9\" \/>\n\t<meta name=\"twitter:data2\" content=\"En stock\" \/>\n<script type=\"application\/ld+json\" class=\"yoast-schema-graph\">{\"@context\":\"https:\\\/\\\/schema.org\",\"@graph\":[{\"@type\":\"WebPage\",\"@id\":\"https:\\\/\\\/litrax.ch\\\/fr\\\/shop\\\/kit-de-reapprovisionnement-andrea-30-kopie-kopie-kopie-kopie-kopie\\\/\",\"url\":\"https:\\\/\\\/litrax.ch\\\/fr\\\/shop\\\/kit-de-reapprovisionnement-andrea-30-kopie-kopie-kopie-kopie-kopie\\\/\",\"name\":\"LAX403 Appareil de mesure du sol 4 fonctions pour sol, lumi\u00e8re et pH\",\"isPartOf\":{\"@id\":\"https:\\\/\\\/litrax.ch\\\/fr\\\/#website\"},\"primaryImageOfPage\":{\"@id\":\"https:\\\/\\\/litrax.ch\\\/fr\\\/shop\\\/kit-de-reapprovisionnement-andrea-30-kopie-kopie-kopie-kopie-kopie\\\/#primaryimage\"},\"image\":{\"@id\":\"https:\\\/\\\/litrax.ch\\\/fr\\\/shop\\\/kit-de-reapprovisionnement-andrea-30-kopie-kopie-kopie-kopie-kopie\\\/#primaryimage\"},\"thumbnailUrl\":\"https:\\\/\\\/litrax.ch\\\/wp-content\\\/uploads\\\/2026\\\/04\\\/Bodenmessgeraet-4-Funktionen.png\",\"datePublished\":\"2026-04-06T14:40:59+00:00\",\"dateModified\":\"2026-04-09T22:26:36+00:00\",\"description\":\"Le testeur de sol \u00e0 4 fonctions mesure de mani\u00e8re fiable l'intensit\u00e9 lumineuse ambiante, l'humidit\u00e9 du sol, la fertilit\u00e9 du sol et le pH du sol.\",\"breadcrumb\":{\"@id\":\"https:\\\/\\\/litrax.ch\\\/fr\\\/shop\\\/kit-de-reapprovisionnement-andrea-30-kopie-kopie-kopie-kopie-kopie\\\/#breadcrumb\"},\"inLanguage\":\"fr-FR\",\"potentialAction\":[{\"@type\":\"ReadAction\",\"target\":[\"https:\\\/\\\/litrax.ch\\\/fr\\\/shop\\\/kit-de-reapprovisionnement-andrea-30-kopie-kopie-kopie-kopie-kopie\\\/\"]}]},{\"@type\":\"ImageObject\",\"inLanguage\":\"fr-FR\",\"@id\":\"https:\\\/\\\/litrax.ch\\\/fr\\\/shop\\\/kit-de-reapprovisionnement-andrea-30-kopie-kopie-kopie-kopie-kopie\\\/#primaryimage\",\"url\":\"https:\\\/\\\/litrax.ch\\\/wp-content\\\/uploads\\\/2026\\\/04\\\/Bodenmessgeraet-4-Funktionen.png\",\"contentUrl\":\"https:\\\/\\\/litrax.ch\\\/wp-content\\\/uploads\\\/2026\\\/04\\\/Bodenmessgeraet-4-Funktionen.png\",\"width\":1323,\"height\":978},{\"@type\":\"BreadcrumbList\",\"@id\":\"https:\\\/\\\/litrax.ch\\\/fr\\\/shop\\\/kit-de-reapprovisionnement-andrea-30-kopie-kopie-kopie-kopie-kopie\\\/#breadcrumb\",\"itemListElement\":[{\"@type\":\"ListItem\",\"position\":1,\"name\":\"Startseite\",\"item\":\"https:\\\/\\\/litrax.ch\\\/fr\\\/accueil\\\/\"},{\"@type\":\"ListItem\",\"position\":2,\"name\":\"Boutique\",\"item\":\"https:\\\/\\\/litrax.ch\\\/fr\\\/boutique\\\/\"},{\"@type\":\"ListItem\",\"position\":3,\"name\":\"LAX403 Appareil de mesure du sol 4 fonctions\"}]},{\"@type\":\"WebSite\",\"@id\":\"https:\\\/\\\/litrax.ch\\\/fr\\\/#website\",\"url\":\"https:\\\/\\\/litrax.ch\\\/fr\\\/\",\"name\":\"Litrax - Hydroponische Systeme\",\"description\":\"Erlebe Hydroponik - der erdlose Gartengenuss.\",\"publisher\":{\"@id\":\"https:\\\/\\\/litrax.ch\\\/fr\\\/#organization\"},\"alternateName\":\"Litrax\",\"potentialAction\":[{\"@type\":\"SearchAction\",\"target\":{\"@type\":\"EntryPoint\",\"urlTemplate\":\"https:\\\/\\\/litrax.ch\\\/fr\\\/?s={search_term_string}\"},\"query-input\":{\"@type\":\"PropertyValueSpecification\",\"valueRequired\":true,\"valueName\":\"search_term_string\"}}],\"inLanguage\":\"fr-FR\"},{\"@type\":\"Organization\",\"@id\":\"https:\\\/\\\/litrax.ch\\\/fr\\\/#organization\",\"name\":\"Litrax - Hydroponische Systeme\",\"alternateName\":\"Litrax\",\"url\":\"https:\\\/\\\/litrax.ch\\\/fr\\\/\",\"logo\":{\"@type\":\"ImageObject\",\"inLanguage\":\"fr-FR\",\"@id\":\"https:\\\/\\\/litrax.ch\\\/fr\\\/#\\\/schema\\\/logo\\\/image\\\/\",\"url\":\"https:\\\/\\\/litrax.ch\\\/wp-content\\\/uploads\\\/2024\\\/03\\\/facivon.png\",\"contentUrl\":\"https:\\\/\\\/litrax.ch\\\/wp-content\\\/uploads\\\/2024\\\/03\\\/facivon.png\",\"width\":150,\"height\":150,\"caption\":\"Litrax - Hydroponische Systeme\"},\"image\":{\"@id\":\"https:\\\/\\\/litrax.ch\\\/fr\\\/#\\\/schema\\\/logo\\\/image\\\/\"},\"sameAs\":[\"https:\\\/\\\/www.facebook.com\\\/Litrax.ch\",\"https:\\\/\\\/www.instagram.com\\\/litrax.ch\\\/\",\"https:\\\/\\\/www.tiktok.com\\\/@litrax.ch\"],\"description\":\"Willkommen bei Litrax \u2013 Ihrem f\u00fchrenden Online-Shop f\u00fcr hochwertige hydroponische Gartensysteme! Wir bieten eine breite Palette an L\u00f6sungen f\u00fcr Privatpersonen, Restaurants und industrielle Gro\u00dfsysteme, um Ihnen zu helfen, Ihre eigene gr\u00fcne Oase zu schaffen, unabh\u00e4ngig von Ihrem Bedarf oder Ihrer Gr\u00f6\u00dfe. F\u00fcr Haushalte\\\/B\u00fcros: Entdecken Sie die Freude am G\u00e4rtnern in Ihrem eigenen Zuhause mit unseren einfach zu bedienenden hydroponischen Gartensystemen. Egal, ob Sie auf einem Balkon, einer Terrasse oder in Ihrem Wohnzimmer g\u00e4rtnern m\u00f6chten \u2013 wir haben das passende System f\u00fcr Sie. Genie\u00dfen Sie frisches Gem\u00fcse, aromatische Kr\u00e4uter und farbenfrohe Blumen das ganze Jahr \u00fcber, direkt aus Ihrem hydroponischen Garten. F\u00fcr Restaurants: Steigern Sie die Qualit\u00e4t Ihrer Gerichte und beeindrucken Sie Ihre G\u00e4ste mit frischen, geschmacksintensiven Zutaten aus unserem Sortiment an hydroponischen Gartensystemen f\u00fcr den gastronomischen Bereich. Unsere Systeme sind platzsparend, effizient und einfach zu bedienen, so dass Sie Ihre eigenen Zutaten direkt in Ihrer K\u00fcche anbauen k\u00f6nnen. Erleben Sie die Freude an nachhaltigem G\u00e4rtnern und lassen Sie Ihre kulinarischen Kreationen erstrahlen. Industrielle Gro\u00dfsysteme: Optimieren Sie Ihre landwirtschaftliche Produktion mit unseren ma\u00dfgeschneiderten hydroponischen Gro\u00dfsystemen. Von vertikalen Farmen bis hin zu automatisierten Anlagen bieten wir skalierbare L\u00f6sungen f\u00fcr maximale Effizienz und Produktivit\u00e4t. Nutzen Sie die Vorteile der hydroponischen Landwirtschaft, um Ihre Ernteertr\u00e4ge zu steigern, Platz zu sparen und Ressourcen zu optimieren. Erfahren Sie, wie unsere Systeme die Zukunft der industriellen Landwirtschaft gestalten k\u00f6nnen. Bei Litrax legen wir Wert auf Qualit\u00e4t und Kundenzufriedenheit. Unsere Produkte sind sorgf\u00e4ltig ausgew\u00e4hlt, um Ihnen die besten Ergebnisse zu garantieren, und wir bieten sie zu g\u00fcnstigen Preisen an. Dank unseres eigenen Lagers in der Schweiz k\u00f6nnen wir Ihnen eine schnelle Lieferung am n\u00e4chsten Tag garantieren.\",\"legalName\":\"Resyx GmbH\",\"foundingDate\":\"2022-12-22\",\"numberOfEmployees\":{\"@type\":\"QuantitativeValue\",\"minValue\":\"1\",\"maxValue\":\"10\"}}]}<\/script>\n<meta property=\"product:price:amount\" content=\"27.50\" \/>\n<meta property=\"product:price:currency\" content=\"CHF\" \/>\n<meta property=\"og:availability\" content=\"instock\" \/>\n<meta property=\"product:availability\" content=\"instock\" \/>\n<meta property=\"product:retailer_item_id\" content=\"LAX403-4\" \/>\n<meta property=\"product:condition\" content=\"new\" \/>\n<!-- \/ Yoast SEO Premium plugin. -->","yoast_head_json":{"title":"LAX403 Appareil de mesure du sol 4 fonctions pour sol, lumi\u00e8re et pH","description":"Le testeur de sol \u00e0 4 fonctions mesure de mani\u00e8re fiable l'intensit\u00e9 lumineuse ambiante, l'humidit\u00e9 du sol, la fertilit\u00e9 du sol et le pH du sol.","robots":{"index":"index","follow":"follow","max-snippet":"max-snippet:-1","max-image-preview":"max-image-preview:large","max-video-preview":"max-video-preview:-1"},"canonical":"https:\/\/litrax.ch\/fr\/shop\/kit-de-reapprovisionnement-andrea-30-kopie-kopie-kopie-kopie-kopie\/","og_locale":"fr_FR","og_type":"article","og_title":"LAX403 Appareil de mesure du sol 4 fonctions","og_description":"Le testeur de sol \u00e0 4 fonctions mesure de mani\u00e8re fiable l'intensit\u00e9 lumineuse ambiante, l'humidit\u00e9 du sol, la fertilit\u00e9 du sol et le pH du sol.","og_url":"https:\/\/litrax.ch\/fr\/shop\/kit-de-reapprovisionnement-andrea-30-kopie-kopie-kopie-kopie-kopie\/","og_site_name":"Litrax - Hydroponische Systeme","article_publisher":"https:\/\/www.facebook.com\/Litrax.ch","article_modified_time":"2026-04-09T22:26:36+00:00","og_image":[{"width":1323,"height":978,"url":"https:\/\/litrax.ch\/wp-content\/uploads\/2026\/04\/Bodenmessgeraet-4-Funktionen.png","type":"image\/png"}],"twitter_card":"summary_large_image","twitter_misc":{"Prix":"&#67;&#72;&#70;&nbsp;27.50","Disponibilit\u00e9":"En stock"},"schema":{"@context":"https:\/\/schema.org","@graph":[{"@type":"WebPage","@id":"https:\/\/litrax.ch\/fr\/shop\/kit-de-reapprovisionnement-andrea-30-kopie-kopie-kopie-kopie-kopie\/","url":"https:\/\/litrax.ch\/fr\/shop\/kit-de-reapprovisionnement-andrea-30-kopie-kopie-kopie-kopie-kopie\/","name":"LAX403 Appareil de mesure du sol 4 fonctions pour sol, lumi\u00e8re et pH","isPartOf":{"@id":"https:\/\/litrax.ch\/fr\/#website"},"primaryImageOfPage":{"@id":"https:\/\/litrax.ch\/fr\/shop\/kit-de-reapprovisionnement-andrea-30-kopie-kopie-kopie-kopie-kopie\/#primaryimage"},"image":{"@id":"https:\/\/litrax.ch\/fr\/shop\/kit-de-reapprovisionnement-andrea-30-kopie-kopie-kopie-kopie-kopie\/#primaryimage"},"thumbnailUrl":"https:\/\/litrax.ch\/wp-content\/uploads\/2026\/04\/Bodenmessgeraet-4-Funktionen.png","datePublished":"2026-04-06T14:40:59+00:00","dateModified":"2026-04-09T22:26:36+00:00","description":"Le testeur de sol \u00e0 4 fonctions mesure de mani\u00e8re fiable l'intensit\u00e9 lumineuse ambiante, l'humidit\u00e9 du sol, la fertilit\u00e9 du sol et le pH du sol.","breadcrumb":{"@id":"https:\/\/litrax.ch\/fr\/shop\/kit-de-reapprovisionnement-andrea-30-kopie-kopie-kopie-kopie-kopie\/#breadcrumb"},"inLanguage":"fr-FR","potentialAction":[{"@type":"ReadAction","target":["https:\/\/litrax.ch\/fr\/shop\/kit-de-reapprovisionnement-andrea-30-kopie-kopie-kopie-kopie-kopie\/"]}]},{"@type":"ImageObject","inLanguage":"fr-FR","@id":"https:\/\/litrax.ch\/fr\/shop\/kit-de-reapprovisionnement-andrea-30-kopie-kopie-kopie-kopie-kopie\/#primaryimage","url":"https:\/\/litrax.ch\/wp-content\/uploads\/2026\/04\/Bodenmessgeraet-4-Funktionen.png","contentUrl":"https:\/\/litrax.ch\/wp-content\/uploads\/2026\/04\/Bodenmessgeraet-4-Funktionen.png","width":1323,"height":978},{"@type":"BreadcrumbList","@id":"https:\/\/litrax.ch\/fr\/shop\/kit-de-reapprovisionnement-andrea-30-kopie-kopie-kopie-kopie-kopie\/#breadcrumb","itemListElement":[{"@type":"ListItem","position":1,"name":"Startseite","item":"https:\/\/litrax.ch\/fr\/accueil\/"},{"@type":"ListItem","position":2,"name":"Boutique","item":"https:\/\/litrax.ch\/fr\/boutique\/"},{"@type":"ListItem","position":3,"name":"LAX403 Appareil de mesure du sol 4 fonctions"}]},{"@type":"WebSite","@id":"https:\/\/litrax.ch\/fr\/#website","url":"https:\/\/litrax.ch\/fr\/","name":"Litrax - Hydroponische Systeme","description":"Erlebe Hydroponik - der erdlose Gartengenuss.","publisher":{"@id":"https:\/\/litrax.ch\/fr\/#organization"},"alternateName":"Litrax","potentialAction":[{"@type":"SearchAction","target":{"@type":"EntryPoint","urlTemplate":"https:\/\/litrax.ch\/fr\/?s={search_term_string}"},"query-input":{"@type":"PropertyValueSpecification","valueRequired":true,"valueName":"search_term_string"}}],"inLanguage":"fr-FR"},{"@type":"Organization","@id":"https:\/\/litrax.ch\/fr\/#organization","name":"Litrax - Hydroponische Systeme","alternateName":"Litrax","url":"https:\/\/litrax.ch\/fr\/","logo":{"@type":"ImageObject","inLanguage":"fr-FR","@id":"https:\/\/litrax.ch\/fr\/#\/schema\/logo\/image\/","url":"https:\/\/litrax.ch\/wp-content\/uploads\/2024\/03\/facivon.png","contentUrl":"https:\/\/litrax.ch\/wp-content\/uploads\/2024\/03\/facivon.png","width":150,"height":150,"caption":"Litrax - Hydroponische Systeme"},"image":{"@id":"https:\/\/litrax.ch\/fr\/#\/schema\/logo\/image\/"},"sameAs":["https:\/\/www.facebook.com\/Litrax.ch","https:\/\/www.instagram.com\/litrax.ch\/","https:\/\/www.tiktok.com\/@litrax.ch"],"description":"Willkommen bei Litrax \u2013 Ihrem f\u00fchrenden Online-Shop f\u00fcr hochwertige hydroponische Gartensysteme! Wir bieten eine breite Palette an L\u00f6sungen f\u00fcr Privatpersonen, Restaurants und industrielle Gro\u00dfsysteme, um Ihnen zu helfen, Ihre eigene gr\u00fcne Oase zu schaffen, unabh\u00e4ngig von Ihrem Bedarf oder Ihrer Gr\u00f6\u00dfe. F\u00fcr Haushalte\/B\u00fcros: Entdecken Sie die Freude am G\u00e4rtnern in Ihrem eigenen Zuhause mit unseren einfach zu bedienenden hydroponischen Gartensystemen. Egal, ob Sie auf einem Balkon, einer Terrasse oder in Ihrem Wohnzimmer g\u00e4rtnern m\u00f6chten \u2013 wir haben das passende System f\u00fcr Sie. Genie\u00dfen Sie frisches Gem\u00fcse, aromatische Kr\u00e4uter und farbenfrohe Blumen das ganze Jahr \u00fcber, direkt aus Ihrem hydroponischen Garten. F\u00fcr Restaurants: Steigern Sie die Qualit\u00e4t Ihrer Gerichte und beeindrucken Sie Ihre G\u00e4ste mit frischen, geschmacksintensiven Zutaten aus unserem Sortiment an hydroponischen Gartensystemen f\u00fcr den gastronomischen Bereich. Unsere Systeme sind platzsparend, effizient und einfach zu bedienen, so dass Sie Ihre eigenen Zutaten direkt in Ihrer K\u00fcche anbauen k\u00f6nnen. Erleben Sie die Freude an nachhaltigem G\u00e4rtnern und lassen Sie Ihre kulinarischen Kreationen erstrahlen. Industrielle Gro\u00dfsysteme: Optimieren Sie Ihre landwirtschaftliche Produktion mit unseren ma\u00dfgeschneiderten hydroponischen Gro\u00dfsystemen. Von vertikalen Farmen bis hin zu automatisierten Anlagen bieten wir skalierbare L\u00f6sungen f\u00fcr maximale Effizienz und Produktivit\u00e4t. Nutzen Sie die Vorteile der hydroponischen Landwirtschaft, um Ihre Ernteertr\u00e4ge zu steigern, Platz zu sparen und Ressourcen zu optimieren. Erfahren Sie, wie unsere Systeme die Zukunft der industriellen Landwirtschaft gestalten k\u00f6nnen. Bei Litrax legen wir Wert auf Qualit\u00e4t und Kundenzufriedenheit. Unsere Produkte sind sorgf\u00e4ltig ausgew\u00e4hlt, um Ihnen die besten Ergebnisse zu garantieren, und wir bieten sie zu g\u00fcnstigen Preisen an. Dank unseres eigenen Lagers in der Schweiz k\u00f6nnen wir Ihnen eine schnelle Lieferung am n\u00e4chsten Tag garantieren.","legalName":"Resyx GmbH","foundingDate":"2022-12-22","numberOfEmployees":{"@type":"QuantitativeValue","minValue":"1","maxValue":"10"}}]},"product_price_amount":"27.50","product_price_currency":"CHF","og_availability":"instock","product_availability":"instock","product_retailer_item_id":"LAX403-4","product_condition":"new"},"_links":{"self":[{"href":"https:\/\/litrax.ch\/fr\/wp-json\/wp\/v2\/product\/25921","targetHints":{"allow":["GET"]}}],"collection":[{"href":"https:\/\/litrax.ch\/fr\/wp-json\/wp\/v2\/product"}],"about":[{"href":"https:\/\/litrax.ch\/fr\/wp-json\/wp\/v2\/types\/product"}],"replies":[{"embeddable":true,"href":"https:\/\/litrax.ch\/fr\/wp-json\/wp\/v2\/comments?post=25921"}],"wp:featuredmedia":[{"embeddable":true,"href":"https:\/\/litrax.ch\/fr\/wp-json\/wp\/v2\/media\/25927"}],"wp:attachment":[{"href":"https:\/\/litrax.ch\/fr\/wp-json\/wp\/v2\/media?parent=25921"}],"wp:term":[{"taxonomy":"product_brand","embeddable":true,"href":"https:\/\/litrax.ch\/fr\/wp-json\/wp\/v2\/product_brand?post=25921"},{"taxonomy":"product_cat","embeddable":true,"href":"https:\/\/litrax.ch\/fr\/wp-json\/wp\/v2\/product_cat?post=25921"},{"taxonomy":"product_tag","embeddable":true,"href":"https:\/\/litrax.ch\/fr\/wp-json\/wp\/v2\/product_tag?post=25921"}],"curies":[{"name":"wp","href":"https:\/\/api.w.org\/{rel}","templated":true}]}}