{"id":25943,"date":"2026-04-06T15:10:33","date_gmt":"2026-04-06T15:10:33","guid":{"rendered":"https:\/\/litrax.ch\/?post_type=product&#038;p=25943"},"modified":"2026-04-09T22:09:12","modified_gmt":"2026-04-09T22:09:12","slug":"raphael-ferme-verticale-120-kopie","status":"publish","type":"product","link":"https:\/\/litrax.ch\/fr\/shop\/raphael-ferme-verticale-120-kopie\/","title":{"rendered":"Ferme verticale VALERIA 64"},"content":{"rendered":"<h2 dir=\"auto\"><strong>Ferme verticale VALERIA 64<\/strong><\/h2>\n<h3 dir=\"auto\"><strong>La ferme verticale pour la cuisine et le balcon<\/strong><\/h3>\n<p dir=\"auto\">Des l\u00e9gumes frais de votre propre cuisine \u2013 toute l&#8217;ann\u00e9e.<\/p>\n<p dir=\"auto\">La <strong>Ferme Verticale VALERIA 64<\/strong> est le syst\u00e8me de culture int\u00e9rieur haut de gamme et enti\u00e8rement automatique, con\u00e7u pr\u00e9cis\u00e9ment pour tous ceux qui aiment les grandes plantes. C&#8217;est pourquoi elle s&#8217;int\u00e8gre parfaitement dans la cuisine, le salon et, selon la saison, sur le balcon ou la terrasse. Avec 4 niveaux et 2 \u00d7 8 supports \u00e0 trous chacun, elle offre de la place pour <strong>64 grandes plantes dans des paniers en billes d&#8217;argile<\/strong>. Ainsi, les tomates, poivrons, herbes aromatiques, salades, fraises ou m\u00eame petites plantes \u00e0 fleurs et melons poussent vraiment bien.   <\/p>\n<p dir=\"auto\">Sans terre et sans connaissances pr\u00e9alables \u2013 il suffit de l&#8217;installer et d&#8217;en profiter. Car les lampes de croissance LED \u00e9conomiques avec minuteur et la pompe puissante garantissent que vos plantes poussent rapidement, vigoureusement et sainement. De plus, sur le balcon ou la terrasse, vous pouvez r\u00e9duire ou \u00e9teindre compl\u00e8tement l&#8217;\u00e9clairage LED selon l&#8217;ensoleillement. Vous \u00e9conomisez ainsi de l&#8217;\u00e9lectricit\u00e9 suppl\u00e9mentaire !   <\/p>\n<h3>Principales caract\u00e9ristiques<\/h3>\n<p dir=\"auto\"><strong>Technique du film nutritif (NFT)<\/strong> La ferme VALERIA fonctionne avec la technique NFT \u00e9prouv\u00e9e : les racines sont aliment\u00e9es en continu par un fin film d\u2019eau nutritive. R\u00e9sultat ? Une croissance plus rapide, des plantes plus saines et jusqu\u2019\u00e0 <strong>80&nbsp;% de consommation d\u2019eau en moins<\/strong> qu\u2019en culture en terre traditionnelle. Vous pr\u00e9servez aussi l\u2019environnement \u2013 hydroponique et durable.   <\/p>\n<p dir=\"auto\"><strong>Syst\u00e8me enti\u00e8rement automatis\u00e9<\/strong> Une fois install\u00e9, tout fonctionne presque tout seul. Minuteur flexible pour l\u2019\u00e9clairage, pompe puissante et r\u00e9servoirs d\u2019eau intelligents assurent une alimentation parfaite 24 h\/24. Le syst\u00e8me d\u2019alarme int\u00e9gr\u00e9 vous rappelle \u00e0 temps de rajouter de l\u2019eau ou des nutriments \u2013 z\u00e9ro stress.  <\/p>\n<p dir=\"auto\"><strong>Conception modulaire<\/strong> Commencez avec 1 ou 2 niveaux, ou utilisez directement les quatre. Les LED fournissent l\u2019ensemble du spectre solaire et favorisent une photosynth\u00e8se vigoureuse en toute saison. Un niveau pour les micro-pousses, les autres pour de grandes plantes \u00e0 haut rendement \u2013 \u00e0 vous de choisir.  <\/p>\n<p dir=\"auto\"><strong>Supports de culture flexibles \u2013 optimis\u00e9s pour les grandes plantes<\/strong> Con\u00e7u par d\u00e9faut pour des <strong>paniers en billes d\u2019argile<\/strong> \u2013 parfaits pour des plantes plus grandes et plus lourdes, comme les choux. Vous pouvez aussi utiliser de la laine de roche ou des \u00e9ponges de culture. Les billes d\u2019argile offrent un maintien stable et une oxyg\u00e9nation optimale pour des racines robustes.  <\/p>\n<p dir=\"auto\"><strong>Grande capacit\u00e9 d\u2019eau &amp; faible consommation d\u2019\u00e9nergie<\/strong> Quatre r\u00e9servoirs d\u2019eau totalisant 47,8&nbsp;L (23,8&nbsp;L + 3 \u00d7 8&nbsp;L) avec alarme de manque d\u2019eau. En pleine charge, seulement <strong>105&nbsp;W<\/strong> \u2013 certains modules LED sont m\u00eame sous 12&nbsp;W. Ultra \u00e9conome et silencieux, comme une discr\u00e8te fontaine d\u2019int\u00e9rieur. <\/p>\n<p dir=\"auto\"><strong>Adapt\u00e9 au quotidien &amp; durable<\/strong> Garantie 2 ans, pi\u00e8ces de rechange disponibles sur le long terme et montage facile en 1\u20132 heures (seul) ou 30\u201360 minutes (\u00e0 deux). Vid\u00e9o de montage pas \u00e0 pas : <a href=\"https:\/\/litrax.ch\/fr\/videos-hydroponiques\/\" target=\"_blank\" rel=\"noopener noreferrer nofollow\">https:\/\/litrax.ch\/de\/hydroponische-videos\/<\/a>. Id\u00e9al pour une utilisation continue en cuisine et dans l\u2019espace de vie.  <\/p>\n<h3>Accessoires optionnels pour extension de ferme<\/h3>\n<p>Avec le plateau <a href=\"https:\/\/litrax.ch\/fr\/shop\/kit-de-reapprovisionnement-andrea-30-kopie-kopie-kopie-kopie\/\"><strong>LAX210-15L<\/strong><\/a> et le Set de Recharge ANDREA <a href=\"https:\/\/litrax.ch\/fr\/shop\/andrea-kit-de-croissance\/\"><strong>LAX-01<\/strong><\/a>, vous pouvez \u00e9tendre une partie ou toute la ferme verticale VALERIA pour des plantes plus petites <strong>jusqu&#8217;\u00e0 120 plantes.<\/strong> Vous la transformez ainsi facilement en ferme RAPHAEL.<\/p>\n<p dir=\"auto\"><strong>Pour qui la ferme verticale VALERIA 64 est-elle parfaite ?<\/strong><\/p>\n<ul dir=\"auto\">\n<li>Pour tous ceux qui veulent de grandes plantes et un vrai rendement dans la cuisine<\/li>\n<li>Pour les foyers sans jardin qui souhaitent malgr\u00e9 tout profiter de l\u00e9gumes frais cultiv\u00e9s maison<\/li>\n<li>Pour les personnes qui ont peu de temps, mais ne veulent pas renoncer \u00e0 la qualit\u00e9 et au go\u00fbt<\/li>\n<li>Pour tous ceux qui recherchent un syst\u00e8me professionnel et fiable plut\u00f4t qu&#8217;un kit de bricolage<\/li>\n<\/ul>\n<p dir=\"auto\">Ainsi, le jardinage indoor devient simple, efficace et durable.<\/p>\n<p dir=\"auto\"><strong>D\u00e9couvrez maintenant<\/strong> Profitez toute l&#8217;ann\u00e9e de plantes fra\u00eeches, saines et aromatiques \u2013 directement de votre cuisine ou de votre balcon. Car la Ferme Verticale VALERIA 64 allie technologie hydroponique de pointe, utilisation simple et design compact pour un vrai bonheur de jardinier \u00e0 la maison. <\/p>\n<p dir=\"auto\"><strong>Procurez-vous votre ferme verticale VALERIA 64 \u2013 installez, r\u00e9coltez automatiquement !<\/strong> <strong>Qualit\u00e9 l\u00e9gumes premium. Simple. Efficace. Durable.   <\/strong><\/p>\n<div class=\"video-container responsive-embed widescreen\"><iframe title=\"LITRAX LX210 Instruction\" width=\"900\" height=\"506\" src=\"https:\/\/www.youtube.com\/embed\/PUbtjTM3zKI?feature=oembed\" frameborder=\"0\" allow=\"accelerometer; autoplay; clipboard-write; encrypted-media; gyroscope; picture-in-picture; web-share\" referrerpolicy=\"strict-origin-when-cross-origin\" allowfullscreen><\/iframe><\/div>\n","protected":false},"excerpt":{"rendered":"<p>Ferme verticale VALERIA 64 La ferme verticale pour la cuisine et le balcon Des l\u00e9gumes frais de votre propre cuisine \u2013 toute l&#8217;ann\u00e9e. La Ferme Verticale VALERIA 64 est le syst\u00e8me de culture int\u00e9rieur haut de gamme et enti\u00e8rement automatique, con\u00e7u pr\u00e9cis\u00e9ment pour tous ceux qui aiment les grandes plantes. C&#8217;est pourquoi elle s&#8217;int\u00e8gre parfaitement [&hellip;]<\/p>\n","protected":false},"featured_media":17799,"comment_status":"open","ping_status":"closed","template":"","meta":[],"product_brand":[],"product_cat":[849,155,119],"product_tag":[507,392,754],"class_list":{"0":"post-25943","1":"product","2":"type-product","3":"status-publish","4":"has-post-thumbnail","6":"product_cat-automatisation","7":"product_cat-gastronomie-industrie-fr","8":"product_cat-hydroponique","9":"product_tag-ferme-verticale","10":"product_tag-gastronomie-fr","11":"product_tag-indoor-fr-2","12":"product_shipping_class-articles-de-grande-taille-poids-a-partir-de-20-kg-piece-ou-articles-pour-2-personnes","14":"first","15":"instock","16":"taxable","17":"shipping-taxable","18":"purchasable","19":"product-type-simple"},"yoast_head":"<!-- This site is optimized with the Yoast SEO Premium plugin v26.7 (Yoast SEO v27.4) - https:\/\/yoast.com\/product\/yoast-seo-premium-wordpress\/ -->\n<title>La Ferme Verticale VALERIA 64 - Hydroponie pour grandes plantes<\/title>\n<meta name=\"description\" content=\"Ferme verticale VALERIA 64 sur 4 niveaux avec 64 paniers en billes d\u2019argile pour grandes plantes. Hydroponie parfaite pour la cuisine &amp; le balcon. Des l\u00e9gumes frais toute l\u2019ann\u00e9e.\" \/>\n<meta name=\"robots\" content=\"index, follow, max-snippet:-1, max-image-preview:large, max-video-preview:-1\" \/>\n<link rel=\"canonical\" href=\"https:\/\/litrax.ch\/fr\/shop\/raphael-ferme-verticale-120-kopie\/\" \/>\n<meta property=\"og:locale\" content=\"fr_FR\" \/>\n<meta property=\"og:type\" content=\"article\" \/>\n<meta property=\"og:title\" content=\"Ferme verticale VALERIA 64\" \/>\n<meta property=\"og:description\" content=\"Ferme verticale VALERIA 64 sur 4 niveaux avec 64 paniers en billes d\u2019argile pour grandes plantes. Hydroponie parfaite pour la cuisine &amp; le balcon. Des l\u00e9gumes frais toute l\u2019ann\u00e9e.\" \/>\n<meta property=\"og:url\" content=\"https:\/\/litrax.ch\/fr\/shop\/raphael-ferme-verticale-120-kopie\/\" \/>\n<meta property=\"og:site_name\" content=\"Litrax - Hydroponische Systeme\" \/>\n<meta property=\"article:publisher\" content=\"https:\/\/www.facebook.com\/Litrax.ch\" \/>\n<meta property=\"article:modified_time\" content=\"2026-04-09T22:09:12+00:00\" \/>\n<meta property=\"og:image\" content=\"https:\/\/litrax.ch\/wp-content\/uploads\/2024\/01\/LX210_Trans.png\" \/>\n\t<meta property=\"og:image:width\" content=\"1000\" \/>\n\t<meta property=\"og:image:height\" content=\"666\" \/>\n\t<meta property=\"og:image:type\" content=\"image\/png\" \/>\n<meta name=\"twitter:card\" content=\"summary_large_image\" \/>\n<meta name=\"twitter:label1\" content=\"Prix\" \/>\n\t<meta name=\"twitter:data1\" content=\"&#067;&#072;&#070;&nbsp;850.00\" \/>\n\t<meta name=\"twitter:label2\" content=\"Disponibilit\u00e9\" \/>\n\t<meta name=\"twitter:data2\" content=\"En stock\" \/>\n<script type=\"application\/ld+json\" class=\"yoast-schema-graph\">{\"@context\":\"https:\\\/\\\/schema.org\",\"@graph\":[{\"@type\":\"WebPage\",\"@id\":\"https:\\\/\\\/litrax.ch\\\/fr\\\/shop\\\/raphael-ferme-verticale-120-kopie\\\/\",\"url\":\"https:\\\/\\\/litrax.ch\\\/fr\\\/shop\\\/raphael-ferme-verticale-120-kopie\\\/\",\"name\":\"La Ferme Verticale VALERIA 64 - Hydroponie pour grandes plantes\",\"isPartOf\":{\"@id\":\"https:\\\/\\\/litrax.ch\\\/fr\\\/#website\"},\"primaryImageOfPage\":{\"@id\":\"https:\\\/\\\/litrax.ch\\\/fr\\\/shop\\\/raphael-ferme-verticale-120-kopie\\\/#primaryimage\"},\"image\":{\"@id\":\"https:\\\/\\\/litrax.ch\\\/fr\\\/shop\\\/raphael-ferme-verticale-120-kopie\\\/#primaryimage\"},\"thumbnailUrl\":\"https:\\\/\\\/litrax.ch\\\/wp-content\\\/uploads\\\/2024\\\/01\\\/LX210_Trans.png\",\"datePublished\":\"2026-04-06T15:10:33+00:00\",\"dateModified\":\"2026-04-09T22:09:12+00:00\",\"description\":\"Ferme verticale VALERIA 64 sur 4 niveaux avec 64 paniers en billes d\u2019argile pour grandes plantes. Hydroponie parfaite pour la cuisine & le balcon. Des l\u00e9gumes frais toute l\u2019ann\u00e9e.\",\"breadcrumb\":{\"@id\":\"https:\\\/\\\/litrax.ch\\\/fr\\\/shop\\\/raphael-ferme-verticale-120-kopie\\\/#breadcrumb\"},\"inLanguage\":\"fr-FR\",\"potentialAction\":[{\"@type\":\"ReadAction\",\"target\":[\"https:\\\/\\\/litrax.ch\\\/fr\\\/shop\\\/raphael-ferme-verticale-120-kopie\\\/\"]}]},{\"@type\":\"ImageObject\",\"inLanguage\":\"fr-FR\",\"@id\":\"https:\\\/\\\/litrax.ch\\\/fr\\\/shop\\\/raphael-ferme-verticale-120-kopie\\\/#primaryimage\",\"url\":\"https:\\\/\\\/litrax.ch\\\/wp-content\\\/uploads\\\/2024\\\/01\\\/LX210_Trans.png\",\"contentUrl\":\"https:\\\/\\\/litrax.ch\\\/wp-content\\\/uploads\\\/2024\\\/01\\\/LX210_Trans.png\",\"width\":1000,\"height\":666},{\"@type\":\"BreadcrumbList\",\"@id\":\"https:\\\/\\\/litrax.ch\\\/fr\\\/shop\\\/raphael-ferme-verticale-120-kopie\\\/#breadcrumb\",\"itemListElement\":[{\"@type\":\"ListItem\",\"position\":1,\"name\":\"Startseite\",\"item\":\"https:\\\/\\\/litrax.ch\\\/fr\\\/accueil\\\/\"},{\"@type\":\"ListItem\",\"position\":2,\"name\":\"Boutique\",\"item\":\"https:\\\/\\\/litrax.ch\\\/fr\\\/boutique\\\/\"},{\"@type\":\"ListItem\",\"position\":3,\"name\":\"Ferme verticale VALERIA 64\"}]},{\"@type\":\"WebSite\",\"@id\":\"https:\\\/\\\/litrax.ch\\\/fr\\\/#website\",\"url\":\"https:\\\/\\\/litrax.ch\\\/fr\\\/\",\"name\":\"Litrax - Hydroponische Systeme\",\"description\":\"Erlebe Hydroponik - der erdlose Gartengenuss.\",\"publisher\":{\"@id\":\"https:\\\/\\\/litrax.ch\\\/fr\\\/#organization\"},\"alternateName\":\"Litrax\",\"potentialAction\":[{\"@type\":\"SearchAction\",\"target\":{\"@type\":\"EntryPoint\",\"urlTemplate\":\"https:\\\/\\\/litrax.ch\\\/fr\\\/?s={search_term_string}\"},\"query-input\":{\"@type\":\"PropertyValueSpecification\",\"valueRequired\":true,\"valueName\":\"search_term_string\"}}],\"inLanguage\":\"fr-FR\"},{\"@type\":\"Organization\",\"@id\":\"https:\\\/\\\/litrax.ch\\\/fr\\\/#organization\",\"name\":\"Litrax - Hydroponische Systeme\",\"alternateName\":\"Litrax\",\"url\":\"https:\\\/\\\/litrax.ch\\\/fr\\\/\",\"logo\":{\"@type\":\"ImageObject\",\"inLanguage\":\"fr-FR\",\"@id\":\"https:\\\/\\\/litrax.ch\\\/fr\\\/#\\\/schema\\\/logo\\\/image\\\/\",\"url\":\"https:\\\/\\\/litrax.ch\\\/wp-content\\\/uploads\\\/2024\\\/03\\\/facivon.png\",\"contentUrl\":\"https:\\\/\\\/litrax.ch\\\/wp-content\\\/uploads\\\/2024\\\/03\\\/facivon.png\",\"width\":150,\"height\":150,\"caption\":\"Litrax - Hydroponische Systeme\"},\"image\":{\"@id\":\"https:\\\/\\\/litrax.ch\\\/fr\\\/#\\\/schema\\\/logo\\\/image\\\/\"},\"sameAs\":[\"https:\\\/\\\/www.facebook.com\\\/Litrax.ch\",\"https:\\\/\\\/www.instagram.com\\\/litrax.ch\\\/\",\"https:\\\/\\\/www.tiktok.com\\\/@litrax.ch\"],\"description\":\"Willkommen bei Litrax \u2013 Ihrem f\u00fchrenden Online-Shop f\u00fcr hochwertige hydroponische Gartensysteme! Wir bieten eine breite Palette an L\u00f6sungen f\u00fcr Privatpersonen, Restaurants und industrielle Gro\u00dfsysteme, um Ihnen zu helfen, Ihre eigene gr\u00fcne Oase zu schaffen, unabh\u00e4ngig von Ihrem Bedarf oder Ihrer Gr\u00f6\u00dfe. F\u00fcr Haushalte\\\/B\u00fcros: Entdecken Sie die Freude am G\u00e4rtnern in Ihrem eigenen Zuhause mit unseren einfach zu bedienenden hydroponischen Gartensystemen. Egal, ob Sie auf einem Balkon, einer Terrasse oder in Ihrem Wohnzimmer g\u00e4rtnern m\u00f6chten \u2013 wir haben das passende System f\u00fcr Sie. Genie\u00dfen Sie frisches Gem\u00fcse, aromatische Kr\u00e4uter und farbenfrohe Blumen das ganze Jahr \u00fcber, direkt aus Ihrem hydroponischen Garten. F\u00fcr Restaurants: Steigern Sie die Qualit\u00e4t Ihrer Gerichte und beeindrucken Sie Ihre G\u00e4ste mit frischen, geschmacksintensiven Zutaten aus unserem Sortiment an hydroponischen Gartensystemen f\u00fcr den gastronomischen Bereich. Unsere Systeme sind platzsparend, effizient und einfach zu bedienen, so dass Sie Ihre eigenen Zutaten direkt in Ihrer K\u00fcche anbauen k\u00f6nnen. Erleben Sie die Freude an nachhaltigem G\u00e4rtnern und lassen Sie Ihre kulinarischen Kreationen erstrahlen. Industrielle Gro\u00dfsysteme: Optimieren Sie Ihre landwirtschaftliche Produktion mit unseren ma\u00dfgeschneiderten hydroponischen Gro\u00dfsystemen. Von vertikalen Farmen bis hin zu automatisierten Anlagen bieten wir skalierbare L\u00f6sungen f\u00fcr maximale Effizienz und Produktivit\u00e4t. Nutzen Sie die Vorteile der hydroponischen Landwirtschaft, um Ihre Ernteertr\u00e4ge zu steigern, Platz zu sparen und Ressourcen zu optimieren. Erfahren Sie, wie unsere Systeme die Zukunft der industriellen Landwirtschaft gestalten k\u00f6nnen. Bei Litrax legen wir Wert auf Qualit\u00e4t und Kundenzufriedenheit. Unsere Produkte sind sorgf\u00e4ltig ausgew\u00e4hlt, um Ihnen die besten Ergebnisse zu garantieren, und wir bieten sie zu g\u00fcnstigen Preisen an. Dank unseres eigenen Lagers in der Schweiz k\u00f6nnen wir Ihnen eine schnelle Lieferung am n\u00e4chsten Tag garantieren.\",\"legalName\":\"Resyx GmbH\",\"foundingDate\":\"2022-12-22\",\"numberOfEmployees\":{\"@type\":\"QuantitativeValue\",\"minValue\":\"1\",\"maxValue\":\"10\"}}]}<\/script>\n<meta property=\"og:video\" content=\"https:\/\/www.youtube.com\/embed\/PUbtjTM3zKI\" \/>\n<meta property=\"og:video:type\" content=\"text\/html\" \/>\n<meta property=\"og:video:duration\" content=\"56\" \/>\n<meta property=\"og:video:width\" content=\"480\" \/>\n<meta property=\"og:video:height\" content=\"270\" \/>\n<meta property=\"ya:ovs:adult\" content=\"false\" \/>\n<meta property=\"ya:ovs:upload_date\" content=\"2026-04-06T15:10:33+00:00\" \/>\n<meta property=\"ya:ovs:allow_embed\" content=\"true\" \/>\n<meta property=\"product:price:amount\" content=\"850.00\" \/>\n<meta property=\"product:price:currency\" content=\"CHF\" \/>\n<meta property=\"og:availability\" content=\"instock\" \/>\n<meta property=\"product:availability\" content=\"instock\" \/>\n<meta property=\"product:retailer_item_id\" content=\"LX210P-04-64\" \/>\n<meta property=\"product:condition\" content=\"new\" \/>\n<!-- \/ Yoast SEO Premium plugin. -->","yoast_head_json":{"title":"La Ferme Verticale VALERIA 64 - Hydroponie pour grandes plantes","description":"Ferme verticale VALERIA 64 sur 4 niveaux avec 64 paniers en billes d\u2019argile pour grandes plantes. Hydroponie parfaite pour la cuisine & le balcon. Des l\u00e9gumes frais toute l\u2019ann\u00e9e.","robots":{"index":"index","follow":"follow","max-snippet":"max-snippet:-1","max-image-preview":"max-image-preview:large","max-video-preview":"max-video-preview:-1"},"canonical":"https:\/\/litrax.ch\/fr\/shop\/raphael-ferme-verticale-120-kopie\/","og_locale":"fr_FR","og_type":"article","og_title":"Ferme verticale VALERIA 64","og_description":"Ferme verticale VALERIA 64 sur 4 niveaux avec 64 paniers en billes d\u2019argile pour grandes plantes. Hydroponie parfaite pour la cuisine & le balcon. Des l\u00e9gumes frais toute l\u2019ann\u00e9e.","og_url":"https:\/\/litrax.ch\/fr\/shop\/raphael-ferme-verticale-120-kopie\/","og_site_name":"Litrax - Hydroponische Systeme","article_publisher":"https:\/\/www.facebook.com\/Litrax.ch","article_modified_time":"2026-04-09T22:09:12+00:00","og_image":[{"width":1000,"height":666,"url":"https:\/\/litrax.ch\/wp-content\/uploads\/2024\/01\/LX210_Trans.png","type":"image\/png"}],"twitter_card":"summary_large_image","twitter_misc":{"Prix":"&#67;&#72;&#70;&nbsp;850.00","Disponibilit\u00e9":"En stock"},"schema":{"@context":"https:\/\/schema.org","@graph":[{"@type":"WebPage","@id":"https:\/\/litrax.ch\/fr\/shop\/raphael-ferme-verticale-120-kopie\/","url":"https:\/\/litrax.ch\/fr\/shop\/raphael-ferme-verticale-120-kopie\/","name":"La Ferme Verticale VALERIA 64 - Hydroponie pour grandes plantes","isPartOf":{"@id":"https:\/\/litrax.ch\/fr\/#website"},"primaryImageOfPage":{"@id":"https:\/\/litrax.ch\/fr\/shop\/raphael-ferme-verticale-120-kopie\/#primaryimage"},"image":{"@id":"https:\/\/litrax.ch\/fr\/shop\/raphael-ferme-verticale-120-kopie\/#primaryimage"},"thumbnailUrl":"https:\/\/litrax.ch\/wp-content\/uploads\/2024\/01\/LX210_Trans.png","datePublished":"2026-04-06T15:10:33+00:00","dateModified":"2026-04-09T22:09:12+00:00","description":"Ferme verticale VALERIA 64 sur 4 niveaux avec 64 paniers en billes d\u2019argile pour grandes plantes. Hydroponie parfaite pour la cuisine & le balcon. Des l\u00e9gumes frais toute l\u2019ann\u00e9e.","breadcrumb":{"@id":"https:\/\/litrax.ch\/fr\/shop\/raphael-ferme-verticale-120-kopie\/#breadcrumb"},"inLanguage":"fr-FR","potentialAction":[{"@type":"ReadAction","target":["https:\/\/litrax.ch\/fr\/shop\/raphael-ferme-verticale-120-kopie\/"]}]},{"@type":"ImageObject","inLanguage":"fr-FR","@id":"https:\/\/litrax.ch\/fr\/shop\/raphael-ferme-verticale-120-kopie\/#primaryimage","url":"https:\/\/litrax.ch\/wp-content\/uploads\/2024\/01\/LX210_Trans.png","contentUrl":"https:\/\/litrax.ch\/wp-content\/uploads\/2024\/01\/LX210_Trans.png","width":1000,"height":666},{"@type":"BreadcrumbList","@id":"https:\/\/litrax.ch\/fr\/shop\/raphael-ferme-verticale-120-kopie\/#breadcrumb","itemListElement":[{"@type":"ListItem","position":1,"name":"Startseite","item":"https:\/\/litrax.ch\/fr\/accueil\/"},{"@type":"ListItem","position":2,"name":"Boutique","item":"https:\/\/litrax.ch\/fr\/boutique\/"},{"@type":"ListItem","position":3,"name":"Ferme verticale VALERIA 64"}]},{"@type":"WebSite","@id":"https:\/\/litrax.ch\/fr\/#website","url":"https:\/\/litrax.ch\/fr\/","name":"Litrax - Hydroponische Systeme","description":"Erlebe Hydroponik - der erdlose Gartengenuss.","publisher":{"@id":"https:\/\/litrax.ch\/fr\/#organization"},"alternateName":"Litrax","potentialAction":[{"@type":"SearchAction","target":{"@type":"EntryPoint","urlTemplate":"https:\/\/litrax.ch\/fr\/?s={search_term_string}"},"query-input":{"@type":"PropertyValueSpecification","valueRequired":true,"valueName":"search_term_string"}}],"inLanguage":"fr-FR"},{"@type":"Organization","@id":"https:\/\/litrax.ch\/fr\/#organization","name":"Litrax - Hydroponische Systeme","alternateName":"Litrax","url":"https:\/\/litrax.ch\/fr\/","logo":{"@type":"ImageObject","inLanguage":"fr-FR","@id":"https:\/\/litrax.ch\/fr\/#\/schema\/logo\/image\/","url":"https:\/\/litrax.ch\/wp-content\/uploads\/2024\/03\/facivon.png","contentUrl":"https:\/\/litrax.ch\/wp-content\/uploads\/2024\/03\/facivon.png","width":150,"height":150,"caption":"Litrax - Hydroponische Systeme"},"image":{"@id":"https:\/\/litrax.ch\/fr\/#\/schema\/logo\/image\/"},"sameAs":["https:\/\/www.facebook.com\/Litrax.ch","https:\/\/www.instagram.com\/litrax.ch\/","https:\/\/www.tiktok.com\/@litrax.ch"],"description":"Willkommen bei Litrax \u2013 Ihrem f\u00fchrenden Online-Shop f\u00fcr hochwertige hydroponische Gartensysteme! Wir bieten eine breite Palette an L\u00f6sungen f\u00fcr Privatpersonen, Restaurants und industrielle Gro\u00dfsysteme, um Ihnen zu helfen, Ihre eigene gr\u00fcne Oase zu schaffen, unabh\u00e4ngig von Ihrem Bedarf oder Ihrer Gr\u00f6\u00dfe. F\u00fcr Haushalte\/B\u00fcros: Entdecken Sie die Freude am G\u00e4rtnern in Ihrem eigenen Zuhause mit unseren einfach zu bedienenden hydroponischen Gartensystemen. Egal, ob Sie auf einem Balkon, einer Terrasse oder in Ihrem Wohnzimmer g\u00e4rtnern m\u00f6chten \u2013 wir haben das passende System f\u00fcr Sie. Genie\u00dfen Sie frisches Gem\u00fcse, aromatische Kr\u00e4uter und farbenfrohe Blumen das ganze Jahr \u00fcber, direkt aus Ihrem hydroponischen Garten. F\u00fcr Restaurants: Steigern Sie die Qualit\u00e4t Ihrer Gerichte und beeindrucken Sie Ihre G\u00e4ste mit frischen, geschmacksintensiven Zutaten aus unserem Sortiment an hydroponischen Gartensystemen f\u00fcr den gastronomischen Bereich. Unsere Systeme sind platzsparend, effizient und einfach zu bedienen, so dass Sie Ihre eigenen Zutaten direkt in Ihrer K\u00fcche anbauen k\u00f6nnen. Erleben Sie die Freude an nachhaltigem G\u00e4rtnern und lassen Sie Ihre kulinarischen Kreationen erstrahlen. Industrielle Gro\u00dfsysteme: Optimieren Sie Ihre landwirtschaftliche Produktion mit unseren ma\u00dfgeschneiderten hydroponischen Gro\u00dfsystemen. Von vertikalen Farmen bis hin zu automatisierten Anlagen bieten wir skalierbare L\u00f6sungen f\u00fcr maximale Effizienz und Produktivit\u00e4t. Nutzen Sie die Vorteile der hydroponischen Landwirtschaft, um Ihre Ernteertr\u00e4ge zu steigern, Platz zu sparen und Ressourcen zu optimieren. Erfahren Sie, wie unsere Systeme die Zukunft der industriellen Landwirtschaft gestalten k\u00f6nnen. Bei Litrax legen wir Wert auf Qualit\u00e4t und Kundenzufriedenheit. Unsere Produkte sind sorgf\u00e4ltig ausgew\u00e4hlt, um Ihnen die besten Ergebnisse zu garantieren, und wir bieten sie zu g\u00fcnstigen Preisen an. Dank unseres eigenen Lagers in der Schweiz k\u00f6nnen wir Ihnen eine schnelle Lieferung am n\u00e4chsten Tag garantieren.","legalName":"Resyx GmbH","foundingDate":"2022-12-22","numberOfEmployees":{"@type":"QuantitativeValue","minValue":"1","maxValue":"10"}}]},"og_video":"https:\/\/www.youtube.com\/embed\/PUbtjTM3zKI","og_video_type":"text\/html","og_video_duration":"56","og_video_width":"480","og_video_height":"270","ya_ovs_adult":"false","ya_ovs_upload_date":"2026-04-06T15:10:33+00:00","ya_ovs_allow_embed":"true","product_price_amount":"850.00","product_price_currency":"CHF","og_availability":"instock","product_availability":"instock","product_retailer_item_id":"LX210P-04-64","product_condition":"new"},"_links":{"self":[{"href":"https:\/\/litrax.ch\/fr\/wp-json\/wp\/v2\/product\/25943","targetHints":{"allow":["GET"]}}],"collection":[{"href":"https:\/\/litrax.ch\/fr\/wp-json\/wp\/v2\/product"}],"about":[{"href":"https:\/\/litrax.ch\/fr\/wp-json\/wp\/v2\/types\/product"}],"replies":[{"embeddable":true,"href":"https:\/\/litrax.ch\/fr\/wp-json\/wp\/v2\/comments?post=25943"}],"wp:featuredmedia":[{"embeddable":true,"href":"https:\/\/litrax.ch\/fr\/wp-json\/wp\/v2\/media\/17799"}],"wp:attachment":[{"href":"https:\/\/litrax.ch\/fr\/wp-json\/wp\/v2\/media?parent=25943"}],"wp:term":[{"taxonomy":"product_brand","embeddable":true,"href":"https:\/\/litrax.ch\/fr\/wp-json\/wp\/v2\/product_brand?post=25943"},{"taxonomy":"product_cat","embeddable":true,"href":"https:\/\/litrax.ch\/fr\/wp-json\/wp\/v2\/product_cat?post=25943"},{"taxonomy":"product_tag","embeddable":true,"href":"https:\/\/litrax.ch\/fr\/wp-json\/wp\/v2\/product_tag?post=25943"}],"curies":[{"name":"wp","href":"https:\/\/api.w.org\/{rel}","templated":true}]}}