{"id":18568,"date":"2023-06-28T16:45:45","date_gmt":"2023-06-28T16:45:45","guid":{"rendered":"https:\/\/litrax.ch\/storie\/"},"modified":"2025-12-01T20:42:36","modified_gmt":"2025-12-01T20:42:36","slug":"storie","status":"publish","type":"page","link":"https:\/\/litrax.ch\/it\/storie\/","title":{"rendered":"Storie"},"content":{"rendered":"\t\t<div data-elementor-type=\"wp-page\" data-elementor-id=\"18568\" class=\"elementor elementor-18568 elementor-2241\" data-elementor-post-type=\"page\">\n\t\t\t\t<div class=\"elementor-element elementor-element-60532da e-flex e-con-boxed e-con e-parent\" data-id=\"60532da\" data-element_type=\"container\" data-e-type=\"container\">\n\t\t\t\t\t<div class=\"e-con-inner\">\n\t\t\t\t<div class=\"elementor-element elementor-element-624d0dc elementor-grid-3 elementor-grid-tablet-2 elementor-grid-mobile-1 elementor-posts--thumbnail-top elementor-card-shadow-yes elementor-posts__hover-gradient elementor-widget elementor-widget-posts\" data-id=\"624d0dc\" data-element_type=\"widget\" data-e-type=\"widget\" data-settings=\"{&quot;cards_columns&quot;:&quot;3&quot;,&quot;cards_columns_tablet&quot;:&quot;2&quot;,&quot;cards_columns_mobile&quot;:&quot;1&quot;,&quot;cards_row_gap&quot;:{&quot;unit&quot;:&quot;px&quot;,&quot;size&quot;:35,&quot;sizes&quot;:[]},&quot;cards_row_gap_tablet&quot;:{&quot;unit&quot;:&quot;px&quot;,&quot;size&quot;:&quot;&quot;,&quot;sizes&quot;:[]},&quot;cards_row_gap_mobile&quot;:{&quot;unit&quot;:&quot;px&quot;,&quot;size&quot;:&quot;&quot;,&quot;sizes&quot;:[]}}\" data-widget_type=\"posts.cards\">\n\t\t\t\t<div class=\"elementor-widget-container\">\n\t\t\t\t\t\t\t<div class=\"elementor-posts-container elementor-posts elementor-posts--skin-cards elementor-grid\" role=\"list\">\n\t\t\t\t<article class=\"elementor-post elementor-grid-item post-20772 post type-post status-publish format-standard has-post-thumbnail hentry category-stories-it\" role=\"listitem\">\n\t\t\t<div class=\"elementor-post__card\">\n\t\t\t\t<a class=\"elementor-post__thumbnail__link\" href=\"https:\/\/litrax.ch\/it\/giardino-intelligente-indoor\/\" tabindex=\"-1\" ><div class=\"elementor-post__thumbnail\"><img fetchpriority=\"high\" decoding=\"async\" width=\"300\" height=\"169\" src=\"https:\/\/litrax.ch\/wp-content\/uploads\/2024\/02\/Litrax-LX001-2-300x169.jpg\" class=\"attachment-medium size-medium wp-image-18223\" alt=\"\" srcset=\"https:\/\/litrax.ch\/wp-content\/uploads\/2024\/02\/Litrax-LX001-2-300x169.jpg 300w, https:\/\/litrax.ch\/wp-content\/uploads\/2024\/02\/Litrax-LX001-2-920x518.jpg 920w, https:\/\/litrax.ch\/wp-content\/uploads\/2024\/02\/Litrax-LX001-2-1024x576.jpg 1024w, https:\/\/litrax.ch\/wp-content\/uploads\/2024\/02\/Litrax-LX001-2-768x432.jpg 768w, https:\/\/litrax.ch\/wp-content\/uploads\/2024\/02\/Litrax-LX001-2-1536x864.jpg 1536w, https:\/\/litrax.ch\/wp-content\/uploads\/2024\/02\/Litrax-LX001-2.jpg 2000w\" sizes=\"(max-width: 300px) 100vw, 300px\" \/><\/div><\/a>\n\t\t\t\t<div class=\"elementor-post__text\">\n\t\t\t\t<h1 class=\"elementor-post__title\">\n\t\t\t<a href=\"https:\/\/litrax.ch\/it\/giardino-intelligente-indoor\/\" >\n\t\t\t\tGiardino intelligente indoor\t\t\t<\/a>\n\t\t<\/h1>\n\t\t\t\t\t<div class=\"elementor-post__read-more-wrapper\">\n\t\t\n\t\t<a class=\"elementor-post__read-more\" href=\"https:\/\/litrax.ch\/it\/giardino-intelligente-indoor\/\" aria-label=\"Read more about Giardino intelligente indoor\" tabindex=\"-1\" >\n\t\t\tPer saperne di pi\u00f9 \"\t\t<\/a>\n\n\t\t\t\t\t<\/div>\n\t\t\t\t<\/div>\n\t\t\t\t\t<\/div>\n\t\t<\/article>\n\t\t\t\t<article class=\"elementor-post elementor-grid-item post-19852 post type-post status-publish format-standard has-post-thumbnail hentry category-stories-it\" role=\"listitem\">\n\t\t\t<div class=\"elementor-post__card\">\n\t\t\t\t<a class=\"elementor-post__thumbnail__link\" href=\"https:\/\/litrax.ch\/it\/autosufficienza-domestica-per-una-maggiore-sostenibilita-e-divertimento\/\" tabindex=\"-1\" ><div class=\"elementor-post__thumbnail\"><img decoding=\"async\" width=\"300\" height=\"300\" src=\"https:\/\/litrax.ch\/wp-content\/uploads\/2024\/01\/LX210-15-300x300.jpg\" class=\"attachment-medium size-medium wp-image-18031\" alt=\"\" srcset=\"https:\/\/litrax.ch\/wp-content\/uploads\/2024\/01\/LX210-15-300x300.jpg 300w, https:\/\/litrax.ch\/wp-content\/uploads\/2024\/01\/LX210-15-100x100.jpg 100w, https:\/\/litrax.ch\/wp-content\/uploads\/2024\/01\/LX210-15-920x920.jpg 920w, https:\/\/litrax.ch\/wp-content\/uploads\/2024\/01\/LX210-15-1024x1024.jpg 1024w, https:\/\/litrax.ch\/wp-content\/uploads\/2024\/01\/LX210-15-150x150.jpg 150w, https:\/\/litrax.ch\/wp-content\/uploads\/2024\/01\/LX210-15-768x768.jpg 768w, https:\/\/litrax.ch\/wp-content\/uploads\/2024\/01\/LX210-15.jpg 1500w\" sizes=\"(max-width: 300px) 100vw, 300px\" \/><\/div><\/a>\n\t\t\t\t<div class=\"elementor-post__text\">\n\t\t\t\t<h1 class=\"elementor-post__title\">\n\t\t\t<a href=\"https:\/\/litrax.ch\/it\/autosufficienza-domestica-per-una-maggiore-sostenibilita-e-divertimento\/\" >\n\t\t\t\tAutosufficienza domestica &#8211; per una maggiore sostenibilit\u00e0 e divertimento!\t\t\t<\/a>\n\t\t<\/h1>\n\t\t\t\t\t<div class=\"elementor-post__read-more-wrapper\">\n\t\t\n\t\t<a class=\"elementor-post__read-more\" href=\"https:\/\/litrax.ch\/it\/autosufficienza-domestica-per-una-maggiore-sostenibilita-e-divertimento\/\" aria-label=\"Read more about Autosufficienza domestica &#8211; per una maggiore sostenibilit\u00e0 e divertimento!\" tabindex=\"-1\" >\n\t\t\tPer saperne di pi\u00f9 \"\t\t<\/a>\n\n\t\t\t\t\t<\/div>\n\t\t\t\t<\/div>\n\t\t\t\t\t<\/div>\n\t\t<\/article>\n\t\t\t\t<article class=\"elementor-post elementor-grid-item post-19469 post type-post status-publish format-standard has-post-thumbnail hentry category-stories-it\" role=\"listitem\">\n\t\t\t<div class=\"elementor-post__card\">\n\t\t\t\t<a class=\"elementor-post__thumbnail__link\" href=\"https:\/\/litrax.ch\/it\/video-sullidroponica\/\" tabindex=\"-1\" ><div class=\"elementor-post__thumbnail\"><img decoding=\"async\" width=\"300\" height=\"200\" src=\"https:\/\/litrax.ch\/wp-content\/uploads\/2024\/02\/Litrax-LX001-flower-300x200.jpg\" class=\"attachment-medium size-medium wp-image-18295\" alt=\"\" srcset=\"https:\/\/litrax.ch\/wp-content\/uploads\/2024\/02\/Litrax-LX001-flower-300x200.jpg 300w, https:\/\/litrax.ch\/wp-content\/uploads\/2024\/02\/Litrax-LX001-flower-550x367.jpg 550w, https:\/\/litrax.ch\/wp-content\/uploads\/2024\/02\/Litrax-LX001-flower-920x614.jpg 920w, https:\/\/litrax.ch\/wp-content\/uploads\/2024\/02\/Litrax-LX001-flower-1024x684.jpg 1024w, https:\/\/litrax.ch\/wp-content\/uploads\/2024\/02\/Litrax-LX001-flower-768x513.jpg 768w, https:\/\/litrax.ch\/wp-content\/uploads\/2024\/02\/Litrax-LX001-flower-1536x1025.jpg 1536w, https:\/\/litrax.ch\/wp-content\/uploads\/2024\/02\/Litrax-LX001-flower.jpg 2000w\" sizes=\"(max-width: 300px) 100vw, 300px\" \/><\/div><\/a>\n\t\t\t\t<div class=\"elementor-post__text\">\n\t\t\t\t<h1 class=\"elementor-post__title\">\n\t\t\t<a href=\"https:\/\/litrax.ch\/it\/video-sullidroponica\/\" >\n\t\t\t\tVideo sull&#8217;idroponica\t\t\t<\/a>\n\t\t<\/h1>\n\t\t\t\t\t<div class=\"elementor-post__read-more-wrapper\">\n\t\t\n\t\t<a class=\"elementor-post__read-more\" href=\"https:\/\/litrax.ch\/it\/video-sullidroponica\/\" aria-label=\"Read more about Video sull&#8217;idroponica\" tabindex=\"-1\" >\n\t\t\tPer saperne di pi\u00f9 \"\t\t<\/a>\n\n\t\t\t\t\t<\/div>\n\t\t\t\t<\/div>\n\t\t\t\t\t<\/div>\n\t\t<\/article>\n\t\t\t\t<article class=\"elementor-post elementor-grid-item post-18648 post type-post status-publish format-standard has-post-thumbnail hentry category-stories-it\" role=\"listitem\">\n\t\t\t<div class=\"elementor-post__card\">\n\t\t\t\t<a class=\"elementor-post__thumbnail__link\" href=\"https:\/\/litrax.ch\/it\/sei-il-primo-vincitore-svizzero-del-gault-millau-con-cucina-di-fattoria-idroponica-verticale-in-casa\/\" tabindex=\"-1\" ><div class=\"elementor-post__thumbnail\"><img loading=\"lazy\" decoding=\"async\" width=\"300\" height=\"200\" src=\"https:\/\/litrax.ch\/wp-content\/uploads\/2024\/02\/SceneStartseiteGastro-300x200.jpg\" class=\"attachment-medium size-medium wp-image-17860\" alt=\"\" srcset=\"https:\/\/litrax.ch\/wp-content\/uploads\/2024\/02\/SceneStartseiteGastro-300x200.jpg 300w, https:\/\/litrax.ch\/wp-content\/uploads\/2024\/02\/SceneStartseiteGastro-550x367.jpg 550w, https:\/\/litrax.ch\/wp-content\/uploads\/2024\/02\/SceneStartseiteGastro-920x613.jpg 920w, https:\/\/litrax.ch\/wp-content\/uploads\/2024\/02\/SceneStartseiteGastro-1024x683.jpg 1024w, https:\/\/litrax.ch\/wp-content\/uploads\/2024\/02\/SceneStartseiteGastro-768x512.jpg 768w, https:\/\/litrax.ch\/wp-content\/uploads\/2024\/02\/SceneStartseiteGastro-1536x1024.jpg 1536w, https:\/\/litrax.ch\/wp-content\/uploads\/2024\/02\/SceneStartseiteGastro.jpg 1920w\" sizes=\"(max-width: 300px) 100vw, 300px\" \/><\/div><\/a>\n\t\t\t\t<div class=\"elementor-post__text\">\n\t\t\t\t<h1 class=\"elementor-post__title\">\n\t\t\t<a href=\"https:\/\/litrax.ch\/it\/sei-il-primo-vincitore-svizzero-del-gault-millau-con-cucina-di-fattoria-idroponica-verticale-in-casa\/\" >\n\t\t\t\tSei il primo vincitore svizzero di Gault-Millau con la cucina verticale dell&#8217;azienda agricola?\t\t\t<\/a>\n\t\t<\/h1>\n\t\t\t\t\t<div class=\"elementor-post__read-more-wrapper\">\n\t\t\n\t\t<a class=\"elementor-post__read-more\" href=\"https:\/\/litrax.ch\/it\/sei-il-primo-vincitore-svizzero-del-gault-millau-con-cucina-di-fattoria-idroponica-verticale-in-casa\/\" aria-label=\"Read more about Sei il primo vincitore svizzero di Gault-Millau con la cucina verticale dell&#8217;azienda agricola?\" tabindex=\"-1\" >\n\t\t\tPer saperne di pi\u00f9 \"\t\t<\/a>\n\n\t\t\t\t\t<\/div>\n\t\t\t\t<\/div>\n\t\t\t\t\t<\/div>\n\t\t<\/article>\n\t\t\t\t<article class=\"elementor-post elementor-grid-item post-20781 post type-post status-publish format-standard has-post-thumbnail hentry category-stories-it\" role=\"listitem\">\n\t\t\t<div class=\"elementor-post__card\">\n\t\t\t\t<a class=\"elementor-post__thumbnail__link\" href=\"https:\/\/litrax.ch\/it\/guida-alla-coltivazione-idroponica-libera-la-potenza-della-coltivazione-delle-piante-senza-suolo\/\" tabindex=\"-1\" ><div class=\"elementor-post__thumbnail\"><img loading=\"lazy\" decoding=\"async\" width=\"300\" height=\"225\" src=\"https:\/\/litrax.ch\/wp-content\/uploads\/2024\/02\/Litrax-LX001-7-300x225.jpg\" class=\"attachment-medium size-medium wp-image-18231\" alt=\"\" srcset=\"https:\/\/litrax.ch\/wp-content\/uploads\/2024\/02\/Litrax-LX001-7-300x225.jpg 300w, https:\/\/litrax.ch\/wp-content\/uploads\/2024\/02\/Litrax-LX001-7-920x690.jpg 920w, https:\/\/litrax.ch\/wp-content\/uploads\/2024\/02\/Litrax-LX001-7-1024x768.jpg 1024w, https:\/\/litrax.ch\/wp-content\/uploads\/2024\/02\/Litrax-LX001-7-768x576.jpg 768w, https:\/\/litrax.ch\/wp-content\/uploads\/2024\/02\/Litrax-LX001-7-1536x1152.jpg 1536w, https:\/\/litrax.ch\/wp-content\/uploads\/2024\/02\/Litrax-LX001-7.jpg 2000w\" sizes=\"(max-width: 300px) 100vw, 300px\" \/><\/div><\/a>\n\t\t\t\t<div class=\"elementor-post__text\">\n\t\t\t\t<h1 class=\"elementor-post__title\">\n\t\t\t<a href=\"https:\/\/litrax.ch\/it\/guida-alla-coltivazione-idroponica-libera-la-potenza-della-coltivazione-delle-piante-senza-suolo\/\" >\n\t\t\t\tGuida alla coltivazione idroponica: Libera la potenza della coltivazione delle piante senza suolo!\t\t\t<\/a>\n\t\t<\/h1>\n\t\t\t\t\t<div class=\"elementor-post__read-more-wrapper\">\n\t\t\n\t\t<a class=\"elementor-post__read-more\" href=\"https:\/\/litrax.ch\/it\/guida-alla-coltivazione-idroponica-libera-la-potenza-della-coltivazione-delle-piante-senza-suolo\/\" aria-label=\"Read more about Guida alla coltivazione idroponica: Libera la potenza della coltivazione delle piante senza suolo!\" tabindex=\"-1\" >\n\t\t\tPer saperne di pi\u00f9 \"\t\t<\/a>\n\n\t\t\t\t\t<\/div>\n\t\t\t\t<\/div>\n\t\t\t\t\t<\/div>\n\t\t<\/article>\n\t\t\t\t<article class=\"elementor-post elementor-grid-item post-20764 post type-post status-publish format-standard has-post-thumbnail hentry category-stories-it\" role=\"listitem\">\n\t\t\t<div class=\"elementor-post__card\">\n\t\t\t\t<a class=\"elementor-post__thumbnail__link\" href=\"https:\/\/litrax.ch\/it\/orti-idroponici-da-interno-come-coltivare-verdure-fresche-a-casa-tua-senza-fatica\/\" tabindex=\"-1\" ><div class=\"elementor-post__thumbnail\"><img loading=\"lazy\" decoding=\"async\" width=\"300\" height=\"300\" src=\"https:\/\/litrax.ch\/wp-content\/uploads\/2023\/12\/LX202B-1-300x300.jpg\" class=\"attachment-medium size-medium wp-image-17971\" alt=\"\" srcset=\"https:\/\/litrax.ch\/wp-content\/uploads\/2023\/12\/LX202B-1-300x300.jpg 300w, https:\/\/litrax.ch\/wp-content\/uploads\/2023\/12\/LX202B-1-100x100.jpg 100w, https:\/\/litrax.ch\/wp-content\/uploads\/2023\/12\/LX202B-1-920x920.jpg 920w, https:\/\/litrax.ch\/wp-content\/uploads\/2023\/12\/LX202B-1-1024x1024.jpg 1024w, https:\/\/litrax.ch\/wp-content\/uploads\/2023\/12\/LX202B-1-150x150.jpg 150w, https:\/\/litrax.ch\/wp-content\/uploads\/2023\/12\/LX202B-1-768x768.jpg 768w, https:\/\/litrax.ch\/wp-content\/uploads\/2023\/12\/LX202B-1.jpg 1500w\" sizes=\"(max-width: 300px) 100vw, 300px\" \/><\/div><\/a>\n\t\t\t\t<div class=\"elementor-post__text\">\n\t\t\t\t<h1 class=\"elementor-post__title\">\n\t\t\t<a href=\"https:\/\/litrax.ch\/it\/orti-idroponici-da-interno-come-coltivare-verdure-fresche-a-casa-tua-senza-fatica\/\" >\n\t\t\t\tOrti idroponici da interno: Come coltivare verdure fresche a casa tua senza fatica!\t\t\t<\/a>\n\t\t<\/h1>\n\t\t\t\t\t<div class=\"elementor-post__read-more-wrapper\">\n\t\t\n\t\t<a class=\"elementor-post__read-more\" href=\"https:\/\/litrax.ch\/it\/orti-idroponici-da-interno-come-coltivare-verdure-fresche-a-casa-tua-senza-fatica\/\" aria-label=\"Read more about Orti idroponici da interno: Come coltivare verdure fresche a casa tua senza fatica!\" tabindex=\"-1\" >\n\t\t\tPer saperne di pi\u00f9 \"\t\t<\/a>\n\n\t\t\t\t\t<\/div>\n\t\t\t\t<\/div>\n\t\t\t\t\t<\/div>\n\t\t<\/article>\n\t\t\t\t<\/div>\n\t\t\n\t\t\t\t\t\t<\/div>\n\t\t\t\t<\/div>\n\t\t\t\t\t<\/div>\n\t\t\t\t<\/div>\n\t\t\t\t<\/div>\n\t\t","protected":false},"excerpt":{"rendered":"","protected":false},"author":1,"featured_media":0,"parent":0,"menu_order":0,"comment_status":"closed","ping_status":"closed","template":"","meta":{"footnotes":""},"class_list":["post-18568","page","type-page","status-publish","hentry"],"yoast_head":"<!-- This site is optimized with the Yoast SEO Premium plugin v26.7 (Yoast SEO v27.4) - https:\/\/yoast.com\/product\/yoast-seo-premium-wordpress\/ -->\n<title>Storie che ti ispirano e ti guidano nel mondo della coltura idroponica -% Litrax - Hydroponische Systeme%<\/title>\n<meta name=\"description\" content=\"Lasciati incantare dalle nostre storie di idroponica, che ti spiegano i vantaggi pratici e ti garantiscono un rapido senso di realizzazione.\" \/>\n<meta name=\"robots\" content=\"index, follow, max-snippet:-1, max-image-preview:large, max-video-preview:-1\" \/>\n<link rel=\"canonical\" href=\"https:\/\/litrax.ch\/it\/storie\/\" \/>\n<meta property=\"og:locale\" content=\"it_IT\" \/>\n<meta property=\"og:type\" content=\"article\" \/>\n<meta property=\"og:title\" content=\"Storie\" \/>\n<meta property=\"og:description\" content=\"Lasciati incantare dalle nostre storie di idroponica, che ti spiegano i vantaggi pratici e ti garantiscono un rapido senso di realizzazione.\" \/>\n<meta property=\"og:url\" content=\"https:\/\/litrax.ch\/it\/storie\/\" \/>\n<meta property=\"og:site_name\" content=\"Litrax - Hydroponische Systeme\" \/>\n<meta property=\"article:publisher\" content=\"https:\/\/www.facebook.com\/Litrax.ch\" \/>\n<meta property=\"article:modified_time\" content=\"2025-12-01T20:42:36+00:00\" \/>\n<meta property=\"og:image\" content=\"https:\/\/litrax.ch\/wp-content\/uploads\/2023\/12\/LX223.small_.png\" \/>\n\t<meta property=\"og:image:width\" content=\"537\" \/>\n\t<meta property=\"og:image:height\" content=\"480\" \/>\n\t<meta property=\"og:image:type\" content=\"image\/png\" \/>\n<meta name=\"twitter:card\" content=\"summary_large_image\" \/>\n<script type=\"application\/ld+json\" class=\"yoast-schema-graph\">{\"@context\":\"https:\\\/\\\/schema.org\",\"@graph\":[{\"@type\":\"WebPage\",\"@id\":\"https:\\\/\\\/litrax.ch\\\/it\\\/storie\\\/\",\"url\":\"https:\\\/\\\/litrax.ch\\\/it\\\/storie\\\/\",\"name\":\"Storie che ti ispirano e ti guidano nel mondo della coltura idroponica -% Litrax - Hydroponische Systeme%\",\"isPartOf\":{\"@id\":\"https:\\\/\\\/litrax.ch\\\/it\\\/#website\"},\"datePublished\":\"2023-06-28T16:45:45+00:00\",\"dateModified\":\"2025-12-01T20:42:36+00:00\",\"description\":\"Lasciati incantare dalle nostre storie di idroponica, che ti spiegano i vantaggi pratici e ti garantiscono un rapido senso di realizzazione.\",\"breadcrumb\":{\"@id\":\"https:\\\/\\\/litrax.ch\\\/it\\\/storie\\\/#breadcrumb\"},\"inLanguage\":\"it-IT\",\"potentialAction\":[{\"@type\":\"ReadAction\",\"target\":[\"https:\\\/\\\/litrax.ch\\\/it\\\/storie\\\/\"]}]},{\"@type\":\"BreadcrumbList\",\"@id\":\"https:\\\/\\\/litrax.ch\\\/it\\\/storie\\\/#breadcrumb\",\"itemListElement\":[{\"@type\":\"ListItem\",\"position\":1,\"name\":\"Startseite\",\"item\":\"https:\\\/\\\/litrax.ch\\\/it\\\/casa\\\/\"},{\"@type\":\"ListItem\",\"position\":2,\"name\":\"Storie\"}]},{\"@type\":\"WebSite\",\"@id\":\"https:\\\/\\\/litrax.ch\\\/it\\\/#website\",\"url\":\"https:\\\/\\\/litrax.ch\\\/it\\\/\",\"name\":\"Litrax - Hydroponische Systeme\",\"description\":\"Erlebe Hydroponik - der erdlose Gartengenuss.\",\"publisher\":{\"@id\":\"https:\\\/\\\/litrax.ch\\\/it\\\/#organization\"},\"alternateName\":\"Litrax\",\"potentialAction\":[{\"@type\":\"SearchAction\",\"target\":{\"@type\":\"EntryPoint\",\"urlTemplate\":\"https:\\\/\\\/litrax.ch\\\/it\\\/?s={search_term_string}\"},\"query-input\":{\"@type\":\"PropertyValueSpecification\",\"valueRequired\":true,\"valueName\":\"search_term_string\"}}],\"inLanguage\":\"it-IT\"},{\"@type\":\"Organization\",\"@id\":\"https:\\\/\\\/litrax.ch\\\/it\\\/#organization\",\"name\":\"Litrax - Hydroponische Systeme\",\"alternateName\":\"Litrax\",\"url\":\"https:\\\/\\\/litrax.ch\\\/it\\\/\",\"logo\":{\"@type\":\"ImageObject\",\"inLanguage\":\"it-IT\",\"@id\":\"https:\\\/\\\/litrax.ch\\\/it\\\/#\\\/schema\\\/logo\\\/image\\\/\",\"url\":\"https:\\\/\\\/litrax.ch\\\/wp-content\\\/uploads\\\/2024\\\/03\\\/facivon.png\",\"contentUrl\":\"https:\\\/\\\/litrax.ch\\\/wp-content\\\/uploads\\\/2024\\\/03\\\/facivon.png\",\"width\":150,\"height\":150,\"caption\":\"Litrax - Hydroponische Systeme\"},\"image\":{\"@id\":\"https:\\\/\\\/litrax.ch\\\/it\\\/#\\\/schema\\\/logo\\\/image\\\/\"},\"sameAs\":[\"https:\\\/\\\/www.facebook.com\\\/Litrax.ch\",\"https:\\\/\\\/www.instagram.com\\\/litrax.ch\\\/\",\"https:\\\/\\\/www.tiktok.com\\\/@litrax.ch\"],\"description\":\"Willkommen bei Litrax \u2013 Ihrem f\u00fchrenden Online-Shop f\u00fcr hochwertige hydroponische Gartensysteme! Wir bieten eine breite Palette an L\u00f6sungen f\u00fcr Privatpersonen, Restaurants und industrielle Gro\u00dfsysteme, um Ihnen zu helfen, Ihre eigene gr\u00fcne Oase zu schaffen, unabh\u00e4ngig von Ihrem Bedarf oder Ihrer Gr\u00f6\u00dfe. F\u00fcr Haushalte\\\/B\u00fcros: Entdecken Sie die Freude am G\u00e4rtnern in Ihrem eigenen Zuhause mit unseren einfach zu bedienenden hydroponischen Gartensystemen. Egal, ob Sie auf einem Balkon, einer Terrasse oder in Ihrem Wohnzimmer g\u00e4rtnern m\u00f6chten \u2013 wir haben das passende System f\u00fcr Sie. Genie\u00dfen Sie frisches Gem\u00fcse, aromatische Kr\u00e4uter und farbenfrohe Blumen das ganze Jahr \u00fcber, direkt aus Ihrem hydroponischen Garten. F\u00fcr Restaurants: Steigern Sie die Qualit\u00e4t Ihrer Gerichte und beeindrucken Sie Ihre G\u00e4ste mit frischen, geschmacksintensiven Zutaten aus unserem Sortiment an hydroponischen Gartensystemen f\u00fcr den gastronomischen Bereich. Unsere Systeme sind platzsparend, effizient und einfach zu bedienen, so dass Sie Ihre eigenen Zutaten direkt in Ihrer K\u00fcche anbauen k\u00f6nnen. Erleben Sie die Freude an nachhaltigem G\u00e4rtnern und lassen Sie Ihre kulinarischen Kreationen erstrahlen. Industrielle Gro\u00dfsysteme: Optimieren Sie Ihre landwirtschaftliche Produktion mit unseren ma\u00dfgeschneiderten hydroponischen Gro\u00dfsystemen. Von vertikalen Farmen bis hin zu automatisierten Anlagen bieten wir skalierbare L\u00f6sungen f\u00fcr maximale Effizienz und Produktivit\u00e4t. Nutzen Sie die Vorteile der hydroponischen Landwirtschaft, um Ihre Ernteertr\u00e4ge zu steigern, Platz zu sparen und Ressourcen zu optimieren. Erfahren Sie, wie unsere Systeme die Zukunft der industriellen Landwirtschaft gestalten k\u00f6nnen. Bei Litrax legen wir Wert auf Qualit\u00e4t und Kundenzufriedenheit. Unsere Produkte sind sorgf\u00e4ltig ausgew\u00e4hlt, um Ihnen die besten Ergebnisse zu garantieren, und wir bieten sie zu g\u00fcnstigen Preisen an. Dank unseres eigenen Lagers in der Schweiz k\u00f6nnen wir Ihnen eine schnelle Lieferung am n\u00e4chsten Tag garantieren.\",\"legalName\":\"Resyx GmbH\",\"foundingDate\":\"2022-12-22\",\"numberOfEmployees\":{\"@type\":\"QuantitativeValue\",\"minValue\":\"1\",\"maxValue\":\"10\"}}]}<\/script>\n<!-- \/ Yoast SEO Premium plugin. -->","yoast_head_json":{"title":"Storie che ti ispirano e ti guidano nel mondo della coltura idroponica -% Litrax - Hydroponische Systeme%","description":"Lasciati incantare dalle nostre storie di idroponica, che ti spiegano i vantaggi pratici e ti garantiscono un rapido senso di realizzazione.","robots":{"index":"index","follow":"follow","max-snippet":"max-snippet:-1","max-image-preview":"max-image-preview:large","max-video-preview":"max-video-preview:-1"},"canonical":"https:\/\/litrax.ch\/it\/storie\/","og_locale":"it_IT","og_type":"article","og_title":"Storie","og_description":"Lasciati incantare dalle nostre storie di idroponica, che ti spiegano i vantaggi pratici e ti garantiscono un rapido senso di realizzazione.","og_url":"https:\/\/litrax.ch\/it\/storie\/","og_site_name":"Litrax - Hydroponische Systeme","article_publisher":"https:\/\/www.facebook.com\/Litrax.ch","article_modified_time":"2025-12-01T20:42:36+00:00","og_image":[{"width":537,"height":480,"url":"https:\/\/litrax.ch\/wp-content\/uploads\/2023\/12\/LX223.small_.png","type":"image\/png"}],"twitter_card":"summary_large_image","schema":{"@context":"https:\/\/schema.org","@graph":[{"@type":"WebPage","@id":"https:\/\/litrax.ch\/it\/storie\/","url":"https:\/\/litrax.ch\/it\/storie\/","name":"Storie che ti ispirano e ti guidano nel mondo della coltura idroponica -% Litrax - Hydroponische Systeme%","isPartOf":{"@id":"https:\/\/litrax.ch\/it\/#website"},"datePublished":"2023-06-28T16:45:45+00:00","dateModified":"2025-12-01T20:42:36+00:00","description":"Lasciati incantare dalle nostre storie di idroponica, che ti spiegano i vantaggi pratici e ti garantiscono un rapido senso di realizzazione.","breadcrumb":{"@id":"https:\/\/litrax.ch\/it\/storie\/#breadcrumb"},"inLanguage":"it-IT","potentialAction":[{"@type":"ReadAction","target":["https:\/\/litrax.ch\/it\/storie\/"]}]},{"@type":"BreadcrumbList","@id":"https:\/\/litrax.ch\/it\/storie\/#breadcrumb","itemListElement":[{"@type":"ListItem","position":1,"name":"Startseite","item":"https:\/\/litrax.ch\/it\/casa\/"},{"@type":"ListItem","position":2,"name":"Storie"}]},{"@type":"WebSite","@id":"https:\/\/litrax.ch\/it\/#website","url":"https:\/\/litrax.ch\/it\/","name":"Litrax - Hydroponische Systeme","description":"Erlebe Hydroponik - der erdlose Gartengenuss.","publisher":{"@id":"https:\/\/litrax.ch\/it\/#organization"},"alternateName":"Litrax","potentialAction":[{"@type":"SearchAction","target":{"@type":"EntryPoint","urlTemplate":"https:\/\/litrax.ch\/it\/?s={search_term_string}"},"query-input":{"@type":"PropertyValueSpecification","valueRequired":true,"valueName":"search_term_string"}}],"inLanguage":"it-IT"},{"@type":"Organization","@id":"https:\/\/litrax.ch\/it\/#organization","name":"Litrax - Hydroponische Systeme","alternateName":"Litrax","url":"https:\/\/litrax.ch\/it\/","logo":{"@type":"ImageObject","inLanguage":"it-IT","@id":"https:\/\/litrax.ch\/it\/#\/schema\/logo\/image\/","url":"https:\/\/litrax.ch\/wp-content\/uploads\/2024\/03\/facivon.png","contentUrl":"https:\/\/litrax.ch\/wp-content\/uploads\/2024\/03\/facivon.png","width":150,"height":150,"caption":"Litrax - Hydroponische Systeme"},"image":{"@id":"https:\/\/litrax.ch\/it\/#\/schema\/logo\/image\/"},"sameAs":["https:\/\/www.facebook.com\/Litrax.ch","https:\/\/www.instagram.com\/litrax.ch\/","https:\/\/www.tiktok.com\/@litrax.ch"],"description":"Willkommen bei Litrax \u2013 Ihrem f\u00fchrenden Online-Shop f\u00fcr hochwertige hydroponische Gartensysteme! Wir bieten eine breite Palette an L\u00f6sungen f\u00fcr Privatpersonen, Restaurants und industrielle Gro\u00dfsysteme, um Ihnen zu helfen, Ihre eigene gr\u00fcne Oase zu schaffen, unabh\u00e4ngig von Ihrem Bedarf oder Ihrer Gr\u00f6\u00dfe. F\u00fcr Haushalte\/B\u00fcros: Entdecken Sie die Freude am G\u00e4rtnern in Ihrem eigenen Zuhause mit unseren einfach zu bedienenden hydroponischen Gartensystemen. Egal, ob Sie auf einem Balkon, einer Terrasse oder in Ihrem Wohnzimmer g\u00e4rtnern m\u00f6chten \u2013 wir haben das passende System f\u00fcr Sie. Genie\u00dfen Sie frisches Gem\u00fcse, aromatische Kr\u00e4uter und farbenfrohe Blumen das ganze Jahr \u00fcber, direkt aus Ihrem hydroponischen Garten. F\u00fcr Restaurants: Steigern Sie die Qualit\u00e4t Ihrer Gerichte und beeindrucken Sie Ihre G\u00e4ste mit frischen, geschmacksintensiven Zutaten aus unserem Sortiment an hydroponischen Gartensystemen f\u00fcr den gastronomischen Bereich. Unsere Systeme sind platzsparend, effizient und einfach zu bedienen, so dass Sie Ihre eigenen Zutaten direkt in Ihrer K\u00fcche anbauen k\u00f6nnen. Erleben Sie die Freude an nachhaltigem G\u00e4rtnern und lassen Sie Ihre kulinarischen Kreationen erstrahlen. Industrielle Gro\u00dfsysteme: Optimieren Sie Ihre landwirtschaftliche Produktion mit unseren ma\u00dfgeschneiderten hydroponischen Gro\u00dfsystemen. Von vertikalen Farmen bis hin zu automatisierten Anlagen bieten wir skalierbare L\u00f6sungen f\u00fcr maximale Effizienz und Produktivit\u00e4t. Nutzen Sie die Vorteile der hydroponischen Landwirtschaft, um Ihre Ernteertr\u00e4ge zu steigern, Platz zu sparen und Ressourcen zu optimieren. Erfahren Sie, wie unsere Systeme die Zukunft der industriellen Landwirtschaft gestalten k\u00f6nnen. Bei Litrax legen wir Wert auf Qualit\u00e4t und Kundenzufriedenheit. Unsere Produkte sind sorgf\u00e4ltig ausgew\u00e4hlt, um Ihnen die besten Ergebnisse zu garantieren, und wir bieten sie zu g\u00fcnstigen Preisen an. Dank unseres eigenen Lagers in der Schweiz k\u00f6nnen wir Ihnen eine schnelle Lieferung am n\u00e4chsten Tag garantieren.","legalName":"Resyx GmbH","foundingDate":"2022-12-22","numberOfEmployees":{"@type":"QuantitativeValue","minValue":"1","maxValue":"10"}}]}},"_links":{"self":[{"href":"https:\/\/litrax.ch\/it\/wp-json\/wp\/v2\/pages\/18568","targetHints":{"allow":["GET"]}}],"collection":[{"href":"https:\/\/litrax.ch\/it\/wp-json\/wp\/v2\/pages"}],"about":[{"href":"https:\/\/litrax.ch\/it\/wp-json\/wp\/v2\/types\/page"}],"author":[{"embeddable":true,"href":"https:\/\/litrax.ch\/it\/wp-json\/wp\/v2\/users\/1"}],"replies":[{"embeddable":true,"href":"https:\/\/litrax.ch\/it\/wp-json\/wp\/v2\/comments?post=18568"}],"version-history":[{"count":0,"href":"https:\/\/litrax.ch\/it\/wp-json\/wp\/v2\/pages\/18568\/revisions"}],"wp:attachment":[{"href":"https:\/\/litrax.ch\/it\/wp-json\/wp\/v2\/media?parent=18568"}],"curies":[{"name":"wp","href":"https:\/\/api.w.org\/{rel}","templated":true}]}}