{"id":18573,"date":"2024-01-23T14:59:06","date_gmt":"2024-01-23T14:59:06","guid":{"rendered":"https:\/\/litrax.ch\/impressum\/"},"modified":"2025-10-03T16:32:51","modified_gmt":"2025-10-03T16:32:51","slug":"impressum","status":"publish","type":"page","link":"https:\/\/litrax.ch\/it\/impressum\/","title":{"rendered":"Impronta"},"content":{"rendered":"\t\t<div data-elementor-type=\"wp-page\" data-elementor-id=\"18573\" class=\"elementor elementor-18573 elementor-17122\" data-elementor-post-type=\"page\">\n\t\t\t\t<div class=\"elementor-element elementor-element-4e4e9086 e-flex e-con-boxed e-con e-parent\" data-id=\"4e4e9086\" data-element_type=\"container\" data-e-type=\"container\">\n\t\t\t\t\t<div class=\"e-con-inner\">\n\t\t\t\t<div class=\"elementor-element elementor-element-6c197731 elementor-widget elementor-widget-text-editor\" data-id=\"6c197731\" data-element_type=\"widget\" data-e-type=\"widget\" data-widget_type=\"text-editor.default\">\n\t\t\t\t<div class=\"elementor-widget-container\">\n\t\t\t\t\t\t\t\t\t\n<p><strong>Ente responsabile:<\/strong><br>RESYX GmbH<br>Via Eco 30F<br>6644 Orselina<br>Svizzera<\/p>\n\n<p><strong>E-mail<\/strong>: inquiry@resyx.com<\/p>\n\n<p><strong>Persone autorizzate a rappresentare la societ\u00e0<\/strong><br>Felix Stutz<\/p>\n\n<p><strong>Nome della societ\u00e0<\/strong>: Resyx GmbH<br><strong>Numero di registrazione<\/strong>: CHE-160.882.505<br><strong>Numero di identificazione dell&#8217;imposta sul valore aggiunto<\/strong>: CHE-160.882.505 IVA<\/p>\n\n<p><strong>Disclaimer<\/strong><br>L&#8217;autore non si assume alcuna responsabilit\u00e0 per la correttezza, l&#8217;accuratezza, la tempestivit\u00e0, l&#8217;affidabilit\u00e0 e la completezza delle informazioni.<br>Sono escluse richieste di responsabilit\u00e0 nei confronti dell&#8217;autore per danni materiali o immateriali derivanti dall&#8217;accesso, dall&#8217;uso o dal mancato uso delle informazioni pubblicate, dall&#8217;uso improprio della connessione o da guasti tecnici.<\/p>\n\n<p>Tutte le offerte sono soggette a modifiche. L&#8217;autore si riserva espressamente il diritto di modificare, integrare o cancellare parti delle pagine o l&#8217;intera offerta senza preavviso o di interrompere temporaneamente o definitivamente la pubblicazione. <\/p>\n\n<p><strong>Disclaimer per i contenuti e i link<\/strong><br>I riferimenti e i link a siti web di terzi non rientrano nella nostra sfera di responsabilit\u00e0. Si declina ogni responsabilit\u00e0 per tali siti web. L&#8217;accesso e l&#8217;utilizzo di tali siti web \u00e8 a rischio dell&#8217;utente.  <\/p>\n\n<p><strong>Dichiarazione di copyright<\/strong><br>Il copyright e tutti gli altri diritti su contenuti, immagini, foto o altri file presenti in questo sito web appartengono esclusivamente a Resyx GmbH o ai titolari dei diritti specificamente indicati. Per la riproduzione di qualsiasi elemento \u00e8 necessario ottenere preventivamente il consenso scritto del titolare del copyright. <\/p>\n\t\t\t\t\t\t\t\t<\/div>\n\t\t\t\t<\/div>\n\t\t\t\t\t<\/div>\n\t\t\t\t<\/div>\n\t\t\t\t<\/div>\n\t\t","protected":false},"excerpt":{"rendered":"<p>Ente responsabile:RESYX GmbHVia Eco 30F6644 OrselinaSvizzera E-mail: inquiry@resyx.com Persone autorizzate a rappresentare la societ\u00e0Felix Stutz Nome della societ\u00e0: Resyx GmbHNumero di registrazione: CHE-160.882.505Numero di identificazione dell&#8217;imposta sul valore aggiunto: CHE-160.882.505 IVA DisclaimerL&#8217;autore non si assume alcuna responsabilit\u00e0 per la correttezza, l&#8217;accuratezza, la tempestivit\u00e0, l&#8217;affidabilit\u00e0 e la completezza delle informazioni.Sono escluse richieste di responsabilit\u00e0 nei confronti [&hellip;]<\/p>\n","protected":false},"author":1,"featured_media":0,"parent":0,"menu_order":0,"comment_status":"closed","ping_status":"closed","template":"","meta":{"footnotes":""},"class_list":["post-18573","page","type-page","status-publish","hentry"],"yoast_head":"<!-- This site is optimized with the Yoast SEO Premium plugin v26.7 (Yoast SEO v27.4) - https:\/\/yoast.com\/product\/yoast-seo-premium-wordpress\/ -->\n<title>Impronta - Litrax - Hydroponische Systeme<\/title>\n<meta name=\"robots\" content=\"index, follow, max-snippet:-1, max-image-preview:large, max-video-preview:-1\" \/>\n<link rel=\"canonical\" href=\"https:\/\/litrax.ch\/it\/impressum\/\" \/>\n<meta property=\"og:locale\" content=\"it_IT\" \/>\n<meta property=\"og:type\" content=\"article\" \/>\n<meta property=\"og:title\" content=\"Impronta\" \/>\n<meta property=\"og:description\" content=\"Ente responsabile:RESYX GmbHVia Eco 30F6644 OrselinaSvizzera E-mail: inquiry@resyx.com Persone autorizzate a rappresentare la societ\u00e0Felix Stutz Nome della societ\u00e0: Resyx GmbHNumero di registrazione: CHE-160.882.505Numero di identificazione dell&#8217;imposta sul valore aggiunto: CHE-160.882.505 IVA DisclaimerL&#8217;autore non si assume alcuna responsabilit\u00e0 per la correttezza, l&#8217;accuratezza, la tempestivit\u00e0, l&#8217;affidabilit\u00e0 e la completezza delle informazioni.Sono escluse richieste di responsabilit\u00e0 nei confronti [&hellip;]\" \/>\n<meta property=\"og:url\" content=\"https:\/\/litrax.ch\/it\/impressum\/\" \/>\n<meta property=\"og:site_name\" content=\"Litrax - Hydroponische Systeme\" \/>\n<meta property=\"article:publisher\" content=\"https:\/\/www.facebook.com\/Litrax.ch\" \/>\n<meta property=\"article:modified_time\" content=\"2025-10-03T16:32:51+00:00\" \/>\n<meta property=\"og:image\" content=\"https:\/\/litrax.ch\/wp-content\/uploads\/2023\/12\/LX223.small_.png\" \/>\n\t<meta property=\"og:image:width\" content=\"537\" \/>\n\t<meta property=\"og:image:height\" content=\"480\" \/>\n\t<meta property=\"og:image:type\" content=\"image\/png\" \/>\n<meta name=\"twitter:card\" content=\"summary_large_image\" \/>\n<meta name=\"twitter:label1\" content=\"Tempo di lettura stimato\" \/>\n\t<meta name=\"twitter:data1\" content=\"1 minuto\" \/>\n<script type=\"application\/ld+json\" class=\"yoast-schema-graph\">{\"@context\":\"https:\\\/\\\/schema.org\",\"@graph\":[{\"@type\":\"WebPage\",\"@id\":\"https:\\\/\\\/litrax.ch\\\/it\\\/impressum\\\/\",\"url\":\"https:\\\/\\\/litrax.ch\\\/it\\\/impressum\\\/\",\"name\":\"Impronta - Litrax - Hydroponische Systeme\",\"isPartOf\":{\"@id\":\"https:\\\/\\\/litrax.ch\\\/it\\\/#website\"},\"datePublished\":\"2024-01-23T14:59:06+00:00\",\"dateModified\":\"2025-10-03T16:32:51+00:00\",\"breadcrumb\":{\"@id\":\"https:\\\/\\\/litrax.ch\\\/it\\\/impressum\\\/#breadcrumb\"},\"inLanguage\":\"it-IT\",\"potentialAction\":[{\"@type\":\"ReadAction\",\"target\":[\"https:\\\/\\\/litrax.ch\\\/it\\\/impressum\\\/\"]}]},{\"@type\":\"BreadcrumbList\",\"@id\":\"https:\\\/\\\/litrax.ch\\\/it\\\/impressum\\\/#breadcrumb\",\"itemListElement\":[{\"@type\":\"ListItem\",\"position\":1,\"name\":\"Startseite\",\"item\":\"https:\\\/\\\/litrax.ch\\\/it\\\/casa\\\/\"},{\"@type\":\"ListItem\",\"position\":2,\"name\":\"Impronta\"}]},{\"@type\":\"WebSite\",\"@id\":\"https:\\\/\\\/litrax.ch\\\/it\\\/#website\",\"url\":\"https:\\\/\\\/litrax.ch\\\/it\\\/\",\"name\":\"Litrax - Hydroponische Systeme\",\"description\":\"Erlebe Hydroponik - der erdlose Gartengenuss.\",\"publisher\":{\"@id\":\"https:\\\/\\\/litrax.ch\\\/it\\\/#organization\"},\"alternateName\":\"Litrax\",\"potentialAction\":[{\"@type\":\"SearchAction\",\"target\":{\"@type\":\"EntryPoint\",\"urlTemplate\":\"https:\\\/\\\/litrax.ch\\\/it\\\/?s={search_term_string}\"},\"query-input\":{\"@type\":\"PropertyValueSpecification\",\"valueRequired\":true,\"valueName\":\"search_term_string\"}}],\"inLanguage\":\"it-IT\"},{\"@type\":\"Organization\",\"@id\":\"https:\\\/\\\/litrax.ch\\\/it\\\/#organization\",\"name\":\"Litrax - Hydroponische Systeme\",\"alternateName\":\"Litrax\",\"url\":\"https:\\\/\\\/litrax.ch\\\/it\\\/\",\"logo\":{\"@type\":\"ImageObject\",\"inLanguage\":\"it-IT\",\"@id\":\"https:\\\/\\\/litrax.ch\\\/it\\\/#\\\/schema\\\/logo\\\/image\\\/\",\"url\":\"https:\\\/\\\/litrax.ch\\\/wp-content\\\/uploads\\\/2024\\\/03\\\/facivon.png\",\"contentUrl\":\"https:\\\/\\\/litrax.ch\\\/wp-content\\\/uploads\\\/2024\\\/03\\\/facivon.png\",\"width\":150,\"height\":150,\"caption\":\"Litrax - Hydroponische Systeme\"},\"image\":{\"@id\":\"https:\\\/\\\/litrax.ch\\\/it\\\/#\\\/schema\\\/logo\\\/image\\\/\"},\"sameAs\":[\"https:\\\/\\\/www.facebook.com\\\/Litrax.ch\",\"https:\\\/\\\/www.instagram.com\\\/litrax.ch\\\/\",\"https:\\\/\\\/www.tiktok.com\\\/@litrax.ch\"],\"description\":\"Willkommen bei Litrax \u2013 Ihrem f\u00fchrenden Online-Shop f\u00fcr hochwertige hydroponische Gartensysteme! Wir bieten eine breite Palette an L\u00f6sungen f\u00fcr Privatpersonen, Restaurants und industrielle Gro\u00dfsysteme, um Ihnen zu helfen, Ihre eigene gr\u00fcne Oase zu schaffen, unabh\u00e4ngig von Ihrem Bedarf oder Ihrer Gr\u00f6\u00dfe. F\u00fcr Haushalte\\\/B\u00fcros: Entdecken Sie die Freude am G\u00e4rtnern in Ihrem eigenen Zuhause mit unseren einfach zu bedienenden hydroponischen Gartensystemen. Egal, ob Sie auf einem Balkon, einer Terrasse oder in Ihrem Wohnzimmer g\u00e4rtnern m\u00f6chten \u2013 wir haben das passende System f\u00fcr Sie. Genie\u00dfen Sie frisches Gem\u00fcse, aromatische Kr\u00e4uter und farbenfrohe Blumen das ganze Jahr \u00fcber, direkt aus Ihrem hydroponischen Garten. F\u00fcr Restaurants: Steigern Sie die Qualit\u00e4t Ihrer Gerichte und beeindrucken Sie Ihre G\u00e4ste mit frischen, geschmacksintensiven Zutaten aus unserem Sortiment an hydroponischen Gartensystemen f\u00fcr den gastronomischen Bereich. Unsere Systeme sind platzsparend, effizient und einfach zu bedienen, so dass Sie Ihre eigenen Zutaten direkt in Ihrer K\u00fcche anbauen k\u00f6nnen. Erleben Sie die Freude an nachhaltigem G\u00e4rtnern und lassen Sie Ihre kulinarischen Kreationen erstrahlen. Industrielle Gro\u00dfsysteme: Optimieren Sie Ihre landwirtschaftliche Produktion mit unseren ma\u00dfgeschneiderten hydroponischen Gro\u00dfsystemen. Von vertikalen Farmen bis hin zu automatisierten Anlagen bieten wir skalierbare L\u00f6sungen f\u00fcr maximale Effizienz und Produktivit\u00e4t. Nutzen Sie die Vorteile der hydroponischen Landwirtschaft, um Ihre Ernteertr\u00e4ge zu steigern, Platz zu sparen und Ressourcen zu optimieren. Erfahren Sie, wie unsere Systeme die Zukunft der industriellen Landwirtschaft gestalten k\u00f6nnen. Bei Litrax legen wir Wert auf Qualit\u00e4t und Kundenzufriedenheit. Unsere Produkte sind sorgf\u00e4ltig ausgew\u00e4hlt, um Ihnen die besten Ergebnisse zu garantieren, und wir bieten sie zu g\u00fcnstigen Preisen an. Dank unseres eigenen Lagers in der Schweiz k\u00f6nnen wir Ihnen eine schnelle Lieferung am n\u00e4chsten Tag garantieren.\",\"legalName\":\"Resyx GmbH\",\"foundingDate\":\"2022-12-22\",\"numberOfEmployees\":{\"@type\":\"QuantitativeValue\",\"minValue\":\"1\",\"maxValue\":\"10\"}}]}<\/script>\n<!-- \/ Yoast SEO Premium plugin. -->","yoast_head_json":{"title":"Impronta - Litrax - Hydroponische Systeme","robots":{"index":"index","follow":"follow","max-snippet":"max-snippet:-1","max-image-preview":"max-image-preview:large","max-video-preview":"max-video-preview:-1"},"canonical":"https:\/\/litrax.ch\/it\/impressum\/","og_locale":"it_IT","og_type":"article","og_title":"Impronta","og_description":"Ente responsabile:RESYX GmbHVia Eco 30F6644 OrselinaSvizzera E-mail: inquiry@resyx.com Persone autorizzate a rappresentare la societ\u00e0Felix Stutz Nome della societ\u00e0: Resyx GmbHNumero di registrazione: CHE-160.882.505Numero di identificazione dell&#8217;imposta sul valore aggiunto: CHE-160.882.505 IVA DisclaimerL&#8217;autore non si assume alcuna responsabilit\u00e0 per la correttezza, l&#8217;accuratezza, la tempestivit\u00e0, l&#8217;affidabilit\u00e0 e la completezza delle informazioni.Sono escluse richieste di responsabilit\u00e0 nei confronti [&hellip;]","og_url":"https:\/\/litrax.ch\/it\/impressum\/","og_site_name":"Litrax - Hydroponische Systeme","article_publisher":"https:\/\/www.facebook.com\/Litrax.ch","article_modified_time":"2025-10-03T16:32:51+00:00","og_image":[{"width":537,"height":480,"url":"https:\/\/litrax.ch\/wp-content\/uploads\/2023\/12\/LX223.small_.png","type":"image\/png"}],"twitter_card":"summary_large_image","twitter_misc":{"Tempo di lettura stimato":"1 minuto"},"schema":{"@context":"https:\/\/schema.org","@graph":[{"@type":"WebPage","@id":"https:\/\/litrax.ch\/it\/impressum\/","url":"https:\/\/litrax.ch\/it\/impressum\/","name":"Impronta - Litrax - Hydroponische Systeme","isPartOf":{"@id":"https:\/\/litrax.ch\/it\/#website"},"datePublished":"2024-01-23T14:59:06+00:00","dateModified":"2025-10-03T16:32:51+00:00","breadcrumb":{"@id":"https:\/\/litrax.ch\/it\/impressum\/#breadcrumb"},"inLanguage":"it-IT","potentialAction":[{"@type":"ReadAction","target":["https:\/\/litrax.ch\/it\/impressum\/"]}]},{"@type":"BreadcrumbList","@id":"https:\/\/litrax.ch\/it\/impressum\/#breadcrumb","itemListElement":[{"@type":"ListItem","position":1,"name":"Startseite","item":"https:\/\/litrax.ch\/it\/casa\/"},{"@type":"ListItem","position":2,"name":"Impronta"}]},{"@type":"WebSite","@id":"https:\/\/litrax.ch\/it\/#website","url":"https:\/\/litrax.ch\/it\/","name":"Litrax - Hydroponische Systeme","description":"Erlebe Hydroponik - der erdlose Gartengenuss.","publisher":{"@id":"https:\/\/litrax.ch\/it\/#organization"},"alternateName":"Litrax","potentialAction":[{"@type":"SearchAction","target":{"@type":"EntryPoint","urlTemplate":"https:\/\/litrax.ch\/it\/?s={search_term_string}"},"query-input":{"@type":"PropertyValueSpecification","valueRequired":true,"valueName":"search_term_string"}}],"inLanguage":"it-IT"},{"@type":"Organization","@id":"https:\/\/litrax.ch\/it\/#organization","name":"Litrax - Hydroponische Systeme","alternateName":"Litrax","url":"https:\/\/litrax.ch\/it\/","logo":{"@type":"ImageObject","inLanguage":"it-IT","@id":"https:\/\/litrax.ch\/it\/#\/schema\/logo\/image\/","url":"https:\/\/litrax.ch\/wp-content\/uploads\/2024\/03\/facivon.png","contentUrl":"https:\/\/litrax.ch\/wp-content\/uploads\/2024\/03\/facivon.png","width":150,"height":150,"caption":"Litrax - Hydroponische Systeme"},"image":{"@id":"https:\/\/litrax.ch\/it\/#\/schema\/logo\/image\/"},"sameAs":["https:\/\/www.facebook.com\/Litrax.ch","https:\/\/www.instagram.com\/litrax.ch\/","https:\/\/www.tiktok.com\/@litrax.ch"],"description":"Willkommen bei Litrax \u2013 Ihrem f\u00fchrenden Online-Shop f\u00fcr hochwertige hydroponische Gartensysteme! Wir bieten eine breite Palette an L\u00f6sungen f\u00fcr Privatpersonen, Restaurants und industrielle Gro\u00dfsysteme, um Ihnen zu helfen, Ihre eigene gr\u00fcne Oase zu schaffen, unabh\u00e4ngig von Ihrem Bedarf oder Ihrer Gr\u00f6\u00dfe. F\u00fcr Haushalte\/B\u00fcros: Entdecken Sie die Freude am G\u00e4rtnern in Ihrem eigenen Zuhause mit unseren einfach zu bedienenden hydroponischen Gartensystemen. Egal, ob Sie auf einem Balkon, einer Terrasse oder in Ihrem Wohnzimmer g\u00e4rtnern m\u00f6chten \u2013 wir haben das passende System f\u00fcr Sie. Genie\u00dfen Sie frisches Gem\u00fcse, aromatische Kr\u00e4uter und farbenfrohe Blumen das ganze Jahr \u00fcber, direkt aus Ihrem hydroponischen Garten. F\u00fcr Restaurants: Steigern Sie die Qualit\u00e4t Ihrer Gerichte und beeindrucken Sie Ihre G\u00e4ste mit frischen, geschmacksintensiven Zutaten aus unserem Sortiment an hydroponischen Gartensystemen f\u00fcr den gastronomischen Bereich. Unsere Systeme sind platzsparend, effizient und einfach zu bedienen, so dass Sie Ihre eigenen Zutaten direkt in Ihrer K\u00fcche anbauen k\u00f6nnen. Erleben Sie die Freude an nachhaltigem G\u00e4rtnern und lassen Sie Ihre kulinarischen Kreationen erstrahlen. Industrielle Gro\u00dfsysteme: Optimieren Sie Ihre landwirtschaftliche Produktion mit unseren ma\u00dfgeschneiderten hydroponischen Gro\u00dfsystemen. Von vertikalen Farmen bis hin zu automatisierten Anlagen bieten wir skalierbare L\u00f6sungen f\u00fcr maximale Effizienz und Produktivit\u00e4t. Nutzen Sie die Vorteile der hydroponischen Landwirtschaft, um Ihre Ernteertr\u00e4ge zu steigern, Platz zu sparen und Ressourcen zu optimieren. Erfahren Sie, wie unsere Systeme die Zukunft der industriellen Landwirtschaft gestalten k\u00f6nnen. Bei Litrax legen wir Wert auf Qualit\u00e4t und Kundenzufriedenheit. Unsere Produkte sind sorgf\u00e4ltig ausgew\u00e4hlt, um Ihnen die besten Ergebnisse zu garantieren, und wir bieten sie zu g\u00fcnstigen Preisen an. Dank unseres eigenen Lagers in der Schweiz k\u00f6nnen wir Ihnen eine schnelle Lieferung am n\u00e4chsten Tag garantieren.","legalName":"Resyx GmbH","foundingDate":"2022-12-22","numberOfEmployees":{"@type":"QuantitativeValue","minValue":"1","maxValue":"10"}}]}},"_links":{"self":[{"href":"https:\/\/litrax.ch\/it\/wp-json\/wp\/v2\/pages\/18573","targetHints":{"allow":["GET"]}}],"collection":[{"href":"https:\/\/litrax.ch\/it\/wp-json\/wp\/v2\/pages"}],"about":[{"href":"https:\/\/litrax.ch\/it\/wp-json\/wp\/v2\/types\/page"}],"author":[{"embeddable":true,"href":"https:\/\/litrax.ch\/it\/wp-json\/wp\/v2\/users\/1"}],"replies":[{"embeddable":true,"href":"https:\/\/litrax.ch\/it\/wp-json\/wp\/v2\/comments?post=18573"}],"version-history":[{"count":0,"href":"https:\/\/litrax.ch\/it\/wp-json\/wp\/v2\/pages\/18573\/revisions"}],"wp:attachment":[{"href":"https:\/\/litrax.ch\/it\/wp-json\/wp\/v2\/media?parent=18573"}],"curies":[{"name":"wp","href":"https:\/\/api.w.org\/{rel}","templated":true}]}}