{"id":18695,"date":"2023-12-20T08:21:02","date_gmt":"2023-12-20T08:21:02","guid":{"rendered":"https:\/\/litrax.ch\/condizioni-generali-di-contratto-agb\/"},"modified":"2025-12-01T20:24:21","modified_gmt":"2025-12-01T20:24:21","slug":"condizioni-generali-di-contratto-agb","status":"publish","type":"page","link":"https:\/\/litrax.ch\/it\/condizioni-generali-di-contratto-agb\/","title":{"rendered":"Condizioni generali di contratto (AGB)"},"content":{"rendered":"\n<p>Stato: 12\/2023<\/p>\n\n<p>Condizioni generali di contratto e informazioni per i consumatori nell&#8217;ambito dei contratti di acquisto stipulati tramite il negozio online tra resyx GmbH &#8211; di seguito denominata &#8220;Venditore&#8221; &#8211; e il cliente &#8211; di seguito denominato &#8220;Cliente&#8221;.<\/p>\n\n<h2 class=\"wp-block-heading\" id=\"h-1-geltungsbereich-und-allgemeine-hinweise\">\u00a7 1 Ambito di applicazione e informazioni generali<\/h2>\n\n<p>(1) Fatti salvi accordi e convenzioni individuali che prevalgono sulle presenti Condizioni Generali di Contratto, le seguenti Condizioni Generali di Contratto si applicano esclusivamente al rapporto commerciale tra il Venditore e il Cliente. Se non diversamente concordato, l&#8217;inclusione dei termini e delle condizioni del cliente \u00e8 in contrasto con i termini e le condizioni del cliente stesso.<br\/><br\/>(2) Il cliente \u00e8 un consumatore. Questo vale nella misura in cui conclude il contratto per scopi che non possono essere prevalentemente attribuiti alla sua attivit\u00e0 commerciale o professionale indipendente.  Per contro, un imprenditore \u00e8 una persona fisica o giuridica o una societ\u00e0 di persone con capacit\u00e0 giuridica che, nel concludere un negozio giuridico, agisce nell&#8217;esercizio della propria attivit\u00e0 commerciale o professionale indipendente.<\/p>\n\n<h2 class=\"wp-block-heading\" id=\"h-2-vertragsschluss\">\u00a7 2 Conclusione del contratto<\/h2>\n\n<p>(1) Il contratto \u00e8 stipulato con:<\/p>\n\n<p>Resyx GmbH<\/p>\n\n<p>(2) Le caratteristiche essenziali della merce sono indicate nella rispettiva descrizione del prodotto pubblicata dal Venditore.<\/p>\n\n<p>(3) Tutte le offerte nel negozio online del venditore rappresentano solo un invito non vincolante per il cliente a presentare un&#8217;offerta di acquisto corrispondente al venditore. Non appena il venditore riceve l&#8217;ordine del cliente, quest&#8217;ultimo riceve innanzitutto una conferma dell&#8217;avvenuta ricezione dell&#8217;ordine da parte del venditore. Di solito questo avviene tramite e-mail (conferma d&#8217;ordine).  La conferma d&#8217;ordine non costituisce accettazione dell&#8217;ordine. Dopo aver ricevuto l&#8217;ordine del cliente, il venditore lo controller\u00e0 a breve termine. Entro 2 giorni lavorativi, il venditore comunicher\u00e0 al cliente se accetta l&#8217;ordine (conferma d&#8217;ordine).   <br\/><\/p>\n\n<p>(4) Il cliente pu\u00f2 selezionare i prodotti dall&#8217;assortimento del venditore e raccoglierli in un cosiddetto carrello della spesa utilizzando il pulsante &#8220;Aggiungi al carrello&#8221;. Facendo clic sul pulsante &#8220;Carrello&#8221;, il cliente riceve una panoramica dei prodotti selezionati. Facendo clic sul pulsante &#8220;Acquista ora&#8221;, il cliente invia una richiesta vincolante di acquisto della merce presente nel carrello. Prima di inviare l&#8217;ordine, il cliente pu\u00f2 modificare e visualizzare in qualsiasi momento i dati inseriti utilizzando le funzioni del browser &#8220;Indietro&#8221; e &#8220;Avanti&#8221; visualizzate come tasti freccia. La domanda pu\u00f2 essere inoltrata e trasmessa solo se il cliente ha accettato le presenti condizioni contrattuali facendo clic sul pulsante &#8220;Accetta le CG&#8221; e le ha quindi inserite nella sua domanda. Il venditore invia quindi al cliente una conferma automatica di ricezione via e-mail, in cui l&#8217;ordine del cliente viene elencato nuovamente e che il cliente pu\u00f2 stampare utilizzando la funzione &#8220;Stampa&#8221;. La conferma automatica di ricezione documenta semplicemente che l&#8217;ordine del cliente \u00e8 stato ricevuto dal venditore. Non costituisce un&#8217;accettazione dell&#8217;ordine. Il contratto si conclude solo quando il venditore rilascia una dichiarazione di accettazione. Questa verr\u00e0 inviata in un&#8217;e-mail separata.   <\/p>\n\n<h2 class=\"wp-block-heading\" id=\"h-3-vertragsgegenstand-beschaffenheit-lieferung-warenverfugbarkeit\">\u00a7 3 Oggetto del contratto, qualit\u00e0, consegna, disponibilit\u00e0 della merce<\/h2>\n\n<p>(1) Oggetto del contratto sono i beni e i servizi specificati dal cliente nell&#8217;ordine e indicati nell&#8217;ordine<br\/>e\/o nella conferma dell&#8217;ordine ai prezzi finali indicati nel negozio online<br\/>. Sono fatti salvi errori e omissioni, in particolare per quanto riguarda la disponibilit\u00e0 dei beni<br\/>.<\/p>\n\n<p>(2) La qualit\u00e0 della merce ordinata \u00e8 determinata dalle descrizioni dei prodotti presenti nel negozio online.<br\/>immagini presenti sul sito web potrebbero non rispecchiare fedelmente i prodotti; in particolare i colori potrebbero variare notevolmente per motivi tecnici. Le immagini sono solo a scopo illustrativo e possono differire dal prodotto. I dati tecnici, il peso, le dimensioni e le prestazioni sono riportati con la massima precisione possibile, ma possono essere soggetti alle consuete variazioni. Le propriet\u00e0 qui descritte non costituiscono difetti dei prodotti forniti dal venditore.<\/p>\n\n<p>(3) Se al momento dell&#8217;ordine non sono disponibili copie del prodotto scelto dal cliente, il venditore ne informa il cliente nella conferma d&#8217;ordine. Se il prodotto non \u00e8 disponibile in modo permanente, il venditore si astiene dal rilasciare una dichiarazione di accettazione. In questo caso non si conclude un contratto.<\/p>\n\n<p>(4) Se il prodotto indicato dal cliente nell&#8217;ordine \u00e8 solo temporaneamente non disponibile, il venditore dovr\u00e0 informare immediatamente il cliente anche nella conferma d&#8217;ordine. In caso di ritardo nella consegna di oltre due settimane, il cliente ha il diritto di recedere dal contratto. In questo caso, il venditore ha anche il diritto di recedere dal contratto.<br\/>Il venditore rimborser\u00e0 immediatamente i pagamenti gi\u00e0 effettuati dal cliente.<\/p>\n\n<h2 class=\"wp-block-heading\" id=\"h-4-lieferung-preise-versandkosten\">\u00a7 4 Consegna, prezzi, spese di spedizione<\/h2>\n\n<p>(1) La consegna allo spedizioniere avverr\u00e0 entro due giorni dal ricevimento del pagamento. In caso di pagamento in contrassegno, la consegna avverr\u00e0 entro due giorni dalla conferma dell&#8217;ordine. Il tempo di consegna a<br\/>\u00e8 di cinque giorni.   Il venditore indicher\u00e0 eventuali tempi di consegna diversi nella pagina del prodotto.<\/p>\n\n<p>(2) La consegna viene effettuata solo in Svizzera.<\/p>\n\n<p>(3) Tutti i prezzi degli articoli sono comprensivi dell&#8217;imposta sul valore aggiunto prevista dalla legge. I prezzi indicati sono prezzi al dettaglio pi\u00f9 le spese di spedizione. Il cliente riceve una fattura con l&#8217;IVA indicata<br\/>.<\/p>\n\n<h2 class=\"wp-block-heading\" id=\"h-5-zahlung\">\u00a7 5 Pagamento<\/h2>\n\n<p>Il pagamento viene effettuato in anticipo (carte di credito, Twint, bonifico bancario) o tramite fattura (Powerpay).<\/p>\n\n<h2 class=\"wp-block-heading\" id=\"h-6-transportschaden\">\u00a7 6 Danni da trasporto<\/h2>\n\n<p>(1) Se la merce viene consegnata con evidenti danni da trasporto, il cliente \u00e8 invitato a denunciare immediatamente i difetti al trasportatore e a contattare il venditore il prima possibile.<\/p>\n\n<p>(2) La mancata presentazione di un reclamo o il mancato contatto con il venditore non ha conseguenze sui diritti di garanzia legale del cliente. Aiuta il venditore a far valere i propri diritti nei confronti del vettore o della compagnia di assicurazione del trasporto. <\/p>\n\n<h2 class=\"wp-block-heading\" id=\"h-7-sachmangelgewahrleistung\">\u00a7 7 Garanzia per difetti di materiale<\/h2>\n\n<p>(1) Il fornitore \u00e8 responsabile per i difetti materiali in conformit\u00e0 alle disposizioni di legge applicabili, in particolare ai \u00a7\u00a7 434 e seguenti del BGB.<\/p>\n\n<p>(2) La garanzia sussiste per la merce fornita dal fornitore solo se ci\u00f2 \u00e8 stato espressamente indicato nella conferma d&#8217;ordine del rispettivo articolo.<\/p>\n\n<p>(3) I reclami e le richieste di responsabilit\u00e0 per difetti possono essere presentati all&#8217;indirizzo indicato nell&#8217;identificazione del fornitore.<\/p>\n\n<h2 class=\"wp-block-heading\" id=\"h-8-eigentumsvorbehalt\">\u00a7 8 Riserva di propriet\u00e0<\/h2>\n\n<p>La merce consegnata rimane di propriet\u00e0 del venditore fino al completo pagamento.<\/p>\n\n<h2 class=\"wp-block-heading\" id=\"h-10-ruckgaberecht\">\u00a7 10 Diritto di restituzione<\/h2>\n\n<p>\u00c8 esclusa la restituzione di beni consegnati in conformit\u00e0 al contratto, salvo diverso accordo scritto.<\/p>\n\n<h2 class=\"wp-block-heading\" id=\"h-10-haftung\">\u00a7 10 Responsabilit\u00e0<\/h2>\n\n<p>Si applicano le norme di legge.<\/p>\n\n<h2 class=\"wp-block-heading\" id=\"h-11-vertragstext\">\u00a7 11 Testo del contratto<\/h2>\n\n<p>Il testo del contratto \u00e8 memorizzato nei sistemi interni del venditore. I clienti possono consultare le Condizioni generali nel loro conto cliente in qualsiasi momento. I dati dell&#8217;ordine e le CGV vengono inviati al cliente via e-mail. Una volta completato l&#8217;ordine, i dati dell&#8217;ordine non sono pi\u00f9 accessibili via Internet per motivi di sicurezza.<\/p>\n\n<h2 class=\"wp-block-heading\" id=\"h-11-schlussbestimmungen\">\u00a7 11 Disposizioni finali<\/h2>\n\n<p>(1) La lingua del contratto \u00e8 il tedesco.<\/p>\n\n<p>(2) I contratti tra il Venditore e il Cliente sono disciplinati dal diritto svizzero, ad esclusione delle leggi sulla vendita internazionale di beni. Questa scelta di legge si applica ai consumatori solo nella misura in cui la protezione offerta al cliente dalle disposizioni obbligatorie della legge dello Stato di residenza abituale del consumatore non viene revocata.<\/p>\n\n<p>(3) Se il cliente \u00e8 un commerciante, una persona giuridica di diritto pubblico o un fondo speciale di diritto pubblico, il foro competente per tutte le controversie derivanti dai rapporti contrattuali tra il cliente e il venditore \u00e8 la sede legale del venditore. Questo vale anche se il cliente non ha un foro generale in Svizzera. O se il suo domicilio o la sua residenza abituale non sono noti al momento della presentazione dell&#8217;azione legale. <\/p>\n\n<p>Fonte: <a href=\"http:\/\/www.rechtsanwalt-metzler.de\">Rechtsanwalt Metzler &#8211; Avvocato per il diritto della concorrenza, dei marchi e del diritto d&#8217;autore<\/a><\/p>\n","protected":false},"excerpt":{"rendered":"<p>Stato: 12\/2023 Condizioni generali di contratto e informazioni per i consumatori nell&#8217;ambito dei contratti di acquisto stipulati tramite il negozio online tra resyx GmbH &#8211; di seguito denominata &#8220;Venditore&#8221; &#8211; e il cliente &#8211; di seguito denominato &#8220;Cliente&#8221;. \u00a7 1 Ambito di applicazione e informazioni generali (1) Fatti salvi accordi e convenzioni individuali che prevalgono [&hellip;]<\/p>\n","protected":false},"author":1,"featured_media":0,"parent":0,"menu_order":0,"comment_status":"closed","ping_status":"closed","template":"","meta":{"footnotes":""},"class_list":["post-18695","page","type-page","status-publish","hentry"],"yoast_head":"<!-- This site is optimized with the Yoast SEO Premium plugin v26.7 (Yoast SEO v27.4) - https:\/\/yoast.com\/product\/yoast-seo-premium-wordpress\/ -->\n<title>Termini e condizioni generali Resyx GmbH dichiara<\/title>\n<meta name=\"description\" content=\"I termini e le condizioni generali di Resyx GmbH si applicano a tutti gli acquisti effettuati dai clienti nel negozio online. Informazioni qui.\" \/>\n<meta name=\"robots\" content=\"index, follow, max-snippet:-1, max-image-preview:large, max-video-preview:-1\" \/>\n<link rel=\"canonical\" href=\"https:\/\/litrax.ch\/it\/condizioni-generali-di-contratto-agb\/\" \/>\n<meta property=\"og:locale\" content=\"it_IT\" \/>\n<meta property=\"og:type\" content=\"article\" \/>\n<meta property=\"og:title\" content=\"Condizioni generali di contratto (AGB)\" \/>\n<meta property=\"og:description\" content=\"I termini e le condizioni generali di Resyx GmbH si applicano a tutti gli acquisti effettuati dai clienti nel negozio online. Informazioni qui.\" \/>\n<meta property=\"og:url\" content=\"https:\/\/litrax.ch\/it\/condizioni-generali-di-contratto-agb\/\" \/>\n<meta property=\"og:site_name\" content=\"Litrax - Hydroponische Systeme\" \/>\n<meta property=\"article:publisher\" content=\"https:\/\/www.facebook.com\/Litrax.ch\" \/>\n<meta property=\"article:modified_time\" content=\"2025-12-01T20:24:21+00:00\" \/>\n<meta property=\"og:image\" content=\"https:\/\/litrax.ch\/wp-content\/uploads\/2023\/12\/LX223.small_.png\" \/>\n\t<meta property=\"og:image:width\" content=\"537\" \/>\n\t<meta property=\"og:image:height\" content=\"480\" \/>\n\t<meta property=\"og:image:type\" content=\"image\/png\" \/>\n<meta name=\"twitter:card\" content=\"summary_large_image\" \/>\n<meta name=\"twitter:label1\" content=\"Tempo di lettura stimato\" \/>\n\t<meta name=\"twitter:data1\" content=\"6 minuti\" \/>\n<script type=\"application\/ld+json\" class=\"yoast-schema-graph\">{\"@context\":\"https:\\\/\\\/schema.org\",\"@graph\":[{\"@type\":\"WebPage\",\"@id\":\"https:\\\/\\\/litrax.ch\\\/it\\\/condizioni-generali-di-contratto-agb\\\/\",\"url\":\"https:\\\/\\\/litrax.ch\\\/it\\\/condizioni-generali-di-contratto-agb\\\/\",\"name\":\"Termini e condizioni generali Resyx GmbH dichiara\",\"isPartOf\":{\"@id\":\"https:\\\/\\\/litrax.ch\\\/it\\\/#website\"},\"datePublished\":\"2023-12-20T08:21:02+00:00\",\"dateModified\":\"2025-12-01T20:24:21+00:00\",\"description\":\"I termini e le condizioni generali di Resyx GmbH si applicano a tutti gli acquisti effettuati dai clienti nel negozio online. Informazioni qui.\",\"breadcrumb\":{\"@id\":\"https:\\\/\\\/litrax.ch\\\/it\\\/condizioni-generali-di-contratto-agb\\\/#breadcrumb\"},\"inLanguage\":\"it-IT\",\"potentialAction\":[{\"@type\":\"ReadAction\",\"target\":[\"https:\\\/\\\/litrax.ch\\\/it\\\/condizioni-generali-di-contratto-agb\\\/\"]}]},{\"@type\":\"BreadcrumbList\",\"@id\":\"https:\\\/\\\/litrax.ch\\\/it\\\/condizioni-generali-di-contratto-agb\\\/#breadcrumb\",\"itemListElement\":[{\"@type\":\"ListItem\",\"position\":1,\"name\":\"Startseite\",\"item\":\"https:\\\/\\\/litrax.ch\\\/it\\\/casa\\\/\"},{\"@type\":\"ListItem\",\"position\":2,\"name\":\"Condizioni generali di contratto (AGB)\"}]},{\"@type\":\"WebSite\",\"@id\":\"https:\\\/\\\/litrax.ch\\\/it\\\/#website\",\"url\":\"https:\\\/\\\/litrax.ch\\\/it\\\/\",\"name\":\"Litrax - Hydroponische Systeme\",\"description\":\"Erlebe Hydroponik - der erdlose Gartengenuss.\",\"publisher\":{\"@id\":\"https:\\\/\\\/litrax.ch\\\/it\\\/#organization\"},\"alternateName\":\"Litrax\",\"potentialAction\":[{\"@type\":\"SearchAction\",\"target\":{\"@type\":\"EntryPoint\",\"urlTemplate\":\"https:\\\/\\\/litrax.ch\\\/it\\\/?s={search_term_string}\"},\"query-input\":{\"@type\":\"PropertyValueSpecification\",\"valueRequired\":true,\"valueName\":\"search_term_string\"}}],\"inLanguage\":\"it-IT\"},{\"@type\":\"Organization\",\"@id\":\"https:\\\/\\\/litrax.ch\\\/it\\\/#organization\",\"name\":\"Litrax - Hydroponische Systeme\",\"alternateName\":\"Litrax\",\"url\":\"https:\\\/\\\/litrax.ch\\\/it\\\/\",\"logo\":{\"@type\":\"ImageObject\",\"inLanguage\":\"it-IT\",\"@id\":\"https:\\\/\\\/litrax.ch\\\/it\\\/#\\\/schema\\\/logo\\\/image\\\/\",\"url\":\"https:\\\/\\\/litrax.ch\\\/wp-content\\\/uploads\\\/2024\\\/03\\\/facivon.png\",\"contentUrl\":\"https:\\\/\\\/litrax.ch\\\/wp-content\\\/uploads\\\/2024\\\/03\\\/facivon.png\",\"width\":150,\"height\":150,\"caption\":\"Litrax - Hydroponische Systeme\"},\"image\":{\"@id\":\"https:\\\/\\\/litrax.ch\\\/it\\\/#\\\/schema\\\/logo\\\/image\\\/\"},\"sameAs\":[\"https:\\\/\\\/www.facebook.com\\\/Litrax.ch\",\"https:\\\/\\\/www.instagram.com\\\/litrax.ch\\\/\",\"https:\\\/\\\/www.tiktok.com\\\/@litrax.ch\"],\"description\":\"Willkommen bei Litrax \u2013 Ihrem f\u00fchrenden Online-Shop f\u00fcr hochwertige hydroponische Gartensysteme! Wir bieten eine breite Palette an L\u00f6sungen f\u00fcr Privatpersonen, Restaurants und industrielle Gro\u00dfsysteme, um Ihnen zu helfen, Ihre eigene gr\u00fcne Oase zu schaffen, unabh\u00e4ngig von Ihrem Bedarf oder Ihrer Gr\u00f6\u00dfe. F\u00fcr Haushalte\\\/B\u00fcros: Entdecken Sie die Freude am G\u00e4rtnern in Ihrem eigenen Zuhause mit unseren einfach zu bedienenden hydroponischen Gartensystemen. Egal, ob Sie auf einem Balkon, einer Terrasse oder in Ihrem Wohnzimmer g\u00e4rtnern m\u00f6chten \u2013 wir haben das passende System f\u00fcr Sie. Genie\u00dfen Sie frisches Gem\u00fcse, aromatische Kr\u00e4uter und farbenfrohe Blumen das ganze Jahr \u00fcber, direkt aus Ihrem hydroponischen Garten. F\u00fcr Restaurants: Steigern Sie die Qualit\u00e4t Ihrer Gerichte und beeindrucken Sie Ihre G\u00e4ste mit frischen, geschmacksintensiven Zutaten aus unserem Sortiment an hydroponischen Gartensystemen f\u00fcr den gastronomischen Bereich. Unsere Systeme sind platzsparend, effizient und einfach zu bedienen, so dass Sie Ihre eigenen Zutaten direkt in Ihrer K\u00fcche anbauen k\u00f6nnen. Erleben Sie die Freude an nachhaltigem G\u00e4rtnern und lassen Sie Ihre kulinarischen Kreationen erstrahlen. Industrielle Gro\u00dfsysteme: Optimieren Sie Ihre landwirtschaftliche Produktion mit unseren ma\u00dfgeschneiderten hydroponischen Gro\u00dfsystemen. Von vertikalen Farmen bis hin zu automatisierten Anlagen bieten wir skalierbare L\u00f6sungen f\u00fcr maximale Effizienz und Produktivit\u00e4t. Nutzen Sie die Vorteile der hydroponischen Landwirtschaft, um Ihre Ernteertr\u00e4ge zu steigern, Platz zu sparen und Ressourcen zu optimieren. Erfahren Sie, wie unsere Systeme die Zukunft der industriellen Landwirtschaft gestalten k\u00f6nnen. Bei Litrax legen wir Wert auf Qualit\u00e4t und Kundenzufriedenheit. Unsere Produkte sind sorgf\u00e4ltig ausgew\u00e4hlt, um Ihnen die besten Ergebnisse zu garantieren, und wir bieten sie zu g\u00fcnstigen Preisen an. Dank unseres eigenen Lagers in der Schweiz k\u00f6nnen wir Ihnen eine schnelle Lieferung am n\u00e4chsten Tag garantieren.\",\"legalName\":\"Resyx GmbH\",\"foundingDate\":\"2022-12-22\",\"numberOfEmployees\":{\"@type\":\"QuantitativeValue\",\"minValue\":\"1\",\"maxValue\":\"10\"}}]}<\/script>\n<!-- \/ Yoast SEO Premium plugin. -->","yoast_head_json":{"title":"Termini e condizioni generali Resyx GmbH dichiara","description":"I termini e le condizioni generali di Resyx GmbH si applicano a tutti gli acquisti effettuati dai clienti nel negozio online. Informazioni qui.","robots":{"index":"index","follow":"follow","max-snippet":"max-snippet:-1","max-image-preview":"max-image-preview:large","max-video-preview":"max-video-preview:-1"},"canonical":"https:\/\/litrax.ch\/it\/condizioni-generali-di-contratto-agb\/","og_locale":"it_IT","og_type":"article","og_title":"Condizioni generali di contratto (AGB)","og_description":"I termini e le condizioni generali di Resyx GmbH si applicano a tutti gli acquisti effettuati dai clienti nel negozio online. Informazioni qui.","og_url":"https:\/\/litrax.ch\/it\/condizioni-generali-di-contratto-agb\/","og_site_name":"Litrax - Hydroponische Systeme","article_publisher":"https:\/\/www.facebook.com\/Litrax.ch","article_modified_time":"2025-12-01T20:24:21+00:00","og_image":[{"width":537,"height":480,"url":"https:\/\/litrax.ch\/wp-content\/uploads\/2023\/12\/LX223.small_.png","type":"image\/png"}],"twitter_card":"summary_large_image","twitter_misc":{"Tempo di lettura stimato":"6 minuti"},"schema":{"@context":"https:\/\/schema.org","@graph":[{"@type":"WebPage","@id":"https:\/\/litrax.ch\/it\/condizioni-generali-di-contratto-agb\/","url":"https:\/\/litrax.ch\/it\/condizioni-generali-di-contratto-agb\/","name":"Termini e condizioni generali Resyx GmbH dichiara","isPartOf":{"@id":"https:\/\/litrax.ch\/it\/#website"},"datePublished":"2023-12-20T08:21:02+00:00","dateModified":"2025-12-01T20:24:21+00:00","description":"I termini e le condizioni generali di Resyx GmbH si applicano a tutti gli acquisti effettuati dai clienti nel negozio online. Informazioni qui.","breadcrumb":{"@id":"https:\/\/litrax.ch\/it\/condizioni-generali-di-contratto-agb\/#breadcrumb"},"inLanguage":"it-IT","potentialAction":[{"@type":"ReadAction","target":["https:\/\/litrax.ch\/it\/condizioni-generali-di-contratto-agb\/"]}]},{"@type":"BreadcrumbList","@id":"https:\/\/litrax.ch\/it\/condizioni-generali-di-contratto-agb\/#breadcrumb","itemListElement":[{"@type":"ListItem","position":1,"name":"Startseite","item":"https:\/\/litrax.ch\/it\/casa\/"},{"@type":"ListItem","position":2,"name":"Condizioni generali di contratto (AGB)"}]},{"@type":"WebSite","@id":"https:\/\/litrax.ch\/it\/#website","url":"https:\/\/litrax.ch\/it\/","name":"Litrax - Hydroponische Systeme","description":"Erlebe Hydroponik - der erdlose Gartengenuss.","publisher":{"@id":"https:\/\/litrax.ch\/it\/#organization"},"alternateName":"Litrax","potentialAction":[{"@type":"SearchAction","target":{"@type":"EntryPoint","urlTemplate":"https:\/\/litrax.ch\/it\/?s={search_term_string}"},"query-input":{"@type":"PropertyValueSpecification","valueRequired":true,"valueName":"search_term_string"}}],"inLanguage":"it-IT"},{"@type":"Organization","@id":"https:\/\/litrax.ch\/it\/#organization","name":"Litrax - Hydroponische Systeme","alternateName":"Litrax","url":"https:\/\/litrax.ch\/it\/","logo":{"@type":"ImageObject","inLanguage":"it-IT","@id":"https:\/\/litrax.ch\/it\/#\/schema\/logo\/image\/","url":"https:\/\/litrax.ch\/wp-content\/uploads\/2024\/03\/facivon.png","contentUrl":"https:\/\/litrax.ch\/wp-content\/uploads\/2024\/03\/facivon.png","width":150,"height":150,"caption":"Litrax - Hydroponische Systeme"},"image":{"@id":"https:\/\/litrax.ch\/it\/#\/schema\/logo\/image\/"},"sameAs":["https:\/\/www.facebook.com\/Litrax.ch","https:\/\/www.instagram.com\/litrax.ch\/","https:\/\/www.tiktok.com\/@litrax.ch"],"description":"Willkommen bei Litrax \u2013 Ihrem f\u00fchrenden Online-Shop f\u00fcr hochwertige hydroponische Gartensysteme! Wir bieten eine breite Palette an L\u00f6sungen f\u00fcr Privatpersonen, Restaurants und industrielle Gro\u00dfsysteme, um Ihnen zu helfen, Ihre eigene gr\u00fcne Oase zu schaffen, unabh\u00e4ngig von Ihrem Bedarf oder Ihrer Gr\u00f6\u00dfe. F\u00fcr Haushalte\/B\u00fcros: Entdecken Sie die Freude am G\u00e4rtnern in Ihrem eigenen Zuhause mit unseren einfach zu bedienenden hydroponischen Gartensystemen. Egal, ob Sie auf einem Balkon, einer Terrasse oder in Ihrem Wohnzimmer g\u00e4rtnern m\u00f6chten \u2013 wir haben das passende System f\u00fcr Sie. Genie\u00dfen Sie frisches Gem\u00fcse, aromatische Kr\u00e4uter und farbenfrohe Blumen das ganze Jahr \u00fcber, direkt aus Ihrem hydroponischen Garten. F\u00fcr Restaurants: Steigern Sie die Qualit\u00e4t Ihrer Gerichte und beeindrucken Sie Ihre G\u00e4ste mit frischen, geschmacksintensiven Zutaten aus unserem Sortiment an hydroponischen Gartensystemen f\u00fcr den gastronomischen Bereich. Unsere Systeme sind platzsparend, effizient und einfach zu bedienen, so dass Sie Ihre eigenen Zutaten direkt in Ihrer K\u00fcche anbauen k\u00f6nnen. Erleben Sie die Freude an nachhaltigem G\u00e4rtnern und lassen Sie Ihre kulinarischen Kreationen erstrahlen. Industrielle Gro\u00dfsysteme: Optimieren Sie Ihre landwirtschaftliche Produktion mit unseren ma\u00dfgeschneiderten hydroponischen Gro\u00dfsystemen. Von vertikalen Farmen bis hin zu automatisierten Anlagen bieten wir skalierbare L\u00f6sungen f\u00fcr maximale Effizienz und Produktivit\u00e4t. Nutzen Sie die Vorteile der hydroponischen Landwirtschaft, um Ihre Ernteertr\u00e4ge zu steigern, Platz zu sparen und Ressourcen zu optimieren. Erfahren Sie, wie unsere Systeme die Zukunft der industriellen Landwirtschaft gestalten k\u00f6nnen. Bei Litrax legen wir Wert auf Qualit\u00e4t und Kundenzufriedenheit. Unsere Produkte sind sorgf\u00e4ltig ausgew\u00e4hlt, um Ihnen die besten Ergebnisse zu garantieren, und wir bieten sie zu g\u00fcnstigen Preisen an. Dank unseres eigenen Lagers in der Schweiz k\u00f6nnen wir Ihnen eine schnelle Lieferung am n\u00e4chsten Tag garantieren.","legalName":"Resyx GmbH","foundingDate":"2022-12-22","numberOfEmployees":{"@type":"QuantitativeValue","minValue":"1","maxValue":"10"}}]}},"_links":{"self":[{"href":"https:\/\/litrax.ch\/it\/wp-json\/wp\/v2\/pages\/18695","targetHints":{"allow":["GET"]}}],"collection":[{"href":"https:\/\/litrax.ch\/it\/wp-json\/wp\/v2\/pages"}],"about":[{"href":"https:\/\/litrax.ch\/it\/wp-json\/wp\/v2\/types\/page"}],"author":[{"embeddable":true,"href":"https:\/\/litrax.ch\/it\/wp-json\/wp\/v2\/users\/1"}],"replies":[{"embeddable":true,"href":"https:\/\/litrax.ch\/it\/wp-json\/wp\/v2\/comments?post=18695"}],"version-history":[{"count":0,"href":"https:\/\/litrax.ch\/it\/wp-json\/wp\/v2\/pages\/18695\/revisions"}],"wp:attachment":[{"href":"https:\/\/litrax.ch\/it\/wp-json\/wp\/v2\/media?parent=18695"}],"curies":[{"name":"wp","href":"https:\/\/api.w.org\/{rel}","templated":true}]}}