{"id":20746,"date":"2024-05-03T13:49:08","date_gmt":"2024-05-03T13:49:08","guid":{"rendered":"https:\/\/litrax.ch\/area-affiliati\/"},"modified":"2025-12-01T20:37:31","modified_gmt":"2025-12-01T20:37:31","slug":"area-affiliati","status":"publish","type":"page","link":"https:\/\/litrax.ch\/it\/area-affiliati\/","title":{"rendered":"Area partner"},"content":{"rendered":"\t\t<div data-elementor-type=\"wp-page\" data-elementor-id=\"20746\" class=\"elementor elementor-20746 elementor-19667\" data-elementor-post-type=\"page\">\n\t\t\t\t<div class=\"elementor-element elementor-element-2bbfc28f e-flex e-con-boxed e-con e-parent\" data-id=\"2bbfc28f\" data-element_type=\"container\" data-e-type=\"container\">\n\t\t\t\t\t<div class=\"e-con-inner\">\n\t\t\t\t<div class=\"elementor-element elementor-element-49c5726 elementor-widget elementor-widget-image\" data-id=\"49c5726\" data-element_type=\"widget\" data-e-type=\"widget\" data-widget_type=\"image.default\">\n\t\t\t\t<div class=\"elementor-widget-container\">\n\t\t\t\t\t\t\t\t\t\t\t\t\t\t\t<img decoding=\"async\" src=\"https:\/\/litrax.ch\/wp-content\/uploads\/elementor\/thumbs\/IMG_20250724_161525-scaled-e1760548191224-rd948r2os9fd1wtt258la7wgcws2iiia8u6aqlxuh0.jpg\" title=\"Litrax Giardinaggio urbano\" alt=\"Litrax Giardinaggio urbano\" loading=\"lazy\" \/>\t\t\t\t\t\t\t\t\t\t\t\t\t\t\t<\/div>\n\t\t\t\t<\/div>\n\t\t\t\t<div class=\"elementor-element elementor-element-a231dc5 elementor-widget elementor-widget-spacer\" data-id=\"a231dc5\" data-element_type=\"widget\" data-e-type=\"widget\" data-widget_type=\"spacer.default\">\n\t\t\t\t<div class=\"elementor-widget-container\">\n\t\t\t\t\t\t\t<div class=\"elementor-spacer\">\n\t\t\t<div class=\"elementor-spacer-inner\"><\/div>\n\t\t<\/div>\n\t\t\t\t\t\t<\/div>\n\t\t\t\t<\/div>\n\t\t\t\t<div class=\"elementor-element elementor-element-48eb518 elementor-widget elementor-widget-heading\" data-id=\"48eb518\" data-element_type=\"widget\" data-e-type=\"widget\" data-widget_type=\"heading.default\">\n\t\t\t\t<div class=\"elementor-widget-container\">\n\t\t\t\t\t<h1 class=\"elementor-heading-title elementor-size-default\">Il nostro programma per influencer e partner<\/h1>\t\t\t\t<\/div>\n\t\t\t\t<\/div>\n\t\t\t\t<div class=\"elementor-element elementor-element-4992b6cb elementor-widget elementor-widget-text-editor\" data-id=\"4992b6cb\" data-element_type=\"widget\" data-e-type=\"widget\" data-widget_type=\"text-editor.default\">\n\t\t\t\t<div class=\"elementor-widget-container\">\n\t\t\t\t\t\t\t\t\t<h4 style=\"text-align: center;\">Partecipa al nostro programma partner: guadagna molto e cresci rapidamente!<\/h4><h2>Perch\u00e9 dovresti lavorare con noi?<\/h2><p>Unisciti alla nostra fiorente rete di affiliazione e trasforma la tua influenza in reddito! Che tu sia un influencer, un rivenditore o un creatore di contenuti, il nostro programma di affiliazione \u00e8 progettato per massimizzare il tuo potenziale di guadagno con commissioni leader del settore, vantaggi esclusivi e un prodotto che praticamente si vende da solo. <\/p><ul><li><strong>Commissioni elevate:<\/strong> Guadagna fino al <strong>20% di commissione<\/strong> su ogni vendita generata attraverso il tuo link di affiliazione unico.<\/li><li><strong>Entrate ricorrenti:<\/strong> Sblocca i pagamenti ricorrenti per i referral basati su abbonamento.<\/li><li><strong>Marchio affidabile:<\/strong> promuovi un prodotto rivoluzionario amato da migliaia di persone e supportato da un&#8217;azienda rinomata.<\/li><li><strong>Monitoraggio in tempo reale:<\/strong> accedi a una dashboard facile da usare per monitorare i clic, le conversioni e le entrate in tempo reale.<\/li><\/ul><ul><li><strong>Supporto marketing:<\/strong> accedi a banner ad alta conversione, modelli di email e risorse per i social media per rendere la pubblicit\u00e0 semplice.<\/li><\/ul><h2>Chi pu\u00f2 partecipare?<\/h2><p>Il nostro programma \u00e8 perfetto per:<\/p><ul><li><strong>Influencer<\/strong> con gruppi target impegnati sui social media, su YouTube o sui blog.<\/li><\/ul><ul><li><strong>I rivenditori<\/strong> che vogliono ampliare la loro gamma di prodotti con una soluzione molto ricercata nei settori <span style=\"color: #3366ff;\">del lifestyle, del giardino, del giardinaggio urbano, dell&#8217;agricoltura verticale o della ristorazione<\/span>.<\/li><\/ul><ul><li>I <strong>creatori di contenuti<\/strong> che vogliono monetizzare le loro piattaforme con un partner fidato.<\/li><\/ul><p>Indipendentemente dalla tua nicchia &#8211; tecnologia, lifestyle, finanza o altri settori &#8211; il nostro prodotto si rivolge a un pubblico diversificato B2C e B2B, rendendo facile la promozione e il guadagno.<\/p><h2>Come funziona<\/h2><ul><li style=\"list-style-type: none;\"><ul><li><strong>Iscriviti:<\/strong> Iscriviti al nostro <strong>programma partner 2026<\/strong> in pochi minuti utilizzando il nostro semplice processo di registrazione.<\/li><\/ul><\/li><\/ul><ul><li><strong>Pubblicit\u00e0:<\/strong> condividi il link del tuo partner unico tramite il tuo sito web.<\/li><\/ul><ul><li><strong>Guadagna:<\/strong> vieni pagato per ogni vendita effettuata tramite il tuo link, con pagamenti mensili.<\/li><\/ul><h2>Vantaggi esclusivi per i top performer<\/h2><ul><li style=\"list-style-type: none;\"><ul><li><strong>Livelli di bonus:<\/strong> Raggiungi gli obiettivi di vendita per sbloccare commissioni pi\u00f9 alte e bonus in denaro.<\/li><\/ul><\/li><\/ul><ul><li><strong>Assistenza dedicata:<\/strong> ricevi un&#8217;assistenza personalizzata dal nostro team di gestione degli affiliati.<\/li><\/ul><ul><li><strong>Accesso anticipato:<\/strong> sarai il primo a promuovere nuovi prodotti e campagne sullo stile di vita dell&#8217;acquaponica e dell&#8217;idroponica.<\/li><\/ul><h2>Cosa dicono i nostri affiliati<\/h2><blockquote><p><strong><em><span style=\"color: #800000;\">&#8220;Questo \u00e8 senza dubbio il miglior programma di affiliazione di cui abbia mai fatto parte. Le commissioni sono generose e il team di supporto \u00e8 fantastico!&#8221; <\/span><\/em><\/strong>&#8211; Sarah, blogger di lifestyle<\/p><\/blockquote><blockquote><p><strong><em><span style=\"color: #333399;\">&#8220;Come rivenditore, l&#8217;aggiunta di sistemi idroponici al mio portafoglio ha cambiato tutto. I miei clienti li adorano e le mie entrate sono in costante aumento!&#8221;.<\/span> <\/em><\/strong>&#8211; Mark, rivenditore online<\/p><\/blockquote><h2>Sei pronto a guadagnare di pi\u00f9?<\/h2><p>Iscriviti <strong>oggi stesso<\/strong> al nostro programma di affiliazione e crea una fonte di reddito aggiuntiva con un affiliato di cui ti puoi fidare. Clicca qui sotto per iscriverti e ricevere il tuo link di affiliazione personalizzato! <\/p><p><a href=\"https:\/\/litrax.ch\/it\/contattateci\/\"><strong>Iscriviti ora | Per saperne di pi\u00f9<\/strong><\/a><\/p>\t\t\t\t\t\t\t\t<\/div>\n\t\t\t\t<\/div>\n\t\t\t\t\t<\/div>\n\t\t\t\t<\/div>\n\t\t\t\t<\/div>\n\t\t","protected":false},"excerpt":{"rendered":"<p>Il nostro programma per influencer e partner Partecipa al nostro programma partner: guadagna molto e cresci rapidamente! Perch\u00e9 dovresti lavorare con noi? Unisciti alla nostra fiorente rete di affiliazione e trasforma la tua influenza in reddito! Che tu sia un influencer, un rivenditore o un creatore di contenuti, il nostro programma di affiliazione \u00e8 progettato [&hellip;]<\/p>\n","protected":false},"author":1,"featured_media":0,"parent":0,"menu_order":0,"comment_status":"closed","ping_status":"closed","template":"","meta":{"footnotes":""},"class_list":["post-20746","page","type-page","status-publish","hentry"],"yoast_head":"<!-- This site is optimized with the Yoast SEO Premium plugin v26.7 (Yoast SEO v27.4) - https:\/\/yoast.com\/product\/yoast-seo-premium-wordpress\/ -->\n<title>Commissioni - Programma di affiliazione e rivenditori Litrax Hydroponics<\/title>\n<meta name=\"description\" content=\"Entra a far parte del nostro programma di vendita al dettaglio e di affiliazione e guadagna interessanti commissioni: basta iniziare e guadagnare!\" \/>\n<meta name=\"robots\" content=\"index, follow, max-snippet:-1, max-image-preview:large, max-video-preview:-1\" \/>\n<link rel=\"canonical\" href=\"https:\/\/litrax.ch\/it\/area-affiliati\/\" \/>\n<meta property=\"og:locale\" content=\"it_IT\" \/>\n<meta property=\"og:type\" content=\"article\" \/>\n<meta property=\"og:title\" content=\"Area partner\" \/>\n<meta property=\"og:description\" content=\"Entra a far parte del nostro programma di vendita al dettaglio e di affiliazione e guadagna interessanti commissioni: basta iniziare e guadagnare!\" \/>\n<meta property=\"og:url\" content=\"https:\/\/litrax.ch\/it\/area-affiliati\/\" \/>\n<meta property=\"og:site_name\" content=\"Litrax - Hydroponische Systeme\" \/>\n<meta property=\"article:publisher\" content=\"https:\/\/www.facebook.com\/Litrax.ch\" \/>\n<meta property=\"article:modified_time\" content=\"2025-12-01T20:37:31+00:00\" \/>\n<meta property=\"og:image\" content=\"https:\/\/litrax.ch\/wp-content\/uploads\/elementor\/thumbs\/IMG_20250724_161525-scaled-e1760548191224-rd948r2os9fd1wtt258la7wgcws2iiia8u6aqlxuh0.jpg\" \/>\n<meta name=\"twitter:card\" content=\"summary_large_image\" \/>\n<meta name=\"twitter:label1\" content=\"Tempo di lettura stimato\" \/>\n\t<meta name=\"twitter:data1\" content=\"2 minuti\" \/>\n<script type=\"application\/ld+json\" class=\"yoast-schema-graph\">{\"@context\":\"https:\\\/\\\/schema.org\",\"@graph\":[{\"@type\":\"WebPage\",\"@id\":\"https:\\\/\\\/litrax.ch\\\/it\\\/area-affiliati\\\/\",\"url\":\"https:\\\/\\\/litrax.ch\\\/it\\\/area-affiliati\\\/\",\"name\":\"Commissioni - Programma di affiliazione e rivenditori Litrax Hydroponics\",\"isPartOf\":{\"@id\":\"https:\\\/\\\/litrax.ch\\\/it\\\/#website\"},\"primaryImageOfPage\":{\"@id\":\"https:\\\/\\\/litrax.ch\\\/it\\\/area-affiliati\\\/#primaryimage\"},\"image\":{\"@id\":\"https:\\\/\\\/litrax.ch\\\/it\\\/area-affiliati\\\/#primaryimage\"},\"thumbnailUrl\":\"https:\\\/\\\/litrax.ch\\\/wp-content\\\/uploads\\\/elementor\\\/thumbs\\\/IMG_20250724_161525-scaled-e1760548191224-rd948r2os9fd1wtt258la7wgcws2iiia8u6aqlxuh0.jpg\",\"datePublished\":\"2024-05-03T13:49:08+00:00\",\"dateModified\":\"2025-12-01T20:37:31+00:00\",\"description\":\"Entra a far parte del nostro programma di vendita al dettaglio e di affiliazione e guadagna interessanti commissioni: basta iniziare e guadagnare!\",\"breadcrumb\":{\"@id\":\"https:\\\/\\\/litrax.ch\\\/it\\\/area-affiliati\\\/#breadcrumb\"},\"inLanguage\":\"it-IT\",\"potentialAction\":[{\"@type\":\"ReadAction\",\"target\":[\"https:\\\/\\\/litrax.ch\\\/it\\\/area-affiliati\\\/\"]}]},{\"@type\":\"ImageObject\",\"inLanguage\":\"it-IT\",\"@id\":\"https:\\\/\\\/litrax.ch\\\/it\\\/area-affiliati\\\/#primaryimage\",\"url\":\"https:\\\/\\\/litrax.ch\\\/wp-content\\\/uploads\\\/elementor\\\/thumbs\\\/IMG_20250724_161525-scaled-e1760548191224-rd948r2os9fd1wtt258la7wgcws2iiia8u6aqlxuh0.jpg\",\"contentUrl\":\"https:\\\/\\\/litrax.ch\\\/wp-content\\\/uploads\\\/elementor\\\/thumbs\\\/IMG_20250724_161525-scaled-e1760548191224-rd948r2os9fd1wtt258la7wgcws2iiia8u6aqlxuh0.jpg\"},{\"@type\":\"BreadcrumbList\",\"@id\":\"https:\\\/\\\/litrax.ch\\\/it\\\/area-affiliati\\\/#breadcrumb\",\"itemListElement\":[{\"@type\":\"ListItem\",\"position\":1,\"name\":\"Startseite\",\"item\":\"https:\\\/\\\/litrax.ch\\\/it\\\/casa\\\/\"},{\"@type\":\"ListItem\",\"position\":2,\"name\":\"Area partner\"}]},{\"@type\":\"WebSite\",\"@id\":\"https:\\\/\\\/litrax.ch\\\/it\\\/#website\",\"url\":\"https:\\\/\\\/litrax.ch\\\/it\\\/\",\"name\":\"Litrax - Hydroponische Systeme\",\"description\":\"Erlebe Hydroponik - der erdlose Gartengenuss.\",\"publisher\":{\"@id\":\"https:\\\/\\\/litrax.ch\\\/it\\\/#organization\"},\"alternateName\":\"Litrax\",\"potentialAction\":[{\"@type\":\"SearchAction\",\"target\":{\"@type\":\"EntryPoint\",\"urlTemplate\":\"https:\\\/\\\/litrax.ch\\\/it\\\/?s={search_term_string}\"},\"query-input\":{\"@type\":\"PropertyValueSpecification\",\"valueRequired\":true,\"valueName\":\"search_term_string\"}}],\"inLanguage\":\"it-IT\"},{\"@type\":\"Organization\",\"@id\":\"https:\\\/\\\/litrax.ch\\\/it\\\/#organization\",\"name\":\"Litrax - Hydroponische Systeme\",\"alternateName\":\"Litrax\",\"url\":\"https:\\\/\\\/litrax.ch\\\/it\\\/\",\"logo\":{\"@type\":\"ImageObject\",\"inLanguage\":\"it-IT\",\"@id\":\"https:\\\/\\\/litrax.ch\\\/it\\\/#\\\/schema\\\/logo\\\/image\\\/\",\"url\":\"https:\\\/\\\/litrax.ch\\\/wp-content\\\/uploads\\\/2024\\\/03\\\/facivon.png\",\"contentUrl\":\"https:\\\/\\\/litrax.ch\\\/wp-content\\\/uploads\\\/2024\\\/03\\\/facivon.png\",\"width\":150,\"height\":150,\"caption\":\"Litrax - Hydroponische Systeme\"},\"image\":{\"@id\":\"https:\\\/\\\/litrax.ch\\\/it\\\/#\\\/schema\\\/logo\\\/image\\\/\"},\"sameAs\":[\"https:\\\/\\\/www.facebook.com\\\/Litrax.ch\",\"https:\\\/\\\/www.instagram.com\\\/litrax.ch\\\/\",\"https:\\\/\\\/www.tiktok.com\\\/@litrax.ch\"],\"description\":\"Willkommen bei Litrax \u2013 Ihrem f\u00fchrenden Online-Shop f\u00fcr hochwertige hydroponische Gartensysteme! Wir bieten eine breite Palette an L\u00f6sungen f\u00fcr Privatpersonen, Restaurants und industrielle Gro\u00dfsysteme, um Ihnen zu helfen, Ihre eigene gr\u00fcne Oase zu schaffen, unabh\u00e4ngig von Ihrem Bedarf oder Ihrer Gr\u00f6\u00dfe. F\u00fcr Haushalte\\\/B\u00fcros: Entdecken Sie die Freude am G\u00e4rtnern in Ihrem eigenen Zuhause mit unseren einfach zu bedienenden hydroponischen Gartensystemen. Egal, ob Sie auf einem Balkon, einer Terrasse oder in Ihrem Wohnzimmer g\u00e4rtnern m\u00f6chten \u2013 wir haben das passende System f\u00fcr Sie. Genie\u00dfen Sie frisches Gem\u00fcse, aromatische Kr\u00e4uter und farbenfrohe Blumen das ganze Jahr \u00fcber, direkt aus Ihrem hydroponischen Garten. F\u00fcr Restaurants: Steigern Sie die Qualit\u00e4t Ihrer Gerichte und beeindrucken Sie Ihre G\u00e4ste mit frischen, geschmacksintensiven Zutaten aus unserem Sortiment an hydroponischen Gartensystemen f\u00fcr den gastronomischen Bereich. Unsere Systeme sind platzsparend, effizient und einfach zu bedienen, so dass Sie Ihre eigenen Zutaten direkt in Ihrer K\u00fcche anbauen k\u00f6nnen. Erleben Sie die Freude an nachhaltigem G\u00e4rtnern und lassen Sie Ihre kulinarischen Kreationen erstrahlen. Industrielle Gro\u00dfsysteme: Optimieren Sie Ihre landwirtschaftliche Produktion mit unseren ma\u00dfgeschneiderten hydroponischen Gro\u00dfsystemen. Von vertikalen Farmen bis hin zu automatisierten Anlagen bieten wir skalierbare L\u00f6sungen f\u00fcr maximale Effizienz und Produktivit\u00e4t. Nutzen Sie die Vorteile der hydroponischen Landwirtschaft, um Ihre Ernteertr\u00e4ge zu steigern, Platz zu sparen und Ressourcen zu optimieren. Erfahren Sie, wie unsere Systeme die Zukunft der industriellen Landwirtschaft gestalten k\u00f6nnen. Bei Litrax legen wir Wert auf Qualit\u00e4t und Kundenzufriedenheit. Unsere Produkte sind sorgf\u00e4ltig ausgew\u00e4hlt, um Ihnen die besten Ergebnisse zu garantieren, und wir bieten sie zu g\u00fcnstigen Preisen an. Dank unseres eigenen Lagers in der Schweiz k\u00f6nnen wir Ihnen eine schnelle Lieferung am n\u00e4chsten Tag garantieren.\",\"legalName\":\"Resyx GmbH\",\"foundingDate\":\"2022-12-22\",\"numberOfEmployees\":{\"@type\":\"QuantitativeValue\",\"minValue\":\"1\",\"maxValue\":\"10\"}}]}<\/script>\n<!-- \/ Yoast SEO Premium plugin. -->","yoast_head_json":{"title":"Commissioni - Programma di affiliazione e rivenditori Litrax Hydroponics","description":"Entra a far parte del nostro programma di vendita al dettaglio e di affiliazione e guadagna interessanti commissioni: basta iniziare e guadagnare!","robots":{"index":"index","follow":"follow","max-snippet":"max-snippet:-1","max-image-preview":"max-image-preview:large","max-video-preview":"max-video-preview:-1"},"canonical":"https:\/\/litrax.ch\/it\/area-affiliati\/","og_locale":"it_IT","og_type":"article","og_title":"Area partner","og_description":"Entra a far parte del nostro programma di vendita al dettaglio e di affiliazione e guadagna interessanti commissioni: basta iniziare e guadagnare!","og_url":"https:\/\/litrax.ch\/it\/area-affiliati\/","og_site_name":"Litrax - Hydroponische Systeme","article_publisher":"https:\/\/www.facebook.com\/Litrax.ch","article_modified_time":"2025-12-01T20:37:31+00:00","og_image":[{"url":"https:\/\/litrax.ch\/wp-content\/uploads\/elementor\/thumbs\/IMG_20250724_161525-scaled-e1760548191224-rd948r2os9fd1wtt258la7wgcws2iiia8u6aqlxuh0.jpg","type":"","width":"","height":""}],"twitter_card":"summary_large_image","twitter_misc":{"Tempo di lettura stimato":"2 minuti"},"schema":{"@context":"https:\/\/schema.org","@graph":[{"@type":"WebPage","@id":"https:\/\/litrax.ch\/it\/area-affiliati\/","url":"https:\/\/litrax.ch\/it\/area-affiliati\/","name":"Commissioni - Programma di affiliazione e rivenditori Litrax Hydroponics","isPartOf":{"@id":"https:\/\/litrax.ch\/it\/#website"},"primaryImageOfPage":{"@id":"https:\/\/litrax.ch\/it\/area-affiliati\/#primaryimage"},"image":{"@id":"https:\/\/litrax.ch\/it\/area-affiliati\/#primaryimage"},"thumbnailUrl":"https:\/\/litrax.ch\/wp-content\/uploads\/elementor\/thumbs\/IMG_20250724_161525-scaled-e1760548191224-rd948r2os9fd1wtt258la7wgcws2iiia8u6aqlxuh0.jpg","datePublished":"2024-05-03T13:49:08+00:00","dateModified":"2025-12-01T20:37:31+00:00","description":"Entra a far parte del nostro programma di vendita al dettaglio e di affiliazione e guadagna interessanti commissioni: basta iniziare e guadagnare!","breadcrumb":{"@id":"https:\/\/litrax.ch\/it\/area-affiliati\/#breadcrumb"},"inLanguage":"it-IT","potentialAction":[{"@type":"ReadAction","target":["https:\/\/litrax.ch\/it\/area-affiliati\/"]}]},{"@type":"ImageObject","inLanguage":"it-IT","@id":"https:\/\/litrax.ch\/it\/area-affiliati\/#primaryimage","url":"https:\/\/litrax.ch\/wp-content\/uploads\/elementor\/thumbs\/IMG_20250724_161525-scaled-e1760548191224-rd948r2os9fd1wtt258la7wgcws2iiia8u6aqlxuh0.jpg","contentUrl":"https:\/\/litrax.ch\/wp-content\/uploads\/elementor\/thumbs\/IMG_20250724_161525-scaled-e1760548191224-rd948r2os9fd1wtt258la7wgcws2iiia8u6aqlxuh0.jpg"},{"@type":"BreadcrumbList","@id":"https:\/\/litrax.ch\/it\/area-affiliati\/#breadcrumb","itemListElement":[{"@type":"ListItem","position":1,"name":"Startseite","item":"https:\/\/litrax.ch\/it\/casa\/"},{"@type":"ListItem","position":2,"name":"Area partner"}]},{"@type":"WebSite","@id":"https:\/\/litrax.ch\/it\/#website","url":"https:\/\/litrax.ch\/it\/","name":"Litrax - Hydroponische Systeme","description":"Erlebe Hydroponik - der erdlose Gartengenuss.","publisher":{"@id":"https:\/\/litrax.ch\/it\/#organization"},"alternateName":"Litrax","potentialAction":[{"@type":"SearchAction","target":{"@type":"EntryPoint","urlTemplate":"https:\/\/litrax.ch\/it\/?s={search_term_string}"},"query-input":{"@type":"PropertyValueSpecification","valueRequired":true,"valueName":"search_term_string"}}],"inLanguage":"it-IT"},{"@type":"Organization","@id":"https:\/\/litrax.ch\/it\/#organization","name":"Litrax - Hydroponische Systeme","alternateName":"Litrax","url":"https:\/\/litrax.ch\/it\/","logo":{"@type":"ImageObject","inLanguage":"it-IT","@id":"https:\/\/litrax.ch\/it\/#\/schema\/logo\/image\/","url":"https:\/\/litrax.ch\/wp-content\/uploads\/2024\/03\/facivon.png","contentUrl":"https:\/\/litrax.ch\/wp-content\/uploads\/2024\/03\/facivon.png","width":150,"height":150,"caption":"Litrax - Hydroponische Systeme"},"image":{"@id":"https:\/\/litrax.ch\/it\/#\/schema\/logo\/image\/"},"sameAs":["https:\/\/www.facebook.com\/Litrax.ch","https:\/\/www.instagram.com\/litrax.ch\/","https:\/\/www.tiktok.com\/@litrax.ch"],"description":"Willkommen bei Litrax \u2013 Ihrem f\u00fchrenden Online-Shop f\u00fcr hochwertige hydroponische Gartensysteme! Wir bieten eine breite Palette an L\u00f6sungen f\u00fcr Privatpersonen, Restaurants und industrielle Gro\u00dfsysteme, um Ihnen zu helfen, Ihre eigene gr\u00fcne Oase zu schaffen, unabh\u00e4ngig von Ihrem Bedarf oder Ihrer Gr\u00f6\u00dfe. F\u00fcr Haushalte\/B\u00fcros: Entdecken Sie die Freude am G\u00e4rtnern in Ihrem eigenen Zuhause mit unseren einfach zu bedienenden hydroponischen Gartensystemen. Egal, ob Sie auf einem Balkon, einer Terrasse oder in Ihrem Wohnzimmer g\u00e4rtnern m\u00f6chten \u2013 wir haben das passende System f\u00fcr Sie. Genie\u00dfen Sie frisches Gem\u00fcse, aromatische Kr\u00e4uter und farbenfrohe Blumen das ganze Jahr \u00fcber, direkt aus Ihrem hydroponischen Garten. F\u00fcr Restaurants: Steigern Sie die Qualit\u00e4t Ihrer Gerichte und beeindrucken Sie Ihre G\u00e4ste mit frischen, geschmacksintensiven Zutaten aus unserem Sortiment an hydroponischen Gartensystemen f\u00fcr den gastronomischen Bereich. Unsere Systeme sind platzsparend, effizient und einfach zu bedienen, so dass Sie Ihre eigenen Zutaten direkt in Ihrer K\u00fcche anbauen k\u00f6nnen. Erleben Sie die Freude an nachhaltigem G\u00e4rtnern und lassen Sie Ihre kulinarischen Kreationen erstrahlen. Industrielle Gro\u00dfsysteme: Optimieren Sie Ihre landwirtschaftliche Produktion mit unseren ma\u00dfgeschneiderten hydroponischen Gro\u00dfsystemen. Von vertikalen Farmen bis hin zu automatisierten Anlagen bieten wir skalierbare L\u00f6sungen f\u00fcr maximale Effizienz und Produktivit\u00e4t. Nutzen Sie die Vorteile der hydroponischen Landwirtschaft, um Ihre Ernteertr\u00e4ge zu steigern, Platz zu sparen und Ressourcen zu optimieren. Erfahren Sie, wie unsere Systeme die Zukunft der industriellen Landwirtschaft gestalten k\u00f6nnen. Bei Litrax legen wir Wert auf Qualit\u00e4t und Kundenzufriedenheit. Unsere Produkte sind sorgf\u00e4ltig ausgew\u00e4hlt, um Ihnen die besten Ergebnisse zu garantieren, und wir bieten sie zu g\u00fcnstigen Preisen an. Dank unseres eigenen Lagers in der Schweiz k\u00f6nnen wir Ihnen eine schnelle Lieferung am n\u00e4chsten Tag garantieren.","legalName":"Resyx GmbH","foundingDate":"2022-12-22","numberOfEmployees":{"@type":"QuantitativeValue","minValue":"1","maxValue":"10"}}]}},"_links":{"self":[{"href":"https:\/\/litrax.ch\/it\/wp-json\/wp\/v2\/pages\/20746","targetHints":{"allow":["GET"]}}],"collection":[{"href":"https:\/\/litrax.ch\/it\/wp-json\/wp\/v2\/pages"}],"about":[{"href":"https:\/\/litrax.ch\/it\/wp-json\/wp\/v2\/types\/page"}],"author":[{"embeddable":true,"href":"https:\/\/litrax.ch\/it\/wp-json\/wp\/v2\/users\/1"}],"replies":[{"embeddable":true,"href":"https:\/\/litrax.ch\/it\/wp-json\/wp\/v2\/comments?post=20746"}],"version-history":[{"count":0,"href":"https:\/\/litrax.ch\/it\/wp-json\/wp\/v2\/pages\/20746\/revisions"}],"wp:attachment":[{"href":"https:\/\/litrax.ch\/it\/wp-json\/wp\/v2\/media?parent=20746"}],"curies":[{"name":"wp","href":"https:\/\/api.w.org\/{rel}","templated":true}]}}