{"id":18394,"date":"2023-12-20T07:58:44","date_gmt":"2023-12-20T07:58:44","guid":{"rendered":"https:\/\/litrax.ch\/shop\/alice-buerogarten\/"},"modified":"2026-04-07T11:39:10","modified_gmt":"2026-04-07T11:39:10","slug":"alice-buerogarten","status":"publish","type":"product","link":"https:\/\/litrax.ch\/it\/shop\/alice-buerogarten\/","title":{"rendered":"ALICE Giardino smart 8"},"content":{"rendered":"<h2>Caratteristiche speciali:<\/h2>\n<ul>\n<li>Coltivazione idroponica per una crescita ottimale delle piante<\/li>\n<li>Pompa dell&#8217;acqua per circuiti idrici efficienti nel sistema<\/li>\n<li>Luci LED per la coltivazione di piante con tecnologia a spettro completo per crescere tutto l&#8217;anno<\/li>\n<li>Posizione della lampada regolabile per soddisfare le esigenze specifiche di piante diverse<\/li>\n<li>Funzione di accensione e spegnimento automatico dei LED per un uso efficiente dell&#8217;energia<\/li>\n<li>Serbatoio dell&#8217;acqua con funzione di autodistribuzione per un&#8217;irrigazione senza fatica<\/li>\n<li>Indicatore del livello dell&#8217;acqua per facilitare il monitoraggio e la manutenzione<\/li>\n<li>Facile ingresso dell&#8217;acqua per un comodo rifornimento e manutenzione<\/li>\n<li>Baccelli per piante per un posizionamento organizzato ed efficiente delle piante<\/li>\n<li>Lo sviluppo sano delle radici delle piante \u00e8 favorito da una circolazione ottimale dell&#8217;ossigeno.<\/li>\n<\/ul>\n<p>Trasforma la tua casa in un&#8217;oasi rigogliosa con il nostro sistema di giardinaggio idroponico indoor all&#8217;avanguardia. Questo intelligente sistema 2-in-1 \u00e8 perfetto per le applicazioni tradizionali in terra e per quelle idroponiche senza terra. Dotato di un&#8217;avanzata tecnologia di illuminazione a LED, garantisce la crescita delle tue piante preferite per tutto l&#8217;anno.  <\/p>\n<p>Immergiti in un mondo di giardinaggio intelligente con il nostro pannello touch intelligente.<br \/>\nScegli tra due modalit\u00e0 di coltivazione appositamente sviluppate per ortaggi e frutta e crea le condizioni ottimali per erbe e fiori. Il nostro innovativo sistema \u00e8 dotato di un timer di accensione e spegnimento automatico che assicura alle tue piante la luce perfetta ogni giorno. <\/p>\n<p>D\u00ec addio ai fastidiosi problemi di irrigazione grazie alla pompa dell&#8217;acqua integrata e al serbatoio di autodistribuzione. Goditi la comodit\u00e0 di una circolazione ottimale dell&#8217;ossigeno e d\u00ec addio all&#8217;acqua stagnante e al marciume delle radici. Il sistema idroponico da giardino indoor \u00e8 dotato anche di un ventilatore incorporato per una leggera brezza che favorisce l&#8217;impollinazione naturale e migliora la crescita delle tue piante.  <\/p>\n<p>Trasforma il tuo spazio vitale in un&#8217;oasi fiorita dove l&#8217;innovazione incontra la natura. Valorizza la tua casa con questa elegante ed efficiente soluzione di design per giardini che non solo \u00e8 bella da vedere, ma offre risultati eccezionali. Scatena un mondo di possibilit\u00e0 con il futuro del giardinaggio indoor: coltiva in modo pi\u00f9 intelligente, senza sforzo e vivi la rivoluzione verde con il nostro sistema di giardinaggio indoor idroponico.  <\/p>\n<div class=\"video-container responsive-embed widescreen\"><iframe title=\"LITRAX LX223 Instruction\" width=\"900\" height=\"506\" src=\"https:\/\/www.youtube.com\/embed\/hfNWny81xlI?feature=oembed\" frameborder=\"0\" allow=\"accelerometer; autoplay; clipboard-write; encrypted-media; gyroscope; picture-in-picture; web-share\" allowfullscreen><\/iframe><\/div>\n<p>&nbsp;<\/p>\n","protected":false},"excerpt":{"rendered":"<p>Caratteristiche speciali: Coltivazione idroponica per una crescita ottimale delle piante Pompa dell&#8217;acqua per circuiti idrici efficienti nel sistema Luci LED per la coltivazione di piante con tecnologia a spettro completo per crescere tutto l&#8217;anno Posizione della lampada regolabile per soddisfare le esigenze specifiche di piante diverse Funzione di accensione e spegnimento automatico dei LED per [&hellip;]<\/p>\n","protected":false},"featured_media":17824,"comment_status":"open","ping_status":"closed","template":"","meta":[],"product_brand":[],"product_cat":[125],"product_tag":[755],"class_list":{"0":"post-18394","1":"product","2":"type-product","3":"status-publish","4":"has-post-thumbnail","6":"product_cat-idroponica","7":"product_tag-indoor-it-2","9":"first","10":"instock","11":"sale","12":"taxable","13":"shipping-taxable","14":"purchasable","15":"product-type-variable","16":"has-default-attributes"},"yoast_head":"<!-- This site is optimized with the Yoast SEO Premium plugin v26.7 (Yoast SEO v27.4) - https:\/\/yoast.com\/product\/yoast-seo-premium-wordpress\/ -->\n<title>ALICE Giardino smart 8 - Litrax - Hydroponische Systeme<\/title>\n<meta name=\"description\" content=\"ALICE Giardino smart 8 - Luci LED per la crescita delle piante con tecnologia a spettro completo per freschezza tutto l&#039;anno e crescita ottimale.\" \/>\n<meta name=\"robots\" content=\"index, follow, max-snippet:-1, max-image-preview:large, max-video-preview:-1\" \/>\n<link rel=\"canonical\" href=\"https:\/\/litrax.ch\/it\/shop\/alice-buerogarten\/\" \/>\n<meta property=\"og:locale\" content=\"it_IT\" \/>\n<meta property=\"og:type\" content=\"article\" \/>\n<meta property=\"og:title\" content=\"ALICE Giardino smart 8\" \/>\n<meta property=\"og:description\" content=\"ALICE Giardino smart 8 - Luci LED per la crescita delle piante con tecnologia a spettro completo per freschezza tutto l&#039;anno e crescita ottimale.\" \/>\n<meta property=\"og:url\" content=\"https:\/\/litrax.ch\/it\/shop\/alice-buerogarten\/\" \/>\n<meta property=\"og:site_name\" content=\"Litrax - Hydroponische Systeme\" \/>\n<meta property=\"article:publisher\" content=\"https:\/\/www.facebook.com\/Litrax.ch\" \/>\n<meta property=\"article:modified_time\" content=\"2026-04-07T11:39:10+00:00\" \/>\n<meta property=\"og:image\" content=\"https:\/\/litrax.ch\/wp-content\/uploads\/2023\/12\/LX223_Trans.png\" \/>\n\t<meta property=\"og:image:width\" content=\"1000\" \/>\n\t<meta property=\"og:image:height\" content=\"667\" \/>\n\t<meta property=\"og:image:type\" content=\"image\/png\" \/>\n<meta name=\"twitter:card\" content=\"summary_large_image\" \/>\n<meta name=\"twitter:label1\" content=\"Disponibilit\u00e0\" \/>\n\t<meta name=\"twitter:data1\" content=\"In stock\" \/>\n<script type=\"application\/ld+json\" class=\"yoast-schema-graph\">{\"@context\":\"https:\\\/\\\/schema.org\",\"@graph\":[{\"@type\":\"WebPage\",\"@id\":\"https:\\\/\\\/litrax.ch\\\/it\\\/shop\\\/alice-buerogarten\\\/\",\"url\":\"https:\\\/\\\/litrax.ch\\\/it\\\/shop\\\/alice-buerogarten\\\/\",\"name\":\"ALICE Giardino smart 8 - Litrax - Hydroponische Systeme\",\"isPartOf\":{\"@id\":\"https:\\\/\\\/litrax.ch\\\/it\\\/#website\"},\"primaryImageOfPage\":{\"@id\":\"https:\\\/\\\/litrax.ch\\\/it\\\/shop\\\/alice-buerogarten\\\/#primaryimage\"},\"image\":{\"@id\":\"https:\\\/\\\/litrax.ch\\\/it\\\/shop\\\/alice-buerogarten\\\/#primaryimage\"},\"thumbnailUrl\":\"https:\\\/\\\/litrax.ch\\\/wp-content\\\/uploads\\\/2023\\\/12\\\/LX223_Trans.png\",\"datePublished\":\"2023-12-20T07:58:44+00:00\",\"dateModified\":\"2026-04-07T11:39:10+00:00\",\"description\":\"ALICE Giardino smart 8 - Luci LED per la crescita delle piante con tecnologia a spettro completo per freschezza tutto l'anno e crescita ottimale.\",\"breadcrumb\":{\"@id\":\"https:\\\/\\\/litrax.ch\\\/it\\\/shop\\\/alice-buerogarten\\\/#breadcrumb\"},\"inLanguage\":\"it-IT\",\"potentialAction\":[{\"@type\":\"ReadAction\",\"target\":[\"https:\\\/\\\/litrax.ch\\\/it\\\/shop\\\/alice-buerogarten\\\/\"]}]},{\"@type\":\"ImageObject\",\"inLanguage\":\"it-IT\",\"@id\":\"https:\\\/\\\/litrax.ch\\\/it\\\/shop\\\/alice-buerogarten\\\/#primaryimage\",\"url\":\"https:\\\/\\\/litrax.ch\\\/wp-content\\\/uploads\\\/2023\\\/12\\\/LX223_Trans.png\",\"contentUrl\":\"https:\\\/\\\/litrax.ch\\\/wp-content\\\/uploads\\\/2023\\\/12\\\/LX223_Trans.png\",\"width\":1000,\"height\":667},{\"@type\":\"BreadcrumbList\",\"@id\":\"https:\\\/\\\/litrax.ch\\\/it\\\/shop\\\/alice-buerogarten\\\/#breadcrumb\",\"itemListElement\":[{\"@type\":\"ListItem\",\"position\":1,\"name\":\"Startseite\",\"item\":\"https:\\\/\\\/litrax.ch\\\/it\\\/casa\\\/\"},{\"@type\":\"ListItem\",\"position\":2,\"name\":\"Negozio\",\"item\":\"https:\\\/\\\/litrax.ch\\\/it\\\/negozio\\\/\"},{\"@type\":\"ListItem\",\"position\":3,\"name\":\"ALICE Giardino smart 8\"}]},{\"@type\":\"WebSite\",\"@id\":\"https:\\\/\\\/litrax.ch\\\/it\\\/#website\",\"url\":\"https:\\\/\\\/litrax.ch\\\/it\\\/\",\"name\":\"Litrax - Hydroponische Systeme\",\"description\":\"Erlebe Hydroponik - der erdlose Gartengenuss.\",\"publisher\":{\"@id\":\"https:\\\/\\\/litrax.ch\\\/it\\\/#organization\"},\"alternateName\":\"Litrax\",\"potentialAction\":[{\"@type\":\"SearchAction\",\"target\":{\"@type\":\"EntryPoint\",\"urlTemplate\":\"https:\\\/\\\/litrax.ch\\\/it\\\/?s={search_term_string}\"},\"query-input\":{\"@type\":\"PropertyValueSpecification\",\"valueRequired\":true,\"valueName\":\"search_term_string\"}}],\"inLanguage\":\"it-IT\"},{\"@type\":\"Organization\",\"@id\":\"https:\\\/\\\/litrax.ch\\\/it\\\/#organization\",\"name\":\"Litrax - Hydroponische Systeme\",\"alternateName\":\"Litrax\",\"url\":\"https:\\\/\\\/litrax.ch\\\/it\\\/\",\"logo\":{\"@type\":\"ImageObject\",\"inLanguage\":\"it-IT\",\"@id\":\"https:\\\/\\\/litrax.ch\\\/it\\\/#\\\/schema\\\/logo\\\/image\\\/\",\"url\":\"https:\\\/\\\/litrax.ch\\\/wp-content\\\/uploads\\\/2024\\\/03\\\/facivon.png\",\"contentUrl\":\"https:\\\/\\\/litrax.ch\\\/wp-content\\\/uploads\\\/2024\\\/03\\\/facivon.png\",\"width\":150,\"height\":150,\"caption\":\"Litrax - Hydroponische Systeme\"},\"image\":{\"@id\":\"https:\\\/\\\/litrax.ch\\\/it\\\/#\\\/schema\\\/logo\\\/image\\\/\"},\"sameAs\":[\"https:\\\/\\\/www.facebook.com\\\/Litrax.ch\",\"https:\\\/\\\/www.instagram.com\\\/litrax.ch\\\/\",\"https:\\\/\\\/www.tiktok.com\\\/@litrax.ch\"],\"description\":\"Willkommen bei Litrax \u2013 Ihrem f\u00fchrenden Online-Shop f\u00fcr hochwertige hydroponische Gartensysteme! Wir bieten eine breite Palette an L\u00f6sungen f\u00fcr Privatpersonen, Restaurants und industrielle Gro\u00dfsysteme, um Ihnen zu helfen, Ihre eigene gr\u00fcne Oase zu schaffen, unabh\u00e4ngig von Ihrem Bedarf oder Ihrer Gr\u00f6\u00dfe. F\u00fcr Haushalte\\\/B\u00fcros: Entdecken Sie die Freude am G\u00e4rtnern in Ihrem eigenen Zuhause mit unseren einfach zu bedienenden hydroponischen Gartensystemen. Egal, ob Sie auf einem Balkon, einer Terrasse oder in Ihrem Wohnzimmer g\u00e4rtnern m\u00f6chten \u2013 wir haben das passende System f\u00fcr Sie. Genie\u00dfen Sie frisches Gem\u00fcse, aromatische Kr\u00e4uter und farbenfrohe Blumen das ganze Jahr \u00fcber, direkt aus Ihrem hydroponischen Garten. F\u00fcr Restaurants: Steigern Sie die Qualit\u00e4t Ihrer Gerichte und beeindrucken Sie Ihre G\u00e4ste mit frischen, geschmacksintensiven Zutaten aus unserem Sortiment an hydroponischen Gartensystemen f\u00fcr den gastronomischen Bereich. Unsere Systeme sind platzsparend, effizient und einfach zu bedienen, so dass Sie Ihre eigenen Zutaten direkt in Ihrer K\u00fcche anbauen k\u00f6nnen. Erleben Sie die Freude an nachhaltigem G\u00e4rtnern und lassen Sie Ihre kulinarischen Kreationen erstrahlen. Industrielle Gro\u00dfsysteme: Optimieren Sie Ihre landwirtschaftliche Produktion mit unseren ma\u00dfgeschneiderten hydroponischen Gro\u00dfsystemen. Von vertikalen Farmen bis hin zu automatisierten Anlagen bieten wir skalierbare L\u00f6sungen f\u00fcr maximale Effizienz und Produktivit\u00e4t. Nutzen Sie die Vorteile der hydroponischen Landwirtschaft, um Ihre Ernteertr\u00e4ge zu steigern, Platz zu sparen und Ressourcen zu optimieren. Erfahren Sie, wie unsere Systeme die Zukunft der industriellen Landwirtschaft gestalten k\u00f6nnen. Bei Litrax legen wir Wert auf Qualit\u00e4t und Kundenzufriedenheit. Unsere Produkte sind sorgf\u00e4ltig ausgew\u00e4hlt, um Ihnen die besten Ergebnisse zu garantieren, und wir bieten sie zu g\u00fcnstigen Preisen an. Dank unseres eigenen Lagers in der Schweiz k\u00f6nnen wir Ihnen eine schnelle Lieferung am n\u00e4chsten Tag garantieren.\",\"legalName\":\"Resyx GmbH\",\"foundingDate\":\"2022-12-22\",\"numberOfEmployees\":{\"@type\":\"QuantitativeValue\",\"minValue\":\"1\",\"maxValue\":\"10\"}}]}<\/script>\n<meta property=\"og:availability\" content=\"instock\" \/>\n<meta property=\"product:availability\" content=\"instock\" \/>\n<meta property=\"product:retailer_item_id\" content=\"LX223\" \/>\n<meta property=\"product:condition\" content=\"new\" \/>\n<!-- \/ Yoast SEO Premium plugin. -->","yoast_head_json":{"title":"ALICE Giardino smart 8 - Litrax - Hydroponische Systeme","description":"ALICE Giardino smart 8 - Luci LED per la crescita delle piante con tecnologia a spettro completo per freschezza tutto l'anno e crescita ottimale.","robots":{"index":"index","follow":"follow","max-snippet":"max-snippet:-1","max-image-preview":"max-image-preview:large","max-video-preview":"max-video-preview:-1"},"canonical":"https:\/\/litrax.ch\/it\/shop\/alice-buerogarten\/","og_locale":"it_IT","og_type":"article","og_title":"ALICE Giardino smart 8","og_description":"ALICE Giardino smart 8 - Luci LED per la crescita delle piante con tecnologia a spettro completo per freschezza tutto l'anno e crescita ottimale.","og_url":"https:\/\/litrax.ch\/it\/shop\/alice-buerogarten\/","og_site_name":"Litrax - Hydroponische Systeme","article_publisher":"https:\/\/www.facebook.com\/Litrax.ch","article_modified_time":"2026-04-07T11:39:10+00:00","og_image":[{"width":1000,"height":667,"url":"https:\/\/litrax.ch\/wp-content\/uploads\/2023\/12\/LX223_Trans.png","type":"image\/png"}],"twitter_card":"summary_large_image","twitter_misc":{"Disponibilit\u00e0":"In stock"},"schema":{"@context":"https:\/\/schema.org","@graph":[{"@type":"WebPage","@id":"https:\/\/litrax.ch\/it\/shop\/alice-buerogarten\/","url":"https:\/\/litrax.ch\/it\/shop\/alice-buerogarten\/","name":"ALICE Giardino smart 8 - Litrax - Hydroponische Systeme","isPartOf":{"@id":"https:\/\/litrax.ch\/it\/#website"},"primaryImageOfPage":{"@id":"https:\/\/litrax.ch\/it\/shop\/alice-buerogarten\/#primaryimage"},"image":{"@id":"https:\/\/litrax.ch\/it\/shop\/alice-buerogarten\/#primaryimage"},"thumbnailUrl":"https:\/\/litrax.ch\/wp-content\/uploads\/2023\/12\/LX223_Trans.png","datePublished":"2023-12-20T07:58:44+00:00","dateModified":"2026-04-07T11:39:10+00:00","description":"ALICE Giardino smart 8 - Luci LED per la crescita delle piante con tecnologia a spettro completo per freschezza tutto l'anno e crescita ottimale.","breadcrumb":{"@id":"https:\/\/litrax.ch\/it\/shop\/alice-buerogarten\/#breadcrumb"},"inLanguage":"it-IT","potentialAction":[{"@type":"ReadAction","target":["https:\/\/litrax.ch\/it\/shop\/alice-buerogarten\/"]}]},{"@type":"ImageObject","inLanguage":"it-IT","@id":"https:\/\/litrax.ch\/it\/shop\/alice-buerogarten\/#primaryimage","url":"https:\/\/litrax.ch\/wp-content\/uploads\/2023\/12\/LX223_Trans.png","contentUrl":"https:\/\/litrax.ch\/wp-content\/uploads\/2023\/12\/LX223_Trans.png","width":1000,"height":667},{"@type":"BreadcrumbList","@id":"https:\/\/litrax.ch\/it\/shop\/alice-buerogarten\/#breadcrumb","itemListElement":[{"@type":"ListItem","position":1,"name":"Startseite","item":"https:\/\/litrax.ch\/it\/casa\/"},{"@type":"ListItem","position":2,"name":"Negozio","item":"https:\/\/litrax.ch\/it\/negozio\/"},{"@type":"ListItem","position":3,"name":"ALICE Giardino smart 8"}]},{"@type":"WebSite","@id":"https:\/\/litrax.ch\/it\/#website","url":"https:\/\/litrax.ch\/it\/","name":"Litrax - Hydroponische Systeme","description":"Erlebe Hydroponik - der erdlose Gartengenuss.","publisher":{"@id":"https:\/\/litrax.ch\/it\/#organization"},"alternateName":"Litrax","potentialAction":[{"@type":"SearchAction","target":{"@type":"EntryPoint","urlTemplate":"https:\/\/litrax.ch\/it\/?s={search_term_string}"},"query-input":{"@type":"PropertyValueSpecification","valueRequired":true,"valueName":"search_term_string"}}],"inLanguage":"it-IT"},{"@type":"Organization","@id":"https:\/\/litrax.ch\/it\/#organization","name":"Litrax - Hydroponische Systeme","alternateName":"Litrax","url":"https:\/\/litrax.ch\/it\/","logo":{"@type":"ImageObject","inLanguage":"it-IT","@id":"https:\/\/litrax.ch\/it\/#\/schema\/logo\/image\/","url":"https:\/\/litrax.ch\/wp-content\/uploads\/2024\/03\/facivon.png","contentUrl":"https:\/\/litrax.ch\/wp-content\/uploads\/2024\/03\/facivon.png","width":150,"height":150,"caption":"Litrax - Hydroponische Systeme"},"image":{"@id":"https:\/\/litrax.ch\/it\/#\/schema\/logo\/image\/"},"sameAs":["https:\/\/www.facebook.com\/Litrax.ch","https:\/\/www.instagram.com\/litrax.ch\/","https:\/\/www.tiktok.com\/@litrax.ch"],"description":"Willkommen bei Litrax \u2013 Ihrem f\u00fchrenden Online-Shop f\u00fcr hochwertige hydroponische Gartensysteme! Wir bieten eine breite Palette an L\u00f6sungen f\u00fcr Privatpersonen, Restaurants und industrielle Gro\u00dfsysteme, um Ihnen zu helfen, Ihre eigene gr\u00fcne Oase zu schaffen, unabh\u00e4ngig von Ihrem Bedarf oder Ihrer Gr\u00f6\u00dfe. F\u00fcr Haushalte\/B\u00fcros: Entdecken Sie die Freude am G\u00e4rtnern in Ihrem eigenen Zuhause mit unseren einfach zu bedienenden hydroponischen Gartensystemen. Egal, ob Sie auf einem Balkon, einer Terrasse oder in Ihrem Wohnzimmer g\u00e4rtnern m\u00f6chten \u2013 wir haben das passende System f\u00fcr Sie. Genie\u00dfen Sie frisches Gem\u00fcse, aromatische Kr\u00e4uter und farbenfrohe Blumen das ganze Jahr \u00fcber, direkt aus Ihrem hydroponischen Garten. F\u00fcr Restaurants: Steigern Sie die Qualit\u00e4t Ihrer Gerichte und beeindrucken Sie Ihre G\u00e4ste mit frischen, geschmacksintensiven Zutaten aus unserem Sortiment an hydroponischen Gartensystemen f\u00fcr den gastronomischen Bereich. Unsere Systeme sind platzsparend, effizient und einfach zu bedienen, so dass Sie Ihre eigenen Zutaten direkt in Ihrer K\u00fcche anbauen k\u00f6nnen. Erleben Sie die Freude an nachhaltigem G\u00e4rtnern und lassen Sie Ihre kulinarischen Kreationen erstrahlen. Industrielle Gro\u00dfsysteme: Optimieren Sie Ihre landwirtschaftliche Produktion mit unseren ma\u00dfgeschneiderten hydroponischen Gro\u00dfsystemen. Von vertikalen Farmen bis hin zu automatisierten Anlagen bieten wir skalierbare L\u00f6sungen f\u00fcr maximale Effizienz und Produktivit\u00e4t. Nutzen Sie die Vorteile der hydroponischen Landwirtschaft, um Ihre Ernteertr\u00e4ge zu steigern, Platz zu sparen und Ressourcen zu optimieren. Erfahren Sie, wie unsere Systeme die Zukunft der industriellen Landwirtschaft gestalten k\u00f6nnen. Bei Litrax legen wir Wert auf Qualit\u00e4t und Kundenzufriedenheit. Unsere Produkte sind sorgf\u00e4ltig ausgew\u00e4hlt, um Ihnen die besten Ergebnisse zu garantieren, und wir bieten sie zu g\u00fcnstigen Preisen an. Dank unseres eigenen Lagers in der Schweiz k\u00f6nnen wir Ihnen eine schnelle Lieferung am n\u00e4chsten Tag garantieren.","legalName":"Resyx GmbH","foundingDate":"2022-12-22","numberOfEmployees":{"@type":"QuantitativeValue","minValue":"1","maxValue":"10"}}]},"og_availability":"instock","product_availability":"instock","product_retailer_item_id":"LX223","product_condition":"new"},"_links":{"self":[{"href":"https:\/\/litrax.ch\/it\/wp-json\/wp\/v2\/product\/18394","targetHints":{"allow":["GET"]}}],"collection":[{"href":"https:\/\/litrax.ch\/it\/wp-json\/wp\/v2\/product"}],"about":[{"href":"https:\/\/litrax.ch\/it\/wp-json\/wp\/v2\/types\/product"}],"replies":[{"embeddable":true,"href":"https:\/\/litrax.ch\/it\/wp-json\/wp\/v2\/comments?post=18394"}],"wp:featuredmedia":[{"embeddable":true,"href":"https:\/\/litrax.ch\/it\/wp-json\/wp\/v2\/media\/17824"}],"wp:attachment":[{"href":"https:\/\/litrax.ch\/it\/wp-json\/wp\/v2\/media?parent=18394"}],"wp:term":[{"taxonomy":"product_brand","embeddable":true,"href":"https:\/\/litrax.ch\/it\/wp-json\/wp\/v2\/product_brand?post=18394"},{"taxonomy":"product_cat","embeddable":true,"href":"https:\/\/litrax.ch\/it\/wp-json\/wp\/v2\/product_cat?post=18394"},{"taxonomy":"product_tag","embeddable":true,"href":"https:\/\/litrax.ch\/it\/wp-json\/wp\/v2\/product_tag?post=18394"}],"curies":[{"name":"wp","href":"https:\/\/api.w.org\/{rel}","templated":true}]}}