{"id":18452,"date":"2024-01-11T08:43:30","date_gmt":"2024-01-11T08:43:30","guid":{"rendered":"https:\/\/litrax.ch\/shop\/giardino-indoor-sheila\/"},"modified":"2026-04-09T23:12:54","modified_gmt":"2026-04-09T23:12:54","slug":"giardino-indoor-sheila","status":"publish","type":"product","link":"https:\/\/litrax.ch\/it\/shop\/giardino-indoor-sheila\/","title":{"rendered":"SHEILA Giardino smart 17"},"content":{"rendered":"<h2 dir=\"auto\"><strong>SHEILA Smart Garden 17 <\/strong><\/h2>\n<p dir=\"auto\"><strong>17 piante contemporaneamente, senza alcuno sforzo<\/strong><\/p>\n<p dir=\"auto\">Immagina: erbe fresche, verdure croccanti, frutti succosi o fiori colorati \u2013 direttamente dal tuo soggiorno. E questo <strong>tutto l&#8217;anno<\/strong>. <\/p>\n<p dir=\"auto\">Il <strong>SHEILA Smart Garden 17<\/strong> lo rende possibile. Questo orto idroponico indoor intelligente \u00e8 leggero, compatto e facilissimo da usare. Con <strong>17 capsule<\/strong> coltivi contemporaneamente fino a 17 piante diverse. La lampada LED a basso consumo da 24 W offre alle tue piante la luce ideale \u2013 anche senza sole. Cos\u00ec crescono forti e sane. Inoltre, il controllo touch intelligente fa s\u00ec che tutto funzioni quasi da solo.     <\/p>\n<h3>I tuoi vantaggi \u2013 spiegati in modo semplice<\/h3>\n<p dir=\"auto\"><strong>1. Spazio per 17 piante contemporaneamente<\/strong> Goditi una vera variet\u00e0 a casa tua. SHEILA offre 17 capsule di coltivazione per erbe, verdure, frutta o fiori. Il pannello LED regolabile in altezza si adatta perfettamente a ogni fase di crescita. E poich\u00e9 l&#8217;orto pesa solo 3,22 kg, puoi posizionarlo dove preferisci \u2013 in cucina, in soggiorno o in ufficio.   <\/p>\n<p dir=\"auto\"><strong>2. Illuminazione LED intelligente da 24 W<\/strong> Il LED imita la luce solare naturale e fornisce esattamente la luce di cui le tue piante hanno bisogno. In questo modo crescono pi\u00f9 velocemente e pi\u00f9 forti. L&#8217;illuminazione \u00e8 efficiente dal punto di vista energetico e funziona automaticamente con un timer \u2013 24 ore su 24.  <\/p>\n<p dir=\"auto\"><strong>3. Controllo touch intelligente con 3 modalit\u00e0<\/strong> Tramite il chiaro display smart touch controlli tutto con un dito. Scegli tra le modalit\u00e0 per frutta, verdura o riposo. La tecnologia smart chip si adatta automaticamente. Cos\u00ec il tuo orto \u00e8 sempre impostato in modo ottimale.   <\/p>\n<p dir=\"auto\"><strong>4. Irrigazione automatica con serbatoio capiente<\/strong> Il serbatoio dell&#8217;acqua da 10 l con ricircolo alimenta uniformemente tutte le 17 piante. Dovrai rabboccare raramente. Inoltre, la protezione contro i blackout protegge le tue piante in caso di interruzioni di corrente. Per un giardinaggio in totale relax.   <\/p>\n<p dir=\"auto\"><strong>Perch\u00e9 SHEILA Smart Garden 17 \u00e8 cos\u00ec speciale<\/strong><\/p>\n<ul dir=\"auto\">\n<li>17 capsule per la massima scelta<\/li>\n<li>Solo 24 W \u2013 economico e potente<\/li>\n<li>Barra LED regolabile da 35 cm a 76 cm<\/li>\n<li>Serbatoio da 10 l per settimane di irrigazione<\/li>\n<li>Leggerissimo con soli 3,22 kg<\/li>\n<li>Comando touch intuitivo con 3 modalit\u00e0<\/li>\n<li>Ricircolo dell&#8217;acqua per un apporto ottimale di nutrienti<\/li>\n<\/ul>\n<p dir=\"auto\">SHEILA Smart Garden 17 \u00e8 l&#8217;ideale per chi desidera un raccolto fresco \u2013 senza stress e senza pollice verde. Compatto, moderno e sostenibile. <\/p>\n<p dir=\"auto\"><strong>Il tuo raccolto fresco ti aspetta.<\/strong> Porta subito a casa il tuo SHEILA Smart Garden 17 e goditi il sapore dell&#8217;estate \u2013 tutto l&#8217;anno!<\/p>\n<div class=\"video-container responsive-embed widescreen\"><iframe title=\"LITRAX LX216 Instruction\" width=\"900\" height=\"506\" src=\"https:\/\/www.youtube.com\/embed\/2p9vVtmUlDk?feature=oembed\" frameborder=\"0\" allow=\"accelerometer; autoplay; clipboard-write; encrypted-media; gyroscope; picture-in-picture; web-share\" allowfullscreen><\/iframe><\/div>\n<p>&nbsp;<\/p>\n","protected":false},"excerpt":{"rendered":"<p>SHEILA Smart Garden 17 17 piante contemporaneamente, senza alcuno sforzo Immagina: erbe fresche, verdure croccanti, frutti succosi o fiori colorati \u2013 direttamente dal tuo soggiorno. E questo tutto l&#8217;anno. Il SHEILA Smart Garden 17 lo rende possibile. Questo orto idroponico indoor intelligente \u00e8 leggero, compatto e facilissimo da usare. Con 17 capsule coltivi contemporaneamente fino [&hellip;]<\/p>\n","protected":false},"featured_media":17806,"comment_status":"open","ping_status":"closed","template":"","meta":[],"product_brand":[],"product_cat":[850,125],"product_tag":[755,794,399],"class_list":{"0":"post-18452","1":"product","2":"type-product","3":"status-publish","4":"has-post-thumbnail","6":"product_cat-automazione","7":"product_cat-idroponica","8":"product_tag-indoor-it-2","9":"product_tag-auto-irrigazione","10":"product_tag-gastronomia","12":"first","13":"instock","14":"taxable","15":"shipping-taxable","16":"purchasable","17":"product-type-simple"},"yoast_head":"<!-- This site is optimized with the Yoast SEO Premium plugin v26.7 (Yoast SEO v27.4) - https:\/\/yoast.com\/product\/yoast-seo-premium-wordpress\/ -->\n<title>SHEILA Giardino smart 17 - Litrax - Hydroponische Systeme<\/title>\n<meta name=\"description\" content=\"SHEILA Smart Garden 17 \u2013 il giardino idroponico intelligente con 17 capsule di coltivazione. Erbe fresche, verdure, frutta e fiori tutto l&#039;anno a casa. LED, serbatoio dell&#039;acqua, controllo touch e completamente automatico.\" \/>\n<meta name=\"robots\" content=\"index, follow, max-snippet:-1, max-image-preview:large, max-video-preview:-1\" \/>\n<link rel=\"canonical\" href=\"https:\/\/litrax.ch\/it\/shop\/giardino-indoor-sheila\/\" \/>\n<meta property=\"og:locale\" content=\"it_IT\" \/>\n<meta property=\"og:type\" content=\"article\" \/>\n<meta property=\"og:title\" content=\"SHEILA Giardino smart 17\" \/>\n<meta property=\"og:description\" content=\"SHEILA Smart Garden 17 \u2013 il giardino idroponico intelligente con 17 capsule di coltivazione. Erbe fresche, verdure, frutta e fiori tutto l&#039;anno a casa. LED, serbatoio dell&#039;acqua, controllo touch e completamente automatico.\" \/>\n<meta property=\"og:url\" content=\"https:\/\/litrax.ch\/it\/shop\/giardino-indoor-sheila\/\" \/>\n<meta property=\"og:site_name\" content=\"Litrax - Hydroponische Systeme\" \/>\n<meta property=\"article:publisher\" content=\"https:\/\/www.facebook.com\/Litrax.ch\" \/>\n<meta property=\"article:modified_time\" content=\"2026-04-09T23:12:54+00:00\" \/>\n<meta property=\"og:image\" content=\"https:\/\/litrax.ch\/wp-content\/uploads\/2024\/01\/LX216_Trans.png\" \/>\n\t<meta property=\"og:image:width\" content=\"1000\" \/>\n\t<meta property=\"og:image:height\" content=\"667\" \/>\n\t<meta property=\"og:image:type\" content=\"image\/png\" \/>\n<meta name=\"twitter:card\" content=\"summary_large_image\" \/>\n<meta name=\"twitter:label1\" content=\"Prezzo\" \/>\n\t<meta name=\"twitter:data1\" content=\"&#067;&#072;&#070;&nbsp;169.00\" \/>\n\t<meta name=\"twitter:label2\" content=\"Disponibilit\u00e0\" \/>\n\t<meta name=\"twitter:data2\" content=\"In stock\" \/>\n<script type=\"application\/ld+json\" class=\"yoast-schema-graph\">{\"@context\":\"https:\\\/\\\/schema.org\",\"@graph\":[{\"@type\":\"WebPage\",\"@id\":\"https:\\\/\\\/litrax.ch\\\/it\\\/shop\\\/giardino-indoor-sheila\\\/\",\"url\":\"https:\\\/\\\/litrax.ch\\\/it\\\/shop\\\/giardino-indoor-sheila\\\/\",\"name\":\"SHEILA Giardino smart 17 - Litrax - Hydroponische Systeme\",\"isPartOf\":{\"@id\":\"https:\\\/\\\/litrax.ch\\\/it\\\/#website\"},\"primaryImageOfPage\":{\"@id\":\"https:\\\/\\\/litrax.ch\\\/it\\\/shop\\\/giardino-indoor-sheila\\\/#primaryimage\"},\"image\":{\"@id\":\"https:\\\/\\\/litrax.ch\\\/it\\\/shop\\\/giardino-indoor-sheila\\\/#primaryimage\"},\"thumbnailUrl\":\"https:\\\/\\\/litrax.ch\\\/wp-content\\\/uploads\\\/2024\\\/01\\\/LX216_Trans.png\",\"datePublished\":\"2024-01-11T08:43:30+00:00\",\"dateModified\":\"2026-04-09T23:12:54+00:00\",\"description\":\"SHEILA Smart Garden 17 \u2013 il giardino idroponico intelligente con 17 capsule di coltivazione. Erbe fresche, verdure, frutta e fiori tutto l'anno a casa. LED, serbatoio dell'acqua, controllo touch e completamente automatico.\",\"breadcrumb\":{\"@id\":\"https:\\\/\\\/litrax.ch\\\/it\\\/shop\\\/giardino-indoor-sheila\\\/#breadcrumb\"},\"inLanguage\":\"it-IT\",\"potentialAction\":[{\"@type\":\"ReadAction\",\"target\":[\"https:\\\/\\\/litrax.ch\\\/it\\\/shop\\\/giardino-indoor-sheila\\\/\"]}]},{\"@type\":\"ImageObject\",\"inLanguage\":\"it-IT\",\"@id\":\"https:\\\/\\\/litrax.ch\\\/it\\\/shop\\\/giardino-indoor-sheila\\\/#primaryimage\",\"url\":\"https:\\\/\\\/litrax.ch\\\/wp-content\\\/uploads\\\/2024\\\/01\\\/LX216_Trans.png\",\"contentUrl\":\"https:\\\/\\\/litrax.ch\\\/wp-content\\\/uploads\\\/2024\\\/01\\\/LX216_Trans.png\",\"width\":1000,\"height\":667},{\"@type\":\"BreadcrumbList\",\"@id\":\"https:\\\/\\\/litrax.ch\\\/it\\\/shop\\\/giardino-indoor-sheila\\\/#breadcrumb\",\"itemListElement\":[{\"@type\":\"ListItem\",\"position\":1,\"name\":\"Startseite\",\"item\":\"https:\\\/\\\/litrax.ch\\\/it\\\/casa\\\/\"},{\"@type\":\"ListItem\",\"position\":2,\"name\":\"Negozio\",\"item\":\"https:\\\/\\\/litrax.ch\\\/it\\\/negozio\\\/\"},{\"@type\":\"ListItem\",\"position\":3,\"name\":\"SHEILA Giardino smart 17\"}]},{\"@type\":\"WebSite\",\"@id\":\"https:\\\/\\\/litrax.ch\\\/it\\\/#website\",\"url\":\"https:\\\/\\\/litrax.ch\\\/it\\\/\",\"name\":\"Litrax - Hydroponische Systeme\",\"description\":\"Erlebe Hydroponik - der erdlose Gartengenuss.\",\"publisher\":{\"@id\":\"https:\\\/\\\/litrax.ch\\\/it\\\/#organization\"},\"alternateName\":\"Litrax\",\"potentialAction\":[{\"@type\":\"SearchAction\",\"target\":{\"@type\":\"EntryPoint\",\"urlTemplate\":\"https:\\\/\\\/litrax.ch\\\/it\\\/?s={search_term_string}\"},\"query-input\":{\"@type\":\"PropertyValueSpecification\",\"valueRequired\":true,\"valueName\":\"search_term_string\"}}],\"inLanguage\":\"it-IT\"},{\"@type\":\"Organization\",\"@id\":\"https:\\\/\\\/litrax.ch\\\/it\\\/#organization\",\"name\":\"Litrax - Hydroponische Systeme\",\"alternateName\":\"Litrax\",\"url\":\"https:\\\/\\\/litrax.ch\\\/it\\\/\",\"logo\":{\"@type\":\"ImageObject\",\"inLanguage\":\"it-IT\",\"@id\":\"https:\\\/\\\/litrax.ch\\\/it\\\/#\\\/schema\\\/logo\\\/image\\\/\",\"url\":\"https:\\\/\\\/litrax.ch\\\/wp-content\\\/uploads\\\/2024\\\/03\\\/facivon.png\",\"contentUrl\":\"https:\\\/\\\/litrax.ch\\\/wp-content\\\/uploads\\\/2024\\\/03\\\/facivon.png\",\"width\":150,\"height\":150,\"caption\":\"Litrax - Hydroponische Systeme\"},\"image\":{\"@id\":\"https:\\\/\\\/litrax.ch\\\/it\\\/#\\\/schema\\\/logo\\\/image\\\/\"},\"sameAs\":[\"https:\\\/\\\/www.facebook.com\\\/Litrax.ch\",\"https:\\\/\\\/www.instagram.com\\\/litrax.ch\\\/\",\"https:\\\/\\\/www.tiktok.com\\\/@litrax.ch\"],\"description\":\"Willkommen bei Litrax \u2013 Ihrem f\u00fchrenden Online-Shop f\u00fcr hochwertige hydroponische Gartensysteme! Wir bieten eine breite Palette an L\u00f6sungen f\u00fcr Privatpersonen, Restaurants und industrielle Gro\u00dfsysteme, um Ihnen zu helfen, Ihre eigene gr\u00fcne Oase zu schaffen, unabh\u00e4ngig von Ihrem Bedarf oder Ihrer Gr\u00f6\u00dfe. F\u00fcr Haushalte\\\/B\u00fcros: Entdecken Sie die Freude am G\u00e4rtnern in Ihrem eigenen Zuhause mit unseren einfach zu bedienenden hydroponischen Gartensystemen. Egal, ob Sie auf einem Balkon, einer Terrasse oder in Ihrem Wohnzimmer g\u00e4rtnern m\u00f6chten \u2013 wir haben das passende System f\u00fcr Sie. Genie\u00dfen Sie frisches Gem\u00fcse, aromatische Kr\u00e4uter und farbenfrohe Blumen das ganze Jahr \u00fcber, direkt aus Ihrem hydroponischen Garten. F\u00fcr Restaurants: Steigern Sie die Qualit\u00e4t Ihrer Gerichte und beeindrucken Sie Ihre G\u00e4ste mit frischen, geschmacksintensiven Zutaten aus unserem Sortiment an hydroponischen Gartensystemen f\u00fcr den gastronomischen Bereich. Unsere Systeme sind platzsparend, effizient und einfach zu bedienen, so dass Sie Ihre eigenen Zutaten direkt in Ihrer K\u00fcche anbauen k\u00f6nnen. Erleben Sie die Freude an nachhaltigem G\u00e4rtnern und lassen Sie Ihre kulinarischen Kreationen erstrahlen. Industrielle Gro\u00dfsysteme: Optimieren Sie Ihre landwirtschaftliche Produktion mit unseren ma\u00dfgeschneiderten hydroponischen Gro\u00dfsystemen. Von vertikalen Farmen bis hin zu automatisierten Anlagen bieten wir skalierbare L\u00f6sungen f\u00fcr maximale Effizienz und Produktivit\u00e4t. Nutzen Sie die Vorteile der hydroponischen Landwirtschaft, um Ihre Ernteertr\u00e4ge zu steigern, Platz zu sparen und Ressourcen zu optimieren. Erfahren Sie, wie unsere Systeme die Zukunft der industriellen Landwirtschaft gestalten k\u00f6nnen. Bei Litrax legen wir Wert auf Qualit\u00e4t und Kundenzufriedenheit. Unsere Produkte sind sorgf\u00e4ltig ausgew\u00e4hlt, um Ihnen die besten Ergebnisse zu garantieren, und wir bieten sie zu g\u00fcnstigen Preisen an. Dank unseres eigenen Lagers in der Schweiz k\u00f6nnen wir Ihnen eine schnelle Lieferung am n\u00e4chsten Tag garantieren.\",\"legalName\":\"Resyx GmbH\",\"foundingDate\":\"2022-12-22\",\"numberOfEmployees\":{\"@type\":\"QuantitativeValue\",\"minValue\":\"1\",\"maxValue\":\"10\"}}]}<\/script>\n<meta property=\"product:price:amount\" content=\"169.00\" \/>\n<meta property=\"product:price:currency\" content=\"CHF\" \/>\n<meta property=\"og:availability\" content=\"instock\" \/>\n<meta property=\"product:availability\" content=\"instock\" \/>\n<meta property=\"product:retailer_item_id\" content=\"LX216\" \/>\n<meta property=\"product:condition\" content=\"new\" \/>\n<!-- \/ Yoast SEO Premium plugin. -->","yoast_head_json":{"title":"SHEILA Giardino smart 17 - Litrax - Hydroponische Systeme","description":"SHEILA Smart Garden 17 \u2013 il giardino idroponico intelligente con 17 capsule di coltivazione. Erbe fresche, verdure, frutta e fiori tutto l'anno a casa. LED, serbatoio dell'acqua, controllo touch e completamente automatico.","robots":{"index":"index","follow":"follow","max-snippet":"max-snippet:-1","max-image-preview":"max-image-preview:large","max-video-preview":"max-video-preview:-1"},"canonical":"https:\/\/litrax.ch\/it\/shop\/giardino-indoor-sheila\/","og_locale":"it_IT","og_type":"article","og_title":"SHEILA Giardino smart 17","og_description":"SHEILA Smart Garden 17 \u2013 il giardino idroponico intelligente con 17 capsule di coltivazione. Erbe fresche, verdure, frutta e fiori tutto l'anno a casa. LED, serbatoio dell'acqua, controllo touch e completamente automatico.","og_url":"https:\/\/litrax.ch\/it\/shop\/giardino-indoor-sheila\/","og_site_name":"Litrax - Hydroponische Systeme","article_publisher":"https:\/\/www.facebook.com\/Litrax.ch","article_modified_time":"2026-04-09T23:12:54+00:00","og_image":[{"width":1000,"height":667,"url":"https:\/\/litrax.ch\/wp-content\/uploads\/2024\/01\/LX216_Trans.png","type":"image\/png"}],"twitter_card":"summary_large_image","twitter_misc":{"Prezzo":"&#67;&#72;&#70;&nbsp;169.00","Disponibilit\u00e0":"In stock"},"schema":{"@context":"https:\/\/schema.org","@graph":[{"@type":"WebPage","@id":"https:\/\/litrax.ch\/it\/shop\/giardino-indoor-sheila\/","url":"https:\/\/litrax.ch\/it\/shop\/giardino-indoor-sheila\/","name":"SHEILA Giardino smart 17 - Litrax - Hydroponische Systeme","isPartOf":{"@id":"https:\/\/litrax.ch\/it\/#website"},"primaryImageOfPage":{"@id":"https:\/\/litrax.ch\/it\/shop\/giardino-indoor-sheila\/#primaryimage"},"image":{"@id":"https:\/\/litrax.ch\/it\/shop\/giardino-indoor-sheila\/#primaryimage"},"thumbnailUrl":"https:\/\/litrax.ch\/wp-content\/uploads\/2024\/01\/LX216_Trans.png","datePublished":"2024-01-11T08:43:30+00:00","dateModified":"2026-04-09T23:12:54+00:00","description":"SHEILA Smart Garden 17 \u2013 il giardino idroponico intelligente con 17 capsule di coltivazione. Erbe fresche, verdure, frutta e fiori tutto l'anno a casa. LED, serbatoio dell'acqua, controllo touch e completamente automatico.","breadcrumb":{"@id":"https:\/\/litrax.ch\/it\/shop\/giardino-indoor-sheila\/#breadcrumb"},"inLanguage":"it-IT","potentialAction":[{"@type":"ReadAction","target":["https:\/\/litrax.ch\/it\/shop\/giardino-indoor-sheila\/"]}]},{"@type":"ImageObject","inLanguage":"it-IT","@id":"https:\/\/litrax.ch\/it\/shop\/giardino-indoor-sheila\/#primaryimage","url":"https:\/\/litrax.ch\/wp-content\/uploads\/2024\/01\/LX216_Trans.png","contentUrl":"https:\/\/litrax.ch\/wp-content\/uploads\/2024\/01\/LX216_Trans.png","width":1000,"height":667},{"@type":"BreadcrumbList","@id":"https:\/\/litrax.ch\/it\/shop\/giardino-indoor-sheila\/#breadcrumb","itemListElement":[{"@type":"ListItem","position":1,"name":"Startseite","item":"https:\/\/litrax.ch\/it\/casa\/"},{"@type":"ListItem","position":2,"name":"Negozio","item":"https:\/\/litrax.ch\/it\/negozio\/"},{"@type":"ListItem","position":3,"name":"SHEILA Giardino smart 17"}]},{"@type":"WebSite","@id":"https:\/\/litrax.ch\/it\/#website","url":"https:\/\/litrax.ch\/it\/","name":"Litrax - Hydroponische Systeme","description":"Erlebe Hydroponik - der erdlose Gartengenuss.","publisher":{"@id":"https:\/\/litrax.ch\/it\/#organization"},"alternateName":"Litrax","potentialAction":[{"@type":"SearchAction","target":{"@type":"EntryPoint","urlTemplate":"https:\/\/litrax.ch\/it\/?s={search_term_string}"},"query-input":{"@type":"PropertyValueSpecification","valueRequired":true,"valueName":"search_term_string"}}],"inLanguage":"it-IT"},{"@type":"Organization","@id":"https:\/\/litrax.ch\/it\/#organization","name":"Litrax - Hydroponische Systeme","alternateName":"Litrax","url":"https:\/\/litrax.ch\/it\/","logo":{"@type":"ImageObject","inLanguage":"it-IT","@id":"https:\/\/litrax.ch\/it\/#\/schema\/logo\/image\/","url":"https:\/\/litrax.ch\/wp-content\/uploads\/2024\/03\/facivon.png","contentUrl":"https:\/\/litrax.ch\/wp-content\/uploads\/2024\/03\/facivon.png","width":150,"height":150,"caption":"Litrax - Hydroponische Systeme"},"image":{"@id":"https:\/\/litrax.ch\/it\/#\/schema\/logo\/image\/"},"sameAs":["https:\/\/www.facebook.com\/Litrax.ch","https:\/\/www.instagram.com\/litrax.ch\/","https:\/\/www.tiktok.com\/@litrax.ch"],"description":"Willkommen bei Litrax \u2013 Ihrem f\u00fchrenden Online-Shop f\u00fcr hochwertige hydroponische Gartensysteme! Wir bieten eine breite Palette an L\u00f6sungen f\u00fcr Privatpersonen, Restaurants und industrielle Gro\u00dfsysteme, um Ihnen zu helfen, Ihre eigene gr\u00fcne Oase zu schaffen, unabh\u00e4ngig von Ihrem Bedarf oder Ihrer Gr\u00f6\u00dfe. F\u00fcr Haushalte\/B\u00fcros: Entdecken Sie die Freude am G\u00e4rtnern in Ihrem eigenen Zuhause mit unseren einfach zu bedienenden hydroponischen Gartensystemen. Egal, ob Sie auf einem Balkon, einer Terrasse oder in Ihrem Wohnzimmer g\u00e4rtnern m\u00f6chten \u2013 wir haben das passende System f\u00fcr Sie. Genie\u00dfen Sie frisches Gem\u00fcse, aromatische Kr\u00e4uter und farbenfrohe Blumen das ganze Jahr \u00fcber, direkt aus Ihrem hydroponischen Garten. F\u00fcr Restaurants: Steigern Sie die Qualit\u00e4t Ihrer Gerichte und beeindrucken Sie Ihre G\u00e4ste mit frischen, geschmacksintensiven Zutaten aus unserem Sortiment an hydroponischen Gartensystemen f\u00fcr den gastronomischen Bereich. Unsere Systeme sind platzsparend, effizient und einfach zu bedienen, so dass Sie Ihre eigenen Zutaten direkt in Ihrer K\u00fcche anbauen k\u00f6nnen. Erleben Sie die Freude an nachhaltigem G\u00e4rtnern und lassen Sie Ihre kulinarischen Kreationen erstrahlen. Industrielle Gro\u00dfsysteme: Optimieren Sie Ihre landwirtschaftliche Produktion mit unseren ma\u00dfgeschneiderten hydroponischen Gro\u00dfsystemen. Von vertikalen Farmen bis hin zu automatisierten Anlagen bieten wir skalierbare L\u00f6sungen f\u00fcr maximale Effizienz und Produktivit\u00e4t. Nutzen Sie die Vorteile der hydroponischen Landwirtschaft, um Ihre Ernteertr\u00e4ge zu steigern, Platz zu sparen und Ressourcen zu optimieren. Erfahren Sie, wie unsere Systeme die Zukunft der industriellen Landwirtschaft gestalten k\u00f6nnen. Bei Litrax legen wir Wert auf Qualit\u00e4t und Kundenzufriedenheit. Unsere Produkte sind sorgf\u00e4ltig ausgew\u00e4hlt, um Ihnen die besten Ergebnisse zu garantieren, und wir bieten sie zu g\u00fcnstigen Preisen an. Dank unseres eigenen Lagers in der Schweiz k\u00f6nnen wir Ihnen eine schnelle Lieferung am n\u00e4chsten Tag garantieren.","legalName":"Resyx GmbH","foundingDate":"2022-12-22","numberOfEmployees":{"@type":"QuantitativeValue","minValue":"1","maxValue":"10"}}]},"product_price_amount":"169.00","product_price_currency":"CHF","og_availability":"instock","product_availability":"instock","product_retailer_item_id":"LX216","product_condition":"new"},"_links":{"self":[{"href":"https:\/\/litrax.ch\/it\/wp-json\/wp\/v2\/product\/18452","targetHints":{"allow":["GET"]}}],"collection":[{"href":"https:\/\/litrax.ch\/it\/wp-json\/wp\/v2\/product"}],"about":[{"href":"https:\/\/litrax.ch\/it\/wp-json\/wp\/v2\/types\/product"}],"replies":[{"embeddable":true,"href":"https:\/\/litrax.ch\/it\/wp-json\/wp\/v2\/comments?post=18452"}],"wp:featuredmedia":[{"embeddable":true,"href":"https:\/\/litrax.ch\/it\/wp-json\/wp\/v2\/media\/17806"}],"wp:attachment":[{"href":"https:\/\/litrax.ch\/it\/wp-json\/wp\/v2\/media?parent=18452"}],"wp:term":[{"taxonomy":"product_brand","embeddable":true,"href":"https:\/\/litrax.ch\/it\/wp-json\/wp\/v2\/product_brand?post=18452"},{"taxonomy":"product_cat","embeddable":true,"href":"https:\/\/litrax.ch\/it\/wp-json\/wp\/v2\/product_cat?post=18452"},{"taxonomy":"product_tag","embeddable":true,"href":"https:\/\/litrax.ch\/it\/wp-json\/wp\/v2\/product_tag?post=18452"}],"curies":[{"name":"wp","href":"https:\/\/api.w.org\/{rel}","templated":true}]}}