{"id":18582,"date":"2024-01-11T08:43:49","date_gmt":"2024-01-11T08:43:49","guid":{"rendered":"https:\/\/litrax.ch\/shop\/maja-booster-di-fiori\/"},"modified":"2026-04-13T15:19:52","modified_gmt":"2026-04-13T15:19:52","slug":"maja-booster-di-fiori","status":"publish","type":"product","link":"https:\/\/litrax.ch\/it\/shop\/maja-booster-di-fiori\/","title":{"rendered":"MAJA Idro vaso 1"},"content":{"rendered":"<p>Prova la magia della crescita rapida delle piante con il MAJA Flower Booster: un divertimento per i bambini e per gli amanti delle piante!<\/p>\n<p>Migliora il tuo giardinaggio con MAJA Flower Booster. \u00c8 una soluzione deliziosa che porta gioia ed entusiasmo sia ai giovani pollici verdi che agli amanti delle piante pi\u00f9 esperti. Questo innovativo kit \u00e8 ricco di funzioni che garantiscono una crescita rapida e vivace delle tue piante preferite. \u00c8 l&#8217;aggiunta ideale a qualsiasi casa, aula o vivaio.   <\/p>\n<h2>Caratteristiche principali:<\/h2>\n<h3>1. lampade per piante LED a spettro completo<\/h3>\n<p>Guarda le tue piante prosperare sotto la luce vibrante delle lampade per piante a LED a spettro completo di MAJA. Con un bagliore colorato che imita la luce naturale del sole, queste lampade forniscono le condizioni perfette per le tue piante. Questo permette loro di crescere forti e sane. Dai piccoli semi ai fiori sbocciati, dai ai tuoi compagni verdi la luce di cui hanno bisogno per crescere forti e sani.   <\/p>\n<h3>2. comodo timer per la luce<\/h3>\n<p>Controlla il programma di illuminazione delle tue piante grazie al timer integrato facile da usare. Imposta l&#8217;orario di funzionamento della lampada per piante in base alle diverse fasi di crescita e alle esigenze specifiche delle tue piante. Grazie alle impostazioni personalizzabili, puoi creare l&#8217;ambiente luminoso perfetto per favorire una crescita e uno sviluppo rapidi.  <\/p>\n<h3>3. braccio LED regolabile per un&#8217;altezza versatile delle piante<\/h3>\n<p>MAJA offre flessibilit\u00e0 grazie al suo braccio LED regolabile. Ti permette di regolare l&#8217;altezza fino a 40 cm. Che tu stia coltivando piantine delicate o fiori alti, MAJA garantisce che ogni pianta riceva la luce perfetta per crescere.  <\/p>\n<h2>Caratteristiche speciali:<\/h2>\n<ul>\n<li>Design divertente e interattivo: il Booster floreale MAJA \u00e8 stato progettato per rendere il giardinaggio un&#8217;esperienza divertente ed emozionante per i bambini. Lascia che scelgano il loro vaso di fiori preferito e guarda le loro piante crescere davanti ai loro occhi per incoraggiare l&#8217;amore per la natura e l&#8217;apprendimento. <\/li>\n<li>Ultraleggero e portatile: Con un peso di soli 370 grammi, MAJA \u00e8 il compagno perfetto per le avventure di giardinaggio in movimento. Che tu stia allestendo un mini-giardino in classe o esplorando le meraviglie della natura a casa, con MAJA puoi portare la gioia del giardinaggio ovunque tu vada. <\/li>\n<\/ul>\n<p>Trasforma la tua stanza in un&#8217;oasi colorata di crescita e scoperta con MAJA Flower Booster. Ordina oggi stesso e guarda le tue piante fiorire nel bagliore della magica luce di MAJA! <\/p>\n","protected":false},"excerpt":{"rendered":"<p>Prova la magia della crescita rapida delle piante con il MAJA Flower Booster: un divertimento per i bambini e per gli amanti delle piante! Migliora il tuo giardinaggio con MAJA Flower Booster. \u00c8 una soluzione deliziosa che porta gioia ed entusiasmo sia ai giovani pollici verdi che agli amanti delle piante pi\u00f9 esperti. Questo innovativo [&hellip;]<\/p>\n","protected":false},"featured_media":20535,"comment_status":"open","ping_status":"closed","template":"","meta":[],"product_brand":[],"product_cat":[152,487],"product_tag":[755,794,795],"class_list":{"0":"post-18582","1":"product","2":"type-product","3":"status-publish","4":"has-post-thumbnail","6":"product_cat-idrocoltura","7":"product_cat-luce-di-coltivazione-a-led","8":"product_tag-indoor-it-2","9":"product_tag-auto-irrigazione","10":"product_tag-pentola-2-in-1","12":"first","13":"instock","14":"sale","15":"taxable","16":"shipping-taxable","17":"purchasable","18":"product-type-variable","19":"has-default-attributes"},"yoast_head":"<!-- This site is optimized with the Yoast SEO Premium plugin v26.7 (Yoast SEO v27.4) - https:\/\/yoast.com\/product\/yoast-seo-premium-wordpress\/ -->\n<title>MAJA Hydro Pot 1: sperimenta una crescita rapida delle piante -% Litrax - Hydroponische Systeme%<\/title>\n<meta name=\"description\" content=\"Scopri il vaso MAJA Hydro Pot 1 per la crescita rapida delle piante! Questo innovativo kit far\u00e0 la gioia dei bambini e degli amanti delle piante.\" \/>\n<meta name=\"robots\" content=\"index, follow, max-snippet:-1, max-image-preview:large, max-video-preview:-1\" \/>\n<link rel=\"canonical\" href=\"https:\/\/litrax.ch\/it\/shop\/maja-booster-di-fiori\/\" \/>\n<meta property=\"og:locale\" content=\"it_IT\" \/>\n<meta property=\"og:type\" content=\"article\" \/>\n<meta property=\"og:title\" content=\"MAJA Idro vaso 1\" \/>\n<meta property=\"og:description\" content=\"Scopri il vaso MAJA Hydro Pot 1 per la crescita rapida delle piante! Questo innovativo kit far\u00e0 la gioia dei bambini e degli amanti delle piante.\" \/>\n<meta property=\"og:url\" content=\"https:\/\/litrax.ch\/it\/shop\/maja-booster-di-fiori\/\" \/>\n<meta property=\"og:site_name\" content=\"Litrax - Hydroponische Systeme\" \/>\n<meta property=\"article:publisher\" content=\"https:\/\/www.facebook.com\/Litrax.ch\" \/>\n<meta property=\"article:modified_time\" content=\"2026-04-13T15:19:52+00:00\" \/>\n<meta property=\"og:image\" content=\"https:\/\/litrax.ch\/wp-content\/uploads\/2024\/01\/LX205-transparent2.png\" \/>\n\t<meta property=\"og:image:width\" content=\"1548\" \/>\n\t<meta property=\"og:image:height\" content=\"1135\" \/>\n\t<meta property=\"og:image:type\" content=\"image\/png\" \/>\n<meta name=\"twitter:card\" content=\"summary_large_image\" \/>\n<meta name=\"twitter:label1\" content=\"Disponibilit\u00e0\" \/>\n\t<meta name=\"twitter:data1\" content=\"In stock\" \/>\n<script type=\"application\/ld+json\" class=\"yoast-schema-graph\">{\"@context\":\"https:\\\/\\\/schema.org\",\"@graph\":[{\"@type\":\"WebPage\",\"@id\":\"https:\\\/\\\/litrax.ch\\\/it\\\/shop\\\/maja-booster-di-fiori\\\/\",\"url\":\"https:\\\/\\\/litrax.ch\\\/it\\\/shop\\\/maja-booster-di-fiori\\\/\",\"name\":\"MAJA Hydro Pot 1: sperimenta una crescita rapida delle piante -% Litrax - Hydroponische Systeme%\",\"isPartOf\":{\"@id\":\"https:\\\/\\\/litrax.ch\\\/it\\\/#website\"},\"primaryImageOfPage\":{\"@id\":\"https:\\\/\\\/litrax.ch\\\/it\\\/shop\\\/maja-booster-di-fiori\\\/#primaryimage\"},\"image\":{\"@id\":\"https:\\\/\\\/litrax.ch\\\/it\\\/shop\\\/maja-booster-di-fiori\\\/#primaryimage\"},\"thumbnailUrl\":\"https:\\\/\\\/litrax.ch\\\/wp-content\\\/uploads\\\/2024\\\/01\\\/LX205-transparent2.png\",\"datePublished\":\"2024-01-11T08:43:49+00:00\",\"dateModified\":\"2026-04-13T15:19:52+00:00\",\"description\":\"Scopri il vaso MAJA Hydro Pot 1 per la crescita rapida delle piante! Questo innovativo kit far\u00e0 la gioia dei bambini e degli amanti delle piante.\",\"breadcrumb\":{\"@id\":\"https:\\\/\\\/litrax.ch\\\/it\\\/shop\\\/maja-booster-di-fiori\\\/#breadcrumb\"},\"inLanguage\":\"it-IT\",\"potentialAction\":[{\"@type\":\"ReadAction\",\"target\":[\"https:\\\/\\\/litrax.ch\\\/it\\\/shop\\\/maja-booster-di-fiori\\\/\"]}]},{\"@type\":\"ImageObject\",\"inLanguage\":\"it-IT\",\"@id\":\"https:\\\/\\\/litrax.ch\\\/it\\\/shop\\\/maja-booster-di-fiori\\\/#primaryimage\",\"url\":\"https:\\\/\\\/litrax.ch\\\/wp-content\\\/uploads\\\/2024\\\/01\\\/LX205-transparent2.png\",\"contentUrl\":\"https:\\\/\\\/litrax.ch\\\/wp-content\\\/uploads\\\/2024\\\/01\\\/LX205-transparent2.png\",\"width\":1548,\"height\":1135},{\"@type\":\"BreadcrumbList\",\"@id\":\"https:\\\/\\\/litrax.ch\\\/it\\\/shop\\\/maja-booster-di-fiori\\\/#breadcrumb\",\"itemListElement\":[{\"@type\":\"ListItem\",\"position\":1,\"name\":\"Startseite\",\"item\":\"https:\\\/\\\/litrax.ch\\\/it\\\/casa\\\/\"},{\"@type\":\"ListItem\",\"position\":2,\"name\":\"Negozio\",\"item\":\"https:\\\/\\\/litrax.ch\\\/it\\\/negozio\\\/\"},{\"@type\":\"ListItem\",\"position\":3,\"name\":\"MAJA Idro vaso 1\"}]},{\"@type\":\"WebSite\",\"@id\":\"https:\\\/\\\/litrax.ch\\\/it\\\/#website\",\"url\":\"https:\\\/\\\/litrax.ch\\\/it\\\/\",\"name\":\"Litrax - Hydroponische Systeme\",\"description\":\"Erlebe Hydroponik - der erdlose Gartengenuss.\",\"publisher\":{\"@id\":\"https:\\\/\\\/litrax.ch\\\/it\\\/#organization\"},\"alternateName\":\"Litrax\",\"potentialAction\":[{\"@type\":\"SearchAction\",\"target\":{\"@type\":\"EntryPoint\",\"urlTemplate\":\"https:\\\/\\\/litrax.ch\\\/it\\\/?s={search_term_string}\"},\"query-input\":{\"@type\":\"PropertyValueSpecification\",\"valueRequired\":true,\"valueName\":\"search_term_string\"}}],\"inLanguage\":\"it-IT\"},{\"@type\":\"Organization\",\"@id\":\"https:\\\/\\\/litrax.ch\\\/it\\\/#organization\",\"name\":\"Litrax - Hydroponische Systeme\",\"alternateName\":\"Litrax\",\"url\":\"https:\\\/\\\/litrax.ch\\\/it\\\/\",\"logo\":{\"@type\":\"ImageObject\",\"inLanguage\":\"it-IT\",\"@id\":\"https:\\\/\\\/litrax.ch\\\/it\\\/#\\\/schema\\\/logo\\\/image\\\/\",\"url\":\"https:\\\/\\\/litrax.ch\\\/wp-content\\\/uploads\\\/2024\\\/03\\\/facivon.png\",\"contentUrl\":\"https:\\\/\\\/litrax.ch\\\/wp-content\\\/uploads\\\/2024\\\/03\\\/facivon.png\",\"width\":150,\"height\":150,\"caption\":\"Litrax - Hydroponische Systeme\"},\"image\":{\"@id\":\"https:\\\/\\\/litrax.ch\\\/it\\\/#\\\/schema\\\/logo\\\/image\\\/\"},\"sameAs\":[\"https:\\\/\\\/www.facebook.com\\\/Litrax.ch\",\"https:\\\/\\\/www.instagram.com\\\/litrax.ch\\\/\",\"https:\\\/\\\/www.tiktok.com\\\/@litrax.ch\"],\"description\":\"Willkommen bei Litrax \u2013 Ihrem f\u00fchrenden Online-Shop f\u00fcr hochwertige hydroponische Gartensysteme! Wir bieten eine breite Palette an L\u00f6sungen f\u00fcr Privatpersonen, Restaurants und industrielle Gro\u00dfsysteme, um Ihnen zu helfen, Ihre eigene gr\u00fcne Oase zu schaffen, unabh\u00e4ngig von Ihrem Bedarf oder Ihrer Gr\u00f6\u00dfe. F\u00fcr Haushalte\\\/B\u00fcros: Entdecken Sie die Freude am G\u00e4rtnern in Ihrem eigenen Zuhause mit unseren einfach zu bedienenden hydroponischen Gartensystemen. Egal, ob Sie auf einem Balkon, einer Terrasse oder in Ihrem Wohnzimmer g\u00e4rtnern m\u00f6chten \u2013 wir haben das passende System f\u00fcr Sie. Genie\u00dfen Sie frisches Gem\u00fcse, aromatische Kr\u00e4uter und farbenfrohe Blumen das ganze Jahr \u00fcber, direkt aus Ihrem hydroponischen Garten. F\u00fcr Restaurants: Steigern Sie die Qualit\u00e4t Ihrer Gerichte und beeindrucken Sie Ihre G\u00e4ste mit frischen, geschmacksintensiven Zutaten aus unserem Sortiment an hydroponischen Gartensystemen f\u00fcr den gastronomischen Bereich. Unsere Systeme sind platzsparend, effizient und einfach zu bedienen, so dass Sie Ihre eigenen Zutaten direkt in Ihrer K\u00fcche anbauen k\u00f6nnen. Erleben Sie die Freude an nachhaltigem G\u00e4rtnern und lassen Sie Ihre kulinarischen Kreationen erstrahlen. Industrielle Gro\u00dfsysteme: Optimieren Sie Ihre landwirtschaftliche Produktion mit unseren ma\u00dfgeschneiderten hydroponischen Gro\u00dfsystemen. Von vertikalen Farmen bis hin zu automatisierten Anlagen bieten wir skalierbare L\u00f6sungen f\u00fcr maximale Effizienz und Produktivit\u00e4t. Nutzen Sie die Vorteile der hydroponischen Landwirtschaft, um Ihre Ernteertr\u00e4ge zu steigern, Platz zu sparen und Ressourcen zu optimieren. Erfahren Sie, wie unsere Systeme die Zukunft der industriellen Landwirtschaft gestalten k\u00f6nnen. Bei Litrax legen wir Wert auf Qualit\u00e4t und Kundenzufriedenheit. Unsere Produkte sind sorgf\u00e4ltig ausgew\u00e4hlt, um Ihnen die besten Ergebnisse zu garantieren, und wir bieten sie zu g\u00fcnstigen Preisen an. Dank unseres eigenen Lagers in der Schweiz k\u00f6nnen wir Ihnen eine schnelle Lieferung am n\u00e4chsten Tag garantieren.\",\"legalName\":\"Resyx GmbH\",\"foundingDate\":\"2022-12-22\",\"numberOfEmployees\":{\"@type\":\"QuantitativeValue\",\"minValue\":\"1\",\"maxValue\":\"10\"}}]}<\/script>\n<meta property=\"og:availability\" content=\"instock\" \/>\n<meta property=\"product:availability\" content=\"instock\" \/>\n<meta property=\"product:retailer_item_id\" content=\"LX205\" \/>\n<meta property=\"product:condition\" content=\"new\" \/>\n<!-- \/ Yoast SEO Premium plugin. -->","yoast_head_json":{"title":"MAJA Hydro Pot 1: sperimenta una crescita rapida delle piante -% Litrax - Hydroponische Systeme%","description":"Scopri il vaso MAJA Hydro Pot 1 per la crescita rapida delle piante! Questo innovativo kit far\u00e0 la gioia dei bambini e degli amanti delle piante.","robots":{"index":"index","follow":"follow","max-snippet":"max-snippet:-1","max-image-preview":"max-image-preview:large","max-video-preview":"max-video-preview:-1"},"canonical":"https:\/\/litrax.ch\/it\/shop\/maja-booster-di-fiori\/","og_locale":"it_IT","og_type":"article","og_title":"MAJA Idro vaso 1","og_description":"Scopri il vaso MAJA Hydro Pot 1 per la crescita rapida delle piante! Questo innovativo kit far\u00e0 la gioia dei bambini e degli amanti delle piante.","og_url":"https:\/\/litrax.ch\/it\/shop\/maja-booster-di-fiori\/","og_site_name":"Litrax - Hydroponische Systeme","article_publisher":"https:\/\/www.facebook.com\/Litrax.ch","article_modified_time":"2026-04-13T15:19:52+00:00","og_image":[{"width":1548,"height":1135,"url":"https:\/\/litrax.ch\/wp-content\/uploads\/2024\/01\/LX205-transparent2.png","type":"image\/png"}],"twitter_card":"summary_large_image","twitter_misc":{"Disponibilit\u00e0":"In stock"},"schema":{"@context":"https:\/\/schema.org","@graph":[{"@type":"WebPage","@id":"https:\/\/litrax.ch\/it\/shop\/maja-booster-di-fiori\/","url":"https:\/\/litrax.ch\/it\/shop\/maja-booster-di-fiori\/","name":"MAJA Hydro Pot 1: sperimenta una crescita rapida delle piante -% Litrax - Hydroponische Systeme%","isPartOf":{"@id":"https:\/\/litrax.ch\/it\/#website"},"primaryImageOfPage":{"@id":"https:\/\/litrax.ch\/it\/shop\/maja-booster-di-fiori\/#primaryimage"},"image":{"@id":"https:\/\/litrax.ch\/it\/shop\/maja-booster-di-fiori\/#primaryimage"},"thumbnailUrl":"https:\/\/litrax.ch\/wp-content\/uploads\/2024\/01\/LX205-transparent2.png","datePublished":"2024-01-11T08:43:49+00:00","dateModified":"2026-04-13T15:19:52+00:00","description":"Scopri il vaso MAJA Hydro Pot 1 per la crescita rapida delle piante! Questo innovativo kit far\u00e0 la gioia dei bambini e degli amanti delle piante.","breadcrumb":{"@id":"https:\/\/litrax.ch\/it\/shop\/maja-booster-di-fiori\/#breadcrumb"},"inLanguage":"it-IT","potentialAction":[{"@type":"ReadAction","target":["https:\/\/litrax.ch\/it\/shop\/maja-booster-di-fiori\/"]}]},{"@type":"ImageObject","inLanguage":"it-IT","@id":"https:\/\/litrax.ch\/it\/shop\/maja-booster-di-fiori\/#primaryimage","url":"https:\/\/litrax.ch\/wp-content\/uploads\/2024\/01\/LX205-transparent2.png","contentUrl":"https:\/\/litrax.ch\/wp-content\/uploads\/2024\/01\/LX205-transparent2.png","width":1548,"height":1135},{"@type":"BreadcrumbList","@id":"https:\/\/litrax.ch\/it\/shop\/maja-booster-di-fiori\/#breadcrumb","itemListElement":[{"@type":"ListItem","position":1,"name":"Startseite","item":"https:\/\/litrax.ch\/it\/casa\/"},{"@type":"ListItem","position":2,"name":"Negozio","item":"https:\/\/litrax.ch\/it\/negozio\/"},{"@type":"ListItem","position":3,"name":"MAJA Idro vaso 1"}]},{"@type":"WebSite","@id":"https:\/\/litrax.ch\/it\/#website","url":"https:\/\/litrax.ch\/it\/","name":"Litrax - Hydroponische Systeme","description":"Erlebe Hydroponik - der erdlose Gartengenuss.","publisher":{"@id":"https:\/\/litrax.ch\/it\/#organization"},"alternateName":"Litrax","potentialAction":[{"@type":"SearchAction","target":{"@type":"EntryPoint","urlTemplate":"https:\/\/litrax.ch\/it\/?s={search_term_string}"},"query-input":{"@type":"PropertyValueSpecification","valueRequired":true,"valueName":"search_term_string"}}],"inLanguage":"it-IT"},{"@type":"Organization","@id":"https:\/\/litrax.ch\/it\/#organization","name":"Litrax - Hydroponische Systeme","alternateName":"Litrax","url":"https:\/\/litrax.ch\/it\/","logo":{"@type":"ImageObject","inLanguage":"it-IT","@id":"https:\/\/litrax.ch\/it\/#\/schema\/logo\/image\/","url":"https:\/\/litrax.ch\/wp-content\/uploads\/2024\/03\/facivon.png","contentUrl":"https:\/\/litrax.ch\/wp-content\/uploads\/2024\/03\/facivon.png","width":150,"height":150,"caption":"Litrax - Hydroponische Systeme"},"image":{"@id":"https:\/\/litrax.ch\/it\/#\/schema\/logo\/image\/"},"sameAs":["https:\/\/www.facebook.com\/Litrax.ch","https:\/\/www.instagram.com\/litrax.ch\/","https:\/\/www.tiktok.com\/@litrax.ch"],"description":"Willkommen bei Litrax \u2013 Ihrem f\u00fchrenden Online-Shop f\u00fcr hochwertige hydroponische Gartensysteme! Wir bieten eine breite Palette an L\u00f6sungen f\u00fcr Privatpersonen, Restaurants und industrielle Gro\u00dfsysteme, um Ihnen zu helfen, Ihre eigene gr\u00fcne Oase zu schaffen, unabh\u00e4ngig von Ihrem Bedarf oder Ihrer Gr\u00f6\u00dfe. F\u00fcr Haushalte\/B\u00fcros: Entdecken Sie die Freude am G\u00e4rtnern in Ihrem eigenen Zuhause mit unseren einfach zu bedienenden hydroponischen Gartensystemen. Egal, ob Sie auf einem Balkon, einer Terrasse oder in Ihrem Wohnzimmer g\u00e4rtnern m\u00f6chten \u2013 wir haben das passende System f\u00fcr Sie. Genie\u00dfen Sie frisches Gem\u00fcse, aromatische Kr\u00e4uter und farbenfrohe Blumen das ganze Jahr \u00fcber, direkt aus Ihrem hydroponischen Garten. F\u00fcr Restaurants: Steigern Sie die Qualit\u00e4t Ihrer Gerichte und beeindrucken Sie Ihre G\u00e4ste mit frischen, geschmacksintensiven Zutaten aus unserem Sortiment an hydroponischen Gartensystemen f\u00fcr den gastronomischen Bereich. Unsere Systeme sind platzsparend, effizient und einfach zu bedienen, so dass Sie Ihre eigenen Zutaten direkt in Ihrer K\u00fcche anbauen k\u00f6nnen. Erleben Sie die Freude an nachhaltigem G\u00e4rtnern und lassen Sie Ihre kulinarischen Kreationen erstrahlen. Industrielle Gro\u00dfsysteme: Optimieren Sie Ihre landwirtschaftliche Produktion mit unseren ma\u00dfgeschneiderten hydroponischen Gro\u00dfsystemen. Von vertikalen Farmen bis hin zu automatisierten Anlagen bieten wir skalierbare L\u00f6sungen f\u00fcr maximale Effizienz und Produktivit\u00e4t. Nutzen Sie die Vorteile der hydroponischen Landwirtschaft, um Ihre Ernteertr\u00e4ge zu steigern, Platz zu sparen und Ressourcen zu optimieren. Erfahren Sie, wie unsere Systeme die Zukunft der industriellen Landwirtschaft gestalten k\u00f6nnen. Bei Litrax legen wir Wert auf Qualit\u00e4t und Kundenzufriedenheit. Unsere Produkte sind sorgf\u00e4ltig ausgew\u00e4hlt, um Ihnen die besten Ergebnisse zu garantieren, und wir bieten sie zu g\u00fcnstigen Preisen an. Dank unseres eigenen Lagers in der Schweiz k\u00f6nnen wir Ihnen eine schnelle Lieferung am n\u00e4chsten Tag garantieren.","legalName":"Resyx GmbH","foundingDate":"2022-12-22","numberOfEmployees":{"@type":"QuantitativeValue","minValue":"1","maxValue":"10"}}]},"og_availability":"instock","product_availability":"instock","product_retailer_item_id":"LX205","product_condition":"new"},"_links":{"self":[{"href":"https:\/\/litrax.ch\/it\/wp-json\/wp\/v2\/product\/18582","targetHints":{"allow":["GET"]}}],"collection":[{"href":"https:\/\/litrax.ch\/it\/wp-json\/wp\/v2\/product"}],"about":[{"href":"https:\/\/litrax.ch\/it\/wp-json\/wp\/v2\/types\/product"}],"replies":[{"embeddable":true,"href":"https:\/\/litrax.ch\/it\/wp-json\/wp\/v2\/comments?post=18582"}],"wp:featuredmedia":[{"embeddable":true,"href":"https:\/\/litrax.ch\/it\/wp-json\/wp\/v2\/media\/20535"}],"wp:attachment":[{"href":"https:\/\/litrax.ch\/it\/wp-json\/wp\/v2\/media?parent=18582"}],"wp:term":[{"taxonomy":"product_brand","embeddable":true,"href":"https:\/\/litrax.ch\/it\/wp-json\/wp\/v2\/product_brand?post=18582"},{"taxonomy":"product_cat","embeddable":true,"href":"https:\/\/litrax.ch\/it\/wp-json\/wp\/v2\/product_cat?post=18582"},{"taxonomy":"product_tag","embeddable":true,"href":"https:\/\/litrax.ch\/it\/wp-json\/wp\/v2\/product_tag?post=18582"}],"curies":[{"name":"wp","href":"https:\/\/api.w.org\/{rel}","templated":true}]}}