{"id":18591,"date":"2024-01-11T08:44:32","date_gmt":"2024-01-11T08:44:32","guid":{"rendered":"https:\/\/litrax.ch\/shop\/raphael-indoor-farm\/"},"modified":"2026-04-28T05:04:53","modified_gmt":"2026-04-28T05:04:53","slug":"raphael-indoor-farm","status":"publish","type":"product","link":"https:\/\/litrax.ch\/it\/shop\/raphael-indoor-farm\/","title":{"rendered":"RAPHAEL Fattoria Verticale 120 (Modello 2025)"},"content":{"rendered":"<h3 data-start=\"501\" data-end=\"544\">La fattoria verticale per la cucina e il balcone<\/h3>\n<p data-start=\"546\" data-end=\"1001\"><strong data-start=\"546\" data-end=\"605\">Verdure fresche dalla tua cucina, tutto l&#8217;anno.<\/strong><br data-start=\"605\" data-end=\"608\">La <strong data-start=\"612\" data-end=\"641\">Vertical Farm 120 di RAPHAEL<\/strong> \u00e8 un sistema di coltivazione indoor di alta qualit\u00e0 e completamente automatico per la cucina, il soggiorno e, stagionalmente, per il balcone o il patio. <strong data-start=\"765\" data-end=\"774\">Ha<\/strong> spazio per <strong data-start=\"795\" data-end=\"827\">64 piante con vasi di argilla espansa<\/strong> o <strong data-start=\"833\" data-end=\"879\">fino a 120 piante con spugne di coltivazione<\/strong>. <strong data-start=\"881\" data-end=\"887\">Potrai<\/strong> coltivare da solo ortaggi, insalate, erbe, fiori e frutta senza fatica, senza terra e senza conoscenze preliminari.<\/p>\n<p data-start=\"1003\" data-end=\"1308\">Grazie alle <strong data-start=\"1008\" data-end=\"1052\">economiche luci di coltivazione a LED dotate di timer<\/strong> e di una <strong data-start=\"1063\" data-end=\"1080\">potente pompa<\/strong>, le tue piante avranno una crescita sana e uniforme. <strong data-start=\"1142\" data-end=\"1154\">Inoltre,<\/strong> l&#8217;illuminazione a LED sul balcone o sulla terrazza pu\u00f2 essere ridotta o spenta in base alla quantit\u00e0 di luce solare, <strong data-start=\"1266\" data-end=\"1277\">con<\/strong> un conseguente risparmio di energia elettrica.<\/p>\n<hr data-start=\"1310\" data-end=\"1313\">\n<h3 data-start=\"1315\" data-end=\"1332\">Caratteristiche principali<\/h3>\n<p data-start=\"1334\" data-end=\"1718\"><strong data-start=\"1334\" data-end=\"1359\">Tecnologia a film nutritivo (NFT)<\/strong><br data-start=\"1359\" data-end=\"1362\">La Fattoria RAPHAEL utilizza la collaudata <strong data-start=\"1398\" data-end=\"1421\">tecnologia a film nutritivo NFT<\/strong>, che fornisce costantemente acqua e sostanze nutritive alle radici. <strong data-start=\"1485\" data-end=\"1496\">Di conseguenza, le<\/strong> piante crescono rapidamente, in modo uniforme e particolarmente sano. <strong data-start=\"1558\" data-end=\"1576\">Inoltre<\/strong>, la coltivazione idroponica riduce significativamente l&#8217;impronta ecologica <strong data-start=\"1658\" data-end=\"1669\">,<\/strong> minimizzando il consumo di acqua.<\/p>\n<p data-start=\"1720\" data-end=\"2134\"><strong data-start=\"1720\" data-end=\"1748\">Sistema completamente automatico<\/strong><br data-start=\"1748\" data-end=\"1751\">Una volta impostato, il sistema funziona in modo quasi automatico. I tempi di illuminazione possono essere controllati in modo flessibile grazie a un timer. <strong data-start=\"1892\" data-end=\"1906\">Inoltre,<\/strong> la pompa e i serbatoi d&#8217;acqua supportano l&#8217;intero ciclo di crescita. Un <strong data-start=\"1981\" data-end=\"2010\">affidabile sistema di allarme<\/strong> ti ricorda in tempo utile di rabboccare l&#8217;acqua o i nutrienti, in modo <strong data-start=\"2080\" data-end=\"2091\">che<\/strong> le tue piante siano sempre rifornite in modo ottimale.  <\/p>\n<p data-start=\"2136\" data-end=\"2526\"><strong data-start=\"2136\" data-end=\"2162\">Design modulare del sistema<\/strong><br data-start=\"2162\" data-end=\"2165\">Il design modulare consente una personalizzazione individuale. <strong data-start=\"2222\" data-end=\"2236\">Puoi<\/strong> iniziare con uno o due livelli o utilizzare direttamente tutti e quattro. Le luci LED forniscono uno spettro solare completo e favoriscono la fotosintesi in qualsiasi periodo dell&#8217;anno. <strong data-start=\"2410\" data-end=\"2416\">Ci\u00f2 significa<\/strong> che i singoli livelli possono essere utilizzati per i microgreens, mentre gli altri portano a maturazione le piante pi\u00f9 grandi. <\/p>\n<p data-start=\"2528\" data-end=\"2893\"><strong data-start=\"2528\" data-end=\"2552\">Terreno di coltura flessibile<\/strong><br data-start=\"2552\" data-end=\"2555\">Il sistema \u00e8 progettato per l&#8217;argilla espansa di serie. In alternativa, \u00e8 possibile utilizzare lana di roccia o spugne di crescita. L&#8217;argilla espansa \u00e8 particolarmente indicata per le piante pi\u00f9 grandi, <strong data-start=\"2727\" data-end=\"2738\">mentre<\/strong> le spugne di crescita sono ideali per gli ortaggi a foglia e le erbe aromatiche. <strong data-start=\"2797\" data-end=\"2822\">Indipendentemente dal substrato<\/strong>, il consumo di acqua si riduce di oltre l&#8217;80% rispetto alle colture in terra.  <\/p>\n<p data-start=\"2895\" data-end=\"3207\"><strong data-start=\"2895\" data-end=\"2956\">Grande capacit\u00e0 d&#8217;acqua e basso consumo energetico<\/strong><br data-start=\"2956\" data-end=\"2959\">RAPHAEL Farm dispone di <strong data-start=\"2989\" data-end=\"3009\">quattro serbatoi d&#8217;acqua<\/strong> per un totale di 47,8 litri (23,8 L + 3\u00d78 L) e di un sistema di allarme per l&#8217;acqua bassa. <strong data-start=\"3087\" data-end=\"3105\">Inoltre<\/strong>, il sistema consuma solo <strong data-start=\"3138\" data-end=\"3160\">105 W a pieno carico<\/strong>, con i singoli moduli LED che rimangono sotto i 12 W.<\/p>\n<hr data-start=\"3209\" data-end=\"3212\">\n<h3 data-start=\"3214\" data-end=\"3247\">Adatto all&#8217;uso quotidiano e resistente<\/h3>\n<p data-start=\"3249\" data-end=\"3419\">La Fattoria Verticale RAPHAEL \u00e8 progettata per essere utilizzata a lungo in casa. <strong data-start=\"3331\" data-end=\"3372\">La garanzia \u00e8 di 2 anni<\/strong> e i pezzi di ricambio sono disponibili a lungo termine.<\/p>\n<p data-start=\"3421\" data-end=\"3675\">Il <strong data-start=\"3425\" data-end=\"3443\">montaggio richiede<\/strong> 1-2 ore da soli o 30-60 minuti in coppia. \u00c8 disponibile <strong data-start=\"3501\" data-end=\"3515\">anche<\/strong> un <strong data-start=\"3532\" data-end=\"3548\">video di montaggio<\/strong> passo-passo: <a class=\"decorated-link\" href=\"https:\/\/litrax.ch\/it\/video-sullidroponica\/\" target=\"_new\" rel=\"noopener\" data-start=\"3584\" data-end=\"3672\">https:\/\/litrax.ch\/de\/hydroponische-videos\/.<\/a><\/p>\n<p data-start=\"3677\" data-end=\"3866\">Il sistema funziona <strong data-start=\"3708\" data-end=\"3722\">in modo molto silenzioso<\/strong> durante il funzionamento. <strong data-start=\"3724\" data-end=\"3737\">Solo<\/strong> il flusso d&#8217;acqua nei tubi \u00e8 leggermente udibile, paragonabile a una discreta fontana da interno &#8211; ideale per la cucina e il soggiorno.<\/p>\n<hr data-start=\"3868\" data-end=\"3871\">\n<h3 data-start=\"3873\" data-end=\"3924\">Per chi \u00e8 adatta la Fattoria Verticale RAPHAEL?<\/h3>\n<ul data-start=\"3926\" data-end=\"4244\">\n<li data-start=\"3926\" data-end=\"4004\">\n<p data-start=\"3928\" data-end=\"4004\">Per le persone che vogliono coltivare <strong data-start=\"3946\" data-end=\"3986\">ortaggi freschi nella propria cucina<\/strong> <\/p>\n<\/li>\n<li data-start=\"4005\" data-end=\"4075\">\n<p data-start=\"4007\" data-end=\"4075\">Per le famiglie <strong data-start=\"4021\" data-end=\"4036\">che non hanno un giardino<\/strong> ma che tengono alla qualit\u00e0<\/p>\n<\/li>\n<li data-start=\"4076\" data-end=\"4152\">\n<p data-start=\"4078\" data-end=\"4152\">Per tutti coloro che <strong data-start=\"4092\" data-end=\"4106\">hanno poco tempo a disposizione<\/strong> ma che vogliono mangiare sano<\/p>\n<\/li>\n<li data-start=\"4153\" data-end=\"4244\">\n<p data-start=\"4155\" data-end=\"4244\">Per gli utenti che cercano un <strong data-start=\"4175\" data-end=\"4212\">sistema affidabile e duraturo<\/strong> invece di un kit fai-da-te<\/p>\n<\/li>\n<\/ul>\n<p data-start=\"4246\" data-end=\"4308\"><strong data-start=\"4246\" data-end=\"4252\">Questo<\/strong> rende il giardinaggio indoor semplice, efficiente e sostenibile.<\/p>\n<hr data-start=\"3942\" data-end=\"3945\">\n<h3 data-start=\"3947\" data-end=\"3964\">Esperienza attuale<\/h3>\n<p data-start=\"3966\" data-end=\"4208\"><strong data-start=\"3966\" data-end=\"4050\">Goditi piante fresche e sane tutto l&#8217;anno, direttamente dalla tua cucina.<\/strong>  La Vertical Farm 120 di RAPHAEL combina una tecnologia di alta qualit\u00e0, un funzionamento semplice e un design salvaspazio per un&#8217;esperienza unica di giardinaggio indoor.<\/p>\n<p data-start=\"3966\" data-end=\"4208\"><strong data-start=\"527\" data-end=\"622\">Ottieni la tua Fattoria Verticale 120 RAPHAEL: basta configurarla e goderne automaticamente!<\/strong><br data-start=\"622\" data-end=\"625\">Qualit\u00e0 vegetale premium. Semplice, efficiente, sostenibile. <\/p>\n<div class=\"video-container responsive-embed widescreen\"><iframe title=\"LITRAX LX210 Instruction\" width=\"900\" height=\"506\" src=\"https:\/\/www.youtube.com\/embed\/PUbtjTM3zKI?feature=oembed\" frameborder=\"0\" allow=\"accelerometer; autoplay; clipboard-write; encrypted-media; gyroscope; picture-in-picture; web-share\" referrerpolicy=\"strict-origin-when-cross-origin\" allowfullscreen><\/iframe><\/div>\n","protected":false},"excerpt":{"rendered":"<p>La fattoria verticale per la cucina e il balcone Verdure fresche dalla tua cucina, tutto l&#8217;anno.La Vertical Farm 120 di RAPHAEL \u00e8 un sistema di coltivazione indoor di alta qualit\u00e0 e completamente automatico per la cucina, il soggiorno e, stagionalmente, per il balcone o il patio. Ha spazio per 64 piante con vasi di argilla [&hellip;]<\/p>\n","protected":false},"featured_media":17800,"comment_status":"closed","ping_status":"closed","template":"","meta":[],"product_brand":[],"product_cat":[850,157,125],"product_tag":[755,514,399],"class_list":{"0":"post-18591","1":"product","2":"type-product","3":"status-publish","4":"has-post-thumbnail","6":"product_cat-automazione","7":"product_cat-gastronomia-industria","8":"product_cat-idroponica","9":"product_tag-indoor-it-2","10":"product_tag-fattoria-verticale","11":"product_tag-gastronomia","12":"product_shipping_class-articoli-di-grandi-dimensioni-peso-a-partire-da-20-kg-pezzo-o-articoli-per-2-persone","14":"first","15":"outofstock","16":"taxable","17":"shipping-taxable","18":"product-type-simple"},"yoast_head":"<!-- This site is optimized with the Yoast SEO Premium plugin v26.7 (Yoast SEO v27.4) - https:\/\/yoast.com\/product\/yoast-seo-premium-wordpress\/ -->\n<title>Fattoria verticale RAPHAEL 120: condizioni di coltivazione ottimali<\/title>\n<meta name=\"description\" content=\"Scopri la Fattoria Verticale 120 di RAPHAEL per ottenere le migliori condizioni di coltivazione a casa tua. Coltiva deliziosi ortaggi ed erbe aromatiche! \ud83c\udf31\" \/>\n<meta name=\"robots\" content=\"index, follow, max-snippet:-1, max-image-preview:large, max-video-preview:-1\" \/>\n<link rel=\"canonical\" href=\"https:\/\/litrax.ch\/it\/shop\/raphael-indoor-farm\/\" \/>\n<meta property=\"og:locale\" content=\"it_IT\" \/>\n<meta property=\"og:type\" content=\"article\" \/>\n<meta property=\"og:title\" content=\"RAPHAEL Fattoria Verticale 120 (Modello 2025)\" \/>\n<meta property=\"og:description\" content=\"Scopri la Fattoria Verticale 120 di RAPHAEL per ottenere le migliori condizioni di coltivazione a casa tua. Coltiva deliziosi ortaggi ed erbe aromatiche! \ud83c\udf31\" \/>\n<meta property=\"og:url\" content=\"https:\/\/litrax.ch\/it\/shop\/raphael-indoor-farm\/\" \/>\n<meta property=\"og:site_name\" content=\"Litrax - Hydroponische Systeme\" \/>\n<meta property=\"article:publisher\" content=\"https:\/\/www.facebook.com\/Litrax.ch\" \/>\n<meta property=\"article:modified_time\" content=\"2026-04-28T05:04:53+00:00\" \/>\n<meta property=\"og:image\" content=\"https:\/\/litrax.ch\/wp-content\/uploads\/2024\/01\/LX210_Trans.png\" \/>\n\t<meta property=\"og:image:width\" content=\"1000\" \/>\n\t<meta property=\"og:image:height\" content=\"666\" \/>\n\t<meta property=\"og:image:type\" content=\"image\/png\" \/>\n<meta name=\"twitter:card\" content=\"summary_large_image\" \/>\n<meta name=\"twitter:label1\" content=\"Prezzo\" \/>\n\t<meta name=\"twitter:data1\" content=\"\" \/>\n\t<meta name=\"twitter:label2\" content=\"Disponibilit\u00e0\" \/>\n\t<meta name=\"twitter:data2\" content=\"Esaurito\" \/>\n<script type=\"application\/ld+json\" class=\"yoast-schema-graph\">{\"@context\":\"https:\\\/\\\/schema.org\",\"@graph\":[{\"@type\":\"WebPage\",\"@id\":\"https:\\\/\\\/litrax.ch\\\/it\\\/shop\\\/raphael-indoor-farm\\\/\",\"url\":\"https:\\\/\\\/litrax.ch\\\/it\\\/shop\\\/raphael-indoor-farm\\\/\",\"name\":\"Fattoria verticale RAPHAEL 120: condizioni di coltivazione ottimali\",\"isPartOf\":{\"@id\":\"https:\\\/\\\/litrax.ch\\\/it\\\/#website\"},\"primaryImageOfPage\":{\"@id\":\"https:\\\/\\\/litrax.ch\\\/it\\\/shop\\\/raphael-indoor-farm\\\/#primaryimage\"},\"image\":{\"@id\":\"https:\\\/\\\/litrax.ch\\\/it\\\/shop\\\/raphael-indoor-farm\\\/#primaryimage\"},\"thumbnailUrl\":\"https:\\\/\\\/litrax.ch\\\/wp-content\\\/uploads\\\/2024\\\/01\\\/LX210_Trans.png\",\"datePublished\":\"2024-01-11T08:44:32+00:00\",\"dateModified\":\"2026-04-28T05:04:53+00:00\",\"description\":\"Scopri la Fattoria Verticale 120 di RAPHAEL per ottenere le migliori condizioni di coltivazione a casa tua. Coltiva deliziosi ortaggi ed erbe aromatiche! \ud83c\udf31\",\"breadcrumb\":{\"@id\":\"https:\\\/\\\/litrax.ch\\\/it\\\/shop\\\/raphael-indoor-farm\\\/#breadcrumb\"},\"inLanguage\":\"it-IT\",\"potentialAction\":[{\"@type\":\"ReadAction\",\"target\":[\"https:\\\/\\\/litrax.ch\\\/it\\\/shop\\\/raphael-indoor-farm\\\/\"]}]},{\"@type\":\"ImageObject\",\"inLanguage\":\"it-IT\",\"@id\":\"https:\\\/\\\/litrax.ch\\\/it\\\/shop\\\/raphael-indoor-farm\\\/#primaryimage\",\"url\":\"https:\\\/\\\/litrax.ch\\\/wp-content\\\/uploads\\\/2024\\\/01\\\/LX210_Trans.png\",\"contentUrl\":\"https:\\\/\\\/litrax.ch\\\/wp-content\\\/uploads\\\/2024\\\/01\\\/LX210_Trans.png\",\"width\":1000,\"height\":666},{\"@type\":\"BreadcrumbList\",\"@id\":\"https:\\\/\\\/litrax.ch\\\/it\\\/shop\\\/raphael-indoor-farm\\\/#breadcrumb\",\"itemListElement\":[{\"@type\":\"ListItem\",\"position\":1,\"name\":\"Startseite\",\"item\":\"https:\\\/\\\/litrax.ch\\\/it\\\/casa\\\/\"},{\"@type\":\"ListItem\",\"position\":2,\"name\":\"Negozio\",\"item\":\"https:\\\/\\\/litrax.ch\\\/it\\\/negozio\\\/\"},{\"@type\":\"ListItem\",\"position\":3,\"name\":\"RAPHAEL Fattoria Verticale 120 (Modello 2025)\"}]},{\"@type\":\"WebSite\",\"@id\":\"https:\\\/\\\/litrax.ch\\\/it\\\/#website\",\"url\":\"https:\\\/\\\/litrax.ch\\\/it\\\/\",\"name\":\"Litrax - Hydroponische Systeme\",\"description\":\"Erlebe Hydroponik - der erdlose Gartengenuss.\",\"publisher\":{\"@id\":\"https:\\\/\\\/litrax.ch\\\/it\\\/#organization\"},\"alternateName\":\"Litrax\",\"potentialAction\":[{\"@type\":\"SearchAction\",\"target\":{\"@type\":\"EntryPoint\",\"urlTemplate\":\"https:\\\/\\\/litrax.ch\\\/it\\\/?s={search_term_string}\"},\"query-input\":{\"@type\":\"PropertyValueSpecification\",\"valueRequired\":true,\"valueName\":\"search_term_string\"}}],\"inLanguage\":\"it-IT\"},{\"@type\":\"Organization\",\"@id\":\"https:\\\/\\\/litrax.ch\\\/it\\\/#organization\",\"name\":\"Litrax - Hydroponische Systeme\",\"alternateName\":\"Litrax\",\"url\":\"https:\\\/\\\/litrax.ch\\\/it\\\/\",\"logo\":{\"@type\":\"ImageObject\",\"inLanguage\":\"it-IT\",\"@id\":\"https:\\\/\\\/litrax.ch\\\/it\\\/#\\\/schema\\\/logo\\\/image\\\/\",\"url\":\"https:\\\/\\\/litrax.ch\\\/wp-content\\\/uploads\\\/2024\\\/03\\\/facivon.png\",\"contentUrl\":\"https:\\\/\\\/litrax.ch\\\/wp-content\\\/uploads\\\/2024\\\/03\\\/facivon.png\",\"width\":150,\"height\":150,\"caption\":\"Litrax - Hydroponische Systeme\"},\"image\":{\"@id\":\"https:\\\/\\\/litrax.ch\\\/it\\\/#\\\/schema\\\/logo\\\/image\\\/\"},\"sameAs\":[\"https:\\\/\\\/www.facebook.com\\\/Litrax.ch\",\"https:\\\/\\\/www.instagram.com\\\/litrax.ch\\\/\",\"https:\\\/\\\/www.tiktok.com\\\/@litrax.ch\"],\"description\":\"Willkommen bei Litrax \u2013 Ihrem f\u00fchrenden Online-Shop f\u00fcr hochwertige hydroponische Gartensysteme! Wir bieten eine breite Palette an L\u00f6sungen f\u00fcr Privatpersonen, Restaurants und industrielle Gro\u00dfsysteme, um Ihnen zu helfen, Ihre eigene gr\u00fcne Oase zu schaffen, unabh\u00e4ngig von Ihrem Bedarf oder Ihrer Gr\u00f6\u00dfe. F\u00fcr Haushalte\\\/B\u00fcros: Entdecken Sie die Freude am G\u00e4rtnern in Ihrem eigenen Zuhause mit unseren einfach zu bedienenden hydroponischen Gartensystemen. Egal, ob Sie auf einem Balkon, einer Terrasse oder in Ihrem Wohnzimmer g\u00e4rtnern m\u00f6chten \u2013 wir haben das passende System f\u00fcr Sie. Genie\u00dfen Sie frisches Gem\u00fcse, aromatische Kr\u00e4uter und farbenfrohe Blumen das ganze Jahr \u00fcber, direkt aus Ihrem hydroponischen Garten. F\u00fcr Restaurants: Steigern Sie die Qualit\u00e4t Ihrer Gerichte und beeindrucken Sie Ihre G\u00e4ste mit frischen, geschmacksintensiven Zutaten aus unserem Sortiment an hydroponischen Gartensystemen f\u00fcr den gastronomischen Bereich. Unsere Systeme sind platzsparend, effizient und einfach zu bedienen, so dass Sie Ihre eigenen Zutaten direkt in Ihrer K\u00fcche anbauen k\u00f6nnen. Erleben Sie die Freude an nachhaltigem G\u00e4rtnern und lassen Sie Ihre kulinarischen Kreationen erstrahlen. Industrielle Gro\u00dfsysteme: Optimieren Sie Ihre landwirtschaftliche Produktion mit unseren ma\u00dfgeschneiderten hydroponischen Gro\u00dfsystemen. Von vertikalen Farmen bis hin zu automatisierten Anlagen bieten wir skalierbare L\u00f6sungen f\u00fcr maximale Effizienz und Produktivit\u00e4t. Nutzen Sie die Vorteile der hydroponischen Landwirtschaft, um Ihre Ernteertr\u00e4ge zu steigern, Platz zu sparen und Ressourcen zu optimieren. Erfahren Sie, wie unsere Systeme die Zukunft der industriellen Landwirtschaft gestalten k\u00f6nnen. Bei Litrax legen wir Wert auf Qualit\u00e4t und Kundenzufriedenheit. Unsere Produkte sind sorgf\u00e4ltig ausgew\u00e4hlt, um Ihnen die besten Ergebnisse zu garantieren, und wir bieten sie zu g\u00fcnstigen Preisen an. Dank unseres eigenen Lagers in der Schweiz k\u00f6nnen wir Ihnen eine schnelle Lieferung am n\u00e4chsten Tag garantieren.\",\"legalName\":\"Resyx GmbH\",\"foundingDate\":\"2022-12-22\",\"numberOfEmployees\":{\"@type\":\"QuantitativeValue\",\"minValue\":\"1\",\"maxValue\":\"10\"}}]}<\/script>\n<meta property=\"product:price:currency\" content=\"CHF\" \/>\n<meta property=\"og:availability\" content=\"out of stock\" \/>\n<meta property=\"product:availability\" content=\"out of stock\" \/>\n<meta property=\"product:retailer_item_id\" content=\"LX210-04 LED\" \/>\n<meta property=\"product:condition\" content=\"new\" \/>\n<!-- \/ Yoast SEO Premium plugin. -->","yoast_head_json":{"title":"Fattoria verticale RAPHAEL 120: condizioni di coltivazione ottimali","description":"Scopri la Fattoria Verticale 120 di RAPHAEL per ottenere le migliori condizioni di coltivazione a casa tua. Coltiva deliziosi ortaggi ed erbe aromatiche! \ud83c\udf31","robots":{"index":"index","follow":"follow","max-snippet":"max-snippet:-1","max-image-preview":"max-image-preview:large","max-video-preview":"max-video-preview:-1"},"canonical":"https:\/\/litrax.ch\/it\/shop\/raphael-indoor-farm\/","og_locale":"it_IT","og_type":"article","og_title":"RAPHAEL Fattoria Verticale 120 (Modello 2025)","og_description":"Scopri la Fattoria Verticale 120 di RAPHAEL per ottenere le migliori condizioni di coltivazione a casa tua. Coltiva deliziosi ortaggi ed erbe aromatiche! \ud83c\udf31","og_url":"https:\/\/litrax.ch\/it\/shop\/raphael-indoor-farm\/","og_site_name":"Litrax - Hydroponische Systeme","article_publisher":"https:\/\/www.facebook.com\/Litrax.ch","article_modified_time":"2026-04-28T05:04:53+00:00","og_image":[{"width":1000,"height":666,"url":"https:\/\/litrax.ch\/wp-content\/uploads\/2024\/01\/LX210_Trans.png","type":"image\/png"}],"twitter_card":"summary_large_image","twitter_misc":{"Prezzo":"","Disponibilit\u00e0":"Esaurito"},"schema":{"@context":"https:\/\/schema.org","@graph":[{"@type":"WebPage","@id":"https:\/\/litrax.ch\/it\/shop\/raphael-indoor-farm\/","url":"https:\/\/litrax.ch\/it\/shop\/raphael-indoor-farm\/","name":"Fattoria verticale RAPHAEL 120: condizioni di coltivazione ottimali","isPartOf":{"@id":"https:\/\/litrax.ch\/it\/#website"},"primaryImageOfPage":{"@id":"https:\/\/litrax.ch\/it\/shop\/raphael-indoor-farm\/#primaryimage"},"image":{"@id":"https:\/\/litrax.ch\/it\/shop\/raphael-indoor-farm\/#primaryimage"},"thumbnailUrl":"https:\/\/litrax.ch\/wp-content\/uploads\/2024\/01\/LX210_Trans.png","datePublished":"2024-01-11T08:44:32+00:00","dateModified":"2026-04-28T05:04:53+00:00","description":"Scopri la Fattoria Verticale 120 di RAPHAEL per ottenere le migliori condizioni di coltivazione a casa tua. Coltiva deliziosi ortaggi ed erbe aromatiche! \ud83c\udf31","breadcrumb":{"@id":"https:\/\/litrax.ch\/it\/shop\/raphael-indoor-farm\/#breadcrumb"},"inLanguage":"it-IT","potentialAction":[{"@type":"ReadAction","target":["https:\/\/litrax.ch\/it\/shop\/raphael-indoor-farm\/"]}]},{"@type":"ImageObject","inLanguage":"it-IT","@id":"https:\/\/litrax.ch\/it\/shop\/raphael-indoor-farm\/#primaryimage","url":"https:\/\/litrax.ch\/wp-content\/uploads\/2024\/01\/LX210_Trans.png","contentUrl":"https:\/\/litrax.ch\/wp-content\/uploads\/2024\/01\/LX210_Trans.png","width":1000,"height":666},{"@type":"BreadcrumbList","@id":"https:\/\/litrax.ch\/it\/shop\/raphael-indoor-farm\/#breadcrumb","itemListElement":[{"@type":"ListItem","position":1,"name":"Startseite","item":"https:\/\/litrax.ch\/it\/casa\/"},{"@type":"ListItem","position":2,"name":"Negozio","item":"https:\/\/litrax.ch\/it\/negozio\/"},{"@type":"ListItem","position":3,"name":"RAPHAEL Fattoria Verticale 120 (Modello 2025)"}]},{"@type":"WebSite","@id":"https:\/\/litrax.ch\/it\/#website","url":"https:\/\/litrax.ch\/it\/","name":"Litrax - Hydroponische Systeme","description":"Erlebe Hydroponik - der erdlose Gartengenuss.","publisher":{"@id":"https:\/\/litrax.ch\/it\/#organization"},"alternateName":"Litrax","potentialAction":[{"@type":"SearchAction","target":{"@type":"EntryPoint","urlTemplate":"https:\/\/litrax.ch\/it\/?s={search_term_string}"},"query-input":{"@type":"PropertyValueSpecification","valueRequired":true,"valueName":"search_term_string"}}],"inLanguage":"it-IT"},{"@type":"Organization","@id":"https:\/\/litrax.ch\/it\/#organization","name":"Litrax - Hydroponische Systeme","alternateName":"Litrax","url":"https:\/\/litrax.ch\/it\/","logo":{"@type":"ImageObject","inLanguage":"it-IT","@id":"https:\/\/litrax.ch\/it\/#\/schema\/logo\/image\/","url":"https:\/\/litrax.ch\/wp-content\/uploads\/2024\/03\/facivon.png","contentUrl":"https:\/\/litrax.ch\/wp-content\/uploads\/2024\/03\/facivon.png","width":150,"height":150,"caption":"Litrax - Hydroponische Systeme"},"image":{"@id":"https:\/\/litrax.ch\/it\/#\/schema\/logo\/image\/"},"sameAs":["https:\/\/www.facebook.com\/Litrax.ch","https:\/\/www.instagram.com\/litrax.ch\/","https:\/\/www.tiktok.com\/@litrax.ch"],"description":"Willkommen bei Litrax \u2013 Ihrem f\u00fchrenden Online-Shop f\u00fcr hochwertige hydroponische Gartensysteme! Wir bieten eine breite Palette an L\u00f6sungen f\u00fcr Privatpersonen, Restaurants und industrielle Gro\u00dfsysteme, um Ihnen zu helfen, Ihre eigene gr\u00fcne Oase zu schaffen, unabh\u00e4ngig von Ihrem Bedarf oder Ihrer Gr\u00f6\u00dfe. F\u00fcr Haushalte\/B\u00fcros: Entdecken Sie die Freude am G\u00e4rtnern in Ihrem eigenen Zuhause mit unseren einfach zu bedienenden hydroponischen Gartensystemen. Egal, ob Sie auf einem Balkon, einer Terrasse oder in Ihrem Wohnzimmer g\u00e4rtnern m\u00f6chten \u2013 wir haben das passende System f\u00fcr Sie. Genie\u00dfen Sie frisches Gem\u00fcse, aromatische Kr\u00e4uter und farbenfrohe Blumen das ganze Jahr \u00fcber, direkt aus Ihrem hydroponischen Garten. F\u00fcr Restaurants: Steigern Sie die Qualit\u00e4t Ihrer Gerichte und beeindrucken Sie Ihre G\u00e4ste mit frischen, geschmacksintensiven Zutaten aus unserem Sortiment an hydroponischen Gartensystemen f\u00fcr den gastronomischen Bereich. Unsere Systeme sind platzsparend, effizient und einfach zu bedienen, so dass Sie Ihre eigenen Zutaten direkt in Ihrer K\u00fcche anbauen k\u00f6nnen. Erleben Sie die Freude an nachhaltigem G\u00e4rtnern und lassen Sie Ihre kulinarischen Kreationen erstrahlen. Industrielle Gro\u00dfsysteme: Optimieren Sie Ihre landwirtschaftliche Produktion mit unseren ma\u00dfgeschneiderten hydroponischen Gro\u00dfsystemen. Von vertikalen Farmen bis hin zu automatisierten Anlagen bieten wir skalierbare L\u00f6sungen f\u00fcr maximale Effizienz und Produktivit\u00e4t. Nutzen Sie die Vorteile der hydroponischen Landwirtschaft, um Ihre Ernteertr\u00e4ge zu steigern, Platz zu sparen und Ressourcen zu optimieren. Erfahren Sie, wie unsere Systeme die Zukunft der industriellen Landwirtschaft gestalten k\u00f6nnen. Bei Litrax legen wir Wert auf Qualit\u00e4t und Kundenzufriedenheit. Unsere Produkte sind sorgf\u00e4ltig ausgew\u00e4hlt, um Ihnen die besten Ergebnisse zu garantieren, und wir bieten sie zu g\u00fcnstigen Preisen an. Dank unseres eigenen Lagers in der Schweiz k\u00f6nnen wir Ihnen eine schnelle Lieferung am n\u00e4chsten Tag garantieren.","legalName":"Resyx GmbH","foundingDate":"2022-12-22","numberOfEmployees":{"@type":"QuantitativeValue","minValue":"1","maxValue":"10"}}]},"product_price_currency":"CHF","og_availability":"out of stock","product_availability":"out of stock","product_retailer_item_id":"LX210-04 LED","product_condition":"new"},"_links":{"self":[{"href":"https:\/\/litrax.ch\/it\/wp-json\/wp\/v2\/product\/18591","targetHints":{"allow":["GET"]}}],"collection":[{"href":"https:\/\/litrax.ch\/it\/wp-json\/wp\/v2\/product"}],"about":[{"href":"https:\/\/litrax.ch\/it\/wp-json\/wp\/v2\/types\/product"}],"replies":[{"embeddable":true,"href":"https:\/\/litrax.ch\/it\/wp-json\/wp\/v2\/comments?post=18591"}],"wp:featuredmedia":[{"embeddable":true,"href":"https:\/\/litrax.ch\/it\/wp-json\/wp\/v2\/media\/17800"}],"wp:attachment":[{"href":"https:\/\/litrax.ch\/it\/wp-json\/wp\/v2\/media?parent=18591"}],"wp:term":[{"taxonomy":"product_brand","embeddable":true,"href":"https:\/\/litrax.ch\/it\/wp-json\/wp\/v2\/product_brand?post=18591"},{"taxonomy":"product_cat","embeddable":true,"href":"https:\/\/litrax.ch\/it\/wp-json\/wp\/v2\/product_cat?post=18591"},{"taxonomy":"product_tag","embeddable":true,"href":"https:\/\/litrax.ch\/it\/wp-json\/wp\/v2\/product_tag?post=18591"}],"curies":[{"name":"wp","href":"https:\/\/api.w.org\/{rel}","templated":true}]}}