{"id":19982,"date":"2024-08-20T13:40:22","date_gmt":"2024-08-20T13:40:22","guid":{"rendered":"https:\/\/litrax.ch\/?post_type=product&#038;p=19982"},"modified":"2025-08-28T16:49:52","modified_gmt":"2025-08-28T16:49:52","slug":"modulo-di-coltivazione-vegetativa-kopie","status":"publish","type":"product","link":"https:\/\/litrax.ch\/it\/shop\/modulo-di-coltivazione-vegetativa-kopie\/","title":{"rendered":"Fattoria a torre verticale &#8211; 180 piante"},"content":{"rendered":"<p>T<strong>orre idroponica verticale per un massimo di 180 piante<\/strong> Massima resa, minimo ingombro! La torre idroponica verticale \u00e8 la soluzione ideale per coltivare in modo sostenibile e veloce verdure a foglia fresca ed erbe aromatiche, sia in casa che sul balcone, in giardino o in serra. <\/p>\n<p><strong>Porta la tua coltivazione a un nuovo livello:<\/strong><\/p>\n<ul>\n<li>\nP<strong>erfetto per un&#8217;ampia variet\u00e0 di piante<\/strong> Il nostro sistema a torre \u00e8 flessibile nell&#8217;utilizzo ed \u00e8 ideale per verdure a foglia, insalate, erbe, fiori e persino fragole. Puoi coltivare fino a 180 piante su 15 livelli verticali contemporaneamente, ottenendo cos\u00ec un&#8217;enorme densit\u00e0 di resa in spazi ridottissimi. <\/li>\n<li>\nM<strong>obilit\u00e0 completa e illuminazione a 360\u00b0<\/strong> Grazie alle robuste rotelle, la torre pu\u00f2 essere facilmente spostata e utilizzata in modo flessibile. All&#8217;interno, le potenti luci di coltivazione a LED forniscono un&#8217;illuminazione uniforme a 360\u00b0 e favoriscono una crescita sana e vigorosa delle tue piante. <\/li>\n<li>\nP<strong>restazioni elevate con un consumo d&#8217;acqua minimo<\/strong> Il serbatoio d&#8217;acqua da 100 litri garantisce un approvvigionamento idrico affidabile e duraturo e consente di risparmiare fino all&#8217;80% di acqua rispetto alle coltivazioni tradizionali. Le spugne quadrate con liquido nutritivo riforniscono ogni pianta in modo uniforme, per ottenere il massimo rendimento in tempi record. <\/li>\n<li>\nR<strong>accolto per tutto l&#8217;anno &#8211; all&#8217;interno e all&#8217;esterno<\/strong> Utilizza il sistema a torre per un raccolto continuo, sia all&#8217;aperto su balconi, terrazze o tetti soleggiati, sia come soluzione indoor per una coltivazione che dura tutto l&#8217;anno.<\/li>\n<li>\nV<strong>elocit\u00e0 di crescita fino a 5 volte superiore<\/strong> Sperimenta una crescita rapida e risultati fino a 5 volte pi\u00f9 veloci rispetto ai metodi di coltivazione convenzionali: l&#8217;ideale per chi ha bisogno di raccolti elevati in poco tempo.<\/li>\n<\/ul>\n<hr>\n<p><strong>Stai progettando un sistema pi\u00f9 grande?<\/strong><br \/>\nContattaci per un preventivo personalizzato: offriamo interessanti riduzioni di prezzo per grandi quantit\u00e0 e ordini commerciali. I prezzi si abbassano notevolmente per ordini di quantit\u00e0 maggiori, soprattutto per le serre e l&#8217;agricoltura professionale. <\/p>\n<p>Prova il futuro dell&#8217;agricoltura con la nostra torre idroponica verticale: efficiente, sostenibile e poco ingombrante!<\/p>\n","protected":false},"excerpt":{"rendered":"<p>Torre idroponica verticale per un massimo di 180 piante Massima resa, minimo ingombro! La torre idroponica verticale \u00e8 la soluzione ideale per coltivare in modo sostenibile e veloce verdure a foglia fresca ed erbe aromatiche, sia in casa che sul balcone, in giardino o in serra. Porta la tua coltivazione a un nuovo livello: Perfetto [&hellip;]<\/p>\n","protected":false},"featured_media":20359,"comment_status":"closed","ping_status":"closed","template":"","meta":[],"product_brand":[],"product_cat":[158,157,125],"product_tag":[750,514,1288],"class_list":{"0":"post-19982","1":"product","2":"type-product","3":"status-publish","4":"has-post-thumbnail","6":"product_cat-agricoltura","7":"product_cat-gastronomia-industria","8":"product_cat-idroponica","9":"product_tag-outdoor-it","10":"product_tag-fattoria-verticale","11":"product_tag-torre-idroponica","13":"first","14":"outofstock","15":"taxable","16":"shipping-taxable","17":"purchasable","18":"product-type-simple"},"yoast_head":"<!-- This site is optimized with the Yoast SEO Premium plugin v26.7 (Yoast SEO v27.4) - https:\/\/yoast.com\/product\/yoast-seo-premium-wordpress\/ -->\n<title>Fattoria a torre verticale - 180 piante - Litrax - Hydroponische Systeme<\/title>\n<meta name=\"robots\" content=\"index, follow, max-snippet:-1, max-image-preview:large, max-video-preview:-1\" \/>\n<link rel=\"canonical\" href=\"https:\/\/litrax.ch\/it\/shop\/modulo-di-coltivazione-vegetativa-kopie\/\" \/>\n<meta property=\"og:locale\" content=\"it_IT\" \/>\n<meta property=\"og:type\" content=\"article\" \/>\n<meta property=\"og:title\" content=\"Fattoria a torre verticale - 180 piante\" \/>\n<meta property=\"og:description\" content=\"Torre idroponica verticale per un massimo di 180 piante Massima resa, minimo ingombro! La torre idroponica verticale \u00e8 la soluzione ideale per coltivare in modo sostenibile e veloce verdure a foglia fresca ed erbe aromatiche, sia in casa che sul balcone, in giardino o in serra. Porta la tua coltivazione a un nuovo livello: Perfetto [&hellip;]\" \/>\n<meta property=\"og:url\" content=\"https:\/\/litrax.ch\/it\/shop\/modulo-di-coltivazione-vegetativa-kopie\/\" \/>\n<meta property=\"og:site_name\" content=\"Litrax - Hydroponische Systeme\" \/>\n<meta property=\"article:publisher\" content=\"https:\/\/www.facebook.com\/Litrax.ch\" \/>\n<meta property=\"article:modified_time\" content=\"2025-08-28T16:49:52+00:00\" \/>\n<meta property=\"og:image\" content=\"https:\/\/litrax.ch\/wp-content\/uploads\/2024\/08\/Litrax-LXMG-3L-125-Microgreen-Fodder-Hydroponic-System2.png\" \/>\n\t<meta property=\"og:image:width\" content=\"526\" \/>\n\t<meta property=\"og:image:height\" content=\"572\" \/>\n\t<meta property=\"og:image:type\" content=\"image\/png\" \/>\n<meta name=\"twitter:card\" content=\"summary_large_image\" \/>\n<meta name=\"twitter:label1\" content=\"Prezzo\" \/>\n\t<meta name=\"twitter:data1\" content=\"&#067;&#072;&#070;&nbsp;1&#039;450.00\" \/>\n\t<meta name=\"twitter:label2\" content=\"Disponibilit\u00e0\" \/>\n\t<meta name=\"twitter:data2\" content=\"Esaurito\" \/>\n<script type=\"application\/ld+json\" class=\"yoast-schema-graph\">{\"@context\":\"https:\\\/\\\/schema.org\",\"@graph\":[{\"@type\":\"WebPage\",\"@id\":\"https:\\\/\\\/litrax.ch\\\/it\\\/shop\\\/modulo-di-coltivazione-vegetativa-kopie\\\/\",\"url\":\"https:\\\/\\\/litrax.ch\\\/it\\\/shop\\\/modulo-di-coltivazione-vegetativa-kopie\\\/\",\"name\":\"Fattoria a torre verticale - 180 piante - Litrax - Hydroponische Systeme\",\"isPartOf\":{\"@id\":\"https:\\\/\\\/litrax.ch\\\/it\\\/#website\"},\"primaryImageOfPage\":{\"@id\":\"https:\\\/\\\/litrax.ch\\\/it\\\/shop\\\/modulo-di-coltivazione-vegetativa-kopie\\\/#primaryimage\"},\"image\":{\"@id\":\"https:\\\/\\\/litrax.ch\\\/it\\\/shop\\\/modulo-di-coltivazione-vegetativa-kopie\\\/#primaryimage\"},\"thumbnailUrl\":\"https:\\\/\\\/litrax.ch\\\/wp-content\\\/uploads\\\/2024\\\/08\\\/Litrax-LXMG-3L-125-Microgreen-Fodder-Hydroponic-System2.png\",\"datePublished\":\"2024-08-20T13:40:22+00:00\",\"dateModified\":\"2025-08-28T16:49:52+00:00\",\"breadcrumb\":{\"@id\":\"https:\\\/\\\/litrax.ch\\\/it\\\/shop\\\/modulo-di-coltivazione-vegetativa-kopie\\\/#breadcrumb\"},\"inLanguage\":\"it-IT\",\"potentialAction\":[{\"@type\":\"ReadAction\",\"target\":[\"https:\\\/\\\/litrax.ch\\\/it\\\/shop\\\/modulo-di-coltivazione-vegetativa-kopie\\\/\"]}]},{\"@type\":\"ImageObject\",\"inLanguage\":\"it-IT\",\"@id\":\"https:\\\/\\\/litrax.ch\\\/it\\\/shop\\\/modulo-di-coltivazione-vegetativa-kopie\\\/#primaryimage\",\"url\":\"https:\\\/\\\/litrax.ch\\\/wp-content\\\/uploads\\\/2024\\\/08\\\/Litrax-LXMG-3L-125-Microgreen-Fodder-Hydroponic-System2.png\",\"contentUrl\":\"https:\\\/\\\/litrax.ch\\\/wp-content\\\/uploads\\\/2024\\\/08\\\/Litrax-LXMG-3L-125-Microgreen-Fodder-Hydroponic-System2.png\",\"width\":526,\"height\":572},{\"@type\":\"BreadcrumbList\",\"@id\":\"https:\\\/\\\/litrax.ch\\\/it\\\/shop\\\/modulo-di-coltivazione-vegetativa-kopie\\\/#breadcrumb\",\"itemListElement\":[{\"@type\":\"ListItem\",\"position\":1,\"name\":\"Startseite\",\"item\":\"https:\\\/\\\/litrax.ch\\\/it\\\/casa\\\/\"},{\"@type\":\"ListItem\",\"position\":2,\"name\":\"Negozio\",\"item\":\"https:\\\/\\\/litrax.ch\\\/it\\\/negozio\\\/\"},{\"@type\":\"ListItem\",\"position\":3,\"name\":\"Fattoria a torre verticale &#8211; 180 piante\"}]},{\"@type\":\"WebSite\",\"@id\":\"https:\\\/\\\/litrax.ch\\\/it\\\/#website\",\"url\":\"https:\\\/\\\/litrax.ch\\\/it\\\/\",\"name\":\"Litrax - Hydroponische Systeme\",\"description\":\"Erlebe Hydroponik - der erdlose Gartengenuss.\",\"publisher\":{\"@id\":\"https:\\\/\\\/litrax.ch\\\/it\\\/#organization\"},\"alternateName\":\"Litrax\",\"potentialAction\":[{\"@type\":\"SearchAction\",\"target\":{\"@type\":\"EntryPoint\",\"urlTemplate\":\"https:\\\/\\\/litrax.ch\\\/it\\\/?s={search_term_string}\"},\"query-input\":{\"@type\":\"PropertyValueSpecification\",\"valueRequired\":true,\"valueName\":\"search_term_string\"}}],\"inLanguage\":\"it-IT\"},{\"@type\":\"Organization\",\"@id\":\"https:\\\/\\\/litrax.ch\\\/it\\\/#organization\",\"name\":\"Litrax - Hydroponische Systeme\",\"alternateName\":\"Litrax\",\"url\":\"https:\\\/\\\/litrax.ch\\\/it\\\/\",\"logo\":{\"@type\":\"ImageObject\",\"inLanguage\":\"it-IT\",\"@id\":\"https:\\\/\\\/litrax.ch\\\/it\\\/#\\\/schema\\\/logo\\\/image\\\/\",\"url\":\"https:\\\/\\\/litrax.ch\\\/wp-content\\\/uploads\\\/2024\\\/03\\\/facivon.png\",\"contentUrl\":\"https:\\\/\\\/litrax.ch\\\/wp-content\\\/uploads\\\/2024\\\/03\\\/facivon.png\",\"width\":150,\"height\":150,\"caption\":\"Litrax - Hydroponische Systeme\"},\"image\":{\"@id\":\"https:\\\/\\\/litrax.ch\\\/it\\\/#\\\/schema\\\/logo\\\/image\\\/\"},\"sameAs\":[\"https:\\\/\\\/www.facebook.com\\\/Litrax.ch\",\"https:\\\/\\\/www.instagram.com\\\/litrax.ch\\\/\",\"https:\\\/\\\/www.tiktok.com\\\/@litrax.ch\"],\"description\":\"Willkommen bei Litrax \u2013 Ihrem f\u00fchrenden Online-Shop f\u00fcr hochwertige hydroponische Gartensysteme! Wir bieten eine breite Palette an L\u00f6sungen f\u00fcr Privatpersonen, Restaurants und industrielle Gro\u00dfsysteme, um Ihnen zu helfen, Ihre eigene gr\u00fcne Oase zu schaffen, unabh\u00e4ngig von Ihrem Bedarf oder Ihrer Gr\u00f6\u00dfe. F\u00fcr Haushalte\\\/B\u00fcros: Entdecken Sie die Freude am G\u00e4rtnern in Ihrem eigenen Zuhause mit unseren einfach zu bedienenden hydroponischen Gartensystemen. Egal, ob Sie auf einem Balkon, einer Terrasse oder in Ihrem Wohnzimmer g\u00e4rtnern m\u00f6chten \u2013 wir haben das passende System f\u00fcr Sie. Genie\u00dfen Sie frisches Gem\u00fcse, aromatische Kr\u00e4uter und farbenfrohe Blumen das ganze Jahr \u00fcber, direkt aus Ihrem hydroponischen Garten. F\u00fcr Restaurants: Steigern Sie die Qualit\u00e4t Ihrer Gerichte und beeindrucken Sie Ihre G\u00e4ste mit frischen, geschmacksintensiven Zutaten aus unserem Sortiment an hydroponischen Gartensystemen f\u00fcr den gastronomischen Bereich. Unsere Systeme sind platzsparend, effizient und einfach zu bedienen, so dass Sie Ihre eigenen Zutaten direkt in Ihrer K\u00fcche anbauen k\u00f6nnen. Erleben Sie die Freude an nachhaltigem G\u00e4rtnern und lassen Sie Ihre kulinarischen Kreationen erstrahlen. Industrielle Gro\u00dfsysteme: Optimieren Sie Ihre landwirtschaftliche Produktion mit unseren ma\u00dfgeschneiderten hydroponischen Gro\u00dfsystemen. Von vertikalen Farmen bis hin zu automatisierten Anlagen bieten wir skalierbare L\u00f6sungen f\u00fcr maximale Effizienz und Produktivit\u00e4t. Nutzen Sie die Vorteile der hydroponischen Landwirtschaft, um Ihre Ernteertr\u00e4ge zu steigern, Platz zu sparen und Ressourcen zu optimieren. Erfahren Sie, wie unsere Systeme die Zukunft der industriellen Landwirtschaft gestalten k\u00f6nnen. Bei Litrax legen wir Wert auf Qualit\u00e4t und Kundenzufriedenheit. Unsere Produkte sind sorgf\u00e4ltig ausgew\u00e4hlt, um Ihnen die besten Ergebnisse zu garantieren, und wir bieten sie zu g\u00fcnstigen Preisen an. Dank unseres eigenen Lagers in der Schweiz k\u00f6nnen wir Ihnen eine schnelle Lieferung am n\u00e4chsten Tag garantieren.\",\"legalName\":\"Resyx GmbH\",\"foundingDate\":\"2022-12-22\",\"numberOfEmployees\":{\"@type\":\"QuantitativeValue\",\"minValue\":\"1\",\"maxValue\":\"10\"}}]}<\/script>\n<meta property=\"product:price:amount\" content=\"1450.00\" \/>\n<meta property=\"product:price:currency\" content=\"CHF\" \/>\n<meta property=\"og:availability\" content=\"out of stock\" \/>\n<meta property=\"product:availability\" content=\"out of stock\" \/>\n<meta property=\"product:retailer_item_id\" content=\"LX12P15-1T-170\" \/>\n<meta property=\"product:condition\" content=\"new\" \/>\n<!-- \/ Yoast SEO Premium plugin. -->","yoast_head_json":{"title":"Fattoria a torre verticale - 180 piante - Litrax - Hydroponische Systeme","robots":{"index":"index","follow":"follow","max-snippet":"max-snippet:-1","max-image-preview":"max-image-preview:large","max-video-preview":"max-video-preview:-1"},"canonical":"https:\/\/litrax.ch\/it\/shop\/modulo-di-coltivazione-vegetativa-kopie\/","og_locale":"it_IT","og_type":"article","og_title":"Fattoria a torre verticale - 180 piante","og_description":"Torre idroponica verticale per un massimo di 180 piante Massima resa, minimo ingombro! La torre idroponica verticale \u00e8 la soluzione ideale per coltivare in modo sostenibile e veloce verdure a foglia fresca ed erbe aromatiche, sia in casa che sul balcone, in giardino o in serra. Porta la tua coltivazione a un nuovo livello: Perfetto [&hellip;]","og_url":"https:\/\/litrax.ch\/it\/shop\/modulo-di-coltivazione-vegetativa-kopie\/","og_site_name":"Litrax - Hydroponische Systeme","article_publisher":"https:\/\/www.facebook.com\/Litrax.ch","article_modified_time":"2025-08-28T16:49:52+00:00","og_image":[{"width":526,"height":572,"url":"https:\/\/litrax.ch\/wp-content\/uploads\/2024\/08\/Litrax-LXMG-3L-125-Microgreen-Fodder-Hydroponic-System2.png","type":"image\/png"}],"twitter_card":"summary_large_image","twitter_misc":{"Prezzo":"&#67;&#72;&#70;&nbsp;1'450.00","Disponibilit\u00e0":"Esaurito"},"schema":{"@context":"https:\/\/schema.org","@graph":[{"@type":"WebPage","@id":"https:\/\/litrax.ch\/it\/shop\/modulo-di-coltivazione-vegetativa-kopie\/","url":"https:\/\/litrax.ch\/it\/shop\/modulo-di-coltivazione-vegetativa-kopie\/","name":"Fattoria a torre verticale - 180 piante - Litrax - Hydroponische Systeme","isPartOf":{"@id":"https:\/\/litrax.ch\/it\/#website"},"primaryImageOfPage":{"@id":"https:\/\/litrax.ch\/it\/shop\/modulo-di-coltivazione-vegetativa-kopie\/#primaryimage"},"image":{"@id":"https:\/\/litrax.ch\/it\/shop\/modulo-di-coltivazione-vegetativa-kopie\/#primaryimage"},"thumbnailUrl":"https:\/\/litrax.ch\/wp-content\/uploads\/2024\/08\/Litrax-LXMG-3L-125-Microgreen-Fodder-Hydroponic-System2.png","datePublished":"2024-08-20T13:40:22+00:00","dateModified":"2025-08-28T16:49:52+00:00","breadcrumb":{"@id":"https:\/\/litrax.ch\/it\/shop\/modulo-di-coltivazione-vegetativa-kopie\/#breadcrumb"},"inLanguage":"it-IT","potentialAction":[{"@type":"ReadAction","target":["https:\/\/litrax.ch\/it\/shop\/modulo-di-coltivazione-vegetativa-kopie\/"]}]},{"@type":"ImageObject","inLanguage":"it-IT","@id":"https:\/\/litrax.ch\/it\/shop\/modulo-di-coltivazione-vegetativa-kopie\/#primaryimage","url":"https:\/\/litrax.ch\/wp-content\/uploads\/2024\/08\/Litrax-LXMG-3L-125-Microgreen-Fodder-Hydroponic-System2.png","contentUrl":"https:\/\/litrax.ch\/wp-content\/uploads\/2024\/08\/Litrax-LXMG-3L-125-Microgreen-Fodder-Hydroponic-System2.png","width":526,"height":572},{"@type":"BreadcrumbList","@id":"https:\/\/litrax.ch\/it\/shop\/modulo-di-coltivazione-vegetativa-kopie\/#breadcrumb","itemListElement":[{"@type":"ListItem","position":1,"name":"Startseite","item":"https:\/\/litrax.ch\/it\/casa\/"},{"@type":"ListItem","position":2,"name":"Negozio","item":"https:\/\/litrax.ch\/it\/negozio\/"},{"@type":"ListItem","position":3,"name":"Fattoria a torre verticale &#8211; 180 piante"}]},{"@type":"WebSite","@id":"https:\/\/litrax.ch\/it\/#website","url":"https:\/\/litrax.ch\/it\/","name":"Litrax - Hydroponische Systeme","description":"Erlebe Hydroponik - der erdlose Gartengenuss.","publisher":{"@id":"https:\/\/litrax.ch\/it\/#organization"},"alternateName":"Litrax","potentialAction":[{"@type":"SearchAction","target":{"@type":"EntryPoint","urlTemplate":"https:\/\/litrax.ch\/it\/?s={search_term_string}"},"query-input":{"@type":"PropertyValueSpecification","valueRequired":true,"valueName":"search_term_string"}}],"inLanguage":"it-IT"},{"@type":"Organization","@id":"https:\/\/litrax.ch\/it\/#organization","name":"Litrax - Hydroponische Systeme","alternateName":"Litrax","url":"https:\/\/litrax.ch\/it\/","logo":{"@type":"ImageObject","inLanguage":"it-IT","@id":"https:\/\/litrax.ch\/it\/#\/schema\/logo\/image\/","url":"https:\/\/litrax.ch\/wp-content\/uploads\/2024\/03\/facivon.png","contentUrl":"https:\/\/litrax.ch\/wp-content\/uploads\/2024\/03\/facivon.png","width":150,"height":150,"caption":"Litrax - Hydroponische Systeme"},"image":{"@id":"https:\/\/litrax.ch\/it\/#\/schema\/logo\/image\/"},"sameAs":["https:\/\/www.facebook.com\/Litrax.ch","https:\/\/www.instagram.com\/litrax.ch\/","https:\/\/www.tiktok.com\/@litrax.ch"],"description":"Willkommen bei Litrax \u2013 Ihrem f\u00fchrenden Online-Shop f\u00fcr hochwertige hydroponische Gartensysteme! Wir bieten eine breite Palette an L\u00f6sungen f\u00fcr Privatpersonen, Restaurants und industrielle Gro\u00dfsysteme, um Ihnen zu helfen, Ihre eigene gr\u00fcne Oase zu schaffen, unabh\u00e4ngig von Ihrem Bedarf oder Ihrer Gr\u00f6\u00dfe. F\u00fcr Haushalte\/B\u00fcros: Entdecken Sie die Freude am G\u00e4rtnern in Ihrem eigenen Zuhause mit unseren einfach zu bedienenden hydroponischen Gartensystemen. Egal, ob Sie auf einem Balkon, einer Terrasse oder in Ihrem Wohnzimmer g\u00e4rtnern m\u00f6chten \u2013 wir haben das passende System f\u00fcr Sie. Genie\u00dfen Sie frisches Gem\u00fcse, aromatische Kr\u00e4uter und farbenfrohe Blumen das ganze Jahr \u00fcber, direkt aus Ihrem hydroponischen Garten. F\u00fcr Restaurants: Steigern Sie die Qualit\u00e4t Ihrer Gerichte und beeindrucken Sie Ihre G\u00e4ste mit frischen, geschmacksintensiven Zutaten aus unserem Sortiment an hydroponischen Gartensystemen f\u00fcr den gastronomischen Bereich. Unsere Systeme sind platzsparend, effizient und einfach zu bedienen, so dass Sie Ihre eigenen Zutaten direkt in Ihrer K\u00fcche anbauen k\u00f6nnen. Erleben Sie die Freude an nachhaltigem G\u00e4rtnern und lassen Sie Ihre kulinarischen Kreationen erstrahlen. Industrielle Gro\u00dfsysteme: Optimieren Sie Ihre landwirtschaftliche Produktion mit unseren ma\u00dfgeschneiderten hydroponischen Gro\u00dfsystemen. Von vertikalen Farmen bis hin zu automatisierten Anlagen bieten wir skalierbare L\u00f6sungen f\u00fcr maximale Effizienz und Produktivit\u00e4t. Nutzen Sie die Vorteile der hydroponischen Landwirtschaft, um Ihre Ernteertr\u00e4ge zu steigern, Platz zu sparen und Ressourcen zu optimieren. Erfahren Sie, wie unsere Systeme die Zukunft der industriellen Landwirtschaft gestalten k\u00f6nnen. Bei Litrax legen wir Wert auf Qualit\u00e4t und Kundenzufriedenheit. Unsere Produkte sind sorgf\u00e4ltig ausgew\u00e4hlt, um Ihnen die besten Ergebnisse zu garantieren, und wir bieten sie zu g\u00fcnstigen Preisen an. Dank unseres eigenen Lagers in der Schweiz k\u00f6nnen wir Ihnen eine schnelle Lieferung am n\u00e4chsten Tag garantieren.","legalName":"Resyx GmbH","foundingDate":"2022-12-22","numberOfEmployees":{"@type":"QuantitativeValue","minValue":"1","maxValue":"10"}}]},"product_price_amount":"1450.00","product_price_currency":"CHF","og_availability":"out of stock","product_availability":"out of stock","product_retailer_item_id":"LX12P15-1T-170","product_condition":"new"},"_links":{"self":[{"href":"https:\/\/litrax.ch\/it\/wp-json\/wp\/v2\/product\/19982","targetHints":{"allow":["GET"]}}],"collection":[{"href":"https:\/\/litrax.ch\/it\/wp-json\/wp\/v2\/product"}],"about":[{"href":"https:\/\/litrax.ch\/it\/wp-json\/wp\/v2\/types\/product"}],"replies":[{"embeddable":true,"href":"https:\/\/litrax.ch\/it\/wp-json\/wp\/v2\/comments?post=19982"}],"wp:featuredmedia":[{"embeddable":true,"href":"https:\/\/litrax.ch\/it\/wp-json\/wp\/v2\/media\/20359"}],"wp:attachment":[{"href":"https:\/\/litrax.ch\/it\/wp-json\/wp\/v2\/media?parent=19982"}],"wp:term":[{"taxonomy":"product_brand","embeddable":true,"href":"https:\/\/litrax.ch\/it\/wp-json\/wp\/v2\/product_brand?post=19982"},{"taxonomy":"product_cat","embeddable":true,"href":"https:\/\/litrax.ch\/it\/wp-json\/wp\/v2\/product_cat?post=19982"},{"taxonomy":"product_tag","embeddable":true,"href":"https:\/\/litrax.ch\/it\/wp-json\/wp\/v2\/product_tag?post=19982"}],"curies":[{"name":"wp","href":"https:\/\/api.w.org\/{rel}","templated":true}]}}