{"id":20042,"date":"2024-08-20T16:19:00","date_gmt":"2024-08-20T16:19:00","guid":{"rendered":"https:\/\/litrax.ch\/?post_type=product&#038;p=20042"},"modified":"2026-04-13T15:48:07","modified_gmt":"2026-04-13T15:48:07","slug":"torre-idroponica-compatta-per-180-piante-kopie","status":"publish","type":"product","link":"https:\/\/litrax.ch\/it\/shop\/torre-idroponica-compatta-per-180-piante-kopie\/","title":{"rendered":"QUATTRO Torre 4 rotante &#8211; 240"},"content":{"rendered":"<div>\n<h3>4 torri di crescita rotanti per 240 piante (set)<\/h3>\n<p>La coltivazione idroponica sostenibile e professionale con questo sistema a torre modulare ed espandibile permette di coltivare grandi quantit\u00e0 di ortaggi a foglia in tempi record sia all&#8217;interno che all&#8217;esterno o in serra, alla luce naturale del sole o in ambienti chiusi con luci LED. La rotazione costante della torre garantisce una crescita uniforme. <\/p>\n<h4>Caratteristiche del prodotto<\/h4>\n<ul>\n<li>Adatto a verdure a foglia, alcuni tipi di cavoli e ortaggi, insalate, erbe, fiori e fragole<\/li>\n<li>Letto rialzato a torre rotante con 4 torri, ciascuna con 10 livelli verticali. Modulare, pu\u00f2 essere ampliato in superficie e in altezza a seconda delle esigenze. Utilizzo ottimale del volume della serra fino a oltre 240 piante in verticale per m2.  <\/li>\n<li>6 vasi di piante per livello, per un totale di 240 piante distribuite su 4 torri<\/li>\n<li>4 strisce luminose a LED (1,5 m per striscia)<\/li>\n<li>Permette di ottenere una densit\u00e0 di rendimento molto elevata per unit\u00e0 di superficie.<\/li>\n<li>Agricoltura professionale ad alta densit\u00e0 di piante. \u00c8 adatto anche a luoghi soleggiati come balconi, terrazze, serre o persino a magazzini e garage. <\/li>\n<li>Permette di produrre tutto l&#8217;anno (interno\/esterno)<\/li>\n<li>Una crescita 5 volte pi\u00f9 rapida rispetto all&#8217;agricoltura convenzionale.<\/li>\n<li>Risparmio idrico fino all&#8217;80% grazie alla circolazione sostenibile con pompa.<\/li>\n<li>Grande serbatoio d&#8217;acqua per l&#8217;irrigazione a lungo termine<\/li>\n<li>Crescita con le spugne<\/li>\n<\/ul>\n<p>&nbsp;<\/p>\n<h4>Parametri del prodotto<\/h4>\n<p>Livelli: 10 livelli, espandibili in altezza in modo modulare<br \/>\nVasi: 6 vasi per pianta per livello, il livello pu\u00f2 essere personalizzato<br \/>\nNumero di piante: 240 (4 torri)<br \/>\nTipo di coltivazione: idroponica con liquido nutritivo, senza terreno<br \/>\nMateriale: PP alimentare<br \/>\nAccessori: componenti della torre, impalcatura, serbatoio dell&#8217;acqua, luci di coltivazione a LED, timer, pompa dell&#8217;acqua, cesti per piante, spugne per la coltivazione, ecc.<br \/>\nImballaggio: cartone, struttura in legno<br \/>\nTipi di piante: per ortaggi a foglia, fragole, erbe, fiori, ecc.<br \/>\nUso: interno\/esterno, giardino, agricoltura, coltivazione verticale<\/p>\n<\/div>\n","protected":false},"excerpt":{"rendered":"<p>4 torri di crescita rotanti per 240 piante (set) La coltivazione idroponica sostenibile e professionale con questo sistema a torre modulare ed espandibile permette di coltivare grandi quantit\u00e0 di ortaggi a foglia in tempi record sia all&#8217;interno che all&#8217;esterno o in serra, alla luce naturale del sole o in ambienti chiusi con luci LED. La [&hellip;]<\/p>\n","protected":false},"featured_media":20493,"comment_status":"open","ping_status":"closed","template":"","meta":[],"product_brand":[],"product_cat":[158,157,125],"product_tag":[514,1288],"class_list":{"0":"post-20042","1":"product","2":"type-product","3":"status-publish","4":"has-post-thumbnail","6":"product_cat-agricoltura","7":"product_cat-gastronomia-industria","8":"product_cat-idroponica","9":"product_tag-fattoria-verticale","10":"product_tag-torre-idroponica","12":"first","13":"instock","14":"taxable","15":"shipping-taxable","16":"purchasable","17":"product-type-simple"},"yoast_head":"<!-- This site is optimized with the Yoast SEO Premium plugin v26.7 (Yoast SEO v27.4) - https:\/\/yoast.com\/product\/yoast-seo-premium-wordpress\/ -->\n<title>QUATTRO Torre 4 rotante - 240 per una crescita perfetta<\/title>\n<meta name=\"description\" content=\"Con QUATTRO Torre 4 rotante - 240 ottieni la crescita pi\u00f9 rapida. La rotazione delle torri garantisce a tutte le piante un&#039;esposizione solare sempre perfetta.\" \/>\n<meta name=\"robots\" content=\"index, follow, max-snippet:-1, max-image-preview:large, max-video-preview:-1\" \/>\n<link rel=\"canonical\" href=\"https:\/\/litrax.ch\/it\/shop\/torre-idroponica-compatta-per-180-piante-kopie\/\" \/>\n<meta property=\"og:locale\" content=\"it_IT\" \/>\n<meta property=\"og:type\" content=\"article\" \/>\n<meta property=\"og:title\" content=\"QUATTRO Torre 4 rotante - 240\" \/>\n<meta property=\"og:description\" content=\"Con QUATTRO Torre 4 rotante - 240 ottieni la crescita pi\u00f9 rapida. La rotazione delle torri garantisce a tutte le piante un&#039;esposizione solare sempre perfetta.\" \/>\n<meta property=\"og:url\" content=\"https:\/\/litrax.ch\/it\/shop\/torre-idroponica-compatta-per-180-piante-kopie\/\" \/>\n<meta property=\"og:site_name\" content=\"Litrax - Hydroponische Systeme\" \/>\n<meta property=\"article:publisher\" content=\"https:\/\/www.facebook.com\/Litrax.ch\" \/>\n<meta property=\"article:modified_time\" content=\"2026-04-13T15:48:07+00:00\" \/>\n<meta property=\"og:image\" content=\"https:\/\/litrax.ch\/wp-content\/uploads\/2024\/08\/4-rotating-hydroponic-towers-e1727437525318.png\" \/>\n\t<meta property=\"og:image:width\" content=\"1908\" \/>\n\t<meta property=\"og:image:height\" content=\"1230\" \/>\n\t<meta property=\"og:image:type\" content=\"image\/png\" \/>\n<meta name=\"twitter:card\" content=\"summary_large_image\" \/>\n<meta name=\"twitter:label1\" content=\"Prezzo\" \/>\n\t<meta name=\"twitter:data1\" content=\"&#067;&#072;&#070;&nbsp;3&#039;150.00\" \/>\n\t<meta name=\"twitter:label2\" content=\"Disponibilit\u00e0\" \/>\n\t<meta name=\"twitter:data2\" content=\"In stock\" \/>\n<script type=\"application\/ld+json\" class=\"yoast-schema-graph\">{\"@context\":\"https:\\\/\\\/schema.org\",\"@graph\":[{\"@type\":\"WebPage\",\"@id\":\"https:\\\/\\\/litrax.ch\\\/it\\\/shop\\\/torre-idroponica-compatta-per-180-piante-kopie\\\/\",\"url\":\"https:\\\/\\\/litrax.ch\\\/it\\\/shop\\\/torre-idroponica-compatta-per-180-piante-kopie\\\/\",\"name\":\"QUATTRO Torre 4 rotante - 240 per una crescita perfetta\",\"isPartOf\":{\"@id\":\"https:\\\/\\\/litrax.ch\\\/it\\\/#website\"},\"primaryImageOfPage\":{\"@id\":\"https:\\\/\\\/litrax.ch\\\/it\\\/shop\\\/torre-idroponica-compatta-per-180-piante-kopie\\\/#primaryimage\"},\"image\":{\"@id\":\"https:\\\/\\\/litrax.ch\\\/it\\\/shop\\\/torre-idroponica-compatta-per-180-piante-kopie\\\/#primaryimage\"},\"thumbnailUrl\":\"https:\\\/\\\/litrax.ch\\\/wp-content\\\/uploads\\\/2024\\\/08\\\/4-rotating-hydroponic-towers-e1727437525318.png\",\"datePublished\":\"2024-08-20T16:19:00+00:00\",\"dateModified\":\"2026-04-13T15:48:07+00:00\",\"description\":\"Con QUATTRO Torre 4 rotante - 240 ottieni la crescita pi\u00f9 rapida. La rotazione delle torri garantisce a tutte le piante un'esposizione solare sempre perfetta.\",\"breadcrumb\":{\"@id\":\"https:\\\/\\\/litrax.ch\\\/it\\\/shop\\\/torre-idroponica-compatta-per-180-piante-kopie\\\/#breadcrumb\"},\"inLanguage\":\"it-IT\",\"potentialAction\":[{\"@type\":\"ReadAction\",\"target\":[\"https:\\\/\\\/litrax.ch\\\/it\\\/shop\\\/torre-idroponica-compatta-per-180-piante-kopie\\\/\"]}]},{\"@type\":\"ImageObject\",\"inLanguage\":\"it-IT\",\"@id\":\"https:\\\/\\\/litrax.ch\\\/it\\\/shop\\\/torre-idroponica-compatta-per-180-piante-kopie\\\/#primaryimage\",\"url\":\"https:\\\/\\\/litrax.ch\\\/wp-content\\\/uploads\\\/2024\\\/08\\\/4-rotating-hydroponic-towers-e1727437525318.png\",\"contentUrl\":\"https:\\\/\\\/litrax.ch\\\/wp-content\\\/uploads\\\/2024\\\/08\\\/4-rotating-hydroponic-towers-e1727437525318.png\",\"width\":1908,\"height\":1230},{\"@type\":\"BreadcrumbList\",\"@id\":\"https:\\\/\\\/litrax.ch\\\/it\\\/shop\\\/torre-idroponica-compatta-per-180-piante-kopie\\\/#breadcrumb\",\"itemListElement\":[{\"@type\":\"ListItem\",\"position\":1,\"name\":\"Startseite\",\"item\":\"https:\\\/\\\/litrax.ch\\\/it\\\/casa\\\/\"},{\"@type\":\"ListItem\",\"position\":2,\"name\":\"Negozio\",\"item\":\"https:\\\/\\\/litrax.ch\\\/it\\\/negozio\\\/\"},{\"@type\":\"ListItem\",\"position\":3,\"name\":\"QUATTRO Torre 4 rotante &#8211; 240\"}]},{\"@type\":\"WebSite\",\"@id\":\"https:\\\/\\\/litrax.ch\\\/it\\\/#website\",\"url\":\"https:\\\/\\\/litrax.ch\\\/it\\\/\",\"name\":\"Litrax - Hydroponische Systeme\",\"description\":\"Erlebe Hydroponik - der erdlose Gartengenuss.\",\"publisher\":{\"@id\":\"https:\\\/\\\/litrax.ch\\\/it\\\/#organization\"},\"alternateName\":\"Litrax\",\"potentialAction\":[{\"@type\":\"SearchAction\",\"target\":{\"@type\":\"EntryPoint\",\"urlTemplate\":\"https:\\\/\\\/litrax.ch\\\/it\\\/?s={search_term_string}\"},\"query-input\":{\"@type\":\"PropertyValueSpecification\",\"valueRequired\":true,\"valueName\":\"search_term_string\"}}],\"inLanguage\":\"it-IT\"},{\"@type\":\"Organization\",\"@id\":\"https:\\\/\\\/litrax.ch\\\/it\\\/#organization\",\"name\":\"Litrax - Hydroponische Systeme\",\"alternateName\":\"Litrax\",\"url\":\"https:\\\/\\\/litrax.ch\\\/it\\\/\",\"logo\":{\"@type\":\"ImageObject\",\"inLanguage\":\"it-IT\",\"@id\":\"https:\\\/\\\/litrax.ch\\\/it\\\/#\\\/schema\\\/logo\\\/image\\\/\",\"url\":\"https:\\\/\\\/litrax.ch\\\/wp-content\\\/uploads\\\/2024\\\/03\\\/facivon.png\",\"contentUrl\":\"https:\\\/\\\/litrax.ch\\\/wp-content\\\/uploads\\\/2024\\\/03\\\/facivon.png\",\"width\":150,\"height\":150,\"caption\":\"Litrax - Hydroponische Systeme\"},\"image\":{\"@id\":\"https:\\\/\\\/litrax.ch\\\/it\\\/#\\\/schema\\\/logo\\\/image\\\/\"},\"sameAs\":[\"https:\\\/\\\/www.facebook.com\\\/Litrax.ch\",\"https:\\\/\\\/www.instagram.com\\\/litrax.ch\\\/\",\"https:\\\/\\\/www.tiktok.com\\\/@litrax.ch\"],\"description\":\"Willkommen bei Litrax \u2013 Ihrem f\u00fchrenden Online-Shop f\u00fcr hochwertige hydroponische Gartensysteme! Wir bieten eine breite Palette an L\u00f6sungen f\u00fcr Privatpersonen, Restaurants und industrielle Gro\u00dfsysteme, um Ihnen zu helfen, Ihre eigene gr\u00fcne Oase zu schaffen, unabh\u00e4ngig von Ihrem Bedarf oder Ihrer Gr\u00f6\u00dfe. F\u00fcr Haushalte\\\/B\u00fcros: Entdecken Sie die Freude am G\u00e4rtnern in Ihrem eigenen Zuhause mit unseren einfach zu bedienenden hydroponischen Gartensystemen. Egal, ob Sie auf einem Balkon, einer Terrasse oder in Ihrem Wohnzimmer g\u00e4rtnern m\u00f6chten \u2013 wir haben das passende System f\u00fcr Sie. Genie\u00dfen Sie frisches Gem\u00fcse, aromatische Kr\u00e4uter und farbenfrohe Blumen das ganze Jahr \u00fcber, direkt aus Ihrem hydroponischen Garten. F\u00fcr Restaurants: Steigern Sie die Qualit\u00e4t Ihrer Gerichte und beeindrucken Sie Ihre G\u00e4ste mit frischen, geschmacksintensiven Zutaten aus unserem Sortiment an hydroponischen Gartensystemen f\u00fcr den gastronomischen Bereich. Unsere Systeme sind platzsparend, effizient und einfach zu bedienen, so dass Sie Ihre eigenen Zutaten direkt in Ihrer K\u00fcche anbauen k\u00f6nnen. Erleben Sie die Freude an nachhaltigem G\u00e4rtnern und lassen Sie Ihre kulinarischen Kreationen erstrahlen. Industrielle Gro\u00dfsysteme: Optimieren Sie Ihre landwirtschaftliche Produktion mit unseren ma\u00dfgeschneiderten hydroponischen Gro\u00dfsystemen. Von vertikalen Farmen bis hin zu automatisierten Anlagen bieten wir skalierbare L\u00f6sungen f\u00fcr maximale Effizienz und Produktivit\u00e4t. Nutzen Sie die Vorteile der hydroponischen Landwirtschaft, um Ihre Ernteertr\u00e4ge zu steigern, Platz zu sparen und Ressourcen zu optimieren. Erfahren Sie, wie unsere Systeme die Zukunft der industriellen Landwirtschaft gestalten k\u00f6nnen. Bei Litrax legen wir Wert auf Qualit\u00e4t und Kundenzufriedenheit. Unsere Produkte sind sorgf\u00e4ltig ausgew\u00e4hlt, um Ihnen die besten Ergebnisse zu garantieren, und wir bieten sie zu g\u00fcnstigen Preisen an. Dank unseres eigenen Lagers in der Schweiz k\u00f6nnen wir Ihnen eine schnelle Lieferung am n\u00e4chsten Tag garantieren.\",\"legalName\":\"Resyx GmbH\",\"foundingDate\":\"2022-12-22\",\"numberOfEmployees\":{\"@type\":\"QuantitativeValue\",\"minValue\":\"1\",\"maxValue\":\"10\"}}]}<\/script>\n<meta property=\"product:price:amount\" content=\"3150.00\" \/>\n<meta property=\"product:price:currency\" content=\"CHF\" \/>\n<meta property=\"og:availability\" content=\"instock\" \/>\n<meta property=\"product:availability\" content=\"instock\" \/>\n<meta property=\"product:retailer_item_id\" content=\"LX6P10-4T-250\" \/>\n<meta property=\"product:condition\" content=\"new\" \/>\n<!-- \/ Yoast SEO Premium plugin. -->","yoast_head_json":{"title":"QUATTRO Torre 4 rotante - 240 per una crescita perfetta","description":"Con QUATTRO Torre 4 rotante - 240 ottieni la crescita pi\u00f9 rapida. La rotazione delle torri garantisce a tutte le piante un'esposizione solare sempre perfetta.","robots":{"index":"index","follow":"follow","max-snippet":"max-snippet:-1","max-image-preview":"max-image-preview:large","max-video-preview":"max-video-preview:-1"},"canonical":"https:\/\/litrax.ch\/it\/shop\/torre-idroponica-compatta-per-180-piante-kopie\/","og_locale":"it_IT","og_type":"article","og_title":"QUATTRO Torre 4 rotante - 240","og_description":"Con QUATTRO Torre 4 rotante - 240 ottieni la crescita pi\u00f9 rapida. La rotazione delle torri garantisce a tutte le piante un'esposizione solare sempre perfetta.","og_url":"https:\/\/litrax.ch\/it\/shop\/torre-idroponica-compatta-per-180-piante-kopie\/","og_site_name":"Litrax - Hydroponische Systeme","article_publisher":"https:\/\/www.facebook.com\/Litrax.ch","article_modified_time":"2026-04-13T15:48:07+00:00","og_image":[{"width":1908,"height":1230,"url":"https:\/\/litrax.ch\/wp-content\/uploads\/2024\/08\/4-rotating-hydroponic-towers-e1727437525318.png","type":"image\/png"}],"twitter_card":"summary_large_image","twitter_misc":{"Prezzo":"&#67;&#72;&#70;&nbsp;3'150.00","Disponibilit\u00e0":"In stock"},"schema":{"@context":"https:\/\/schema.org","@graph":[{"@type":"WebPage","@id":"https:\/\/litrax.ch\/it\/shop\/torre-idroponica-compatta-per-180-piante-kopie\/","url":"https:\/\/litrax.ch\/it\/shop\/torre-idroponica-compatta-per-180-piante-kopie\/","name":"QUATTRO Torre 4 rotante - 240 per una crescita perfetta","isPartOf":{"@id":"https:\/\/litrax.ch\/it\/#website"},"primaryImageOfPage":{"@id":"https:\/\/litrax.ch\/it\/shop\/torre-idroponica-compatta-per-180-piante-kopie\/#primaryimage"},"image":{"@id":"https:\/\/litrax.ch\/it\/shop\/torre-idroponica-compatta-per-180-piante-kopie\/#primaryimage"},"thumbnailUrl":"https:\/\/litrax.ch\/wp-content\/uploads\/2024\/08\/4-rotating-hydroponic-towers-e1727437525318.png","datePublished":"2024-08-20T16:19:00+00:00","dateModified":"2026-04-13T15:48:07+00:00","description":"Con QUATTRO Torre 4 rotante - 240 ottieni la crescita pi\u00f9 rapida. La rotazione delle torri garantisce a tutte le piante un'esposizione solare sempre perfetta.","breadcrumb":{"@id":"https:\/\/litrax.ch\/it\/shop\/torre-idroponica-compatta-per-180-piante-kopie\/#breadcrumb"},"inLanguage":"it-IT","potentialAction":[{"@type":"ReadAction","target":["https:\/\/litrax.ch\/it\/shop\/torre-idroponica-compatta-per-180-piante-kopie\/"]}]},{"@type":"ImageObject","inLanguage":"it-IT","@id":"https:\/\/litrax.ch\/it\/shop\/torre-idroponica-compatta-per-180-piante-kopie\/#primaryimage","url":"https:\/\/litrax.ch\/wp-content\/uploads\/2024\/08\/4-rotating-hydroponic-towers-e1727437525318.png","contentUrl":"https:\/\/litrax.ch\/wp-content\/uploads\/2024\/08\/4-rotating-hydroponic-towers-e1727437525318.png","width":1908,"height":1230},{"@type":"BreadcrumbList","@id":"https:\/\/litrax.ch\/it\/shop\/torre-idroponica-compatta-per-180-piante-kopie\/#breadcrumb","itemListElement":[{"@type":"ListItem","position":1,"name":"Startseite","item":"https:\/\/litrax.ch\/it\/casa\/"},{"@type":"ListItem","position":2,"name":"Negozio","item":"https:\/\/litrax.ch\/it\/negozio\/"},{"@type":"ListItem","position":3,"name":"QUATTRO Torre 4 rotante &#8211; 240"}]},{"@type":"WebSite","@id":"https:\/\/litrax.ch\/it\/#website","url":"https:\/\/litrax.ch\/it\/","name":"Litrax - Hydroponische Systeme","description":"Erlebe Hydroponik - der erdlose Gartengenuss.","publisher":{"@id":"https:\/\/litrax.ch\/it\/#organization"},"alternateName":"Litrax","potentialAction":[{"@type":"SearchAction","target":{"@type":"EntryPoint","urlTemplate":"https:\/\/litrax.ch\/it\/?s={search_term_string}"},"query-input":{"@type":"PropertyValueSpecification","valueRequired":true,"valueName":"search_term_string"}}],"inLanguage":"it-IT"},{"@type":"Organization","@id":"https:\/\/litrax.ch\/it\/#organization","name":"Litrax - Hydroponische Systeme","alternateName":"Litrax","url":"https:\/\/litrax.ch\/it\/","logo":{"@type":"ImageObject","inLanguage":"it-IT","@id":"https:\/\/litrax.ch\/it\/#\/schema\/logo\/image\/","url":"https:\/\/litrax.ch\/wp-content\/uploads\/2024\/03\/facivon.png","contentUrl":"https:\/\/litrax.ch\/wp-content\/uploads\/2024\/03\/facivon.png","width":150,"height":150,"caption":"Litrax - Hydroponische Systeme"},"image":{"@id":"https:\/\/litrax.ch\/it\/#\/schema\/logo\/image\/"},"sameAs":["https:\/\/www.facebook.com\/Litrax.ch","https:\/\/www.instagram.com\/litrax.ch\/","https:\/\/www.tiktok.com\/@litrax.ch"],"description":"Willkommen bei Litrax \u2013 Ihrem f\u00fchrenden Online-Shop f\u00fcr hochwertige hydroponische Gartensysteme! Wir bieten eine breite Palette an L\u00f6sungen f\u00fcr Privatpersonen, Restaurants und industrielle Gro\u00dfsysteme, um Ihnen zu helfen, Ihre eigene gr\u00fcne Oase zu schaffen, unabh\u00e4ngig von Ihrem Bedarf oder Ihrer Gr\u00f6\u00dfe. F\u00fcr Haushalte\/B\u00fcros: Entdecken Sie die Freude am G\u00e4rtnern in Ihrem eigenen Zuhause mit unseren einfach zu bedienenden hydroponischen Gartensystemen. Egal, ob Sie auf einem Balkon, einer Terrasse oder in Ihrem Wohnzimmer g\u00e4rtnern m\u00f6chten \u2013 wir haben das passende System f\u00fcr Sie. Genie\u00dfen Sie frisches Gem\u00fcse, aromatische Kr\u00e4uter und farbenfrohe Blumen das ganze Jahr \u00fcber, direkt aus Ihrem hydroponischen Garten. F\u00fcr Restaurants: Steigern Sie die Qualit\u00e4t Ihrer Gerichte und beeindrucken Sie Ihre G\u00e4ste mit frischen, geschmacksintensiven Zutaten aus unserem Sortiment an hydroponischen Gartensystemen f\u00fcr den gastronomischen Bereich. Unsere Systeme sind platzsparend, effizient und einfach zu bedienen, so dass Sie Ihre eigenen Zutaten direkt in Ihrer K\u00fcche anbauen k\u00f6nnen. Erleben Sie die Freude an nachhaltigem G\u00e4rtnern und lassen Sie Ihre kulinarischen Kreationen erstrahlen. Industrielle Gro\u00dfsysteme: Optimieren Sie Ihre landwirtschaftliche Produktion mit unseren ma\u00dfgeschneiderten hydroponischen Gro\u00dfsystemen. Von vertikalen Farmen bis hin zu automatisierten Anlagen bieten wir skalierbare L\u00f6sungen f\u00fcr maximale Effizienz und Produktivit\u00e4t. Nutzen Sie die Vorteile der hydroponischen Landwirtschaft, um Ihre Ernteertr\u00e4ge zu steigern, Platz zu sparen und Ressourcen zu optimieren. Erfahren Sie, wie unsere Systeme die Zukunft der industriellen Landwirtschaft gestalten k\u00f6nnen. Bei Litrax legen wir Wert auf Qualit\u00e4t und Kundenzufriedenheit. Unsere Produkte sind sorgf\u00e4ltig ausgew\u00e4hlt, um Ihnen die besten Ergebnisse zu garantieren, und wir bieten sie zu g\u00fcnstigen Preisen an. Dank unseres eigenen Lagers in der Schweiz k\u00f6nnen wir Ihnen eine schnelle Lieferung am n\u00e4chsten Tag garantieren.","legalName":"Resyx GmbH","foundingDate":"2022-12-22","numberOfEmployees":{"@type":"QuantitativeValue","minValue":"1","maxValue":"10"}}]},"product_price_amount":"3150.00","product_price_currency":"CHF","og_availability":"instock","product_availability":"instock","product_retailer_item_id":"LX6P10-4T-250","product_condition":"new"},"_links":{"self":[{"href":"https:\/\/litrax.ch\/it\/wp-json\/wp\/v2\/product\/20042","targetHints":{"allow":["GET"]}}],"collection":[{"href":"https:\/\/litrax.ch\/it\/wp-json\/wp\/v2\/product"}],"about":[{"href":"https:\/\/litrax.ch\/it\/wp-json\/wp\/v2\/types\/product"}],"replies":[{"embeddable":true,"href":"https:\/\/litrax.ch\/it\/wp-json\/wp\/v2\/comments?post=20042"}],"wp:featuredmedia":[{"embeddable":true,"href":"https:\/\/litrax.ch\/it\/wp-json\/wp\/v2\/media\/20493"}],"wp:attachment":[{"href":"https:\/\/litrax.ch\/it\/wp-json\/wp\/v2\/media?parent=20042"}],"wp:term":[{"taxonomy":"product_brand","embeddable":true,"href":"https:\/\/litrax.ch\/it\/wp-json\/wp\/v2\/product_brand?post=20042"},{"taxonomy":"product_cat","embeddable":true,"href":"https:\/\/litrax.ch\/it\/wp-json\/wp\/v2\/product_cat?post=20042"},{"taxonomy":"product_tag","embeddable":true,"href":"https:\/\/litrax.ch\/it\/wp-json\/wp\/v2\/product_tag?post=20042"}],"curies":[{"name":"wp","href":"https:\/\/api.w.org\/{rel}","templated":true}]}}