{"id":20266,"date":"2024-09-16T14:58:16","date_gmt":"2024-09-16T14:58:16","guid":{"rendered":"https:\/\/litrax.ch\/?post_type=product&#038;p=20266"},"modified":"2026-04-29T05:04:49","modified_gmt":"2026-04-29T05:04:49","slug":"sistema-di-coltivazione-vegetativa-fattoria-verticale-kopie","status":"publish","type":"product","link":"https:\/\/litrax.ch\/it\/shop\/sistema-di-coltivazione-vegetativa-fattoria-verticale-kopie\/","title":{"rendered":"Sistema di alimentazione e crescita microgreen"},"content":{"rendered":"<h1 dir=\"auto\">Produzione di mangimi con LXMG-3L<\/h1>\n<p dir=\"auto\">Sei preoccupato per i costi del mangime e le fluttuazioni stagionali? Il sistema di alimentazione idroponica LXMG-3L produce mangime di alta qualit\u00e0 per il tuo bestiame tutto l&#8217;anno, indipendentemente dalle stagioni e dal clima. <\/p>\n<h2 dir=\"auto\">Capire le prestazioni del foraggio con la coltura idroponica<\/h2>\n<p dir=\"auto\">L&#8217;alimentazione del bestiame \u00e8 fondamentale per il successo dell&#8217;azienda. Circa 4000 kg di latte, ovvero il 50% della produzione totale, dovrebbero provenire dall&#8217;alimentazione di base. <\/p>\n<p dir=\"auto\">Una cura sostenibile del pascolo attraverso la risemina, la concimazione e le altezze di taglio appropriate garantisce una buona qualit\u00e0. La composizione della pianta, la sostanza secca, il contenuto di fibre e la lunghezza del taglio influenzano la struttura e la digeribilit\u00e0. Il contenuto energetico e la qualit\u00e0 delle proteine determinano la qualit\u00e0 complessiva, ottenibile anche con la coltura idroponica Litrax.  <\/p>\n<p dir=\"auto\">La qualit\u00e0 del foraggio dipende dall&#8217;appetibilit\u00e0 e dagli ingredienti. Le vacche preferiscono foraggi ricchi di energia. Per un insilato di erba superiore a 6,0 MJ NEL\/kg DM, \u00e8 necessario un 60-70% di erba zuccherina. Il taglio alla comparsa della spiga o del germoglio massimizza l&#8217;energia. Con le colture idroponiche Litrax, puoi raccogliere indipendentemente dalla stagione.    <\/p>\n<p dir=\"auto\">L&#8217;idroponica Litrax permette di avere 365 giorni di alimentazione costante e di alta qualit\u00e0, indipendentemente dal clima, con un aumento del 5-10% del latte per vacca.<\/p>\n<h2 dir=\"auto\">L&#8217;idroponica come soluzione<\/h2>\n<p dir=\"auto\">La coltura idroponica compensa le carenze qualitative e le mancanze di raccolto in caso di carenze qualitative del foraggio, mancanze di raccolto o riduzioni di resa. Il sistema Litrax LXMG-3L-125 adatta la luce e i nutrienti in modo preciso alle esigenze. <\/p>\n<p dir=\"auto\">Sperimenta con i componenti modulari per trovare la soluzione migliore per la tua attivit\u00e0.<\/p>\n<p dir=\"auto\">La coltura idroponica evita le perdite nei campi (ad esempio le foglie fini ricche di sostanze nutritive) e le perdite di energia e di sostanza secca nell&#8217;insilato. In inverno, gli animali ricevono mangime fresco e di prima qualit\u00e0: una soluzione da gourmet per il tuo bestiame, con un miglioramento sostanziale della qualit\u00e0! <\/p>\n<h2 dir=\"auto\">Modulo Feed \/ Microgreen<\/h2>\n<p dir=\"auto\">Il sistema Litrax LXMG non richiede pesticidi, ma solo acqua pulita e sostanze nutritive (ad esempio quelle di Hauert). Produce prodotti verdi e sostenibili. Grazie all&#8217;energia solare e alla raccolta dell&#8217;acqua, potrai ottenere il 100% di sostenibilit\u00e0 e indipendenza dalle condizioni atmosferiche. I germogli raggiungono un&#8217;altezza di 20 cm in 5-7 giorni e sono pronti per essere raccolti.   <\/p>\n<p dir=\"auto\">A seconda del sistema, puoi produrre 10-100 kg di germogli al giorno (espandibili modularmente). Essendo una coltura indoor, \u00e8 stabile dal punto di vista climatico e compensa la carenza di foraggio verde invernale. <\/p>\n<h2 dir=\"auto\">Il nostro sistema LXMG presenta i seguenti vantaggi:<\/h2>\n<ul dir=\"auto\">\n<li>Alto rendimento<\/li>\n<li>Crescita rapida del mangime<\/li>\n<li>Basso consumo energetico<\/li>\n<li>Funzionamento semplice<\/li>\n<li>Riduzione del 70% del consumo di acqua<\/li>\n<li>Manutenzione ridotta<\/li>\n<li>Costi operativi ridotti<\/li>\n<li>Indipendenza dalle condizioni atmosferiche<\/li>\n<li>Una soluzione sostenibile per prevenire il degrado del suolo<\/li>\n<li>Espandibile in modo modulare con moduli singoli o come produzione in contenitori idroponici (20 ft \/ 40 ft) con 500 &#8211; 1500 kg di mangime al giorno<\/li>\n<\/ul>\n<h2 dir=\"auto\">Caratteristiche principali<\/h2>\n<ul dir=\"auto\">\n<li>Spettro luminoso per massimizzare le dimensioni e la qualit\u00e0 delle piante<\/li>\n<li>Apporto di nutrienti personalizzato per un&#8217;alimentazione di base gustosa<\/li>\n<li>Letto di coltivazione per piante, erba o erbe aromatiche<\/li>\n<li>Modalit\u00e0 di flusso piatto di 15L\/4 Gal per letto di attacco<\/li>\n<li>Ciclo di illuminazione di 14-15 ore, regolabile fino a 24 ore<\/li>\n<li>Fino a 5-10 kg di mangime al giorno (a seconda della luce e delle soluzioni nutritive)<\/li>\n<\/ul>\n<h3 dir=\"auto\">Contiene<\/h3>\n<ul dir=\"auto\">\n<li>3 strisce luminose a LED per strato (24 watt)<\/li>\n<li>3 strati (livelli)<\/li>\n<li>Spettro luminoso per una crescita rapida<\/li>\n<li>Distanza ottimale tra la luce e il letto per un mangime ricco di sostanze nutritive<\/li>\n<li>Pompa dell&#8217;acqua per un flusso costante<\/li>\n<li>Ruote per la mobilit\u00e0<\/li>\n<li>1,25 m di altezza<\/li>\n<\/ul>\n<h2 dir=\"auto\">Produzione di mangimi<\/h2>\n<p dir=\"auto\">Alimentazione del bestiame efficiente e sostenibile con il sistema LXMG-3 L&#8217;agricoltura moderna ha bisogno di innovazioni per ridurre i costi e aumentare la produttivit\u00e0. Il sistema modulare Litrax LXMG-3L consente di produrre mangimi di alta qualit\u00e0 tutto l&#8217;anno, indipendentemente dalle condizioni atmosferiche. Pu\u00f2 anche essere utilizzato come integratore solo nei mesi invernali. In una configurazione a container, puoi produrre 500-1500 kg al giorno!   <\/p>\n<h2 dir=\"auto\">La coltura idroponica pu\u00f2 sostituire il fieno fresco?<\/h2>\n<p dir=\"auto\">Decisamente s\u00ec. La qualit\u00e0 dell&#8217;alimentazione idroponica \u00e8 molto apprezzata dagli agricoltori, soprattutto nei mesi invernali. Pu\u00f2 quindi essere un ottimo sistema complementare. Ecco un video che mostra gli approcci pratici e i costi utilizzando l&#8217;esempio di un agricoltore americano:   <\/p>\n<p><iframe title=\"Lettore video di YouTube\" src=\"https:\/\/www.youtube.com\/embed\/7yvHyqClRuQ?si=mHPBkoLW6eqQ3eV3\" width=\"560\" height=\"315\" frameborder=\"0\" allowfullscreen=\"allowfullscreen\"><\/iframe><\/p>\n<h2 dir=\"auto\">Applicazione del Sistema Microgreen di LXMG<\/h2>\n<p dir=\"auto\">Il sistema LXMG \u00e8 adatto alla coltivazione di foraggio e di colture in germinazione. Utilizzalo per un&#8217;attivit\u00e0 redditizia di microfiliere con soia, piselli, lattuga o coriandolo. Rese pi\u00f9 elevate a costi inferiori. Maggiori informazioni sul sistema LX001 e sui vantaggi del microgreen.   <\/p>\n<h2 dir=\"auto\">Produzione di microgreens (piantine) e foglie baby<\/h2>\n<p dir=\"auto\">Il sistema LXMG \u00e8 ideale per microgreens e baby leaf come ravanelli, girasoli, piselli, mais e rucola. Offre alternative sostenibili all&#8217;agricoltura convenzionale. Il controllo ottimizzato massimizza la produzione per tutto l&#8217;anno.  <\/p>\n<p dir=\"auto\">Rese sicure indipendentemente dal terreno e dal clima. Resistenti alle catastrofi e alle fluttuazioni: investi nella stabilit\u00e0! <\/p>\n<p dir=\"auto\"><strong>Pronti per il raccolto entro 7 giorni:<\/strong> ravanelli, girasoli, germogli di piselli, germogli di mais, grano saraceno.<\/p>\n<p dir=\"auto\">Le Baby Leaves sono adatte alle miscele. Il sistema LXMG consente una facile produzione e commercializzazione in coltivazioni a flusso, a vassoio o versatili. <\/p>\n<h2 dir=\"auto\">Conclusione<\/h2>\n<p dir=\"auto\">Il sistema Litrax LXMG-3L offre agli agricoltori una soluzione sostenibile ed efficiente per la produzione di mangime durante tutto l&#8217;anno.<\/p>\n<p dir=\"auto\">Espande le opzioni per i microgreens e le baby leaf, promuove la redditivit\u00e0 e la sostenibilit\u00e0.<\/p>\n<p dir=\"auto\">Rappresenta il futuro dell&#8217;agricoltura<\/p>\n","protected":false},"excerpt":{"rendered":"<p>Sistema di produzione di mangimi<\/p>\n","protected":false},"featured_media":20497,"comment_status":"open","ping_status":"closed","template":"","meta":[],"product_brand":[],"product_cat":[158,157,125,1364],"product_tag":[654],"class_list":{"0":"post-20266","1":"product","2":"type-product","3":"status-publish","4":"has-post-thumbnail","6":"product_cat-agricoltura","7":"product_cat-gastronomia-industria","8":"product_cat-idroponica","9":"product_cat-usato","10":"product_tag-agricoltura","12":"first","13":"instock","14":"sale","15":"sold-individually","16":"taxable","17":"shipping-taxable","18":"purchasable","19":"product-type-simple"},"yoast_head":"<!-- This site is optimized with the Yoast SEO Premium plugin v26.7 (Yoast SEO v27.4) - https:\/\/yoast.com\/product\/yoast-seo-premium-wordpress\/ -->\n<title>Sistema di produzione di mangimi per animali e microgreens in agricoltura - Litrax - Hydroponische Systeme%<\/title>\n<meta name=\"description\" content=\"Riduci i costi del mangime con il sistema di produzione di mangime e microgreen! Produci mangimi di alta qualit\u00e0 per il tuo bestiame tutto l&#039;anno.\" \/>\n<meta name=\"robots\" content=\"index, follow, max-snippet:-1, max-image-preview:large, max-video-preview:-1\" \/>\n<link rel=\"canonical\" href=\"https:\/\/litrax.ch\/it\/shop\/sistema-di-coltivazione-vegetativa-fattoria-verticale-kopie\/\" \/>\n<meta property=\"og:locale\" content=\"it_IT\" \/>\n<meta property=\"og:type\" content=\"article\" \/>\n<meta property=\"og:title\" content=\"Sistema di alimentazione e crescita microgreen\" \/>\n<meta property=\"og:description\" content=\"Riduci i costi del mangime con il sistema di produzione di mangime e microgreen! Produci mangimi di alta qualit\u00e0 per il tuo bestiame tutto l&#039;anno.\" \/>\n<meta property=\"og:url\" content=\"https:\/\/litrax.ch\/it\/shop\/sistema-di-coltivazione-vegetativa-fattoria-verticale-kopie\/\" \/>\n<meta property=\"og:site_name\" content=\"Litrax - Hydroponische Systeme\" \/>\n<meta property=\"article:publisher\" content=\"https:\/\/www.facebook.com\/Litrax.ch\" \/>\n<meta property=\"article:modified_time\" content=\"2026-04-29T05:04:49+00:00\" \/>\n<meta property=\"og:image\" content=\"https:\/\/litrax.ch\/wp-content\/uploads\/2024\/09\/LXMG-3L-125-Microgreen-Fodder-Hydroponics.png\" \/>\n\t<meta property=\"og:image:width\" content=\"2418\" \/>\n\t<meta property=\"og:image:height\" content=\"1472\" \/>\n\t<meta property=\"og:image:type\" content=\"image\/png\" \/>\n<meta name=\"twitter:card\" content=\"summary_large_image\" \/>\n<meta name=\"twitter:label1\" content=\"Prezzo\" \/>\n\t<meta name=\"twitter:data1\" content=\"&#067;&#072;&#070;&nbsp;850.00\" \/>\n\t<meta name=\"twitter:label2\" content=\"Disponibilit\u00e0\" \/>\n\t<meta name=\"twitter:data2\" content=\"In stock\" \/>\n<script type=\"application\/ld+json\" class=\"yoast-schema-graph\">{\"@context\":\"https:\\\/\\\/schema.org\",\"@graph\":[{\"@type\":\"WebPage\",\"@id\":\"https:\\\/\\\/litrax.ch\\\/it\\\/shop\\\/sistema-di-coltivazione-vegetativa-fattoria-verticale-kopie\\\/\",\"url\":\"https:\\\/\\\/litrax.ch\\\/it\\\/shop\\\/sistema-di-coltivazione-vegetativa-fattoria-verticale-kopie\\\/\",\"name\":\"Sistema di produzione di mangimi per animali e microgreens in agricoltura - Litrax - Hydroponische Systeme%\",\"isPartOf\":{\"@id\":\"https:\\\/\\\/litrax.ch\\\/it\\\/#website\"},\"primaryImageOfPage\":{\"@id\":\"https:\\\/\\\/litrax.ch\\\/it\\\/shop\\\/sistema-di-coltivazione-vegetativa-fattoria-verticale-kopie\\\/#primaryimage\"},\"image\":{\"@id\":\"https:\\\/\\\/litrax.ch\\\/it\\\/shop\\\/sistema-di-coltivazione-vegetativa-fattoria-verticale-kopie\\\/#primaryimage\"},\"thumbnailUrl\":\"https:\\\/\\\/litrax.ch\\\/wp-content\\\/uploads\\\/2024\\\/09\\\/LXMG-3L-125-Microgreen-Fodder-Hydroponics.png\",\"datePublished\":\"2024-09-16T14:58:16+00:00\",\"dateModified\":\"2026-04-29T05:04:49+00:00\",\"description\":\"Riduci i costi del mangime con il sistema di produzione di mangime e microgreen! Produci mangimi di alta qualit\u00e0 per il tuo bestiame tutto l'anno.\",\"breadcrumb\":{\"@id\":\"https:\\\/\\\/litrax.ch\\\/it\\\/shop\\\/sistema-di-coltivazione-vegetativa-fattoria-verticale-kopie\\\/#breadcrumb\"},\"inLanguage\":\"it-IT\",\"potentialAction\":[{\"@type\":\"ReadAction\",\"target\":[\"https:\\\/\\\/litrax.ch\\\/it\\\/shop\\\/sistema-di-coltivazione-vegetativa-fattoria-verticale-kopie\\\/\"]}]},{\"@type\":\"ImageObject\",\"inLanguage\":\"it-IT\",\"@id\":\"https:\\\/\\\/litrax.ch\\\/it\\\/shop\\\/sistema-di-coltivazione-vegetativa-fattoria-verticale-kopie\\\/#primaryimage\",\"url\":\"https:\\\/\\\/litrax.ch\\\/wp-content\\\/uploads\\\/2024\\\/09\\\/LXMG-3L-125-Microgreen-Fodder-Hydroponics.png\",\"contentUrl\":\"https:\\\/\\\/litrax.ch\\\/wp-content\\\/uploads\\\/2024\\\/09\\\/LXMG-3L-125-Microgreen-Fodder-Hydroponics.png\",\"width\":2418,\"height\":1472},{\"@type\":\"BreadcrumbList\",\"@id\":\"https:\\\/\\\/litrax.ch\\\/it\\\/shop\\\/sistema-di-coltivazione-vegetativa-fattoria-verticale-kopie\\\/#breadcrumb\",\"itemListElement\":[{\"@type\":\"ListItem\",\"position\":1,\"name\":\"Startseite\",\"item\":\"https:\\\/\\\/litrax.ch\\\/it\\\/casa\\\/\"},{\"@type\":\"ListItem\",\"position\":2,\"name\":\"Negozio\",\"item\":\"https:\\\/\\\/litrax.ch\\\/it\\\/negozio\\\/\"},{\"@type\":\"ListItem\",\"position\":3,\"name\":\"Sistema di alimentazione e crescita microgreen\"}]},{\"@type\":\"WebSite\",\"@id\":\"https:\\\/\\\/litrax.ch\\\/it\\\/#website\",\"url\":\"https:\\\/\\\/litrax.ch\\\/it\\\/\",\"name\":\"Litrax - Hydroponische Systeme\",\"description\":\"Erlebe Hydroponik - der erdlose Gartengenuss.\",\"publisher\":{\"@id\":\"https:\\\/\\\/litrax.ch\\\/it\\\/#organization\"},\"alternateName\":\"Litrax\",\"potentialAction\":[{\"@type\":\"SearchAction\",\"target\":{\"@type\":\"EntryPoint\",\"urlTemplate\":\"https:\\\/\\\/litrax.ch\\\/it\\\/?s={search_term_string}\"},\"query-input\":{\"@type\":\"PropertyValueSpecification\",\"valueRequired\":true,\"valueName\":\"search_term_string\"}}],\"inLanguage\":\"it-IT\"},{\"@type\":\"Organization\",\"@id\":\"https:\\\/\\\/litrax.ch\\\/it\\\/#organization\",\"name\":\"Litrax - Hydroponische Systeme\",\"alternateName\":\"Litrax\",\"url\":\"https:\\\/\\\/litrax.ch\\\/it\\\/\",\"logo\":{\"@type\":\"ImageObject\",\"inLanguage\":\"it-IT\",\"@id\":\"https:\\\/\\\/litrax.ch\\\/it\\\/#\\\/schema\\\/logo\\\/image\\\/\",\"url\":\"https:\\\/\\\/litrax.ch\\\/wp-content\\\/uploads\\\/2024\\\/03\\\/facivon.png\",\"contentUrl\":\"https:\\\/\\\/litrax.ch\\\/wp-content\\\/uploads\\\/2024\\\/03\\\/facivon.png\",\"width\":150,\"height\":150,\"caption\":\"Litrax - Hydroponische Systeme\"},\"image\":{\"@id\":\"https:\\\/\\\/litrax.ch\\\/it\\\/#\\\/schema\\\/logo\\\/image\\\/\"},\"sameAs\":[\"https:\\\/\\\/www.facebook.com\\\/Litrax.ch\",\"https:\\\/\\\/www.instagram.com\\\/litrax.ch\\\/\",\"https:\\\/\\\/www.tiktok.com\\\/@litrax.ch\"],\"description\":\"Willkommen bei Litrax \u2013 Ihrem f\u00fchrenden Online-Shop f\u00fcr hochwertige hydroponische Gartensysteme! Wir bieten eine breite Palette an L\u00f6sungen f\u00fcr Privatpersonen, Restaurants und industrielle Gro\u00dfsysteme, um Ihnen zu helfen, Ihre eigene gr\u00fcne Oase zu schaffen, unabh\u00e4ngig von Ihrem Bedarf oder Ihrer Gr\u00f6\u00dfe. F\u00fcr Haushalte\\\/B\u00fcros: Entdecken Sie die Freude am G\u00e4rtnern in Ihrem eigenen Zuhause mit unseren einfach zu bedienenden hydroponischen Gartensystemen. Egal, ob Sie auf einem Balkon, einer Terrasse oder in Ihrem Wohnzimmer g\u00e4rtnern m\u00f6chten \u2013 wir haben das passende System f\u00fcr Sie. Genie\u00dfen Sie frisches Gem\u00fcse, aromatische Kr\u00e4uter und farbenfrohe Blumen das ganze Jahr \u00fcber, direkt aus Ihrem hydroponischen Garten. F\u00fcr Restaurants: Steigern Sie die Qualit\u00e4t Ihrer Gerichte und beeindrucken Sie Ihre G\u00e4ste mit frischen, geschmacksintensiven Zutaten aus unserem Sortiment an hydroponischen Gartensystemen f\u00fcr den gastronomischen Bereich. Unsere Systeme sind platzsparend, effizient und einfach zu bedienen, so dass Sie Ihre eigenen Zutaten direkt in Ihrer K\u00fcche anbauen k\u00f6nnen. Erleben Sie die Freude an nachhaltigem G\u00e4rtnern und lassen Sie Ihre kulinarischen Kreationen erstrahlen. Industrielle Gro\u00dfsysteme: Optimieren Sie Ihre landwirtschaftliche Produktion mit unseren ma\u00dfgeschneiderten hydroponischen Gro\u00dfsystemen. Von vertikalen Farmen bis hin zu automatisierten Anlagen bieten wir skalierbare L\u00f6sungen f\u00fcr maximale Effizienz und Produktivit\u00e4t. Nutzen Sie die Vorteile der hydroponischen Landwirtschaft, um Ihre Ernteertr\u00e4ge zu steigern, Platz zu sparen und Ressourcen zu optimieren. Erfahren Sie, wie unsere Systeme die Zukunft der industriellen Landwirtschaft gestalten k\u00f6nnen. Bei Litrax legen wir Wert auf Qualit\u00e4t und Kundenzufriedenheit. Unsere Produkte sind sorgf\u00e4ltig ausgew\u00e4hlt, um Ihnen die besten Ergebnisse zu garantieren, und wir bieten sie zu g\u00fcnstigen Preisen an. Dank unseres eigenen Lagers in der Schweiz k\u00f6nnen wir Ihnen eine schnelle Lieferung am n\u00e4chsten Tag garantieren.\",\"legalName\":\"Resyx GmbH\",\"foundingDate\":\"2022-12-22\",\"numberOfEmployees\":{\"@type\":\"QuantitativeValue\",\"minValue\":\"1\",\"maxValue\":\"10\"}}]}<\/script>\n<meta property=\"product:price:amount\" content=\"850.00\" \/>\n<meta property=\"product:price:currency\" content=\"CHF\" \/>\n<meta property=\"og:availability\" content=\"instock\" \/>\n<meta property=\"product:availability\" content=\"instock\" \/>\n<meta property=\"product:retailer_item_id\" content=\"LXMG-3L-125\" \/>\n<meta property=\"product:condition\" content=\"new\" \/>\n<!-- \/ Yoast SEO Premium plugin. -->","yoast_head_json":{"title":"Sistema di produzione di mangimi per animali e microgreens in agricoltura - Litrax - Hydroponische Systeme%","description":"Riduci i costi del mangime con il sistema di produzione di mangime e microgreen! Produci mangimi di alta qualit\u00e0 per il tuo bestiame tutto l'anno.","robots":{"index":"index","follow":"follow","max-snippet":"max-snippet:-1","max-image-preview":"max-image-preview:large","max-video-preview":"max-video-preview:-1"},"canonical":"https:\/\/litrax.ch\/it\/shop\/sistema-di-coltivazione-vegetativa-fattoria-verticale-kopie\/","og_locale":"it_IT","og_type":"article","og_title":"Sistema di alimentazione e crescita microgreen","og_description":"Riduci i costi del mangime con il sistema di produzione di mangime e microgreen! Produci mangimi di alta qualit\u00e0 per il tuo bestiame tutto l'anno.","og_url":"https:\/\/litrax.ch\/it\/shop\/sistema-di-coltivazione-vegetativa-fattoria-verticale-kopie\/","og_site_name":"Litrax - Hydroponische Systeme","article_publisher":"https:\/\/www.facebook.com\/Litrax.ch","article_modified_time":"2026-04-29T05:04:49+00:00","og_image":[{"width":2418,"height":1472,"url":"https:\/\/litrax.ch\/wp-content\/uploads\/2024\/09\/LXMG-3L-125-Microgreen-Fodder-Hydroponics.png","type":"image\/png"}],"twitter_card":"summary_large_image","twitter_misc":{"Prezzo":"&#67;&#72;&#70;&nbsp;850.00","Disponibilit\u00e0":"In stock"},"schema":{"@context":"https:\/\/schema.org","@graph":[{"@type":"WebPage","@id":"https:\/\/litrax.ch\/it\/shop\/sistema-di-coltivazione-vegetativa-fattoria-verticale-kopie\/","url":"https:\/\/litrax.ch\/it\/shop\/sistema-di-coltivazione-vegetativa-fattoria-verticale-kopie\/","name":"Sistema di produzione di mangimi per animali e microgreens in agricoltura - Litrax - Hydroponische Systeme%","isPartOf":{"@id":"https:\/\/litrax.ch\/it\/#website"},"primaryImageOfPage":{"@id":"https:\/\/litrax.ch\/it\/shop\/sistema-di-coltivazione-vegetativa-fattoria-verticale-kopie\/#primaryimage"},"image":{"@id":"https:\/\/litrax.ch\/it\/shop\/sistema-di-coltivazione-vegetativa-fattoria-verticale-kopie\/#primaryimage"},"thumbnailUrl":"https:\/\/litrax.ch\/wp-content\/uploads\/2024\/09\/LXMG-3L-125-Microgreen-Fodder-Hydroponics.png","datePublished":"2024-09-16T14:58:16+00:00","dateModified":"2026-04-29T05:04:49+00:00","description":"Riduci i costi del mangime con il sistema di produzione di mangime e microgreen! Produci mangimi di alta qualit\u00e0 per il tuo bestiame tutto l'anno.","breadcrumb":{"@id":"https:\/\/litrax.ch\/it\/shop\/sistema-di-coltivazione-vegetativa-fattoria-verticale-kopie\/#breadcrumb"},"inLanguage":"it-IT","potentialAction":[{"@type":"ReadAction","target":["https:\/\/litrax.ch\/it\/shop\/sistema-di-coltivazione-vegetativa-fattoria-verticale-kopie\/"]}]},{"@type":"ImageObject","inLanguage":"it-IT","@id":"https:\/\/litrax.ch\/it\/shop\/sistema-di-coltivazione-vegetativa-fattoria-verticale-kopie\/#primaryimage","url":"https:\/\/litrax.ch\/wp-content\/uploads\/2024\/09\/LXMG-3L-125-Microgreen-Fodder-Hydroponics.png","contentUrl":"https:\/\/litrax.ch\/wp-content\/uploads\/2024\/09\/LXMG-3L-125-Microgreen-Fodder-Hydroponics.png","width":2418,"height":1472},{"@type":"BreadcrumbList","@id":"https:\/\/litrax.ch\/it\/shop\/sistema-di-coltivazione-vegetativa-fattoria-verticale-kopie\/#breadcrumb","itemListElement":[{"@type":"ListItem","position":1,"name":"Startseite","item":"https:\/\/litrax.ch\/it\/casa\/"},{"@type":"ListItem","position":2,"name":"Negozio","item":"https:\/\/litrax.ch\/it\/negozio\/"},{"@type":"ListItem","position":3,"name":"Sistema di alimentazione e crescita microgreen"}]},{"@type":"WebSite","@id":"https:\/\/litrax.ch\/it\/#website","url":"https:\/\/litrax.ch\/it\/","name":"Litrax - Hydroponische Systeme","description":"Erlebe Hydroponik - der erdlose Gartengenuss.","publisher":{"@id":"https:\/\/litrax.ch\/it\/#organization"},"alternateName":"Litrax","potentialAction":[{"@type":"SearchAction","target":{"@type":"EntryPoint","urlTemplate":"https:\/\/litrax.ch\/it\/?s={search_term_string}"},"query-input":{"@type":"PropertyValueSpecification","valueRequired":true,"valueName":"search_term_string"}}],"inLanguage":"it-IT"},{"@type":"Organization","@id":"https:\/\/litrax.ch\/it\/#organization","name":"Litrax - Hydroponische Systeme","alternateName":"Litrax","url":"https:\/\/litrax.ch\/it\/","logo":{"@type":"ImageObject","inLanguage":"it-IT","@id":"https:\/\/litrax.ch\/it\/#\/schema\/logo\/image\/","url":"https:\/\/litrax.ch\/wp-content\/uploads\/2024\/03\/facivon.png","contentUrl":"https:\/\/litrax.ch\/wp-content\/uploads\/2024\/03\/facivon.png","width":150,"height":150,"caption":"Litrax - Hydroponische Systeme"},"image":{"@id":"https:\/\/litrax.ch\/it\/#\/schema\/logo\/image\/"},"sameAs":["https:\/\/www.facebook.com\/Litrax.ch","https:\/\/www.instagram.com\/litrax.ch\/","https:\/\/www.tiktok.com\/@litrax.ch"],"description":"Willkommen bei Litrax \u2013 Ihrem f\u00fchrenden Online-Shop f\u00fcr hochwertige hydroponische Gartensysteme! Wir bieten eine breite Palette an L\u00f6sungen f\u00fcr Privatpersonen, Restaurants und industrielle Gro\u00dfsysteme, um Ihnen zu helfen, Ihre eigene gr\u00fcne Oase zu schaffen, unabh\u00e4ngig von Ihrem Bedarf oder Ihrer Gr\u00f6\u00dfe. F\u00fcr Haushalte\/B\u00fcros: Entdecken Sie die Freude am G\u00e4rtnern in Ihrem eigenen Zuhause mit unseren einfach zu bedienenden hydroponischen Gartensystemen. Egal, ob Sie auf einem Balkon, einer Terrasse oder in Ihrem Wohnzimmer g\u00e4rtnern m\u00f6chten \u2013 wir haben das passende System f\u00fcr Sie. Genie\u00dfen Sie frisches Gem\u00fcse, aromatische Kr\u00e4uter und farbenfrohe Blumen das ganze Jahr \u00fcber, direkt aus Ihrem hydroponischen Garten. F\u00fcr Restaurants: Steigern Sie die Qualit\u00e4t Ihrer Gerichte und beeindrucken Sie Ihre G\u00e4ste mit frischen, geschmacksintensiven Zutaten aus unserem Sortiment an hydroponischen Gartensystemen f\u00fcr den gastronomischen Bereich. Unsere Systeme sind platzsparend, effizient und einfach zu bedienen, so dass Sie Ihre eigenen Zutaten direkt in Ihrer K\u00fcche anbauen k\u00f6nnen. Erleben Sie die Freude an nachhaltigem G\u00e4rtnern und lassen Sie Ihre kulinarischen Kreationen erstrahlen. Industrielle Gro\u00dfsysteme: Optimieren Sie Ihre landwirtschaftliche Produktion mit unseren ma\u00dfgeschneiderten hydroponischen Gro\u00dfsystemen. Von vertikalen Farmen bis hin zu automatisierten Anlagen bieten wir skalierbare L\u00f6sungen f\u00fcr maximale Effizienz und Produktivit\u00e4t. Nutzen Sie die Vorteile der hydroponischen Landwirtschaft, um Ihre Ernteertr\u00e4ge zu steigern, Platz zu sparen und Ressourcen zu optimieren. Erfahren Sie, wie unsere Systeme die Zukunft der industriellen Landwirtschaft gestalten k\u00f6nnen. Bei Litrax legen wir Wert auf Qualit\u00e4t und Kundenzufriedenheit. Unsere Produkte sind sorgf\u00e4ltig ausgew\u00e4hlt, um Ihnen die besten Ergebnisse zu garantieren, und wir bieten sie zu g\u00fcnstigen Preisen an. Dank unseres eigenen Lagers in der Schweiz k\u00f6nnen wir Ihnen eine schnelle Lieferung am n\u00e4chsten Tag garantieren.","legalName":"Resyx GmbH","foundingDate":"2022-12-22","numberOfEmployees":{"@type":"QuantitativeValue","minValue":"1","maxValue":"10"}}]},"product_price_amount":"850.00","product_price_currency":"CHF","og_availability":"instock","product_availability":"instock","product_retailer_item_id":"LXMG-3L-125","product_condition":"new"},"_links":{"self":[{"href":"https:\/\/litrax.ch\/it\/wp-json\/wp\/v2\/product\/20266","targetHints":{"allow":["GET"]}}],"collection":[{"href":"https:\/\/litrax.ch\/it\/wp-json\/wp\/v2\/product"}],"about":[{"href":"https:\/\/litrax.ch\/it\/wp-json\/wp\/v2\/types\/product"}],"replies":[{"embeddable":true,"href":"https:\/\/litrax.ch\/it\/wp-json\/wp\/v2\/comments?post=20266"}],"wp:featuredmedia":[{"embeddable":true,"href":"https:\/\/litrax.ch\/it\/wp-json\/wp\/v2\/media\/20497"}],"wp:attachment":[{"href":"https:\/\/litrax.ch\/it\/wp-json\/wp\/v2\/media?parent=20266"}],"wp:term":[{"taxonomy":"product_brand","embeddable":true,"href":"https:\/\/litrax.ch\/it\/wp-json\/wp\/v2\/product_brand?post=20266"},{"taxonomy":"product_cat","embeddable":true,"href":"https:\/\/litrax.ch\/it\/wp-json\/wp\/v2\/product_cat?post=20266"},{"taxonomy":"product_tag","embeddable":true,"href":"https:\/\/litrax.ch\/it\/wp-json\/wp\/v2\/product_tag?post=20266"}],"curies":[{"name":"wp","href":"https:\/\/api.w.org\/{rel}","templated":true}]}}