{"id":24728,"date":"2025-10-24T14:40:01","date_gmt":"2025-10-24T14:40:01","guid":{"rendered":"https:\/\/litrax.ch\/?post_type=product&#038;p=24728"},"modified":"2026-03-24T20:45:33","modified_gmt":"2026-03-24T20:45:33","slug":"tower-farm-28-espandibile-in-modo-modulare-kopie","status":"publish","type":"product","link":"https:\/\/litrax.ch\/it\/shop\/tower-farm-28-espandibile-in-modo-modulare-kopie\/","title":{"rendered":"Tower Farm 28 LW"},"content":{"rendered":"<h1>Consegnato completamente assemblato!<\/h1>\n<p>Con Aquaponics &#8211; Hydroponics Tower <strong>Farm 28<\/strong>, la Tower Farm 28 viene consegnata completamente assemblata e contiene tutto ci\u00f2 che serve per iniziare a coltivare in verticale in idroponica in 5 minuti! L&#8217;Aquaponics &#8211; Hydroponics <strong>Tower Farm 28<\/strong> \u00e8 perfetta sia per i principianti che per i professionisti. <\/p>\n<p>Coltiva in verticale con facilit\u00e0 e successo e trasforma un angolo della tua casa o del tuo balcone in un orto rigoglioso con la <strong>Fattoria<\/strong> Acquaponica &#8211; Idroponica <strong>a Torre 28<\/strong>.<\/p>\n<h2><strong>Sostenibilit\u00e0 con materiali naturali<\/strong><\/h2>\n<p>La fattoria verticale con 4 torri \u00e8 realizzata con una fibra naturale sostenibile e compostabile al 100%. Non potrebbe essere pi\u00f9 sostenibile! <\/p>\n<h2><strong>Nel kit troverai:<\/strong><\/h2>\n<ul>\n<li>28x mini contenitori &#8211; in PP bianco certificato per alimenti, completi di vasi universali;<\/li>\n<li>1x vaso quadrato da 48 litri con ruote;<\/li>\n<li>1x coperchio per la pentola in acciaio inox 304;<\/li>\n<li>1x supporto a torre gi\u00e0 assemblato per l&#8217;Aquaponics &#8211; Hydroponics Tower Farm 28;<\/li>\n<li>1x sistema di irrigazione gi\u00e0 installato con pompa<\/li>\n<li>4x serrature a torre;<\/li>\n<li>6x set di polsini;<\/li>\n<\/ul>\n<h2>Perch\u00e9 dovresti scegliere il nostro kit:<\/h2>\n<p><strong>Facile e veloce da installare:  <\/strong><\/p>\n<p>Viene fornita preassemblata, devi solo collegare un tubo e il gioco \u00e8 fatto, particolarmente pratico con l&#8217;Aquaponics &#8211; Hydroponics Tower Farm 28.<\/p>\n<p><strong>Risparmia acqua e spazio:  <\/strong><\/p>\n<p>Grazie al DWT, con la <strong>Turm Farm 28<\/strong> consumi il 90% di acqua e spazio in meno.<\/p>\n<p><strong>Raccolti ricchi e saporiti:  <\/strong><\/p>\n<p>Riscopri il sapore dei cibi coltivati in casa e coltivali pi\u00f9 velocemente e con meno fatica.<\/p>\n<p><strong>Soddisfazione garantita:  <\/strong><\/p>\n<p>Per qualsiasi domanda, non esitare a contattare il nostro servizio clienti.<\/p>\n<h2><strong>Espandibile in modo modulare: vuoi aggiungerne altri?  <\/strong><\/h2>\n<p>La torre \u00e8 espandibile in modo modulare! Puoi richiedere un&#8217;estensione fino a 44 piante. Aggiungi 16x mini contenitori al tuo ordine ora o in seguito e al resto penseremo noi.<\/p>\n<h2><strong>Opzione acquaponica<\/strong><\/h2>\n<p>Opzionalmente, puoi anche posizionare il serbatoio dell&#8217;acqua sopra un acquario e tenere alcune specie di piccoli pesci che forniscono nutrimento alle piante in modo naturale. Questa \u00e8 la vera acquaponica! Sostenibilit\u00e0 al massimo con la <strong>Turm Farm 28<\/strong>!  <\/p>\n<h2><strong>A chi \u00e8 adatta la Tower Farm 28 idroponica?<\/strong><\/h2>\n<p><strong>Tower Farm 28<\/strong> &#8211; il giardino verticale idroponico, \u00e8 perfetto per:<\/p>\n<ul>\n<li>Amanti del giardino<\/li>\n<li>Famiglie con bambini<\/li>\n<li>Persone che vivono in piccoli appartamenti<\/li>\n<li>Amanti del cibo sano e biologico<\/li>\n<li>Chiunque desideri un po&#8217; di verde nella propria casa, nel proprio giardino o sul proprio balcone<\/li>\n<li>Proprietario di un ristorante e bistrot, per rinfrescarsi nel verde e rilassarsi<\/li>\n<li>Spazi pubblici, da rinverdire e abbellire con piante o fiori stagionali<\/li>\n<li>Agricoltori che desiderano avviare una sperimentazione con la coltura idroponica<\/li>\n<\/ul>\n<p>Ordina oggi stesso il tuo set Tower 28 e crea il tuo orto verticale!<\/p>\n<p>Non solo avrai un giardino rigoglioso e decorativo, ma potrai anche gustare verdure ed erbe aromatiche fresche e genuine che avrai coltivato tu stesso con l&#8217;Aquaponics &#8211; Hydroponics Tower Farm 28!<\/p>\n<p>Non dimenticare di seguirci sul nostro canale YouTube!<\/p>\n<h2><strong>Porta la tua coltivazione a un nuovo livello<\/strong><\/h2>\n<ul>\n<li><strong>Un&#8217;ampia variet\u00e0 di specie vegetali<\/strong><br \/>\nLa nostra torre pu\u00f2 essere utilizzata in modo flessibile ed \u00e8 ideale per verdure a foglia, insalate, erbe, fiori e persino fragole.<\/li>\n<li><strong>Mobilit\u00e0 completa e illuminazione a 360\u00b0<\/strong><br \/>\nGrazie alle robuste rotelle, la torre pu\u00f2 essere facilmente spostata e utilizzata in modo flessibile. All&#8217;interno, le nostre potenti luci di coltivazione a LED opzionali forniscono un&#8217;illuminazione uniforme a 360\u00b0 e favoriscono una crescita sana e vigorosa delle tue piante. <\/li>\n<li><strong>Consumo d&#8217;acqua minimo<\/strong><br \/>\nIl serbatoio d&#8217;acqua da 48 litri consente di risparmiare fino all&#8217;80% di acqua rispetto alla coltivazione tradizionale. Il liquido nutritivo Wuxal rifornisce ogni pianta in modo uniforme, per ottenere la massima resa in tempi record. <\/li>\n<li><strong>Raccolto tutto l&#8217;anno<\/strong><br \/>\nUsa il sistema a torre per un raccolto continuo, sia all&#8217;aperto su balconi, terrazze o tetti soleggiati, sia come soluzione indoor per la coltivazione tutto l&#8217;anno.<\/li>\n<li><strong>Alta velocit\u00e0 di crescita<\/strong><br \/>\nSperimenta una crescita rapida e risultati fino a 5 volte pi\u00f9 veloci rispetto ai metodi di coltivazione convenzionali: l&#8217;ideale per chi ha bisogno di rese elevate in poco tempo.<\/li>\n<\/ul>\n<p>&nbsp;<\/p>\n<h2><img decoding=\"async\" class=\"alignleft wp-image-25430 size-thumbnail\" src=\"https:\/\/litrax.ch\/wp-content\/uploads\/2025\/10\/made-in-italy-SFONDO-NEUTRO-150x150.png\" alt=\"\" width=\"150\" height=\"150\" srcset=\"https:\/\/litrax.ch\/wp-content\/uploads\/2025\/10\/made-in-italy-SFONDO-NEUTRO-150x150.png 150w, https:\/\/litrax.ch\/wp-content\/uploads\/2025\/10\/made-in-italy-SFONDO-NEUTRO-575x575.png 575w, https:\/\/litrax.ch\/wp-content\/uploads\/2025\/10\/made-in-italy-SFONDO-NEUTRO-768x768.png 768w, https:\/\/litrax.ch\/wp-content\/uploads\/2025\/10\/made-in-italy-SFONDO-NEUTRO-920x920.png 920w, https:\/\/litrax.ch\/wp-content\/uploads\/2025\/10\/made-in-italy-SFONDO-NEUTRO-100x100.png 100w, https:\/\/litrax.ch\/wp-content\/uploads\/2025\/10\/made-in-italy-SFONDO-NEUTRO-64x64.png 64w, https:\/\/litrax.ch\/wp-content\/uploads\/2025\/10\/made-in-italy-SFONDO-NEUTRO.png 1024w\" sizes=\"(max-width: 150px) 100vw, 150px\" \/> <img decoding=\"async\" class=\"alignleft wp-image-25428 size-thumbnail\" src=\"https:\/\/litrax.ch\/wp-content\/uploads\/2025\/10\/PLASTIC-FREE-SFONDO-NEUTRO-150x150.png\" alt=\"\" width=\"150\" height=\"150\" srcset=\"https:\/\/litrax.ch\/wp-content\/uploads\/2025\/10\/PLASTIC-FREE-SFONDO-NEUTRO-150x150.png 150w, https:\/\/litrax.ch\/wp-content\/uploads\/2025\/10\/PLASTIC-FREE-SFONDO-NEUTRO-575x575.png 575w, https:\/\/litrax.ch\/wp-content\/uploads\/2025\/10\/PLASTIC-FREE-SFONDO-NEUTRO-768x768.png 768w, https:\/\/litrax.ch\/wp-content\/uploads\/2025\/10\/PLASTIC-FREE-SFONDO-NEUTRO-920x920.png 920w, https:\/\/litrax.ch\/wp-content\/uploads\/2025\/10\/PLASTIC-FREE-SFONDO-NEUTRO-100x100.png 100w, https:\/\/litrax.ch\/wp-content\/uploads\/2025\/10\/PLASTIC-FREE-SFONDO-NEUTRO-64x64.png 64w, https:\/\/litrax.ch\/wp-content\/uploads\/2025\/10\/PLASTIC-FREE-SFONDO-NEUTRO.png 1024w\" sizes=\"(max-width: 150px) 100vw, 150px\" \/> <img decoding=\"async\" class=\"alignleft wp-image-25429 size-thumbnail\" src=\"https:\/\/litrax.ch\/wp-content\/uploads\/2025\/10\/pi_UV_resistant-719125398-150x150.png\" alt=\"\" width=\"150\" height=\"150\" srcset=\"https:\/\/litrax.ch\/wp-content\/uploads\/2025\/10\/pi_UV_resistant-719125398-150x150.png 150w, https:\/\/litrax.ch\/wp-content\/uploads\/2025\/10\/pi_UV_resistant-719125398-575x575.png 575w, https:\/\/litrax.ch\/wp-content\/uploads\/2025\/10\/pi_UV_resistant-719125398-100x100.png 100w, https:\/\/litrax.ch\/wp-content\/uploads\/2025\/10\/pi_UV_resistant-719125398-64x64.png 64w, https:\/\/litrax.ch\/wp-content\/uploads\/2025\/10\/pi_UV_resistant-719125398.png 592w\" sizes=\"(max-width: 150px) 100vw, 150px\" \/><\/h2>\n<p>&nbsp;<\/p>\n<h2><\/h2>\n<p>&nbsp;<\/p>\n<p>&nbsp;<\/p>\n<p>&nbsp;<\/p>\n<p>&nbsp;<\/p>\n<hr>\n<h2><strong>Stai progettando un sistema pi\u00f9 grande?<\/strong><\/h2>\n<p>Contattaci per un&#8217;offerta personalizzata. Offriamo prezzi interessanti per grandi quantit\u00e0. Ci sono anche prezzi speciali per gli ordini commerciali. In particolare, i prezzi si abbassano notevolmente per ordini di grandi quantit\u00e0. Questo vale per le serre e l&#8217;agricoltura professionale.    <\/p>\n<p>Prova il futuro dell&#8217;agricoltura con la nostra torre idroponica verticale: efficiente, sostenibile e poco ingombrante con l&#8217;Aquaponics &#8211; Hydroponics Tower Farm 28!<\/p>\n","protected":false},"excerpt":{"rendered":"<p>Consegnato completamente assemblato! Con Aquaponics &#8211; Hydroponics Tower Farm 28, la Tower Farm 28 viene consegnata completamente assemblata e contiene tutto ci\u00f2 che serve per iniziare a coltivare in verticale in idroponica in 5 minuti! L&#8217;Aquaponics &#8211; Hydroponics Tower Farm 28 \u00e8 perfetta sia per i principianti che per i professionisti. Coltiva in verticale con [&hellip;]<\/p>\n","protected":false},"featured_media":25455,"comment_status":"closed","ping_status":"closed","template":"","meta":[],"product_brand":[],"product_cat":[158,157,125],"product_tag":[755,750,514,1288],"class_list":{"0":"post-24728","1":"product","2":"type-product","3":"status-publish","4":"has-post-thumbnail","6":"product_cat-agricoltura","7":"product_cat-gastronomia-industria","8":"product_cat-idroponica","9":"product_tag-indoor-it-2","10":"product_tag-outdoor-it","11":"product_tag-fattoria-verticale","12":"product_tag-torre-idroponica","14":"first","15":"outofstock","16":"taxable","17":"shipping-taxable","18":"purchasable","19":"product-type-simple"},"yoast_head":"<!-- This site is optimized with the Yoast SEO Premium plugin v26.7 (Yoast SEO v27.4) - https:\/\/yoast.com\/product\/yoast-seo-premium-wordpress\/ -->\n<title>Fattoria idroponica a torre: la coltivazione verticale resa facile - Litrax - Hydroponische Systeme<\/title>\n<meta name=\"description\" content=\"Scopri la torre idroponica, espandibile in modo modulare a partire da 28 piante! Perfetta per verdure fresche ed erbe aromatiche, pu\u00f2 essere utilizzata ovunque. \ud83c\udf31\" \/>\n<meta name=\"robots\" content=\"index, follow, max-snippet:-1, max-image-preview:large, max-video-preview:-1\" \/>\n<link rel=\"canonical\" href=\"https:\/\/litrax.ch\/it\/shop\/tower-farm-28-espandibile-in-modo-modulare-kopie\/\" \/>\n<meta property=\"og:locale\" content=\"it_IT\" \/>\n<meta property=\"og:type\" content=\"article\" \/>\n<meta property=\"og:title\" content=\"Tower Farm 28 LW\" \/>\n<meta property=\"og:description\" content=\"Scopri la torre idroponica, espandibile in modo modulare a partire da 28 piante! Perfetta per verdure fresche ed erbe aromatiche, pu\u00f2 essere utilizzata ovunque. \ud83c\udf31\" \/>\n<meta property=\"og:url\" content=\"https:\/\/litrax.ch\/it\/shop\/tower-farm-28-espandibile-in-modo-modulare-kopie\/\" \/>\n<meta property=\"og:site_name\" content=\"Litrax - Hydroponische Systeme\" \/>\n<meta property=\"article:publisher\" content=\"https:\/\/www.facebook.com\/Litrax.ch\" \/>\n<meta property=\"article:modified_time\" content=\"2026-03-24T20:45:33+00:00\" \/>\n<meta property=\"og:image\" content=\"https:\/\/litrax.ch\/wp-content\/uploads\/2025\/10\/Litrax-Turm-Farm-28-LW.png\" \/>\n\t<meta property=\"og:image:width\" content=\"2100\" \/>\n\t<meta property=\"og:image:height\" content=\"2000\" \/>\n\t<meta property=\"og:image:type\" content=\"image\/png\" \/>\n<meta name=\"twitter:card\" content=\"summary_large_image\" \/>\n<meta name=\"twitter:label1\" content=\"Prezzo\" \/>\n\t<meta name=\"twitter:data1\" content=\"&#067;&#072;&#070;&nbsp;599.00\" \/>\n\t<meta name=\"twitter:label2\" content=\"Disponibilit\u00e0\" \/>\n\t<meta name=\"twitter:data2\" content=\"Esaurito\" \/>\n<script type=\"application\/ld+json\" class=\"yoast-schema-graph\">{\"@context\":\"https:\\\/\\\/schema.org\",\"@graph\":[{\"@type\":\"WebPage\",\"@id\":\"https:\\\/\\\/litrax.ch\\\/it\\\/shop\\\/tower-farm-28-espandibile-in-modo-modulare-kopie\\\/\",\"url\":\"https:\\\/\\\/litrax.ch\\\/it\\\/shop\\\/tower-farm-28-espandibile-in-modo-modulare-kopie\\\/\",\"name\":\"Fattoria idroponica a torre: la coltivazione verticale resa facile - Litrax - Hydroponische Systeme\",\"isPartOf\":{\"@id\":\"https:\\\/\\\/litrax.ch\\\/it\\\/#website\"},\"primaryImageOfPage\":{\"@id\":\"https:\\\/\\\/litrax.ch\\\/it\\\/shop\\\/tower-farm-28-espandibile-in-modo-modulare-kopie\\\/#primaryimage\"},\"image\":{\"@id\":\"https:\\\/\\\/litrax.ch\\\/it\\\/shop\\\/tower-farm-28-espandibile-in-modo-modulare-kopie\\\/#primaryimage\"},\"thumbnailUrl\":\"https:\\\/\\\/litrax.ch\\\/wp-content\\\/uploads\\\/2025\\\/10\\\/Litrax-Turm-Farm-28-LW.png\",\"datePublished\":\"2025-10-24T14:40:01+00:00\",\"dateModified\":\"2026-03-24T20:45:33+00:00\",\"description\":\"Scopri la torre idroponica, espandibile in modo modulare a partire da 28 piante! Perfetta per verdure fresche ed erbe aromatiche, pu\u00f2 essere utilizzata ovunque. \ud83c\udf31\",\"breadcrumb\":{\"@id\":\"https:\\\/\\\/litrax.ch\\\/it\\\/shop\\\/tower-farm-28-espandibile-in-modo-modulare-kopie\\\/#breadcrumb\"},\"inLanguage\":\"it-IT\",\"potentialAction\":[{\"@type\":\"ReadAction\",\"target\":[\"https:\\\/\\\/litrax.ch\\\/it\\\/shop\\\/tower-farm-28-espandibile-in-modo-modulare-kopie\\\/\"]}]},{\"@type\":\"ImageObject\",\"inLanguage\":\"it-IT\",\"@id\":\"https:\\\/\\\/litrax.ch\\\/it\\\/shop\\\/tower-farm-28-espandibile-in-modo-modulare-kopie\\\/#primaryimage\",\"url\":\"https:\\\/\\\/litrax.ch\\\/wp-content\\\/uploads\\\/2025\\\/10\\\/Litrax-Turm-Farm-28-LW.png\",\"contentUrl\":\"https:\\\/\\\/litrax.ch\\\/wp-content\\\/uploads\\\/2025\\\/10\\\/Litrax-Turm-Farm-28-LW.png\",\"width\":2100,\"height\":2000},{\"@type\":\"BreadcrumbList\",\"@id\":\"https:\\\/\\\/litrax.ch\\\/it\\\/shop\\\/tower-farm-28-espandibile-in-modo-modulare-kopie\\\/#breadcrumb\",\"itemListElement\":[{\"@type\":\"ListItem\",\"position\":1,\"name\":\"Startseite\",\"item\":\"https:\\\/\\\/litrax.ch\\\/it\\\/casa\\\/\"},{\"@type\":\"ListItem\",\"position\":2,\"name\":\"Negozio\",\"item\":\"https:\\\/\\\/litrax.ch\\\/it\\\/negozio\\\/\"},{\"@type\":\"ListItem\",\"position\":3,\"name\":\"Tower Farm 28 LW\"}]},{\"@type\":\"WebSite\",\"@id\":\"https:\\\/\\\/litrax.ch\\\/it\\\/#website\",\"url\":\"https:\\\/\\\/litrax.ch\\\/it\\\/\",\"name\":\"Litrax - Hydroponische Systeme\",\"description\":\"Erlebe Hydroponik - der erdlose Gartengenuss.\",\"publisher\":{\"@id\":\"https:\\\/\\\/litrax.ch\\\/it\\\/#organization\"},\"alternateName\":\"Litrax\",\"potentialAction\":[{\"@type\":\"SearchAction\",\"target\":{\"@type\":\"EntryPoint\",\"urlTemplate\":\"https:\\\/\\\/litrax.ch\\\/it\\\/?s={search_term_string}\"},\"query-input\":{\"@type\":\"PropertyValueSpecification\",\"valueRequired\":true,\"valueName\":\"search_term_string\"}}],\"inLanguage\":\"it-IT\"},{\"@type\":\"Organization\",\"@id\":\"https:\\\/\\\/litrax.ch\\\/it\\\/#organization\",\"name\":\"Litrax - Hydroponische Systeme\",\"alternateName\":\"Litrax\",\"url\":\"https:\\\/\\\/litrax.ch\\\/it\\\/\",\"logo\":{\"@type\":\"ImageObject\",\"inLanguage\":\"it-IT\",\"@id\":\"https:\\\/\\\/litrax.ch\\\/it\\\/#\\\/schema\\\/logo\\\/image\\\/\",\"url\":\"https:\\\/\\\/litrax.ch\\\/wp-content\\\/uploads\\\/2024\\\/03\\\/facivon.png\",\"contentUrl\":\"https:\\\/\\\/litrax.ch\\\/wp-content\\\/uploads\\\/2024\\\/03\\\/facivon.png\",\"width\":150,\"height\":150,\"caption\":\"Litrax - Hydroponische Systeme\"},\"image\":{\"@id\":\"https:\\\/\\\/litrax.ch\\\/it\\\/#\\\/schema\\\/logo\\\/image\\\/\"},\"sameAs\":[\"https:\\\/\\\/www.facebook.com\\\/Litrax.ch\",\"https:\\\/\\\/www.instagram.com\\\/litrax.ch\\\/\",\"https:\\\/\\\/www.tiktok.com\\\/@litrax.ch\"],\"description\":\"Willkommen bei Litrax \u2013 Ihrem f\u00fchrenden Online-Shop f\u00fcr hochwertige hydroponische Gartensysteme! Wir bieten eine breite Palette an L\u00f6sungen f\u00fcr Privatpersonen, Restaurants und industrielle Gro\u00dfsysteme, um Ihnen zu helfen, Ihre eigene gr\u00fcne Oase zu schaffen, unabh\u00e4ngig von Ihrem Bedarf oder Ihrer Gr\u00f6\u00dfe. F\u00fcr Haushalte\\\/B\u00fcros: Entdecken Sie die Freude am G\u00e4rtnern in Ihrem eigenen Zuhause mit unseren einfach zu bedienenden hydroponischen Gartensystemen. Egal, ob Sie auf einem Balkon, einer Terrasse oder in Ihrem Wohnzimmer g\u00e4rtnern m\u00f6chten \u2013 wir haben das passende System f\u00fcr Sie. Genie\u00dfen Sie frisches Gem\u00fcse, aromatische Kr\u00e4uter und farbenfrohe Blumen das ganze Jahr \u00fcber, direkt aus Ihrem hydroponischen Garten. F\u00fcr Restaurants: Steigern Sie die Qualit\u00e4t Ihrer Gerichte und beeindrucken Sie Ihre G\u00e4ste mit frischen, geschmacksintensiven Zutaten aus unserem Sortiment an hydroponischen Gartensystemen f\u00fcr den gastronomischen Bereich. Unsere Systeme sind platzsparend, effizient und einfach zu bedienen, so dass Sie Ihre eigenen Zutaten direkt in Ihrer K\u00fcche anbauen k\u00f6nnen. Erleben Sie die Freude an nachhaltigem G\u00e4rtnern und lassen Sie Ihre kulinarischen Kreationen erstrahlen. Industrielle Gro\u00dfsysteme: Optimieren Sie Ihre landwirtschaftliche Produktion mit unseren ma\u00dfgeschneiderten hydroponischen Gro\u00dfsystemen. Von vertikalen Farmen bis hin zu automatisierten Anlagen bieten wir skalierbare L\u00f6sungen f\u00fcr maximale Effizienz und Produktivit\u00e4t. Nutzen Sie die Vorteile der hydroponischen Landwirtschaft, um Ihre Ernteertr\u00e4ge zu steigern, Platz zu sparen und Ressourcen zu optimieren. Erfahren Sie, wie unsere Systeme die Zukunft der industriellen Landwirtschaft gestalten k\u00f6nnen. Bei Litrax legen wir Wert auf Qualit\u00e4t und Kundenzufriedenheit. Unsere Produkte sind sorgf\u00e4ltig ausgew\u00e4hlt, um Ihnen die besten Ergebnisse zu garantieren, und wir bieten sie zu g\u00fcnstigen Preisen an. Dank unseres eigenen Lagers in der Schweiz k\u00f6nnen wir Ihnen eine schnelle Lieferung am n\u00e4chsten Tag garantieren.\",\"legalName\":\"Resyx GmbH\",\"foundingDate\":\"2022-12-22\",\"numberOfEmployees\":{\"@type\":\"QuantitativeValue\",\"minValue\":\"1\",\"maxValue\":\"10\"}}]}<\/script>\n<meta property=\"product:price:amount\" content=\"599.00\" \/>\n<meta property=\"product:price:currency\" content=\"CHF\" \/>\n<meta property=\"og:availability\" content=\"out of stock\" \/>\n<meta property=\"product:availability\" content=\"out of stock\" \/>\n<meta property=\"product:retailer_item_id\" content=\"LX-KIT28-LW\" \/>\n<meta property=\"product:condition\" content=\"new\" \/>\n<!-- \/ Yoast SEO Premium plugin. -->","yoast_head_json":{"title":"Fattoria idroponica a torre: la coltivazione verticale resa facile - Litrax - Hydroponische Systeme","description":"Scopri la torre idroponica, espandibile in modo modulare a partire da 28 piante! Perfetta per verdure fresche ed erbe aromatiche, pu\u00f2 essere utilizzata ovunque. \ud83c\udf31","robots":{"index":"index","follow":"follow","max-snippet":"max-snippet:-1","max-image-preview":"max-image-preview:large","max-video-preview":"max-video-preview:-1"},"canonical":"https:\/\/litrax.ch\/it\/shop\/tower-farm-28-espandibile-in-modo-modulare-kopie\/","og_locale":"it_IT","og_type":"article","og_title":"Tower Farm 28 LW","og_description":"Scopri la torre idroponica, espandibile in modo modulare a partire da 28 piante! Perfetta per verdure fresche ed erbe aromatiche, pu\u00f2 essere utilizzata ovunque. \ud83c\udf31","og_url":"https:\/\/litrax.ch\/it\/shop\/tower-farm-28-espandibile-in-modo-modulare-kopie\/","og_site_name":"Litrax - Hydroponische Systeme","article_publisher":"https:\/\/www.facebook.com\/Litrax.ch","article_modified_time":"2026-03-24T20:45:33+00:00","og_image":[{"width":2100,"height":2000,"url":"https:\/\/litrax.ch\/wp-content\/uploads\/2025\/10\/Litrax-Turm-Farm-28-LW.png","type":"image\/png"}],"twitter_card":"summary_large_image","twitter_misc":{"Prezzo":"&#67;&#72;&#70;&nbsp;599.00","Disponibilit\u00e0":"Esaurito"},"schema":{"@context":"https:\/\/schema.org","@graph":[{"@type":"WebPage","@id":"https:\/\/litrax.ch\/it\/shop\/tower-farm-28-espandibile-in-modo-modulare-kopie\/","url":"https:\/\/litrax.ch\/it\/shop\/tower-farm-28-espandibile-in-modo-modulare-kopie\/","name":"Fattoria idroponica a torre: la coltivazione verticale resa facile - Litrax - Hydroponische Systeme","isPartOf":{"@id":"https:\/\/litrax.ch\/it\/#website"},"primaryImageOfPage":{"@id":"https:\/\/litrax.ch\/it\/shop\/tower-farm-28-espandibile-in-modo-modulare-kopie\/#primaryimage"},"image":{"@id":"https:\/\/litrax.ch\/it\/shop\/tower-farm-28-espandibile-in-modo-modulare-kopie\/#primaryimage"},"thumbnailUrl":"https:\/\/litrax.ch\/wp-content\/uploads\/2025\/10\/Litrax-Turm-Farm-28-LW.png","datePublished":"2025-10-24T14:40:01+00:00","dateModified":"2026-03-24T20:45:33+00:00","description":"Scopri la torre idroponica, espandibile in modo modulare a partire da 28 piante! Perfetta per verdure fresche ed erbe aromatiche, pu\u00f2 essere utilizzata ovunque. \ud83c\udf31","breadcrumb":{"@id":"https:\/\/litrax.ch\/it\/shop\/tower-farm-28-espandibile-in-modo-modulare-kopie\/#breadcrumb"},"inLanguage":"it-IT","potentialAction":[{"@type":"ReadAction","target":["https:\/\/litrax.ch\/it\/shop\/tower-farm-28-espandibile-in-modo-modulare-kopie\/"]}]},{"@type":"ImageObject","inLanguage":"it-IT","@id":"https:\/\/litrax.ch\/it\/shop\/tower-farm-28-espandibile-in-modo-modulare-kopie\/#primaryimage","url":"https:\/\/litrax.ch\/wp-content\/uploads\/2025\/10\/Litrax-Turm-Farm-28-LW.png","contentUrl":"https:\/\/litrax.ch\/wp-content\/uploads\/2025\/10\/Litrax-Turm-Farm-28-LW.png","width":2100,"height":2000},{"@type":"BreadcrumbList","@id":"https:\/\/litrax.ch\/it\/shop\/tower-farm-28-espandibile-in-modo-modulare-kopie\/#breadcrumb","itemListElement":[{"@type":"ListItem","position":1,"name":"Startseite","item":"https:\/\/litrax.ch\/it\/casa\/"},{"@type":"ListItem","position":2,"name":"Negozio","item":"https:\/\/litrax.ch\/it\/negozio\/"},{"@type":"ListItem","position":3,"name":"Tower Farm 28 LW"}]},{"@type":"WebSite","@id":"https:\/\/litrax.ch\/it\/#website","url":"https:\/\/litrax.ch\/it\/","name":"Litrax - Hydroponische Systeme","description":"Erlebe Hydroponik - der erdlose Gartengenuss.","publisher":{"@id":"https:\/\/litrax.ch\/it\/#organization"},"alternateName":"Litrax","potentialAction":[{"@type":"SearchAction","target":{"@type":"EntryPoint","urlTemplate":"https:\/\/litrax.ch\/it\/?s={search_term_string}"},"query-input":{"@type":"PropertyValueSpecification","valueRequired":true,"valueName":"search_term_string"}}],"inLanguage":"it-IT"},{"@type":"Organization","@id":"https:\/\/litrax.ch\/it\/#organization","name":"Litrax - Hydroponische Systeme","alternateName":"Litrax","url":"https:\/\/litrax.ch\/it\/","logo":{"@type":"ImageObject","inLanguage":"it-IT","@id":"https:\/\/litrax.ch\/it\/#\/schema\/logo\/image\/","url":"https:\/\/litrax.ch\/wp-content\/uploads\/2024\/03\/facivon.png","contentUrl":"https:\/\/litrax.ch\/wp-content\/uploads\/2024\/03\/facivon.png","width":150,"height":150,"caption":"Litrax - Hydroponische Systeme"},"image":{"@id":"https:\/\/litrax.ch\/it\/#\/schema\/logo\/image\/"},"sameAs":["https:\/\/www.facebook.com\/Litrax.ch","https:\/\/www.instagram.com\/litrax.ch\/","https:\/\/www.tiktok.com\/@litrax.ch"],"description":"Willkommen bei Litrax \u2013 Ihrem f\u00fchrenden Online-Shop f\u00fcr hochwertige hydroponische Gartensysteme! Wir bieten eine breite Palette an L\u00f6sungen f\u00fcr Privatpersonen, Restaurants und industrielle Gro\u00dfsysteme, um Ihnen zu helfen, Ihre eigene gr\u00fcne Oase zu schaffen, unabh\u00e4ngig von Ihrem Bedarf oder Ihrer Gr\u00f6\u00dfe. F\u00fcr Haushalte\/B\u00fcros: Entdecken Sie die Freude am G\u00e4rtnern in Ihrem eigenen Zuhause mit unseren einfach zu bedienenden hydroponischen Gartensystemen. Egal, ob Sie auf einem Balkon, einer Terrasse oder in Ihrem Wohnzimmer g\u00e4rtnern m\u00f6chten \u2013 wir haben das passende System f\u00fcr Sie. Genie\u00dfen Sie frisches Gem\u00fcse, aromatische Kr\u00e4uter und farbenfrohe Blumen das ganze Jahr \u00fcber, direkt aus Ihrem hydroponischen Garten. F\u00fcr Restaurants: Steigern Sie die Qualit\u00e4t Ihrer Gerichte und beeindrucken Sie Ihre G\u00e4ste mit frischen, geschmacksintensiven Zutaten aus unserem Sortiment an hydroponischen Gartensystemen f\u00fcr den gastronomischen Bereich. Unsere Systeme sind platzsparend, effizient und einfach zu bedienen, so dass Sie Ihre eigenen Zutaten direkt in Ihrer K\u00fcche anbauen k\u00f6nnen. Erleben Sie die Freude an nachhaltigem G\u00e4rtnern und lassen Sie Ihre kulinarischen Kreationen erstrahlen. Industrielle Gro\u00dfsysteme: Optimieren Sie Ihre landwirtschaftliche Produktion mit unseren ma\u00dfgeschneiderten hydroponischen Gro\u00dfsystemen. Von vertikalen Farmen bis hin zu automatisierten Anlagen bieten wir skalierbare L\u00f6sungen f\u00fcr maximale Effizienz und Produktivit\u00e4t. Nutzen Sie die Vorteile der hydroponischen Landwirtschaft, um Ihre Ernteertr\u00e4ge zu steigern, Platz zu sparen und Ressourcen zu optimieren. Erfahren Sie, wie unsere Systeme die Zukunft der industriellen Landwirtschaft gestalten k\u00f6nnen. Bei Litrax legen wir Wert auf Qualit\u00e4t und Kundenzufriedenheit. Unsere Produkte sind sorgf\u00e4ltig ausgew\u00e4hlt, um Ihnen die besten Ergebnisse zu garantieren, und wir bieten sie zu g\u00fcnstigen Preisen an. Dank unseres eigenen Lagers in der Schweiz k\u00f6nnen wir Ihnen eine schnelle Lieferung am n\u00e4chsten Tag garantieren.","legalName":"Resyx GmbH","foundingDate":"2022-12-22","numberOfEmployees":{"@type":"QuantitativeValue","minValue":"1","maxValue":"10"}}]},"product_price_amount":"599.00","product_price_currency":"CHF","og_availability":"out of stock","product_availability":"out of stock","product_retailer_item_id":"LX-KIT28-LW","product_condition":"new"},"_links":{"self":[{"href":"https:\/\/litrax.ch\/it\/wp-json\/wp\/v2\/product\/24728","targetHints":{"allow":["GET"]}}],"collection":[{"href":"https:\/\/litrax.ch\/it\/wp-json\/wp\/v2\/product"}],"about":[{"href":"https:\/\/litrax.ch\/it\/wp-json\/wp\/v2\/types\/product"}],"replies":[{"embeddable":true,"href":"https:\/\/litrax.ch\/it\/wp-json\/wp\/v2\/comments?post=24728"}],"wp:featuredmedia":[{"embeddable":true,"href":"https:\/\/litrax.ch\/it\/wp-json\/wp\/v2\/media\/25455"}],"wp:attachment":[{"href":"https:\/\/litrax.ch\/it\/wp-json\/wp\/v2\/media?parent=24728"}],"wp:term":[{"taxonomy":"product_brand","embeddable":true,"href":"https:\/\/litrax.ch\/it\/wp-json\/wp\/v2\/product_brand?post=24728"},{"taxonomy":"product_cat","embeddable":true,"href":"https:\/\/litrax.ch\/it\/wp-json\/wp\/v2\/product_cat?post=24728"},{"taxonomy":"product_tag","embeddable":true,"href":"https:\/\/litrax.ch\/it\/wp-json\/wp\/v2\/product_tag?post=24728"}],"curies":[{"name":"wp","href":"https:\/\/api.w.org\/{rel}","templated":true}]}}