{"id":24768,"date":"2025-10-27T14:53:21","date_gmt":"2025-10-27T14:53:21","guid":{"rendered":"https:\/\/litrax.ch\/?post_type=product&#038;p=24768"},"modified":"2026-03-24T20:44:13","modified_gmt":"2026-03-24T20:44:13","slug":"tower-farm-28-espandibile-in-modo-modulare-kopie-2","status":"publish","type":"product","link":"https:\/\/litrax.ch\/it\/shop\/tower-farm-28-espandibile-in-modo-modulare-kopie-2\/","title":{"rendered":"Torre da giardino 50"},"content":{"rendered":"<h1>Il <strong>giardino verticale<\/strong> ideale <strong>per la tua casa<\/strong><\/h1>\n<p><strong>La Torre 50<\/strong> \u00e8 dotata di 10 livelli per 50 piante. Contiene tutto ci\u00f2 che ti serve per iniziare la coltivazione idroponica verticale in 5 minuti! Coltiva in verticale con facilit\u00e0 e successo. Trasforma un angolo della tua casa o del tuo balcone in un rigoglioso orto di insalate, erbe o verdure. Oppure crea un bouquet di fiori o di rose con la Torre per Giardino Verticale 50.    <\/p>\n<h2><strong>Nel kit troverai:<\/strong><\/h2>\n<p>10x contenitori per piante per un massimo di 50 piante<br \/>\n50x porta-spugna<br \/>\n1x serbatoio dell&#8217;acqua da 50 litri<br \/>\n1x tappo benzina<br \/>\n1x tubo per il trasporto verticale dell&#8217;acqua<br \/>\n1x palo centrale per il montaggio stabile dei contenitori per piante<br \/>\n1x copertura della torre<br \/>\n1x piattino con ruote<br \/>\n1x pompa di irrigazione<\/p>\n<h2>Perch\u00e9 dovresti scegliere il nostro kit a torre<\/h2>\n<p><strong>Facile e veloce da installare:  <\/strong><\/p>\n<p>Disimballalo, assembla le singole parti seguendo le istruzioni, riempi il serbatoio con acqua e nutrimento Wuxal, collega la pompa e parti!<\/p>\n<p><strong>Risparmia acqua e spazio:  <\/strong><\/p>\n<p>Grazie al suo design sottile, si consuma fino al 90% di acqua in meno. Con un diametro del serbatoio di soli 0,48 cm, il design \u00e8 tale da adattarsi praticamente a qualsiasi angolo o persino alla cucina. Con un&#8217;altezza di 170 cm, l&#8217;altezza della stanza viene sfruttata in modo ottimale senza apparire invasiva. Puoi coltivare 50 piante in appena mezzo metro quadrato. Questi sono gli enormi vantaggi di un giardino verticale in uno spazio ridotto!    <\/p>\n<p><strong>Raccolti ricchi e saporiti:  <\/strong><\/p>\n<p>Riscopri il sapore dei cibi coltivati in casa e coltivali pi\u00f9 velocemente e con meno fatica.<\/p>\n<p><strong>Soddisfazione garantita:  <\/strong><\/p>\n<p>Per qualsiasi domanda, non esitare a contattare il nostro servizio clienti.<\/p>\n<p><strong>Espandibile in modo modulare: vuoi aggiungerne altri?  <\/strong><\/p>\n<p>Il sistema <strong>Tower 50<\/strong> \u00e8 espandibile in modo modulare! Puoi combinare tutte le torri che vuoi. Ad esempio, puoi utilizzare il nostro <strong>prodotto automatizzato per la gestione di acqua, pH, EC e clima NIDO V2<\/strong>. Grazie al<strong> controllo<\/strong> in tempo reale tramite<strong> app e web<\/strong>, questo sistema diventa una fattoria molto produttiva sul tuo balcone. Oppure espandila nella serra.    <\/p>\n<p>Con 5 torri avrai un&#8217;autosufficienza di prim&#8217;ordine, per 12 mesi all&#8217;anno. Aggiungi altri sistemi <strong>Tower 50<\/strong> e il sistema di irrigazione <strong>NIDO V2<\/strong> al tuo ordine, ora o in seguito, e sarai pronto a partire. Diventa un coltivatore verticale di ultima generazione.  <\/p>\n<h2><strong>Tower 50<\/strong> &#8211; il perfetto giardino verticale idroponico<\/h2>\n<ul>\n<li>Amanti del giardino<\/li>\n<li>Famiglie con bambini<\/li>\n<li>Persone che vivono in piccoli appartamenti<\/li>\n<li>Piccoli balconi organici<\/li>\n<li>Vegano e vegetariano<\/li>\n<li>Amanti del cibo sano e biologico<\/li>\n<li>Chiunque desideri un po&#8217; di verde nella propria casa, nel proprio giardino o sul proprio balcone<\/li>\n<li>Proprietario di un ristorante e bistrot, per rinfrescarsi nel verde e rilassarsi<\/li>\n<li>Spazi pubblici, da rinverdire e abbellire con piante o fiori stagionali<\/li>\n<li>Gli agricoltori che vogliono passare gradualmente alla coltura idroponica<\/li>\n<\/ul>\n<p>Ordina oggi stesso il tuo set <strong>Tower 50<\/strong> e crea il tuo orto verticale o un giardino fiorito!<\/p>\n<p>Non solo avrai un giardino lussureggiante e decorativo, ma potrai anche gustare le verdure e le erbe aromatiche fresche e genuine che hai coltivato tu stesso con la torre verticale 50!<\/p>\n<p>Non dimenticare di seguirci sul nostro canale YouTube!<\/p>\n<h2><strong>Porta la tua coltivazione a un nuovo livello:<\/strong><\/h2>\n<ul>\n<li><strong>Un&#8217;ampia variet\u00e0 di specie vegetali<\/strong><br \/>\nIl nostro sistema a torre pu\u00f2 essere utilizzato in modo flessibile ed \u00e8 ideale per verdure a foglia, insalate, erbe, fiori e persino fragole.<\/li>\n<li><strong>Mobilit\u00e0 completa e illuminazione a 360\u00b0 per un&#8217;elevata resa delle colture<\/strong><br \/>\nGrazie alle robuste rotelle, la torre pu\u00f2 essere spostata facilmente e utilizzata in modo flessibile. All&#8217;interno, le <strong>nostre eccellenti luci di coltivazione<\/strong> opzionali forniscono un&#8217;illuminazione uniforme e favoriscono una crescita sana e vigorosa delle tue piante. Questo ti permette di combinare la luce del sole con luci di coltivazione a LED prolungate e di ottenere una crescita fenomenalmente rapida. Fino a 6 raccolti all&#8217;anno diventano una deliziosa realt\u00e0, a seconda della pianta.   <\/li>\n<li><strong>Consumo d&#8217;acqua minimo<\/strong><br \/>\nIl serbatoio d&#8217;acqua da 50 litri garantisce una fornitura d&#8217;acqua affidabile e duratura e consente di risparmiare fino al 90% di acqua rispetto alle coltivazioni tradizionali. Il <strong>liquido nutritivo Wuxal<\/strong> rifornisce ogni pianta in modo uniforme, per ottenere la massima resa in tempi record. <\/li>\n<li><strong>Raccolto tutto l&#8217;anno<\/strong><br \/>\nUtilizza il sistema a torre per un raccolto continuo, sia all&#8217;esterno su balconi, terrazze o tetti soleggiati, sia come soluzione indoor per la coltivazione tutto l&#8217;anno.<\/li>\n<li><strong>Alta velocit\u00e0 di crescita<\/strong><br \/>\nSperimenta una crescita rapida e risultati fino a 5 volte pi\u00f9 veloci rispetto ai metodi di coltivazione precedenti: l&#8217;ideale per chi ha bisogno di rese elevate in poco tempo.<\/li>\n<\/ul>\n<hr>\n<h2><strong>Stai progettando un sistema pi\u00f9 grande?<\/strong><\/h2>\n<p>Contattaci per un&#8217;offerta personalizzata. Offriamo prezzi interessanti per grandi quantit\u00e0. Ci sono anche prezzi speciali per gli ordini commerciali. In particolare, i prezzi si abbassano notevolmente per le quantit\u00e0 maggiori. Questo vale per le serre e l&#8217;agricoltura professionale.<\/p>\n<p>Prova il futuro dell&#8217;agricoltura con la nostra gamma di torri idroponiche verticali: efficienti, sostenibili, robuste e poco ingombranti!<\/p>\n","protected":false},"excerpt":{"rendered":"<p>Il giardino verticale ideale per la tua casa La Torre 50 \u00e8 dotata di 10 livelli per 50 piante. Contiene tutto ci\u00f2 che ti serve per iniziare la coltivazione idroponica verticale in 5 minuti! Coltiva in verticale con facilit\u00e0 e successo. Trasforma un angolo della tua casa o del tuo balcone in un rigoglioso orto [&hellip;]<\/p>\n","protected":false},"featured_media":25722,"comment_status":"closed","ping_status":"closed","template":"","meta":[],"product_brand":[],"product_cat":[158,157,125],"product_tag":[755,750,514,1288],"class_list":{"0":"post-24768","1":"product","2":"type-product","3":"status-publish","4":"has-post-thumbnail","6":"product_cat-agricoltura","7":"product_cat-gastronomia-industria","8":"product_cat-idroponica","9":"product_tag-indoor-it-2","10":"product_tag-outdoor-it","11":"product_tag-fattoria-verticale","12":"product_tag-torre-idroponica","14":"first","15":"instock","16":"taxable","17":"shipping-taxable","18":"purchasable","19":"product-type-simple"},"yoast_head":"<!-- This site is optimized with the Yoast SEO Premium plugin v26.7 (Yoast SEO v27.4) - https:\/\/yoast.com\/product\/yoast-seo-premium-wordpress\/ -->\n<title>Fattoria idroponica a torre: la coltivazione verticale resa facile - Litrax - Hydroponische Systeme<\/title>\n<meta name=\"description\" content=\"Scopri la torre idroponica, espandibile in modo modulare fino a 50 piante! Perfetta per verdure fresche, insalate, fiori ed erbe aromatiche, pu\u00f2 essere utilizzata ovunque. \ud83c\udf31\" \/>\n<meta name=\"robots\" content=\"index, follow, max-snippet:-1, max-image-preview:large, max-video-preview:-1\" \/>\n<link rel=\"canonical\" href=\"https:\/\/litrax.ch\/it\/shop\/tower-farm-28-espandibile-in-modo-modulare-kopie-2\/\" \/>\n<meta property=\"og:locale\" content=\"it_IT\" \/>\n<meta property=\"og:type\" content=\"article\" \/>\n<meta property=\"og:title\" content=\"Torre da giardino 50\" \/>\n<meta property=\"og:description\" content=\"Scopri la torre idroponica, espandibile in modo modulare fino a 50 piante! Perfetta per verdure fresche, insalate, fiori ed erbe aromatiche, pu\u00f2 essere utilizzata ovunque. \ud83c\udf31\" \/>\n<meta property=\"og:url\" content=\"https:\/\/litrax.ch\/it\/shop\/tower-farm-28-espandibile-in-modo-modulare-kopie-2\/\" \/>\n<meta property=\"og:site_name\" content=\"Litrax - Hydroponische Systeme\" \/>\n<meta property=\"article:publisher\" content=\"https:\/\/www.facebook.com\/Litrax.ch\" \/>\n<meta property=\"article:modified_time\" content=\"2026-03-24T20:44:13+00:00\" \/>\n<meta property=\"og:image\" content=\"https:\/\/litrax.ch\/wp-content\/uploads\/2025\/10\/LX-TOWER50-HVG.Gartenturm-50-5-e1774357922702.png\" \/>\n\t<meta property=\"og:image:width\" content=\"1800\" \/>\n\t<meta property=\"og:image:height\" content=\"1500\" \/>\n\t<meta property=\"og:image:type\" content=\"image\/png\" \/>\n<meta name=\"twitter:card\" content=\"summary_large_image\" \/>\n<meta name=\"twitter:label1\" content=\"Prezzo\" \/>\n\t<meta name=\"twitter:data1\" content=\"&#067;&#072;&#070;&nbsp;349.00\" \/>\n\t<meta name=\"twitter:label2\" content=\"Disponibilit\u00e0\" \/>\n\t<meta name=\"twitter:data2\" content=\"In stock\" \/>\n<script type=\"application\/ld+json\" class=\"yoast-schema-graph\">{\"@context\":\"https:\\\/\\\/schema.org\",\"@graph\":[{\"@type\":\"WebPage\",\"@id\":\"https:\\\/\\\/litrax.ch\\\/it\\\/shop\\\/tower-farm-28-espandibile-in-modo-modulare-kopie-2\\\/\",\"url\":\"https:\\\/\\\/litrax.ch\\\/it\\\/shop\\\/tower-farm-28-espandibile-in-modo-modulare-kopie-2\\\/\",\"name\":\"Fattoria idroponica a torre: la coltivazione verticale resa facile - Litrax - Hydroponische Systeme\",\"isPartOf\":{\"@id\":\"https:\\\/\\\/litrax.ch\\\/it\\\/#website\"},\"primaryImageOfPage\":{\"@id\":\"https:\\\/\\\/litrax.ch\\\/it\\\/shop\\\/tower-farm-28-espandibile-in-modo-modulare-kopie-2\\\/#primaryimage\"},\"image\":{\"@id\":\"https:\\\/\\\/litrax.ch\\\/it\\\/shop\\\/tower-farm-28-espandibile-in-modo-modulare-kopie-2\\\/#primaryimage\"},\"thumbnailUrl\":\"https:\\\/\\\/litrax.ch\\\/wp-content\\\/uploads\\\/2025\\\/10\\\/LX-TOWER50-HVG.Gartenturm-50-5-e1774357922702.png\",\"datePublished\":\"2025-10-27T14:53:21+00:00\",\"dateModified\":\"2026-03-24T20:44:13+00:00\",\"description\":\"Scopri la torre idroponica, espandibile in modo modulare fino a 50 piante! Perfetta per verdure fresche, insalate, fiori ed erbe aromatiche, pu\u00f2 essere utilizzata ovunque. \ud83c\udf31\",\"breadcrumb\":{\"@id\":\"https:\\\/\\\/litrax.ch\\\/it\\\/shop\\\/tower-farm-28-espandibile-in-modo-modulare-kopie-2\\\/#breadcrumb\"},\"inLanguage\":\"it-IT\",\"potentialAction\":[{\"@type\":\"ReadAction\",\"target\":[\"https:\\\/\\\/litrax.ch\\\/it\\\/shop\\\/tower-farm-28-espandibile-in-modo-modulare-kopie-2\\\/\"]}]},{\"@type\":\"ImageObject\",\"inLanguage\":\"it-IT\",\"@id\":\"https:\\\/\\\/litrax.ch\\\/it\\\/shop\\\/tower-farm-28-espandibile-in-modo-modulare-kopie-2\\\/#primaryimage\",\"url\":\"https:\\\/\\\/litrax.ch\\\/wp-content\\\/uploads\\\/2025\\\/10\\\/LX-TOWER50-HVG.Gartenturm-50-5-e1774357922702.png\",\"contentUrl\":\"https:\\\/\\\/litrax.ch\\\/wp-content\\\/uploads\\\/2025\\\/10\\\/LX-TOWER50-HVG.Gartenturm-50-5-e1774357922702.png\",\"width\":1800,\"height\":1500},{\"@type\":\"BreadcrumbList\",\"@id\":\"https:\\\/\\\/litrax.ch\\\/it\\\/shop\\\/tower-farm-28-espandibile-in-modo-modulare-kopie-2\\\/#breadcrumb\",\"itemListElement\":[{\"@type\":\"ListItem\",\"position\":1,\"name\":\"Startseite\",\"item\":\"https:\\\/\\\/litrax.ch\\\/it\\\/casa\\\/\"},{\"@type\":\"ListItem\",\"position\":2,\"name\":\"Negozio\",\"item\":\"https:\\\/\\\/litrax.ch\\\/it\\\/negozio\\\/\"},{\"@type\":\"ListItem\",\"position\":3,\"name\":\"Torre da giardino 50\"}]},{\"@type\":\"WebSite\",\"@id\":\"https:\\\/\\\/litrax.ch\\\/it\\\/#website\",\"url\":\"https:\\\/\\\/litrax.ch\\\/it\\\/\",\"name\":\"Litrax - Hydroponische Systeme\",\"description\":\"Erlebe Hydroponik - der erdlose Gartengenuss.\",\"publisher\":{\"@id\":\"https:\\\/\\\/litrax.ch\\\/it\\\/#organization\"},\"alternateName\":\"Litrax\",\"potentialAction\":[{\"@type\":\"SearchAction\",\"target\":{\"@type\":\"EntryPoint\",\"urlTemplate\":\"https:\\\/\\\/litrax.ch\\\/it\\\/?s={search_term_string}\"},\"query-input\":{\"@type\":\"PropertyValueSpecification\",\"valueRequired\":true,\"valueName\":\"search_term_string\"}}],\"inLanguage\":\"it-IT\"},{\"@type\":\"Organization\",\"@id\":\"https:\\\/\\\/litrax.ch\\\/it\\\/#organization\",\"name\":\"Litrax - Hydroponische Systeme\",\"alternateName\":\"Litrax\",\"url\":\"https:\\\/\\\/litrax.ch\\\/it\\\/\",\"logo\":{\"@type\":\"ImageObject\",\"inLanguage\":\"it-IT\",\"@id\":\"https:\\\/\\\/litrax.ch\\\/it\\\/#\\\/schema\\\/logo\\\/image\\\/\",\"url\":\"https:\\\/\\\/litrax.ch\\\/wp-content\\\/uploads\\\/2024\\\/03\\\/facivon.png\",\"contentUrl\":\"https:\\\/\\\/litrax.ch\\\/wp-content\\\/uploads\\\/2024\\\/03\\\/facivon.png\",\"width\":150,\"height\":150,\"caption\":\"Litrax - Hydroponische Systeme\"},\"image\":{\"@id\":\"https:\\\/\\\/litrax.ch\\\/it\\\/#\\\/schema\\\/logo\\\/image\\\/\"},\"sameAs\":[\"https:\\\/\\\/www.facebook.com\\\/Litrax.ch\",\"https:\\\/\\\/www.instagram.com\\\/litrax.ch\\\/\",\"https:\\\/\\\/www.tiktok.com\\\/@litrax.ch\"],\"description\":\"Willkommen bei Litrax \u2013 Ihrem f\u00fchrenden Online-Shop f\u00fcr hochwertige hydroponische Gartensysteme! Wir bieten eine breite Palette an L\u00f6sungen f\u00fcr Privatpersonen, Restaurants und industrielle Gro\u00dfsysteme, um Ihnen zu helfen, Ihre eigene gr\u00fcne Oase zu schaffen, unabh\u00e4ngig von Ihrem Bedarf oder Ihrer Gr\u00f6\u00dfe. F\u00fcr Haushalte\\\/B\u00fcros: Entdecken Sie die Freude am G\u00e4rtnern in Ihrem eigenen Zuhause mit unseren einfach zu bedienenden hydroponischen Gartensystemen. Egal, ob Sie auf einem Balkon, einer Terrasse oder in Ihrem Wohnzimmer g\u00e4rtnern m\u00f6chten \u2013 wir haben das passende System f\u00fcr Sie. Genie\u00dfen Sie frisches Gem\u00fcse, aromatische Kr\u00e4uter und farbenfrohe Blumen das ganze Jahr \u00fcber, direkt aus Ihrem hydroponischen Garten. F\u00fcr Restaurants: Steigern Sie die Qualit\u00e4t Ihrer Gerichte und beeindrucken Sie Ihre G\u00e4ste mit frischen, geschmacksintensiven Zutaten aus unserem Sortiment an hydroponischen Gartensystemen f\u00fcr den gastronomischen Bereich. Unsere Systeme sind platzsparend, effizient und einfach zu bedienen, so dass Sie Ihre eigenen Zutaten direkt in Ihrer K\u00fcche anbauen k\u00f6nnen. Erleben Sie die Freude an nachhaltigem G\u00e4rtnern und lassen Sie Ihre kulinarischen Kreationen erstrahlen. Industrielle Gro\u00dfsysteme: Optimieren Sie Ihre landwirtschaftliche Produktion mit unseren ma\u00dfgeschneiderten hydroponischen Gro\u00dfsystemen. Von vertikalen Farmen bis hin zu automatisierten Anlagen bieten wir skalierbare L\u00f6sungen f\u00fcr maximale Effizienz und Produktivit\u00e4t. Nutzen Sie die Vorteile der hydroponischen Landwirtschaft, um Ihre Ernteertr\u00e4ge zu steigern, Platz zu sparen und Ressourcen zu optimieren. Erfahren Sie, wie unsere Systeme die Zukunft der industriellen Landwirtschaft gestalten k\u00f6nnen. Bei Litrax legen wir Wert auf Qualit\u00e4t und Kundenzufriedenheit. Unsere Produkte sind sorgf\u00e4ltig ausgew\u00e4hlt, um Ihnen die besten Ergebnisse zu garantieren, und wir bieten sie zu g\u00fcnstigen Preisen an. Dank unseres eigenen Lagers in der Schweiz k\u00f6nnen wir Ihnen eine schnelle Lieferung am n\u00e4chsten Tag garantieren.\",\"legalName\":\"Resyx GmbH\",\"foundingDate\":\"2022-12-22\",\"numberOfEmployees\":{\"@type\":\"QuantitativeValue\",\"minValue\":\"1\",\"maxValue\":\"10\"}}]}<\/script>\n<meta property=\"product:price:amount\" content=\"349.00\" \/>\n<meta property=\"product:price:currency\" content=\"CHF\" \/>\n<meta property=\"og:availability\" content=\"instock\" \/>\n<meta property=\"product:availability\" content=\"instock\" \/>\n<meta property=\"product:retailer_item_id\" content=\"LX-TOWER50-HVG\" \/>\n<meta property=\"product:condition\" content=\"new\" \/>\n<!-- \/ Yoast SEO Premium plugin. -->","yoast_head_json":{"title":"Fattoria idroponica a torre: la coltivazione verticale resa facile - Litrax - Hydroponische Systeme","description":"Scopri la torre idroponica, espandibile in modo modulare fino a 50 piante! Perfetta per verdure fresche, insalate, fiori ed erbe aromatiche, pu\u00f2 essere utilizzata ovunque. \ud83c\udf31","robots":{"index":"index","follow":"follow","max-snippet":"max-snippet:-1","max-image-preview":"max-image-preview:large","max-video-preview":"max-video-preview:-1"},"canonical":"https:\/\/litrax.ch\/it\/shop\/tower-farm-28-espandibile-in-modo-modulare-kopie-2\/","og_locale":"it_IT","og_type":"article","og_title":"Torre da giardino 50","og_description":"Scopri la torre idroponica, espandibile in modo modulare fino a 50 piante! Perfetta per verdure fresche, insalate, fiori ed erbe aromatiche, pu\u00f2 essere utilizzata ovunque. \ud83c\udf31","og_url":"https:\/\/litrax.ch\/it\/shop\/tower-farm-28-espandibile-in-modo-modulare-kopie-2\/","og_site_name":"Litrax - Hydroponische Systeme","article_publisher":"https:\/\/www.facebook.com\/Litrax.ch","article_modified_time":"2026-03-24T20:44:13+00:00","og_image":[{"width":1800,"height":1500,"url":"https:\/\/litrax.ch\/wp-content\/uploads\/2025\/10\/LX-TOWER50-HVG.Gartenturm-50-5-e1774357922702.png","type":"image\/png"}],"twitter_card":"summary_large_image","twitter_misc":{"Prezzo":"&#67;&#72;&#70;&nbsp;349.00","Disponibilit\u00e0":"In stock"},"schema":{"@context":"https:\/\/schema.org","@graph":[{"@type":"WebPage","@id":"https:\/\/litrax.ch\/it\/shop\/tower-farm-28-espandibile-in-modo-modulare-kopie-2\/","url":"https:\/\/litrax.ch\/it\/shop\/tower-farm-28-espandibile-in-modo-modulare-kopie-2\/","name":"Fattoria idroponica a torre: la coltivazione verticale resa facile - Litrax - Hydroponische Systeme","isPartOf":{"@id":"https:\/\/litrax.ch\/it\/#website"},"primaryImageOfPage":{"@id":"https:\/\/litrax.ch\/it\/shop\/tower-farm-28-espandibile-in-modo-modulare-kopie-2\/#primaryimage"},"image":{"@id":"https:\/\/litrax.ch\/it\/shop\/tower-farm-28-espandibile-in-modo-modulare-kopie-2\/#primaryimage"},"thumbnailUrl":"https:\/\/litrax.ch\/wp-content\/uploads\/2025\/10\/LX-TOWER50-HVG.Gartenturm-50-5-e1774357922702.png","datePublished":"2025-10-27T14:53:21+00:00","dateModified":"2026-03-24T20:44:13+00:00","description":"Scopri la torre idroponica, espandibile in modo modulare fino a 50 piante! Perfetta per verdure fresche, insalate, fiori ed erbe aromatiche, pu\u00f2 essere utilizzata ovunque. \ud83c\udf31","breadcrumb":{"@id":"https:\/\/litrax.ch\/it\/shop\/tower-farm-28-espandibile-in-modo-modulare-kopie-2\/#breadcrumb"},"inLanguage":"it-IT","potentialAction":[{"@type":"ReadAction","target":["https:\/\/litrax.ch\/it\/shop\/tower-farm-28-espandibile-in-modo-modulare-kopie-2\/"]}]},{"@type":"ImageObject","inLanguage":"it-IT","@id":"https:\/\/litrax.ch\/it\/shop\/tower-farm-28-espandibile-in-modo-modulare-kopie-2\/#primaryimage","url":"https:\/\/litrax.ch\/wp-content\/uploads\/2025\/10\/LX-TOWER50-HVG.Gartenturm-50-5-e1774357922702.png","contentUrl":"https:\/\/litrax.ch\/wp-content\/uploads\/2025\/10\/LX-TOWER50-HVG.Gartenturm-50-5-e1774357922702.png","width":1800,"height":1500},{"@type":"BreadcrumbList","@id":"https:\/\/litrax.ch\/it\/shop\/tower-farm-28-espandibile-in-modo-modulare-kopie-2\/#breadcrumb","itemListElement":[{"@type":"ListItem","position":1,"name":"Startseite","item":"https:\/\/litrax.ch\/it\/casa\/"},{"@type":"ListItem","position":2,"name":"Negozio","item":"https:\/\/litrax.ch\/it\/negozio\/"},{"@type":"ListItem","position":3,"name":"Torre da giardino 50"}]},{"@type":"WebSite","@id":"https:\/\/litrax.ch\/it\/#website","url":"https:\/\/litrax.ch\/it\/","name":"Litrax - Hydroponische Systeme","description":"Erlebe Hydroponik - der erdlose Gartengenuss.","publisher":{"@id":"https:\/\/litrax.ch\/it\/#organization"},"alternateName":"Litrax","potentialAction":[{"@type":"SearchAction","target":{"@type":"EntryPoint","urlTemplate":"https:\/\/litrax.ch\/it\/?s={search_term_string}"},"query-input":{"@type":"PropertyValueSpecification","valueRequired":true,"valueName":"search_term_string"}}],"inLanguage":"it-IT"},{"@type":"Organization","@id":"https:\/\/litrax.ch\/it\/#organization","name":"Litrax - Hydroponische Systeme","alternateName":"Litrax","url":"https:\/\/litrax.ch\/it\/","logo":{"@type":"ImageObject","inLanguage":"it-IT","@id":"https:\/\/litrax.ch\/it\/#\/schema\/logo\/image\/","url":"https:\/\/litrax.ch\/wp-content\/uploads\/2024\/03\/facivon.png","contentUrl":"https:\/\/litrax.ch\/wp-content\/uploads\/2024\/03\/facivon.png","width":150,"height":150,"caption":"Litrax - Hydroponische Systeme"},"image":{"@id":"https:\/\/litrax.ch\/it\/#\/schema\/logo\/image\/"},"sameAs":["https:\/\/www.facebook.com\/Litrax.ch","https:\/\/www.instagram.com\/litrax.ch\/","https:\/\/www.tiktok.com\/@litrax.ch"],"description":"Willkommen bei Litrax \u2013 Ihrem f\u00fchrenden Online-Shop f\u00fcr hochwertige hydroponische Gartensysteme! Wir bieten eine breite Palette an L\u00f6sungen f\u00fcr Privatpersonen, Restaurants und industrielle Gro\u00dfsysteme, um Ihnen zu helfen, Ihre eigene gr\u00fcne Oase zu schaffen, unabh\u00e4ngig von Ihrem Bedarf oder Ihrer Gr\u00f6\u00dfe. F\u00fcr Haushalte\/B\u00fcros: Entdecken Sie die Freude am G\u00e4rtnern in Ihrem eigenen Zuhause mit unseren einfach zu bedienenden hydroponischen Gartensystemen. Egal, ob Sie auf einem Balkon, einer Terrasse oder in Ihrem Wohnzimmer g\u00e4rtnern m\u00f6chten \u2013 wir haben das passende System f\u00fcr Sie. Genie\u00dfen Sie frisches Gem\u00fcse, aromatische Kr\u00e4uter und farbenfrohe Blumen das ganze Jahr \u00fcber, direkt aus Ihrem hydroponischen Garten. F\u00fcr Restaurants: Steigern Sie die Qualit\u00e4t Ihrer Gerichte und beeindrucken Sie Ihre G\u00e4ste mit frischen, geschmacksintensiven Zutaten aus unserem Sortiment an hydroponischen Gartensystemen f\u00fcr den gastronomischen Bereich. Unsere Systeme sind platzsparend, effizient und einfach zu bedienen, so dass Sie Ihre eigenen Zutaten direkt in Ihrer K\u00fcche anbauen k\u00f6nnen. Erleben Sie die Freude an nachhaltigem G\u00e4rtnern und lassen Sie Ihre kulinarischen Kreationen erstrahlen. Industrielle Gro\u00dfsysteme: Optimieren Sie Ihre landwirtschaftliche Produktion mit unseren ma\u00dfgeschneiderten hydroponischen Gro\u00dfsystemen. Von vertikalen Farmen bis hin zu automatisierten Anlagen bieten wir skalierbare L\u00f6sungen f\u00fcr maximale Effizienz und Produktivit\u00e4t. Nutzen Sie die Vorteile der hydroponischen Landwirtschaft, um Ihre Ernteertr\u00e4ge zu steigern, Platz zu sparen und Ressourcen zu optimieren. Erfahren Sie, wie unsere Systeme die Zukunft der industriellen Landwirtschaft gestalten k\u00f6nnen. Bei Litrax legen wir Wert auf Qualit\u00e4t und Kundenzufriedenheit. Unsere Produkte sind sorgf\u00e4ltig ausgew\u00e4hlt, um Ihnen die besten Ergebnisse zu garantieren, und wir bieten sie zu g\u00fcnstigen Preisen an. Dank unseres eigenen Lagers in der Schweiz k\u00f6nnen wir Ihnen eine schnelle Lieferung am n\u00e4chsten Tag garantieren.","legalName":"Resyx GmbH","foundingDate":"2022-12-22","numberOfEmployees":{"@type":"QuantitativeValue","minValue":"1","maxValue":"10"}}]},"product_price_amount":"349.00","product_price_currency":"CHF","og_availability":"instock","product_availability":"instock","product_retailer_item_id":"LX-TOWER50-HVG","product_condition":"new"},"_links":{"self":[{"href":"https:\/\/litrax.ch\/it\/wp-json\/wp\/v2\/product\/24768","targetHints":{"allow":["GET"]}}],"collection":[{"href":"https:\/\/litrax.ch\/it\/wp-json\/wp\/v2\/product"}],"about":[{"href":"https:\/\/litrax.ch\/it\/wp-json\/wp\/v2\/types\/product"}],"replies":[{"embeddable":true,"href":"https:\/\/litrax.ch\/it\/wp-json\/wp\/v2\/comments?post=24768"}],"wp:featuredmedia":[{"embeddable":true,"href":"https:\/\/litrax.ch\/it\/wp-json\/wp\/v2\/media\/25722"}],"wp:attachment":[{"href":"https:\/\/litrax.ch\/it\/wp-json\/wp\/v2\/media?parent=24768"}],"wp:term":[{"taxonomy":"product_brand","embeddable":true,"href":"https:\/\/litrax.ch\/it\/wp-json\/wp\/v2\/product_brand?post=24768"},{"taxonomy":"product_cat","embeddable":true,"href":"https:\/\/litrax.ch\/it\/wp-json\/wp\/v2\/product_cat?post=24768"},{"taxonomy":"product_tag","embeddable":true,"href":"https:\/\/litrax.ch\/it\/wp-json\/wp\/v2\/product_tag?post=24768"}],"curies":[{"name":"wp","href":"https:\/\/api.w.org\/{rel}","templated":true}]}}