{"id":25565,"date":"2026-03-23T13:12:13","date_gmt":"2026-03-23T13:12:13","guid":{"rendered":"https:\/\/litrax.ch\/?post_type=product&#038;p=25565"},"modified":"2026-04-07T11:08:25","modified_gmt":"2026-04-07T11:08:25","slug":"sheila-giardino-smart-17-kopie","status":"publish","type":"product","link":"https:\/\/litrax.ch\/it\/shop\/sheila-giardino-smart-17-kopie\/","title":{"rendered":"PHOENIX Smart Garden 16"},"content":{"rendered":"<p dir=\"auto\">PHOENIX Smart Garden 16 &#8211; Giardino idroponico da interno con 16 baccelli, luce di crescita a LED, modalit\u00e0 germoglio e 3 modalit\u00e0<\/p>\n<h2 dir=\"auto\"><strong>Erbe fresche, insalata e fiori tutto l&#8217;anno \u2013 direttamente nella tua cucina!<\/strong><\/h2>\n<p dir=\"auto\">Il <strong>PHOENIX Smart Garden 16<\/strong> (articolo LX244) \u00e8 il sistema idroponico intelligente a 16 elementi per tutti coloro che vogliono raccogliere senza terra, senza stress e <strong>6\u00d7 pi\u00f9 velocemente<\/strong>.<\/p>\n<p dir=\"auto\"><strong>Raddoppia il raccolto grazie all&#8217;ingegnoso design a due strati<\/strong><br \/>\nColtiva le tue piante preferite nella parte superiore e fai germogliare le piantine nella parte inferiore. In questo modo raddoppi l&#8217;area di coltivazione e puoi anche illuminare piante grasse o piccoli acquari. <\/p>\n<h2 dir=\"auto\"><strong>3 modalit\u00e0 di crescita intelligenti + LED a spettro completo da 34,7 W<\/strong><\/h2>\n<ul>\n<li dir=\"auto\">La moda degli ortaggi \u2192 il verde lussureggiante<\/li>\n<li dir=\"auto\">Modalit\u00e0 Fiori e Frutti \u2192 pi\u00f9 fiori e pi\u00f9 resa<\/li>\n<li dir=\"auto\">Modalit\u00e0 germoglio \u2192 piantine pre-cresciute<\/li>\n<li dir=\"auto\">Il LED regolabile in altezza (fino a 66,7 cm) pu\u00f2 essere ruotato di 180\u00b0 e raggiunge perfettamente ogni pianta.<\/li>\n<\/ul>\n<p dir=\"auto\"><strong>Circolazione dell&#8217;acqua ultra-silenziosa (&lt; 20 dB)<\/strong><br \/>\nPompa automatica ogni 30 minuti, ossigeno extra per radici forti, ampio serbatoio dell&#8217;acqua con finestra di visualizzazione: puoi sempre vedere il livello dell&#8217;acqua e la crescita delle radici.<\/p>\n<p dir=\"auto\"><strong>Intelligente e senza preoccupazioni<\/strong><br \/>\nFunzionamento smart touch, chip intelligente, protezione contro l&#8217;interruzione di corrente e materiale ABS di alta qualit\u00e0. Interruzione di corrente? Le tue piante cresceranno comunque.  <\/p>\n<p dir=\"auto\"><strong>Regalo perfetto e ideale per<\/strong><br \/>\nmamme, pap\u00e0, giardinieri, cuochi, studenti e bambini. Non sono inclusi semi: basta piantare le tue variet\u00e0 preferite. <\/p>\n<p dir=\"auto\"><strong>Caratteristiche tecniche<\/strong><\/p>\n<ul>\n<li dir=\"auto\">16 Baccelli<\/li>\n<li dir=\"auto\">Altezza regolabile 33,5-66,7 cm<\/li>\n<li dir=\"auto\">Peso di soli 3,1 kg<\/li>\n<li dir=\"auto\">Dimensioni: 52 \u00d7 23 \u00d7 33,5-66,7 cm<\/li>\n<\/ul>\n<p dir=\"auto\">Con <strong>PHOENIX Smart Garden 16<\/strong> puoi portare la freschezza della fattoria a casa tua, senza avere un balcone o un giardino.<\/p>\n<p dir=\"auto\"><strong>Ordina ora e raccogli in poche settimane!<\/strong> \ud83c\udf31<\/p>\n","protected":false},"excerpt":{"rendered":"<p>PHOENIX Smart Garden 16 &#8211; Giardino idroponico da interno con 16 baccelli, luce di crescita a LED, modalit\u00e0 germoglio e 3 modalit\u00e0 Erbe fresche, insalata e fiori tutto l&#8217;anno \u2013 direttamente nella tua cucina! Il PHOENIX Smart Garden 16 (articolo LX244) \u00e8 il sistema idroponico intelligente a 16 elementi per tutti coloro che vogliono raccogliere [&hellip;]<\/p>\n","protected":false},"featured_media":25607,"comment_status":"open","ping_status":"closed","template":"","meta":[],"product_brand":[],"product_cat":[125],"product_tag":[755,399],"class_list":{"0":"post-25565","1":"product","2":"type-product","3":"status-publish","4":"has-post-thumbnail","6":"product_cat-idroponica","7":"product_tag-indoor-it-2","8":"product_tag-gastronomia","10":"first","11":"instock","12":"taxable","13":"shipping-taxable","14":"purchasable","15":"product-type-simple"},"yoast_head":"<!-- This site is optimized with the Yoast SEO Premium plugin v26.7 (Yoast SEO v27.4) - https:\/\/yoast.com\/product\/yoast-seo-premium-wordpress\/ -->\n<title>PHOENIX Smart Garden 16 - Litrax - Hydroponische Systeme<\/title>\n<meta name=\"description\" content=\"PHOENIX Smart Garden 16 - verdure ed erbe fresche ogni giorno con il sistema Dual: sotto crescono i germogli in modalit\u00e0 Sprout, mentre sopra le piante maturano\" \/>\n<meta name=\"robots\" content=\"index, follow, max-snippet:-1, max-image-preview:large, max-video-preview:-1\" \/>\n<link rel=\"canonical\" href=\"https:\/\/litrax.ch\/it\/shop\/sheila-giardino-smart-17-kopie\/\" \/>\n<meta property=\"og:locale\" content=\"it_IT\" \/>\n<meta property=\"og:type\" content=\"article\" \/>\n<meta property=\"og:title\" content=\"PHOENIX Smart Garden 16\" \/>\n<meta property=\"og:description\" content=\"PHOENIX Smart Garden 16 - verdure ed erbe fresche ogni giorno con il sistema Dual: sotto crescono i germogli in modalit\u00e0 Sprout, mentre sopra le piante maturano\" \/>\n<meta property=\"og:url\" content=\"https:\/\/litrax.ch\/it\/shop\/sheila-giardino-smart-17-kopie\/\" \/>\n<meta property=\"og:site_name\" content=\"Litrax - Hydroponische Systeme\" \/>\n<meta property=\"article:publisher\" content=\"https:\/\/www.facebook.com\/Litrax.ch\" \/>\n<meta property=\"article:modified_time\" content=\"2026-04-07T11:08:25+00:00\" \/>\n<meta property=\"og:image\" content=\"https:\/\/litrax.ch\/wp-content\/uploads\/2026\/03\/LX244-W-PHOENIX-16b-e1774356794850.png\" \/>\n\t<meta property=\"og:image:width\" content=\"1400\" \/>\n\t<meta property=\"og:image:height\" content=\"900\" \/>\n\t<meta property=\"og:image:type\" content=\"image\/png\" \/>\n<meta name=\"twitter:card\" content=\"summary_large_image\" \/>\n<meta name=\"twitter:label1\" content=\"Prezzo\" \/>\n\t<meta name=\"twitter:data1\" content=\"&#067;&#072;&#070;&nbsp;169.00\" \/>\n\t<meta name=\"twitter:label2\" content=\"Disponibilit\u00e0\" \/>\n\t<meta name=\"twitter:data2\" content=\"In stock\" \/>\n<script type=\"application\/ld+json\" class=\"yoast-schema-graph\">{\"@context\":\"https:\\\/\\\/schema.org\",\"@graph\":[{\"@type\":\"WebPage\",\"@id\":\"https:\\\/\\\/litrax.ch\\\/it\\\/shop\\\/sheila-giardino-smart-17-kopie\\\/\",\"url\":\"https:\\\/\\\/litrax.ch\\\/it\\\/shop\\\/sheila-giardino-smart-17-kopie\\\/\",\"name\":\"PHOENIX Smart Garden 16 - Litrax - Hydroponische Systeme\",\"isPartOf\":{\"@id\":\"https:\\\/\\\/litrax.ch\\\/it\\\/#website\"},\"primaryImageOfPage\":{\"@id\":\"https:\\\/\\\/litrax.ch\\\/it\\\/shop\\\/sheila-giardino-smart-17-kopie\\\/#primaryimage\"},\"image\":{\"@id\":\"https:\\\/\\\/litrax.ch\\\/it\\\/shop\\\/sheila-giardino-smart-17-kopie\\\/#primaryimage\"},\"thumbnailUrl\":\"https:\\\/\\\/litrax.ch\\\/wp-content\\\/uploads\\\/2026\\\/03\\\/LX244-W-PHOENIX-16b-e1774356794850.png\",\"datePublished\":\"2026-03-23T13:12:13+00:00\",\"dateModified\":\"2026-04-07T11:08:25+00:00\",\"description\":\"PHOENIX Smart Garden 16 - verdure ed erbe fresche ogni giorno con il sistema Dual: sotto crescono i germogli in modalit\u00e0 Sprout, mentre sopra le piante maturano\",\"breadcrumb\":{\"@id\":\"https:\\\/\\\/litrax.ch\\\/it\\\/shop\\\/sheila-giardino-smart-17-kopie\\\/#breadcrumb\"},\"inLanguage\":\"it-IT\",\"potentialAction\":[{\"@type\":\"ReadAction\",\"target\":[\"https:\\\/\\\/litrax.ch\\\/it\\\/shop\\\/sheila-giardino-smart-17-kopie\\\/\"]}]},{\"@type\":\"ImageObject\",\"inLanguage\":\"it-IT\",\"@id\":\"https:\\\/\\\/litrax.ch\\\/it\\\/shop\\\/sheila-giardino-smart-17-kopie\\\/#primaryimage\",\"url\":\"https:\\\/\\\/litrax.ch\\\/wp-content\\\/uploads\\\/2026\\\/03\\\/LX244-W-PHOENIX-16b-e1774356794850.png\",\"contentUrl\":\"https:\\\/\\\/litrax.ch\\\/wp-content\\\/uploads\\\/2026\\\/03\\\/LX244-W-PHOENIX-16b-e1774356794850.png\",\"width\":1400,\"height\":900,\"caption\":\"PHOENIX Smart Garden 16\"},{\"@type\":\"BreadcrumbList\",\"@id\":\"https:\\\/\\\/litrax.ch\\\/it\\\/shop\\\/sheila-giardino-smart-17-kopie\\\/#breadcrumb\",\"itemListElement\":[{\"@type\":\"ListItem\",\"position\":1,\"name\":\"Startseite\",\"item\":\"https:\\\/\\\/litrax.ch\\\/it\\\/casa\\\/\"},{\"@type\":\"ListItem\",\"position\":2,\"name\":\"Negozio\",\"item\":\"https:\\\/\\\/litrax.ch\\\/it\\\/negozio\\\/\"},{\"@type\":\"ListItem\",\"position\":3,\"name\":\"PHOENIX Smart Garden 16\"}]},{\"@type\":\"WebSite\",\"@id\":\"https:\\\/\\\/litrax.ch\\\/it\\\/#website\",\"url\":\"https:\\\/\\\/litrax.ch\\\/it\\\/\",\"name\":\"Litrax - Hydroponische Systeme\",\"description\":\"Erlebe Hydroponik - der erdlose Gartengenuss.\",\"publisher\":{\"@id\":\"https:\\\/\\\/litrax.ch\\\/it\\\/#organization\"},\"alternateName\":\"Litrax\",\"potentialAction\":[{\"@type\":\"SearchAction\",\"target\":{\"@type\":\"EntryPoint\",\"urlTemplate\":\"https:\\\/\\\/litrax.ch\\\/it\\\/?s={search_term_string}\"},\"query-input\":{\"@type\":\"PropertyValueSpecification\",\"valueRequired\":true,\"valueName\":\"search_term_string\"}}],\"inLanguage\":\"it-IT\"},{\"@type\":\"Organization\",\"@id\":\"https:\\\/\\\/litrax.ch\\\/it\\\/#organization\",\"name\":\"Litrax - Hydroponische Systeme\",\"alternateName\":\"Litrax\",\"url\":\"https:\\\/\\\/litrax.ch\\\/it\\\/\",\"logo\":{\"@type\":\"ImageObject\",\"inLanguage\":\"it-IT\",\"@id\":\"https:\\\/\\\/litrax.ch\\\/it\\\/#\\\/schema\\\/logo\\\/image\\\/\",\"url\":\"https:\\\/\\\/litrax.ch\\\/wp-content\\\/uploads\\\/2024\\\/03\\\/facivon.png\",\"contentUrl\":\"https:\\\/\\\/litrax.ch\\\/wp-content\\\/uploads\\\/2024\\\/03\\\/facivon.png\",\"width\":150,\"height\":150,\"caption\":\"Litrax - Hydroponische Systeme\"},\"image\":{\"@id\":\"https:\\\/\\\/litrax.ch\\\/it\\\/#\\\/schema\\\/logo\\\/image\\\/\"},\"sameAs\":[\"https:\\\/\\\/www.facebook.com\\\/Litrax.ch\",\"https:\\\/\\\/www.instagram.com\\\/litrax.ch\\\/\",\"https:\\\/\\\/www.tiktok.com\\\/@litrax.ch\"],\"description\":\"Willkommen bei Litrax \u2013 Ihrem f\u00fchrenden Online-Shop f\u00fcr hochwertige hydroponische Gartensysteme! Wir bieten eine breite Palette an L\u00f6sungen f\u00fcr Privatpersonen, Restaurants und industrielle Gro\u00dfsysteme, um Ihnen zu helfen, Ihre eigene gr\u00fcne Oase zu schaffen, unabh\u00e4ngig von Ihrem Bedarf oder Ihrer Gr\u00f6\u00dfe. F\u00fcr Haushalte\\\/B\u00fcros: Entdecken Sie die Freude am G\u00e4rtnern in Ihrem eigenen Zuhause mit unseren einfach zu bedienenden hydroponischen Gartensystemen. Egal, ob Sie auf einem Balkon, einer Terrasse oder in Ihrem Wohnzimmer g\u00e4rtnern m\u00f6chten \u2013 wir haben das passende System f\u00fcr Sie. Genie\u00dfen Sie frisches Gem\u00fcse, aromatische Kr\u00e4uter und farbenfrohe Blumen das ganze Jahr \u00fcber, direkt aus Ihrem hydroponischen Garten. F\u00fcr Restaurants: Steigern Sie die Qualit\u00e4t Ihrer Gerichte und beeindrucken Sie Ihre G\u00e4ste mit frischen, geschmacksintensiven Zutaten aus unserem Sortiment an hydroponischen Gartensystemen f\u00fcr den gastronomischen Bereich. Unsere Systeme sind platzsparend, effizient und einfach zu bedienen, so dass Sie Ihre eigenen Zutaten direkt in Ihrer K\u00fcche anbauen k\u00f6nnen. Erleben Sie die Freude an nachhaltigem G\u00e4rtnern und lassen Sie Ihre kulinarischen Kreationen erstrahlen. Industrielle Gro\u00dfsysteme: Optimieren Sie Ihre landwirtschaftliche Produktion mit unseren ma\u00dfgeschneiderten hydroponischen Gro\u00dfsystemen. Von vertikalen Farmen bis hin zu automatisierten Anlagen bieten wir skalierbare L\u00f6sungen f\u00fcr maximale Effizienz und Produktivit\u00e4t. Nutzen Sie die Vorteile der hydroponischen Landwirtschaft, um Ihre Ernteertr\u00e4ge zu steigern, Platz zu sparen und Ressourcen zu optimieren. Erfahren Sie, wie unsere Systeme die Zukunft der industriellen Landwirtschaft gestalten k\u00f6nnen. Bei Litrax legen wir Wert auf Qualit\u00e4t und Kundenzufriedenheit. Unsere Produkte sind sorgf\u00e4ltig ausgew\u00e4hlt, um Ihnen die besten Ergebnisse zu garantieren, und wir bieten sie zu g\u00fcnstigen Preisen an. Dank unseres eigenen Lagers in der Schweiz k\u00f6nnen wir Ihnen eine schnelle Lieferung am n\u00e4chsten Tag garantieren.\",\"legalName\":\"Resyx GmbH\",\"foundingDate\":\"2022-12-22\",\"numberOfEmployees\":{\"@type\":\"QuantitativeValue\",\"minValue\":\"1\",\"maxValue\":\"10\"}}]}<\/script>\n<meta property=\"og:video\" content=\"https:\/\/www.youtube.com\/embed\/2p9vVtmUlDk\" \/>\n<meta property=\"og:video:type\" content=\"text\/html\" \/>\n<meta property=\"og:video:duration\" content=\"59\" \/>\n<meta property=\"og:video:width\" content=\"480\" \/>\n<meta property=\"og:video:height\" content=\"270\" \/>\n<meta property=\"ya:ovs:adult\" content=\"false\" \/>\n<meta property=\"ya:ovs:upload_date\" content=\"2026-03-23T13:12:13+00:00\" \/>\n<meta property=\"ya:ovs:allow_embed\" content=\"true\" \/>\n<meta property=\"product:price:amount\" content=\"169.00\" \/>\n<meta property=\"product:price:currency\" content=\"CHF\" \/>\n<meta property=\"og:availability\" content=\"instock\" \/>\n<meta property=\"product:availability\" content=\"instock\" \/>\n<meta property=\"product:retailer_item_id\" content=\"LX244-W\" \/>\n<meta property=\"product:condition\" content=\"new\" \/>\n<!-- \/ Yoast SEO Premium plugin. -->","yoast_head_json":{"title":"PHOENIX Smart Garden 16 - Litrax - Hydroponische Systeme","description":"PHOENIX Smart Garden 16 - verdure ed erbe fresche ogni giorno con il sistema Dual: sotto crescono i germogli in modalit\u00e0 Sprout, mentre sopra le piante maturano","robots":{"index":"index","follow":"follow","max-snippet":"max-snippet:-1","max-image-preview":"max-image-preview:large","max-video-preview":"max-video-preview:-1"},"canonical":"https:\/\/litrax.ch\/it\/shop\/sheila-giardino-smart-17-kopie\/","og_locale":"it_IT","og_type":"article","og_title":"PHOENIX Smart Garden 16","og_description":"PHOENIX Smart Garden 16 - verdure ed erbe fresche ogni giorno con il sistema Dual: sotto crescono i germogli in modalit\u00e0 Sprout, mentre sopra le piante maturano","og_url":"https:\/\/litrax.ch\/it\/shop\/sheila-giardino-smart-17-kopie\/","og_site_name":"Litrax - Hydroponische Systeme","article_publisher":"https:\/\/www.facebook.com\/Litrax.ch","article_modified_time":"2026-04-07T11:08:25+00:00","og_image":[{"width":1400,"height":900,"url":"https:\/\/litrax.ch\/wp-content\/uploads\/2026\/03\/LX244-W-PHOENIX-16b-e1774356794850.png","type":"image\/png"}],"twitter_card":"summary_large_image","twitter_misc":{"Prezzo":"&#67;&#72;&#70;&nbsp;169.00","Disponibilit\u00e0":"In stock"},"schema":{"@context":"https:\/\/schema.org","@graph":[{"@type":"WebPage","@id":"https:\/\/litrax.ch\/it\/shop\/sheila-giardino-smart-17-kopie\/","url":"https:\/\/litrax.ch\/it\/shop\/sheila-giardino-smart-17-kopie\/","name":"PHOENIX Smart Garden 16 - Litrax - Hydroponische Systeme","isPartOf":{"@id":"https:\/\/litrax.ch\/it\/#website"},"primaryImageOfPage":{"@id":"https:\/\/litrax.ch\/it\/shop\/sheila-giardino-smart-17-kopie\/#primaryimage"},"image":{"@id":"https:\/\/litrax.ch\/it\/shop\/sheila-giardino-smart-17-kopie\/#primaryimage"},"thumbnailUrl":"https:\/\/litrax.ch\/wp-content\/uploads\/2026\/03\/LX244-W-PHOENIX-16b-e1774356794850.png","datePublished":"2026-03-23T13:12:13+00:00","dateModified":"2026-04-07T11:08:25+00:00","description":"PHOENIX Smart Garden 16 - verdure ed erbe fresche ogni giorno con il sistema Dual: sotto crescono i germogli in modalit\u00e0 Sprout, mentre sopra le piante maturano","breadcrumb":{"@id":"https:\/\/litrax.ch\/it\/shop\/sheila-giardino-smart-17-kopie\/#breadcrumb"},"inLanguage":"it-IT","potentialAction":[{"@type":"ReadAction","target":["https:\/\/litrax.ch\/it\/shop\/sheila-giardino-smart-17-kopie\/"]}]},{"@type":"ImageObject","inLanguage":"it-IT","@id":"https:\/\/litrax.ch\/it\/shop\/sheila-giardino-smart-17-kopie\/#primaryimage","url":"https:\/\/litrax.ch\/wp-content\/uploads\/2026\/03\/LX244-W-PHOENIX-16b-e1774356794850.png","contentUrl":"https:\/\/litrax.ch\/wp-content\/uploads\/2026\/03\/LX244-W-PHOENIX-16b-e1774356794850.png","width":1400,"height":900,"caption":"PHOENIX Smart Garden 16"},{"@type":"BreadcrumbList","@id":"https:\/\/litrax.ch\/it\/shop\/sheila-giardino-smart-17-kopie\/#breadcrumb","itemListElement":[{"@type":"ListItem","position":1,"name":"Startseite","item":"https:\/\/litrax.ch\/it\/casa\/"},{"@type":"ListItem","position":2,"name":"Negozio","item":"https:\/\/litrax.ch\/it\/negozio\/"},{"@type":"ListItem","position":3,"name":"PHOENIX Smart Garden 16"}]},{"@type":"WebSite","@id":"https:\/\/litrax.ch\/it\/#website","url":"https:\/\/litrax.ch\/it\/","name":"Litrax - Hydroponische Systeme","description":"Erlebe Hydroponik - der erdlose Gartengenuss.","publisher":{"@id":"https:\/\/litrax.ch\/it\/#organization"},"alternateName":"Litrax","potentialAction":[{"@type":"SearchAction","target":{"@type":"EntryPoint","urlTemplate":"https:\/\/litrax.ch\/it\/?s={search_term_string}"},"query-input":{"@type":"PropertyValueSpecification","valueRequired":true,"valueName":"search_term_string"}}],"inLanguage":"it-IT"},{"@type":"Organization","@id":"https:\/\/litrax.ch\/it\/#organization","name":"Litrax - Hydroponische Systeme","alternateName":"Litrax","url":"https:\/\/litrax.ch\/it\/","logo":{"@type":"ImageObject","inLanguage":"it-IT","@id":"https:\/\/litrax.ch\/it\/#\/schema\/logo\/image\/","url":"https:\/\/litrax.ch\/wp-content\/uploads\/2024\/03\/facivon.png","contentUrl":"https:\/\/litrax.ch\/wp-content\/uploads\/2024\/03\/facivon.png","width":150,"height":150,"caption":"Litrax - Hydroponische Systeme"},"image":{"@id":"https:\/\/litrax.ch\/it\/#\/schema\/logo\/image\/"},"sameAs":["https:\/\/www.facebook.com\/Litrax.ch","https:\/\/www.instagram.com\/litrax.ch\/","https:\/\/www.tiktok.com\/@litrax.ch"],"description":"Willkommen bei Litrax \u2013 Ihrem f\u00fchrenden Online-Shop f\u00fcr hochwertige hydroponische Gartensysteme! Wir bieten eine breite Palette an L\u00f6sungen f\u00fcr Privatpersonen, Restaurants und industrielle Gro\u00dfsysteme, um Ihnen zu helfen, Ihre eigene gr\u00fcne Oase zu schaffen, unabh\u00e4ngig von Ihrem Bedarf oder Ihrer Gr\u00f6\u00dfe. F\u00fcr Haushalte\/B\u00fcros: Entdecken Sie die Freude am G\u00e4rtnern in Ihrem eigenen Zuhause mit unseren einfach zu bedienenden hydroponischen Gartensystemen. Egal, ob Sie auf einem Balkon, einer Terrasse oder in Ihrem Wohnzimmer g\u00e4rtnern m\u00f6chten \u2013 wir haben das passende System f\u00fcr Sie. Genie\u00dfen Sie frisches Gem\u00fcse, aromatische Kr\u00e4uter und farbenfrohe Blumen das ganze Jahr \u00fcber, direkt aus Ihrem hydroponischen Garten. F\u00fcr Restaurants: Steigern Sie die Qualit\u00e4t Ihrer Gerichte und beeindrucken Sie Ihre G\u00e4ste mit frischen, geschmacksintensiven Zutaten aus unserem Sortiment an hydroponischen Gartensystemen f\u00fcr den gastronomischen Bereich. Unsere Systeme sind platzsparend, effizient und einfach zu bedienen, so dass Sie Ihre eigenen Zutaten direkt in Ihrer K\u00fcche anbauen k\u00f6nnen. Erleben Sie die Freude an nachhaltigem G\u00e4rtnern und lassen Sie Ihre kulinarischen Kreationen erstrahlen. Industrielle Gro\u00dfsysteme: Optimieren Sie Ihre landwirtschaftliche Produktion mit unseren ma\u00dfgeschneiderten hydroponischen Gro\u00dfsystemen. Von vertikalen Farmen bis hin zu automatisierten Anlagen bieten wir skalierbare L\u00f6sungen f\u00fcr maximale Effizienz und Produktivit\u00e4t. Nutzen Sie die Vorteile der hydroponischen Landwirtschaft, um Ihre Ernteertr\u00e4ge zu steigern, Platz zu sparen und Ressourcen zu optimieren. Erfahren Sie, wie unsere Systeme die Zukunft der industriellen Landwirtschaft gestalten k\u00f6nnen. Bei Litrax legen wir Wert auf Qualit\u00e4t und Kundenzufriedenheit. Unsere Produkte sind sorgf\u00e4ltig ausgew\u00e4hlt, um Ihnen die besten Ergebnisse zu garantieren, und wir bieten sie zu g\u00fcnstigen Preisen an. Dank unseres eigenen Lagers in der Schweiz k\u00f6nnen wir Ihnen eine schnelle Lieferung am n\u00e4chsten Tag garantieren.","legalName":"Resyx GmbH","foundingDate":"2022-12-22","numberOfEmployees":{"@type":"QuantitativeValue","minValue":"1","maxValue":"10"}}]},"og_video":"https:\/\/www.youtube.com\/embed\/2p9vVtmUlDk","og_video_type":"text\/html","og_video_duration":"59","og_video_width":"480","og_video_height":"270","ya_ovs_adult":"false","ya_ovs_upload_date":"2026-03-23T13:12:13+00:00","ya_ovs_allow_embed":"true","product_price_amount":"169.00","product_price_currency":"CHF","og_availability":"instock","product_availability":"instock","product_retailer_item_id":"LX244-W","product_condition":"new"},"_links":{"self":[{"href":"https:\/\/litrax.ch\/it\/wp-json\/wp\/v2\/product\/25565","targetHints":{"allow":["GET"]}}],"collection":[{"href":"https:\/\/litrax.ch\/it\/wp-json\/wp\/v2\/product"}],"about":[{"href":"https:\/\/litrax.ch\/it\/wp-json\/wp\/v2\/types\/product"}],"replies":[{"embeddable":true,"href":"https:\/\/litrax.ch\/it\/wp-json\/wp\/v2\/comments?post=25565"}],"wp:featuredmedia":[{"embeddable":true,"href":"https:\/\/litrax.ch\/it\/wp-json\/wp\/v2\/media\/25607"}],"wp:attachment":[{"href":"https:\/\/litrax.ch\/it\/wp-json\/wp\/v2\/media?parent=25565"}],"wp:term":[{"taxonomy":"product_brand","embeddable":true,"href":"https:\/\/litrax.ch\/it\/wp-json\/wp\/v2\/product_brand?post=25565"},{"taxonomy":"product_cat","embeddable":true,"href":"https:\/\/litrax.ch\/it\/wp-json\/wp\/v2\/product_cat?post=25565"},{"taxonomy":"product_tag","embeddable":true,"href":"https:\/\/litrax.ch\/it\/wp-json\/wp\/v2\/product_tag?post=25565"}],"curies":[{"name":"wp","href":"https:\/\/api.w.org\/{rel}","templated":true}]}}